{"id":9291,"date":"2021-02-25T15:48:38","date_gmt":"2021-02-25T15:48:38","guid":{"rendered":"https:\/\/www.showdowndisplays.eu\/wsparcie-marketingowe\/your-own-samples\/"},"modified":"2026-03-04T10:23:57","modified_gmt":"2026-03-04T10:23:57","slug":"twoje-wlasne-probki","status":"publish","type":"page","link":"https:\/\/www.showdowndisplays.eu\/pl\/wsparcie-marketingowe\/twoje-wlasne-probki\/","title":{"rendered":"Pr\u00f3bki i do\u015bwiadczenia produktowe"},"content":{"rendered":"\n<div class=\"wp-block-media-text alignwide is-image-fill-element is-stacked-on-mobile image-text-2\"><figure class=\"wp-block-media-text__media\"><img data-aspectratio=\"1024\/841\" src=\"data:image\/gif;base64,R0lGODlhAQABAIAAAAAAAP\/\/\/yH5BAEAAAAALAAAAAABAAEAAAIBRAA7\" decoding=\"async\" width=\"1024\" height=\"841\" data-src=\"https:\/\/www.showdowndisplays.eu\/wp-content\/uploads\/2021\/02\/Sample-box_2-1-1024x841.png\" alt=\"\" class=\"wp-image-8114 size-full lazyload\" style=\"object-position:67% 51%\" data-srcset=\"https:\/\/www.showdowndisplays.eu\/wp-content\/uploads\/2021\/02\/Sample-box_2-1-1024x841.png 1024w, https:\/\/www.showdowndisplays.eu\/wp-content\/uploads\/2021\/02\/Sample-box_2-1-329x270.png 329w, https:\/\/www.showdowndisplays.eu\/wp-content\/uploads\/2021\/02\/Sample-box_2-1-768x631.png 768w, https:\/\/www.showdowndisplays.eu\/wp-content\/uploads\/2021\/02\/Sample-box_2-1-380x312.png 380w, https:\/\/www.showdowndisplays.eu\/wp-content\/uploads\/2021\/02\/Sample-box_2-1-96x79.png 96w, https:\/\/www.showdowndisplays.eu\/wp-content\/uploads\/2021\/02\/Sample-box_2-1-200x164.png 200w, https:\/\/www.showdowndisplays.eu\/wp-content\/uploads\/2021\/02\/Sample-box_2-1.png 1222w\" sizes=\"(max-width: 1024px) 100vw, 1024px\" \/><noscript><img decoding=\"async\" width=\"1024\" height=\"841\" src=\"https:\/\/www.showdowndisplays.eu\/wp-content\/uploads\/2021\/02\/Sample-box_2-1-1024x841.png\" alt=\"\" class=\"wp-image-8114 size-full\" style=\"object-position:67% 51%\" srcset=\"https:\/\/www.showdowndisplays.eu\/wp-content\/uploads\/2021\/02\/Sample-box_2-1-1024x841.png 1024w, https:\/\/www.showdowndisplays.eu\/wp-content\/uploads\/2021\/02\/Sample-box_2-1-329x270.png 329w, https:\/\/www.showdowndisplays.eu\/wp-content\/uploads\/2021\/02\/Sample-box_2-1-768x631.png 768w, https:\/\/www.showdowndisplays.eu\/wp-content\/uploads\/2021\/02\/Sample-box_2-1-380x312.png 380w, https:\/\/www.showdowndisplays.eu\/wp-content\/uploads\/2021\/02\/Sample-box_2-1-96x79.png 96w, https:\/\/www.showdowndisplays.eu\/wp-content\/uploads\/2021\/02\/Sample-box_2-1-200x164.png 200w, https:\/\/www.showdowndisplays.eu\/wp-content\/uploads\/2021\/02\/Sample-box_2-1.png 1222w\" sizes=\"(max-width: 1024px) 100vw, 1024px\" \/><\/noscript><\/figure><div class=\"wp-block-media-text__content\">\n<h2 class=\"wp-block-heading\">Pr\u00f3bki graficzne<\/h2>\n\n\n\n<p>W P\u0159estanov (CZ) posiadamy w\u0142asn\u0105 drukarni\u0119 z szerok\u0105 gam\u0105 wysokiej jako\u015bci drukarek i w\u0142asnym dzia\u0142em konfekcjonowania. Dzi\u0119ki temu mo\u017cemy oferowa\u0107 produkt kompletny: sprz\u0119t wraz z grafik\u0105.<\/p>\n\n\n\n<p>W naszej ofercie posiadamy r\u00f3\u017cnorodne materia\u0142y, na kt\u00f3rych mo\u017cemy wydrukowa\u0107 Tw\u00f3j projekt. Informacje o materia\u0142ach i mo\u017cliwo\u015bciach nadruku znajdziesz na naszej rozk\u0142ad\u00f3wce projekt\u00f3w graficznych.<\/p>\n\n\n\n<p>Czy chcia\u0142by\u015b zdoby\u0107 namacalnie dotkn\u0105\u0107 r\u00f3\u017cnych materia\u0142\u00f3w do zadruku? To mo\u017cliwe! Mamy wzornik z pr\u00f3bkami z pr\u00f3bkami gamy naszych materia\u0142\u00f3w do zadruku, dzi\u0119ki czemu mo\u017cesz lepiej pozna\u0107 r\u00f3\u017cne opcje i jako\u015b\u0107 druku. Cho\u0107by po to, by m\u00f3c dokona\u0107 najlepszego wyboru!<\/p>\n\n\n\n<div class=\"wp-block-buttons is-layout-flex wp-block-buttons-is-layout-flex\">\n<div class=\"wp-block-button\"><a class=\"wp-block-button__link wp-element-button\" href=\"mailto:orders@showdowndisplays.eu\">Zam\u00f3w wzornik z gam\u0105 naszych materia\u0142\u00f3w do zadruku<\/a><\/div>\n<\/div>\n<\/div><\/div>\n\n\n\n<div class=\"wp-block-media-text alignwide has-media-on-the-right is-image-fill-element is-stacked-on-mobile image-text-2\"><div class=\"wp-block-media-text__content\">\n<h2 class=\"wp-block-heading\">Odwied\u017a nasz salon wystawowy<\/h2>\n\n\n\n<p>Zobaczy\u0107 to uwierzy\u0107! Odwied\u017a nasz salon wystawowy w Nederweert w Holandii<br>i poznaj osobi\u015bcie szeroki wyb\u00f3r produkt\u00f3w z naszej oferty.<\/p>\n\n\n\n<p><a href=\"https:\/\/www.showdowndisplays.eu\/pl\/showroom-in-nederweert-nl\/\" target=\"_blank\" data-type=\"link\" data-id=\"https:\/\/www.showdowndisplays.eu\/pl\/showroom-in-nederweert-nl\/\" rel=\"noreferrer noopener\">Tutaj<\/a> znajdziesz przegl\u0105d naszych bestseller\u00f3w dost\u0119pnych w salonie wystawowym w Nederweert. Odwied\u017a nas!\u00a0<strong>Zarezerwuj spotkanie ju\u017c teraz<\/strong>, a nasi specjali\u015bci ds. sprzeda\u017cy przeprowadz\u0105 Ci\u0119 przez prezentacj\u0119 produkt\u00f3w.<\/p>\n\n\n\n<div class=\"wp-block-buttons is-content-justification-center is-layout-flex wp-container-core-buttons-is-layout-16018d1d wp-block-buttons-is-layout-flex\">\n<div class=\"wp-block-button\"><a class=\"wp-block-button__link wp-element-button\" href=\"https:\/\/www.showdowndisplays.eu\/pl\/showroom-in-nederweert-nl\/\" target=\"_blank\" rel=\"noreferrer noopener\">Odwied\u017a nasz salon wystawowy<\/a><\/div>\n<\/div>\n\n\n\n<div style=\"height:20px\" aria-hidden=\"true\" class=\"wp-block-spacer\"><\/div>\n<\/div><figure class=\"wp-block-media-text__media\"><img data-aspectratio=\"1024\/683\" src=\"data:image\/gif;base64,R0lGODlhAQABAIAAAAAAAP\/\/\/yH5BAEAAAAALAAAAAABAAEAAAIBRAA7\" decoding=\"async\" width=\"1024\" height=\"683\" data-src=\"https:\/\/www.showdowndisplays.eu\/wp-content\/uploads\/2026\/03\/IMG_2915-1-1-1-1-1-1024x683.jpg\" alt=\"\" class=\"wp-image-54102 size-full lazyload\" style=\"object-position:50% 50%\" data-srcset=\"https:\/\/www.showdowndisplays.eu\/wp-content\/uploads\/2026\/03\/IMG_2915-1-1-1-1-1-1024x683.jpg 1024w, https:\/\/www.showdowndisplays.eu\/wp-content\/uploads\/2026\/03\/IMG_2915-1-1-1-1-1-405x270.jpg 405w, https:\/\/www.showdowndisplays.eu\/wp-content\/uploads\/2026\/03\/IMG_2915-1-1-1-1-1-768x512.jpg 768w, https:\/\/www.showdowndisplays.eu\/wp-content\/uploads\/2026\/03\/IMG_2915-1-1-1-1-1-1536x1024.jpg 1536w, https:\/\/www.showdowndisplays.eu\/wp-content\/uploads\/2026\/03\/IMG_2915-1-1-1-1-1-2048x1365.jpg 2048w, https:\/\/www.showdowndisplays.eu\/wp-content\/uploads\/2026\/03\/IMG_2915-1-1-1-1-1-380x253.jpg 380w, https:\/\/www.showdowndisplays.eu\/wp-content\/uploads\/2026\/03\/IMG_2915-1-1-1-1-1-96x64.jpg 96w, https:\/\/www.showdowndisplays.eu\/wp-content\/uploads\/2026\/03\/IMG_2915-1-1-1-1-1-200x133.jpg 200w\" sizes=\"(max-width: 1024px) 100vw, 1024px\" \/><noscript><img decoding=\"async\" width=\"1024\" height=\"683\" src=\"https:\/\/www.showdowndisplays.eu\/wp-content\/uploads\/2026\/03\/IMG_2915-1-1-1-1-1-1024x683.jpg\" alt=\"\" class=\"wp-image-54102 size-full\" style=\"object-position:50% 50%\" srcset=\"https:\/\/www.showdowndisplays.eu\/wp-content\/uploads\/2026\/03\/IMG_2915-1-1-1-1-1-1024x683.jpg 1024w, https:\/\/www.showdowndisplays.eu\/wp-content\/uploads\/2026\/03\/IMG_2915-1-1-1-1-1-405x270.jpg 405w, https:\/\/www.showdowndisplays.eu\/wp-content\/uploads\/2026\/03\/IMG_2915-1-1-1-1-1-768x512.jpg 768w, https:\/\/www.showdowndisplays.eu\/wp-content\/uploads\/2026\/03\/IMG_2915-1-1-1-1-1-1536x1024.jpg 1536w, https:\/\/www.showdowndisplays.eu\/wp-content\/uploads\/2026\/03\/IMG_2915-1-1-1-1-1-2048x1365.jpg 2048w, https:\/\/www.showdowndisplays.eu\/wp-content\/uploads\/2026\/03\/IMG_2915-1-1-1-1-1-380x253.jpg 380w, https:\/\/www.showdowndisplays.eu\/wp-content\/uploads\/2026\/03\/IMG_2915-1-1-1-1-1-96x64.jpg 96w, https:\/\/www.showdowndisplays.eu\/wp-content\/uploads\/2026\/03\/IMG_2915-1-1-1-1-1-200x133.jpg 200w\" sizes=\"(max-width: 1024px) 100vw, 1024px\" \/><\/noscript><\/figure><\/div>\n\n\n\n<div class=\"wp-block-media-text alignwide is-image-fill-element is-stacked-on-mobile image-text-2\"><figure class=\"wp-block-media-text__media\"><img data-aspectratio=\"597\/1024\" src=\"data:image\/gif;base64,R0lGODlhAQABAIAAAAAAAP\/\/\/yH5BAEAAAAALAAAAAABAAEAAAIBRAA7\" decoding=\"async\" width=\"597\" height=\"1024\" data-src=\"https:\/\/www.showdowndisplays.eu\/wp-content\/uploads\/2021\/06\/Visual-3-Showroom-597x1024.jpg\" alt=\"\" class=\"wp-image-12187 size-full lazyload\" style=\"object-position:50% 50%\" data-srcset=\"https:\/\/www.showdowndisplays.eu\/wp-content\/uploads\/2021\/06\/Visual-3-Showroom-597x1024.jpg 597w, https:\/\/www.showdowndisplays.eu\/wp-content\/uploads\/2021\/06\/Visual-3-Showroom-158x270.jpg 158w, https:\/\/www.showdowndisplays.eu\/wp-content\/uploads\/2021\/06\/Visual-3-Showroom-257x440.jpg 257w, https:\/\/www.showdowndisplays.eu\/wp-content\/uploads\/2021\/06\/Visual-3-Showroom-96x165.jpg 96w, https:\/\/www.showdowndisplays.eu\/wp-content\/uploads\/2021\/06\/Visual-3-Showroom-117x200.jpg 117w, https:\/\/www.showdowndisplays.eu\/wp-content\/uploads\/2021\/06\/Visual-3-Showroom.jpg 700w\" sizes=\"(max-width: 597px) 100vw, 597px\" \/><noscript><img decoding=\"async\" width=\"597\" height=\"1024\" src=\"https:\/\/www.showdowndisplays.eu\/wp-content\/uploads\/2021\/06\/Visual-3-Showroom-597x1024.jpg\" alt=\"\" class=\"wp-image-12187 size-full\" style=\"object-position:50% 50%\" srcset=\"https:\/\/www.showdowndisplays.eu\/wp-content\/uploads\/2021\/06\/Visual-3-Showroom-597x1024.jpg 597w, https:\/\/www.showdowndisplays.eu\/wp-content\/uploads\/2021\/06\/Visual-3-Showroom-158x270.jpg 158w, https:\/\/www.showdowndisplays.eu\/wp-content\/uploads\/2021\/06\/Visual-3-Showroom-257x440.jpg 257w, https:\/\/www.showdowndisplays.eu\/wp-content\/uploads\/2021\/06\/Visual-3-Showroom-96x165.jpg 96w, https:\/\/www.showdowndisplays.eu\/wp-content\/uploads\/2021\/06\/Visual-3-Showroom-117x200.jpg 117w, https:\/\/www.showdowndisplays.eu\/wp-content\/uploads\/2021\/06\/Visual-3-Showroom.jpg 700w\" sizes=\"(max-width: 597px) 100vw, 597px\" \/><\/noscript><\/figure><div class=\"wp-block-media-text__content\">\n<h2 class=\"wp-block-heading\">Pr\u00f3bki produkt\u00f3w na potrzeby showroomu ze zni\u017ck\u0105<\/h2>\n\n\n\n<p>Czy masz w\u0142asny salon wystawowy, w kt\u00f3rym Twoje produkty mog\u0105 ol\u015bniewa\u0107 klient\u00f3w? A mo\u017ce wkr\u00f3tce b\u0119dziesz uczestniczy\u0107 w wydarzeniu promuj\u0105cym sw\u00f3j asortyment? Mamy dla Ciebie co\u015b interesuj\u0105cego!<\/p>\n\n\n\n<p>Jedn\u0105 z naszych najnowszych us\u0142ug jest pakiet promocyjny Showroom. Oznacza on, \u017ce otrzymujesz rabat na kompletny produkt, w tym grafik\u0119, gdy u\u017cywasz podukt\u00f3w w swoim salonie lub gdy bierzesz udzia\u0142 w wydarzeniu promocyjnym. W ten spos\u00f3b zach\u0119camy do promocji w\u0142asnego asortymentu. Twoi klienci uzyskaj\u0105 dzi\u0119ki temu jeszcze lepsze wyobra\u017cenie o opcjach r\u00f3\u017cnych produkt\u00f3w.<\/p>\n\n\n\n<p>Dla promocji obowi\u0105zuje:<\/p>\n\n\n\n<ul class=\"wp-block-list\">\n<li>Grafika z w\u0142asnym logo<\/li>\n\n\n\n<li>Z wy\u0142\u0105czeniem koszt\u00f3w transportu<\/li>\n\n\n\n<li>Nie dotyczy serii Digital Display<\/li>\n\n\n\n<li>Mo\u017cliwe tylko wtedy, gdy produkt jest dost\u0119pny w magazynie<\/li>\n<\/ul>\n\n\n\n<p><strong>Czy masz jakie\u015b pytania dotycz\u0105ce naszego pakietu promocyjnego Showroom? Je\u015bli tak, prosimy skontaktuj si\u0119 z dedykowanym zespo\u0142em sprzeda\u017cy.<\/strong><\/p>\n\n\n\n<div style=\"height:20px\" aria-hidden=\"true\" class=\"wp-block-spacer\"><\/div>\n<\/div><\/div>\n\n\n\n<div style=\"height:20px\" aria-hidden=\"true\" class=\"wp-block-spacer\"><\/div>\n\n\n\n<h2 class=\"wp-block-heading has-text-align-center\">Powi\u0105zane strony<\/h2>\n\n\n    <div class=\"marketing\">\r\n                                <div class=\"marketing__item marketing__item--4\">\r\n\r\n                <div class=\"marketing__image\">\r\n                    <img data-aspectratio=\"380\/238\" decoding=\"async\" width=\"380\" height=\"238\" data-aspectratio=\"380\/238\" src=\"data:image\/gif;base64,R0lGODlhAQABAIAAAAAAAP\/\/\/yH5BAEAAAAALAAAAAABAAEAAAIBRAA7\" data-src=\"https:\/\/www.showdowndisplays.eu\/wp-content\/uploads\/2021\/01\/Product-photos-and-videos-3-380x238.jpg\" class=\"attachment-about-us size-about-us lazyload\" alt=\" width\" data-srcset=\"https:\/\/www.showdowndisplays.eu\/wp-content\/uploads\/2021\/01\/Product-photos-and-videos-3-380x238.jpg 380w, https:\/\/www.showdowndisplays.eu\/wp-content\/uploads\/2021\/01\/Product-photos-and-videos-3-432x270.jpg 432w, https:\/\/www.showdowndisplays.eu\/wp-content\/uploads\/2021\/01\/Product-photos-and-videos-3-1024x640.jpg 1024w, https:\/\/www.showdowndisplays.eu\/wp-content\/uploads\/2021\/01\/Product-photos-and-videos-3-768x480.jpg 768w, https:\/\/www.showdowndisplays.eu\/wp-content\/uploads\/2021\/01\/Product-photos-and-videos-3-1536x960.jpg 1536w, https:\/\/www.showdowndisplays.eu\/wp-content\/uploads\/2021\/01\/Product-photos-and-videos-3-96x60.jpg 96w, https:\/\/www.showdowndisplays.eu\/wp-content\/uploads\/2021\/01\/Product-photos-and-videos-3-200x125.jpg 200w, https:\/\/www.showdowndisplays.eu\/wp-content\/uploads\/2021\/01\/Product-photos-and-videos-3.jpg 1600w\" sizes=\"(max-width: 380px) 100vw, 380px\" \/><noscript><img decoding=\"async\" width=\"380\" height=\"238\" data-aspectratio=\"380\/238\" src=\"data:image\/gif;base64,R0lGODlhAQABAIAAAAAAAP\/\/\/yH5BAEAAAAALAAAAAABAAEAAAIBRAA7\" data-src=\"https:\/\/www.showdowndisplays.eu\/wp-content\/uploads\/2021\/01\/Product-photos-and-videos-3-380x238.jpg\" class=\"attachment-about-us size-about-us lazyload\" alt=\" width\" data-srcset=\"https:\/\/www.showdowndisplays.eu\/wp-content\/uploads\/2021\/01\/Product-photos-and-videos-3-380x238.jpg 380w, https:\/\/www.showdowndisplays.eu\/wp-content\/uploads\/2021\/01\/Product-photos-and-videos-3-432x270.jpg 432w, https:\/\/www.showdowndisplays.eu\/wp-content\/uploads\/2021\/01\/Product-photos-and-videos-3-1024x640.jpg 1024w, https:\/\/www.showdowndisplays.eu\/wp-content\/uploads\/2021\/01\/Product-photos-and-videos-3-768x480.jpg 768w, https:\/\/www.showdowndisplays.eu\/wp-content\/uploads\/2021\/01\/Product-photos-and-videos-3-1536x960.jpg 1536w, https:\/\/www.showdowndisplays.eu\/wp-content\/uploads\/2021\/01\/Product-photos-and-videos-3-96x60.jpg 96w, https:\/\/www.showdowndisplays.eu\/wp-content\/uploads\/2021\/01\/Product-photos-and-videos-3-200x125.jpg 200w, https:\/\/www.showdowndisplays.eu\/wp-content\/uploads\/2021\/01\/Product-photos-and-videos-3.jpg 1600w\" sizes=\"(max-width: 380px) 100vw, 380px\" \/><\/noscript>                <\/div>\r\n                <div class=\"marketing__content-wrapper global-style\">\r\n                                            <div class=\"marketing__title-wrapper\">\r\n                            <h3>Zdj\u0119cia i filmy produkt\u00f3w<\/h3>\r\n                        <\/div>\r\n                                        <div class=\"marketing__content\">\r\n                                            <\/div>\r\n                <\/div>\r\n\r\n                                    <a href=\"https:\/\/www.showdowndisplays.eu\/pl\/wsparcie-marketingowe\/zdjecia-i-filmy-produktowe\/\"  class=\"marketing__read-more link-with-arrow link-with-arrow--blue\">Czytaj wi\u0119cej<\/a>\r\n                \r\n            <\/div>\r\n\r\n                                <div class=\"marketing__item marketing__item--4\">\r\n\r\n                <div class=\"marketing__image\">\r\n                    <img data-aspectratio=\"380\/241\" decoding=\"async\" width=\"380\" height=\"241\" data-aspectratio=\"380\/241\" src=\"data:image\/gif;base64,R0lGODlhAQABAIAAAAAAAP\/\/\/yH5BAEAAAAALAAAAAABAAEAAAIBRAA7\" data-src=\"https:\/\/www.showdowndisplays.eu\/wp-content\/uploads\/2021\/01\/Your-own-catalogue-and-brochures-3-380x241.png\" class=\"attachment-about-us size-about-us lazyload\" alt=\" width\" data-srcset=\"https:\/\/www.showdowndisplays.eu\/wp-content\/uploads\/2021\/01\/Your-own-catalogue-and-brochures-3-380x241.png 380w, https:\/\/www.showdowndisplays.eu\/wp-content\/uploads\/2021\/01\/Your-own-catalogue-and-brochures-3-425x270.png 425w, https:\/\/www.showdowndisplays.eu\/wp-content\/uploads\/2021\/01\/Your-own-catalogue-and-brochures-3-1024x650.png 1024w, https:\/\/www.showdowndisplays.eu\/wp-content\/uploads\/2021\/01\/Your-own-catalogue-and-brochures-3-768x488.png 768w, https:\/\/www.showdowndisplays.eu\/wp-content\/uploads\/2021\/01\/Your-own-catalogue-and-brochures-3-1536x975.png 1536w, https:\/\/www.showdowndisplays.eu\/wp-content\/uploads\/2021\/01\/Your-own-catalogue-and-brochures-3-96x61.png 96w, https:\/\/www.showdowndisplays.eu\/wp-content\/uploads\/2021\/01\/Your-own-catalogue-and-brochures-3-200x127.png 200w, https:\/\/www.showdowndisplays.eu\/wp-content\/uploads\/2021\/01\/Your-own-catalogue-and-brochures-3.png 1575w\" sizes=\"(max-width: 380px) 100vw, 380px\" \/><noscript><img decoding=\"async\" width=\"380\" height=\"241\" data-aspectratio=\"380\/241\" src=\"data:image\/gif;base64,R0lGODlhAQABAIAAAAAAAP\/\/\/yH5BAEAAAAALAAAAAABAAEAAAIBRAA7\" data-src=\"https:\/\/www.showdowndisplays.eu\/wp-content\/uploads\/2021\/01\/Your-own-catalogue-and-brochures-3-380x241.png\" class=\"attachment-about-us size-about-us lazyload\" alt=\" width\" data-srcset=\"https:\/\/www.showdowndisplays.eu\/wp-content\/uploads\/2021\/01\/Your-own-catalogue-and-brochures-3-380x241.png 380w, https:\/\/www.showdowndisplays.eu\/wp-content\/uploads\/2021\/01\/Your-own-catalogue-and-brochures-3-425x270.png 425w, https:\/\/www.showdowndisplays.eu\/wp-content\/uploads\/2021\/01\/Your-own-catalogue-and-brochures-3-1024x650.png 1024w, https:\/\/www.showdowndisplays.eu\/wp-content\/uploads\/2021\/01\/Your-own-catalogue-and-brochures-3-768x488.png 768w, https:\/\/www.showdowndisplays.eu\/wp-content\/uploads\/2021\/01\/Your-own-catalogue-and-brochures-3-1536x975.png 1536w, https:\/\/www.showdowndisplays.eu\/wp-content\/uploads\/2021\/01\/Your-own-catalogue-and-brochures-3-96x61.png 96w, https:\/\/www.showdowndisplays.eu\/wp-content\/uploads\/2021\/01\/Your-own-catalogue-and-brochures-3-200x127.png 200w, https:\/\/www.showdowndisplays.eu\/wp-content\/uploads\/2021\/01\/Your-own-catalogue-and-brochures-3.png 1575w\" sizes=\"(max-width: 380px) 100vw, 380px\" \/><\/noscript>                <\/div>\r\n                <div class=\"marketing__content-wrapper global-style\">\r\n                                            <div class=\"marketing__title-wrapper\">\r\n                            <h3>Tw\u00f3j w\u0142asny katalog i broszury<\/h3>\r\n                        <\/div>\r\n                                        <div class=\"marketing__content\">\r\n                                            <\/div>\r\n                <\/div>\r\n\r\n                                    <a href=\"https:\/\/www.showdowndisplays.eu\/pl\/wsparcie-marketingowe\/twoj-wlasny-katalog-i-broszury\/\"  class=\"marketing__read-more link-with-arrow link-with-arrow--blue\">Czytaj wi\u0119cej<\/a>\r\n                \r\n            <\/div>\r\n\r\n                                <div class=\"marketing__item marketing__item--4\">\r\n\r\n                <div class=\"marketing__image\">\r\n                    <img data-aspectratio=\"380\/238\" decoding=\"async\" width=\"380\" height=\"238\" data-aspectratio=\"380\/238\" src=\"data:image\/gif;base64,R0lGODlhAQABAIAAAAAAAP\/\/\/yH5BAEAAAAALAAAAAABAAEAAAIBRAA7\" data-src=\"https:\/\/www.showdowndisplays.eu\/wp-content\/uploads\/2021\/01\/Inspirational-content-2-380x238.png\" class=\"attachment-about-us size-about-us lazyload\" alt=\" width\" data-srcset=\"https:\/\/www.showdowndisplays.eu\/wp-content\/uploads\/2021\/01\/Inspirational-content-2-380x238.png 380w, https:\/\/www.showdowndisplays.eu\/wp-content\/uploads\/2021\/01\/Inspirational-content-2-432x270.png 432w, https:\/\/www.showdowndisplays.eu\/wp-content\/uploads\/2021\/01\/Inspirational-content-2-1024x640.png 1024w, https:\/\/www.showdowndisplays.eu\/wp-content\/uploads\/2021\/01\/Inspirational-content-2-768x480.png 768w, https:\/\/www.showdowndisplays.eu\/wp-content\/uploads\/2021\/01\/Inspirational-content-2-1536x960.png 1536w, https:\/\/www.showdowndisplays.eu\/wp-content\/uploads\/2021\/01\/Inspirational-content-2-96x60.png 96w, https:\/\/www.showdowndisplays.eu\/wp-content\/uploads\/2021\/01\/Inspirational-content-2-200x125.png 200w, https:\/\/www.showdowndisplays.eu\/wp-content\/uploads\/2021\/01\/Inspirational-content-2.png 1600w\" sizes=\"(max-width: 380px) 100vw, 380px\" \/><noscript><img decoding=\"async\" width=\"380\" height=\"238\" data-aspectratio=\"380\/238\" src=\"data:image\/gif;base64,R0lGODlhAQABAIAAAAAAAP\/\/\/yH5BAEAAAAALAAAAAABAAEAAAIBRAA7\" data-src=\"https:\/\/www.showdowndisplays.eu\/wp-content\/uploads\/2021\/01\/Inspirational-content-2-380x238.png\" class=\"attachment-about-us size-about-us lazyload\" alt=\" width\" data-srcset=\"https:\/\/www.showdowndisplays.eu\/wp-content\/uploads\/2021\/01\/Inspirational-content-2-380x238.png 380w, https:\/\/www.showdowndisplays.eu\/wp-content\/uploads\/2021\/01\/Inspirational-content-2-432x270.png 432w, https:\/\/www.showdowndisplays.eu\/wp-content\/uploads\/2021\/01\/Inspirational-content-2-1024x640.png 1024w, https:\/\/www.showdowndisplays.eu\/wp-content\/uploads\/2021\/01\/Inspirational-content-2-768x480.png 768w, https:\/\/www.showdowndisplays.eu\/wp-content\/uploads\/2021\/01\/Inspirational-content-2-1536x960.png 1536w, https:\/\/www.showdowndisplays.eu\/wp-content\/uploads\/2021\/01\/Inspirational-content-2-96x60.png 96w, https:\/\/www.showdowndisplays.eu\/wp-content\/uploads\/2021\/01\/Inspirational-content-2-200x125.png 200w, https:\/\/www.showdowndisplays.eu\/wp-content\/uploads\/2021\/01\/Inspirational-content-2.png 1600w\" sizes=\"(max-width: 380px) 100vw, 380px\" \/><\/noscript>                <\/div>\r\n                <div class=\"marketing__content-wrapper global-style\">\r\n                                            <div class=\"marketing__title-wrapper\">\r\n                            <h3>Inspiruj\u0105ce tre\u015bci<\/h3>\r\n                        <\/div>\r\n                                        <div class=\"marketing__content\">\r\n                                            <\/div>\r\n                <\/div>\r\n\r\n                                    <a href=\"https:\/\/www.showdowndisplays.eu\/pl\/wsparcie-marketingowe\/inspirujace-tresci\/\"  class=\"marketing__read-more link-with-arrow link-with-arrow--blue\">Czytaj wi\u0119cej<\/a>\r\n                \r\n            <\/div>\r\n\r\n                                <div class=\"marketing__item marketing__item--4\">\r\n\r\n                <div class=\"marketing__image\">\r\n                    <img data-aspectratio=\"380\/238\" decoding=\"async\" width=\"380\" height=\"238\" data-aspectratio=\"380\/238\" src=\"data:image\/gif;base64,R0lGODlhAQABAIAAAAAAAP\/\/\/yH5BAEAAAAALAAAAAABAAEAAAIBRAA7\" data-src=\"https:\/\/www.showdowndisplays.eu\/wp-content\/uploads\/2021\/01\/Practical-Information-2-380x238.jpg\" class=\"attachment-about-us size-about-us lazyload\" alt=\" width\" data-srcset=\"https:\/\/www.showdowndisplays.eu\/wp-content\/uploads\/2021\/01\/Practical-Information-2-380x238.jpg 380w, https:\/\/www.showdowndisplays.eu\/wp-content\/uploads\/2021\/01\/Practical-Information-2-431x270.jpg 431w, https:\/\/www.showdowndisplays.eu\/wp-content\/uploads\/2021\/01\/Practical-Information-2-1024x641.jpg 1024w, https:\/\/www.showdowndisplays.eu\/wp-content\/uploads\/2021\/01\/Practical-Information-2-768x481.jpg 768w, https:\/\/www.showdowndisplays.eu\/wp-content\/uploads\/2021\/01\/Practical-Information-2-1536x962.jpg 1536w, https:\/\/www.showdowndisplays.eu\/wp-content\/uploads\/2021\/01\/Practical-Information-2-96x60.jpg 96w, https:\/\/www.showdowndisplays.eu\/wp-content\/uploads\/2021\/01\/Practical-Information-2-200x125.jpg 200w, https:\/\/www.showdowndisplays.eu\/wp-content\/uploads\/2021\/01\/Practical-Information-2.jpg 1600w\" sizes=\"(max-width: 380px) 100vw, 380px\" \/><noscript><img decoding=\"async\" width=\"380\" height=\"238\" data-aspectratio=\"380\/238\" src=\"data:image\/gif;base64,R0lGODlhAQABAIAAAAAAAP\/\/\/yH5BAEAAAAALAAAAAABAAEAAAIBRAA7\" data-src=\"https:\/\/www.showdowndisplays.eu\/wp-content\/uploads\/2021\/01\/Practical-Information-2-380x238.jpg\" class=\"attachment-about-us size-about-us lazyload\" alt=\" width\" data-srcset=\"https:\/\/www.showdowndisplays.eu\/wp-content\/uploads\/2021\/01\/Practical-Information-2-380x238.jpg 380w, https:\/\/www.showdowndisplays.eu\/wp-content\/uploads\/2021\/01\/Practical-Information-2-431x270.jpg 431w, https:\/\/www.showdowndisplays.eu\/wp-content\/uploads\/2021\/01\/Practical-Information-2-1024x641.jpg 1024w, https:\/\/www.showdowndisplays.eu\/wp-content\/uploads\/2021\/01\/Practical-Information-2-768x481.jpg 768w, https:\/\/www.showdowndisplays.eu\/wp-content\/uploads\/2021\/01\/Practical-Information-2-1536x962.jpg 1536w, https:\/\/www.showdowndisplays.eu\/wp-content\/uploads\/2021\/01\/Practical-Information-2-96x60.jpg 96w, https:\/\/www.showdowndisplays.eu\/wp-content\/uploads\/2021\/01\/Practical-Information-2-200x125.jpg 200w, https:\/\/www.showdowndisplays.eu\/wp-content\/uploads\/2021\/01\/Practical-Information-2.jpg 1600w\" sizes=\"(max-width: 380px) 100vw, 380px\" \/><\/noscript>                <\/div>\r\n                <div class=\"marketing__content-wrapper global-style\">\r\n                                            <div class=\"marketing__title-wrapper\">\r\n                            <h3>Praktyczne informacje<\/h3>\r\n                        <\/div>\r\n                                        <div class=\"marketing__content\">\r\n                                            <\/div>\r\n                <\/div>\r\n\r\n                                    <a href=\"https:\/\/www.showdowndisplays.eu\/pl\/wsparcie-marketingowe\/praktyczne-informacje\/\"  class=\"marketing__read-more link-with-arrow link-with-arrow--blue\">Czytaj wi\u0119cej<\/a>\r\n                \r\n            <\/div>\r\n\r\n            <\/div>\r\n","protected":false},"excerpt":{"rendered":"<p>Powi\u0105zane strony<\/p>\n","protected":false},"author":3,"featured_media":0,"parent":5276,"menu_order":0,"comment_status":"closed","ping_status":"closed","template":"","meta":{"_acf_changed":false,"footnotes":""},"class_list":["post-9291","page","type-page","status-publish","hentry"],"acf":[],"_links":{"self":[{"href":"https:\/\/www.showdowndisplays.eu\/pl\/wp-json\/wp\/v2\/pages\/9291","targetHints":{"allow":["GET"]}}],"collection":[{"href":"https:\/\/www.showdowndisplays.eu\/pl\/wp-json\/wp\/v2\/pages"}],"about":[{"href":"https:\/\/www.showdowndisplays.eu\/pl\/wp-json\/wp\/v2\/types\/page"}],"author":[{"embeddable":true,"href":"https:\/\/www.showdowndisplays.eu\/pl\/wp-json\/wp\/v2\/users\/3"}],"replies":[{"embeddable":true,"href":"https:\/\/www.showdowndisplays.eu\/pl\/wp-json\/wp\/v2\/comments?post=9291"}],"version-history":[{"count":12,"href":"https:\/\/www.showdowndisplays.eu\/pl\/wp-json\/wp\/v2\/pages\/9291\/revisions"}],"predecessor-version":[{"id":54465,"href":"https:\/\/www.showdowndisplays.eu\/pl\/wp-json\/wp\/v2\/pages\/9291\/revisions\/54465"}],"up":[{"embeddable":true,"href":"https:\/\/www.showdowndisplays.eu\/pl\/wp-json\/wp\/v2\/pages\/5276"}],"wp:attachment":[{"href":"https:\/\/www.showdowndisplays.eu\/pl\/wp-json\/wp\/v2\/media?parent=9291"}],"curies":[{"name":"wp","href":"https:\/\/api.w.org\/{rel}","templated":true}]}}