{"id":8228,"date":"2020-12-11T14:14:17","date_gmt":"2020-12-11T14:14:17","guid":{"rendered":"https:\/\/www.showdowndisplays.eu\/personnalisation\/"},"modified":"2021-08-24T09:21:48","modified_gmt":"2021-08-24T09:21:48","slug":"projektowanie","status":"publish","type":"page","link":"https:\/\/www.showdowndisplays.eu\/pl\/projektowanie\/","title":{"rendered":"Projektowanie"},"content":{"rendered":"\n<div class=\"wp-block-media-text alignwide has-media-on-the-right is-stacked-on-mobile is-image-fill image-text-2\" style=\"grid-template-columns:auto 53%\"><figure class=\"wp-block-media-text__media\" style=\"background-image:url(https:\/\/www.showdowndisplays.eu\/wp-content\/uploads\/2020\/12\/IMG_5923_edit_res-1024x683.jpg);background-position:50% 50%\"><img data-aspectratio=\"1024\/683\" src=\"data:image\/gif;base64,R0lGODlhAQABAIAAAAAAAP\/\/\/yH5BAEAAAAALAAAAAABAAEAAAIBRAA7\" decoding=\"async\" width=\"1024\" height=\"683\" data-src=\"https:\/\/www.showdowndisplays.eu\/wp-content\/uploads\/2020\/12\/IMG_5923_edit_res-1024x683.jpg\" alt=\"\" class=\"wp-image-5500 lazyload\" data-srcset=\"https:\/\/www.showdowndisplays.eu\/wp-content\/uploads\/2020\/12\/IMG_5923_edit_res-1024x683.jpg 1024w, https:\/\/www.showdowndisplays.eu\/wp-content\/uploads\/2020\/12\/IMG_5923_edit_res-405x270.jpg 405w, https:\/\/www.showdowndisplays.eu\/wp-content\/uploads\/2020\/12\/IMG_5923_edit_res-768x512.jpg 768w, https:\/\/www.showdowndisplays.eu\/wp-content\/uploads\/2020\/12\/IMG_5923_edit_res-380x253.jpg 380w, https:\/\/www.showdowndisplays.eu\/wp-content\/uploads\/2020\/12\/IMG_5923_edit_res-96x64.jpg 96w, https:\/\/www.showdowndisplays.eu\/wp-content\/uploads\/2020\/12\/IMG_5923_edit_res-200x133.jpg 200w, https:\/\/www.showdowndisplays.eu\/wp-content\/uploads\/2020\/12\/IMG_5923_edit_res.jpg 1296w\" sizes=\"(max-width: 1024px) 100vw, 1024px\" \/><noscript><img decoding=\"async\" width=\"1024\" height=\"683\" src=\"https:\/\/www.showdowndisplays.eu\/wp-content\/uploads\/2020\/12\/IMG_5923_edit_res-1024x683.jpg\" alt=\"\" class=\"wp-image-5500\" srcset=\"https:\/\/www.showdowndisplays.eu\/wp-content\/uploads\/2020\/12\/IMG_5923_edit_res-1024x683.jpg 1024w, https:\/\/www.showdowndisplays.eu\/wp-content\/uploads\/2020\/12\/IMG_5923_edit_res-405x270.jpg 405w, https:\/\/www.showdowndisplays.eu\/wp-content\/uploads\/2020\/12\/IMG_5923_edit_res-768x512.jpg 768w, https:\/\/www.showdowndisplays.eu\/wp-content\/uploads\/2020\/12\/IMG_5923_edit_res-380x253.jpg 380w, https:\/\/www.showdowndisplays.eu\/wp-content\/uploads\/2020\/12\/IMG_5923_edit_res-96x64.jpg 96w, https:\/\/www.showdowndisplays.eu\/wp-content\/uploads\/2020\/12\/IMG_5923_edit_res-200x133.jpg 200w, https:\/\/www.showdowndisplays.eu\/wp-content\/uploads\/2020\/12\/IMG_5923_edit_res.jpg 1296w\" sizes=\"(max-width: 1024px) 100vw, 1024px\" \/><\/noscript><\/figure><div class=\"wp-block-media-text__content\">\n<h2 class=\"wp-block-heading\">Odwa\u017c si\u0119 by\u0107 inny!<\/h2>\n\n\n\n<p>B\u0105d\u017a kreatywny i pozw\u00f3l, aby Twoje marzenia sta\u0142y si\u0119 rzeczywisto\u015bci\u0105. Poka\u017c mark\u0119 i produkty w nowy spos\u00f3b, wyr\u00f3\u017cnij si\u0119 z t\u0142umu i odwa\u017c si\u0119 by\u0107 inny.<\/p>\n\n\n\n<p>Indywidualne podej\u015bcie robi r\u00f3\u017cnic\u0119! Pomimo tego, \u017ce posiadamy jedno z najwi\u0119kszych portfolio produkt\u00f3w w Europie z ponad 6400 pozycjami do wyboru, ch\u0119tnie om\u00f3wimy r\u00f3wnie\u017c Twoje specyficzne wymagania dotycz\u0105ce rozwi\u0105za\u0144 na miar\u0119. Jeste\u015bcie ciekawi, jak to si\u0119 robi? No c\u00f3\u017c, w ten spos\u00f3b!<\/p>\n<\/div><\/div>\n\n\n\n<div class=\"wp-block-columns columns-with-background is-layout-flex wp-container-core-columns-is-layout-9d6595d7 wp-block-columns-is-layout-flex\">\n<div class=\"wp-block-column is-layout-flow wp-block-column-is-layout-flow\">\n<div class=\"wp-block-image\"><figure class=\"aligncenter size-large is-resized\"><img data-aspectratio=\"132\/132\" src=\"data:image\/gif;base64,R0lGODlhAQABAIAAAAAAAP\/\/\/yH5BAEAAAAALAAAAAABAAEAAAIBRAA7\" decoding=\"async\" data-src=\"https:\/\/www.showdowndisplays.eu\/wp-content\/uploads\/2020\/12\/Request-2.png\" alt=\"\" class=\"wp-image-6013 lazyload\" width=\"132\" height=\"132\" data-srcset=\"https:\/\/www.showdowndisplays.eu\/wp-content\/uploads\/2020\/12\/Request-2.png 507w, https:\/\/www.showdowndisplays.eu\/wp-content\/uploads\/2020\/12\/Request-2-270x270.png 270w, https:\/\/www.showdowndisplays.eu\/wp-content\/uploads\/2020\/12\/Request-2-380x380.png 380w, https:\/\/www.showdowndisplays.eu\/wp-content\/uploads\/2020\/12\/Request-2-96x96.png 96w, https:\/\/www.showdowndisplays.eu\/wp-content\/uploads\/2020\/12\/Request-2-200x200.png 200w\" sizes=\"(max-width: 132px) 100vw, 132px\" \/><noscript><img decoding=\"async\" src=\"https:\/\/www.showdowndisplays.eu\/wp-content\/uploads\/2020\/12\/Request-2.png\" alt=\"\" class=\"wp-image-6013\" width=\"132\" height=\"132\" srcset=\"https:\/\/www.showdowndisplays.eu\/wp-content\/uploads\/2020\/12\/Request-2.png 507w, https:\/\/www.showdowndisplays.eu\/wp-content\/uploads\/2020\/12\/Request-2-270x270.png 270w, https:\/\/www.showdowndisplays.eu\/wp-content\/uploads\/2020\/12\/Request-2-380x380.png 380w, https:\/\/www.showdowndisplays.eu\/wp-content\/uploads\/2020\/12\/Request-2-96x96.png 96w, https:\/\/www.showdowndisplays.eu\/wp-content\/uploads\/2020\/12\/Request-2-200x200.png 200w\" sizes=\"(max-width: 132px) 100vw, 132px\" \/><\/noscript><\/figure><\/div>\n\n\n\n<h4 class=\"has-text-align-center wp-block-heading\">1. Zapotrzebowanie<\/h4>\n\n\n\n<p class=\"has-text-align-center\">Masz szczeg\u00f3lne \u017cyczenie, dla kt\u00f3rego nie mo\u017cesz znale\u017a\u0107 odpowiedniego produktu w naszym portfolio. Na przyk\u0142ad, inny kolor, inny rozmiar lub inny wz\u00f3r. Dlatego kontaktujesz si\u0119 z nami, aby om\u00f3wi\u0107 mo\u017cliwo\u015bci.<\/p>\n<\/div>\n\n\n\n<div class=\"wp-block-column is-layout-flow wp-block-column-is-layout-flow\">\n<div class=\"wp-block-image\"><figure class=\"aligncenter size-large is-resized\"><img data-aspectratio=\"132\/132\" src=\"data:image\/gif;base64,R0lGODlhAQABAIAAAAAAAP\/\/\/yH5BAEAAAAALAAAAAABAAEAAAIBRAA7\" decoding=\"async\" data-src=\"https:\/\/www.showdowndisplays.eu\/wp-content\/uploads\/2020\/12\/Consultation-1.png\" alt=\"\" class=\"wp-image-5976 lazyload\" width=\"132\" height=\"132\" data-srcset=\"https:\/\/www.showdowndisplays.eu\/wp-content\/uploads\/2020\/12\/Consultation-1.png 507w, https:\/\/www.showdowndisplays.eu\/wp-content\/uploads\/2020\/12\/Consultation-1-270x270.png 270w, https:\/\/www.showdowndisplays.eu\/wp-content\/uploads\/2020\/12\/Consultation-1-380x380.png 380w, https:\/\/www.showdowndisplays.eu\/wp-content\/uploads\/2020\/12\/Consultation-1-96x96.png 96w, https:\/\/www.showdowndisplays.eu\/wp-content\/uploads\/2020\/12\/Consultation-1-200x200.png 200w\" sizes=\"(max-width: 132px) 100vw, 132px\" \/><noscript><img decoding=\"async\" src=\"https:\/\/www.showdowndisplays.eu\/wp-content\/uploads\/2020\/12\/Consultation-1.png\" alt=\"\" class=\"wp-image-5976\" width=\"132\" height=\"132\" srcset=\"https:\/\/www.showdowndisplays.eu\/wp-content\/uploads\/2020\/12\/Consultation-1.png 507w, https:\/\/www.showdowndisplays.eu\/wp-content\/uploads\/2020\/12\/Consultation-1-270x270.png 270w, https:\/\/www.showdowndisplays.eu\/wp-content\/uploads\/2020\/12\/Consultation-1-380x380.png 380w, https:\/\/www.showdowndisplays.eu\/wp-content\/uploads\/2020\/12\/Consultation-1-96x96.png 96w, https:\/\/www.showdowndisplays.eu\/wp-content\/uploads\/2020\/12\/Consultation-1-200x200.png 200w\" sizes=\"(max-width: 132px) 100vw, 132px\" \/><\/noscript><\/figure><\/div>\n\n\n\n<h4 class=\"has-text-align-center wp-block-heading\">2. <strong><strong>Spotkanie<\/strong><\/strong><\/h4>\n\n\n\n<p class=\"has-text-align-center\">Umawiamy si\u0119 na spotkanie, podczas kt\u00f3rego koncentrujemy si\u0119 na Twoich \u017cyczeniach i wymaganiach dotycz\u0105cych rozwi\u0105zania szytego na miar\u0119. W ten spos\u00f3b chcemy mie\u0107 pewno\u015b\u0107, \u017ce produkt ko\u0144cowy b\u0119dzie pasowa\u0142 zar\u00f3wno do projektu, jak i do Twojego bud\u017cetu.<\/p>\n<\/div>\n\n\n\n<div class=\"wp-block-column is-layout-flow wp-block-column-is-layout-flow\">\n<div class=\"wp-block-image\"><figure class=\"aligncenter size-large is-resized\"><img data-aspectratio=\"132\/132\" src=\"data:image\/gif;base64,R0lGODlhAQABAIAAAAAAAP\/\/\/yH5BAEAAAAALAAAAAABAAEAAAIBRAA7\" decoding=\"async\" data-src=\"https:\/\/www.showdowndisplays.eu\/wp-content\/uploads\/2020\/12\/Manufacturing.png\" alt=\"\" class=\"wp-image-5983 lazyload\" width=\"132\" height=\"132\" data-srcset=\"https:\/\/www.showdowndisplays.eu\/wp-content\/uploads\/2020\/12\/Manufacturing.png 507w, https:\/\/www.showdowndisplays.eu\/wp-content\/uploads\/2020\/12\/Manufacturing-270x270.png 270w, https:\/\/www.showdowndisplays.eu\/wp-content\/uploads\/2020\/12\/Manufacturing-380x380.png 380w, https:\/\/www.showdowndisplays.eu\/wp-content\/uploads\/2020\/12\/Manufacturing-96x96.png 96w, https:\/\/www.showdowndisplays.eu\/wp-content\/uploads\/2020\/12\/Manufacturing-200x200.png 200w\" sizes=\"(max-width: 132px) 100vw, 132px\" \/><noscript><img decoding=\"async\" src=\"https:\/\/www.showdowndisplays.eu\/wp-content\/uploads\/2020\/12\/Manufacturing.png\" alt=\"\" class=\"wp-image-5983\" width=\"132\" height=\"132\" srcset=\"https:\/\/www.showdowndisplays.eu\/wp-content\/uploads\/2020\/12\/Manufacturing.png 507w, https:\/\/www.showdowndisplays.eu\/wp-content\/uploads\/2020\/12\/Manufacturing-270x270.png 270w, https:\/\/www.showdowndisplays.eu\/wp-content\/uploads\/2020\/12\/Manufacturing-380x380.png 380w, https:\/\/www.showdowndisplays.eu\/wp-content\/uploads\/2020\/12\/Manufacturing-96x96.png 96w, https:\/\/www.showdowndisplays.eu\/wp-content\/uploads\/2020\/12\/Manufacturing-200x200.png 200w\" sizes=\"(max-width: 132px) 100vw, 132px\" \/><\/noscript><\/figure><\/div>\n\n\n\n<h4 class=\"has-text-align-center wp-block-heading\">3. Produkcja<\/h4>\n\n\n\n<p class=\"has-text-align-center\">Po zatwierdzeniu naszej propozycji, nasz zesp\u00f3\u0142 projektowy z do\u015bwiadczonymi in\u017cynierami przyst\u0119puje do produkcji Twojego rozwi\u0105zania. W naszym w\u0142asnym europejskim zak\u0142adzie produkcyjnym w P\u0159estanovie (CZ).<\/p>\n<\/div>\n<\/div>\n\n\n\n<div class=\"wp-block-media-text alignwide is-stacked-on-mobile is-image-fill image-text-2\" style=\"grid-template-columns:58% auto\"><figure class=\"wp-block-media-text__media\" style=\"background-image:url(https:\/\/www.showdowndisplays.eu\/wp-content\/uploads\/2020\/12\/IMG_5980_edit_res-1-1024x683.jpg);background-position:31% 31%\"><img data-aspectratio=\"1024\/683\" src=\"data:image\/gif;base64,R0lGODlhAQABAIAAAAAAAP\/\/\/yH5BAEAAAAALAAAAAABAAEAAAIBRAA7\" decoding=\"async\" width=\"1024\" height=\"683\" data-src=\"https:\/\/www.showdowndisplays.eu\/wp-content\/uploads\/2020\/12\/IMG_5980_edit_res-1-1024x683.jpg\" alt=\"\" class=\"wp-image-5842 lazyload\" data-srcset=\"https:\/\/www.showdowndisplays.eu\/wp-content\/uploads\/2020\/12\/IMG_5980_edit_res-1-1024x683.jpg 1024w, https:\/\/www.showdowndisplays.eu\/wp-content\/uploads\/2020\/12\/IMG_5980_edit_res-1-405x270.jpg 405w, https:\/\/www.showdowndisplays.eu\/wp-content\/uploads\/2020\/12\/IMG_5980_edit_res-1-768x512.jpg 768w, https:\/\/www.showdowndisplays.eu\/wp-content\/uploads\/2020\/12\/IMG_5980_edit_res-1-380x253.jpg 380w, https:\/\/www.showdowndisplays.eu\/wp-content\/uploads\/2020\/12\/IMG_5980_edit_res-1-96x64.jpg 96w, https:\/\/www.showdowndisplays.eu\/wp-content\/uploads\/2020\/12\/IMG_5980_edit_res-1-200x133.jpg 200w, https:\/\/www.showdowndisplays.eu\/wp-content\/uploads\/2020\/12\/IMG_5980_edit_res-1.jpg 1296w\" sizes=\"(max-width: 1024px) 100vw, 1024px\" \/><noscript><img decoding=\"async\" width=\"1024\" height=\"683\" src=\"https:\/\/www.showdowndisplays.eu\/wp-content\/uploads\/2020\/12\/IMG_5980_edit_res-1-1024x683.jpg\" alt=\"\" class=\"wp-image-5842\" srcset=\"https:\/\/www.showdowndisplays.eu\/wp-content\/uploads\/2020\/12\/IMG_5980_edit_res-1-1024x683.jpg 1024w, https:\/\/www.showdowndisplays.eu\/wp-content\/uploads\/2020\/12\/IMG_5980_edit_res-1-405x270.jpg 405w, https:\/\/www.showdowndisplays.eu\/wp-content\/uploads\/2020\/12\/IMG_5980_edit_res-1-768x512.jpg 768w, https:\/\/www.showdowndisplays.eu\/wp-content\/uploads\/2020\/12\/IMG_5980_edit_res-1-380x253.jpg 380w, https:\/\/www.showdowndisplays.eu\/wp-content\/uploads\/2020\/12\/IMG_5980_edit_res-1-96x64.jpg 96w, https:\/\/www.showdowndisplays.eu\/wp-content\/uploads\/2020\/12\/IMG_5980_edit_res-1-200x133.jpg 200w, https:\/\/www.showdowndisplays.eu\/wp-content\/uploads\/2020\/12\/IMG_5980_edit_res-1.jpg 1296w\" sizes=\"(max-width: 1024px) 100vw, 1024px\" \/><\/noscript><\/figure><div class=\"wp-block-media-text__content\">\n<h2 class=\"wp-block-heading\" id=\"block-78edcdf5-6649-4c2c-a830-368fe35a7072\">Tylko wtedy, gdy Ty jeste\u015b zadowolony, my jeste\u015bmy zadowoleni<\/h2>\n\n\n\n<p>W ten spos\u00f3b chcemy osi\u0105gn\u0105\u0107 po\u017c\u0105dany rezultat, aby\u015b m\u00f3g\u0142 cieszy\u0107 si\u0119 swoim nowym, dostosowanym do Twoich potrzeb rozwi\u0105zaniem.<\/p>\n\n\n\n<p>Czy masz dodatkowe \u017cyczenia, takie jak <strong>neutralna wysy\u0142ka, indywidualne opakowanie, branding, kody kreskowe<\/strong>, a mo\u017ce co\u015b jeszcze innego? Wszystko jest mo\u017cliwe.<\/p>\n\n\n\n<p>Twoje zadowolenie jest dla nas priorytetem. Oferujemy wydajno\u015b\u0107, funkcjonalno\u015b\u0107, nowoczesny design i szybki czas dostawy w bardzo przyst\u0119pnych cenach. Polegaj na naszych zespo\u0142ach projektowych, produkcyjnych i handlowych, aby spe\u0142ni\u0107 Twoje wysokie oczekiwania.<\/p>\n<\/div><\/div>\n\n\n\n<div style=\"height:20px\" aria-hidden=\"true\" class=\"wp-block-spacer\"><\/div>\n\n\n\r\n        <\/div>\r\n    <\/div>\r\n\r\n    <div id=\"team-text-image-block_602126a5901ef\" class=\"team-text-image\">\r\n        <div class=\"content content--smaller\">\r\n            <div class=\"team-text-image__text image-text--light global-style\">\r\n                <h2>Tworzymy Twoje rozwi\u0105zanie<\/h2>\n\n\n            <\/div>\r\n                                    <\/div>\r\n    <\/div>\r\n\r\n    <div class=\"content content--smaller\">\r\n        <div class=\"global-style\">\r\n\r\n\r\n\n\n\n<div style=\"height:100px\" aria-hidden=\"true\" class=\"wp-block-spacer\"><\/div>\n\n\n\n<h2 class=\"has-text-align-center wp-block-heading\">Powi\u0105zane strony<\/h2>\n\n\n    <div class=\"marketing\">\r\n                                <div class=\"marketing__item marketing__item--3\">\r\n\r\n                <div class=\"marketing__image\">\r\n                    <img data-aspectratio=\"380\/238\" decoding=\"async\" width=\"380\" height=\"238\" data-aspectratio=\"380\/238\" src=\"data:image\/gif;base64,R0lGODlhAQABAIAAAAAAAP\/\/\/yH5BAEAAAAALAAAAAABAAEAAAIBRAA7\" data-src=\"https:\/\/www.showdowndisplays.eu\/wp-content\/uploads\/2021\/08\/Partnership_related-pages-380x238.jpg\" class=\"attachment-about-us size-about-us lazyload\" alt=\"Showdown-marketingsupport\" data-srcset=\"https:\/\/www.showdowndisplays.eu\/wp-content\/uploads\/2021\/08\/Partnership_related-pages-380x238.jpg 380w, https:\/\/www.showdowndisplays.eu\/wp-content\/uploads\/2021\/08\/Partnership_related-pages-432x270.jpg 432w, https:\/\/www.showdowndisplays.eu\/wp-content\/uploads\/2021\/08\/Partnership_related-pages-768x480.jpg 768w, https:\/\/www.showdowndisplays.eu\/wp-content\/uploads\/2021\/08\/Partnership_related-pages-96x60.jpg 96w, https:\/\/www.showdowndisplays.eu\/wp-content\/uploads\/2021\/08\/Partnership_related-pages-200x125.jpg 200w, https:\/\/www.showdowndisplays.eu\/wp-content\/uploads\/2021\/08\/Partnership_related-pages.jpg 800w\" sizes=\"(max-width: 380px) 100vw, 380px\" \/><noscript><img decoding=\"async\" width=\"380\" height=\"238\" data-aspectratio=\"380\/238\" src=\"data:image\/gif;base64,R0lGODlhAQABAIAAAAAAAP\/\/\/yH5BAEAAAAALAAAAAABAAEAAAIBRAA7\" data-src=\"https:\/\/www.showdowndisplays.eu\/wp-content\/uploads\/2021\/08\/Partnership_related-pages-380x238.jpg\" class=\"attachment-about-us size-about-us lazyload\" alt=\"Showdown-marketingsupport\" data-srcset=\"https:\/\/www.showdowndisplays.eu\/wp-content\/uploads\/2021\/08\/Partnership_related-pages-380x238.jpg 380w, https:\/\/www.showdowndisplays.eu\/wp-content\/uploads\/2021\/08\/Partnership_related-pages-432x270.jpg 432w, https:\/\/www.showdowndisplays.eu\/wp-content\/uploads\/2021\/08\/Partnership_related-pages-768x480.jpg 768w, https:\/\/www.showdowndisplays.eu\/wp-content\/uploads\/2021\/08\/Partnership_related-pages-96x60.jpg 96w, https:\/\/www.showdowndisplays.eu\/wp-content\/uploads\/2021\/08\/Partnership_related-pages-200x125.jpg 200w, https:\/\/www.showdowndisplays.eu\/wp-content\/uploads\/2021\/08\/Partnership_related-pages.jpg 800w\" sizes=\"(max-width: 380px) 100vw, 380px\" \/><\/noscript>                <\/div>\r\n                <div class=\"marketing__content-wrapper global-style\">\r\n                                            <div class=\"marketing__title-wrapper\">\r\n                            <h3>Partnerstwo<\/h3>\r\n                        <\/div>\r\n                                        <div class=\"marketing__content\">\r\n                                            <\/div>\r\n                <\/div>\r\n\r\n                                    <a href=\"https:\/\/www.showdowndisplays.eu\/pl\/partnerstwo\/\"  class=\"marketing__read-more link-with-arrow link-with-arrow--blue\">Czytaj wi\u0119cej<\/a>\r\n                \r\n            <\/div>\r\n\r\n                                <div class=\"marketing__item marketing__item--3\">\r\n\r\n                <div class=\"marketing__image\">\r\n                    <img data-aspectratio=\"380\/238\" decoding=\"async\" width=\"380\" height=\"238\" data-aspectratio=\"380\/238\" src=\"data:image\/gif;base64,R0lGODlhAQABAIAAAAAAAP\/\/\/yH5BAEAAAAALAAAAAABAAEAAAIBRAA7\" data-src=\"https:\/\/www.showdowndisplays.eu\/wp-content\/uploads\/2021\/01\/Product-photos-and-videos-3-380x238.jpg\" class=\"attachment-about-us size-about-us lazyload\" alt=\" width\" data-srcset=\"https:\/\/www.showdowndisplays.eu\/wp-content\/uploads\/2021\/01\/Product-photos-and-videos-3-380x238.jpg 380w, https:\/\/www.showdowndisplays.eu\/wp-content\/uploads\/2021\/01\/Product-photos-and-videos-3-432x270.jpg 432w, https:\/\/www.showdowndisplays.eu\/wp-content\/uploads\/2021\/01\/Product-photos-and-videos-3-1024x640.jpg 1024w, https:\/\/www.showdowndisplays.eu\/wp-content\/uploads\/2021\/01\/Product-photos-and-videos-3-768x480.jpg 768w, https:\/\/www.showdowndisplays.eu\/wp-content\/uploads\/2021\/01\/Product-photos-and-videos-3-1536x960.jpg 1536w, https:\/\/www.showdowndisplays.eu\/wp-content\/uploads\/2021\/01\/Product-photos-and-videos-3-96x60.jpg 96w, https:\/\/www.showdowndisplays.eu\/wp-content\/uploads\/2021\/01\/Product-photos-and-videos-3-200x125.jpg 200w, https:\/\/www.showdowndisplays.eu\/wp-content\/uploads\/2021\/01\/Product-photos-and-videos-3.jpg 1600w\" sizes=\"(max-width: 380px) 100vw, 380px\" \/><noscript><img decoding=\"async\" width=\"380\" height=\"238\" data-aspectratio=\"380\/238\" src=\"data:image\/gif;base64,R0lGODlhAQABAIAAAAAAAP\/\/\/yH5BAEAAAAALAAAAAABAAEAAAIBRAA7\" data-src=\"https:\/\/www.showdowndisplays.eu\/wp-content\/uploads\/2021\/01\/Product-photos-and-videos-3-380x238.jpg\" class=\"attachment-about-us size-about-us lazyload\" alt=\" width\" data-srcset=\"https:\/\/www.showdowndisplays.eu\/wp-content\/uploads\/2021\/01\/Product-photos-and-videos-3-380x238.jpg 380w, https:\/\/www.showdowndisplays.eu\/wp-content\/uploads\/2021\/01\/Product-photos-and-videos-3-432x270.jpg 432w, https:\/\/www.showdowndisplays.eu\/wp-content\/uploads\/2021\/01\/Product-photos-and-videos-3-1024x640.jpg 1024w, https:\/\/www.showdowndisplays.eu\/wp-content\/uploads\/2021\/01\/Product-photos-and-videos-3-768x480.jpg 768w, https:\/\/www.showdowndisplays.eu\/wp-content\/uploads\/2021\/01\/Product-photos-and-videos-3-1536x960.jpg 1536w, https:\/\/www.showdowndisplays.eu\/wp-content\/uploads\/2021\/01\/Product-photos-and-videos-3-96x60.jpg 96w, https:\/\/www.showdowndisplays.eu\/wp-content\/uploads\/2021\/01\/Product-photos-and-videos-3-200x125.jpg 200w, https:\/\/www.showdowndisplays.eu\/wp-content\/uploads\/2021\/01\/Product-photos-and-videos-3.jpg 1600w\" sizes=\"(max-width: 380px) 100vw, 380px\" \/><\/noscript>                <\/div>\r\n                <div class=\"marketing__content-wrapper global-style\">\r\n                                            <div class=\"marketing__title-wrapper\">\r\n                            <h3>Wsparcie marketingowe<\/h3>\r\n                        <\/div>\r\n                                        <div class=\"marketing__content\">\r\n                                            <\/div>\r\n                <\/div>\r\n\r\n                                    <a href=\"https:\/\/www.showdowndisplays.eu\/pl\/wsparcie-marketingowe\/\"  class=\"marketing__read-more link-with-arrow link-with-arrow--blue\">Czytaj wi\u0119cej<\/a>\r\n                \r\n            <\/div>\r\n\r\n            <\/div>\r\n","protected":false},"excerpt":{"rendered":"<p>Odwa\u017c si\u0119 by\u0107 inny! B\u0105d\u017a kreatywny i pozw\u00f3l, aby Twoje marzenia sta\u0142y si\u0119 rzeczywisto\u015bci\u0105. Poka\u017c mark\u0119 i produkty w nowy&#8230;<\/p>\n","protected":false},"author":3,"featured_media":0,"parent":0,"menu_order":2,"comment_status":"closed","ping_status":"closed","template":"","meta":{"_acf_changed":false,"footnotes":""},"class_list":["post-8228","page","type-page","status-publish","hentry"],"acf":[],"_links":{"self":[{"href":"https:\/\/www.showdowndisplays.eu\/pl\/wp-json\/wp\/v2\/pages\/8228","targetHints":{"allow":["GET"]}}],"collection":[{"href":"https:\/\/www.showdowndisplays.eu\/pl\/wp-json\/wp\/v2\/pages"}],"about":[{"href":"https:\/\/www.showdowndisplays.eu\/pl\/wp-json\/wp\/v2\/types\/page"}],"author":[{"embeddable":true,"href":"https:\/\/www.showdowndisplays.eu\/pl\/wp-json\/wp\/v2\/users\/3"}],"replies":[{"embeddable":true,"href":"https:\/\/www.showdowndisplays.eu\/pl\/wp-json\/wp\/v2\/comments?post=8228"}],"version-history":[{"count":9,"href":"https:\/\/www.showdowndisplays.eu\/pl\/wp-json\/wp\/v2\/pages\/8228\/revisions"}],"predecessor-version":[{"id":13668,"href":"https:\/\/www.showdowndisplays.eu\/pl\/wp-json\/wp\/v2\/pages\/8228\/revisions\/13668"}],"wp:attachment":[{"href":"https:\/\/www.showdowndisplays.eu\/pl\/wp-json\/wp\/v2\/media?parent=8228"}],"curies":[{"name":"wp","href":"https:\/\/api.w.org\/{rel}","templated":true}]}}