{"id":5297,"date":"2020-11-20T14:42:55","date_gmt":"2020-11-20T14:42:55","guid":{"rendered":"https:\/\/www.showdowndisplays.eu\/video-embed-codes\/"},"modified":"2021-04-02T10:10:39","modified_gmt":"2021-04-02T10:10:39","slug":"video-embed-codes","status":"publish","type":"page","link":"https:\/\/www.showdowndisplays.eu\/pl\/wsparcie-marketingowe\/filmy-instruktazowe-o-produktach\/video-embed-codes\/","title":{"rendered":"Video Embed Codes"},"content":{"rendered":"\n<div class=\"wp-block-group\"><div class=\"wp-block-group__inner-container is-layout-flow wp-block-group-is-layout-flow\">\n<div class=\"wp-block-group block-white-background\"><div class=\"wp-block-group__inner-container is-layout-flow wp-block-group-is-layout-flow\">\n<h2 class=\"wp-block-heading\">Jak zacz\u0105\u0107?<\/h2>\n\n\n\n<p>Oto jak zacz\u0105\u0107. Nowe kody pobierzesz, klikaj\u0105c w poni\u017cszy przycisk. Mo\u017cna je r\u00f3wnie\u017c znale\u017a\u0107 na stronach poszczeg\u00f3lnych produkt\u00f3w na naszej platformie dla sprzedawc\u00f3w.<\/p>\n\n\n\n<div class=\"wp-block-buttons is-layout-flex wp-block-buttons-is-layout-flex\">\n<div class=\"wp-block-button\"><a class=\"wp-block-button__link\" href=\"https:\/\/www.showdowndisplays.eu\/wp-content\/uploads\/2020\/11\/Overview-video-embed-codes.xlsx\">Pobierz arkusz Excela z list\u0105 kod\u00f3w wideo<\/a><\/div>\n<\/div>\n\n\n\n<p><strong>Popro\u015b swojego partnera witryny internetowej o wstawienie nowych kod\u00f3w lub samodzielnie zast\u0105p stare kody nowymi w nast\u0119puj\u0105cy spos\u00f3b:<\/strong><\/p>\n\n\n\n<ol class=\"wp-block-list\"><li>Znajd\u017a nasze kody wideo.<\/li><li>Skopiuj kod osadzania z filmu, kt\u00f3rego chcia\u0142by\u015b u\u017cy\u0107.<\/li><li>Przejd\u017a do strony internetowej, na kt\u00f3rej chcesz odtworzy\u0107 wideo.<\/li><li>Otw\u00f3rz Edytor kodu.<\/li><li>Zaimplementuj kod do filmu w miejscu, w kt\u00f3rym chcia\u0142by\u015b, aby si\u0119 znajdowa\u0142.<\/li><\/ol>\n\n\n\n<p>To wszystko!<\/p>\n<\/div><\/div>\n\n\n\n<div style=\"height:20px\" aria-hidden=\"true\" class=\"wp-block-spacer\"><\/div>\n<\/div><\/div>\n\n\n\n<div class=\"wp-block-group block-white-background\"><div class=\"wp-block-group__inner-container is-layout-flow wp-block-group-is-layout-flow\">\n<h2 class=\"wp-block-heading\">Pytania? Skontaktuj si\u0119 z nami!<\/h2>\n\n\n\n<p>Rozumiemy, \u017ce po przeczytaniu tego tekstu mog\u0105 nasun\u0105\u0107 Ci si\u0119 pytania. Masz problem z implementacj\u0105 kod\u00f3w, a mo\u017ce masz pytanie dotycz\u0105ce us\u0142ugi, kt\u00f3r\u0105 oferujemy? Skontaktuj si\u0119 z zespo\u0142em marketingowym Showdown Displays Europe. Jeste\u015bmy gotowi, aby Ci pom\u00f3c!<\/p>\n\n\n\n<div class=\"wp-block-buttons is-layout-flex wp-block-buttons-is-layout-flex\">\n<div class=\"wp-block-button\"><a class=\"wp-block-button__link has-white-color has-luminous-vivid-amber-background-color has-text-color has-background\" href=\"mailto:marketing@showdowndisplays.eu\">Mam pytanie<\/a><\/div>\n<\/div>\n<\/div><\/div>\n","protected":false},"excerpt":{"rendered":"<p>Jak zacz\u0105\u0107? Oto jak zacz\u0105\u0107. Nowe kody pobierzesz, klikaj\u0105c w poni\u017cszy przycisk. Mo\u017cna je r\u00f3wnie\u017c znale\u017a\u0107 na stronach poszczeg\u00f3lnych produkt\u00f3w&#8230;<\/p>\n","protected":false},"author":3,"featured_media":0,"parent":5287,"menu_order":0,"comment_status":"closed","ping_status":"closed","template":"","meta":{"_acf_changed":false,"footnotes":""},"class_list":["post-5297","page","type-page","status-publish","hentry"],"acf":[],"_links":{"self":[{"href":"https:\/\/www.showdowndisplays.eu\/pl\/wp-json\/wp\/v2\/pages\/5297","targetHints":{"allow":["GET"]}}],"collection":[{"href":"https:\/\/www.showdowndisplays.eu\/pl\/wp-json\/wp\/v2\/pages"}],"about":[{"href":"https:\/\/www.showdowndisplays.eu\/pl\/wp-json\/wp\/v2\/types\/page"}],"author":[{"embeddable":true,"href":"https:\/\/www.showdowndisplays.eu\/pl\/wp-json\/wp\/v2\/users\/3"}],"replies":[{"embeddable":true,"href":"https:\/\/www.showdowndisplays.eu\/pl\/wp-json\/wp\/v2\/comments?post=5297"}],"version-history":[{"count":8,"href":"https:\/\/www.showdowndisplays.eu\/pl\/wp-json\/wp\/v2\/pages\/5297\/revisions"}],"predecessor-version":[{"id":9490,"href":"https:\/\/www.showdowndisplays.eu\/pl\/wp-json\/wp\/v2\/pages\/5297\/revisions\/9490"}],"up":[{"embeddable":true,"href":"https:\/\/www.showdowndisplays.eu\/pl\/wp-json\/wp\/v2\/pages\/5287"}],"wp:attachment":[{"href":"https:\/\/www.showdowndisplays.eu\/pl\/wp-json\/wp\/v2\/media?parent=5297"}],"curies":[{"name":"wp","href":"https:\/\/api.w.org\/{rel}","templated":true}]}}