{"id":5287,"date":"2020-11-18T12:38:19","date_gmt":"2020-11-18T12:38:19","guid":{"rendered":"https:\/\/www.showdowndisplays.eu\/marketing-support\/instructievideos\/"},"modified":"2022-09-23T06:46:02","modified_gmt":"2022-09-23T06:46:02","slug":"filmy-instruktazowe-o-produktach","status":"publish","type":"page","link":"https:\/\/www.showdowndisplays.eu\/pl\/wsparcie-marketingowe\/filmy-instruktazowe-o-produktach\/","title":{"rendered":"Filmy instrukta\u017cowe o produktach"},"content":{"rendered":"\n<p class=\"block-white-background\">Naszym g\u0142\u00f3wnym celem jest bycie dla Ciebie najlepszym partnerem. Chcemy wspiera\u0107 Tw\u00f3j biznes. Jednym ze sposob\u00f3w takiego dzia\u0142ania jest proponowanie Ci kreatywnych zasob\u00f3w marketingowych, takich jak nasze filmy o produktach.<br><br>Dla wielu naszych produkt\u00f3w stworzyli\u015bmy filmy zawieraj\u0105ce instrukcje krok po kroku, u\u0142atwiaj\u0105ce przeprowadzenie ich prawid\u0142owej instalacji. Opracowujemy r\u00f3wnie\u017c materia\u0142 odno\u015bnie tych produkt\u00f3w, dla kt\u00f3rych filmy jeszcze nie powsta\u0142y.<br><br>Filmy s\u0105 neutralne i nie posiadaj\u0105 oznacze\u0144 marki, co oznacza, \u017ce mo\u017cesz swobodnie prezentowa\u0107 je na swojej platformie dla u\u017cytku swoich klient\u00f3w. Zyskujesz Ty i Twoi klienci! <\/p>\n\n\n\n<div class=\"wp-block-buttons is-layout-flex wp-block-buttons-is-layout-flex\">\n<div class=\"wp-block-button\"><a class=\"wp-block-button__link has-white-color has-text-color\" href=\"https:\/\/www.showdowndisplays.eu\/pl\/video-embed-codes\/\">W ten spos\u00f3b umieszcza\u0107 filmy na swojej platformie<\/a><\/div>\n<\/div>\n\n\n\n\n","protected":false},"excerpt":{"rendered":"<p>Naszym g\u0142\u00f3wnym celem jest bycie dla Ciebie najlepszym partnerem. Chcemy wspiera\u0107 Tw\u00f3j biznes. Jednym ze sposob\u00f3w takiego dzia\u0142ania jest proponowanie&#8230;<\/p>\n","protected":false},"author":3,"featured_media":0,"parent":5276,"menu_order":0,"comment_status":"closed","ping_status":"closed","template":"template-pages\/videos.php","meta":{"_acf_changed":false,"footnotes":""},"class_list":["post-5287","page","type-page","status-publish","hentry"],"acf":[],"_links":{"self":[{"href":"https:\/\/www.showdowndisplays.eu\/pl\/wp-json\/wp\/v2\/pages\/5287","targetHints":{"allow":["GET"]}}],"collection":[{"href":"https:\/\/www.showdowndisplays.eu\/pl\/wp-json\/wp\/v2\/pages"}],"about":[{"href":"https:\/\/www.showdowndisplays.eu\/pl\/wp-json\/wp\/v2\/types\/page"}],"author":[{"embeddable":true,"href":"https:\/\/www.showdowndisplays.eu\/pl\/wp-json\/wp\/v2\/users\/3"}],"replies":[{"embeddable":true,"href":"https:\/\/www.showdowndisplays.eu\/pl\/wp-json\/wp\/v2\/comments?post=5287"}],"version-history":[{"count":38,"href":"https:\/\/www.showdowndisplays.eu\/pl\/wp-json\/wp\/v2\/pages\/5287\/revisions"}],"predecessor-version":[{"id":25418,"href":"https:\/\/www.showdowndisplays.eu\/pl\/wp-json\/wp\/v2\/pages\/5287\/revisions\/25418"}],"up":[{"embeddable":true,"href":"https:\/\/www.showdowndisplays.eu\/pl\/wp-json\/wp\/v2\/pages\/5276"}],"wp:attachment":[{"href":"https:\/\/www.showdowndisplays.eu\/pl\/wp-json\/wp\/v2\/media?parent=5287"}],"curies":[{"name":"wp","href":"https:\/\/api.w.org\/{rel}","templated":true}]}}