{"id":51691,"date":"2025-12-16T13:14:49","date_gmt":"2025-12-16T13:14:49","guid":{"rendered":"https:\/\/www.showdowndisplays.eu\/drop-shipment-service-voor-resellers\/"},"modified":"2026-04-01T09:30:08","modified_gmt":"2026-04-01T09:30:08","slug":"usluga-drop-shipment","status":"publish","type":"page","link":"https:\/\/www.showdowndisplays.eu\/pl\/usluga-drop-shipment\/","title":{"rendered":"US\u0141UGA DROP SHIPMENT"},"content":{"rendered":"\n<div class=\"wp-block-media-text alignwide has-media-on-the-right is-vertically-aligned-center is-image-fill-element is-stacked-on-mobile image-text-2\" style=\"grid-template-columns:auto 49%\"><div class=\"wp-block-media-text__content\">\n<h2 class=\"wp-block-heading\" id=\"block-78edcdf5-6649-4c2c-a830-368fe35a7072\">Szybsza dostawa bez dodatkowych koszt\u00f3w<\/h2>\n\n\n\n<p>Prowad\u017a sw\u00f3j biznes bez konieczno\u015bci magazynowania towaru. Zarz\u0105dzamy produkcj\u0105 i wysy\u0142amy zam\u00f3wienia bezpo\u015brednio do Twoich klient\u00f3w w ca\u0142ej Europie \u2014 dok\u0142adnie wtedy, kiedy tego potrzebujesz. Nasza bezp\u0142atna us\u0142uga drop shipment white label pomaga usprawni\u0107 operacje, skr\u00f3ci\u0107 czas obs\u0142ugi, przyspieszy\u0107 realizacj\u0119 zam\u00f3wie\u0144 oraz wyeliminowa\u0107 ryzyko finansowe zwi\u0105zane z utrzymywaniem zapas\u00f3w. <\/p>\n\n\n\n<p><em>&#8216;Ty skupiasz si\u0119 na rozwoju swojego biznesu \u2014 my zajmiemy si\u0119 reszt\u0105&#8217;<\/em><\/p>\n\n\n\n<p>Terminy? Dzi\u0119ki naszemu europejskiemu magazynowi oraz sprawdzonej sieci logistycznej Twoje zam\u00f3wienia docieraj\u0105 szybko i niezawodnie na terenie ca\u0142ej Europy.<\/p>\n<\/div><figure class=\"wp-block-media-text__media\"><img data-aspectratio=\"900\/600\" src=\"data:image\/gif;base64,R0lGODlhAQABAIAAAAAAAP\/\/\/yH5BAEAAAAALAAAAAABAAEAAAIBRAA7\" decoding=\"async\" width=\"900\" height=\"600\" data-src=\"https:\/\/www.showdowndisplays.eu\/wp-content\/uploads\/2025\/09\/Dropshipment-1.jpg\" alt=\"\" class=\"wp-image-48018 size-full lazyload\" style=\"object-position:50% 50%\" data-srcset=\"https:\/\/www.showdowndisplays.eu\/wp-content\/uploads\/2025\/09\/Dropshipment-1.jpg 900w, https:\/\/www.showdowndisplays.eu\/wp-content\/uploads\/2025\/09\/Dropshipment-1-405x270.jpg 405w, https:\/\/www.showdowndisplays.eu\/wp-content\/uploads\/2025\/09\/Dropshipment-1-768x512.jpg 768w, https:\/\/www.showdowndisplays.eu\/wp-content\/uploads\/2025\/09\/Dropshipment-1-380x253.jpg 380w, https:\/\/www.showdowndisplays.eu\/wp-content\/uploads\/2025\/09\/Dropshipment-1-96x64.jpg 96w, https:\/\/www.showdowndisplays.eu\/wp-content\/uploads\/2025\/09\/Dropshipment-1-200x133.jpg 200w\" sizes=\"(max-width: 900px) 100vw, 900px\" \/><noscript><img decoding=\"async\" width=\"900\" height=\"600\" src=\"https:\/\/www.showdowndisplays.eu\/wp-content\/uploads\/2025\/09\/Dropshipment-1.jpg\" alt=\"\" class=\"wp-image-48018 size-full\" style=\"object-position:50% 50%\" srcset=\"https:\/\/www.showdowndisplays.eu\/wp-content\/uploads\/2025\/09\/Dropshipment-1.jpg 900w, https:\/\/www.showdowndisplays.eu\/wp-content\/uploads\/2025\/09\/Dropshipment-1-405x270.jpg 405w, https:\/\/www.showdowndisplays.eu\/wp-content\/uploads\/2025\/09\/Dropshipment-1-768x512.jpg 768w, https:\/\/www.showdowndisplays.eu\/wp-content\/uploads\/2025\/09\/Dropshipment-1-380x253.jpg 380w, https:\/\/www.showdowndisplays.eu\/wp-content\/uploads\/2025\/09\/Dropshipment-1-96x64.jpg 96w, https:\/\/www.showdowndisplays.eu\/wp-content\/uploads\/2025\/09\/Dropshipment-1-200x133.jpg 200w\" sizes=\"(max-width: 900px) 100vw, 900px\" \/><\/noscript><\/figure><\/div>\n\n\n\n<div style=\"height:20px\" aria-hidden=\"true\" class=\"wp-block-spacer\"><\/div>\n\n\n\n<h2 class=\"wp-block-heading has-text-align-center\">KORZY\u015aCI Z WYSY\u0141KI BEZPO\u015aREDNIEJ<\/h2>\n\n\n\n<div style=\"height:20px\" aria-hidden=\"true\" class=\"wp-block-spacer\"><\/div>\n\n\n    <div class=\"marketing\">\r\n                                <div class=\"marketing__item marketing__item--2\">\r\n\r\n                <div class=\"marketing__image\">\r\n                                    <\/div>\r\n                <div class=\"marketing__content-wrapper global-style\">\r\n                                        <div class=\"marketing__content\">\r\n                        <h4 style=\"text-align: center;\">1. Bezp\u0142atny drop shipment white label<\/h4>\n<p style=\"text-align: center;\">Podczas sk\u0142adania zam\u00f3wienia online mo\u017cesz wybra\u0107 <em>neutralny lub spersonalizowany<\/em> dokument dostawy. Uwaga: zgodnie z obowi\u0105zuj\u0105cymi przepisami GSPR, nazwa naszej firmy b\u0119dzie widoczna na opakowaniu jako producent.<\/p>\n                    <\/div>\r\n                <\/div>\r\n\r\n                \r\n            <\/div>\r\n\r\n                                <div class=\"marketing__item marketing__item--2\">\r\n\r\n                <div class=\"marketing__image\">\r\n                                    <\/div>\r\n                <div class=\"marketing__content-wrapper global-style\">\r\n                                        <div class=\"marketing__content\">\r\n                        <h4 style=\"text-align: center;\">2. Przejrzyste ceny<\/h4>\n<p style=\"text-align: center;\">Wyra\u017anie rozdzielamy cen\u0119 produktu, rodzaj wysy\u0142ki oraz koszty dostawy, <em>dzi\u0119ki czemu zawsze dok\u0142adnie wiesz, za co p\u0142acisz<\/em>. Koszty wysy\u0142ki s\u0105 obliczane na podstawie warto\u015bci zam\u00f3wienia.<\/p>\n                    <\/div>\r\n                <\/div>\r\n\r\n                                    <a href=\"https:\/\/www.showdowndisplays.eu\/parcel-shipping-price-conditions\/?_gl=1*sqbrgb*_gcl_au*MTA5NjY1Mjc3Ni4xNzU0NTY2OTAw*_ga*MTgwMDIwMDE3OS4xNjkyMTc4OTY0*_ga_T04WK3HE04*czE3NjIxNzIzMTIkbzQ3MiRnMSR0MTc2MjE3NDgyNSRqNTUkbDAkaDA.\"  class=\"marketing__read-more link-with-arrow link-with-arrow--blue\">Czytaj wi\u0119cej<\/a>\r\n                \r\n            <\/div>\r\n\r\n                                <div class=\"marketing__item marketing__item--2\">\r\n\r\n                <div class=\"marketing__image\">\r\n                                    <\/div>\r\n                <div class=\"marketing__content-wrapper global-style\">\r\n                                        <div class=\"marketing__content\">\r\n                        <h4 style=\"text-align: center;\">3. Jasne terminy produkcji<\/h4>\n<p style=\"text-align: center;\">Zapewniamy transparentne terminy realizacji wszystkich drukowanych i produkowanych artyku\u0142\u00f3w \u2014 dost\u0119pne na ka\u017cdej stronie produktu \u2014 <em>co pozwala planowa\u0107 zam\u00f3wienia z pe\u0142nym spokojem<\/em>.<\/p>\n                    <\/div>\r\n                <\/div>\r\n\r\n                \r\n            <\/div>\r\n\r\n                                <div class=\"marketing__item marketing__item--2\">\r\n\r\n                <div class=\"marketing__image\">\r\n                                    <\/div>\r\n                <div class=\"marketing__content-wrapper global-style\">\r\n                                        <div class=\"marketing__content\">\r\n                        <h4 style=\"text-align: center;\">4. \u015aledzenie w czasie rzeczywistym<\/h4>\n<p style=\"text-align: center;\">Z\u0142\u00f3\u017c zam\u00f3wienie online i <em>\u015bled\u017a je bezpo\u015brednio ze swojego konta<\/em>. Dzi\u0119ki aktualizacjom w czasie rzeczywistym zawsze wiesz, gdzie znajduje si\u0119 Twoja przesy\u0142ka i kiedy zostanie dostarczona.<\/p>\n                    <\/div>\r\n                <\/div>\r\n\r\n                \r\n            <\/div>\r\n\r\n                                <div class=\"marketing__item marketing__item--2\">\r\n\r\n                <div class=\"marketing__image\">\r\n                                    <\/div>\r\n                <div class=\"marketing__content-wrapper global-style\">\r\n                                        <div class=\"marketing__content\">\r\n                        <h4 style=\"text-align: center;\">5. Dopasowane rozwi\u0105zania wysy\u0142kowe<\/h4>\n<p style=\"text-align: center;\">Niezale\u017cnie od tego, czy potrzebujesz wysy\u0142ki paletowej, ekspresowej czy specjalistycznej, przygotowujemy indywidualne wyceny <em>dopasowane do Twoich unikalnych potrzeb logistycznych.<\/em><\/p>\n                    <\/div>\r\n                <\/div>\r\n\r\n                \r\n            <\/div>\r\n\r\n                                <div class=\"marketing__item marketing__item--2\">\r\n\r\n                <div class=\"marketing__image\">\r\n                                    <\/div>\r\n                <div class=\"marketing__content-wrapper global-style\">\r\n                                        <div class=\"marketing__content\">\r\n                        <h4 style=\"text-align: center;\">6. Zapisane adresy dostawy<\/h4>\n<p style=\"text-align: center;\">Oszcz\u0119dzaj czas dzi\u0119ki ksi\u0105\u017cce adresowej na swoim koncie. <em>Przechowuj wiele adres\u00f3w dostawy<\/em> i wysy\u0142aj zam\u00f3wienia szybko \u2014 dok\u0142adnie wtedy, gdy tego potrzebujesz.<\/p>\n\n                    <\/div>\r\n                <\/div>\r\n\r\n                \r\n            <\/div>\r\n\r\n            <\/div>\r\n\n\n\n<div style=\"height:80px\" aria-hidden=\"true\" class=\"wp-block-spacer\"><\/div>\n\n\n\n<p><strong><span style=\"text-decoration: underline;\">Zastrze\u017cenie:<\/span><\/strong> <em>Z\u0142o\u017cenie zam\u00f3wienia online na produkty standardowe obejmuje standardowe opakowanie, etykietowanie i standardow\u0105 wysy\u0142k\u0119 na jeden adres dostawy podany w koszyku. Je\u015bli potrzebujesz innego opakowania, niestandardowej etykiety wykraczaj\u0105cej poza nasze standardowe opcje lub dostawy na kilka adres\u00f3w, skontaktuj si\u0119 z przedstawicielem handlowym, aby om\u00f3wi\u0107 dost\u0119pne mo\u017cliwo\u015bci.<\/em><\/p>\n\n\n\n<div style=\"height:80px\" aria-hidden=\"true\" class=\"wp-block-spacer\"><\/div>\n\n\n\n<h2 class=\"wp-block-heading has-text-align-center\">Powi\u0105zane strony<\/h2>\n\n\n    <div class=\"marketing\">\r\n                                <div class=\"marketing__item marketing__item--3\">\r\n\r\n                <div class=\"marketing__image\">\r\n                    <img data-aspectratio=\"380\/238\" decoding=\"async\" width=\"380\" height=\"238\" data-aspectratio=\"380\/238\" src=\"data:image\/gif;base64,R0lGODlhAQABAIAAAAAAAP\/\/\/yH5BAEAAAAALAAAAAABAAEAAAIBRAA7\" data-src=\"https:\/\/www.showdowndisplays.eu\/wp-content\/uploads\/2021\/08\/Partnership_related-pages-380x238.jpg\" class=\"attachment-about-us size-about-us lazyload\" alt=\"Showdown-marketingsupport\" data-srcset=\"https:\/\/www.showdowndisplays.eu\/wp-content\/uploads\/2021\/08\/Partnership_related-pages-380x238.jpg 380w, https:\/\/www.showdowndisplays.eu\/wp-content\/uploads\/2021\/08\/Partnership_related-pages-432x270.jpg 432w, https:\/\/www.showdowndisplays.eu\/wp-content\/uploads\/2021\/08\/Partnership_related-pages-768x480.jpg 768w, https:\/\/www.showdowndisplays.eu\/wp-content\/uploads\/2021\/08\/Partnership_related-pages-96x60.jpg 96w, https:\/\/www.showdowndisplays.eu\/wp-content\/uploads\/2021\/08\/Partnership_related-pages-200x125.jpg 200w, https:\/\/www.showdowndisplays.eu\/wp-content\/uploads\/2021\/08\/Partnership_related-pages.jpg 800w\" sizes=\"(max-width: 380px) 100vw, 380px\" \/><noscript><img decoding=\"async\" width=\"380\" height=\"238\" data-aspectratio=\"380\/238\" src=\"data:image\/gif;base64,R0lGODlhAQABAIAAAAAAAP\/\/\/yH5BAEAAAAALAAAAAABAAEAAAIBRAA7\" data-src=\"https:\/\/www.showdowndisplays.eu\/wp-content\/uploads\/2021\/08\/Partnership_related-pages-380x238.jpg\" class=\"attachment-about-us size-about-us lazyload\" alt=\"Showdown-marketingsupport\" data-srcset=\"https:\/\/www.showdowndisplays.eu\/wp-content\/uploads\/2021\/08\/Partnership_related-pages-380x238.jpg 380w, https:\/\/www.showdowndisplays.eu\/wp-content\/uploads\/2021\/08\/Partnership_related-pages-432x270.jpg 432w, https:\/\/www.showdowndisplays.eu\/wp-content\/uploads\/2021\/08\/Partnership_related-pages-768x480.jpg 768w, https:\/\/www.showdowndisplays.eu\/wp-content\/uploads\/2021\/08\/Partnership_related-pages-96x60.jpg 96w, https:\/\/www.showdowndisplays.eu\/wp-content\/uploads\/2021\/08\/Partnership_related-pages-200x125.jpg 200w, https:\/\/www.showdowndisplays.eu\/wp-content\/uploads\/2021\/08\/Partnership_related-pages.jpg 800w\" sizes=\"(max-width: 380px) 100vw, 380px\" \/><\/noscript>                <\/div>\r\n                <div class=\"marketing__content-wrapper global-style\">\r\n                                            <div class=\"marketing__title-wrapper\">\r\n                            <h3>Partnerstwo<\/h3>\r\n                        <\/div>\r\n                                        <div class=\"marketing__content\">\r\n                                            <\/div>\r\n                <\/div>\r\n\r\n                                    <a href=\"https:\/\/www.showdowndisplays.eu\/partnership\/\"  class=\"marketing__read-more link-with-arrow link-with-arrow--blue\">Czytaj wi\u0119cej<\/a>\r\n                \r\n            <\/div>\r\n\r\n                                <div class=\"marketing__item marketing__item--3\">\r\n\r\n                <div class=\"marketing__image\">\r\n                    <img data-aspectratio=\"380\/238\" decoding=\"async\" width=\"380\" height=\"238\" data-aspectratio=\"380\/238\" src=\"data:image\/gif;base64,R0lGODlhAQABAIAAAAAAAP\/\/\/yH5BAEAAAAALAAAAAABAAEAAAIBRAA7\" data-src=\"https:\/\/www.showdowndisplays.eu\/wp-content\/uploads\/2021\/01\/Product-photos-and-videos-3-380x238.jpg\" class=\"attachment-about-us size-about-us lazyload\" alt=\" width\" data-srcset=\"https:\/\/www.showdowndisplays.eu\/wp-content\/uploads\/2021\/01\/Product-photos-and-videos-3-380x238.jpg 380w, https:\/\/www.showdowndisplays.eu\/wp-content\/uploads\/2021\/01\/Product-photos-and-videos-3-432x270.jpg 432w, https:\/\/www.showdowndisplays.eu\/wp-content\/uploads\/2021\/01\/Product-photos-and-videos-3-1024x640.jpg 1024w, https:\/\/www.showdowndisplays.eu\/wp-content\/uploads\/2021\/01\/Product-photos-and-videos-3-768x480.jpg 768w, https:\/\/www.showdowndisplays.eu\/wp-content\/uploads\/2021\/01\/Product-photos-and-videos-3-1536x960.jpg 1536w, https:\/\/www.showdowndisplays.eu\/wp-content\/uploads\/2021\/01\/Product-photos-and-videos-3-96x60.jpg 96w, https:\/\/www.showdowndisplays.eu\/wp-content\/uploads\/2021\/01\/Product-photos-and-videos-3-200x125.jpg 200w, https:\/\/www.showdowndisplays.eu\/wp-content\/uploads\/2021\/01\/Product-photos-and-videos-3.jpg 1600w\" sizes=\"(max-width: 380px) 100vw, 380px\" \/><noscript><img decoding=\"async\" width=\"380\" height=\"238\" data-aspectratio=\"380\/238\" src=\"data:image\/gif;base64,R0lGODlhAQABAIAAAAAAAP\/\/\/yH5BAEAAAAALAAAAAABAAEAAAIBRAA7\" data-src=\"https:\/\/www.showdowndisplays.eu\/wp-content\/uploads\/2021\/01\/Product-photos-and-videos-3-380x238.jpg\" class=\"attachment-about-us size-about-us lazyload\" alt=\" width\" data-srcset=\"https:\/\/www.showdowndisplays.eu\/wp-content\/uploads\/2021\/01\/Product-photos-and-videos-3-380x238.jpg 380w, https:\/\/www.showdowndisplays.eu\/wp-content\/uploads\/2021\/01\/Product-photos-and-videos-3-432x270.jpg 432w, https:\/\/www.showdowndisplays.eu\/wp-content\/uploads\/2021\/01\/Product-photos-and-videos-3-1024x640.jpg 1024w, https:\/\/www.showdowndisplays.eu\/wp-content\/uploads\/2021\/01\/Product-photos-and-videos-3-768x480.jpg 768w, https:\/\/www.showdowndisplays.eu\/wp-content\/uploads\/2021\/01\/Product-photos-and-videos-3-1536x960.jpg 1536w, https:\/\/www.showdowndisplays.eu\/wp-content\/uploads\/2021\/01\/Product-photos-and-videos-3-96x60.jpg 96w, https:\/\/www.showdowndisplays.eu\/wp-content\/uploads\/2021\/01\/Product-photos-and-videos-3-200x125.jpg 200w, https:\/\/www.showdowndisplays.eu\/wp-content\/uploads\/2021\/01\/Product-photos-and-videos-3.jpg 1600w\" sizes=\"(max-width: 380px) 100vw, 380px\" \/><\/noscript>                <\/div>\r\n                <div class=\"marketing__content-wrapper global-style\">\r\n                                            <div class=\"marketing__title-wrapper\">\r\n                            <h3>Wsparcie marketingowe<\/h3>\r\n                        <\/div>\r\n                                        <div class=\"marketing__content\">\r\n                                            <\/div>\r\n                <\/div>\r\n\r\n                                    <a href=\"https:\/\/www.showdowndisplays.eu\/marketing-support\/\"  class=\"marketing__read-more link-with-arrow link-with-arrow--blue\">Czytaj wi\u0119cej<\/a>\r\n                \r\n            <\/div>\r\n\r\n                                <div class=\"marketing__item marketing__item--3\">\r\n\r\n                <div class=\"marketing__image\">\r\n                    <img data-aspectratio=\"380\/253\" decoding=\"async\" width=\"380\" height=\"253\" data-aspectratio=\"380\/253\" src=\"data:image\/gif;base64,R0lGODlhAQABAIAAAAAAAP\/\/\/yH5BAEAAAAALAAAAAABAAEAAAIBRAA7\" data-src=\"https:\/\/www.showdowndisplays.eu\/wp-content\/uploads\/2021\/06\/Print-services_landscape_verkleind-380x253.jpg\" class=\"attachment-about-us size-about-us lazyload\" alt=\" width\" data-srcset=\"https:\/\/www.showdowndisplays.eu\/wp-content\/uploads\/2021\/06\/Print-services_landscape_verkleind-380x253.jpg 380w, https:\/\/www.showdowndisplays.eu\/wp-content\/uploads\/2021\/06\/Print-services_landscape_verkleind-405x270.jpg 405w, https:\/\/www.showdowndisplays.eu\/wp-content\/uploads\/2021\/06\/Print-services_landscape_verkleind-1024x683.jpg 1024w, https:\/\/www.showdowndisplays.eu\/wp-content\/uploads\/2021\/06\/Print-services_landscape_verkleind-768x512.jpg 768w, https:\/\/www.showdowndisplays.eu\/wp-content\/uploads\/2021\/06\/Print-services_landscape_verkleind-1536x1024.jpg 1536w, https:\/\/www.showdowndisplays.eu\/wp-content\/uploads\/2021\/06\/Print-services_landscape_verkleind-2048x1365.jpg 2048w, https:\/\/www.showdowndisplays.eu\/wp-content\/uploads\/2021\/06\/Print-services_landscape_verkleind-96x64.jpg 96w, https:\/\/www.showdowndisplays.eu\/wp-content\/uploads\/2021\/06\/Print-services_landscape_verkleind-200x133.jpg 200w\" sizes=\"(max-width: 380px) 100vw, 380px\" \/><noscript><img decoding=\"async\" width=\"380\" height=\"253\" data-aspectratio=\"380\/253\" src=\"data:image\/gif;base64,R0lGODlhAQABAIAAAAAAAP\/\/\/yH5BAEAAAAALAAAAAABAAEAAAIBRAA7\" data-src=\"https:\/\/www.showdowndisplays.eu\/wp-content\/uploads\/2021\/06\/Print-services_landscape_verkleind-380x253.jpg\" class=\"attachment-about-us size-about-us lazyload\" alt=\" width\" data-srcset=\"https:\/\/www.showdowndisplays.eu\/wp-content\/uploads\/2021\/06\/Print-services_landscape_verkleind-380x253.jpg 380w, https:\/\/www.showdowndisplays.eu\/wp-content\/uploads\/2021\/06\/Print-services_landscape_verkleind-405x270.jpg 405w, https:\/\/www.showdowndisplays.eu\/wp-content\/uploads\/2021\/06\/Print-services_landscape_verkleind-1024x683.jpg 1024w, https:\/\/www.showdowndisplays.eu\/wp-content\/uploads\/2021\/06\/Print-services_landscape_verkleind-768x512.jpg 768w, https:\/\/www.showdowndisplays.eu\/wp-content\/uploads\/2021\/06\/Print-services_landscape_verkleind-1536x1024.jpg 1536w, https:\/\/www.showdowndisplays.eu\/wp-content\/uploads\/2021\/06\/Print-services_landscape_verkleind-2048x1365.jpg 2048w, https:\/\/www.showdowndisplays.eu\/wp-content\/uploads\/2021\/06\/Print-services_landscape_verkleind-96x64.jpg 96w, https:\/\/www.showdowndisplays.eu\/wp-content\/uploads\/2021\/06\/Print-services_landscape_verkleind-200x133.jpg 200w\" sizes=\"(max-width: 380px) 100vw, 380px\" \/><\/noscript>                <\/div>\r\n                <div class=\"marketing__content-wrapper global-style\">\r\n                                            <div class=\"marketing__title-wrapper\">\r\n                            <h3>Us\u0142ugi druku<\/h3>\r\n                        <\/div>\r\n                                        <div class=\"marketing__content\">\r\n                                            <\/div>\r\n                <\/div>\r\n\r\n                                    <a href=\"https:\/\/www.showdowndisplays.eu\/services\/print-services-2\/\"  class=\"marketing__read-more link-with-arrow link-with-arrow--blue\">Czytaj wi\u0119cej<\/a>\r\n                \r\n            <\/div>\r\n\r\n            <\/div>\r\n","protected":false},"excerpt":{"rendered":"<p>Szybsza dostawa bez dodatkowych koszt\u00f3w Prowad\u017a sw\u00f3j biznes bez konieczno\u015bci magazynowania towaru. Zarz\u0105dzamy produkcj\u0105 i wysy\u0142amy zam\u00f3wienia bezpo\u015brednio do Twoich&#8230;<\/p>\n","protected":false},"author":16,"featured_media":0,"parent":0,"menu_order":0,"comment_status":"closed","ping_status":"closed","template":"","meta":{"_acf_changed":false,"footnotes":""},"class_list":["post-51691","page","type-page","status-publish","hentry"],"acf":[],"_links":{"self":[{"href":"https:\/\/www.showdowndisplays.eu\/pl\/wp-json\/wp\/v2\/pages\/51691","targetHints":{"allow":["GET"]}}],"collection":[{"href":"https:\/\/www.showdowndisplays.eu\/pl\/wp-json\/wp\/v2\/pages"}],"about":[{"href":"https:\/\/www.showdowndisplays.eu\/pl\/wp-json\/wp\/v2\/types\/page"}],"author":[{"embeddable":true,"href":"https:\/\/www.showdowndisplays.eu\/pl\/wp-json\/wp\/v2\/users\/16"}],"replies":[{"embeddable":true,"href":"https:\/\/www.showdowndisplays.eu\/pl\/wp-json\/wp\/v2\/comments?post=51691"}],"version-history":[{"count":11,"href":"https:\/\/www.showdowndisplays.eu\/pl\/wp-json\/wp\/v2\/pages\/51691\/revisions"}],"predecessor-version":[{"id":55985,"href":"https:\/\/www.showdowndisplays.eu\/pl\/wp-json\/wp\/v2\/pages\/51691\/revisions\/55985"}],"wp:attachment":[{"href":"https:\/\/www.showdowndisplays.eu\/pl\/wp-json\/wp\/v2\/media?parent=51691"}],"curies":[{"name":"wp","href":"https:\/\/api.w.org\/{rel}","templated":true}]}}