{"id":47653,"date":"2025-08-20T08:38:11","date_gmt":"2025-08-20T08:38:11","guid":{"rendered":"https:\/\/www.showdowndisplays.eu\/?page_id=47653"},"modified":"2025-08-20T08:39:47","modified_gmt":"2025-08-20T08:39:47","slug":"pakiet-danych-produktu-digital-signage","status":"publish","type":"page","link":"https:\/\/www.showdowndisplays.eu\/pl\/pakiet-danych-produktu-digital-signage\/","title":{"rendered":"Pakiet danych produktu Digital Signage"},"content":{"rendered":"\n<div class=\"wp-block-columns is-layout-flex wp-container-core-columns-is-layout-9d6595d7 wp-block-columns-is-layout-flex\">\n<div class=\"wp-block-column is-layout-flow wp-block-column-is-layout-flow\">\n<h2 class=\"wp-block-heading\">Popro\u015b o pakiet danych produktu dla Digital Signage<\/h2>\n\n\n\n<div class=\"wpcf7 no-js\" id=\"wpcf7-f47672-o1\" lang=\"en-US\" dir=\"ltr\" data-wpcf7-id=\"47672\">\n<div class=\"screen-reader-response\"><p role=\"status\" aria-live=\"polite\" aria-atomic=\"true\"> <ul><\/ul><\/div>\n<form action=\"\/pl\/wp-json\/wp\/v2\/pages\/47653#wpcf7-f47672-o1\" method=\"post\" class=\"wpcf7-form init\" aria-label=\"Contact form\" novalidate=\"novalidate\" data-status=\"init\">\n<fieldset class=\"hidden-fields-container\"><input type=\"hidden\" name=\"_wpcf7\" value=\"47672\" \/><input type=\"hidden\" name=\"_wpcf7_version\" value=\"6.1.5\" \/><input type=\"hidden\" name=\"_wpcf7_locale\" value=\"en_US\" \/><input type=\"hidden\" name=\"_wpcf7_unit_tag\" value=\"wpcf7-f47672-o1\" \/><input type=\"hidden\" name=\"_wpcf7_container_post\" value=\"0\" \/><input type=\"hidden\" name=\"_wpcf7_posted_data_hash\" value=\"\" \/><input type=\"hidden\" name=\"_wpcf7_recaptcha_response\" value=\"\" \/>\n<\/fieldset>\n<div class=\"input-wrapper\">\n\t<p><label for=\"full-name\">Pe\u0142na nazwa<\/label><br \/>\n<span class=\"wpcf7-form-control-wrap\" data-name=\"full-name\"><input size=\"40\" maxlength=\"400\" class=\"wpcf7-form-control wpcf7-text wpcf7-validates-as-required full-name\" id=\"full-name\" aria-required=\"true\" aria-invalid=\"false\" placeholder=\"John Doe\" value=\"\" type=\"text\" name=\"full-name\" \/><\/span>\n\t<\/p>\n<\/div>\n<div class=\"input-wrapper\">\n\t<p><label for=\"company\">Firma<\/label><br \/>\n<span class=\"wpcf7-form-control-wrap\" data-name=\"company\"><input size=\"40\" maxlength=\"400\" class=\"wpcf7-form-control wpcf7-text wpcf7-validates-as-required company\" id=\"company\" aria-required=\"true\" aria-invalid=\"false\" placeholder=\"Showdown Displays Europe\" value=\"\" type=\"text\" name=\"company\" \/><\/span>\n\t<\/p>\n<\/div>\n<div class=\"input-wrapper\">\n\t<p><label for=\"form-email\">E-mail<\/label><br \/>\n<span class=\"wpcf7-form-control-wrap\" data-name=\"email\"><input size=\"40\" maxlength=\"400\" class=\"wpcf7-form-control wpcf7-email wpcf7-validates-as-required wpcf7-text wpcf7-validates-as-email form-email\" id=\"form-email\" aria-required=\"true\" aria-invalid=\"false\" placeholder=\"john@doe.com\" value=\"\" type=\"email\" name=\"email\" \/><\/span>\n\t<\/p>\n<\/div>\n\n<div class=\"submit-wrapper\">\n\t<p><input class=\"wpcf7-form-control wpcf7-submit has-spinner button\" type=\"submit\" value=\"Potwierdzi\u0107\" \/>\n\t<\/p>\n<\/div><div class=\"wpcf7-response-output\" aria-hidden=\"true\"><\/div>\n<\/form>\n<\/div>\n\n<\/div>\n\n\n\n<div class=\"wp-block-column is-layout-flow wp-block-column-is-layout-flow\">\n<figure class=\"wp-block-image size-large image-no-margin\"><img data-aspectratio=\"1024\/683\" src=\"data:image\/gif;base64,R0lGODlhAQABAIAAAAAAAP\/\/\/yH5BAEAAAAALAAAAAABAAEAAAIBRAA7\" decoding=\"async\" width=\"1024\" height=\"683\" data-src=\"https:\/\/www.showdowndisplays.eu\/wp-content\/uploads\/2023\/04\/laptop-with-product_data_package-min-1-1024x683.jpg\" alt=\"\" class=\"wp-image-27671 lazyload\" data-srcset=\"https:\/\/www.showdowndisplays.eu\/wp-content\/uploads\/2023\/04\/laptop-with-product_data_package-min-1-1024x683.jpg 1024w, https:\/\/www.showdowndisplays.eu\/wp-content\/uploads\/2023\/04\/laptop-with-product_data_package-min-1-405x270.jpg 405w, https:\/\/www.showdowndisplays.eu\/wp-content\/uploads\/2023\/04\/laptop-with-product_data_package-min-1-768x512.jpg 768w, https:\/\/www.showdowndisplays.eu\/wp-content\/uploads\/2023\/04\/laptop-with-product_data_package-min-1-1536x1024.jpg 1536w, https:\/\/www.showdowndisplays.eu\/wp-content\/uploads\/2023\/04\/laptop-with-product_data_package-min-1-2048x1365.jpg 2048w, https:\/\/www.showdowndisplays.eu\/wp-content\/uploads\/2023\/04\/laptop-with-product_data_package-min-1-380x253.jpg 380w, https:\/\/www.showdowndisplays.eu\/wp-content\/uploads\/2023\/04\/laptop-with-product_data_package-min-1-96x64.jpg 96w, https:\/\/www.showdowndisplays.eu\/wp-content\/uploads\/2023\/04\/laptop-with-product_data_package-min-1-200x133.jpg 200w\" sizes=\"(max-width: 1024px) 100vw, 1024px\" \/><noscript><img decoding=\"async\" width=\"1024\" height=\"683\" src=\"https:\/\/www.showdowndisplays.eu\/wp-content\/uploads\/2023\/04\/laptop-with-product_data_package-min-1-1024x683.jpg\" alt=\"\" class=\"wp-image-27671\" srcset=\"https:\/\/www.showdowndisplays.eu\/wp-content\/uploads\/2023\/04\/laptop-with-product_data_package-min-1-1024x683.jpg 1024w, https:\/\/www.showdowndisplays.eu\/wp-content\/uploads\/2023\/04\/laptop-with-product_data_package-min-1-405x270.jpg 405w, https:\/\/www.showdowndisplays.eu\/wp-content\/uploads\/2023\/04\/laptop-with-product_data_package-min-1-768x512.jpg 768w, https:\/\/www.showdowndisplays.eu\/wp-content\/uploads\/2023\/04\/laptop-with-product_data_package-min-1-1536x1024.jpg 1536w, https:\/\/www.showdowndisplays.eu\/wp-content\/uploads\/2023\/04\/laptop-with-product_data_package-min-1-2048x1365.jpg 2048w, https:\/\/www.showdowndisplays.eu\/wp-content\/uploads\/2023\/04\/laptop-with-product_data_package-min-1-380x253.jpg 380w, https:\/\/www.showdowndisplays.eu\/wp-content\/uploads\/2023\/04\/laptop-with-product_data_package-min-1-96x64.jpg 96w, https:\/\/www.showdowndisplays.eu\/wp-content\/uploads\/2023\/04\/laptop-with-product_data_package-min-1-200x133.jpg 200w\" sizes=\"(max-width: 1024px) 100vw, 1024px\" \/><\/noscript><\/figure>\n<\/div>\n<\/div>\n\n\n\n<div class=\"wp-block-group block-white-background\"><div class=\"wp-block-group__inner-container is-layout-flow wp-block-group-is-layout-flow\">\n<div class=\"wp-block-columns is-layout-flex wp-container-core-columns-is-layout-9d6595d7 wp-block-columns-is-layout-flex\"><\/div>\n\n\n\n<h2 class=\"wp-block-heading\"><strong>O <\/strong>PAKIECIE DANYCH PRODUKTU<\/h2>\n\n\n\n<h4 class=\"wp-block-heading\">Co znajduje si\u0119 w \u015brodku?<\/h4>\n\n\n\n<p>Pakiet danych produktu zawiera:<\/p>\n\n\n\n<ul class=\"wp-block-list\">\n<li>Dane produktowe naszego sprz\u0119tu, akcesori\u00f3w i produkt\u00f3w poligraficznych<\/li>\n\n\n\n<li>SKU, kody EAN i specyfikacje produkt\u00f3w<\/li>\n\n\n\n<li>Neutralne handlowe teksty produktowe, dost\u0119pne w j\u0119zyku angielskim, niemieckim i holenderskim<\/li>\n\n\n\n<li>\u0141\u0105cza do zdj\u0119\u0107 produkt\u00f3w, do pobrania z serwera<\/li>\n\n\n\n<li>Cennik<\/li>\n<\/ul>\n\n\n\n<div class=\"wp-block-columns is-layout-flex wp-container-core-columns-is-layout-9d6595d7 wp-block-columns-is-layout-flex\">\n<div class=\"wp-block-column is-layout-flow wp-block-column-is-layout-flow\">\n<figure class=\"wp-block-image size-full\"><img data-aspectratio=\"300\/300\" src=\"data:image\/gif;base64,R0lGODlhAQABAIAAAAAAAP\/\/\/yH5BAEAAAAALAAAAAABAAEAAAIBRAA7\" decoding=\"async\" width=\"300\" height=\"300\" data-src=\"https:\/\/www.showdowndisplays.eu\/wp-content\/uploads\/2025\/07\/Products_Digital_L-Stand_Nova-2.png\" alt=\"\" class=\"wp-image-46927 lazyload\" data-srcset=\"https:\/\/www.showdowndisplays.eu\/wp-content\/uploads\/2025\/07\/Products_Digital_L-Stand_Nova-2.png 300w, https:\/\/www.showdowndisplays.eu\/wp-content\/uploads\/2025\/07\/Products_Digital_L-Stand_Nova-2-270x270.png 270w, https:\/\/www.showdowndisplays.eu\/wp-content\/uploads\/2025\/07\/Products_Digital_L-Stand_Nova-2-96x96.png 96w, https:\/\/www.showdowndisplays.eu\/wp-content\/uploads\/2025\/07\/Products_Digital_L-Stand_Nova-2-200x200.png 200w\" sizes=\"(max-width: 300px) 100vw, 300px\" \/><noscript><img decoding=\"async\" width=\"300\" height=\"300\" src=\"https:\/\/www.showdowndisplays.eu\/wp-content\/uploads\/2025\/07\/Products_Digital_L-Stand_Nova-2.png\" alt=\"\" class=\"wp-image-46927\" srcset=\"https:\/\/www.showdowndisplays.eu\/wp-content\/uploads\/2025\/07\/Products_Digital_L-Stand_Nova-2.png 300w, https:\/\/www.showdowndisplays.eu\/wp-content\/uploads\/2025\/07\/Products_Digital_L-Stand_Nova-2-270x270.png 270w, https:\/\/www.showdowndisplays.eu\/wp-content\/uploads\/2025\/07\/Products_Digital_L-Stand_Nova-2-96x96.png 96w, https:\/\/www.showdowndisplays.eu\/wp-content\/uploads\/2025\/07\/Products_Digital_L-Stand_Nova-2-200x200.png 200w\" sizes=\"(max-width: 300px) 100vw, 300px\" \/><\/noscript><\/figure>\n<\/div>\n\n\n\n<div class=\"wp-block-column is-layout-flow wp-block-column-is-layout-flow\">\n<figure class=\"wp-block-image size-full\"><img data-aspectratio=\"300\/300\" src=\"data:image\/gif;base64,R0lGODlhAQABAIAAAAAAAP\/\/\/yH5BAEAAAAALAAAAAABAAEAAAIBRAA7\" decoding=\"async\" width=\"300\" height=\"300\" data-src=\"https:\/\/www.showdowndisplays.eu\/wp-content\/uploads\/2025\/07\/DISTOTEMBL_300x300.png\" alt=\"\" class=\"wp-image-46949 lazyload\" data-srcset=\"https:\/\/www.showdowndisplays.eu\/wp-content\/uploads\/2025\/07\/DISTOTEMBL_300x300.png 300w, https:\/\/www.showdowndisplays.eu\/wp-content\/uploads\/2025\/07\/DISTOTEMBL_300x300-270x270.png 270w, https:\/\/www.showdowndisplays.eu\/wp-content\/uploads\/2025\/07\/DISTOTEMBL_300x300-96x96.png 96w, https:\/\/www.showdowndisplays.eu\/wp-content\/uploads\/2025\/07\/DISTOTEMBL_300x300-200x200.png 200w\" sizes=\"(max-width: 300px) 100vw, 300px\" \/><noscript><img decoding=\"async\" width=\"300\" height=\"300\" src=\"https:\/\/www.showdowndisplays.eu\/wp-content\/uploads\/2025\/07\/DISTOTEMBL_300x300.png\" alt=\"\" class=\"wp-image-46949\" srcset=\"https:\/\/www.showdowndisplays.eu\/wp-content\/uploads\/2025\/07\/DISTOTEMBL_300x300.png 300w, https:\/\/www.showdowndisplays.eu\/wp-content\/uploads\/2025\/07\/DISTOTEMBL_300x300-270x270.png 270w, https:\/\/www.showdowndisplays.eu\/wp-content\/uploads\/2025\/07\/DISTOTEMBL_300x300-96x96.png 96w, https:\/\/www.showdowndisplays.eu\/wp-content\/uploads\/2025\/07\/DISTOTEMBL_300x300-200x200.png 200w\" sizes=\"(max-width: 300px) 100vw, 300px\" \/><\/noscript><\/figure>\n<\/div>\n\n\n\n<div class=\"wp-block-column is-layout-flow wp-block-column-is-layout-flow\">\n<figure class=\"wp-block-image size-full\"><img data-aspectratio=\"300\/300\" src=\"data:image\/gif;base64,R0lGODlhAQABAIAAAAAAAP\/\/\/yH5BAEAAAAALAAAAAABAAEAAAIBRAA7\" decoding=\"async\" width=\"300\" height=\"300\" data-src=\"https:\/\/www.showdowndisplays.eu\/wp-content\/uploads\/2025\/07\/Products_Digital_Totem_Sky_Go-3.png\" alt=\"\" class=\"wp-image-46941 lazyload\" data-srcset=\"https:\/\/www.showdowndisplays.eu\/wp-content\/uploads\/2025\/07\/Products_Digital_Totem_Sky_Go-3.png 300w, https:\/\/www.showdowndisplays.eu\/wp-content\/uploads\/2025\/07\/Products_Digital_Totem_Sky_Go-3-270x270.png 270w, https:\/\/www.showdowndisplays.eu\/wp-content\/uploads\/2025\/07\/Products_Digital_Totem_Sky_Go-3-96x96.png 96w, https:\/\/www.showdowndisplays.eu\/wp-content\/uploads\/2025\/07\/Products_Digital_Totem_Sky_Go-3-200x200.png 200w\" sizes=\"(max-width: 300px) 100vw, 300px\" \/><noscript><img decoding=\"async\" width=\"300\" height=\"300\" src=\"https:\/\/www.showdowndisplays.eu\/wp-content\/uploads\/2025\/07\/Products_Digital_Totem_Sky_Go-3.png\" alt=\"\" class=\"wp-image-46941\" srcset=\"https:\/\/www.showdowndisplays.eu\/wp-content\/uploads\/2025\/07\/Products_Digital_Totem_Sky_Go-3.png 300w, https:\/\/www.showdowndisplays.eu\/wp-content\/uploads\/2025\/07\/Products_Digital_Totem_Sky_Go-3-270x270.png 270w, https:\/\/www.showdowndisplays.eu\/wp-content\/uploads\/2025\/07\/Products_Digital_Totem_Sky_Go-3-96x96.png 96w, https:\/\/www.showdowndisplays.eu\/wp-content\/uploads\/2025\/07\/Products_Digital_Totem_Sky_Go-3-200x200.png 200w\" sizes=\"(max-width: 300px) 100vw, 300px\" \/><\/noscript><\/figure>\n<\/div>\n<\/div>\n<\/div><\/div>\n","protected":false},"excerpt":{"rendered":"<p>Popro\u015b o pakiet danych produktu dla Digital Signage O PAKIECIE DANYCH PRODUKTU Co znajduje si\u0119 w \u015brodku? Pakiet danych produktu&#8230;<\/p>\n","protected":false},"author":5,"featured_media":0,"parent":0,"menu_order":0,"comment_status":"closed","ping_status":"closed","template":"","meta":{"_acf_changed":false,"footnotes":""},"class_list":["post-47653","page","type-page","status-publish","hentry"],"acf":[],"_links":{"self":[{"href":"https:\/\/www.showdowndisplays.eu\/pl\/wp-json\/wp\/v2\/pages\/47653","targetHints":{"allow":["GET"]}}],"collection":[{"href":"https:\/\/www.showdowndisplays.eu\/pl\/wp-json\/wp\/v2\/pages"}],"about":[{"href":"https:\/\/www.showdowndisplays.eu\/pl\/wp-json\/wp\/v2\/types\/page"}],"author":[{"embeddable":true,"href":"https:\/\/www.showdowndisplays.eu\/pl\/wp-json\/wp\/v2\/users\/5"}],"replies":[{"embeddable":true,"href":"https:\/\/www.showdowndisplays.eu\/pl\/wp-json\/wp\/v2\/comments?post=47653"}],"version-history":[{"count":2,"href":"https:\/\/www.showdowndisplays.eu\/pl\/wp-json\/wp\/v2\/pages\/47653\/revisions"}],"predecessor-version":[{"id":47673,"href":"https:\/\/www.showdowndisplays.eu\/pl\/wp-json\/wp\/v2\/pages\/47653\/revisions\/47673"}],"wp:attachment":[{"href":"https:\/\/www.showdowndisplays.eu\/pl\/wp-json\/wp\/v2\/media?parent=47653"}],"curies":[{"name":"wp","href":"https:\/\/api.w.org\/{rel}","templated":true}]}}