{"id":47452,"date":"2025-07-31T10:06:34","date_gmt":"2025-07-31T10:06:34","guid":{"rendered":"https:\/\/www.showdowndisplays.eu\/?page_id=47452"},"modified":"2025-08-01T05:57:33","modified_gmt":"2025-08-01T05:57:33","slug":"koszty-palet","status":"publish","type":"page","link":"https:\/\/www.showdowndisplays.eu\/pl\/koszty-palet\/","title":{"rendered":"Koszty palet"},"content":{"rendered":"\n<p class=\"has-white-background-color has-background\"><strong>Kraje w systemie wymiany EPAL <\/strong><br><em>Austria, Belgia, Czechy, Niemcy, Luksemburg, Niderlandy, Polska i S\u0142owacja<\/em><br><br><strong>Paleta Euro: <\/strong>Koszt palety nie b\u0119dzie naliczany. <br><strong>Paleta XL: <\/strong>Palety XL nie podlegaj\u0105 systemowi wymiany EPAL. Op\u0142ata dodatkowa za palet\u0119 XL b\u0119dzie naliczana za ka\u017cd\u0105 palet\u0119 XL. Koszt waha si\u0119 od 23,00 do 45,00 euro, w zale\u017cno\u015bci od rozmiaru palety XL. Aby uzyska\u0107 wi\u0119cej informacji, skontaktuj si\u0119 ze swoim przedstawicielem handlowym. <br><br>Wszystkie koszty za palety zostan\u0105 doliczone po potwierdzeniu zam\u00f3wienia. <\/p>\n\n\n\n<p class=\"has-white-background-color has-background\"><strong>Kraje poza systemem wymiany EPAL <\/strong><br><em>Wszystkie pozosta\u0142e kraje niewymienione powy\u017cej.<\/em><br><br><strong>Paleta Euro:<\/strong> Op\u0142ata w wysoko\u015bci 6,50 euro zostanie naliczona za ka\u017cd\u0105 palet\u0119 Euro.<br><strong>Paleta XL: <\/strong>Op\u0142ata dodatkowa za palet\u0119 XL b\u0119dzie naliczana za ka\u017cd\u0105 palet\u0119 XL. Koszt waha si\u0119 od 23,00 do 45,00 euro, w zale\u017cno\u015bci od rozmiaru palety XL. Aby uzyska\u0107 wi\u0119cej informacji, skontaktuj si\u0119 ze swoim przedstawicielem handlowym.<br><br>Wszystkie koszty za palety zostan\u0105 doliczone po potwierdzeniu zam\u00f3wienia.<\/p>\n\n\n\n<p class=\"has-text-align-center has-white-background-color has-background\"><a href=\"https:\/\/www.showdowndisplays.eu\/pl\/parcel-shipping-price-conditions\/\">Kliknij tutaj<\/a>, aby zobaczy\u0107 przegl\u0105d koszt\u00f3w wysy\u0142ki.<\/p>\n\n\n\n\n","protected":false},"excerpt":{"rendered":"<p>Kraje w systemie wymiany EPAL Austria, Belgia, Czechy, Niemcy, Luksemburg, Niderlandy, Polska i S\u0142owacja Paleta Euro: Koszt palety nie b\u0119dzie&#8230;<\/p>\n","protected":false},"author":12,"featured_media":0,"parent":0,"menu_order":0,"comment_status":"closed","ping_status":"closed","template":"","meta":{"_acf_changed":false,"footnotes":""},"class_list":["post-47452","page","type-page","status-publish","hentry"],"acf":[],"_links":{"self":[{"href":"https:\/\/www.showdowndisplays.eu\/pl\/wp-json\/wp\/v2\/pages\/47452","targetHints":{"allow":["GET"]}}],"collection":[{"href":"https:\/\/www.showdowndisplays.eu\/pl\/wp-json\/wp\/v2\/pages"}],"about":[{"href":"https:\/\/www.showdowndisplays.eu\/pl\/wp-json\/wp\/v2\/types\/page"}],"author":[{"embeddable":true,"href":"https:\/\/www.showdowndisplays.eu\/pl\/wp-json\/wp\/v2\/users\/12"}],"replies":[{"embeddable":true,"href":"https:\/\/www.showdowndisplays.eu\/pl\/wp-json\/wp\/v2\/comments?post=47452"}],"version-history":[{"count":3,"href":"https:\/\/www.showdowndisplays.eu\/pl\/wp-json\/wp\/v2\/pages\/47452\/revisions"}],"predecessor-version":[{"id":47528,"href":"https:\/\/www.showdowndisplays.eu\/pl\/wp-json\/wp\/v2\/pages\/47452\/revisions\/47528"}],"wp:attachment":[{"href":"https:\/\/www.showdowndisplays.eu\/pl\/wp-json\/wp\/v2\/media?parent=47452"}],"curies":[{"name":"wp","href":"https:\/\/api.w.org\/{rel}","templated":true}]}}