{"id":37346,"date":"2024-06-24T12:56:06","date_gmt":"2024-06-24T12:56:06","guid":{"rendered":"https:\/\/www.showdowndisplays.eu\/print-symbols\/"},"modified":"2024-09-11T07:02:59","modified_gmt":"2024-09-11T07:02:59","slug":"print-symbols","status":"publish","type":"page","link":"https:\/\/www.showdowndisplays.eu\/pl\/print-symbols\/","title":{"rendered":"Symbole drukowania"},"content":{"rendered":"\n<div class=\"wp-block-group block-white-background\"><div class=\"wp-block-group__inner-container is-layout-constrained wp-block-group-is-layout-constrained\">\n<div class=\"wp-block-media-text is-stacked-on-mobile is-vertically-aligned-center\" style=\"grid-template-columns:15% auto\"><figure class=\"wp-block-media-text__media\"><img data-aspectratio=\"344\/344\" src=\"data:image\/gif;base64,R0lGODlhAQABAIAAAAAAAP\/\/\/yH5BAEAAAAALAAAAAABAAEAAAIBRAA7\" decoding=\"async\" width=\"344\" height=\"344\" data-src=\"https:\/\/www.showdowndisplays.eu\/wp-content\/uploads\/2024\/06\/OV_Icons_Errors-DPI.png\" alt=\"\" class=\"wp-image-37038 size-full lazyload\" data-srcset=\"https:\/\/www.showdowndisplays.eu\/wp-content\/uploads\/2024\/06\/OV_Icons_Errors-DPI.png 344w, https:\/\/www.showdowndisplays.eu\/wp-content\/uploads\/2024\/06\/OV_Icons_Errors-DPI-270x270.png 270w, https:\/\/www.showdowndisplays.eu\/wp-content\/uploads\/2024\/06\/OV_Icons_Errors-DPI-96x96.png 96w, https:\/\/www.showdowndisplays.eu\/wp-content\/uploads\/2024\/06\/OV_Icons_Errors-DPI-200x200.png 200w\" sizes=\"(max-width: 344px) 100vw, 344px\" \/><noscript><img decoding=\"async\" width=\"344\" height=\"344\" src=\"https:\/\/www.showdowndisplays.eu\/wp-content\/uploads\/2024\/06\/OV_Icons_Errors-DPI.png\" alt=\"\" class=\"wp-image-37038 size-full\" srcset=\"https:\/\/www.showdowndisplays.eu\/wp-content\/uploads\/2024\/06\/OV_Icons_Errors-DPI.png 344w, https:\/\/www.showdowndisplays.eu\/wp-content\/uploads\/2024\/06\/OV_Icons_Errors-DPI-270x270.png 270w, https:\/\/www.showdowndisplays.eu\/wp-content\/uploads\/2024\/06\/OV_Icons_Errors-DPI-96x96.png 96w, https:\/\/www.showdowndisplays.eu\/wp-content\/uploads\/2024\/06\/OV_Icons_Errors-DPI-200x200.png 200w\" sizes=\"(max-width: 344px) 100vw, 344px\" \/><\/noscript><\/figure><div class=\"wp-block-media-text__content\">\n<h3 class=\"wp-block-heading\">Obraz jest pikselowany &lt; 150 DPI<\/h3>\n\n\n\n<p>Przes\u0142ana grafika ma DPI poni\u017cej 150. Po wydrukowaniu mo\u017ce wygl\u0105da\u0107 na pikselowan\u0105. Aby zapewni\u0107 najlepsz\u0105 jako\u015b\u0107 ostrych i wyra\u017anych obraz\u00f3w, dostosuj grafik\u0119 tak, aby spe\u0142nia\u0142a standard 150 DPI. Je\u015bli nie masz nic przeciwko otrzymaniu potencjalnie pikselowanego wydruku, mo\u017cesz klikn\u0105\u0107 \u201eZatwierd\u017a wydruk\u201d.<\/p>\n<\/div><\/div>\n\n\n\n<div class=\"wp-block-media-text is-stacked-on-mobile is-vertically-aligned-center\" style=\"grid-template-columns:15% auto\"><figure class=\"wp-block-media-text__media\"><img data-aspectratio=\"344\/344\" src=\"data:image\/gif;base64,R0lGODlhAQABAIAAAAAAAP\/\/\/yH5BAEAAAAALAAAAAABAAEAAAIBRAA7\" decoding=\"async\" width=\"344\" height=\"344\" data-src=\"https:\/\/www.showdowndisplays.eu\/wp-content\/uploads\/2024\/06\/OV_Icons_Errors-CMYK.png\" alt=\"\" class=\"wp-image-37095 size-full lazyload\" data-srcset=\"https:\/\/www.showdowndisplays.eu\/wp-content\/uploads\/2024\/06\/OV_Icons_Errors-CMYK.png 344w, https:\/\/www.showdowndisplays.eu\/wp-content\/uploads\/2024\/06\/OV_Icons_Errors-CMYK-270x270.png 270w, https:\/\/www.showdowndisplays.eu\/wp-content\/uploads\/2024\/06\/OV_Icons_Errors-CMYK-96x96.png 96w, https:\/\/www.showdowndisplays.eu\/wp-content\/uploads\/2024\/06\/OV_Icons_Errors-CMYK-200x200.png 200w\" sizes=\"(max-width: 344px) 100vw, 344px\" \/><noscript><img decoding=\"async\" width=\"344\" height=\"344\" src=\"https:\/\/www.showdowndisplays.eu\/wp-content\/uploads\/2024\/06\/OV_Icons_Errors-CMYK.png\" alt=\"\" class=\"wp-image-37095 size-full\" srcset=\"https:\/\/www.showdowndisplays.eu\/wp-content\/uploads\/2024\/06\/OV_Icons_Errors-CMYK.png 344w, https:\/\/www.showdowndisplays.eu\/wp-content\/uploads\/2024\/06\/OV_Icons_Errors-CMYK-270x270.png 270w, https:\/\/www.showdowndisplays.eu\/wp-content\/uploads\/2024\/06\/OV_Icons_Errors-CMYK-96x96.png 96w, https:\/\/www.showdowndisplays.eu\/wp-content\/uploads\/2024\/06\/OV_Icons_Errors-CMYK-200x200.png 200w\" sizes=\"(max-width: 344px) 100vw, 344px\" \/><\/noscript><\/figure><div class=\"wp-block-media-text__content\">\n<h3 class=\"wp-block-heading\">Zmodyfikowane kolory<\/h3>\n\n\n\n<p>Nasze drukarki wykorzystuj\u0105 kolory CMYK. Wygl\u0105da na to, \u017ce przes\u0142ana grafika jest w kolorach RGB (lub w innym schemacie kolor\u00f3w). Nasz system automatycznie przekonwertowa\u0142 kolory RGB na CMYK. Mo\u017ce to powodowa\u0107 niewielkie r\u00f3\u017cnice w kolorach po wydrukowaniu. Je\u015bli nie przeszkadza Ci ta mo\u017cliwo\u015b\u0107, kliknij \u201eZatwierd\u017a wydruk\u201d. Je\u015bli chcesz mie\u0107 pewno\u015b\u0107, \u017ce drukujemy w odpowiednich kolorach, prosimy o dostosowanie grafiki do kolor\u00f3w CMYK i przes\u0142anie nowego pliku wydruku.<\/p>\n<\/div><\/div>\n\n\n\n<div class=\"wp-block-media-text is-stacked-on-mobile is-vertically-aligned-center\" style=\"grid-template-columns:15% auto\"><figure class=\"wp-block-media-text__media\"><img data-aspectratio=\"344\/344\" src=\"data:image\/gif;base64,R0lGODlhAQABAIAAAAAAAP\/\/\/yH5BAEAAAAALAAAAAABAAEAAAIBRAA7\" decoding=\"async\" width=\"344\" height=\"344\" data-src=\"https:\/\/www.showdowndisplays.eu\/wp-content\/uploads\/2024\/06\/OV_Icons_Errors-Artwork_size_adapted.png\" alt=\"\" class=\"wp-image-37030 size-full lazyload\" data-srcset=\"https:\/\/www.showdowndisplays.eu\/wp-content\/uploads\/2024\/06\/OV_Icons_Errors-Artwork_size_adapted.png 344w, https:\/\/www.showdowndisplays.eu\/wp-content\/uploads\/2024\/06\/OV_Icons_Errors-Artwork_size_adapted-270x270.png 270w, https:\/\/www.showdowndisplays.eu\/wp-content\/uploads\/2024\/06\/OV_Icons_Errors-Artwork_size_adapted-96x96.png 96w, https:\/\/www.showdowndisplays.eu\/wp-content\/uploads\/2024\/06\/OV_Icons_Errors-Artwork_size_adapted-200x200.png 200w\" sizes=\"(max-width: 344px) 100vw, 344px\" \/><noscript><img decoding=\"async\" width=\"344\" height=\"344\" src=\"https:\/\/www.showdowndisplays.eu\/wp-content\/uploads\/2024\/06\/OV_Icons_Errors-Artwork_size_adapted.png\" alt=\"\" class=\"wp-image-37030 size-full\" srcset=\"https:\/\/www.showdowndisplays.eu\/wp-content\/uploads\/2024\/06\/OV_Icons_Errors-Artwork_size_adapted.png 344w, https:\/\/www.showdowndisplays.eu\/wp-content\/uploads\/2024\/06\/OV_Icons_Errors-Artwork_size_adapted-270x270.png 270w, https:\/\/www.showdowndisplays.eu\/wp-content\/uploads\/2024\/06\/OV_Icons_Errors-Artwork_size_adapted-96x96.png 96w, https:\/\/www.showdowndisplays.eu\/wp-content\/uploads\/2024\/06\/OV_Icons_Errors-Artwork_size_adapted-200x200.png 200w\" sizes=\"(max-width: 344px) 100vw, 344px\" \/><\/noscript><\/figure><div class=\"wp-block-media-text__content\">\n<h3 class=\"wp-block-heading\">Dostosowany rozmiar grafiki<\/h3>\n\n\n\n<p>Rozmiar przes\u0142anej grafiki r\u00f3\u017cni si\u0119 od szablonu wydruku o 1-2%. Nasze oprogramowanie do automatycznego drukowania nieznacznie dostosowa\u0142o rozmiar, aby idealnie pasowa\u0142 do szablonu. Sprawd\u017a, czy nadal wygl\u0105da tak, jak oczekujesz. Je\u015bli wszystko wygl\u0105da dobrze, mo\u017cesz klikn\u0105\u0107 przycisk \u201eZatwierd\u017a wydruk\u201d. Je\u015bli nie jeste\u015b zadowolony z tej niewielkiej modyfikacji, odpowiednio dostosuj swoj\u0105 grafik\u0119 i prze\u015blij nowy plik do druku we w\u0142a\u015bciwym rozmiarze.<\/p>\n<\/div><\/div>\n\n\n\n<div class=\"wp-block-media-text is-stacked-on-mobile is-vertically-aligned-center\" style=\"grid-template-columns:15% auto\"><figure class=\"wp-block-media-text__media\"><img data-aspectratio=\"344\/344\" src=\"data:image\/gif;base64,R0lGODlhAQABAIAAAAAAAP\/\/\/yH5BAEAAAAALAAAAAABAAEAAAIBRAA7\" decoding=\"async\" width=\"344\" height=\"344\" data-src=\"https:\/\/www.showdowndisplays.eu\/wp-content\/uploads\/2024\/06\/OV_Icons_Errors-Safe_Area-1.png\" alt=\"\" class=\"wp-image-37077 size-full lazyload\" data-srcset=\"https:\/\/www.showdowndisplays.eu\/wp-content\/uploads\/2024\/06\/OV_Icons_Errors-Safe_Area-1.png 344w, https:\/\/www.showdowndisplays.eu\/wp-content\/uploads\/2024\/06\/OV_Icons_Errors-Safe_Area-1-270x270.png 270w, https:\/\/www.showdowndisplays.eu\/wp-content\/uploads\/2024\/06\/OV_Icons_Errors-Safe_Area-1-96x96.png 96w, https:\/\/www.showdowndisplays.eu\/wp-content\/uploads\/2024\/06\/OV_Icons_Errors-Safe_Area-1-200x200.png 200w\" sizes=\"(max-width: 344px) 100vw, 344px\" \/><noscript><img decoding=\"async\" width=\"344\" height=\"344\" src=\"https:\/\/www.showdowndisplays.eu\/wp-content\/uploads\/2024\/06\/OV_Icons_Errors-Safe_Area-1.png\" alt=\"\" class=\"wp-image-37077 size-full\" srcset=\"https:\/\/www.showdowndisplays.eu\/wp-content\/uploads\/2024\/06\/OV_Icons_Errors-Safe_Area-1.png 344w, https:\/\/www.showdowndisplays.eu\/wp-content\/uploads\/2024\/06\/OV_Icons_Errors-Safe_Area-1-270x270.png 270w, https:\/\/www.showdowndisplays.eu\/wp-content\/uploads\/2024\/06\/OV_Icons_Errors-Safe_Area-1-96x96.png 96w, https:\/\/www.showdowndisplays.eu\/wp-content\/uploads\/2024\/06\/OV_Icons_Errors-Safe_Area-1-200x200.png 200w\" sizes=\"(max-width: 344px) 100vw, 344px\" \/><\/noscript><\/figure><div class=\"wp-block-media-text__content\">\n<h3 class=\"wp-block-heading\">Tekst poza bezpiecznym obszarem<\/h3>\n\n\n\n<p>Podczas kontroli manualnej przez naszego specjalist\u0119 ds. druku zauwa\u017cyli\u015bmy, \u017ce tekst znajduje si\u0119 poza bezpiecznym obszarem. Sprawd\u017a szablon wydruku, aby zobaczy\u0107, jaki jest bezpieczny obszar. Je\u015bli tekst znajduje si\u0119 poza tym obszarem, nie mo\u017cemy zagwarantowa\u0107, \u017ce b\u0119dzie w ca\u0142o\u015bci widoczny na produkcie. Zalecamy dostosowanie grafiki i przes\u0142anie nowego pliku. Je\u015bli Twoim zamiarem by\u0142o umieszczenie tekstu poza bezpiecznym obszarem, powiadom nasz zesp\u00f3\u0142 obs\u0142ugi klienta o zatwierdzeniu wydruku pr\u00f3bnego (print proof).<\/p>\n<\/div><\/div>\n\n\n\n<div class=\"wp-block-media-text is-stacked-on-mobile is-vertically-aligned-center\" style=\"grid-template-columns:15% auto\"><figure class=\"wp-block-media-text__media\"><img data-aspectratio=\"344\/344\" src=\"data:image\/gif;base64,R0lGODlhAQABAIAAAAAAAP\/\/\/yH5BAEAAAAALAAAAAABAAEAAAIBRAA7\" decoding=\"async\" width=\"344\" height=\"344\" data-src=\"https:\/\/www.showdowndisplays.eu\/wp-content\/uploads\/2024\/06\/OV_Icons_Errors-Blurry.png\" alt=\"\" class=\"wp-image-37055 size-full lazyload\" data-srcset=\"https:\/\/www.showdowndisplays.eu\/wp-content\/uploads\/2024\/06\/OV_Icons_Errors-Blurry.png 344w, https:\/\/www.showdowndisplays.eu\/wp-content\/uploads\/2024\/06\/OV_Icons_Errors-Blurry-270x270.png 270w, https:\/\/www.showdowndisplays.eu\/wp-content\/uploads\/2024\/06\/OV_Icons_Errors-Blurry-96x96.png 96w, https:\/\/www.showdowndisplays.eu\/wp-content\/uploads\/2024\/06\/OV_Icons_Errors-Blurry-200x200.png 200w\" sizes=\"(max-width: 344px) 100vw, 344px\" \/><noscript><img decoding=\"async\" width=\"344\" height=\"344\" src=\"https:\/\/www.showdowndisplays.eu\/wp-content\/uploads\/2024\/06\/OV_Icons_Errors-Blurry.png\" alt=\"\" class=\"wp-image-37055 size-full\" srcset=\"https:\/\/www.showdowndisplays.eu\/wp-content\/uploads\/2024\/06\/OV_Icons_Errors-Blurry.png 344w, https:\/\/www.showdowndisplays.eu\/wp-content\/uploads\/2024\/06\/OV_Icons_Errors-Blurry-270x270.png 270w, https:\/\/www.showdowndisplays.eu\/wp-content\/uploads\/2024\/06\/OV_Icons_Errors-Blurry-96x96.png 96w, https:\/\/www.showdowndisplays.eu\/wp-content\/uploads\/2024\/06\/OV_Icons_Errors-Blurry-200x200.png 200w\" sizes=\"(max-width: 344px) 100vw, 344px\" \/><\/noscript><\/figure><div class=\"wp-block-media-text__content\">\n<h3 class=\"wp-block-heading\">Obraz jest rozmyty<\/h3>\n\n\n\n<p>Przes\u0142ana grafika jest rozmyta, co mo\u017ce skutkowa\u0107 nieostrym wydrukiem. Mo\u017cesz zatwierdzi\u0107 bie\u017c\u0105c\u0105 grafik\u0119. Je\u017celi nie by\u0142o Twoim zamiarem przesy\u0142anie rozmytego obrazu, prze\u015blij nowy plik do wydruku.<\/p>\n<\/div><\/div>\n\n\n\n<div class=\"wp-block-media-text is-stacked-on-mobile is-vertically-aligned-center\" style=\"grid-template-columns:15% auto\"><figure class=\"wp-block-media-text__media\"><img data-aspectratio=\"344\/344\" src=\"data:image\/gif;base64,R0lGODlhAQABAIAAAAAAAP\/\/\/yH5BAEAAAAALAAAAAABAAEAAAIBRAA7\" decoding=\"async\" width=\"344\" height=\"344\" data-src=\"https:\/\/www.showdowndisplays.eu\/wp-content\/uploads\/2024\/07\/OV_Icons_Errors-Backside_copied.png\" alt=\"\" class=\"wp-image-38779 size-full lazyload\" data-srcset=\"https:\/\/www.showdowndisplays.eu\/wp-content\/uploads\/2024\/07\/OV_Icons_Errors-Backside_copied.png 344w, https:\/\/www.showdowndisplays.eu\/wp-content\/uploads\/2024\/07\/OV_Icons_Errors-Backside_copied-270x270.png 270w, https:\/\/www.showdowndisplays.eu\/wp-content\/uploads\/2024\/07\/OV_Icons_Errors-Backside_copied-96x96.png 96w, https:\/\/www.showdowndisplays.eu\/wp-content\/uploads\/2024\/07\/OV_Icons_Errors-Backside_copied-200x200.png 200w\" sizes=\"(max-width: 344px) 100vw, 344px\" \/><noscript><img decoding=\"async\" width=\"344\" height=\"344\" src=\"https:\/\/www.showdowndisplays.eu\/wp-content\/uploads\/2024\/07\/OV_Icons_Errors-Backside_copied.png\" alt=\"\" class=\"wp-image-38779 size-full\" srcset=\"https:\/\/www.showdowndisplays.eu\/wp-content\/uploads\/2024\/07\/OV_Icons_Errors-Backside_copied.png 344w, https:\/\/www.showdowndisplays.eu\/wp-content\/uploads\/2024\/07\/OV_Icons_Errors-Backside_copied-270x270.png 270w, https:\/\/www.showdowndisplays.eu\/wp-content\/uploads\/2024\/07\/OV_Icons_Errors-Backside_copied-96x96.png 96w, https:\/\/www.showdowndisplays.eu\/wp-content\/uploads\/2024\/07\/OV_Icons_Errors-Backside_copied-200x200.png 200w\" sizes=\"(max-width: 344px) 100vw, 344px\" \/><\/noscript><\/figure><div class=\"wp-block-media-text__content\">\n<h3 class=\"wp-block-heading\">Ty\u0142 skopiowany<\/h3>\n\n\n\n<p>Zamawiaj\u0105c produkt do druku dwustronnego, nasze centrum druku potrzebuje 2 stron w 1 pliku, aby m\u00f3c wydrukowa\u0107 prz\u00f3d i ty\u0142. Je\u015bli prze\u015blesz tylko 1 plik strony, wykonamy dla Ciebie kopi\u0119 tej strony. W ten spos\u00f3b wydrukujemy t\u0119 sam\u0105 grafik\u0119 z przodu i z ty\u0142u. Je\u015bli Ci to odpowiada, zatwierd\u017a wydruk pr\u00f3bny. Je\u017celi chcesz wydrukowa\u0107 co\u015b innego na odwrocie, pami\u0119taj o przes\u0142aniu 1 pliku zawieraj\u0105cego 2 strony. Jedna strona do nadruku z przodu i jedna strona do nadruku z ty\u0142u produktu. Nie dotyczy to dwustronnej beach flagi. W przypadku dwustronnej beach flagi za ka\u017cdym razem konieczne b\u0119dzie przes\u0142anie pliku PDF zawieraj\u0105cego dwie strony.<\/p>\n<\/div><\/div>\n\n\n\n<div class=\"wp-block-media-text is-stacked-on-mobile is-vertically-aligned-center\" style=\"grid-template-columns:15% auto\"><figure class=\"wp-block-media-text__media\"><img data-aspectratio=\"344\/344\" src=\"data:image\/gif;base64,R0lGODlhAQABAIAAAAAAAP\/\/\/yH5BAEAAAAALAAAAAABAAEAAAIBRAA7\" decoding=\"async\" width=\"344\" height=\"344\" data-src=\"https:\/\/www.showdowndisplays.eu\/wp-content\/uploads\/2024\/06\/OV_Icons_Errors-Wrong_size.png\" alt=\"\" class=\"wp-image-37079 size-full lazyload\" data-srcset=\"https:\/\/www.showdowndisplays.eu\/wp-content\/uploads\/2024\/06\/OV_Icons_Errors-Wrong_size.png 344w, https:\/\/www.showdowndisplays.eu\/wp-content\/uploads\/2024\/06\/OV_Icons_Errors-Wrong_size-270x270.png 270w, https:\/\/www.showdowndisplays.eu\/wp-content\/uploads\/2024\/06\/OV_Icons_Errors-Wrong_size-96x96.png 96w, https:\/\/www.showdowndisplays.eu\/wp-content\/uploads\/2024\/06\/OV_Icons_Errors-Wrong_size-200x200.png 200w\" sizes=\"(max-width: 344px) 100vw, 344px\" \/><noscript><img decoding=\"async\" width=\"344\" height=\"344\" src=\"https:\/\/www.showdowndisplays.eu\/wp-content\/uploads\/2024\/06\/OV_Icons_Errors-Wrong_size.png\" alt=\"\" class=\"wp-image-37079 size-full\" srcset=\"https:\/\/www.showdowndisplays.eu\/wp-content\/uploads\/2024\/06\/OV_Icons_Errors-Wrong_size.png 344w, https:\/\/www.showdowndisplays.eu\/wp-content\/uploads\/2024\/06\/OV_Icons_Errors-Wrong_size-270x270.png 270w, https:\/\/www.showdowndisplays.eu\/wp-content\/uploads\/2024\/06\/OV_Icons_Errors-Wrong_size-96x96.png 96w, https:\/\/www.showdowndisplays.eu\/wp-content\/uploads\/2024\/06\/OV_Icons_Errors-Wrong_size-200x200.png 200w\" sizes=\"(max-width: 344px) 100vw, 344px\" \/><\/noscript><\/figure><div class=\"wp-block-media-text__content\">\n<h3 class=\"wp-block-heading\">Z\u0142y rozmiar<\/h3>\n\n\n\n<p>Wymiary przes\u0142anej grafiki r\u00f3\u017cni\u0105 si\u0119 od szablonu wydruku dla tego produktu. W rezultacie nie jeste\u015bmy w stanie dopasowa\u0107 grafiki do szablonu wydruku. Pobierz odpowiedni szablon wydruku dla swojego produktu do druku, odpowiednio dostosuj grafik\u0119 i prze\u015blij nowy plik do druku. Nowa grafika zostanie ponownie sprawdzona przez nasz system automatyczny.<\/p>\n<\/div><\/div>\n\n\n\n<div class=\"wp-block-media-text is-stacked-on-mobile is-vertically-aligned-center\" style=\"grid-template-columns:15% auto\"><figure class=\"wp-block-media-text__media\"><img data-aspectratio=\"344\/344\" src=\"data:image\/gif;base64,R0lGODlhAQABAIAAAAAAAP\/\/\/yH5BAEAAAAALAAAAAABAAEAAAIBRAA7\" decoding=\"async\" width=\"344\" height=\"344\" data-src=\"https:\/\/www.showdowndisplays.eu\/wp-content\/uploads\/2024\/06\/OV_Icons_Errors-Missing_bleed.png\" alt=\"\" class=\"wp-image-37087 size-full lazyload\" data-srcset=\"https:\/\/www.showdowndisplays.eu\/wp-content\/uploads\/2024\/06\/OV_Icons_Errors-Missing_bleed.png 344w, https:\/\/www.showdowndisplays.eu\/wp-content\/uploads\/2024\/06\/OV_Icons_Errors-Missing_bleed-270x270.png 270w, https:\/\/www.showdowndisplays.eu\/wp-content\/uploads\/2024\/06\/OV_Icons_Errors-Missing_bleed-96x96.png 96w, https:\/\/www.showdowndisplays.eu\/wp-content\/uploads\/2024\/06\/OV_Icons_Errors-Missing_bleed-200x200.png 200w\" sizes=\"(max-width: 344px) 100vw, 344px\" \/><noscript><img decoding=\"async\" width=\"344\" height=\"344\" src=\"https:\/\/www.showdowndisplays.eu\/wp-content\/uploads\/2024\/06\/OV_Icons_Errors-Missing_bleed.png\" alt=\"\" class=\"wp-image-37087 size-full\" srcset=\"https:\/\/www.showdowndisplays.eu\/wp-content\/uploads\/2024\/06\/OV_Icons_Errors-Missing_bleed.png 344w, https:\/\/www.showdowndisplays.eu\/wp-content\/uploads\/2024\/06\/OV_Icons_Errors-Missing_bleed-270x270.png 270w, https:\/\/www.showdowndisplays.eu\/wp-content\/uploads\/2024\/06\/OV_Icons_Errors-Missing_bleed-96x96.png 96w, https:\/\/www.showdowndisplays.eu\/wp-content\/uploads\/2024\/06\/OV_Icons_Errors-Missing_bleed-200x200.png 200w\" sizes=\"(max-width: 344px) 100vw, 344px\" \/><\/noscript><\/figure><div class=\"wp-block-media-text__content\">\n<h3 class=\"wp-block-heading\">Brak spadu<\/h3>\n\n\n\n<p>Podczas kontroli manualnej przez naszego specjalist\u0119 ds. druku zauwa\u017cyli\u015bmy, \u017ce brakuje spadu. T\u0142o musi ca\u0142kowicie si\u0119ga\u0107 do obszaru spadu, jak wskazano w szablonie. Spad jest niezb\u0119dny, aby wydruk obejmowa\u0142 ca\u0142y obszar bez bia\u0142ych linii na kraw\u0119dziach. Je\u017celi kraw\u0119dzie maj\u0105 pozosta\u0107 bia\u0142e, prosimy o dodanie bia\u0142ej warstwy si\u0119gaj\u0105cej do spadu. Aby mie\u0107 pewno\u015b\u0107, \u017ce wydruk ma w\u0142a\u015bciwy kolor i ca\u0142kowicie si\u0119ga do spadu, nale\u017cy odpowiednio dostosowa\u0107 grafik\u0119 i przes\u0142a\u0107 nowy plik wydruku.<\/p>\n<\/div><\/div>\n<\/div><\/div>\n","protected":false},"excerpt":{"rendered":"<p>Obraz jest pikselowany &lt; 150 DPI Przes\u0142ana grafika ma DPI poni\u017cej 150. Po wydrukowaniu mo\u017ce wygl\u0105da\u0107 na pikselowan\u0105. Aby zapewni\u0107&#8230;<\/p>\n","protected":false},"author":5,"featured_media":0,"parent":0,"menu_order":0,"comment_status":"closed","ping_status":"closed","template":"","meta":{"_acf_changed":false,"footnotes":""},"class_list":["post-37346","page","type-page","status-publish","hentry"],"acf":[],"_links":{"self":[{"href":"https:\/\/www.showdowndisplays.eu\/pl\/wp-json\/wp\/v2\/pages\/37346","targetHints":{"allow":["GET"]}}],"collection":[{"href":"https:\/\/www.showdowndisplays.eu\/pl\/wp-json\/wp\/v2\/pages"}],"about":[{"href":"https:\/\/www.showdowndisplays.eu\/pl\/wp-json\/wp\/v2\/types\/page"}],"author":[{"embeddable":true,"href":"https:\/\/www.showdowndisplays.eu\/pl\/wp-json\/wp\/v2\/users\/5"}],"replies":[{"embeddable":true,"href":"https:\/\/www.showdowndisplays.eu\/pl\/wp-json\/wp\/v2\/comments?post=37346"}],"version-history":[{"count":3,"href":"https:\/\/www.showdowndisplays.eu\/pl\/wp-json\/wp\/v2\/pages\/37346\/revisions"}],"predecessor-version":[{"id":39422,"href":"https:\/\/www.showdowndisplays.eu\/pl\/wp-json\/wp\/v2\/pages\/37346\/revisions\/39422"}],"wp:attachment":[{"href":"https:\/\/www.showdowndisplays.eu\/pl\/wp-json\/wp\/v2\/media?parent=37346"}],"curies":[{"name":"wp","href":"https:\/\/api.w.org\/{rel}","templated":true}]}}