{"id":35156,"date":"2024-04-26T12:39:07","date_gmt":"2024-04-26T12:39:07","guid":{"rendered":"https:\/\/www.showdowndisplays.eu\/?page_id=35156"},"modified":"2025-07-07T07:39:25","modified_gmt":"2025-07-07T07:39:25","slug":"druk-lateksowy","status":"publish","type":"page","link":"https:\/\/www.showdowndisplays.eu\/pl\/uslugi-druku\/druk-lateksowy\/","title":{"rendered":"Druk lateksowy"},"content":{"rendered":"\n<div class=\"wp-block-media-text alignwide has-media-on-the-right is-stacked-on-mobile is-image-fill-element image-text-2\"><div class=\"wp-block-media-text__content\">\n<h2 class=\"wp-block-heading\">Druk lateksowy<\/h2>\n\n\n\n<p>Druk lateksowy to stosunkowo nowa technologia druku wysokiej jako\u015bci. Wykorzystuje atramenty na bazie wody i oferuj\u0105c doskona\u0142\u0105 jako\u015b\u0107 druku i kolor\u00f3w jednocze\u015bnie z szybkim procesem produkcji. Atrament tworzy plastikow\u0105 warstw\u0119 na no\u015bniku druku. W ten spos\u00f3b rezultat jest bardzo trwa\u0142y i wodoszczelny.<\/p>\n\n\n\n<p>Druk lateksowy jest bardziej ekologiczny ni\u017c konwencjonalne drukarki UV. W zale\u017cno\u015bci od materia\u0142u do druku, materia\u0142y s\u0105 ognioodporne i mog\u0105 by\u0107 u\u017cywane r\u00f3wnie\u017c na zewn\u0105trz. Nasze centrum druku mo\u017ce pracowa\u0107 z grafik\u0105 o szeroko\u015bci do 1600 mm.<\/p>\n\n\n\n<p><strong>Materia\u0142y do druku ekologicznego<\/strong><br>&#8220;D\u0105\u017cy\u0107 do pozytywnego wp\u0142ywu na spo\u0142ecze\u0144stwo i \u015brodowisko&#8221;. To jest nasz cel! Jako producent i drukania materia\u0142\u00f3w oraz dostawca kompletnego pakietu dla Ciebie i Twoich klient\u00f3w, chcemy za ka\u017cdym razem sprawdza\u0107, jak mo\u017cemy si\u0119 poprawi\u0107. Dlatego oferujemy druk ekologiczny!<\/p>\n<\/div><figure class=\"wp-block-media-text__media\"><img data-aspectratio=\"853\/568\" src=\"data:image\/gif;base64,R0lGODlhAQABAIAAAAAAAP\/\/\/yH5BAEAAAAALAAAAAABAAEAAAIBRAA7\" decoding=\"async\" width=\"853\" height=\"568\" data-src=\"https:\/\/www.showdowndisplays.eu\/wp-content\/uploads\/2021\/07\/Latex-printer-2.jpg\" alt=\"\" class=\"wp-image-13212 size-full lazyload\" style=\"object-position:16% 59%\" data-srcset=\"https:\/\/www.showdowndisplays.eu\/wp-content\/uploads\/2021\/07\/Latex-printer-2.jpg 853w, https:\/\/www.showdowndisplays.eu\/wp-content\/uploads\/2021\/07\/Latex-printer-2-405x270.jpg 405w, https:\/\/www.showdowndisplays.eu\/wp-content\/uploads\/2021\/07\/Latex-printer-2-768x511.jpg 768w, https:\/\/www.showdowndisplays.eu\/wp-content\/uploads\/2021\/07\/Latex-printer-2-380x253.jpg 380w, https:\/\/www.showdowndisplays.eu\/wp-content\/uploads\/2021\/07\/Latex-printer-2-96x64.jpg 96w, https:\/\/www.showdowndisplays.eu\/wp-content\/uploads\/2021\/07\/Latex-printer-2-200x133.jpg 200w\" sizes=\"(max-width: 853px) 100vw, 853px\" \/><noscript><img decoding=\"async\" width=\"853\" height=\"568\" src=\"https:\/\/www.showdowndisplays.eu\/wp-content\/uploads\/2021\/07\/Latex-printer-2.jpg\" alt=\"\" class=\"wp-image-13212 size-full\" style=\"object-position:16% 59%\" srcset=\"https:\/\/www.showdowndisplays.eu\/wp-content\/uploads\/2021\/07\/Latex-printer-2.jpg 853w, https:\/\/www.showdowndisplays.eu\/wp-content\/uploads\/2021\/07\/Latex-printer-2-405x270.jpg 405w, https:\/\/www.showdowndisplays.eu\/wp-content\/uploads\/2021\/07\/Latex-printer-2-768x511.jpg 768w, https:\/\/www.showdowndisplays.eu\/wp-content\/uploads\/2021\/07\/Latex-printer-2-380x253.jpg 380w, https:\/\/www.showdowndisplays.eu\/wp-content\/uploads\/2021\/07\/Latex-printer-2-96x64.jpg 96w, https:\/\/www.showdowndisplays.eu\/wp-content\/uploads\/2021\/07\/Latex-printer-2-200x133.jpg 200w\" sizes=\"(max-width: 853px) 100vw, 853px\" \/><\/noscript><\/figure><\/div>\n\n\n\n<h2 class=\"wp-block-heading has-text-align-center\">Wydrukowane przez<\/h2>\n\n\n\r\n\r\n    <div class=\"quick-products-wrapper\">\r\n        <div id=\"quick-productsblock_45c3a6d05a225be455932c8dd1156e1e\" class=\"quick-products\">\r\n                                                                <a href=\"https:\/\/www.showdowndisplays.eu\/meet-our-printers\/\" class=\"quick-products__item\">\r\n                        <span class=\"quick-products__image\">\r\n                            <img data-aspectratio=\"800\/508\" decoding=\"async\" width=\"800\" height=\"508\" data-aspectratio=\"800\/508\" src=\"data:image\/gif;base64,R0lGODlhAQABAIAAAAAAAP\/\/\/yH5BAEAAAAALAAAAAABAAEAAAIBRAA7\" data-src=\"https:\/\/www.showdowndisplays.eu\/wp-content\/uploads\/2021\/04\/HP-Latex-570-printer-2.jpg\" class=\"attachment-full size-full lazyload\" alt=\" width\" data-srcset=\"https:\/\/www.showdowndisplays.eu\/wp-content\/uploads\/2021\/04\/HP-Latex-570-printer-2.jpg 800w, https:\/\/www.showdowndisplays.eu\/wp-content\/uploads\/2021\/04\/HP-Latex-570-printer-2-425x270.jpg 425w, https:\/\/www.showdowndisplays.eu\/wp-content\/uploads\/2021\/04\/HP-Latex-570-printer-2-768x488.jpg 768w, https:\/\/www.showdowndisplays.eu\/wp-content\/uploads\/2021\/04\/HP-Latex-570-printer-2-380x241.jpg 380w, https:\/\/www.showdowndisplays.eu\/wp-content\/uploads\/2021\/04\/HP-Latex-570-printer-2-96x61.jpg 96w, https:\/\/www.showdowndisplays.eu\/wp-content\/uploads\/2021\/04\/HP-Latex-570-printer-2-200x127.jpg 200w\" sizes=\"(max-width: 800px) 100vw, 800px\" \/><noscript><img decoding=\"async\" width=\"800\" height=\"508\" data-aspectratio=\"800\/508\" src=\"data:image\/gif;base64,R0lGODlhAQABAIAAAAAAAP\/\/\/yH5BAEAAAAALAAAAAABAAEAAAIBRAA7\" data-src=\"https:\/\/www.showdowndisplays.eu\/wp-content\/uploads\/2021\/04\/HP-Latex-570-printer-2.jpg\" class=\"attachment-full size-full lazyload\" alt=\" width\" data-srcset=\"https:\/\/www.showdowndisplays.eu\/wp-content\/uploads\/2021\/04\/HP-Latex-570-printer-2.jpg 800w, https:\/\/www.showdowndisplays.eu\/wp-content\/uploads\/2021\/04\/HP-Latex-570-printer-2-425x270.jpg 425w, https:\/\/www.showdowndisplays.eu\/wp-content\/uploads\/2021\/04\/HP-Latex-570-printer-2-768x488.jpg 768w, https:\/\/www.showdowndisplays.eu\/wp-content\/uploads\/2021\/04\/HP-Latex-570-printer-2-380x241.jpg 380w, https:\/\/www.showdowndisplays.eu\/wp-content\/uploads\/2021\/04\/HP-Latex-570-printer-2-96x61.jpg 96w, https:\/\/www.showdowndisplays.eu\/wp-content\/uploads\/2021\/04\/HP-Latex-570-printer-2-200x127.jpg 200w\" sizes=\"(max-width: 800px) 100vw, 800px\" \/><\/noscript>                        <\/span>\r\n                        <span class=\"quick-products__title\">HP LATEX 570<\/span>\r\n                    <\/a>\r\n                                                        <a href=\"https:\/\/www.showdowndisplays.eu\/pl\/poznaj-nasze-drukarki-i-plotery-tnace\/\"  class=\"quick-products__view-all\">\r\n                    <span>Czytaj wi\u0119cej<\/span>\r\n                <\/a>\r\n                    <\/div>\r\n    <\/div>\r\n\r\n\n\n    <div class=\"marketing\">\r\n                                <div class=\"marketing__item marketing__item--2\">\r\n\r\n                <div class=\"marketing__image\">\r\n                                    <\/div>\r\n                <div class=\"marketing__content-wrapper global-style\">\r\n                                        <div class=\"marketing__content\">\r\n                        <h4>Najcz\u0119\u015bciej u\u017cywane do<\/h4>\n<ul class=\"wp-block-list\">\n<li>Karty plastikowe<\/li>\n<li>Roll-upy<\/li>\n<li>Ramki plakatowe<\/li>\n<li>Ramka LED<\/li>\n<li>Naklejki (folia samoprzylepna)<\/li>\n<li>Lady Professional i Magnetic<\/li>\n<\/ul>\n                    <\/div>\r\n                <\/div>\r\n\r\n                \r\n            <\/div>\r\n\r\n                                <div class=\"marketing__item marketing__item--2\">\r\n\r\n                <div class=\"marketing__image\">\r\n                                    <\/div>\r\n                <div class=\"marketing__content-wrapper global-style\">\r\n                                        <div class=\"marketing__content\">\r\n                        <h4>Materia\u0142y odpowiednie do druku<\/h4>\n<ul class=\"wp-block-list\">\n<li>Premium Poster Paper (Nie zawiera PVC) 135 g\/m<sup>2<\/sup><\/li>\n<li>Poster Backlit 285 g\/m<sup>2<\/sup><\/li>\n<li>Adhesive Foil 140 g\/m<sup>2<\/sup><\/li>\n<li>Symbio Banner PVC 510 g\/m<sup>2<\/sup><\/li>\n<li>Standard Multi Layer Material Banner 220 g\/m<sup>2<\/sup><\/li>\n<li>Polyester Greyback (Nie zawiera PVC) 270 g\/m<sup>2<\/sup><\/li>\n<li>Opaque Fabric (Nie zawiera PVC) 100% PES 265 g\/m<sup>2<\/sup><\/li>\n<li>Solid Flex (Nie zawiera PVC) 415 g\/m2<\/li>\n<\/ul>\n<p><a href=\"https:\/\/www.showdowndisplays.eu\/wp-content\/uploads\/2025\/07\/Print-overview-2025-4.pdf\" target=\"_blank\" rel=\"noopener\">W tej karcie przegl\u0105dowej<\/a> znajdziesz wszystko, co musisz wiedzie\u0107 o naszych materia\u0142ach do druku.<\/p>\n                    <\/div>\r\n                <\/div>\r\n\r\n                \r\n            <\/div>\r\n\r\n            <\/div>\r\n\n\n\n<div style=\"height:66px\" aria-hidden=\"true\" class=\"wp-block-spacer\"><\/div>\n\n\n\n<h2 class=\"wp-block-heading has-text-align-center\">Powi\u0105zane strony<\/h2>\n\n\n    <div class=\"marketing\">\r\n                                <div class=\"marketing__item marketing__item--4\">\r\n\r\n                <div class=\"marketing__image\">\r\n                    <img data-aspectratio=\"380\/238\" decoding=\"async\" width=\"380\" height=\"238\" data-aspectratio=\"380\/238\" src=\"data:image\/gif;base64,R0lGODlhAQABAIAAAAAAAP\/\/\/yH5BAEAAAAALAAAAAABAAEAAAIBRAA7\" data-src=\"https:\/\/www.showdowndisplays.eu\/wp-content\/uploads\/2021\/08\/Print-services_related-pages-380x238.jpg\" class=\"attachment-about-us size-about-us lazyload\" alt=\" width\" data-srcset=\"https:\/\/www.showdowndisplays.eu\/wp-content\/uploads\/2021\/08\/Print-services_related-pages-380x238.jpg 380w, https:\/\/www.showdowndisplays.eu\/wp-content\/uploads\/2021\/08\/Print-services_related-pages-432x270.jpg 432w, https:\/\/www.showdowndisplays.eu\/wp-content\/uploads\/2021\/08\/Print-services_related-pages-768x480.jpg 768w, https:\/\/www.showdowndisplays.eu\/wp-content\/uploads\/2021\/08\/Print-services_related-pages-96x60.jpg 96w, https:\/\/www.showdowndisplays.eu\/wp-content\/uploads\/2021\/08\/Print-services_related-pages-200x125.jpg 200w, https:\/\/www.showdowndisplays.eu\/wp-content\/uploads\/2021\/08\/Print-services_related-pages.jpg 800w\" sizes=\"(max-width: 380px) 100vw, 380px\" \/><noscript><img decoding=\"async\" width=\"380\" height=\"238\" data-aspectratio=\"380\/238\" src=\"data:image\/gif;base64,R0lGODlhAQABAIAAAAAAAP\/\/\/yH5BAEAAAAALAAAAAABAAEAAAIBRAA7\" data-src=\"https:\/\/www.showdowndisplays.eu\/wp-content\/uploads\/2021\/08\/Print-services_related-pages-380x238.jpg\" class=\"attachment-about-us size-about-us lazyload\" alt=\" width\" data-srcset=\"https:\/\/www.showdowndisplays.eu\/wp-content\/uploads\/2021\/08\/Print-services_related-pages-380x238.jpg 380w, https:\/\/www.showdowndisplays.eu\/wp-content\/uploads\/2021\/08\/Print-services_related-pages-432x270.jpg 432w, https:\/\/www.showdowndisplays.eu\/wp-content\/uploads\/2021\/08\/Print-services_related-pages-768x480.jpg 768w, https:\/\/www.showdowndisplays.eu\/wp-content\/uploads\/2021\/08\/Print-services_related-pages-96x60.jpg 96w, https:\/\/www.showdowndisplays.eu\/wp-content\/uploads\/2021\/08\/Print-services_related-pages-200x125.jpg 200w, https:\/\/www.showdowndisplays.eu\/wp-content\/uploads\/2021\/08\/Print-services_related-pages.jpg 800w\" sizes=\"(max-width: 380px) 100vw, 380px\" \/><\/noscript>                <\/div>\r\n                <div class=\"marketing__content-wrapper global-style\">\r\n                                            <div class=\"marketing__title-wrapper\">\r\n                            <h3>Us\u0142ugi druku<\/h3>\r\n                        <\/div>\r\n                                        <div class=\"marketing__content\">\r\n                                            <\/div>\r\n                <\/div>\r\n\r\n                                    <a href=\"https:\/\/www.showdowndisplays.eu\/pl\/uslugi-druku\/\"  class=\"marketing__read-more link-with-arrow link-with-arrow--blue\">Czytaj wi\u0119cej<\/a>\r\n                \r\n            <\/div>\r\n\r\n                                <div class=\"marketing__item marketing__item--4\">\r\n\r\n                <div class=\"marketing__image\">\r\n                    <img data-aspectratio=\"380\/238\" decoding=\"async\" width=\"380\" height=\"238\" data-aspectratio=\"380\/238\" src=\"data:image\/gif;base64,R0lGODlhAQABAIAAAAAAAP\/\/\/yH5BAEAAAAALAAAAAABAAEAAAIBRAA7\" data-src=\"https:\/\/www.showdowndisplays.eu\/wp-content\/uploads\/2024\/04\/VR5D-E-angle_380x238.png\" class=\"attachment-about-us size-about-us lazyload\" alt=\" width\" data-srcset=\"https:\/\/www.showdowndisplays.eu\/wp-content\/uploads\/2024\/04\/VR5D-E-angle_380x238.png 380w, https:\/\/www.showdowndisplays.eu\/wp-content\/uploads\/2024\/04\/VR5D-E-angle_380x238-96x60.png 96w, https:\/\/www.showdowndisplays.eu\/wp-content\/uploads\/2024\/04\/VR5D-E-angle_380x238-200x125.png 200w\" sizes=\"(max-width: 380px) 100vw, 380px\" \/><noscript><img decoding=\"async\" width=\"380\" height=\"238\" data-aspectratio=\"380\/238\" src=\"data:image\/gif;base64,R0lGODlhAQABAIAAAAAAAP\/\/\/yH5BAEAAAAALAAAAAABAAEAAAIBRAA7\" data-src=\"https:\/\/www.showdowndisplays.eu\/wp-content\/uploads\/2024\/04\/VR5D-E-angle_380x238.png\" class=\"attachment-about-us size-about-us lazyload\" alt=\" width\" data-srcset=\"https:\/\/www.showdowndisplays.eu\/wp-content\/uploads\/2024\/04\/VR5D-E-angle_380x238.png 380w, https:\/\/www.showdowndisplays.eu\/wp-content\/uploads\/2024\/04\/VR5D-E-angle_380x238-96x60.png 96w, https:\/\/www.showdowndisplays.eu\/wp-content\/uploads\/2024\/04\/VR5D-E-angle_380x238-200x125.png 200w\" sizes=\"(max-width: 380px) 100vw, 380px\" \/><\/noscript>                <\/div>\r\n                <div class=\"marketing__content-wrapper global-style\">\r\n                                            <div class=\"marketing__title-wrapper\">\r\n                            <h3>Poznaj nasze drukarki<\/h3>\r\n                        <\/div>\r\n                                        <div class=\"marketing__content\">\r\n                                            <\/div>\r\n                <\/div>\r\n\r\n                                    <a href=\"https:\/\/www.showdowndisplays.eu\/pl\/poznaj-nasze-drukarki-i-plotery-tnace\/\"  class=\"marketing__read-more link-with-arrow link-with-arrow--blue\">Czytaj wi\u0119cej<\/a>\r\n                \r\n            <\/div>\r\n\r\n                                <div class=\"marketing__item marketing__item--4\">\r\n\r\n                <div class=\"marketing__image\">\r\n                    <img data-aspectratio=\"380\/238\" decoding=\"async\" width=\"380\" height=\"238\" data-aspectratio=\"380\/238\" src=\"data:image\/gif;base64,R0lGODlhAQABAIAAAAAAAP\/\/\/yH5BAEAAAAALAAAAAABAAEAAAIBRAA7\" data-src=\"https:\/\/www.showdowndisplays.eu\/wp-content\/uploads\/2021\/07\/Print-template-grijze-achtergrond-380x238.png\" class=\"attachment-about-us size-about-us lazyload\" alt=\" width\" data-srcset=\"https:\/\/www.showdowndisplays.eu\/wp-content\/uploads\/2021\/07\/Print-template-grijze-achtergrond-380x238.png 380w, https:\/\/www.showdowndisplays.eu\/wp-content\/uploads\/2021\/07\/Print-template-grijze-achtergrond-432x270.png 432w, https:\/\/www.showdowndisplays.eu\/wp-content\/uploads\/2021\/07\/Print-template-grijze-achtergrond-768x480.png 768w, https:\/\/www.showdowndisplays.eu\/wp-content\/uploads\/2021\/07\/Print-template-grijze-achtergrond-96x60.png 96w, https:\/\/www.showdowndisplays.eu\/wp-content\/uploads\/2021\/07\/Print-template-grijze-achtergrond-200x125.png 200w, https:\/\/www.showdowndisplays.eu\/wp-content\/uploads\/2021\/07\/Print-template-grijze-achtergrond.png 800w\" sizes=\"(max-width: 380px) 100vw, 380px\" \/><noscript><img decoding=\"async\" width=\"380\" height=\"238\" data-aspectratio=\"380\/238\" src=\"data:image\/gif;base64,R0lGODlhAQABAIAAAAAAAP\/\/\/yH5BAEAAAAALAAAAAABAAEAAAIBRAA7\" data-src=\"https:\/\/www.showdowndisplays.eu\/wp-content\/uploads\/2021\/07\/Print-template-grijze-achtergrond-380x238.png\" class=\"attachment-about-us size-about-us lazyload\" alt=\" width\" data-srcset=\"https:\/\/www.showdowndisplays.eu\/wp-content\/uploads\/2021\/07\/Print-template-grijze-achtergrond-380x238.png 380w, https:\/\/www.showdowndisplays.eu\/wp-content\/uploads\/2021\/07\/Print-template-grijze-achtergrond-432x270.png 432w, https:\/\/www.showdowndisplays.eu\/wp-content\/uploads\/2021\/07\/Print-template-grijze-achtergrond-768x480.png 768w, https:\/\/www.showdowndisplays.eu\/wp-content\/uploads\/2021\/07\/Print-template-grijze-achtergrond-96x60.png 96w, https:\/\/www.showdowndisplays.eu\/wp-content\/uploads\/2021\/07\/Print-template-grijze-achtergrond-200x125.png 200w, https:\/\/www.showdowndisplays.eu\/wp-content\/uploads\/2021\/07\/Print-template-grijze-achtergrond.png 800w\" sizes=\"(max-width: 380px) 100vw, 380px\" \/><\/noscript>                <\/div>\r\n                <div class=\"marketing__content-wrapper global-style\">\r\n                                            <div class=\"marketing__title-wrapper\">\r\n                            <h3>Szablony wydruk\u00f3w<\/h3>\r\n                        <\/div>\r\n                                        <div class=\"marketing__content\">\r\n                                            <\/div>\r\n                <\/div>\r\n\r\n                                    <a href=\"https:\/\/www.showdowndisplays.eu\/pl\/wsparcie-marketingowe\/praktyczne-informacje\/\"  class=\"marketing__read-more link-with-arrow link-with-arrow--blue\">Czytaj wi\u0119cej<\/a>\r\n                \r\n            <\/div>\r\n\r\n                                <div class=\"marketing__item marketing__item--4\">\r\n\r\n                <div class=\"marketing__image\">\r\n                    <img data-aspectratio=\"380\/238\" decoding=\"async\" width=\"380\" height=\"238\" data-aspectratio=\"380\/238\" src=\"data:image\/gif;base64,R0lGODlhAQABAIAAAAAAAP\/\/\/yH5BAEAAAAALAAAAAABAAEAAAIBRAA7\" data-src=\"https:\/\/www.showdowndisplays.eu\/wp-content\/uploads\/2021\/07\/Sample-box-verkleind-380x238.png\" class=\"attachment-about-us size-about-us lazyload\" alt=\" width\" data-srcset=\"https:\/\/www.showdowndisplays.eu\/wp-content\/uploads\/2021\/07\/Sample-box-verkleind-380x238.png 380w, https:\/\/www.showdowndisplays.eu\/wp-content\/uploads\/2021\/07\/Sample-box-verkleind-432x270.png 432w, https:\/\/www.showdowndisplays.eu\/wp-content\/uploads\/2021\/07\/Sample-box-verkleind-768x480.png 768w, https:\/\/www.showdowndisplays.eu\/wp-content\/uploads\/2021\/07\/Sample-box-verkleind-96x60.png 96w, https:\/\/www.showdowndisplays.eu\/wp-content\/uploads\/2021\/07\/Sample-box-verkleind-200x125.png 200w, https:\/\/www.showdowndisplays.eu\/wp-content\/uploads\/2021\/07\/Sample-box-verkleind.png 800w\" sizes=\"(max-width: 380px) 100vw, 380px\" \/><noscript><img decoding=\"async\" width=\"380\" height=\"238\" data-aspectratio=\"380\/238\" src=\"data:image\/gif;base64,R0lGODlhAQABAIAAAAAAAP\/\/\/yH5BAEAAAAALAAAAAABAAEAAAIBRAA7\" data-src=\"https:\/\/www.showdowndisplays.eu\/wp-content\/uploads\/2021\/07\/Sample-box-verkleind-380x238.png\" class=\"attachment-about-us size-about-us lazyload\" alt=\" width\" data-srcset=\"https:\/\/www.showdowndisplays.eu\/wp-content\/uploads\/2021\/07\/Sample-box-verkleind-380x238.png 380w, https:\/\/www.showdowndisplays.eu\/wp-content\/uploads\/2021\/07\/Sample-box-verkleind-432x270.png 432w, https:\/\/www.showdowndisplays.eu\/wp-content\/uploads\/2021\/07\/Sample-box-verkleind-768x480.png 768w, https:\/\/www.showdowndisplays.eu\/wp-content\/uploads\/2021\/07\/Sample-box-verkleind-96x60.png 96w, https:\/\/www.showdowndisplays.eu\/wp-content\/uploads\/2021\/07\/Sample-box-verkleind-200x125.png 200w, https:\/\/www.showdowndisplays.eu\/wp-content\/uploads\/2021\/07\/Sample-box-verkleind.png 800w\" sizes=\"(max-width: 380px) 100vw, 380px\" \/><\/noscript>                <\/div>\r\n                <div class=\"marketing__content-wrapper global-style\">\r\n                                            <div class=\"marketing__title-wrapper\">\r\n                            <h3>Print sample box<\/h3>\r\n                        <\/div>\r\n                                        <div class=\"marketing__content\">\r\n                                            <\/div>\r\n                <\/div>\r\n\r\n                                    <a href=\"https:\/\/www.showdowndisplays.eu\/pl\/wsparcie-marketingowe\/twoje-wlasne-probki\/\"  class=\"marketing__read-more link-with-arrow link-with-arrow--blue\">Czytaj wi\u0119cej<\/a>\r\n                \r\n            <\/div>\r\n\r\n            <\/div>\r\n","protected":false},"excerpt":{"rendered":"<p>Druk lateksowy Druk lateksowy to stosunkowo nowa technologia druku wysokiej jako\u015bci. Wykorzystuje atramenty na bazie wody i oferuj\u0105c doskona\u0142\u0105 jako\u015b\u0107&#8230;<\/p>\n","protected":false},"author":5,"featured_media":0,"parent":14367,"menu_order":1,"comment_status":"closed","ping_status":"closed","template":"","meta":{"_acf_changed":false,"footnotes":""},"class_list":["post-35156","page","type-page","status-publish","hentry"],"acf":[],"_links":{"self":[{"href":"https:\/\/www.showdowndisplays.eu\/pl\/wp-json\/wp\/v2\/pages\/35156","targetHints":{"allow":["GET"]}}],"collection":[{"href":"https:\/\/www.showdowndisplays.eu\/pl\/wp-json\/wp\/v2\/pages"}],"about":[{"href":"https:\/\/www.showdowndisplays.eu\/pl\/wp-json\/wp\/v2\/types\/page"}],"author":[{"embeddable":true,"href":"https:\/\/www.showdowndisplays.eu\/pl\/wp-json\/wp\/v2\/users\/5"}],"replies":[{"embeddable":true,"href":"https:\/\/www.showdowndisplays.eu\/pl\/wp-json\/wp\/v2\/comments?post=35156"}],"version-history":[{"count":8,"href":"https:\/\/www.showdowndisplays.eu\/pl\/wp-json\/wp\/v2\/pages\/35156\/revisions"}],"predecessor-version":[{"id":46909,"href":"https:\/\/www.showdowndisplays.eu\/pl\/wp-json\/wp\/v2\/pages\/35156\/revisions\/46909"}],"up":[{"embeddable":true,"href":"https:\/\/www.showdowndisplays.eu\/pl\/wp-json\/wp\/v2\/pages\/14367"}],"wp:attachment":[{"href":"https:\/\/www.showdowndisplays.eu\/pl\/wp-json\/wp\/v2\/media?parent=35156"}],"curies":[{"name":"wp","href":"https:\/\/api.w.org\/{rel}","templated":true}]}}