{"id":27545,"date":"2023-04-20T09:18:15","date_gmt":"2023-04-20T09:18:15","guid":{"rendered":"https:\/\/www.showdowndisplays.eu\/?page_id=27545"},"modified":"2025-10-17T12:28:29","modified_gmt":"2025-10-17T12:28:29","slug":"automatisation-and-webshop-upload","status":"publish","type":"page","link":"https:\/\/www.showdowndisplays.eu\/pl\/wsparcie-marketingowe\/automatisation-and-webshop-upload\/","title":{"rendered":"\u0141atwe przesy\u0142anie i automatyzacja sklepu internetowego"},"content":{"rendered":"\n<div class=\"wp-block-group block-white-background\"><div class=\"wp-block-group__inner-container is-layout-flow wp-block-group-is-layout-flow\">\n<div class=\"wp-block-group\"><div class=\"wp-block-group__inner-container is-layout-flow wp-block-group-is-layout-flow\">\n<h2 class=\"wp-block-heading\">Pakiet danych produktu<\/h2>\n\n\n\n<p>Na naszej internetowej platformie dla sprzedawc\u00f3w mo\u017cesz pobra\u0107 wszystkie informacje o produktach, kt\u00f3re b\u0119d\u0105 Ci potrzebne, aby \u0142atwo dodawa\u0107 produkty do swojej strony lub sklepu internetowego. Aby jeszcze to u\u0142atwi\u0107, umo\u017cliwiamy poproszenie o wszystkie informacje o produkcie za po\u015brednictwem naszego pakietu danych produktu.<\/p>\n\n\n\n<div class=\"wp-block-columns is-layout-flex wp-container-core-columns-is-layout-9d6595d7 wp-block-columns-is-layout-flex\">\n<div class=\"wp-block-column is-layout-flow wp-block-column-is-layout-flow\">\n<p>Pakiet danych produktu zawiera:<\/p>\n\n\n\n<ul class=\"wp-block-list\">\n<li>Dane produktowe naszego sprz\u0119tu, akcesori\u00f3w i produkt\u00f3w poligraficznych<\/li>\n\n\n\n<li>SKU, kody EAN i specyfikacje produkt\u00f3w<\/li>\n\n\n\n<li>Neutralne handlowe teksty produktowe, dost\u0119pne w j\u0119zyku angielskim, niemieckim i holenderskim<\/li>\n\n\n\n<li>\u0141\u0105cza do zdj\u0119\u0107 produkt\u00f3w, do pobrania z serwera<\/li>\n\n\n\n<li>Cennik<\/li>\n<\/ul>\n\n\n\n<div class=\"wp-block-buttons is-layout-flex wp-block-buttons-is-layout-flex\">\n<div class=\"wp-block-button\"><a class=\"wp-block-button__link wp-element-button\" href=\"https:\/\/www.showdowndisplays.eu\/pl\/request-product-data-package\/\" target=\"_blank\" rel=\"noreferrer noopener\">Popro\u015b o pakiet danych produktu<\/a><\/div>\n<\/div>\n<\/div>\n\n\n\n<div class=\"wp-block-column is-layout-flow wp-block-column-is-layout-flow\"><div class=\"wp-block-image\">\n<figure class=\"aligncenter size-large is-resized\"><img data-aspectratio=\"1024\/1024\" src=\"data:image\/gif;base64,R0lGODlhAQABAIAAAAAAAP\/\/\/yH5BAEAAAAALAAAAAABAAEAAAIBRAA7\" decoding=\"async\" width=\"1024\" height=\"1024\" data-src=\"https:\/\/www.showdowndisplays.eu\/wp-content\/uploads\/2021\/08\/download-1915753_1280-1024x1024.png\" alt=\"\" class=\"wp-image-13315 lazyload\" style=\"width:227px;height:227px\" data-srcset=\"https:\/\/www.showdowndisplays.eu\/wp-content\/uploads\/2021\/08\/download-1915753_1280-1024x1024.png 1024w, https:\/\/www.showdowndisplays.eu\/wp-content\/uploads\/2021\/08\/download-1915753_1280-270x270.png 270w, https:\/\/www.showdowndisplays.eu\/wp-content\/uploads\/2021\/08\/download-1915753_1280-768x768.png 768w, https:\/\/www.showdowndisplays.eu\/wp-content\/uploads\/2021\/08\/download-1915753_1280-380x380.png 380w, https:\/\/www.showdowndisplays.eu\/wp-content\/uploads\/2021\/08\/download-1915753_1280-96x96.png 96w, https:\/\/www.showdowndisplays.eu\/wp-content\/uploads\/2021\/08\/download-1915753_1280-200x200.png 200w, https:\/\/www.showdowndisplays.eu\/wp-content\/uploads\/2021\/08\/download-1915753_1280.png 1280w\" sizes=\"(max-width: 1024px) 100vw, 1024px\" \/><noscript><img decoding=\"async\" width=\"1024\" height=\"1024\" src=\"https:\/\/www.showdowndisplays.eu\/wp-content\/uploads\/2021\/08\/download-1915753_1280-1024x1024.png\" alt=\"\" class=\"wp-image-13315\" style=\"width:227px;height:227px\" srcset=\"https:\/\/www.showdowndisplays.eu\/wp-content\/uploads\/2021\/08\/download-1915753_1280-1024x1024.png 1024w, https:\/\/www.showdowndisplays.eu\/wp-content\/uploads\/2021\/08\/download-1915753_1280-270x270.png 270w, https:\/\/www.showdowndisplays.eu\/wp-content\/uploads\/2021\/08\/download-1915753_1280-768x768.png 768w, https:\/\/www.showdowndisplays.eu\/wp-content\/uploads\/2021\/08\/download-1915753_1280-380x380.png 380w, https:\/\/www.showdowndisplays.eu\/wp-content\/uploads\/2021\/08\/download-1915753_1280-96x96.png 96w, https:\/\/www.showdowndisplays.eu\/wp-content\/uploads\/2021\/08\/download-1915753_1280-200x200.png 200w, https:\/\/www.showdowndisplays.eu\/wp-content\/uploads\/2021\/08\/download-1915753_1280.png 1280w\" sizes=\"(max-width: 1024px) 100vw, 1024px\" \/><\/noscript><\/figure>\n<\/div>\n\n\n\n<\/div>\n<\/div>\n<\/div><\/div>\n\n\n\n\n<\/div><\/div>\n\n\n\n<div class=\"wp-block-group alignwide\"><div class=\"wp-block-group__inner-container is-layout-constrained wp-block-group-is-layout-constrained\">\n<div class=\"wp-block-group alignwide image-text-2\"><div class=\"wp-block-group__inner-container is-layout-constrained wp-block-group-is-layout-constrained\">\n<div class=\"wp-block-group alignwide block-white-background\"><div class=\"wp-block-group__inner-container is-layout-constrained wp-block-group-is-layout-constrained\">\n<h2 class=\"wp-block-heading\">Po\u0142\u0105czenie API<\/h2>\n\n\n\n<p>Chcesz zautomatyzowa\u0107 i przyspieszy\u0107 proces sk\u0142adania zam\u00f3wie\u0144? ? W takim razie mamy dla Ciebie \u015bwietne rozwi\u0105zanie! Oferujemy bardzo proste rozwi\u0105zanie &#8220;Zam\u00f3wie\u0144 API&#8221;, aby po\u0142\u0105czy\u0107 Tw\u00f3j system ERP lub sklep internetowy z naszym systemem ERP. W ten spos\u00f3b mo\u017cemy znacznie szybciej obs\u0142u\u017cy\u0107 Twoje zam\u00f3wienia, a Ty mo\u017cesz dostarczy\u0107 klientowi aktualizacj\u0119 o zam\u00f3wieniu lub \u015bledzenie, gdy tylko wy\u015blemy zam\u00f3wienie. \u0141atwe, prawda?<\/p>\n\n\n\n<div class=\"wp-block-media-text alignwide is-stacked-on-mobile\" style=\"grid-template-columns:42% auto\"><figure class=\"wp-block-media-text__media\"><img data-aspectratio=\"580\/387\" src=\"data:image\/gif;base64,R0lGODlhAQABAIAAAAAAAP\/\/\/yH5BAEAAAAALAAAAAABAAEAAAIBRAA7\" decoding=\"async\" width=\"580\" height=\"387\" data-src=\"https:\/\/www.showdowndisplays.eu\/wp-content\/uploads\/2023\/04\/API_Connection-1.jpg\" alt=\"\" class=\"wp-image-27607 size-full lazyload\" data-srcset=\"https:\/\/www.showdowndisplays.eu\/wp-content\/uploads\/2023\/04\/API_Connection-1.jpg 580w, https:\/\/www.showdowndisplays.eu\/wp-content\/uploads\/2023\/04\/API_Connection-1-405x270.jpg 405w, https:\/\/www.showdowndisplays.eu\/wp-content\/uploads\/2023\/04\/API_Connection-1-380x254.jpg 380w, https:\/\/www.showdowndisplays.eu\/wp-content\/uploads\/2023\/04\/API_Connection-1-96x64.jpg 96w, https:\/\/www.showdowndisplays.eu\/wp-content\/uploads\/2023\/04\/API_Connection-1-200x133.jpg 200w\" sizes=\"(max-width: 580px) 100vw, 580px\" \/><noscript><img decoding=\"async\" width=\"580\" height=\"387\" src=\"https:\/\/www.showdowndisplays.eu\/wp-content\/uploads\/2023\/04\/API_Connection-1.jpg\" alt=\"\" class=\"wp-image-27607 size-full\" srcset=\"https:\/\/www.showdowndisplays.eu\/wp-content\/uploads\/2023\/04\/API_Connection-1.jpg 580w, https:\/\/www.showdowndisplays.eu\/wp-content\/uploads\/2023\/04\/API_Connection-1-405x270.jpg 405w, https:\/\/www.showdowndisplays.eu\/wp-content\/uploads\/2023\/04\/API_Connection-1-380x254.jpg 380w, https:\/\/www.showdowndisplays.eu\/wp-content\/uploads\/2023\/04\/API_Connection-1-96x64.jpg 96w, https:\/\/www.showdowndisplays.eu\/wp-content\/uploads\/2023\/04\/API_Connection-1-200x133.jpg 200w\" sizes=\"(max-width: 580px) 100vw, 580px\" \/><\/noscript><\/figure><div class=\"wp-block-media-text__content\">\n<p>Naszym priorytetem jest wsp\u00f3\u0142praca z niezwyk\u0142\u0105 obs\u0142ug\u0105 i bycie wiarygodnym partnerem. Jeste\u015bmy idealnym miejscem dla kompleksowych zakup\u00f3w z neutraln\u0105 wysy\u0142k\u0105 bezpo\u015brednio do klienta. A po\u0142\u0105czenie API bezpo\u015brednio pod\u0142\u0105czone do systemu ERP jest jedn\u0105 z mo\u017cliwo\u015bci, kt\u00f3re oferujemy, aby to dzia\u0142a\u0142o \u0142atwo, szybko i sprawnie!<\/p>\n<\/div><\/div>\n\n\n\n\n\n\n\n<p><strong>Jak to dzia\u0142a?<\/strong><\/p>\n\n\n\n<ol class=\"wp-block-list\">\n<li>Wy\u015blij zam\u00f3wienie poprzez po\u0142\u0105czenie API z systemu ERP lub strony internetowej do naszego systemu ERP<\/li>\n\n\n\n<li>Przetwarzamy Twoje zam\u00f3wienie i wysy\u0142amy je. Mo\u017cemy wys\u0142a\u0107 go neutralnie bezpo\u015brednio do klienta lub do magazynu<\/li>\n\n\n\n<li>Otrzymasz od nas aktualny status zam\u00f3wienia i \u015bledzenie<\/li>\n\n\n\n<li>Ty lub Tw\u00f3j klient otrzymuje zam\u00f3wienie tak szybko, jak to mo\u017cliwe<\/li>\n<\/ol>\n\n\n\n<p>Chcesz otrzymywa\u0107 wi\u0119cej informacji o API i mo\u017cliwo\u015bciach automatyzacji? Tw\u00f3j ekspert ds. sprzeda\u017cy ch\u0119tnie przedyskutuje z Tob\u0105 mo\u017cliwo\u015bci!<\/p>\n\n\n\n<p><em>Aby om\u00f3wi\u0107 mo\u017cliwo\u015bci integracji po\u0142\u0105czenia API, wolumen zam\u00f3wie\u0144 musi wynosi\u0107 minimum 300 zam\u00f3wie\u0144 rocznie.<\/em><\/p>\n\n\n\n<div class=\"wp-block-buttons is-layout-flex wp-block-buttons-is-layout-flex\">\n<div class=\"wp-block-button\"><a class=\"wp-block-button__link wp-element-button\" href=\"mailto:quotation@showdowndisplays.eu\" target=\"_blank\" rel=\"noreferrer noopener\">Pro\u015bba o informacje Po\u0142\u0105czenie API<\/a><\/div>\n<\/div>\n<\/div><\/div>\n<\/div><\/div>\n<\/div><\/div>\n\n\n\n\n\n\n\n<div class=\"wp-block-media-text alignwide is-stacked-on-mobile\"><figure class=\"wp-block-media-text__media\"><\/figure><div class=\"wp-block-media-text__content\">\n\n<\/div><\/div>\n\n\n\n<div class=\"wp-block-media-text alignwide is-stacked-on-mobile\"><figure class=\"wp-block-media-text__media\"><\/figure><div class=\"wp-block-media-text__content\">\n\n<\/div><\/div>\n","protected":false},"excerpt":{"rendered":"<p>Pakiet danych produktu Na naszej internetowej platformie dla sprzedawc\u00f3w mo\u017cesz pobra\u0107 wszystkie informacje o produktach, kt\u00f3re b\u0119d\u0105 Ci potrzebne, aby&#8230;<\/p>\n","protected":false},"author":5,"featured_media":0,"parent":5276,"menu_order":0,"comment_status":"closed","ping_status":"closed","template":"","meta":{"_acf_changed":false,"footnotes":""},"class_list":["post-27545","page","type-page","status-publish","hentry"],"acf":[],"_links":{"self":[{"href":"https:\/\/www.showdowndisplays.eu\/pl\/wp-json\/wp\/v2\/pages\/27545","targetHints":{"allow":["GET"]}}],"collection":[{"href":"https:\/\/www.showdowndisplays.eu\/pl\/wp-json\/wp\/v2\/pages"}],"about":[{"href":"https:\/\/www.showdowndisplays.eu\/pl\/wp-json\/wp\/v2\/types\/page"}],"author":[{"embeddable":true,"href":"https:\/\/www.showdowndisplays.eu\/pl\/wp-json\/wp\/v2\/users\/5"}],"replies":[{"embeddable":true,"href":"https:\/\/www.showdowndisplays.eu\/pl\/wp-json\/wp\/v2\/comments?post=27545"}],"version-history":[{"count":6,"href":"https:\/\/www.showdowndisplays.eu\/pl\/wp-json\/wp\/v2\/pages\/27545\/revisions"}],"predecessor-version":[{"id":49256,"href":"https:\/\/www.showdowndisplays.eu\/pl\/wp-json\/wp\/v2\/pages\/27545\/revisions\/49256"}],"up":[{"embeddable":true,"href":"https:\/\/www.showdowndisplays.eu\/pl\/wp-json\/wp\/v2\/pages\/5276"}],"wp:attachment":[{"href":"https:\/\/www.showdowndisplays.eu\/pl\/wp-json\/wp\/v2\/media?parent=27545"}],"curies":[{"name":"wp","href":"https:\/\/api.w.org\/{rel}","templated":true}]}}