{"id":26565,"date":"2021-01-15T15:29:15","date_gmt":"2021-01-15T15:29:15","guid":{"rendered":"https:\/\/www.showdowndisplays.eu\/parcel-shipping-price-conditions\/"},"modified":"2026-04-01T07:08:40","modified_gmt":"2026-04-01T07:08:40","slug":"parcel-shipping-price-conditions","status":"publish","type":"page","link":"https:\/\/www.showdowndisplays.eu\/pl\/parcel-shipping-price-conditions\/","title":{"rendered":"WARUNKI CENOWE WYSY\u0141KI PACZEK"},"content":{"rendered":"\n<h2 class=\"wp-block-heading\">Przegl\u0105d cen wysy\u0142ki paczek dla poszczeg\u00f3lnych kraj\u00f3w od 1 kwietnia 2026 r.<\/h2>\n\n\n\n<style>\ntable.GeneratedTable {\n  width: 100%;\n  background-color: #ffffff;\n  border-collapse: collapse;\n  border-width: 2px;\n  border-color: #4b6ea5;\n  border-style: solid;\n  color: #000000;\n}\n\ntable.GeneratedTable td, table.GeneratedTable th {\n  border-width: 2px;\n  border-color: #4b6ea5;\n  border-style: solid;\n  padding: 3px;\n}\n\ntable.GeneratedTable thead {\n  background-color: #4b6ea5;\n}\n<\/style>\n\n<table class=\"GeneratedTable\">\n  <thead>\n    <tr>\n      <th>Pa\u0144stwo <\/th>\n      <th>PLN 0 do 1078,09 <\/th>\n      <th>PLN 1078,09 do 2156,19 <\/th>\n      <th>PLN 2156,19 do 3234,28 <\/th>\n      <th>PLN 3234,28 do 4312,37 <\/th>\n      <th>Dop\u0142ata 1: Przesy\u0142ka ponadgabarytowa* <\/th>\n      <th>Dop\u0142ata 2: Paleta* <\/th>\n      <th>Dop\u0142ata 3: Paleta XL* <\/th>\n    <\/tr>\n  <\/thead>\n  <tbody>\n    <tr>\n      <td>Polska<\/td>\n      <td>45,02 PLN <\/td>\n      <td>72,03 PLN <\/td>\n      <td>135,06 PLN <\/td>\n      <td>270,13 PLN<\/td>\n      <td>145,92 PLN<\/td>\n      <td>330,473 PLN<\/td>\n      <td>948,50 PLN<\/td>\n    <\/tr>\n  <\/tbody>\n<\/table>\n\n\n\n<p>Wszystkie ceny nie zawieraj\u0105 podatku VAT<\/p>\n\n\n\n<blockquote class=\"wp-block-quote is-layout-flow wp-block-quote-is-layout-flow\">\n<p><em>*Standardowe stawki wysy\u0142ki dotycz\u0105 wszystkich zam\u00f3wie\u0144 z\u0142o\u017conych w Showdown Displays Europe.<br>Dop\u0142aty za wysy\u0142k\u0119 ponadgabarytow\u0105 podane powy\u017cej dotycz\u0105 wy\u0142\u0105cznie zam\u00f3wie\u0144 z\u0142o\u017conych za po\u015brednictwem sklepu internetowego.<\/em><\/p>\n<\/blockquote>\n\n\n\n\n\n\n\n<blockquote class=\"wp-block-quote is-layout-flow wp-block-quote-is-layout-flow\">\n<p><em>W przypadku wysy\u0142ki na palecie (Euro i XL), <a href=\"https:\/\/www.showdowndisplays.eu\/pl\/koszty-palet\/\">koszt za palet\u0119<\/a> zostanie doliczony po dokonaniu p\u0142atno\u015bci. Je\u015bli chcesz pozna\u0107 koszt palety z g\u00f3ry, skontaktuj si\u0119 ze swoim przedstawicielem handlowym.<\/em><\/p>\n<\/blockquote>\n\n\n\n\n\n\n\n<h2 class=\"wp-block-heading\">Warunki dotycz\u0105ce rozmiaru paczek<\/h2>\n\n\n\n\n\n\n\n<h4 class=\"wp-block-heading\">Maksymalne wymiary przesy\u0142ki standardowej<\/h4>\n\n\n\n<style>\ntable.GeneratedTable {\n  width: 100%;\n  background-color: #ffffff;\n  border-collapse: collapse;\n  border-width: 2px;\n  border-color: #4b6ea5;\n  border-style: solid;\n  color: #000000;\n}\n\ntable.GeneratedTable td, table.GeneratedTable th {\n  border-width: 2px;\n  border-color: #4b6ea5;\n  border-style: solid;\n  padding: 3px;\n}\n\ntable.GeneratedTable thead {\n  background-color: #4b6ea5;\n}\n<\/style>\n\n<table class=\"GeneratedTable\">\n  <thead>\n    <tr>\n      <th>Firma transportowa <\/th>\n      <th>Przesy\u0142ka standardowa<\/th>\n      <th>Przesy\u0142ka ponadgabarytowa<\/th>\n      <th>Extra przesy\u0142ka ponadgabarytowa <\/th>\n    <\/tr>\n  <\/thead>\n  <tbody>\n    <tr>\n      <td>Maksymalna waga (KG)<\/td>\n      <td><31,5<\/td>\n      <td>70<\/td>\n      <td>> 70<\/td>\n    <\/tr>\n    <tr>\n      <td>Najd\u0142u\u017cszy bok (cm)<\/td>\n      <td>< 150<\/td>\n      <td>< 274<\/td>\n      <td>> 274<\/td>\n    <\/tr>\n    <tr>\n      <td>Maksymalna szeroko\u015b\u0107 1 (cm)<\/td>\n      <td>80<\/td>\n      <td>80<\/td>\n      <td>> 80<\/td>\n    <\/tr>\n    <tr>\n      <td>Maksymalna szeroko\u015b\u0107 2 (cm)<\/td>\n      <td>80<\/td>\n      <td>80<\/td>\n      <td>> 80<\/td>\n    <\/tr>\n    <tr>\n      <td>Obw\u00f3d (Girth)<\/td>\n      <td>330<\/td>\n      <td>400<\/td>\n      <td>> 400<\/td>\n    <\/tr>\n  <\/tbody>\n<\/table>\n\n\n\n\n\n\n\n\n","protected":false},"excerpt":{"rendered":"<p>Przegl\u0105d cen wysy\u0142ki paczek dla poszczeg\u00f3lnych kraj\u00f3w od 1 kwietnia 2026 r. Pa\u0144stwo PLN 0 do 1078,09 PLN 1078,09 do&#8230;<\/p>\n","protected":false},"author":3,"featured_media":0,"parent":0,"menu_order":0,"comment_status":"closed","ping_status":"closed","template":"","meta":{"_acf_changed":false,"footnotes":""},"class_list":["post-26565","page","type-page","status-publish","hentry"],"acf":[],"_links":{"self":[{"href":"https:\/\/www.showdowndisplays.eu\/pl\/wp-json\/wp\/v2\/pages\/26565","targetHints":{"allow":["GET"]}}],"collection":[{"href":"https:\/\/www.showdowndisplays.eu\/pl\/wp-json\/wp\/v2\/pages"}],"about":[{"href":"https:\/\/www.showdowndisplays.eu\/pl\/wp-json\/wp\/v2\/types\/page"}],"author":[{"embeddable":true,"href":"https:\/\/www.showdowndisplays.eu\/pl\/wp-json\/wp\/v2\/users\/3"}],"replies":[{"embeddable":true,"href":"https:\/\/www.showdowndisplays.eu\/pl\/wp-json\/wp\/v2\/comments?post=26565"}],"version-history":[{"count":61,"href":"https:\/\/www.showdowndisplays.eu\/pl\/wp-json\/wp\/v2\/pages\/26565\/revisions"}],"predecessor-version":[{"id":55956,"href":"https:\/\/www.showdowndisplays.eu\/pl\/wp-json\/wp\/v2\/pages\/26565\/revisions\/55956"}],"wp:attachment":[{"href":"https:\/\/www.showdowndisplays.eu\/pl\/wp-json\/wp\/v2\/media?parent=26565"}],"curies":[{"name":"wp","href":"https:\/\/api.w.org\/{rel}","templated":true}]}}