{"id":22534,"date":"2022-07-11T12:19:49","date_gmt":"2022-07-11T12:19:49","guid":{"rendered":"https:\/\/www.showdowndisplays.eu\/?page_id=22534"},"modified":"2026-04-15T07:21:31","modified_gmt":"2026-04-15T07:21:31","slug":"usluga-wizualizacji-graficznej","status":"publish","type":"page","link":"https:\/\/www.showdowndisplays.eu\/pl\/wsparcie-marketingowe\/inspirujace-tresci\/usluga-wizualizacji-graficznej\/","title":{"rendered":"Us\u0142uga wizualizacji graficznej"},"content":{"rendered":"\n<div class=\"wp-block-group\"><div class=\"wp-block-group__inner-container is-layout-flow wp-block-group-is-layout-flow\">\n<div class=\"wp-block-group block-white-background\"><div class=\"wp-block-group__inner-container is-layout-flow wp-block-group-is-layout-flow\">\n<h2 class=\"wp-block-heading\">Jak otrzyma\u0107 wizualizacj\u0119 graficzn\u0105?<\/h2>\n\n\n\n<p>Oto jak zacz\u0105\u0107. Nowe kody pobierzesz, klikaj\u0105c w poni\u017cszy przycisk. Mo\u017cna je r\u00f3wnie\u017c znale\u017a\u0107 na stronach poWspieramy Ci\u0119 w procesie sprzeda\u017cy wizualizacj\u0105 pe\u0142nego produktu, kt\u00f3ry chcesz sprzeda\u0107 swojemu klientowi. Pomy\u015bl o grafice lub produkcie z grafik\u0105. Wizualizacja da Twoim klientom jasne wyobra\u017cenie o tym, jak b\u0119dzie wygl\u0105da\u0142 ich produkt.<\/p>\n\n\n\n<div class=\"wp-block-media-text alignwide has-media-on-the-right is-stacked-on-mobile\"><div class=\"wp-block-media-text__content\">\n<p>ToJak otrzyma\u0107 wizualizacj\u0119 graficzn\u0105? Pobierz szablon wydruku, utw\u00f3rz w nim projekt wed\u0142ug \u017cyczenia swojego klienta, a nast\u0119pnie <strong><mark style=\"background-color:rgba(0, 0, 0, 0);color:#5a7daf\" class=\"has-inline-color\">ode\u015blij ten szablon wydruku<\/mark><\/strong>do swojego konsutanta i daj zna\u0107, kt\u00f3ry produkt chcia\u0142by\u015b zobaczy\u0107 w wizualizacji graficznej. Na razie ta us\u0142uga jest dost\u0119pna tylko dla <a href=\"https:\/\/shop.showdowndisplays.eu\/outdoor\/outdoor-flags\" data-type=\"link\" data-id=\"https:\/\/shop.showdowndisplays.eu\/outdoor\/outdoor-flags\" target=\"_blank\" rel=\"noreferrer noopener\">flaga pla\u017cowa<\/a>, <a href=\"https:\/\/shop.showdowndisplays.eu\/table-cover-standing-round\" data-type=\"link\" data-id=\"https:\/\/shop.showdowndisplays.eu\/table-cover-standing-round\" target=\"_blank\" rel=\"noreferrer noopener\">Elastick\u00fd ubrus na kulat\u00fd koktejlov\u00fd stolek<\/a>, <a href=\"https:\/\/shop.showdowndisplays.eu\/horeca-umbrella-slide-surslide200bl\" target=\"_blank\" data-type=\"link\" data-id=\"https:\/\/shop.showdowndisplays.eu\/horeca-umbrella-slide-surslide200bl\" rel=\"noreferrer noopener\">Horeca Umbrella Slide<\/a>, <a href=\"https:\/\/shop.showdowndisplays.eu\/tent-steel\" data-type=\"link\" data-id=\"https:\/\/shop.showdowndisplays.eu\/tent-steel\" target=\"_blank\" rel=\"noreferrer noopener\">namiotu stalowego<\/a> i <a href=\"https:\/\/shop.showdowndisplays.eu\/tent-alu-with-canopy\" data-type=\"link\" data-id=\"https:\/\/shop.showdowndisplays.eu\/tent-alu-with-canopy\" target=\"_blank\" rel=\"noreferrer noopener\">namiotu ALU<\/a>, w tym wszystkich opcji \u015bcian. Wykonamy wizualizacj\u0119 Twojej grafiki na produkcie i ode\u015blemy j\u0105 do Ciebie. Dzi\u0119ki temu b\u0119dziesz m\u00f3g\u0142 \u0142atwo przekona\u0107 klienta do zakupu produktu z grafik\u0105!<\/p>\n\n\n\n<div style=\"height:24px\" aria-hidden=\"true\" class=\"wp-block-spacer\"><\/div>\n\n\n\n<div class=\"wp-block-buttons is-layout-flex wp-block-buttons-is-layout-flex\">\n<div class=\"wp-block-button\"><a class=\"wp-block-button__link wp-element-button\" href=\"mailto:marketing@showdowndisplays.eu\">Zam\u00f3w bezp\u0142atn\u0105 wizualizacj\u0119 graficzn\u0105<\/a><\/div>\n<\/div>\n<\/div><figure class=\"wp-block-media-text__media\"><img data-aspectratio=\"450\/288\" src=\"data:image\/gif;base64,R0lGODlhAQABAIAAAAAAAP\/\/\/yH5BAEAAAAALAAAAAABAAEAAAIBRAA7\" decoding=\"async\" width=\"450\" height=\"288\" data-src=\"https:\/\/www.showdowndisplays.eu\/wp-content\/uploads\/2022\/07\/Graphic_Visualisation_Service_Example-PL.gif\" alt=\"\" class=\"wp-image-23651 size-full lazyload\"\/><noscript><img decoding=\"async\" width=\"450\" height=\"288\" src=\"https:\/\/www.showdowndisplays.eu\/wp-content\/uploads\/2022\/07\/Graphic_Visualisation_Service_Example-PL.gif\" alt=\"\" class=\"wp-image-23651 size-full\"\/><\/noscript><\/figure><\/div>\n\n\n\n<p><strong>Uwaga:<\/strong> Wizualizacja graficzna jest tylko ukazaniem grafiki na Twoim produkcie. Dane do druku przes\u0142ane w zam\u00f3wieniu maj\u0105 wiod\u0105cy charakter w procesie produkcji, NIE za\u015b wizualizacja graficzna.<\/p>\n<\/div><\/div>\n<\/div><\/div>\n","protected":false},"excerpt":{"rendered":"<p>Jak otrzyma\u0107 wizualizacj\u0119 graficzn\u0105? Oto jak zacz\u0105\u0107. Nowe kody pobierzesz, klikaj\u0105c w poni\u017cszy przycisk. Mo\u017cna je r\u00f3wnie\u017c znale\u017a\u0107 na stronach&#8230;<\/p>\n","protected":false},"author":14,"featured_media":0,"parent":9316,"menu_order":0,"comment_status":"closed","ping_status":"closed","template":"","meta":{"_acf_changed":false,"footnotes":""},"class_list":["post-22534","page","type-page","status-publish","hentry"],"acf":[],"_links":{"self":[{"href":"https:\/\/www.showdowndisplays.eu\/pl\/wp-json\/wp\/v2\/pages\/22534","targetHints":{"allow":["GET"]}}],"collection":[{"href":"https:\/\/www.showdowndisplays.eu\/pl\/wp-json\/wp\/v2\/pages"}],"about":[{"href":"https:\/\/www.showdowndisplays.eu\/pl\/wp-json\/wp\/v2\/types\/page"}],"author":[{"embeddable":true,"href":"https:\/\/www.showdowndisplays.eu\/pl\/wp-json\/wp\/v2\/users\/14"}],"replies":[{"embeddable":true,"href":"https:\/\/www.showdowndisplays.eu\/pl\/wp-json\/wp\/v2\/comments?post=22534"}],"version-history":[{"count":8,"href":"https:\/\/www.showdowndisplays.eu\/pl\/wp-json\/wp\/v2\/pages\/22534\/revisions"}],"predecessor-version":[{"id":56020,"href":"https:\/\/www.showdowndisplays.eu\/pl\/wp-json\/wp\/v2\/pages\/22534\/revisions\/56020"}],"up":[{"embeddable":true,"href":"https:\/\/www.showdowndisplays.eu\/pl\/wp-json\/wp\/v2\/pages\/9316"}],"wp:attachment":[{"href":"https:\/\/www.showdowndisplays.eu\/pl\/wp-json\/wp\/v2\/media?parent=22534"}],"curies":[{"name":"wp","href":"https:\/\/api.w.org\/{rel}","templated":true}]}}