{"id":12332,"date":"2021-04-30T12:56:55","date_gmt":"2021-04-30T12:56:55","guid":{"rendered":"https:\/\/www.showdowndisplays.eu\/services\/"},"modified":"2025-12-17T14:43:29","modified_gmt":"2025-12-17T14:43:29","slug":"uslugi","status":"publish","type":"page","link":"https:\/\/www.showdowndisplays.eu\/pl\/uslugi\/","title":{"rendered":"Us\u0142ugi"},"content":{"rendered":"\n<div class=\"wp-block-group\"><div class=\"wp-block-group__inner-container is-layout-flow wp-block-group-is-layout-flow\">\n<h6 class=\"wp-block-heading has-text-align-center\"><a href=\"#print-services\">Us\u0142ugi drukowania<\/a>  \u2022  <a href=\"#drop-shipment\">Dropshipping<\/a>  \u2022  <a href=\"#marketing-support\">Wsparcie marketingowe<\/a>  \u2022  <a href=\"#customisation\">Projektowanie<\/a><\/h6>\n\n\n\n\n<\/div><\/div>\n\n\n\n<div style=\"height:30px\" aria-hidden=\"true\" class=\"wp-block-spacer\"><\/div>\n\n\n\n<div class=\"wp-block-media-text alignwide has-media-on-the-right is-stacked-on-mobile is-image-fill-element image-text-2\"><div class=\"wp-block-media-text__content\">\n<div style=\"height:20px\" aria-hidden=\"true\" class=\"wp-block-spacer\"><\/div>\n\n\n\n<h4 class=\"wp-block-heading\" id=\"print-services\">Us\u0142ugi drukowania<\/h4>\n\n\n\n<h2 class=\"wp-block-heading\">Punkt kompleksowej obs\u0142ugi dla Twoich gotowych do u\u017cytku produkt\u00f3w<\/h2>\n\n\n\n<p>Pozyskaj gotowy do u\u017cycia produkt od jednego partnera i jednej lokalizacji. Dzi\u0119ki naszemu w\u0142asnemu zak\u0142adowi produkcyjnemu i drukarskiemu w Republice Czeskiej mo\u017cemy zaspokoi\u0107 Pa\u0144stwa potrzeby w zakresie sprz\u0119tu do wy\u015bwietlania i drukowania.<\/p>\n\n\n\n<div class=\"wp-block-buttons is-layout-flex wp-block-buttons-is-layout-flex\">\n<div class=\"wp-block-button\"><a class=\"wp-block-button__link wp-element-button\" href=\"https:\/\/www.showdowndisplays.eu\/pl\/uslugi\/print-services-2\/\" target=\"_blank\" rel=\"noreferrer noopener\">Sprawd\u017a nasze us\u0142ugi drukowania<\/a><\/div>\n<\/div>\n\n\n\n<div style=\"height:20px\" aria-hidden=\"true\" class=\"wp-block-spacer\"><\/div>\n<\/div><figure class=\"wp-block-media-text__media\"><img data-aspectratio=\"1024\/683\" src=\"data:image\/gif;base64,R0lGODlhAQABAIAAAAAAAP\/\/\/yH5BAEAAAAALAAAAAABAAEAAAIBRAA7\" decoding=\"async\" width=\"1024\" height=\"683\" data-src=\"https:\/\/www.showdowndisplays.eu\/wp-content\/uploads\/2022\/07\/Print-services_landscape_up.jpg\" alt=\"\" class=\"wp-image-23960 size-full lazyload\" style=\"object-position:50% 50%\" data-srcset=\"https:\/\/www.showdowndisplays.eu\/wp-content\/uploads\/2022\/07\/Print-services_landscape_up.jpg 1024w, https:\/\/www.showdowndisplays.eu\/wp-content\/uploads\/2022\/07\/Print-services_landscape_up-405x270.jpg 405w, https:\/\/www.showdowndisplays.eu\/wp-content\/uploads\/2022\/07\/Print-services_landscape_up-768x512.jpg 768w, https:\/\/www.showdowndisplays.eu\/wp-content\/uploads\/2022\/07\/Print-services_landscape_up-380x253.jpg 380w, https:\/\/www.showdowndisplays.eu\/wp-content\/uploads\/2022\/07\/Print-services_landscape_up-96x64.jpg 96w, https:\/\/www.showdowndisplays.eu\/wp-content\/uploads\/2022\/07\/Print-services_landscape_up-200x133.jpg 200w\" sizes=\"(max-width: 1024px) 100vw, 1024px\" \/><noscript><img decoding=\"async\" width=\"1024\" height=\"683\" src=\"https:\/\/www.showdowndisplays.eu\/wp-content\/uploads\/2022\/07\/Print-services_landscape_up.jpg\" alt=\"\" class=\"wp-image-23960 size-full\" style=\"object-position:50% 50%\" srcset=\"https:\/\/www.showdowndisplays.eu\/wp-content\/uploads\/2022\/07\/Print-services_landscape_up.jpg 1024w, https:\/\/www.showdowndisplays.eu\/wp-content\/uploads\/2022\/07\/Print-services_landscape_up-405x270.jpg 405w, https:\/\/www.showdowndisplays.eu\/wp-content\/uploads\/2022\/07\/Print-services_landscape_up-768x512.jpg 768w, https:\/\/www.showdowndisplays.eu\/wp-content\/uploads\/2022\/07\/Print-services_landscape_up-380x253.jpg 380w, https:\/\/www.showdowndisplays.eu\/wp-content\/uploads\/2022\/07\/Print-services_landscape_up-96x64.jpg 96w, https:\/\/www.showdowndisplays.eu\/wp-content\/uploads\/2022\/07\/Print-services_landscape_up-200x133.jpg 200w\" sizes=\"(max-width: 1024px) 100vw, 1024px\" \/><\/noscript><\/figure><\/div>\n\n\n\n<div style=\"height:20px\" aria-hidden=\"true\" class=\"wp-block-spacer\"><\/div>\n\n\n\n<div class=\"wp-block-media-text alignwide is-stacked-on-mobile is-image-fill-element\"><figure class=\"wp-block-media-text__media\"><img data-aspectratio=\"1024\/683\" src=\"data:image\/gif;base64,R0lGODlhAQABAIAAAAAAAP\/\/\/yH5BAEAAAAALAAAAAABAAEAAAIBRAA7\" decoding=\"async\" width=\"1024\" height=\"683\" data-src=\"https:\/\/www.showdowndisplays.eu\/wp-content\/uploads\/2023\/01\/Dropshipment-6.jpg\" alt=\"\" class=\"wp-image-26183 size-full lazyload\" style=\"object-position:48% 45%\" data-srcset=\"https:\/\/www.showdowndisplays.eu\/wp-content\/uploads\/2023\/01\/Dropshipment-6.jpg 1024w, https:\/\/www.showdowndisplays.eu\/wp-content\/uploads\/2023\/01\/Dropshipment-6-405x270.jpg 405w, https:\/\/www.showdowndisplays.eu\/wp-content\/uploads\/2023\/01\/Dropshipment-6-768x512.jpg 768w, https:\/\/www.showdowndisplays.eu\/wp-content\/uploads\/2023\/01\/Dropshipment-6-380x253.jpg 380w, https:\/\/www.showdowndisplays.eu\/wp-content\/uploads\/2023\/01\/Dropshipment-6-96x64.jpg 96w, https:\/\/www.showdowndisplays.eu\/wp-content\/uploads\/2023\/01\/Dropshipment-6-200x133.jpg 200w\" sizes=\"(max-width: 1024px) 100vw, 1024px\" \/><noscript><img decoding=\"async\" width=\"1024\" height=\"683\" src=\"https:\/\/www.showdowndisplays.eu\/wp-content\/uploads\/2023\/01\/Dropshipment-6.jpg\" alt=\"\" class=\"wp-image-26183 size-full\" style=\"object-position:48% 45%\" srcset=\"https:\/\/www.showdowndisplays.eu\/wp-content\/uploads\/2023\/01\/Dropshipment-6.jpg 1024w, https:\/\/www.showdowndisplays.eu\/wp-content\/uploads\/2023\/01\/Dropshipment-6-405x270.jpg 405w, https:\/\/www.showdowndisplays.eu\/wp-content\/uploads\/2023\/01\/Dropshipment-6-768x512.jpg 768w, https:\/\/www.showdowndisplays.eu\/wp-content\/uploads\/2023\/01\/Dropshipment-6-380x253.jpg 380w, https:\/\/www.showdowndisplays.eu\/wp-content\/uploads\/2023\/01\/Dropshipment-6-96x64.jpg 96w, https:\/\/www.showdowndisplays.eu\/wp-content\/uploads\/2023\/01\/Dropshipment-6-200x133.jpg 200w\" sizes=\"(max-width: 1024px) 100vw, 1024px\" \/><\/noscript><\/figure><div class=\"wp-block-media-text__content\">\n<div style=\"height:20px\" aria-hidden=\"true\" class=\"wp-block-spacer\"><\/div>\n\n\n\n<h4 class=\"wp-block-heading\" id=\"drop-shipment\">Dropshipping<\/h4>\n\n\n\n<h2 class=\"wp-block-heading\">Skr\u00f3\u0107 czas realizacji dzi\u0119ki dropshippingowi<\/h2>\n\n\n\n<p>Obs\u0142uguj swoich klient\u00f3w jeszcze szybciej, korzystaj\u0105c z naszej us\u0142ugi dropshippingu. Wysy\u0142amy Twoje zam\u00f3wienie bezpo\u015brednio do Twojego klienta, bez Twojej ingerencji. Je\u015bli chcesz, mo\u017cesz nawet doda\u0107 w\u0142asny dow\u00f3d dostawy ze swoim logo.<\/p>\n\n\n\n<div class=\"wp-block-buttons is-layout-flex wp-block-buttons-is-layout-flex\">\n<div class=\"wp-block-button\"><a class=\"wp-block-button__link wp-element-button\" href=\"https:\/\/www.showdowndisplays.eu\/pl\/drop-shipment-service-voor-resellers\/\">Dowiedz si\u0119 wi\u0119cej o wysy\u0142ce bezpo\u015bredniej<\/a><\/div>\n<\/div>\n<\/div><\/div>\n\n\n\n<div style=\"height:20px\" aria-hidden=\"true\" class=\"wp-block-spacer\"><\/div>\n\n\n\n<div class=\"wp-block-media-text alignwide has-media-on-the-right is-stacked-on-mobile is-image-fill-element image-text-2\"><div class=\"wp-block-media-text__content\">\n<div style=\"height:20px\" aria-hidden=\"true\" class=\"wp-block-spacer\"><\/div>\n\n\n\n<h4 class=\"wp-block-heading\" id=\"marketing-support\">Wsparcie marketingowe<\/h4>\n\n\n\n<h2 class=\"wp-block-heading\">Pozw\u00f3l, \u017ce pomo\u017cemy Ci z materia\u0142ami marketingowymi<\/h2>\n\n\n\n<p>Zapewniamy wszystko, czego potrzebujesz, aby promowa\u0107 nasze produkty w\u015br\u00f3d klient\u00f3w i pom\u00f3c Ci w sprzeda\u017cy. Jako nasz klient masz dost\u0119p do r\u00f3\u017cnych narz\u0119dzi i us\u0142ug, kt\u00f3re pomagaj\u0105 zwi\u0119kszy\u0107 sprzeda\u017c.<\/p>\n\n\n\n<div class=\"wp-block-buttons is-layout-flex wp-block-buttons-is-layout-flex\">\n<div class=\"wp-block-button\"><a class=\"wp-block-button__link wp-element-button\" href=\"https:\/\/www.showdowndisplays.eu\/pl\/wsparcie-marketingowe\/\">Odkryj nasze wsparcie marketingowe<\/a><\/div>\n<\/div>\n\n\n\n<div style=\"height:20px\" aria-hidden=\"true\" class=\"wp-block-spacer\"><\/div>\n\n\n\n\n<\/div><figure class=\"wp-block-media-text__media\"><img data-aspectratio=\"1024\/591\" src=\"data:image\/gif;base64,R0lGODlhAQABAIAAAAAAAP\/\/\/yH5BAEAAAAALAAAAAABAAEAAAIBRAA7\" decoding=\"async\" width=\"1024\" height=\"591\" data-src=\"https:\/\/www.showdowndisplays.eu\/wp-content\/uploads\/2021\/06\/marketing-support-1024x591.jpg\" alt=\"\" class=\"wp-image-12108 size-full lazyload\" style=\"object-position:72% 48%\"\/><noscript><img decoding=\"async\" width=\"1024\" height=\"591\" src=\"https:\/\/www.showdowndisplays.eu\/wp-content\/uploads\/2021\/06\/marketing-support-1024x591.jpg\" alt=\"\" class=\"wp-image-12108 size-full\" style=\"object-position:72% 48%\"\/><\/noscript><\/figure><\/div>\n\n\n\n<div style=\"height:20px\" aria-hidden=\"true\" class=\"wp-block-spacer\"><\/div>\n\n\n\n<div class=\"wp-block-media-text alignwide is-stacked-on-mobile is-image-fill-element\" id=\"customisation\"><figure class=\"wp-block-media-text__media\"><img data-aspectratio=\"1024\/683\" src=\"data:image\/gif;base64,R0lGODlhAQABAIAAAAAAAP\/\/\/yH5BAEAAAAALAAAAAABAAEAAAIBRAA7\" decoding=\"async\" width=\"1024\" height=\"683\" data-src=\"https:\/\/www.showdowndisplays.eu\/wp-content\/uploads\/2020\/12\/IMG_5980_edit_res-1-1024x683.jpg\" alt=\"\" class=\"wp-image-5842 size-full lazyload\" style=\"object-position:50% 50%\" data-srcset=\"https:\/\/www.showdowndisplays.eu\/wp-content\/uploads\/2020\/12\/IMG_5980_edit_res-1-1024x683.jpg 1024w, https:\/\/www.showdowndisplays.eu\/wp-content\/uploads\/2020\/12\/IMG_5980_edit_res-1-405x270.jpg 405w, https:\/\/www.showdowndisplays.eu\/wp-content\/uploads\/2020\/12\/IMG_5980_edit_res-1-768x512.jpg 768w, https:\/\/www.showdowndisplays.eu\/wp-content\/uploads\/2020\/12\/IMG_5980_edit_res-1-380x253.jpg 380w, https:\/\/www.showdowndisplays.eu\/wp-content\/uploads\/2020\/12\/IMG_5980_edit_res-1-96x64.jpg 96w, https:\/\/www.showdowndisplays.eu\/wp-content\/uploads\/2020\/12\/IMG_5980_edit_res-1-200x133.jpg 200w, https:\/\/www.showdowndisplays.eu\/wp-content\/uploads\/2020\/12\/IMG_5980_edit_res-1.jpg 1296w\" sizes=\"(max-width: 1024px) 100vw, 1024px\" \/><noscript><img decoding=\"async\" width=\"1024\" height=\"683\" src=\"https:\/\/www.showdowndisplays.eu\/wp-content\/uploads\/2020\/12\/IMG_5980_edit_res-1-1024x683.jpg\" alt=\"\" class=\"wp-image-5842 size-full\" style=\"object-position:50% 50%\" srcset=\"https:\/\/www.showdowndisplays.eu\/wp-content\/uploads\/2020\/12\/IMG_5980_edit_res-1-1024x683.jpg 1024w, https:\/\/www.showdowndisplays.eu\/wp-content\/uploads\/2020\/12\/IMG_5980_edit_res-1-405x270.jpg 405w, https:\/\/www.showdowndisplays.eu\/wp-content\/uploads\/2020\/12\/IMG_5980_edit_res-1-768x512.jpg 768w, https:\/\/www.showdowndisplays.eu\/wp-content\/uploads\/2020\/12\/IMG_5980_edit_res-1-380x253.jpg 380w, https:\/\/www.showdowndisplays.eu\/wp-content\/uploads\/2020\/12\/IMG_5980_edit_res-1-96x64.jpg 96w, https:\/\/www.showdowndisplays.eu\/wp-content\/uploads\/2020\/12\/IMG_5980_edit_res-1-200x133.jpg 200w, https:\/\/www.showdowndisplays.eu\/wp-content\/uploads\/2020\/12\/IMG_5980_edit_res-1.jpg 1296w\" sizes=\"(max-width: 1024px) 100vw, 1024px\" \/><\/noscript><\/figure><div class=\"wp-block-media-text__content\">\n<div style=\"height:20px\" aria-hidden=\"true\" class=\"wp-block-spacer\"><\/div>\n\n\n\n<h4 class=\"wp-block-heading\" id=\"customisation\">Projektowanie<\/h4>\n\n\n\n<h2 class=\"wp-block-heading\">Odwa\u017c si\u0119 by\u0107 inny! <\/h2>\n\n\n\n<p>Mimo \u017ce posiadamy jedn\u0105 z najwi\u0119kszych ofert produkt\u00f3w w Europie, z przyjemno\u015bci\u0105 om\u00f3wimy r\u00f3wnie\u017c Twoje specyficzne wymagania dotycz\u0105ce rozwi\u0105zania szytego na miar\u0119. Czas wyr\u00f3\u017cni\u0107 si\u0119 z t\u0142umu!<\/p>\n\n\n\n<div class=\"wp-block-buttons is-layout-flex wp-block-buttons-is-layout-flex\">\n<div class=\"wp-block-button\"><a class=\"wp-block-button__link wp-element-button\" href=\"https:\/\/www.showdowndisplays.eu\/pl\/projektowanie\/\">Dowiedz si\u0119 wi\u0119cej o dostosowywaniu<\/a><\/div>\n<\/div>\n\n\n\n<div style=\"height:35px\" aria-hidden=\"true\" class=\"wp-block-spacer\"><\/div>\n<\/div><\/div>\n\n\n\n\n","protected":false},"excerpt":{"rendered":"<p>Us\u0142ugi drukowania \u2022 Dropshipping \u2022 Wsparcie marketingowe \u2022 Projektowanie<\/p>\n","protected":false},"author":3,"featured_media":0,"parent":0,"menu_order":1,"comment_status":"closed","ping_status":"closed","template":"","meta":{"_acf_changed":false,"footnotes":""},"class_list":["post-12332","page","type-page","status-publish","hentry"],"acf":[],"_links":{"self":[{"href":"https:\/\/www.showdowndisplays.eu\/pl\/wp-json\/wp\/v2\/pages\/12332","targetHints":{"allow":["GET"]}}],"collection":[{"href":"https:\/\/www.showdowndisplays.eu\/pl\/wp-json\/wp\/v2\/pages"}],"about":[{"href":"https:\/\/www.showdowndisplays.eu\/pl\/wp-json\/wp\/v2\/types\/page"}],"author":[{"embeddable":true,"href":"https:\/\/www.showdowndisplays.eu\/pl\/wp-json\/wp\/v2\/users\/3"}],"replies":[{"embeddable":true,"href":"https:\/\/www.showdowndisplays.eu\/pl\/wp-json\/wp\/v2\/comments?post=12332"}],"version-history":[{"count":12,"href":"https:\/\/www.showdowndisplays.eu\/pl\/wp-json\/wp\/v2\/pages\/12332\/revisions"}],"predecessor-version":[{"id":51892,"href":"https:\/\/www.showdowndisplays.eu\/pl\/wp-json\/wp\/v2\/pages\/12332\/revisions\/51892"}],"wp:attachment":[{"href":"https:\/\/www.showdowndisplays.eu\/pl\/wp-json\/wp\/v2\/media?parent=12332"}],"curies":[{"name":"wp","href":"https:\/\/api.w.org\/{rel}","templated":true}]}}