{"id":11644,"date":"2021-05-04T08:04:06","date_gmt":"2021-05-04T08:04:06","guid":{"rendered":"https:\/\/www.showdowndisplays.eu\/foya-living\/"},"modified":"2021-06-10T06:56:03","modified_gmt":"2021-06-10T06:56:03","slug":"foya-living","status":"publish","type":"page","link":"https:\/\/www.showdowndisplays.eu\/pl\/foya-living\/","title":{"rendered":"Home D\u00e9cor"},"content":{"rendered":"\n<div class=\"wp-block-media-text alignwide is-stacked-on-mobile is-image-fill image-text-2\"><figure class=\"wp-block-media-text__media\" style=\"background-image:url(https:\/\/www.showdowndisplays.eu\/wp-content\/uploads\/2021\/06\/SDE_hd_01-wallart_vis09-5-6-1024x853.jpg);background-position:53% 56.99999999999999%\"><img data-aspectratio=\"1024\/853\" src=\"data:image\/gif;base64,R0lGODlhAQABAIAAAAAAAP\/\/\/yH5BAEAAAAALAAAAAABAAEAAAIBRAA7\" decoding=\"async\" width=\"1024\" height=\"853\" data-src=\"https:\/\/www.showdowndisplays.eu\/wp-content\/uploads\/2021\/06\/SDE_hd_01-wallart_vis09-5-6-1024x853.jpg\" alt=\"\" class=\"wp-image-12075 lazyload\" data-srcset=\"https:\/\/www.showdowndisplays.eu\/wp-content\/uploads\/2021\/06\/SDE_hd_01-wallart_vis09-5-6-1024x853.jpg 1024w, https:\/\/www.showdowndisplays.eu\/wp-content\/uploads\/2021\/06\/SDE_hd_01-wallart_vis09-5-6-324x270.jpg 324w, https:\/\/www.showdowndisplays.eu\/wp-content\/uploads\/2021\/06\/SDE_hd_01-wallart_vis09-5-6-768x640.jpg 768w, https:\/\/www.showdowndisplays.eu\/wp-content\/uploads\/2021\/06\/SDE_hd_01-wallart_vis09-5-6-380x316.jpg 380w, https:\/\/www.showdowndisplays.eu\/wp-content\/uploads\/2021\/06\/SDE_hd_01-wallart_vis09-5-6-96x80.jpg 96w, https:\/\/www.showdowndisplays.eu\/wp-content\/uploads\/2021\/06\/SDE_hd_01-wallart_vis09-5-6-200x167.jpg 200w, https:\/\/www.showdowndisplays.eu\/wp-content\/uploads\/2021\/06\/SDE_hd_01-wallart_vis09-5-6.jpg 1340w\" sizes=\"(max-width: 1024px) 100vw, 1024px\" \/><noscript><img decoding=\"async\" width=\"1024\" height=\"853\" src=\"https:\/\/www.showdowndisplays.eu\/wp-content\/uploads\/2021\/06\/SDE_hd_01-wallart_vis09-5-6-1024x853.jpg\" alt=\"\" class=\"wp-image-12075\" srcset=\"https:\/\/www.showdowndisplays.eu\/wp-content\/uploads\/2021\/06\/SDE_hd_01-wallart_vis09-5-6-1024x853.jpg 1024w, https:\/\/www.showdowndisplays.eu\/wp-content\/uploads\/2021\/06\/SDE_hd_01-wallart_vis09-5-6-324x270.jpg 324w, https:\/\/www.showdowndisplays.eu\/wp-content\/uploads\/2021\/06\/SDE_hd_01-wallart_vis09-5-6-768x640.jpg 768w, https:\/\/www.showdowndisplays.eu\/wp-content\/uploads\/2021\/06\/SDE_hd_01-wallart_vis09-5-6-380x316.jpg 380w, https:\/\/www.showdowndisplays.eu\/wp-content\/uploads\/2021\/06\/SDE_hd_01-wallart_vis09-5-6-96x80.jpg 96w, https:\/\/www.showdowndisplays.eu\/wp-content\/uploads\/2021\/06\/SDE_hd_01-wallart_vis09-5-6-200x167.jpg 200w, https:\/\/www.showdowndisplays.eu\/wp-content\/uploads\/2021\/06\/SDE_hd_01-wallart_vis09-5-6.jpg 1340w\" sizes=\"(max-width: 1024px) 100vw, 1024px\" \/><\/noscript><\/figure><div class=\"wp-block-media-text__content\">\n<h2 class=\"wp-block-heading\"><strong>Wyra\u017a siebie we w\u0142asnym miejscu zamieszkania<\/strong><\/h2>\n\n\n\n<p>Poka\u017c sw\u00f3j w\u0142asny gust dzi\u0119ki produktom dekoracyjnym. Dla Ciebie jako osoby, Ciebie jako sprzedawcy i Ciebie jako cz\u0142onka rodziny. Wyobra\u017a sobie personalizowanie tablicy w salonie lub organizowanie tygodniowego harmonogramu na tablicy planowania w kuchni. <\/p>\n\n\n\n<p>W ci\u0105gu ostatniego roku wiele si\u0119 zmieni\u0142o. Wszyscy sp\u0119dzamy wi\u0119cej czasu w domu, wielu z nas nadal pracuje w swoich domach, a popyt na produkty do dekoracji wn\u0119trz wzr\u00f3s\u0142 znacz\u0105co. Z tych powod\u00f3w zdecydowali\u015bmy si\u0119 wej\u015b\u0107 na ten nowy rynek i cieszymy si\u0119, \u017ce mo\u017cemy podzieli\u0107 si\u0119 z Tob\u0105 nasz\u0105 now\u0105 lini\u0105 produkt\u00f3w.<\/p>\n<\/div><\/div>\n\n\n\n<h2 class=\"wp-block-heading\"><strong>Nowa linia produkt\u00f3w Home D\u00e9cor od Showdown Displays Europe<\/strong><\/h2>\n\n\n\n<p>Foya Living to nowa linia produkt\u00f3w Home D\u00e9cor od Showdown Displays Europe, Twojego nowego partnera w zakresie produkt\u00f3w Home D\u00e9cor. Pod\u0105\u017caj\u0105c za trendami w wystroju wn\u0119trz i aran\u017cacji wn\u0119trz, zapewniamy najnowsze rozwi\u0105zania i produkty dla Twojej firmy. Posiadaj\u0105c w\u0142asn\u0105 europejsk\u0105 produkcj\u0119 i w\u0142asn\u0105 drukarni\u0119 jeste\u015bmy Twoim partnerem w zakresie dekoracji wn\u0119trz, w domu i wok\u00f3\u0142 niego. Spersonalizowane, zawieraj\u0105ce zdj\u0119cia lub projekty Twoich partner\u00f3w. Nasz wewn\u0119trzny zesp\u00f3\u0142 ds. Rozwoju produkt\u00f3w nieustannie pracuje nad nowymi rozwi\u0105zaniami, pod\u0105\u017caj\u0105c za trendami w wystroju domu i wystroju wn\u0119trz.<\/p>\n\n\n\n<figure class=\"wp-block-gallery columns-3 is-cropped wp-block-gallery-1 is-layout-flex wp-block-gallery-is-layout-flex\"><ul class=\"blocks-gallery-grid\"><li class=\"blocks-gallery-item\"><figure><img data-aspectratio=\"1024\/818\" src=\"data:image\/gif;base64,R0lGODlhAQABAIAAAAAAAP\/\/\/yH5BAEAAAAALAAAAAABAAEAAAIBRAA7\" decoding=\"async\" width=\"1024\" height=\"818\" data-src=\"https:\/\/www.showdowndisplays.eu\/wp-content\/uploads\/2021\/05\/FOYA_01-wallart_vis08_res-1-1024x818.jpg\" alt=\"\" data-id=\"10537\" data-full-url=\"https:\/\/www.showdowndisplays.eu\/wp-content\/uploads\/2021\/05\/FOYA_01-wallart_vis08_res-1.jpg\" data-link=\"https:\/\/www.showdowndisplays.eu\/foya-living\/foya_01-wallart_vis08_res-2\/\" class=\"wp-image-10537 lazyload\" data-srcset=\"https:\/\/www.showdowndisplays.eu\/wp-content\/uploads\/2021\/05\/FOYA_01-wallart_vis08_res-1-1024x818.jpg 1024w, https:\/\/www.showdowndisplays.eu\/wp-content\/uploads\/2021\/05\/FOYA_01-wallart_vis08_res-1-338x270.jpg 338w, https:\/\/www.showdowndisplays.eu\/wp-content\/uploads\/2021\/05\/FOYA_01-wallart_vis08_res-1-768x614.jpg 768w, https:\/\/www.showdowndisplays.eu\/wp-content\/uploads\/2021\/05\/FOYA_01-wallart_vis08_res-1-380x304.jpg 380w, https:\/\/www.showdowndisplays.eu\/wp-content\/uploads\/2021\/05\/FOYA_01-wallart_vis08_res-1-96x77.jpg 96w, https:\/\/www.showdowndisplays.eu\/wp-content\/uploads\/2021\/05\/FOYA_01-wallart_vis08_res-1-200x160.jpg 200w, https:\/\/www.showdowndisplays.eu\/wp-content\/uploads\/2021\/05\/FOYA_01-wallart_vis08_res-1.jpg 1200w\" sizes=\"(max-width: 1024px) 100vw, 1024px\" \/><noscript><img decoding=\"async\" width=\"1024\" height=\"818\" src=\"https:\/\/www.showdowndisplays.eu\/wp-content\/uploads\/2021\/05\/FOYA_01-wallart_vis08_res-1-1024x818.jpg\" alt=\"\" data-id=\"10537\" data-full-url=\"https:\/\/www.showdowndisplays.eu\/wp-content\/uploads\/2021\/05\/FOYA_01-wallart_vis08_res-1.jpg\" data-link=\"https:\/\/www.showdowndisplays.eu\/foya-living\/foya_01-wallart_vis08_res-2\/\" class=\"wp-image-10537\" srcset=\"https:\/\/www.showdowndisplays.eu\/wp-content\/uploads\/2021\/05\/FOYA_01-wallart_vis08_res-1-1024x818.jpg 1024w, https:\/\/www.showdowndisplays.eu\/wp-content\/uploads\/2021\/05\/FOYA_01-wallart_vis08_res-1-338x270.jpg 338w, https:\/\/www.showdowndisplays.eu\/wp-content\/uploads\/2021\/05\/FOYA_01-wallart_vis08_res-1-768x614.jpg 768w, https:\/\/www.showdowndisplays.eu\/wp-content\/uploads\/2021\/05\/FOYA_01-wallart_vis08_res-1-380x304.jpg 380w, https:\/\/www.showdowndisplays.eu\/wp-content\/uploads\/2021\/05\/FOYA_01-wallart_vis08_res-1-96x77.jpg 96w, https:\/\/www.showdowndisplays.eu\/wp-content\/uploads\/2021\/05\/FOYA_01-wallart_vis08_res-1-200x160.jpg 200w, https:\/\/www.showdowndisplays.eu\/wp-content\/uploads\/2021\/05\/FOYA_01-wallart_vis08_res-1.jpg 1200w\" sizes=\"(max-width: 1024px) 100vw, 1024px\" \/><\/noscript><\/figure><\/li><li class=\"blocks-gallery-item\"><figure><img data-aspectratio=\"1000\/667\" src=\"data:image\/gif;base64,R0lGODlhAQABAIAAAAAAAP\/\/\/yH5BAEAAAAALAAAAAABAAEAAAIBRAA7\" decoding=\"async\" width=\"1000\" height=\"667\" data-src=\"https:\/\/www.showdowndisplays.eu\/wp-content\/uploads\/2021\/05\/foya_visual_02-textile_room_divider_deco-cherry_blossom_beige_up_res.jpg\" alt=\"\" data-id=\"10572\" data-full-url=\"https:\/\/www.showdowndisplays.eu\/wp-content\/uploads\/2021\/05\/foya_visual_02-textile_room_divider_deco-cherry_blossom_beige_up_res.jpg\" data-link=\"https:\/\/www.showdowndisplays.eu\/foya-living\/foya_visual_02-textile_room_divider_deco-cherry_blossom_beige_up_res\/\" class=\"wp-image-10572 lazyload\" data-srcset=\"https:\/\/www.showdowndisplays.eu\/wp-content\/uploads\/2021\/05\/foya_visual_02-textile_room_divider_deco-cherry_blossom_beige_up_res.jpg 1000w, https:\/\/www.showdowndisplays.eu\/wp-content\/uploads\/2021\/05\/foya_visual_02-textile_room_divider_deco-cherry_blossom_beige_up_res-405x270.jpg 405w, https:\/\/www.showdowndisplays.eu\/wp-content\/uploads\/2021\/05\/foya_visual_02-textile_room_divider_deco-cherry_blossom_beige_up_res-768x512.jpg 768w, https:\/\/www.showdowndisplays.eu\/wp-content\/uploads\/2021\/05\/foya_visual_02-textile_room_divider_deco-cherry_blossom_beige_up_res-380x253.jpg 380w, https:\/\/www.showdowndisplays.eu\/wp-content\/uploads\/2021\/05\/foya_visual_02-textile_room_divider_deco-cherry_blossom_beige_up_res-96x64.jpg 96w, https:\/\/www.showdowndisplays.eu\/wp-content\/uploads\/2021\/05\/foya_visual_02-textile_room_divider_deco-cherry_blossom_beige_up_res-200x133.jpg 200w\" sizes=\"(max-width: 1000px) 100vw, 1000px\" \/><noscript><img decoding=\"async\" width=\"1000\" height=\"667\" src=\"https:\/\/www.showdowndisplays.eu\/wp-content\/uploads\/2021\/05\/foya_visual_02-textile_room_divider_deco-cherry_blossom_beige_up_res.jpg\" alt=\"\" data-id=\"10572\" data-full-url=\"https:\/\/www.showdowndisplays.eu\/wp-content\/uploads\/2021\/05\/foya_visual_02-textile_room_divider_deco-cherry_blossom_beige_up_res.jpg\" data-link=\"https:\/\/www.showdowndisplays.eu\/foya-living\/foya_visual_02-textile_room_divider_deco-cherry_blossom_beige_up_res\/\" class=\"wp-image-10572\" srcset=\"https:\/\/www.showdowndisplays.eu\/wp-content\/uploads\/2021\/05\/foya_visual_02-textile_room_divider_deco-cherry_blossom_beige_up_res.jpg 1000w, https:\/\/www.showdowndisplays.eu\/wp-content\/uploads\/2021\/05\/foya_visual_02-textile_room_divider_deco-cherry_blossom_beige_up_res-405x270.jpg 405w, https:\/\/www.showdowndisplays.eu\/wp-content\/uploads\/2021\/05\/foya_visual_02-textile_room_divider_deco-cherry_blossom_beige_up_res-768x512.jpg 768w, https:\/\/www.showdowndisplays.eu\/wp-content\/uploads\/2021\/05\/foya_visual_02-textile_room_divider_deco-cherry_blossom_beige_up_res-380x253.jpg 380w, https:\/\/www.showdowndisplays.eu\/wp-content\/uploads\/2021\/05\/foya_visual_02-textile_room_divider_deco-cherry_blossom_beige_up_res-96x64.jpg 96w, https:\/\/www.showdowndisplays.eu\/wp-content\/uploads\/2021\/05\/foya_visual_02-textile_room_divider_deco-cherry_blossom_beige_up_res-200x133.jpg 200w\" sizes=\"(max-width: 1000px) 100vw, 1000px\" \/><\/noscript><\/figure><\/li><li class=\"blocks-gallery-item\"><figure><img data-aspectratio=\"1000\/699\" src=\"data:image\/gif;base64,R0lGODlhAQABAIAAAAAAAP\/\/\/yH5BAEAAAAALAAAAAABAAEAAAIBRAA7\" decoding=\"async\" width=\"1000\" height=\"699\" data-src=\"https:\/\/www.showdowndisplays.eu\/wp-content\/uploads\/2021\/05\/PM_visual_main_avocado_res-1.jpg\" alt=\"\" data-id=\"10545\" data-full-url=\"https:\/\/www.showdowndisplays.eu\/wp-content\/uploads\/2021\/05\/PM_visual_main_avocado_res-1.jpg\" data-link=\"https:\/\/www.showdowndisplays.eu\/foya-living\/pm_visual_main_avocado_res-1\/\" class=\"wp-image-10545 lazyload\" data-srcset=\"https:\/\/www.showdowndisplays.eu\/wp-content\/uploads\/2021\/05\/PM_visual_main_avocado_res-1.jpg 1000w, https:\/\/www.showdowndisplays.eu\/wp-content\/uploads\/2021\/05\/PM_visual_main_avocado_res-1-386x270.jpg 386w, https:\/\/www.showdowndisplays.eu\/wp-content\/uploads\/2021\/05\/PM_visual_main_avocado_res-1-768x537.jpg 768w, https:\/\/www.showdowndisplays.eu\/wp-content\/uploads\/2021\/05\/PM_visual_main_avocado_res-1-380x266.jpg 380w, https:\/\/www.showdowndisplays.eu\/wp-content\/uploads\/2021\/05\/PM_visual_main_avocado_res-1-96x67.jpg 96w, https:\/\/www.showdowndisplays.eu\/wp-content\/uploads\/2021\/05\/PM_visual_main_avocado_res-1-200x140.jpg 200w\" sizes=\"(max-width: 1000px) 100vw, 1000px\" \/><noscript><img decoding=\"async\" width=\"1000\" height=\"699\" src=\"https:\/\/www.showdowndisplays.eu\/wp-content\/uploads\/2021\/05\/PM_visual_main_avocado_res-1.jpg\" alt=\"\" data-id=\"10545\" data-full-url=\"https:\/\/www.showdowndisplays.eu\/wp-content\/uploads\/2021\/05\/PM_visual_main_avocado_res-1.jpg\" data-link=\"https:\/\/www.showdowndisplays.eu\/foya-living\/pm_visual_main_avocado_res-1\/\" class=\"wp-image-10545\" srcset=\"https:\/\/www.showdowndisplays.eu\/wp-content\/uploads\/2021\/05\/PM_visual_main_avocado_res-1.jpg 1000w, https:\/\/www.showdowndisplays.eu\/wp-content\/uploads\/2021\/05\/PM_visual_main_avocado_res-1-386x270.jpg 386w, https:\/\/www.showdowndisplays.eu\/wp-content\/uploads\/2021\/05\/PM_visual_main_avocado_res-1-768x537.jpg 768w, https:\/\/www.showdowndisplays.eu\/wp-content\/uploads\/2021\/05\/PM_visual_main_avocado_res-1-380x266.jpg 380w, https:\/\/www.showdowndisplays.eu\/wp-content\/uploads\/2021\/05\/PM_visual_main_avocado_res-1-96x67.jpg 96w, https:\/\/www.showdowndisplays.eu\/wp-content\/uploads\/2021\/05\/PM_visual_main_avocado_res-1-200x140.jpg 200w\" sizes=\"(max-width: 1000px) 100vw, 1000px\" \/><\/noscript><\/figure><\/li><\/ul><\/figure>\n\n\n\n<div class=\"wp-block-media-text alignwide has-media-on-the-right is-stacked-on-mobile is-vertically-aligned-top is-image-fill image-text-2\"><figure class=\"wp-block-media-text__media\" style=\"background-image:url(https:\/\/www.showdowndisplays.eu\/wp-content\/uploads\/2021\/05\/Foya-lookbook-1024x683.png);background-position:50% 50%\"><img data-aspectratio=\"1024\/683\" src=\"data:image\/gif;base64,R0lGODlhAQABAIAAAAAAAP\/\/\/yH5BAEAAAAALAAAAAABAAEAAAIBRAA7\" decoding=\"async\" width=\"1024\" height=\"683\" data-src=\"https:\/\/www.showdowndisplays.eu\/wp-content\/uploads\/2021\/05\/Foya-lookbook-1024x683.png\" alt=\"\" class=\"wp-image-10564 lazyload\" data-srcset=\"https:\/\/www.showdowndisplays.eu\/wp-content\/uploads\/2021\/05\/Foya-lookbook-1024x683.png 1024w, https:\/\/www.showdowndisplays.eu\/wp-content\/uploads\/2021\/05\/Foya-lookbook-405x270.png 405w, https:\/\/www.showdowndisplays.eu\/wp-content\/uploads\/2021\/05\/Foya-lookbook-768x512.png 768w, https:\/\/www.showdowndisplays.eu\/wp-content\/uploads\/2021\/05\/Foya-lookbook-380x253.png 380w, https:\/\/www.showdowndisplays.eu\/wp-content\/uploads\/2021\/05\/Foya-lookbook-96x64.png 96w, https:\/\/www.showdowndisplays.eu\/wp-content\/uploads\/2021\/05\/Foya-lookbook-200x133.png 200w, https:\/\/www.showdowndisplays.eu\/wp-content\/uploads\/2021\/05\/Foya-lookbook.png 1368w\" sizes=\"(max-width: 1024px) 100vw, 1024px\" \/><noscript><img decoding=\"async\" width=\"1024\" height=\"683\" src=\"https:\/\/www.showdowndisplays.eu\/wp-content\/uploads\/2021\/05\/Foya-lookbook-1024x683.png\" alt=\"\" class=\"wp-image-10564\" srcset=\"https:\/\/www.showdowndisplays.eu\/wp-content\/uploads\/2021\/05\/Foya-lookbook-1024x683.png 1024w, https:\/\/www.showdowndisplays.eu\/wp-content\/uploads\/2021\/05\/Foya-lookbook-405x270.png 405w, https:\/\/www.showdowndisplays.eu\/wp-content\/uploads\/2021\/05\/Foya-lookbook-768x512.png 768w, https:\/\/www.showdowndisplays.eu\/wp-content\/uploads\/2021\/05\/Foya-lookbook-380x253.png 380w, https:\/\/www.showdowndisplays.eu\/wp-content\/uploads\/2021\/05\/Foya-lookbook-96x64.png 96w, https:\/\/www.showdowndisplays.eu\/wp-content\/uploads\/2021\/05\/Foya-lookbook-200x133.png 200w, https:\/\/www.showdowndisplays.eu\/wp-content\/uploads\/2021\/05\/Foya-lookbook.png 1368w\" sizes=\"(max-width: 1024px) 100vw, 1024px\" \/><\/noscript><\/figure><div class=\"wp-block-media-text__content\">\n<h2 class=\"wp-block-heading\"><strong>Sprawd\u017a nasz katalog!<\/strong><\/h2>\n\n\n\n<p>Z przyjemno\u015bci\u0105 przedstawiamy Pa\u0144stwu nasz pierwszy katalog Foya Living. Od dekoracji \u015bciennych i sto\u0142\u00f3w po dekoracje ogrodowe i przegrody pokojowe. Znajdziesz go tutaj!<\/p>\n\n\n\n<div class=\"wp-block-buttons is-layout-flex wp-block-buttons-is-layout-flex\">\n<div class=\"wp-block-button\"><a class=\"wp-block-button__link\" href=\"https:\/\/online.flippingbook.com\/view\/280376794\/\" target=\"_blank\" rel=\"noreferrer noopener\">Zobacz nasz Katalog z wystrojem wn\u0119trz<\/a><\/div>\n<\/div>\n\n\n\n<div style=\"height:33px\" aria-hidden=\"true\" class=\"wp-block-spacer\"><\/div>\n\n\n\n\n<\/div><\/div>\n\n\n\n<div class=\"wp-block-columns is-layout-flex wp-container-core-columns-is-layout-9d6595d7 wp-block-columns-is-layout-flex\">\n<div class=\"wp-block-column is-layout-flow wp-block-column-is-layout-flow\">\n<figure class=\"wp-block-image size-large\"><img data-aspectratio=\"1024\/768\" src=\"data:image\/gif;base64,R0lGODlhAQABAIAAAAAAAP\/\/\/yH5BAEAAAAALAAAAAABAAEAAAIBRAA7\" decoding=\"async\" width=\"1024\" height=\"768\" data-src=\"https:\/\/www.showdowndisplays.eu\/wp-content\/uploads\/2021\/05\/FOYA_01-wallart_vis13_res-1024x768.jpg\" alt=\"\" class=\"wp-image-10432 lazyload\" data-srcset=\"https:\/\/www.showdowndisplays.eu\/wp-content\/uploads\/2021\/05\/FOYA_01-wallart_vis13_res-1024x768.jpg 1024w, https:\/\/www.showdowndisplays.eu\/wp-content\/uploads\/2021\/05\/FOYA_01-wallart_vis13_res-360x270.jpg 360w, https:\/\/www.showdowndisplays.eu\/wp-content\/uploads\/2021\/05\/FOYA_01-wallart_vis13_res-768x576.jpg 768w, https:\/\/www.showdowndisplays.eu\/wp-content\/uploads\/2021\/05\/FOYA_01-wallart_vis13_res-380x285.jpg 380w, https:\/\/www.showdowndisplays.eu\/wp-content\/uploads\/2021\/05\/FOYA_01-wallart_vis13_res-96x72.jpg 96w, https:\/\/www.showdowndisplays.eu\/wp-content\/uploads\/2021\/05\/FOYA_01-wallart_vis13_res-200x150.jpg 200w, https:\/\/www.showdowndisplays.eu\/wp-content\/uploads\/2021\/05\/FOYA_01-wallart_vis13_res.jpg 1200w\" sizes=\"(max-width: 1024px) 100vw, 1024px\" \/><noscript><img decoding=\"async\" width=\"1024\" height=\"768\" src=\"https:\/\/www.showdowndisplays.eu\/wp-content\/uploads\/2021\/05\/FOYA_01-wallart_vis13_res-1024x768.jpg\" alt=\"\" class=\"wp-image-10432\" srcset=\"https:\/\/www.showdowndisplays.eu\/wp-content\/uploads\/2021\/05\/FOYA_01-wallart_vis13_res-1024x768.jpg 1024w, https:\/\/www.showdowndisplays.eu\/wp-content\/uploads\/2021\/05\/FOYA_01-wallart_vis13_res-360x270.jpg 360w, https:\/\/www.showdowndisplays.eu\/wp-content\/uploads\/2021\/05\/FOYA_01-wallart_vis13_res-768x576.jpg 768w, https:\/\/www.showdowndisplays.eu\/wp-content\/uploads\/2021\/05\/FOYA_01-wallart_vis13_res-380x285.jpg 380w, https:\/\/www.showdowndisplays.eu\/wp-content\/uploads\/2021\/05\/FOYA_01-wallart_vis13_res-96x72.jpg 96w, https:\/\/www.showdowndisplays.eu\/wp-content\/uploads\/2021\/05\/FOYA_01-wallart_vis13_res-200x150.jpg 200w, https:\/\/www.showdowndisplays.eu\/wp-content\/uploads\/2021\/05\/FOYA_01-wallart_vis13_res.jpg 1200w\" sizes=\"(max-width: 1024px) 100vw, 1024px\" \/><\/noscript><\/figure>\n<\/div>\n\n\n\n<div class=\"wp-block-column is-layout-flow wp-block-column-is-layout-flow\">\n<figure class=\"wp-block-image size-large\"><img data-aspectratio=\"1024\/775\" src=\"data:image\/gif;base64,R0lGODlhAQABAIAAAAAAAP\/\/\/yH5BAEAAAAALAAAAAABAAEAAAIBRAA7\" decoding=\"async\" width=\"1024\" height=\"775\" data-src=\"https:\/\/www.showdowndisplays.eu\/wp-content\/uploads\/2021\/05\/FOYA_04-garden_decor_vis05_res-1024x775.jpg\" alt=\"\" class=\"wp-image-10449 lazyload\" data-srcset=\"https:\/\/www.showdowndisplays.eu\/wp-content\/uploads\/2021\/05\/FOYA_04-garden_decor_vis05_res-1024x775.jpg 1024w, https:\/\/www.showdowndisplays.eu\/wp-content\/uploads\/2021\/05\/FOYA_04-garden_decor_vis05_res-357x270.jpg 357w, https:\/\/www.showdowndisplays.eu\/wp-content\/uploads\/2021\/05\/FOYA_04-garden_decor_vis05_res-768x581.jpg 768w, https:\/\/www.showdowndisplays.eu\/wp-content\/uploads\/2021\/05\/FOYA_04-garden_decor_vis05_res-380x288.jpg 380w, https:\/\/www.showdowndisplays.eu\/wp-content\/uploads\/2021\/05\/FOYA_04-garden_decor_vis05_res-96x73.jpg 96w, https:\/\/www.showdowndisplays.eu\/wp-content\/uploads\/2021\/05\/FOYA_04-garden_decor_vis05_res-200x151.jpg 200w, https:\/\/www.showdowndisplays.eu\/wp-content\/uploads\/2021\/05\/FOYA_04-garden_decor_vis05_res.jpg 1200w\" sizes=\"(max-width: 1024px) 100vw, 1024px\" \/><noscript><img decoding=\"async\" width=\"1024\" height=\"775\" src=\"https:\/\/www.showdowndisplays.eu\/wp-content\/uploads\/2021\/05\/FOYA_04-garden_decor_vis05_res-1024x775.jpg\" alt=\"\" class=\"wp-image-10449\" srcset=\"https:\/\/www.showdowndisplays.eu\/wp-content\/uploads\/2021\/05\/FOYA_04-garden_decor_vis05_res-1024x775.jpg 1024w, https:\/\/www.showdowndisplays.eu\/wp-content\/uploads\/2021\/05\/FOYA_04-garden_decor_vis05_res-357x270.jpg 357w, https:\/\/www.showdowndisplays.eu\/wp-content\/uploads\/2021\/05\/FOYA_04-garden_decor_vis05_res-768x581.jpg 768w, https:\/\/www.showdowndisplays.eu\/wp-content\/uploads\/2021\/05\/FOYA_04-garden_decor_vis05_res-380x288.jpg 380w, https:\/\/www.showdowndisplays.eu\/wp-content\/uploads\/2021\/05\/FOYA_04-garden_decor_vis05_res-96x73.jpg 96w, https:\/\/www.showdowndisplays.eu\/wp-content\/uploads\/2021\/05\/FOYA_04-garden_decor_vis05_res-200x151.jpg 200w, https:\/\/www.showdowndisplays.eu\/wp-content\/uploads\/2021\/05\/FOYA_04-garden_decor_vis05_res.jpg 1200w\" sizes=\"(max-width: 1024px) 100vw, 1024px\" \/><\/noscript><\/figure>\n<\/div>\n<\/div>\n\n\n\n<h2 class=\"wp-block-heading\"><strong>Ju\u017c wkr\u00f3tce<\/strong><\/h2>\n\n\n\n<p>B\u0119dziemy nadal rozwija\u0107 nasz\u0105 gam\u0119 produkt\u00f3w do dekoracji wn\u0119trz w 2021 r. W drugim etapie rozszerzymy nasze portfolio o tablice do planowania domu, tablice \u0142\u0105czone, tablice informacyjne, dekoracje \u015bcienne, naklejki i os\u0142ony drzwi. W trzecim etapie dodamy do naszej oferty poduszki, koce, obrazy na p\u0142\u00f3tnie i inne rodzaje obraz\u00f3w \u015bciennych, kt\u00f3re mo\u017cna dostosowa\u0107 do w\u0142asnych potrzeb. Wszystkie opcje dostosowywania i drukowania b\u0119d\u0105 oferowane z naszej w\u0142asnej drukarni z wielk\u0105 staranno\u015bci\u0105 i dba\u0142o\u015bci\u0105 o szczeg\u00f3\u0142y.<\/p>\n\n\n\n<div class=\"wp-block-media-text alignwide is-stacked-on-mobile is-image-fill image-text-2\"><figure class=\"wp-block-media-text__media\" style=\"background-image:url(https:\/\/www.showdowndisplays.eu\/wp-content\/uploads\/2021\/05\/foya_visual_01-textile_room_divider-hexagon_grey_res-1024x683.jpg);background-position:50% 50%\"><img data-aspectratio=\"1024\/683\" src=\"data:image\/gif;base64,R0lGODlhAQABAIAAAAAAAP\/\/\/yH5BAEAAAAALAAAAAABAAEAAAIBRAA7\" decoding=\"async\" width=\"1024\" height=\"683\" data-src=\"https:\/\/www.showdowndisplays.eu\/wp-content\/uploads\/2021\/05\/foya_visual_01-textile_room_divider-hexagon_grey_res-1024x683.jpg\" alt=\"\" class=\"wp-image-10628 lazyload\" data-srcset=\"https:\/\/www.showdowndisplays.eu\/wp-content\/uploads\/2021\/05\/foya_visual_01-textile_room_divider-hexagon_grey_res-1024x683.jpg 1024w, https:\/\/www.showdowndisplays.eu\/wp-content\/uploads\/2021\/05\/foya_visual_01-textile_room_divider-hexagon_grey_res-405x270.jpg 405w, https:\/\/www.showdowndisplays.eu\/wp-content\/uploads\/2021\/05\/foya_visual_01-textile_room_divider-hexagon_grey_res-768x512.jpg 768w, https:\/\/www.showdowndisplays.eu\/wp-content\/uploads\/2021\/05\/foya_visual_01-textile_room_divider-hexagon_grey_res-380x253.jpg 380w, https:\/\/www.showdowndisplays.eu\/wp-content\/uploads\/2021\/05\/foya_visual_01-textile_room_divider-hexagon_grey_res-96x64.jpg 96w, https:\/\/www.showdowndisplays.eu\/wp-content\/uploads\/2021\/05\/foya_visual_01-textile_room_divider-hexagon_grey_res-200x133.jpg 200w, https:\/\/www.showdowndisplays.eu\/wp-content\/uploads\/2021\/05\/foya_visual_01-textile_room_divider-hexagon_grey_res.jpg 1500w\" sizes=\"(max-width: 1024px) 100vw, 1024px\" \/><noscript><img decoding=\"async\" width=\"1024\" height=\"683\" src=\"https:\/\/www.showdowndisplays.eu\/wp-content\/uploads\/2021\/05\/foya_visual_01-textile_room_divider-hexagon_grey_res-1024x683.jpg\" alt=\"\" class=\"wp-image-10628\" srcset=\"https:\/\/www.showdowndisplays.eu\/wp-content\/uploads\/2021\/05\/foya_visual_01-textile_room_divider-hexagon_grey_res-1024x683.jpg 1024w, https:\/\/www.showdowndisplays.eu\/wp-content\/uploads\/2021\/05\/foya_visual_01-textile_room_divider-hexagon_grey_res-405x270.jpg 405w, https:\/\/www.showdowndisplays.eu\/wp-content\/uploads\/2021\/05\/foya_visual_01-textile_room_divider-hexagon_grey_res-768x512.jpg 768w, https:\/\/www.showdowndisplays.eu\/wp-content\/uploads\/2021\/05\/foya_visual_01-textile_room_divider-hexagon_grey_res-380x253.jpg 380w, https:\/\/www.showdowndisplays.eu\/wp-content\/uploads\/2021\/05\/foya_visual_01-textile_room_divider-hexagon_grey_res-96x64.jpg 96w, https:\/\/www.showdowndisplays.eu\/wp-content\/uploads\/2021\/05\/foya_visual_01-textile_room_divider-hexagon_grey_res-200x133.jpg 200w, https:\/\/www.showdowndisplays.eu\/wp-content\/uploads\/2021\/05\/foya_visual_01-textile_room_divider-hexagon_grey_res.jpg 1500w\" sizes=\"(max-width: 1024px) 100vw, 1024px\" \/><\/noscript><\/figure><div class=\"wp-block-media-text__content\">\n<h2 class=\"wp-block-heading\"><strong>Zaczynaj!<\/strong><\/h2>\n\n\n\n<p>Mamy wszystko gotowe do wprowadzenia pierwszej gamy produkt\u00f3w Home D\u00e9cor online na Twojej platformie. Mo\u017cemy dostarczy\u0107 Ci katalogi, cenniki, neutralne zdj\u0119cia produkt\u00f3w, obrazy u\u017cytkowe, dane produkt\u00f3w i dodatkowe opisy produkt\u00f3w. Daj nam zna\u0107, czego jeszcze od nas potrzebujesz. Ch\u0119tnie pomo\u017cemy!<\/p>\n\n\n\n<div class=\"wp-block-buttons is-layout-flex wp-block-buttons-is-layout-flex\">\n<div class=\"wp-block-button\"><a class=\"wp-block-button__link\" href=\"mailto:orders@showdowndisplays.eu\" target=\"_blank\" rel=\"noreferrer noopener\">Zosta\u0144my partnerem!<\/a><\/div>\n<\/div>\n<\/div><\/div>\n","protected":false},"excerpt":{"rendered":"<p>Wyra\u017a siebie we w\u0142asnym miejscu zamieszkania Poka\u017c sw\u00f3j w\u0142asny gust dzi\u0119ki produktom dekoracyjnym. Dla Ciebie jako osoby, Ciebie jako sprzedawcy&#8230;<\/p>\n","protected":false},"author":3,"featured_media":10445,"parent":0,"menu_order":0,"comment_status":"closed","ping_status":"closed","template":"","meta":{"_acf_changed":false,"footnotes":""},"class_list":["post-11644","page","type-page","status-publish","has-post-thumbnail","hentry"],"acf":[],"_links":{"self":[{"href":"https:\/\/www.showdowndisplays.eu\/pl\/wp-json\/wp\/v2\/pages\/11644","targetHints":{"allow":["GET"]}}],"collection":[{"href":"https:\/\/www.showdowndisplays.eu\/pl\/wp-json\/wp\/v2\/pages"}],"about":[{"href":"https:\/\/www.showdowndisplays.eu\/pl\/wp-json\/wp\/v2\/types\/page"}],"author":[{"embeddable":true,"href":"https:\/\/www.showdowndisplays.eu\/pl\/wp-json\/wp\/v2\/users\/3"}],"replies":[{"embeddable":true,"href":"https:\/\/www.showdowndisplays.eu\/pl\/wp-json\/wp\/v2\/comments?post=11644"}],"version-history":[{"count":6,"href":"https:\/\/www.showdowndisplays.eu\/pl\/wp-json\/wp\/v2\/pages\/11644\/revisions"}],"predecessor-version":[{"id":12177,"href":"https:\/\/www.showdowndisplays.eu\/pl\/wp-json\/wp\/v2\/pages\/11644\/revisions\/12177"}],"wp:featuredmedia":[{"embeddable":true,"href":"https:\/\/www.showdowndisplays.eu\/pl\/wp-json\/wp\/v2\/media\/10445"}],"wp:attachment":[{"href":"https:\/\/www.showdowndisplays.eu\/pl\/wp-json\/wp\/v2\/media?parent=11644"}],"curies":[{"name":"wp","href":"https:\/\/api.w.org\/{rel}","templated":true}]}}