{"id":37331,"date":"2024-06-24T12:56:06","date_gmt":"2024-06-24T12:56:06","guid":{"rendered":"https:\/\/www.showdowndisplays.eu\/print-symbols\/"},"modified":"2024-09-11T07:02:01","modified_gmt":"2024-09-11T07:02:01","slug":"print-symbols","status":"publish","type":"page","link":"https:\/\/www.showdowndisplays.eu\/nl\/print-symbols\/","title":{"rendered":"Print symbolen"},"content":{"rendered":"\n<div class=\"wp-block-group block-white-background\"><div class=\"wp-block-group__inner-container is-layout-constrained wp-block-group-is-layout-constrained\">\n<div class=\"wp-block-media-text is-stacked-on-mobile is-vertically-aligned-center\" style=\"grid-template-columns:15% auto\"><figure class=\"wp-block-media-text__media\"><img data-aspectratio=\"344\/344\" src=\"data:image\/gif;base64,R0lGODlhAQABAIAAAAAAAP\/\/\/yH5BAEAAAAALAAAAAABAAEAAAIBRAA7\" decoding=\"async\" width=\"344\" height=\"344\" data-src=\"https:\/\/www.showdowndisplays.eu\/wp-content\/uploads\/2024\/06\/OV_Icons_Errors-DPI.png\" alt=\"\" class=\"wp-image-37038 size-full lazyload\" data-srcset=\"https:\/\/www.showdowndisplays.eu\/wp-content\/uploads\/2024\/06\/OV_Icons_Errors-DPI.png 344w, https:\/\/www.showdowndisplays.eu\/wp-content\/uploads\/2024\/06\/OV_Icons_Errors-DPI-270x270.png 270w, https:\/\/www.showdowndisplays.eu\/wp-content\/uploads\/2024\/06\/OV_Icons_Errors-DPI-96x96.png 96w, https:\/\/www.showdowndisplays.eu\/wp-content\/uploads\/2024\/06\/OV_Icons_Errors-DPI-200x200.png 200w\" sizes=\"(max-width: 344px) 100vw, 344px\" \/><noscript><img decoding=\"async\" width=\"344\" height=\"344\" src=\"https:\/\/www.showdowndisplays.eu\/wp-content\/uploads\/2024\/06\/OV_Icons_Errors-DPI.png\" alt=\"\" class=\"wp-image-37038 size-full\" srcset=\"https:\/\/www.showdowndisplays.eu\/wp-content\/uploads\/2024\/06\/OV_Icons_Errors-DPI.png 344w, https:\/\/www.showdowndisplays.eu\/wp-content\/uploads\/2024\/06\/OV_Icons_Errors-DPI-270x270.png 270w, https:\/\/www.showdowndisplays.eu\/wp-content\/uploads\/2024\/06\/OV_Icons_Errors-DPI-96x96.png 96w, https:\/\/www.showdowndisplays.eu\/wp-content\/uploads\/2024\/06\/OV_Icons_Errors-DPI-200x200.png 200w\" sizes=\"(max-width: 344px) 100vw, 344px\" \/><\/noscript><\/figure><div class=\"wp-block-media-text__content\">\n<h3 class=\"wp-block-heading\">Afbeelding is pixelig &gt; 150 DPI<\/h3>\n\n\n\n<p>Het ge\u00fcploade design heeft een DPI lager dan 150. Als het wordt geprint, kan het er pixelig uitzien. Om de beste kwaliteit met scherpe en duidelijke afbeeldingen te garanderen, pas je jouw ontwerp aan naar de 150 DPI-standaard. Als je akkoord gaat zonder je bestand aan te passen, wat kan leiden tot een pixelige afbeelding, kun je op &#8216;Goedkeuren voor printen&#8217; klikken.<\/p>\n<\/div><\/div>\n\n\n\n<div class=\"wp-block-media-text is-stacked-on-mobile is-vertically-aligned-center\" style=\"grid-template-columns:15% auto\"><figure class=\"wp-block-media-text__media\"><img data-aspectratio=\"344\/344\" src=\"data:image\/gif;base64,R0lGODlhAQABAIAAAAAAAP\/\/\/yH5BAEAAAAALAAAAAABAAEAAAIBRAA7\" decoding=\"async\" width=\"344\" height=\"344\" data-src=\"https:\/\/www.showdowndisplays.eu\/wp-content\/uploads\/2024\/06\/OV_Icons_Errors-CMYK.png\" alt=\"\" class=\"wp-image-37095 size-full lazyload\" data-srcset=\"https:\/\/www.showdowndisplays.eu\/wp-content\/uploads\/2024\/06\/OV_Icons_Errors-CMYK.png 344w, https:\/\/www.showdowndisplays.eu\/wp-content\/uploads\/2024\/06\/OV_Icons_Errors-CMYK-270x270.png 270w, https:\/\/www.showdowndisplays.eu\/wp-content\/uploads\/2024\/06\/OV_Icons_Errors-CMYK-96x96.png 96w, https:\/\/www.showdowndisplays.eu\/wp-content\/uploads\/2024\/06\/OV_Icons_Errors-CMYK-200x200.png 200w\" sizes=\"(max-width: 344px) 100vw, 344px\" \/><noscript><img decoding=\"async\" width=\"344\" height=\"344\" src=\"https:\/\/www.showdowndisplays.eu\/wp-content\/uploads\/2024\/06\/OV_Icons_Errors-CMYK.png\" alt=\"\" class=\"wp-image-37095 size-full\" srcset=\"https:\/\/www.showdowndisplays.eu\/wp-content\/uploads\/2024\/06\/OV_Icons_Errors-CMYK.png 344w, https:\/\/www.showdowndisplays.eu\/wp-content\/uploads\/2024\/06\/OV_Icons_Errors-CMYK-270x270.png 270w, https:\/\/www.showdowndisplays.eu\/wp-content\/uploads\/2024\/06\/OV_Icons_Errors-CMYK-96x96.png 96w, https:\/\/www.showdowndisplays.eu\/wp-content\/uploads\/2024\/06\/OV_Icons_Errors-CMYK-200x200.png 200w\" sizes=\"(max-width: 344px) 100vw, 344px\" \/><\/noscript><\/figure><div class=\"wp-block-media-text__content\">\n<h3 class=\"wp-block-heading\">Aangepaste kleuren<\/h3>\n\n\n\n<p>Onze printers gebruiken CMYK-kleuren. Het lijkt erop dat je ge\u00fcploade ontwerp in RGB-kleuren (of een ander kleurenpalet) is. Ons systeem heeft je RGB-kleuren automatisch omgezet naar CMYK. Dit kan resulteren in kleine kleurvariaties bij het printen. Als je akkoord gaat met deze mogelijkheid, klik dan op &#8216;Goedkeuren voor printen&#8217;. Als je zeker wilt zijn dat we in de juiste kleuren printen, pas je ontwerp dan aan naar CMYK-kleuren en upload het nieuwe printbestand.<\/p>\n<\/div><\/div>\n\n\n\n<div class=\"wp-block-media-text is-stacked-on-mobile is-vertically-aligned-center\" style=\"grid-template-columns:15% auto\"><figure class=\"wp-block-media-text__media\"><img data-aspectratio=\"344\/344\" src=\"data:image\/gif;base64,R0lGODlhAQABAIAAAAAAAP\/\/\/yH5BAEAAAAALAAAAAABAAEAAAIBRAA7\" decoding=\"async\" width=\"344\" height=\"344\" data-src=\"https:\/\/www.showdowndisplays.eu\/wp-content\/uploads\/2024\/06\/OV_Icons_Errors-Artwork_size_adapted.png\" alt=\"\" class=\"wp-image-37030 size-full lazyload\" data-srcset=\"https:\/\/www.showdowndisplays.eu\/wp-content\/uploads\/2024\/06\/OV_Icons_Errors-Artwork_size_adapted.png 344w, https:\/\/www.showdowndisplays.eu\/wp-content\/uploads\/2024\/06\/OV_Icons_Errors-Artwork_size_adapted-270x270.png 270w, https:\/\/www.showdowndisplays.eu\/wp-content\/uploads\/2024\/06\/OV_Icons_Errors-Artwork_size_adapted-96x96.png 96w, https:\/\/www.showdowndisplays.eu\/wp-content\/uploads\/2024\/06\/OV_Icons_Errors-Artwork_size_adapted-200x200.png 200w\" sizes=\"(max-width: 344px) 100vw, 344px\" \/><noscript><img decoding=\"async\" width=\"344\" height=\"344\" src=\"https:\/\/www.showdowndisplays.eu\/wp-content\/uploads\/2024\/06\/OV_Icons_Errors-Artwork_size_adapted.png\" alt=\"\" class=\"wp-image-37030 size-full\" srcset=\"https:\/\/www.showdowndisplays.eu\/wp-content\/uploads\/2024\/06\/OV_Icons_Errors-Artwork_size_adapted.png 344w, https:\/\/www.showdowndisplays.eu\/wp-content\/uploads\/2024\/06\/OV_Icons_Errors-Artwork_size_adapted-270x270.png 270w, https:\/\/www.showdowndisplays.eu\/wp-content\/uploads\/2024\/06\/OV_Icons_Errors-Artwork_size_adapted-96x96.png 96w, https:\/\/www.showdowndisplays.eu\/wp-content\/uploads\/2024\/06\/OV_Icons_Errors-Artwork_size_adapted-200x200.png 200w\" sizes=\"(max-width: 344px) 100vw, 344px\" \/><\/noscript><\/figure><div class=\"wp-block-media-text__content\">\n<h3 class=\"wp-block-heading\">Formaat printbestand aangepast<\/h3>\n\n\n\n<p>De grootte van het ge\u00fcploade printbestand verschilt 1-2 % van de print template. Onze automatische printsoftware heeft het formaat iets aangepast, zodat het perfect op de template past. Controleer of het er nog steeds naar verwachting uitziet. Als alles er goed uitziet, kun je op de knop \u2018Goedkeuren voor printen\u2019 klikken. Als je niet tevreden bent met de kleine aanpassing, pas dan het bestand aan en upload een nieuw printbestand in de juiste grootte.<\/p>\n<\/div><\/div>\n\n\n\n<div class=\"wp-block-media-text is-stacked-on-mobile is-vertically-aligned-center\" style=\"grid-template-columns:15% auto\"><figure class=\"wp-block-media-text__media\"><img data-aspectratio=\"344\/344\" src=\"data:image\/gif;base64,R0lGODlhAQABAIAAAAAAAP\/\/\/yH5BAEAAAAALAAAAAABAAEAAAIBRAA7\" decoding=\"async\" width=\"344\" height=\"344\" data-src=\"https:\/\/www.showdowndisplays.eu\/wp-content\/uploads\/2024\/06\/OV_Icons_Errors-Safe_Area-1.png\" alt=\"\" class=\"wp-image-37071 size-full lazyload\" data-srcset=\"https:\/\/www.showdowndisplays.eu\/wp-content\/uploads\/2024\/06\/OV_Icons_Errors-Safe_Area-1.png 344w, https:\/\/www.showdowndisplays.eu\/wp-content\/uploads\/2024\/06\/OV_Icons_Errors-Safe_Area-1-270x270.png 270w, https:\/\/www.showdowndisplays.eu\/wp-content\/uploads\/2024\/06\/OV_Icons_Errors-Safe_Area-1-96x96.png 96w, https:\/\/www.showdowndisplays.eu\/wp-content\/uploads\/2024\/06\/OV_Icons_Errors-Safe_Area-1-200x200.png 200w\" sizes=\"(max-width: 344px) 100vw, 344px\" \/><noscript><img decoding=\"async\" width=\"344\" height=\"344\" src=\"https:\/\/www.showdowndisplays.eu\/wp-content\/uploads\/2024\/06\/OV_Icons_Errors-Safe_Area-1.png\" alt=\"\" class=\"wp-image-37071 size-full\" srcset=\"https:\/\/www.showdowndisplays.eu\/wp-content\/uploads\/2024\/06\/OV_Icons_Errors-Safe_Area-1.png 344w, https:\/\/www.showdowndisplays.eu\/wp-content\/uploads\/2024\/06\/OV_Icons_Errors-Safe_Area-1-270x270.png 270w, https:\/\/www.showdowndisplays.eu\/wp-content\/uploads\/2024\/06\/OV_Icons_Errors-Safe_Area-1-96x96.png 96w, https:\/\/www.showdowndisplays.eu\/wp-content\/uploads\/2024\/06\/OV_Icons_Errors-Safe_Area-1-200x200.png 200w\" sizes=\"(max-width: 344px) 100vw, 344px\" \/><\/noscript><\/figure><div class=\"wp-block-media-text__content\">\n<h3 class=\"wp-block-heading\">Tekst buiten veilige marge<\/h3>\n\n\n\n<p>Tijdens de handmatige controle door onze printspecialist hebben we opgemerkt dat de tekst buiten de veilige marge valt. Controleer de print template om te zien wat de veilige marge is. Als de tekst buiten deze marge valt, kunnen we niet garanderen dat deze volledig zichtbaar zal zijn op het product. We raden je aan om je printbestand aan te passen en een nieuwe te uploaden. Als het je bedoeling was om de tekst buiten de veilige marge te plaatsen, laat dan ons Customer Care Team weten dat je de printproof goedkeurt.<\/p>\n<\/div><\/div>\n\n\n\n<div class=\"wp-block-media-text is-stacked-on-mobile is-vertically-aligned-center\" style=\"grid-template-columns:15% auto\"><figure class=\"wp-block-media-text__media\"><img data-aspectratio=\"344\/344\" src=\"data:image\/gif;base64,R0lGODlhAQABAIAAAAAAAP\/\/\/yH5BAEAAAAALAAAAAABAAEAAAIBRAA7\" decoding=\"async\" width=\"344\" height=\"344\" data-src=\"https:\/\/www.showdowndisplays.eu\/wp-content\/uploads\/2024\/06\/OV_Icons_Errors-Blurry.png\" alt=\"\" class=\"wp-image-37055 size-full lazyload\" data-srcset=\"https:\/\/www.showdowndisplays.eu\/wp-content\/uploads\/2024\/06\/OV_Icons_Errors-Blurry.png 344w, https:\/\/www.showdowndisplays.eu\/wp-content\/uploads\/2024\/06\/OV_Icons_Errors-Blurry-270x270.png 270w, https:\/\/www.showdowndisplays.eu\/wp-content\/uploads\/2024\/06\/OV_Icons_Errors-Blurry-96x96.png 96w, https:\/\/www.showdowndisplays.eu\/wp-content\/uploads\/2024\/06\/OV_Icons_Errors-Blurry-200x200.png 200w\" sizes=\"(max-width: 344px) 100vw, 344px\" \/><noscript><img decoding=\"async\" width=\"344\" height=\"344\" src=\"https:\/\/www.showdowndisplays.eu\/wp-content\/uploads\/2024\/06\/OV_Icons_Errors-Blurry.png\" alt=\"\" class=\"wp-image-37055 size-full\" srcset=\"https:\/\/www.showdowndisplays.eu\/wp-content\/uploads\/2024\/06\/OV_Icons_Errors-Blurry.png 344w, https:\/\/www.showdowndisplays.eu\/wp-content\/uploads\/2024\/06\/OV_Icons_Errors-Blurry-270x270.png 270w, https:\/\/www.showdowndisplays.eu\/wp-content\/uploads\/2024\/06\/OV_Icons_Errors-Blurry-96x96.png 96w, https:\/\/www.showdowndisplays.eu\/wp-content\/uploads\/2024\/06\/OV_Icons_Errors-Blurry-200x200.png 200w\" sizes=\"(max-width: 344px) 100vw, 344px\" \/><\/noscript><\/figure><div class=\"wp-block-media-text__content\">\n<h3 class=\"wp-block-heading\">Afbeelding is onscherp<\/h3>\n\n\n\n<p>Het ge\u00fcploade design is wazig, wat kan resulteren in een onscherp printresultaat. Je kunt het huidige ontwerp goedkeuren. Als het niet je bedoeling was om een onscherpe afbeelding te uploaden, upload dan een nieuw printbestand.<\/p>\n<\/div><\/div>\n\n\n\n<div class=\"wp-block-media-text is-stacked-on-mobile is-vertically-aligned-center\" style=\"grid-template-columns:15% auto\"><figure class=\"wp-block-media-text__media\"><img data-aspectratio=\"344\/344\" src=\"data:image\/gif;base64,R0lGODlhAQABAIAAAAAAAP\/\/\/yH5BAEAAAAALAAAAAABAAEAAAIBRAA7\" decoding=\"async\" width=\"344\" height=\"344\" data-src=\"https:\/\/www.showdowndisplays.eu\/wp-content\/uploads\/2024\/07\/OV_Icons_Errors-Backside_copied.png\" alt=\"\" class=\"wp-image-38775 size-full lazyload\" data-srcset=\"https:\/\/www.showdowndisplays.eu\/wp-content\/uploads\/2024\/07\/OV_Icons_Errors-Backside_copied.png 344w, https:\/\/www.showdowndisplays.eu\/wp-content\/uploads\/2024\/07\/OV_Icons_Errors-Backside_copied-270x270.png 270w, https:\/\/www.showdowndisplays.eu\/wp-content\/uploads\/2024\/07\/OV_Icons_Errors-Backside_copied-96x96.png 96w, https:\/\/www.showdowndisplays.eu\/wp-content\/uploads\/2024\/07\/OV_Icons_Errors-Backside_copied-200x200.png 200w\" sizes=\"(max-width: 344px) 100vw, 344px\" \/><noscript><img decoding=\"async\" width=\"344\" height=\"344\" src=\"https:\/\/www.showdowndisplays.eu\/wp-content\/uploads\/2024\/07\/OV_Icons_Errors-Backside_copied.png\" alt=\"\" class=\"wp-image-38775 size-full\" srcset=\"https:\/\/www.showdowndisplays.eu\/wp-content\/uploads\/2024\/07\/OV_Icons_Errors-Backside_copied.png 344w, https:\/\/www.showdowndisplays.eu\/wp-content\/uploads\/2024\/07\/OV_Icons_Errors-Backside_copied-270x270.png 270w, https:\/\/www.showdowndisplays.eu\/wp-content\/uploads\/2024\/07\/OV_Icons_Errors-Backside_copied-96x96.png 96w, https:\/\/www.showdowndisplays.eu\/wp-content\/uploads\/2024\/07\/OV_Icons_Errors-Backside_copied-200x200.png 200w\" sizes=\"(max-width: 344px) 100vw, 344px\" \/><\/noscript><\/figure><div class=\"wp-block-media-text__content\">\n<h3 class=\"wp-block-heading\">Achterzijde gekopieerd<\/h3>\n\n\n\n<p>Bij het bestellen van een dubbelzijdig product heeft ons printcentrum 2 pagina&#8217;s in 1 bestand nodig, om een \u200b\u200bvoor- en achterkant te kunnen bedrukken. Wanneer je slechts 1 pagina uploadt, maken wij een kopie van deze pagina voor je. Op deze manier printen we dezelfde afbeelding voor de voorkant en de achterkant. Als je dit goed vindt, keurt je de drukproef goed. Als je iets anders op de achterzijde wilt bedrukken, zorg er dan voor dat je 1 bestand uploadt met 2 pagina&#8217;s. E\u00e9n pagina voor de bedrukking op de voorzijde en \u00e9\u00e9n pagina voor de bedrukking op de achterzijde van het product. Let wel op, dubbelzijdige Beach Flags moeten altijd worden ge\u00fcpload als \u00e9\u00e9n PDF met twee pagina\u2019s.<\/p>\n<\/div><\/div>\n\n\n\n<div class=\"wp-block-media-text is-stacked-on-mobile is-vertically-aligned-center\" style=\"grid-template-columns:15% auto\"><figure class=\"wp-block-media-text__media\"><img data-aspectratio=\"344\/344\" src=\"data:image\/gif;base64,R0lGODlhAQABAIAAAAAAAP\/\/\/yH5BAEAAAAALAAAAAABAAEAAAIBRAA7\" decoding=\"async\" width=\"344\" height=\"344\" data-src=\"https:\/\/www.showdowndisplays.eu\/wp-content\/uploads\/2024\/06\/OV_Icons_Errors-Wrong_size.png\" alt=\"\" class=\"wp-image-37079 size-full lazyload\" data-srcset=\"https:\/\/www.showdowndisplays.eu\/wp-content\/uploads\/2024\/06\/OV_Icons_Errors-Wrong_size.png 344w, https:\/\/www.showdowndisplays.eu\/wp-content\/uploads\/2024\/06\/OV_Icons_Errors-Wrong_size-270x270.png 270w, https:\/\/www.showdowndisplays.eu\/wp-content\/uploads\/2024\/06\/OV_Icons_Errors-Wrong_size-96x96.png 96w, https:\/\/www.showdowndisplays.eu\/wp-content\/uploads\/2024\/06\/OV_Icons_Errors-Wrong_size-200x200.png 200w\" sizes=\"(max-width: 344px) 100vw, 344px\" \/><noscript><img decoding=\"async\" width=\"344\" height=\"344\" src=\"https:\/\/www.showdowndisplays.eu\/wp-content\/uploads\/2024\/06\/OV_Icons_Errors-Wrong_size.png\" alt=\"\" class=\"wp-image-37079 size-full\" srcset=\"https:\/\/www.showdowndisplays.eu\/wp-content\/uploads\/2024\/06\/OV_Icons_Errors-Wrong_size.png 344w, https:\/\/www.showdowndisplays.eu\/wp-content\/uploads\/2024\/06\/OV_Icons_Errors-Wrong_size-270x270.png 270w, https:\/\/www.showdowndisplays.eu\/wp-content\/uploads\/2024\/06\/OV_Icons_Errors-Wrong_size-96x96.png 96w, https:\/\/www.showdowndisplays.eu\/wp-content\/uploads\/2024\/06\/OV_Icons_Errors-Wrong_size-200x200.png 200w\" sizes=\"(max-width: 344px) 100vw, 344px\" \/><\/noscript><\/figure><div class=\"wp-block-media-text__content\">\n<h3 class=\"wp-block-heading\">Verkeerde grootte<\/h3>\n\n\n\n<p>Het ge\u00fcploade ontwerp lijkt andere afmetingen te hebben dan de print template voor dit product. Hierdoor kunnen we het ontwerp niet in de print template plaatsen. Download de juiste print template voor je printproduct, pas je ontwerp hierop aan en upload een nieuw printbestand. Het nieuwe ontwerp zal opnieuw door ons automatische systeem worden gecontroleerd.<\/p>\n<\/div><\/div>\n\n\n\n<div class=\"wp-block-media-text is-stacked-on-mobile is-vertically-aligned-center\" style=\"grid-template-columns:15% auto\"><figure class=\"wp-block-media-text__media\"><img data-aspectratio=\"344\/344\" src=\"data:image\/gif;base64,R0lGODlhAQABAIAAAAAAAP\/\/\/yH5BAEAAAAALAAAAAABAAEAAAIBRAA7\" decoding=\"async\" width=\"344\" height=\"344\" data-src=\"https:\/\/www.showdowndisplays.eu\/wp-content\/uploads\/2024\/06\/OV_Icons_Errors-Missing_bleed.png\" alt=\"\" class=\"wp-image-37087 size-full lazyload\" data-srcset=\"https:\/\/www.showdowndisplays.eu\/wp-content\/uploads\/2024\/06\/OV_Icons_Errors-Missing_bleed.png 344w, https:\/\/www.showdowndisplays.eu\/wp-content\/uploads\/2024\/06\/OV_Icons_Errors-Missing_bleed-270x270.png 270w, https:\/\/www.showdowndisplays.eu\/wp-content\/uploads\/2024\/06\/OV_Icons_Errors-Missing_bleed-96x96.png 96w, https:\/\/www.showdowndisplays.eu\/wp-content\/uploads\/2024\/06\/OV_Icons_Errors-Missing_bleed-200x200.png 200w\" sizes=\"(max-width: 344px) 100vw, 344px\" \/><noscript><img decoding=\"async\" width=\"344\" height=\"344\" src=\"https:\/\/www.showdowndisplays.eu\/wp-content\/uploads\/2024\/06\/OV_Icons_Errors-Missing_bleed.png\" alt=\"\" class=\"wp-image-37087 size-full\" srcset=\"https:\/\/www.showdowndisplays.eu\/wp-content\/uploads\/2024\/06\/OV_Icons_Errors-Missing_bleed.png 344w, https:\/\/www.showdowndisplays.eu\/wp-content\/uploads\/2024\/06\/OV_Icons_Errors-Missing_bleed-270x270.png 270w, https:\/\/www.showdowndisplays.eu\/wp-content\/uploads\/2024\/06\/OV_Icons_Errors-Missing_bleed-96x96.png 96w, https:\/\/www.showdowndisplays.eu\/wp-content\/uploads\/2024\/06\/OV_Icons_Errors-Missing_bleed-200x200.png 200w\" sizes=\"(max-width: 344px) 100vw, 344px\" \/><\/noscript><\/figure><div class=\"wp-block-media-text__content\">\n<h3 class=\"wp-block-heading\">Afloop ontbreekt<\/h3>\n\n\n\n<p>Tijdens de handmatige check door onze printspecialist hebben we opgemerkt dat de afloop ontbreekt. De achtergrond moet volledig doorlopen in de afloop zoals aangegeven in de template. Afloop is noodzakelijk om ervoor te zorgen dat de print het hele gebied bedekt zonder witte lijnen rond de randen. Als de randen wit moeten blijven, vragen we je vriendelijk om een witte laag toe te voegen die doorloopt tot de afloop. Om ervoor te zorgen dat je print de juiste kleur heeft en volledig doorloopt tot de afloop, pas je ontwerp aan en upload het nieuwe printbestand.<\/p>\n<\/div><\/div>\n<\/div><\/div>\n\n\n\n\n","protected":false},"excerpt":{"rendered":"<p>Afbeelding is pixelig &gt; 150 DPI Het ge\u00fcploade design heeft een DPI lager dan 150. Als het wordt geprint, kan&#8230;<\/p>\n","protected":false},"author":5,"featured_media":0,"parent":0,"menu_order":0,"comment_status":"closed","ping_status":"closed","template":"","meta":{"_acf_changed":false,"footnotes":""},"class_list":["post-37331","page","type-page","status-publish","hentry"],"acf":[],"_links":{"self":[{"href":"https:\/\/www.showdowndisplays.eu\/nl\/wp-json\/wp\/v2\/pages\/37331","targetHints":{"allow":["GET"]}}],"collection":[{"href":"https:\/\/www.showdowndisplays.eu\/nl\/wp-json\/wp\/v2\/pages"}],"about":[{"href":"https:\/\/www.showdowndisplays.eu\/nl\/wp-json\/wp\/v2\/types\/page"}],"author":[{"embeddable":true,"href":"https:\/\/www.showdowndisplays.eu\/nl\/wp-json\/wp\/v2\/users\/5"}],"replies":[{"embeddable":true,"href":"https:\/\/www.showdowndisplays.eu\/nl\/wp-json\/wp\/v2\/comments?post=37331"}],"version-history":[{"count":5,"href":"https:\/\/www.showdowndisplays.eu\/nl\/wp-json\/wp\/v2\/pages\/37331\/revisions"}],"predecessor-version":[{"id":39417,"href":"https:\/\/www.showdowndisplays.eu\/nl\/wp-json\/wp\/v2\/pages\/37331\/revisions\/39417"}],"wp:attachment":[{"href":"https:\/\/www.showdowndisplays.eu\/nl\/wp-json\/wp\/v2\/media?parent=37331"}],"curies":[{"name":"wp","href":"https:\/\/api.w.org\/{rel}","templated":true}]}}