{"id":12312,"date":"2021-04-30T12:56:55","date_gmt":"2021-04-30T12:56:55","guid":{"rendered":"https:\/\/www.showdowndisplays.eu\/services\/"},"modified":"2025-12-17T14:13:46","modified_gmt":"2025-12-17T14:13:46","slug":"services","status":"publish","type":"page","link":"https:\/\/www.showdowndisplays.eu\/nl\/services\/","title":{"rendered":"Services"},"content":{"rendered":"\n<div class=\"wp-block-group\"><div class=\"wp-block-group__inner-container is-layout-flow wp-block-group-is-layout-flow\">\n<h6 class=\"wp-block-heading has-text-align-center\"><a href=\"#print-services\">Print services<\/a>  \u2022  <a href=\"#drop-shipment\">Drop shipment<\/a>  \u2022  <a href=\"#marketing-support\">Marketing support<\/a>  \u2022  <a href=\"#customisation\">Maatwerk<\/a><\/h6>\n<\/div><\/div>\n\n\n\n<div style=\"height:30px\" aria-hidden=\"true\" class=\"wp-block-spacer\"><\/div>\n\n\n\n<div class=\"wp-block-media-text alignwide has-media-on-the-right is-stacked-on-mobile is-image-fill-element image-text-2\"><div class=\"wp-block-media-text__content\">\n<div style=\"height:20px\" aria-hidden=\"true\" class=\"wp-block-spacer\"><\/div>\n\n\n\n<h4 class=\"wp-block-heading\" id=\"print-services\">Print services<\/h4>\n\n\n\n<h2 class=\"wp-block-heading\">One-stop shop voor jouw kant-en-klare product<\/h2>\n\n\n\n<p>Koop jouw gebruiksklare product bij \u00e9\u00e9n partner op \u00e9\u00e9n locatie. Dankzij onze eigen productie- en printfaciliteit in Tsjechi\u00eb kunnen wij voldoen aan jouw behoeften op het gebied van display hardware en drukwerk.<\/p>\n\n\n\n<div class=\"wp-block-buttons is-layout-flex wp-block-buttons-is-layout-flex\">\n<div class=\"wp-block-button\"><a class=\"wp-block-button__link wp-element-button\" href=\"https:\/\/www.showdowndisplays.eu\/nl\/services\/print-services-2\/\" target=\"_blank\" rel=\"noreferrer noopener\">Bekijk onze print services<\/a><\/div>\n<\/div>\n\n\n\n<div style=\"height:20px\" aria-hidden=\"true\" class=\"wp-block-spacer\"><\/div>\n<\/div><figure class=\"wp-block-media-text__media\"><img data-aspectratio=\"1024\/683\" src=\"data:image\/gif;base64,R0lGODlhAQABAIAAAAAAAP\/\/\/yH5BAEAAAAALAAAAAABAAEAAAIBRAA7\" decoding=\"async\" width=\"1024\" height=\"683\" data-src=\"https:\/\/www.showdowndisplays.eu\/wp-content\/uploads\/2022\/07\/Print-services_landscape_up.jpg\" alt=\"\" class=\"wp-image-23956 size-full lazyload\" style=\"object-position:50% 50%\" data-srcset=\"https:\/\/www.showdowndisplays.eu\/wp-content\/uploads\/2022\/07\/Print-services_landscape_up.jpg 1024w, https:\/\/www.showdowndisplays.eu\/wp-content\/uploads\/2022\/07\/Print-services_landscape_up-405x270.jpg 405w, https:\/\/www.showdowndisplays.eu\/wp-content\/uploads\/2022\/07\/Print-services_landscape_up-768x512.jpg 768w, https:\/\/www.showdowndisplays.eu\/wp-content\/uploads\/2022\/07\/Print-services_landscape_up-380x253.jpg 380w, https:\/\/www.showdowndisplays.eu\/wp-content\/uploads\/2022\/07\/Print-services_landscape_up-96x64.jpg 96w, https:\/\/www.showdowndisplays.eu\/wp-content\/uploads\/2022\/07\/Print-services_landscape_up-200x133.jpg 200w\" sizes=\"(max-width: 1024px) 100vw, 1024px\" \/><noscript><img decoding=\"async\" width=\"1024\" height=\"683\" src=\"https:\/\/www.showdowndisplays.eu\/wp-content\/uploads\/2022\/07\/Print-services_landscape_up.jpg\" alt=\"\" class=\"wp-image-23956 size-full\" style=\"object-position:50% 50%\" srcset=\"https:\/\/www.showdowndisplays.eu\/wp-content\/uploads\/2022\/07\/Print-services_landscape_up.jpg 1024w, https:\/\/www.showdowndisplays.eu\/wp-content\/uploads\/2022\/07\/Print-services_landscape_up-405x270.jpg 405w, https:\/\/www.showdowndisplays.eu\/wp-content\/uploads\/2022\/07\/Print-services_landscape_up-768x512.jpg 768w, https:\/\/www.showdowndisplays.eu\/wp-content\/uploads\/2022\/07\/Print-services_landscape_up-380x253.jpg 380w, https:\/\/www.showdowndisplays.eu\/wp-content\/uploads\/2022\/07\/Print-services_landscape_up-96x64.jpg 96w, https:\/\/www.showdowndisplays.eu\/wp-content\/uploads\/2022\/07\/Print-services_landscape_up-200x133.jpg 200w\" sizes=\"(max-width: 1024px) 100vw, 1024px\" \/><\/noscript><\/figure><\/div>\n\n\n\n<div style=\"height:20px\" aria-hidden=\"true\" class=\"wp-block-spacer\"><\/div>\n\n\n\n<div class=\"wp-block-media-text alignwide is-stacked-on-mobile is-image-fill-element\"><figure class=\"wp-block-media-text__media\"><img data-aspectratio=\"1024\/683\" src=\"data:image\/gif;base64,R0lGODlhAQABAIAAAAAAAP\/\/\/yH5BAEAAAAALAAAAAABAAEAAAIBRAA7\" decoding=\"async\" width=\"1024\" height=\"683\" data-src=\"https:\/\/www.showdowndisplays.eu\/wp-content\/uploads\/2023\/01\/Dropshipment-2.jpg\" alt=\"\" class=\"wp-image-26145 size-full lazyload\" style=\"object-position:47% 59%\" data-srcset=\"https:\/\/www.showdowndisplays.eu\/wp-content\/uploads\/2023\/01\/Dropshipment-2.jpg 1024w, https:\/\/www.showdowndisplays.eu\/wp-content\/uploads\/2023\/01\/Dropshipment-2-405x270.jpg 405w, https:\/\/www.showdowndisplays.eu\/wp-content\/uploads\/2023\/01\/Dropshipment-2-768x512.jpg 768w, https:\/\/www.showdowndisplays.eu\/wp-content\/uploads\/2023\/01\/Dropshipment-2-380x253.jpg 380w, https:\/\/www.showdowndisplays.eu\/wp-content\/uploads\/2023\/01\/Dropshipment-2-96x64.jpg 96w, https:\/\/www.showdowndisplays.eu\/wp-content\/uploads\/2023\/01\/Dropshipment-2-200x133.jpg 200w\" sizes=\"(max-width: 1024px) 100vw, 1024px\" \/><noscript><img decoding=\"async\" width=\"1024\" height=\"683\" src=\"https:\/\/www.showdowndisplays.eu\/wp-content\/uploads\/2023\/01\/Dropshipment-2.jpg\" alt=\"\" class=\"wp-image-26145 size-full\" style=\"object-position:47% 59%\" srcset=\"https:\/\/www.showdowndisplays.eu\/wp-content\/uploads\/2023\/01\/Dropshipment-2.jpg 1024w, https:\/\/www.showdowndisplays.eu\/wp-content\/uploads\/2023\/01\/Dropshipment-2-405x270.jpg 405w, https:\/\/www.showdowndisplays.eu\/wp-content\/uploads\/2023\/01\/Dropshipment-2-768x512.jpg 768w, https:\/\/www.showdowndisplays.eu\/wp-content\/uploads\/2023\/01\/Dropshipment-2-380x253.jpg 380w, https:\/\/www.showdowndisplays.eu\/wp-content\/uploads\/2023\/01\/Dropshipment-2-96x64.jpg 96w, https:\/\/www.showdowndisplays.eu\/wp-content\/uploads\/2023\/01\/Dropshipment-2-200x133.jpg 200w\" sizes=\"(max-width: 1024px) 100vw, 1024px\" \/><\/noscript><\/figure><div class=\"wp-block-media-text__content\">\n<div style=\"height:20px\" aria-hidden=\"true\" class=\"wp-block-spacer\"><\/div>\n\n\n\n<h4 class=\"wp-block-heading\" id=\"drop-shipment\">Drop shipment<\/h4>\n\n\n\n<h2 class=\"wp-block-heading\">Kortere levertijden door drop shipment<\/h2>\n\n\n\n<p>Service je klanten op een nog snellere manier door gebruik te maken van onze drop shipment service. Wij versturen je bestelling direct naar je klant, zonder dat jouw tussenkomst nodig is. Je kunt zelfs een afleverbon met eigen logo toevoegen, als je dat wilt.<\/p>\n\n\n\n<div class=\"wp-block-buttons is-layout-flex wp-block-buttons-is-layout-flex\">\n<div class=\"wp-block-button\"><a class=\"wp-block-button__link wp-element-button\" href=\"https:\/\/www.showdowndisplays.eu\/nl\/drop-shipment-service-voor-resellers\/\">Ontdek meer over dropshipping<\/a><\/div>\n<\/div>\n<\/div><\/div>\n\n\n\n<div style=\"height:20px\" aria-hidden=\"true\" class=\"wp-block-spacer\"><\/div>\n\n\n\n<div class=\"wp-block-media-text alignwide has-media-on-the-right is-stacked-on-mobile is-image-fill-element image-text-2\"><div class=\"wp-block-media-text__content\">\n<div style=\"height:20px\" aria-hidden=\"true\" class=\"wp-block-spacer\"><\/div>\n\n\n\n<h4 class=\"wp-block-heading\" id=\"marketing-support\">Marketing support<\/h4>\n\n\n\n<h2 class=\"wp-block-heading\">Laat ons je helpen met je marketingmaterialen<\/h2>\n\n\n\n<p>Wij bieden alles wat je nodig hebt om onze producten bij je klanten te promoten en je te helpen om te verkopen. Als onze klant heb je toegang tot verschillende tools en diensten die je sales een boost kunnen geven.<\/p>\n\n\n\n<div class=\"wp-block-buttons is-layout-flex wp-block-buttons-is-layout-flex\">\n<div class=\"wp-block-button\"><a class=\"wp-block-button__link wp-element-button\" href=\"https:\/\/www.showdowndisplays.eu\/nl\/marketing-support\/\">Ontdek onze marketing support<\/a><\/div>\n<\/div>\n\n\n\n<div style=\"height:20px\" aria-hidden=\"true\" class=\"wp-block-spacer\"><\/div>\n<\/div><figure class=\"wp-block-media-text__media\"><img data-aspectratio=\"1024\/591\" src=\"data:image\/gif;base64,R0lGODlhAQABAIAAAAAAAP\/\/\/yH5BAEAAAAALAAAAAABAAEAAAIBRAA7\" decoding=\"async\" width=\"1024\" height=\"591\" data-src=\"https:\/\/www.showdowndisplays.eu\/wp-content\/uploads\/2021\/06\/marketing-support-1024x591.jpg\" alt=\"\" class=\"wp-image-12108 size-full lazyload\" style=\"object-position:72% 48%\"\/><noscript><img decoding=\"async\" width=\"1024\" height=\"591\" src=\"https:\/\/www.showdowndisplays.eu\/wp-content\/uploads\/2021\/06\/marketing-support-1024x591.jpg\" alt=\"\" class=\"wp-image-12108 size-full\" style=\"object-position:72% 48%\"\/><\/noscript><\/figure><\/div>\n\n\n\n<div style=\"height:20px\" aria-hidden=\"true\" class=\"wp-block-spacer\"><\/div>\n\n\n\n<div class=\"wp-block-media-text alignwide is-stacked-on-mobile is-image-fill-element\" id=\"customisation\"><figure class=\"wp-block-media-text__media\"><img data-aspectratio=\"1024\/683\" src=\"data:image\/gif;base64,R0lGODlhAQABAIAAAAAAAP\/\/\/yH5BAEAAAAALAAAAAABAAEAAAIBRAA7\" decoding=\"async\" width=\"1024\" height=\"683\" data-src=\"https:\/\/www.showdowndisplays.eu\/wp-content\/uploads\/2020\/12\/IMG_5980_edit_res-1-1024x683.jpg\" alt=\"\" class=\"wp-image-5842 size-full lazyload\" style=\"object-position:50% 50%\" data-srcset=\"https:\/\/www.showdowndisplays.eu\/wp-content\/uploads\/2020\/12\/IMG_5980_edit_res-1-1024x683.jpg 1024w, https:\/\/www.showdowndisplays.eu\/wp-content\/uploads\/2020\/12\/IMG_5980_edit_res-1-405x270.jpg 405w, https:\/\/www.showdowndisplays.eu\/wp-content\/uploads\/2020\/12\/IMG_5980_edit_res-1-768x512.jpg 768w, https:\/\/www.showdowndisplays.eu\/wp-content\/uploads\/2020\/12\/IMG_5980_edit_res-1-380x253.jpg 380w, https:\/\/www.showdowndisplays.eu\/wp-content\/uploads\/2020\/12\/IMG_5980_edit_res-1-96x64.jpg 96w, https:\/\/www.showdowndisplays.eu\/wp-content\/uploads\/2020\/12\/IMG_5980_edit_res-1-200x133.jpg 200w, https:\/\/www.showdowndisplays.eu\/wp-content\/uploads\/2020\/12\/IMG_5980_edit_res-1.jpg 1296w\" sizes=\"(max-width: 1024px) 100vw, 1024px\" \/><noscript><img decoding=\"async\" width=\"1024\" height=\"683\" src=\"https:\/\/www.showdowndisplays.eu\/wp-content\/uploads\/2020\/12\/IMG_5980_edit_res-1-1024x683.jpg\" alt=\"\" class=\"wp-image-5842 size-full\" style=\"object-position:50% 50%\" srcset=\"https:\/\/www.showdowndisplays.eu\/wp-content\/uploads\/2020\/12\/IMG_5980_edit_res-1-1024x683.jpg 1024w, https:\/\/www.showdowndisplays.eu\/wp-content\/uploads\/2020\/12\/IMG_5980_edit_res-1-405x270.jpg 405w, https:\/\/www.showdowndisplays.eu\/wp-content\/uploads\/2020\/12\/IMG_5980_edit_res-1-768x512.jpg 768w, https:\/\/www.showdowndisplays.eu\/wp-content\/uploads\/2020\/12\/IMG_5980_edit_res-1-380x253.jpg 380w, https:\/\/www.showdowndisplays.eu\/wp-content\/uploads\/2020\/12\/IMG_5980_edit_res-1-96x64.jpg 96w, https:\/\/www.showdowndisplays.eu\/wp-content\/uploads\/2020\/12\/IMG_5980_edit_res-1-200x133.jpg 200w, https:\/\/www.showdowndisplays.eu\/wp-content\/uploads\/2020\/12\/IMG_5980_edit_res-1.jpg 1296w\" sizes=\"(max-width: 1024px) 100vw, 1024px\" \/><\/noscript><\/figure><div class=\"wp-block-media-text__content\">\n<div style=\"height:20px\" aria-hidden=\"true\" class=\"wp-block-spacer\"><\/div>\n\n\n\n<h4 class=\"wp-block-heading\" id=\"customisation\">Maatwerk<\/h4>\n\n\n\n<h2 class=\"wp-block-heading\">Durf je te onderscheiden!<\/h2>\n\n\n\n<p>Hoewel wij een van de grootste productportfolio&#8217;s in Europa hebben, bespreken we ook graag jouw specifieke wensen voor een oplossing op maat. Het is tijd om je te onderscheiden van de massa!<\/p>\n\n\n\n<div class=\"wp-block-buttons is-layout-flex wp-block-buttons-is-layout-flex\">\n<div class=\"wp-block-button\"><a class=\"wp-block-button__link wp-element-button\" href=\"https:\/\/www.showdowndisplays.eu\/nl\/maatwerk\/\">Lees meer over maatwerk<\/a><\/div>\n<\/div>\n\n\n\n<div style=\"height:35px\" aria-hidden=\"true\" class=\"wp-block-spacer\"><\/div>\n<\/div><\/div>\n\n\n\n\n","protected":false},"excerpt":{"rendered":"<p>Print services \u2022 Drop shipment \u2022 Marketing support \u2022 Maatwerk<\/p>\n","protected":false},"author":3,"featured_media":0,"parent":0,"menu_order":1,"comment_status":"closed","ping_status":"closed","template":"","meta":{"_acf_changed":false,"footnotes":""},"class_list":["post-12312","page","type-page","status-publish","hentry"],"acf":[],"_links":{"self":[{"href":"https:\/\/www.showdowndisplays.eu\/nl\/wp-json\/wp\/v2\/pages\/12312","targetHints":{"allow":["GET"]}}],"collection":[{"href":"https:\/\/www.showdowndisplays.eu\/nl\/wp-json\/wp\/v2\/pages"}],"about":[{"href":"https:\/\/www.showdowndisplays.eu\/nl\/wp-json\/wp\/v2\/types\/page"}],"author":[{"embeddable":true,"href":"https:\/\/www.showdowndisplays.eu\/nl\/wp-json\/wp\/v2\/users\/3"}],"replies":[{"embeddable":true,"href":"https:\/\/www.showdowndisplays.eu\/nl\/wp-json\/wp\/v2\/comments?post=12312"}],"version-history":[{"count":14,"href":"https:\/\/www.showdowndisplays.eu\/nl\/wp-json\/wp\/v2\/pages\/12312\/revisions"}],"predecessor-version":[{"id":51885,"href":"https:\/\/www.showdowndisplays.eu\/nl\/wp-json\/wp\/v2\/pages\/12312\/revisions\/51885"}],"wp:attachment":[{"href":"https:\/\/www.showdowndisplays.eu\/nl\/wp-json\/wp\/v2\/media?parent=12312"}],"curies":[{"name":"wp","href":"https:\/\/api.w.org\/{rel}","templated":true}]}}