{"id":54113,"date":"2026-03-06T14:33:17","date_gmt":"2026-03-06T14:33:17","guid":{"rendered":"https:\/\/www.showdowndisplays.eu\/?page_id=54113"},"modified":"2026-03-10T09:03:05","modified_gmt":"2026-03-10T09:03:05","slug":"faq-brightbox-pro-flex-modular-system","status":"publish","type":"page","link":"https:\/\/www.showdowndisplays.eu\/it\/faq-brightbox-pro-flex-modular-system\/","title":{"rendered":"FAQ \u2013 Domande frequenti su Brightbox Pro Flex"},"content":{"rendered":"\n<p class=\"has-text-align-center\"><\/p>\n\n\n\n<div class=\"wp-block-group block-white-background\"><div class=\"wp-block-group__inner-container is-layout-constrained wp-block-group-is-layout-constrained\">\n<details class=\"wp-block-details is-layout-flow wp-block-details-is-layout-flow\"><summary>\u2bc8 <strong>Generale<\/strong><\/summary>\n<ul class=\"wp-block-list\">\n<li><strong>Che cos&#8217;\u00e8 Brightbox Pro Flex?<\/strong><br>Brightbox Pro Flex \u00e8 un sistema illuminato professionale, modulare e senza attrezzi progettato per creare stand espositivi ed eventi di grande impatto. Da una compatta parete di fondo a uno stand personalizzato di grandi dimensioni, offre la massima flessibilit\u00e0 per soddisfare le esigenze dei vostri clienti.<br><\/li>\n\n\n\n<li><strong>Per quali scopi i miei clienti possono utilizzare Brightbox Pro Flex?<\/strong><br>Brightbox Pro Flex pu\u00f2 essere utilizzato per un\u2019ampia gamma di applicazioni per fiere ed eventi, da una compatta parete retroilluminata fino a uno stand espositivo completamente personalizzato e di grandi dimensioni.<br><br>Il design modulare senza attrezzi e la borsa di trasporto con ruote lo rendono ideale per fiere ed eventi, dove sono fondamentali un montaggio rapido e una presentazione professionale con illuminazione LED.<br><\/li>\n\n\n\n<li><strong>Vorrei una parete modulare per eventi, ma non illuminata. Brightbox Pro Flex \u00e8 adatto?<\/strong><br>Se cercate una soluzione modulare non illuminata per eventi e fiere, FlexFrame \u00e8 una soluzione eccellente e conveniente. Potete trovare maggiori informazioni su FlexFrame nella relativa <a href=\"https:\/\/www.showdowndisplays.eu\/it\/flexframe\/\" data-type=\"link\" data-id=\"https:\/\/www.showdowndisplays.eu\/it\/flexframe\/\" target=\"_blank\" rel=\"noreferrer noopener\">pagina web<\/a>. <br><\/li>\n\n\n\n<li><strong>Avete esempi di configurazioni del Brightbox Pro Flex?<\/strong><br>S\u00ec, le possibilit\u00e0 sono davvero infinite! Abbiamo gi\u00e0 preparato configurazioni predefinite per aiutarti ed ispirarti. Puoi trovarle <a href=\"https:\/\/www.showdowndisplays.eu\/it\/brightbox-pro-flex\/\" data-type=\"link\" data-id=\"https:\/\/www.showdowndisplays.eu\/brightbox-pro-flex\/\" target=\"_blank\" rel=\"noreferrer noopener\">qui<\/a>. Preferisci una configurazione pi\u00f9 grande o pi\u00f9 piccola? O cerchi una soluzione completamente diversa? \u00c8 tutto fattibile. Per un supporto extra, il tuo referente commerciale sar\u00e0 felice di aiutarti!<\/li>\n<\/ul>\n\n\n\n<ul class=\"wp-block-list\">\n<li><strong>Posso collegare pi\u00f9 Brightbox Pro Flex Wall tra loro?<\/strong><br>I telai con larghezza di 1 m, 2 m e 3 m possono essere collegati tra loro. Questi telai hanno l\u2019alimentazione su un solo lato, permettendo di collegare al massimo due telai. Un terzo telaio non pu\u00f2 essere collegato a causa dell\u2019uscita del cavo posizionata sul lato del telaio. Con i connettori \u00e8 anche possibile creare angoli o aggiungere un tetto per realizzare uno stand illuminato di grande effetto.<br><br>I Brightbox con larghezza superiore a 3 m hanno alimentazione su entrambi i lati e quindi non possono essere collegati direttamente uno accanto all\u2019altro.<\/li>\n<\/ul>\n\n\n\n<ul class=\"wp-block-list\">\n<li><strong>Vedo diversi connettori per Brightbox Pro Flex. A cosa servono?<\/strong><br>Sono disponibili diversi connettori per Brightbox Pro Flex che permettono di creare configurazioni specifiche dello stand, offrendo la flessibilit\u00e0 di allestire lo stand espositivo in base alle esigenze dei vostri clienti.<br><br><span style=\"text-decoration: underline;\">BBOXPFD-LCONN<\/span><br>Collega due telai con un angolo di 90\u00b0 per creare un semplice angolo a L.<br><br><span style=\"text-decoration: underline;\">BBOXPFD-TCONN2F<\/span><br>Collega un telaio a 90\u00b0 con un altro telaio formando una configurazione a T. Questo connettore pu\u00f2 essere posizionato liberamente lungo il profilo del telaio, offrendo flessibilit\u00e0 nel posizionamento della parete di collegamento.<br><br><span style=\"text-decoration: underline;\">BBOXPFD-TCONN3F<\/span><br>Collega tre telai a 90\u00b0 per creare una configurazione a T. Questo connettore deve essere montato nell\u2019angolo del telaio. Il punto di collegamento \u00e8 fisso e non pu\u00f2 essere posizionato liberamente nel layout dello stand.<br><br><span style=\"text-decoration: underline;\">BBOXPFD-ROOCONN<\/span><br>Utilizzato per creare una struttura con tetto utilizzando una Brightbox Pro Flex Wall standard. Questi connettori sono inclusi di serie quando si ordina Brightbox Pro Flex Roof.<br><br>Le illustrazioni sottostanti forniscono una panoramica del funzionamento dei connettori.<\/li>\n<\/ul>\n\n\n\n<div class=\"wp-block-columns is-layout-flex wp-container-core-columns-is-layout-9d6595d7 wp-block-columns-is-layout-flex\">\n<div class=\"wp-block-column is-layout-flow wp-block-column-is-layout-flow\">\n<p class=\"has-text-align-center\"><strong>BBOXPFD-LCONN<\/strong><br>Connettori angolo a L<\/p>\n\n\n\n<figure class=\"wp-block-image size-full\"><img data-aspectratio=\"377\/135\" src=\"data:image\/gif;base64,R0lGODlhAQABAIAAAAAAAP\/\/\/yH5BAEAAAAALAAAAAABAAEAAAIBRAA7\" decoding=\"async\" width=\"377\" height=\"135\" data-src=\"https:\/\/www.showdowndisplays.eu\/wp-content\/uploads\/2026\/03\/L-shaped-connection.png\" alt=\"\" class=\"wp-image-54116 lazyload\" data-srcset=\"https:\/\/www.showdowndisplays.eu\/wp-content\/uploads\/2026\/03\/L-shaped-connection.png 377w, https:\/\/www.showdowndisplays.eu\/wp-content\/uploads\/2026\/03\/L-shaped-connection-96x34.png 96w, https:\/\/www.showdowndisplays.eu\/wp-content\/uploads\/2026\/03\/L-shaped-connection-200x72.png 200w\" sizes=\"(max-width: 377px) 100vw, 377px\" \/><noscript><img decoding=\"async\" width=\"377\" height=\"135\" src=\"https:\/\/www.showdowndisplays.eu\/wp-content\/uploads\/2026\/03\/L-shaped-connection.png\" alt=\"\" class=\"wp-image-54116\" srcset=\"https:\/\/www.showdowndisplays.eu\/wp-content\/uploads\/2026\/03\/L-shaped-connection.png 377w, https:\/\/www.showdowndisplays.eu\/wp-content\/uploads\/2026\/03\/L-shaped-connection-96x34.png 96w, https:\/\/www.showdowndisplays.eu\/wp-content\/uploads\/2026\/03\/L-shaped-connection-200x72.png 200w\" sizes=\"(max-width: 377px) 100vw, 377px\" \/><\/noscript><\/figure>\n<\/div>\n\n\n\n<div class=\"wp-block-column is-layout-flow wp-block-column-is-layout-flow\">\n<p class=\"has-text-align-center\"><strong>BBOXPFD-TCONN2F<\/strong><br>Connettori angolo a T (2 telai)<\/p>\n\n\n\n<figure class=\"wp-block-image size-full\"><img data-aspectratio=\"323\/152\" src=\"data:image\/gif;base64,R0lGODlhAQABAIAAAAAAAP\/\/\/yH5BAEAAAAALAAAAAABAAEAAAIBRAA7\" decoding=\"async\" width=\"323\" height=\"152\" data-src=\"https:\/\/www.showdowndisplays.eu\/wp-content\/uploads\/2026\/03\/T-shaped-connection-2-frames.png\" alt=\"\" class=\"wp-image-54124 lazyload\" data-srcset=\"https:\/\/www.showdowndisplays.eu\/wp-content\/uploads\/2026\/03\/T-shaped-connection-2-frames.png 323w, https:\/\/www.showdowndisplays.eu\/wp-content\/uploads\/2026\/03\/T-shaped-connection-2-frames-96x45.png 96w, https:\/\/www.showdowndisplays.eu\/wp-content\/uploads\/2026\/03\/T-shaped-connection-2-frames-200x94.png 200w\" sizes=\"(max-width: 323px) 100vw, 323px\" \/><noscript><img decoding=\"async\" width=\"323\" height=\"152\" src=\"https:\/\/www.showdowndisplays.eu\/wp-content\/uploads\/2026\/03\/T-shaped-connection-2-frames.png\" alt=\"\" class=\"wp-image-54124\" srcset=\"https:\/\/www.showdowndisplays.eu\/wp-content\/uploads\/2026\/03\/T-shaped-connection-2-frames.png 323w, https:\/\/www.showdowndisplays.eu\/wp-content\/uploads\/2026\/03\/T-shaped-connection-2-frames-96x45.png 96w, https:\/\/www.showdowndisplays.eu\/wp-content\/uploads\/2026\/03\/T-shaped-connection-2-frames-200x94.png 200w\" sizes=\"(max-width: 323px) 100vw, 323px\" \/><\/noscript><\/figure>\n<\/div>\n\n\n\n<div class=\"wp-block-column is-layout-flow wp-block-column-is-layout-flow\">\n<p class=\"has-text-align-center\"><strong>BBOXPFD-TCONN3F<\/strong><br>Connettori angolo a T (3 telai)<\/p>\n\n\n\n<figure class=\"wp-block-image size-full\"><img data-aspectratio=\"338\/161\" src=\"data:image\/gif;base64,R0lGODlhAQABAIAAAAAAAP\/\/\/yH5BAEAAAAALAAAAAABAAEAAAIBRAA7\" decoding=\"async\" width=\"338\" height=\"161\" data-src=\"https:\/\/www.showdowndisplays.eu\/wp-content\/uploads\/2026\/03\/T-shaped-connection-3-frames.png\" alt=\"\" class=\"wp-image-54132 lazyload\" data-srcset=\"https:\/\/www.showdowndisplays.eu\/wp-content\/uploads\/2026\/03\/T-shaped-connection-3-frames.png 338w, https:\/\/www.showdowndisplays.eu\/wp-content\/uploads\/2026\/03\/T-shaped-connection-3-frames-96x46.png 96w, https:\/\/www.showdowndisplays.eu\/wp-content\/uploads\/2026\/03\/T-shaped-connection-3-frames-200x95.png 200w\" sizes=\"(max-width: 338px) 100vw, 338px\" \/><noscript><img decoding=\"async\" width=\"338\" height=\"161\" src=\"https:\/\/www.showdowndisplays.eu\/wp-content\/uploads\/2026\/03\/T-shaped-connection-3-frames.png\" alt=\"\" class=\"wp-image-54132\" srcset=\"https:\/\/www.showdowndisplays.eu\/wp-content\/uploads\/2026\/03\/T-shaped-connection-3-frames.png 338w, https:\/\/www.showdowndisplays.eu\/wp-content\/uploads\/2026\/03\/T-shaped-connection-3-frames-96x46.png 96w, https:\/\/www.showdowndisplays.eu\/wp-content\/uploads\/2026\/03\/T-shaped-connection-3-frames-200x95.png 200w\" sizes=\"(max-width: 338px) 100vw, 338px\" \/><\/noscript><\/figure>\n<\/div>\n<\/div>\n\n\n\n<ul class=\"wp-block-list\">\n<li><strong>Posso utilizzare la Brightbox Pro Flex Wall come tetto?<\/strong><br>S\u00ec, \u00e8 possibile utilizzare la Brightbox Pro Flex Wall come tetto. Le dimensioni della Wall e del Roof sono esattamente le stesse, quindi sono intercambiabili. Per maggiore chiarezza e praticit\u00e0 abbiamo creato uno SKU separato per la versione tetto.<br><br><span style=\"text-decoration: underline;\">Nota:<\/span>\n<ul class=\"wp-block-list\">\n<li>Le Wall sono fornite con piedini per il posizionamento a pavimento. \u00c8 necessario rimuovere i piedini.<\/li>\n\n\n\n<li>Per utilizzare una Wall come tetto servono i Roof Connectors. Devono essere ordinati separatamente se si desidera convertire una Wall in Roof.<\/li>\n\n\n\n<li>Per le applicazioni con tetto consigliamo di utilizzare solo la versione alta 2,5 m e larga 1 m. Questo per motivi di sicurezza, stabilit\u00e0 e peso.<\/li>\n<\/ul>\n<\/li>\n<\/ul>\n\n\n\n<ul class=\"wp-block-list\">\n<li><strong>Come viene imballato Brightbox Pro Flex per la consegna?<\/strong><br>Brightbox Pro Flex \u00e8 imballato in una borsa di trasporto rinforzata con ruote, spedita all\u2019interno di una scatola di cartone.<br><br>I telai piccoli (1 \u00d7 2,5 m e 1 \u00d7 3 m) sono imballati in una borsa e una scatola. I telai pi\u00f9 grandi sono imballati in pi\u00f9 borse e scatole. Ad esempio, un imballo composto da tre scatole \u00e8 chiaramente contrassegnato come 1\/3, 2\/3, 3\/3.<br><br>Le borse sono robuste e dotate di ruote e maniglia telescopica. Sono inoltre protette con inserti in schiuma per garantire un trasporto sicuro.<\/li>\n<\/ul>\n\n\n\n<ul class=\"wp-block-list\">\n<li><strong>Brightbox Pro Flex \u00e8 facile da trasportare?<\/strong><br>S\u00ec. Grazie alla borsa di trasporto rinforzata con ruote, \u00e8 possibile spostare facilmente questo sistema modulare illuminato da un evento all\u2019altro.<\/li>\n<\/ul>\n<\/details>\n<\/div><\/div>\n\n\n\n<div style=\"height:21px\" aria-hidden=\"true\" class=\"wp-block-spacer\"><\/div>\n\n\n\n<div class=\"wp-block-group block-white-background\"><div class=\"wp-block-group__inner-container is-layout-constrained wp-block-group-is-layout-constrained\">\n<details class=\"wp-block-details is-layout-flow wp-block-details-is-layout-flow\"><summary>\u2bc8 <strong>Storage Set<\/strong><\/summary>\n<ul class=\"wp-block-list\">\n<li><strong>Cosa \u00e8 incluso nello Storage Set?<\/strong><br>Lo Storage Set contiene quattro telai illuminati e include un\u2019unit\u00e0 di stoccaggio con serratura a codice per un accesso sicuro. Tutti i telai dello Storage Set hanno le stesse dimensioni. Tutti i connettori e i componenti di montaggio sono imballati separatamente in una borsa per facilitare l\u2019assemblaggio.<\/li>\n<\/ul>\n\n\n\n<ul class=\"wp-block-list\">\n<li><strong>Come viene imballato lo Storage Set?<br><\/strong>Lo Storage Set \u00e8 imballato in cinque colli: quattro borse contenenti le Storage Walls e una borsa aggiuntiva con i materiali di collegamento e il kit di montaggio dello Storage.<\/li>\n<\/ul>\n\n\n\n<ul class=\"wp-block-list\">\n<li><strong>Posso chiudere lo spazio di stoccaggio per mantenere gli oggetti al sicuro in aree pubbliche?<\/strong><br>S\u00ec, lo spazio di stoccaggio pu\u00f2 essere chiuso per mantenere gli oggetti al sicuro nelle aree pubbliche. \u00c8 possibile impostare il proprio codice di chiusura.<br><br><span style=\"text-decoration: underline;\">Nota:<\/span> le pareti sono rivestite in tessuto e non offrono una protezione solida. Pertanto, si consiglia di non conservare oggetti di valore all\u2019interno dell\u2019unit\u00e0 di stoccaggio quando non \u00e8 sorvegliata.&#8221;<\/li>\n<\/ul>\n\n\n\n<ul class=\"wp-block-list\">\n<li><strong>Come posso cambiare il codice della serratura?<\/strong><br>Sul lato della serratura si trova un piccolo foro per modificare la combinazione. Per resettare il codice, inserisci una spilla o un oggetto appuntito nel foro e tienilo premuto mentre imposti la nuova combinazione (con la serratura in posizione aperta). Dopo aver impostato il nuovo codice, assicurati di cambiare i numeri. Il codice predefinito \u00e8 000.<\/li>\n<\/ul>\n<\/details>\n<\/div><\/div>\n\n\n\n<div style=\"height:21px\" aria-hidden=\"true\" class=\"wp-block-spacer\"><\/div>\n\n\n\n<div class=\"wp-block-group block-white-background\"><div class=\"wp-block-group__inner-container is-layout-constrained wp-block-group-is-layout-constrained\">\n<details class=\"wp-block-details is-layout-flow wp-block-details-is-layout-flow\"><summary>\u2bc8 <strong>Illuminazione LED<\/strong><\/summary>\n<ul class=\"wp-block-list\">\n<li><strong>In quali parti del profilo della Brightbox Pro Flex Wall sono integrate le luci LED?<\/strong><br>I moduli LED sono integrati nei profili superiore e inferiore del telaio. I profili laterali non contengono moduli LED. I cavi di collegamento sono integrati nei profili laterali per collegare le luci LED tra i profili inferiore e superiore.<\/li>\n<\/ul>\n\n\n\n<ul class=\"wp-block-list\">\n<li><strong>Dove si trova la connessione di alimentazione sulla Wall?<\/strong><br>La connessione di alimentazione si trova nella parte inferiore del telaio della parete.<\/li>\n<\/ul>\n\n\n\n<ul class=\"wp-block-list\">\n<li><strong>Quanti trasformatori sono necessari per una Brightbox Pro Flex Wall?<\/strong><br>I telai fino a 3 m richiedono un trasformatore. I telai pi\u00f9 grandi richiedono due trasformatori per garantire un\u2019alimentazione sufficiente.<\/li>\n<\/ul>\n\n\n\n<ul class=\"wp-block-list\">\n<li><strong>Qual \u00e8 la lunghezza del cavo elettrico e del cavo del trasformatore?<\/strong><br>Il cavo di alimentazione dalla presa (230V) al trasformatore \u00e8 lungo 2,8 m. Il cavo dal trasformatore al prodotto (24V) \u00e8 lungo 1,7 m.<\/li>\n<\/ul>\n<\/details>\n<\/div><\/div>\n\n\n\n<div style=\"height:19px\" aria-hidden=\"true\" class=\"wp-block-spacer\"><\/div>\n\n\n\n<div class=\"wp-block-group block-white-background\"><div class=\"wp-block-group__inner-container is-layout-constrained wp-block-group-is-layout-constrained\">\n<details class=\"wp-block-details is-layout-flow wp-block-details-is-layout-flow\"><summary>\u2bc8 <strong>Montaggio e installazione<\/strong><\/summary>\n<ul class=\"wp-block-list\">\n<li><strong>Quanto \u00e8 facile montare e smontare Brightbox Pro Flex?<\/strong><br>Brightbox Pro Flex \u00e8 progettato per un montaggio senza attrezzi ed \u00e8 facile da assemblare collegando tra loro gli elementi del telaio. Tuttavia, a causa dell\u2019altezza e delle stampe di grandi dimensioni, consigliamo di montare i telai pi\u00f9 alti e larghi con due persone per un\u2019installazione pi\u00f9 semplice e sicura.<\/li>\n<\/ul>\n\n\n\n<ul class=\"wp-block-list\">\n<li><strong>Una sola persona pu\u00f2 montare il Brightbox Pro Flex?<\/strong><br>Una Brightbox Pro Flex Wall da 1 m pu\u00f2 essere montata facilmente da una sola persona. Per configurazioni pi\u00f9 larghe o pi\u00f9 alte consigliamo sempre il montaggio con due persone.<br><\/li>\n\n\n\n<li><strong>Offrite un servizio di installazione?<\/strong><br>No, non offriamo un servizio di installazione. Ma niente paura: il sistema \u00e8 progettato per essere facile da montare anche in autonomia da chiunque, senza bisogno di attrezzi.<\/li>\n<\/ul>\n<\/details>\n<\/div><\/div>\n\n\n\n<div style=\"height:21px\" aria-hidden=\"true\" class=\"wp-block-spacer\"><\/div>\n\n\n\n<div class=\"wp-block-group block-white-background\"><div class=\"wp-block-group__inner-container is-layout-constrained wp-block-group-is-layout-constrained\">\n<details class=\"wp-block-details is-layout-flow wp-block-details-is-layout-flow\"><summary>\u2bc8 <strong>Grafiche<\/strong><\/summary>\n<ul class=\"wp-block-list\">\n<li><strong>Quale materiale viene utilizzato per la grafica?<\/strong><br>Il materiale grafico di Brightbox Pro Flex \u00e8 <a href=\"https:\/\/shop.showdowndisplays.eu\/textile-frame-lumina\" data-type=\"link\" data-id=\"https:\/\/shop.showdowndisplays.eu\/textile-frame-lumina\" target=\"_blank\" rel=\"noreferrer noopener\">Lumina<\/a>. Il materiale Lumina \u00e8 un tessuto 100% poliestere (PES), con un peso di 190 g\/m2 e presenta un rivestimento premium a diffusione luminosa. \u00c8 considerato lo standard pi\u00f9 elevato per le Grafiche con Bordi in silicone (SEG) ed \u00e8 una scelta eccellente per grandi grafiche. \u00c8 possibile piegarlo per il trasporto senza preoccuparsi che nella stampa appaiono delle pieghe. Combina l\u2019ottima qualit\u00e0 con la praticit\u00e0. Il materiale Lumina ha una classificazione antincendio B1, che lo rende un materiale ideale e sicuro da utilizzare a mostre ed eventi. <\/li>\n<\/ul>\n\n\n\n<ul class=\"wp-block-list\">\n<li><strong>Mi serve solo una nuova grafica. Posso ordinarla separatamente?<\/strong><br>S\u00ec! Trovi tutte le grafiche disponibili nel nostro webshop. Non trovi la misura che ti serve? Contatta il tuo referente commerciale: siamo felici di aiutarti!<\/li>\n<\/ul>\n\n\n\n<ul class=\"wp-block-list\">\n<li><strong>Ho bisogno di una grafica sul fronte e sul retro?<\/strong><br>S\u00ec, \u00e8 sempre necessaria una grafica oppure un block-out (stampato) sul retro. Questo ottimizza l\u2019illuminazione LED e garantisce un\u2019illuminazione frontale controllata e potente.<\/li>\n<\/ul>\n\n\n\n<ul class=\"wp-block-list\">\n<li><strong>Quali sono le diverse opzioni per la grafica sul retro?<\/strong><br>Consigliamo sempre di utilizzare una grafica oppure un block-out stampato sul retro per garantire un\u2019illuminazione LED controllata e potente.<br><br><em><span style=\"text-decoration: underline;\">Il retro della parete \u00e8 visibile e deve essere illuminato?<\/span><\/em><br>\u00c8 possibile ordinare una seconda grafica stampata.<br><br><em><span style=\"text-decoration: underline;\">Il retro della parete \u00e8 visibile ma non deve essere illuminato?<\/span><\/em><br>\u00c8 possibile scegliere un block-out stampato. \u00c8 utile anche se la parete \u00e8 posizionata davanti a una finestra.<br><br><em><span style=\"text-decoration: underline;\">Il retro della parete non \u00e8 visibile, ad esempio posizionata contro un muro?<\/span><\/em><br>\u00c8 possibile scegliere un block-out bianco standard.<\/li>\n<\/ul>\n\n\n\n<ul class=\"wp-block-list\">\n<li><strong>Posso coprire pi\u00f9 telai con un\u2019unica grafica grande?<\/strong><br>No. Non \u00e8 possibile coprire pi\u00f9 pareti con una sola grafica. Ogni telaio ha il proprio sistema SEG (Silicone Edge Graphic) e richiede una grafica separata. Se si utilizza una grafica unica su pi\u00f9 telai, i profili del telaio creerebbero ombre visibili attraverso la stampa quando illuminata.<\/li>\n<\/ul>\n\n\n\n<ul class=\"wp-block-list\">\n<li><strong>Ho bisogno di una nuova grafica per il tetto. Posso usare la stessa grafica delle pareti?<\/strong><br>S\u00ec. Le grafiche e i modelli di stampa per tetto e pareti sono identici, a patto che le dimensioni del telaio e del tetto corrispondano.<\/li>\n<\/ul>\n\n\n\n<ul class=\"wp-block-list\">\n<li><strong>Posso utilizzare la stessa grafica per lo Storage e per la Wall da 1 m?<\/strong><br>S\u00ec. Le grafiche e i template di stampa per lo Storage e per la Wall da 1 m sono gli stessi nelle dimensioni 1 \u00d7 2,5 m o 1 \u00d7 3 m.<\/li>\n<\/ul>\n\n\n\n<ul class=\"wp-block-list\">\n<li><strong>Qual \u00e8 la larghezza massima della grafica?<\/strong><br>La larghezza massima della grafica \u00e8 6 m, che corrisponde alla Brightbox Pro Flex Wall larga 6 m.<\/li>\n<\/ul>\n\n\n\n<ul class=\"wp-block-list\">\n<li><strong>Le grafiche sono certificate B1?<\/strong><br>Il materiale grafico Lumina \u00e8 certificato ignifugo B1, il che lo rende ideale e sicuro per l\u2019utilizzo in fiere ed eventi.<\/li>\n<\/ul>\n\n\n\n<ul class=\"wp-block-list\">\n<li><strong>Posso utilizzare le grafiche di Brightbox Pro Flex anche per Brightbox Double o Brightbox Fold&amp;Go?<\/strong><br>S\u00ec, le grafiche sono intercambiabili con Brightbox Double e Brightbox Fold&amp;Go, purch\u00e9 le dimensioni corrispondano.<\/li>\n<\/ul>\n<\/details>\n<\/div><\/div>\n\n\n\n<div style=\"height:21px\" aria-hidden=\"true\" class=\"wp-block-spacer\"><\/div>\n\n\n\n<div class=\"wp-block-group block-white-background\"><div class=\"wp-block-group__inner-container is-layout-constrained wp-block-group-is-layout-constrained\">\n<details class=\"wp-block-details is-layout-flow wp-block-details-is-layout-flow\"><summary>\u2bc8 <strong>Dimensioni &amp; opzioni<\/strong><\/summary>\n<ul class=\"wp-block-list\">\n<li><strong>Quali sono le opzioni di altezza per Brightbox Pro Flex Wall?<\/strong><br>Brightbox Pro Flex Wall \u00e8 disponibile con altezze di 2,5 m e 3 m. L\u2019altezza massima \u00e8 3 m.<\/li>\n<\/ul>\n\n\n\n<ul class=\"wp-block-list\">\n<li><strong>Quali sono le opzioni di altezza per Brightbox Storage Set?<\/strong><br>Brightbox Storage \u00e8 disponibile con altezze di 2,5 m e 3 m. L\u2019altezza massima \u00e8 3 m.<\/li>\n<\/ul>\n\n\n\n<ul class=\"wp-block-list\">\n<li><strong>Qual \u00e8 la dimensione massima del Roof?<\/strong><br>Il Roof \u00e8 disponibile in una sola dimensione: 2,5 m \u00d7 1 m. Non \u00e8 disponibile in altezza 3 m per motivi di sicurezza, stabilit\u00e0 e peso.<br><\/li>\n\n\n\n<li><strong>Qual \u00e8 la dimensione massima della parete che posso creare con Brightbox Pro Flex?<\/strong><br>La larghezza massima della parete realizzabile con Brightbox Pro Flex \u00e8 6 m. Questa dimensione \u00e8 disponibile anche come formato standard sulla Online Reseller Platform. Non \u00e8 possibile collegare direttamente pi\u00f9 pareti pi\u00f9 larghe di 3 m una accanto all\u2019altra, poich\u00e9 l\u2019alimentazione si trova su entrambi i lati nella parte inferiore del telaio.<br><br>\u00c8 possibile creare configurazioni pi\u00f9 grandi, ma le pareti non possono essere unite senza interruzioni a causa dell\u2019uscita del cavo sul lato del telaio. Rimarr\u00e0 quindi un piccolo spazio tra i telai.<br><\/li>\n\n\n\n<li><strong>La dimensione di Brightbox Pro Flex Storage \u00e8 la stessa della Brightbox Pro Flex Wall da 1 m?<\/strong><br>S\u00ec, Brightbox Pro Flex Storage ha la stessa larghezza della Brightbox Pro Flex Wall da 1 m. Per questo motivo \u00e8 possibile utilizzare gli stessi template di stampa per entrambe.<\/li>\n<\/ul>\n\n\n\n<ul class=\"wp-block-list\">\n<li><strong>Non vedo le dimensioni 4 m e 5 m nel menu di selezione. Posso avere una Brightbox Pro Flex Wall da 4 m o 5 m?<\/strong><br>Le larghezze di 4 m e 5 m non sono disponibili come opzioni standard nella selezione online. Se avete bisogno di una Brightbox Pro Flex Wall larga 4 m o 5 m, consigliamo di ordinare la versione da 6 m e semplicemente non collegare tutti gli elementi del telaio, configurandola quindi a 4 m o 5 m secondo necessit\u00e0.<br><br>Le grafiche e i block-out nelle larghezze 4 m e 5 m sono disponibili per l\u2019ordine sulla piattaforma online.<\/li>\n<\/ul>\n<\/details>\n<\/div><\/div>\n\n\n\n<div style=\"height:21px\" aria-hidden=\"true\" class=\"wp-block-spacer\"><\/div>\n\n\n\n<div class=\"wp-block-group block-white-background\"><div class=\"wp-block-group__inner-container is-layout-constrained wp-block-group-is-layout-constrained\">\n<details class=\"wp-block-details is-layout-flow wp-block-details-is-layout-flow\"><summary>\u2bc8 <strong>Altro<\/strong><\/summary>\n<ul class=\"wp-block-list\">\n<li><strong>E se ho bisogno di aiuto per progettare la mia configurazione Brightbox Pro Flex?<\/strong><br>Il tuo referente commerciale \u00e8 pronto a collaborare con te! Contattaci per condividere le tue idee: ti aiuteremo a progettare l\u2019allestimento e ad assicurarci che tu abbia tutti gli elementi giusti nel carrello.<\/li>\n<\/ul>\n\n\n\n<ul class=\"wp-block-list\">\n<li><strong>Chi posso contattare se ho altre domande?<\/strong><br>Nessun problema! Il tuo referente commerciale \u00e8 a disposizione per offrirti supporto. Scrivici a quotation@showdowndisplays.eu oppure chiamaci al numero +31 (0)85 06 60 330.<\/li>\n<\/ul>\n<\/details>\n<\/div><\/div>\n\n\n\n\n\n\n\n\n\n\n\n<p class=\"has-text-align-center\"><\/p>\n","protected":false},"excerpt":{"rendered":"","protected":false},"author":5,"featured_media":0,"parent":0,"menu_order":0,"comment_status":"closed","ping_status":"closed","template":"","meta":{"_acf_changed":false,"footnotes":""},"class_list":["post-54113","page","type-page","status-publish","hentry"],"acf":[],"_links":{"self":[{"href":"https:\/\/www.showdowndisplays.eu\/it\/wp-json\/wp\/v2\/pages\/54113","targetHints":{"allow":["GET"]}}],"collection":[{"href":"https:\/\/www.showdowndisplays.eu\/it\/wp-json\/wp\/v2\/pages"}],"about":[{"href":"https:\/\/www.showdowndisplays.eu\/it\/wp-json\/wp\/v2\/types\/page"}],"author":[{"embeddable":true,"href":"https:\/\/www.showdowndisplays.eu\/it\/wp-json\/wp\/v2\/users\/5"}],"replies":[{"embeddable":true,"href":"https:\/\/www.showdowndisplays.eu\/it\/wp-json\/wp\/v2\/comments?post=54113"}],"version-history":[{"count":10,"href":"https:\/\/www.showdowndisplays.eu\/it\/wp-json\/wp\/v2\/pages\/54113\/revisions"}],"predecessor-version":[{"id":54656,"href":"https:\/\/www.showdowndisplays.eu\/it\/wp-json\/wp\/v2\/pages\/54113\/revisions\/54656"}],"wp:attachment":[{"href":"https:\/\/www.showdowndisplays.eu\/it\/wp-json\/wp\/v2\/media?parent=54113"}],"curies":[{"name":"wp","href":"https:\/\/api.w.org\/{rel}","templated":true}]}}