{"id":51690,"date":"2025-12-16T13:14:49","date_gmt":"2025-12-16T13:14:49","guid":{"rendered":"https:\/\/www.showdowndisplays.eu\/drop-shipment-service-voor-resellers\/"},"modified":"2026-04-01T09:29:00","modified_gmt":"2026-04-01T09:29:00","slug":"servizio-di-drop-shipment","status":"publish","type":"page","link":"https:\/\/www.showdowndisplays.eu\/it\/servizio-di-drop-shipment\/","title":{"rendered":"SERVIZIO DI DROP SHIPMENT"},"content":{"rendered":"\n<div class=\"wp-block-media-text alignwide has-media-on-the-right is-vertically-aligned-center is-image-fill-element is-stacked-on-mobile image-text-2\" style=\"grid-template-columns:auto 49%\"><div class=\"wp-block-media-text__content\">\n<h2 class=\"wp-block-heading\" id=\"block-78edcdf5-6649-4c2c-a830-368fe35a7072\">Consegne pi\u00f9 rapide, senza costi aggiuntivi<\/h2>\n\n\n\n<p>Gestisci la tua attivit\u00e0 senza tenere scorte di magazzino. Gestiamo la produzione e spediamo gli ordini direttamente ai tuoi clienti in tutta Europa quando scegli tu. Il nostro servizio gratuito di drop shipment in white label ti aiuta a semplificare le operazioni riducendo i tempi di gestione, velocizzando l&#8217;evasione degli ordini ed eliminando il rischio finanziario legato alla gestione delle scorte. <\/p>\n\n\n\n<p><em>&#8216;Concentrati sulla crescita della tua attivit\u00e0, al resto ci pensiamo noi&#8217;<\/em><\/p>\n\n\n\n<p>Tempistiche? Grazie al nostro magazzino in Europa e alla nostra rete logistica affidabile, i tuoi ordini arrivano in modo rapido e sicuro ovunque in Europa.<\/p>\n<\/div><figure class=\"wp-block-media-text__media\"><img data-aspectratio=\"900\/600\" src=\"data:image\/gif;base64,R0lGODlhAQABAIAAAAAAAP\/\/\/yH5BAEAAAAALAAAAAABAAEAAAIBRAA7\" decoding=\"async\" width=\"900\" height=\"600\" data-src=\"https:\/\/www.showdowndisplays.eu\/wp-content\/uploads\/2025\/09\/Dropshipment-1.jpg\" alt=\"\" class=\"wp-image-48018 size-full lazyload\" style=\"object-position:50% 50%\" data-srcset=\"https:\/\/www.showdowndisplays.eu\/wp-content\/uploads\/2025\/09\/Dropshipment-1.jpg 900w, https:\/\/www.showdowndisplays.eu\/wp-content\/uploads\/2025\/09\/Dropshipment-1-405x270.jpg 405w, https:\/\/www.showdowndisplays.eu\/wp-content\/uploads\/2025\/09\/Dropshipment-1-768x512.jpg 768w, https:\/\/www.showdowndisplays.eu\/wp-content\/uploads\/2025\/09\/Dropshipment-1-380x253.jpg 380w, https:\/\/www.showdowndisplays.eu\/wp-content\/uploads\/2025\/09\/Dropshipment-1-96x64.jpg 96w, https:\/\/www.showdowndisplays.eu\/wp-content\/uploads\/2025\/09\/Dropshipment-1-200x133.jpg 200w\" sizes=\"(max-width: 900px) 100vw, 900px\" \/><noscript><img decoding=\"async\" width=\"900\" height=\"600\" src=\"https:\/\/www.showdowndisplays.eu\/wp-content\/uploads\/2025\/09\/Dropshipment-1.jpg\" alt=\"\" class=\"wp-image-48018 size-full\" style=\"object-position:50% 50%\" srcset=\"https:\/\/www.showdowndisplays.eu\/wp-content\/uploads\/2025\/09\/Dropshipment-1.jpg 900w, https:\/\/www.showdowndisplays.eu\/wp-content\/uploads\/2025\/09\/Dropshipment-1-405x270.jpg 405w, https:\/\/www.showdowndisplays.eu\/wp-content\/uploads\/2025\/09\/Dropshipment-1-768x512.jpg 768w, https:\/\/www.showdowndisplays.eu\/wp-content\/uploads\/2025\/09\/Dropshipment-1-380x253.jpg 380w, https:\/\/www.showdowndisplays.eu\/wp-content\/uploads\/2025\/09\/Dropshipment-1-96x64.jpg 96w, https:\/\/www.showdowndisplays.eu\/wp-content\/uploads\/2025\/09\/Dropshipment-1-200x133.jpg 200w\" sizes=\"(max-width: 900px) 100vw, 900px\" \/><\/noscript><\/figure><\/div>\n\n\n\n<div style=\"height:20px\" aria-hidden=\"true\" class=\"wp-block-spacer\"><\/div>\n\n\n\n<h2 class=\"wp-block-heading has-text-align-center\">VANTAGGI DELLA SPEDIZIONE DIRETTA<\/h2>\n\n\n\n<div style=\"height:20px\" aria-hidden=\"true\" class=\"wp-block-spacer\"><\/div>\n\n\n    <div class=\"marketing\">\r\n                                <div class=\"marketing__item marketing__item--2\">\r\n\r\n                <div class=\"marketing__image\">\r\n                                    <\/div>\r\n                <div class=\"marketing__content-wrapper global-style\">\r\n                                        <div class=\"marketing__content\">\r\n                        <h4 style=\"text-align: center;\">1. Drop shipment in white-label gratuito<\/h4>\n<p style=\"text-align: center;\">Scegli una bolla di consegna <em>neutra o personalizzata<\/em> quando effettui l&#8217;ordine online. Si prega di notare: in conformit\u00e0 con le attuali normative GSPR, il nome della nostra azienda figurer\u00e0 sull&#8217;imballaggio in qualit\u00e0 di produttore.<\/p>\n                    <\/div>\r\n                <\/div>\r\n\r\n                \r\n            <\/div>\r\n\r\n                                <div class=\"marketing__item marketing__item--2\">\r\n\r\n                <div class=\"marketing__image\">\r\n                                    <\/div>\r\n                <div class=\"marketing__content-wrapper global-style\">\r\n                                        <div class=\"marketing__content\">\r\n                        <h4 style=\"text-align: center;\">2. Prezzi trasparenti<\/h4>\n<p style=\"text-align: center;\">Separiamo chiaramente il prezzo del prodotto, il tipo di spedizione e i relativi costi, <em>cos\u00ec saprai sempre cosa stai pagando.<\/em> Le spese di spedizione vengono calcolate in base all&#8217;importo dell\u2019ordine.<\/p>\n                    <\/div>\r\n                <\/div>\r\n\r\n                                    <a href=\"https:\/\/www.showdowndisplays.eu\/parcel-shipping-price-conditions\/?_gl=1*sqbrgb*_gcl_au*MTA5NjY1Mjc3Ni4xNzU0NTY2OTAw*_ga*MTgwMDIwMDE3OS4xNjkyMTc4OTY0*_ga_T04WK3HE04*czE3NjIxNzIzMTIkbzQ3MiRnMSR0MTc2MjE3NDgyNSRqNTUkbDAkaDA.\"  class=\"marketing__read-more link-with-arrow link-with-arrow--blue\">Scopri di pi\u00f9<\/a>\r\n                \r\n            <\/div>\r\n\r\n                                <div class=\"marketing__item marketing__item--2\">\r\n\r\n                <div class=\"marketing__image\">\r\n                                    <\/div>\r\n                <div class=\"marketing__content-wrapper global-style\">\r\n                                        <div class=\"marketing__content\">\r\n                        <h4 style=\"text-align: center;\">3. Tempi di produzione chiari<\/h4>\n<p style=\"text-align: center;\">Indichiamo in modo trasparente i tempi di consegna per tutti gli articoli stampati e prodotti nella pagina dedicata a ciascun prodotto, <em>offrendoti la massima visibilit\u00e0 per pianificare i tuoi ordini in tutta sicurezza.<\/em><\/p>\n                    <\/div>\r\n                <\/div>\r\n\r\n                \r\n            <\/div>\r\n\r\n                                <div class=\"marketing__item marketing__item--2\">\r\n\r\n                <div class=\"marketing__image\">\r\n                                    <\/div>\r\n                <div class=\"marketing__content-wrapper global-style\">\r\n                                        <div class=\"marketing__content\">\r\n                        <h4 style=\"text-align: center;\">4. Tracciamento in tempo reale<\/h4>\n<p style=\"text-align: center;\"><em>Effettua l&#8217;ordine online e traccialo<\/em> direttamente dal tuo account. Grazie agli aggiornamenti in tempo reale saprai sempre dove si trova il tuo pacco e quando verr\u00e0 consegnato.<\/p>\n                    <\/div>\r\n                <\/div>\r\n\r\n                \r\n            <\/div>\r\n\r\n                                <div class=\"marketing__item marketing__item--2\">\r\n\r\n                <div class=\"marketing__image\">\r\n                                    <\/div>\r\n                <div class=\"marketing__content-wrapper global-style\">\r\n                                        <div class=\"marketing__content\">\r\n                        <h4 style=\"text-align: center;\">5. Soluzioni di spedizione personalizzate<\/h4>\n<p style=\"text-align: center;\">Che si tratti di spedizioni su pallet, express o specifiche, forniamo preventivi <em>personalizzati per soddisfare le tue uniche esigenze logistiche.<\/em><\/p>\n                    <\/div>\r\n                <\/div>\r\n\r\n                \r\n            <\/div>\r\n\r\n                                <div class=\"marketing__item marketing__item--2\">\r\n\r\n                <div class=\"marketing__image\">\r\n                                    <\/div>\r\n                <div class=\"marketing__content-wrapper global-style\">\r\n                                        <div class=\"marketing__content\">\r\n                        <h4 style=\"text-align: center;\">6. Indirizzi di consegna salvati<\/h4>\n<p style=\"text-align: center;\">Risparmia tempo con una lista di indirizzi nel tuo account. <em>Inserisci diversi indirizzi di consegna<\/em> per spedizioni veloci, quando ne hai bisogno.<\/p>\n\n                    <\/div>\r\n                <\/div>\r\n\r\n                \r\n            <\/div>\r\n\r\n            <\/div>\r\n\n\n\n<div style=\"height:80px\" aria-hidden=\"true\" class=\"wp-block-spacer\"><\/div>\n\n\n\n<p><strong><span style=\"text-decoration: underline;\">Disclaimer:<\/span><\/strong> <em>Gli ordini online di prodotti standard includono imballaggio, etichettatura e spedizione standard verso un unico indirizzo di consegna indicato nel carrello. Per esigenze diverse, come imballaggio alternativo, etichettatura personalizzata o consegna a pi\u00f9 indirizzi, contatta il tuo referente commerciale.<\/em><\/p>\n\n\n\n<div style=\"height:80px\" aria-hidden=\"true\" class=\"wp-block-spacer\"><\/div>\n\n\n\n<h2 class=\"wp-block-heading has-text-align-center\">Pagine correlate<\/h2>\n\n\n    <div class=\"marketing\">\r\n                                <div class=\"marketing__item marketing__item--3\">\r\n\r\n                <div class=\"marketing__image\">\r\n                    <img data-aspectratio=\"380\/238\" decoding=\"async\" width=\"380\" height=\"238\" data-aspectratio=\"380\/238\" src=\"data:image\/gif;base64,R0lGODlhAQABAIAAAAAAAP\/\/\/yH5BAEAAAAALAAAAAABAAEAAAIBRAA7\" data-src=\"https:\/\/www.showdowndisplays.eu\/wp-content\/uploads\/2021\/08\/Partnership_related-pages-380x238.jpg\" class=\"attachment-about-us size-about-us lazyload\" alt=\"Showdown-marketingsupport\" data-srcset=\"https:\/\/www.showdowndisplays.eu\/wp-content\/uploads\/2021\/08\/Partnership_related-pages-380x238.jpg 380w, https:\/\/www.showdowndisplays.eu\/wp-content\/uploads\/2021\/08\/Partnership_related-pages-432x270.jpg 432w, https:\/\/www.showdowndisplays.eu\/wp-content\/uploads\/2021\/08\/Partnership_related-pages-768x480.jpg 768w, https:\/\/www.showdowndisplays.eu\/wp-content\/uploads\/2021\/08\/Partnership_related-pages-96x60.jpg 96w, https:\/\/www.showdowndisplays.eu\/wp-content\/uploads\/2021\/08\/Partnership_related-pages-200x125.jpg 200w, https:\/\/www.showdowndisplays.eu\/wp-content\/uploads\/2021\/08\/Partnership_related-pages.jpg 800w\" sizes=\"(max-width: 380px) 100vw, 380px\" \/><noscript><img decoding=\"async\" width=\"380\" height=\"238\" data-aspectratio=\"380\/238\" src=\"data:image\/gif;base64,R0lGODlhAQABAIAAAAAAAP\/\/\/yH5BAEAAAAALAAAAAABAAEAAAIBRAA7\" data-src=\"https:\/\/www.showdowndisplays.eu\/wp-content\/uploads\/2021\/08\/Partnership_related-pages-380x238.jpg\" class=\"attachment-about-us size-about-us lazyload\" alt=\"Showdown-marketingsupport\" data-srcset=\"https:\/\/www.showdowndisplays.eu\/wp-content\/uploads\/2021\/08\/Partnership_related-pages-380x238.jpg 380w, https:\/\/www.showdowndisplays.eu\/wp-content\/uploads\/2021\/08\/Partnership_related-pages-432x270.jpg 432w, https:\/\/www.showdowndisplays.eu\/wp-content\/uploads\/2021\/08\/Partnership_related-pages-768x480.jpg 768w, https:\/\/www.showdowndisplays.eu\/wp-content\/uploads\/2021\/08\/Partnership_related-pages-96x60.jpg 96w, https:\/\/www.showdowndisplays.eu\/wp-content\/uploads\/2021\/08\/Partnership_related-pages-200x125.jpg 200w, https:\/\/www.showdowndisplays.eu\/wp-content\/uploads\/2021\/08\/Partnership_related-pages.jpg 800w\" sizes=\"(max-width: 380px) 100vw, 380px\" \/><\/noscript>                <\/div>\r\n                <div class=\"marketing__content-wrapper global-style\">\r\n                                            <div class=\"marketing__title-wrapper\">\r\n                            <h3>Collaborazione<\/h3>\r\n                        <\/div>\r\n                                        <div class=\"marketing__content\">\r\n                                            <\/div>\r\n                <\/div>\r\n\r\n                                    <a href=\"https:\/\/www.showdowndisplays.eu\/partnership\/\"  class=\"marketing__read-more link-with-arrow link-with-arrow--blue\">Scopri di pi\u00f9<\/a>\r\n                \r\n            <\/div>\r\n\r\n                                <div class=\"marketing__item marketing__item--3\">\r\n\r\n                <div class=\"marketing__image\">\r\n                    <img data-aspectratio=\"380\/238\" decoding=\"async\" width=\"380\" height=\"238\" data-aspectratio=\"380\/238\" src=\"data:image\/gif;base64,R0lGODlhAQABAIAAAAAAAP\/\/\/yH5BAEAAAAALAAAAAABAAEAAAIBRAA7\" data-src=\"https:\/\/www.showdowndisplays.eu\/wp-content\/uploads\/2021\/01\/Product-photos-and-videos-3-380x238.jpg\" class=\"attachment-about-us size-about-us lazyload\" alt=\" width\" data-srcset=\"https:\/\/www.showdowndisplays.eu\/wp-content\/uploads\/2021\/01\/Product-photos-and-videos-3-380x238.jpg 380w, https:\/\/www.showdowndisplays.eu\/wp-content\/uploads\/2021\/01\/Product-photos-and-videos-3-432x270.jpg 432w, https:\/\/www.showdowndisplays.eu\/wp-content\/uploads\/2021\/01\/Product-photos-and-videos-3-1024x640.jpg 1024w, https:\/\/www.showdowndisplays.eu\/wp-content\/uploads\/2021\/01\/Product-photos-and-videos-3-768x480.jpg 768w, https:\/\/www.showdowndisplays.eu\/wp-content\/uploads\/2021\/01\/Product-photos-and-videos-3-1536x960.jpg 1536w, https:\/\/www.showdowndisplays.eu\/wp-content\/uploads\/2021\/01\/Product-photos-and-videos-3-96x60.jpg 96w, https:\/\/www.showdowndisplays.eu\/wp-content\/uploads\/2021\/01\/Product-photos-and-videos-3-200x125.jpg 200w, https:\/\/www.showdowndisplays.eu\/wp-content\/uploads\/2021\/01\/Product-photos-and-videos-3.jpg 1600w\" sizes=\"(max-width: 380px) 100vw, 380px\" \/><noscript><img decoding=\"async\" width=\"380\" height=\"238\" data-aspectratio=\"380\/238\" src=\"data:image\/gif;base64,R0lGODlhAQABAIAAAAAAAP\/\/\/yH5BAEAAAAALAAAAAABAAEAAAIBRAA7\" data-src=\"https:\/\/www.showdowndisplays.eu\/wp-content\/uploads\/2021\/01\/Product-photos-and-videos-3-380x238.jpg\" class=\"attachment-about-us size-about-us lazyload\" alt=\" width\" data-srcset=\"https:\/\/www.showdowndisplays.eu\/wp-content\/uploads\/2021\/01\/Product-photos-and-videos-3-380x238.jpg 380w, https:\/\/www.showdowndisplays.eu\/wp-content\/uploads\/2021\/01\/Product-photos-and-videos-3-432x270.jpg 432w, https:\/\/www.showdowndisplays.eu\/wp-content\/uploads\/2021\/01\/Product-photos-and-videos-3-1024x640.jpg 1024w, https:\/\/www.showdowndisplays.eu\/wp-content\/uploads\/2021\/01\/Product-photos-and-videos-3-768x480.jpg 768w, https:\/\/www.showdowndisplays.eu\/wp-content\/uploads\/2021\/01\/Product-photos-and-videos-3-1536x960.jpg 1536w, https:\/\/www.showdowndisplays.eu\/wp-content\/uploads\/2021\/01\/Product-photos-and-videos-3-96x60.jpg 96w, https:\/\/www.showdowndisplays.eu\/wp-content\/uploads\/2021\/01\/Product-photos-and-videos-3-200x125.jpg 200w, https:\/\/www.showdowndisplays.eu\/wp-content\/uploads\/2021\/01\/Product-photos-and-videos-3.jpg 1600w\" sizes=\"(max-width: 380px) 100vw, 380px\" \/><\/noscript>                <\/div>\r\n                <div class=\"marketing__content-wrapper global-style\">\r\n                                            <div class=\"marketing__title-wrapper\">\r\n                            <h3>Supporto marketing<\/h3>\r\n                        <\/div>\r\n                                        <div class=\"marketing__content\">\r\n                                            <\/div>\r\n                <\/div>\r\n\r\n                                    <a href=\"https:\/\/www.showdowndisplays.eu\/marketing-support\/\"  class=\"marketing__read-more link-with-arrow link-with-arrow--blue\">Scopri di pi\u00f9<\/a>\r\n                \r\n            <\/div>\r\n\r\n                                <div class=\"marketing__item marketing__item--3\">\r\n\r\n                <div class=\"marketing__image\">\r\n                    <img data-aspectratio=\"380\/253\" decoding=\"async\" width=\"380\" height=\"253\" data-aspectratio=\"380\/253\" src=\"data:image\/gif;base64,R0lGODlhAQABAIAAAAAAAP\/\/\/yH5BAEAAAAALAAAAAABAAEAAAIBRAA7\" data-src=\"https:\/\/www.showdowndisplays.eu\/wp-content\/uploads\/2021\/06\/Print-services_landscape_verkleind-380x253.jpg\" class=\"attachment-about-us size-about-us lazyload\" alt=\" width\" data-srcset=\"https:\/\/www.showdowndisplays.eu\/wp-content\/uploads\/2021\/06\/Print-services_landscape_verkleind-380x253.jpg 380w, https:\/\/www.showdowndisplays.eu\/wp-content\/uploads\/2021\/06\/Print-services_landscape_verkleind-405x270.jpg 405w, https:\/\/www.showdowndisplays.eu\/wp-content\/uploads\/2021\/06\/Print-services_landscape_verkleind-1024x683.jpg 1024w, https:\/\/www.showdowndisplays.eu\/wp-content\/uploads\/2021\/06\/Print-services_landscape_verkleind-768x512.jpg 768w, https:\/\/www.showdowndisplays.eu\/wp-content\/uploads\/2021\/06\/Print-services_landscape_verkleind-1536x1024.jpg 1536w, https:\/\/www.showdowndisplays.eu\/wp-content\/uploads\/2021\/06\/Print-services_landscape_verkleind-2048x1365.jpg 2048w, https:\/\/www.showdowndisplays.eu\/wp-content\/uploads\/2021\/06\/Print-services_landscape_verkleind-96x64.jpg 96w, https:\/\/www.showdowndisplays.eu\/wp-content\/uploads\/2021\/06\/Print-services_landscape_verkleind-200x133.jpg 200w\" sizes=\"(max-width: 380px) 100vw, 380px\" \/><noscript><img decoding=\"async\" width=\"380\" height=\"253\" data-aspectratio=\"380\/253\" src=\"data:image\/gif;base64,R0lGODlhAQABAIAAAAAAAP\/\/\/yH5BAEAAAAALAAAAAABAAEAAAIBRAA7\" data-src=\"https:\/\/www.showdowndisplays.eu\/wp-content\/uploads\/2021\/06\/Print-services_landscape_verkleind-380x253.jpg\" class=\"attachment-about-us size-about-us lazyload\" alt=\" width\" data-srcset=\"https:\/\/www.showdowndisplays.eu\/wp-content\/uploads\/2021\/06\/Print-services_landscape_verkleind-380x253.jpg 380w, https:\/\/www.showdowndisplays.eu\/wp-content\/uploads\/2021\/06\/Print-services_landscape_verkleind-405x270.jpg 405w, https:\/\/www.showdowndisplays.eu\/wp-content\/uploads\/2021\/06\/Print-services_landscape_verkleind-1024x683.jpg 1024w, https:\/\/www.showdowndisplays.eu\/wp-content\/uploads\/2021\/06\/Print-services_landscape_verkleind-768x512.jpg 768w, https:\/\/www.showdowndisplays.eu\/wp-content\/uploads\/2021\/06\/Print-services_landscape_verkleind-1536x1024.jpg 1536w, https:\/\/www.showdowndisplays.eu\/wp-content\/uploads\/2021\/06\/Print-services_landscape_verkleind-2048x1365.jpg 2048w, https:\/\/www.showdowndisplays.eu\/wp-content\/uploads\/2021\/06\/Print-services_landscape_verkleind-96x64.jpg 96w, https:\/\/www.showdowndisplays.eu\/wp-content\/uploads\/2021\/06\/Print-services_landscape_verkleind-200x133.jpg 200w\" sizes=\"(max-width: 380px) 100vw, 380px\" \/><\/noscript>                <\/div>\r\n                <div class=\"marketing__content-wrapper global-style\">\r\n                                            <div class=\"marketing__title-wrapper\">\r\n                            <h3>Servizi di stampa<\/h3>\r\n                        <\/div>\r\n                                        <div class=\"marketing__content\">\r\n                                            <\/div>\r\n                <\/div>\r\n\r\n                                    <a href=\"https:\/\/www.showdowndisplays.eu\/services\/print-services-2\/\"  class=\"marketing__read-more link-with-arrow link-with-arrow--blue\">Scopri di pi\u00f9<\/a>\r\n                \r\n            <\/div>\r\n\r\n            <\/div>\r\n","protected":false},"excerpt":{"rendered":"<p>Consegne pi\u00f9 rapide, senza costi aggiuntivi Gestisci la tua attivit\u00e0 senza tenere scorte di magazzino. Gestiamo la produzione e spediamo&#8230;<\/p>\n","protected":false},"author":16,"featured_media":0,"parent":0,"menu_order":0,"comment_status":"closed","ping_status":"closed","template":"","meta":{"_acf_changed":false,"footnotes":""},"class_list":["post-51690","page","type-page","status-publish","hentry"],"acf":[],"_links":{"self":[{"href":"https:\/\/www.showdowndisplays.eu\/it\/wp-json\/wp\/v2\/pages\/51690","targetHints":{"allow":["GET"]}}],"collection":[{"href":"https:\/\/www.showdowndisplays.eu\/it\/wp-json\/wp\/v2\/pages"}],"about":[{"href":"https:\/\/www.showdowndisplays.eu\/it\/wp-json\/wp\/v2\/types\/page"}],"author":[{"embeddable":true,"href":"https:\/\/www.showdowndisplays.eu\/it\/wp-json\/wp\/v2\/users\/16"}],"replies":[{"embeddable":true,"href":"https:\/\/www.showdowndisplays.eu\/it\/wp-json\/wp\/v2\/comments?post=51690"}],"version-history":[{"count":18,"href":"https:\/\/www.showdowndisplays.eu\/it\/wp-json\/wp\/v2\/pages\/51690\/revisions"}],"predecessor-version":[{"id":55983,"href":"https:\/\/www.showdowndisplays.eu\/it\/wp-json\/wp\/v2\/pages\/51690\/revisions\/55983"}],"wp:attachment":[{"href":"https:\/\/www.showdowndisplays.eu\/it\/wp-json\/wp\/v2\/media?parent=51690"}],"curies":[{"name":"wp","href":"https:\/\/api.w.org\/{rel}","templated":true}]}}