{"id":37344,"date":"2024-06-24T12:56:06","date_gmt":"2024-06-24T12:56:06","guid":{"rendered":"https:\/\/www.showdowndisplays.eu\/print-symbols\/"},"modified":"2024-09-11T07:02:48","modified_gmt":"2024-09-11T07:02:48","slug":"print-symbols","status":"publish","type":"page","link":"https:\/\/www.showdowndisplays.eu\/it\/print-symbols\/","title":{"rendered":"Simboli di stampa"},"content":{"rendered":"\n<div class=\"wp-block-group block-white-background\"><div class=\"wp-block-group__inner-container is-layout-constrained wp-block-group-is-layout-constrained\">\n<div class=\"wp-block-media-text is-stacked-on-mobile is-vertically-aligned-center\" style=\"grid-template-columns:15% auto\"><figure class=\"wp-block-media-text__media\"><img data-aspectratio=\"344\/344\" src=\"data:image\/gif;base64,R0lGODlhAQABAIAAAAAAAP\/\/\/yH5BAEAAAAALAAAAAABAAEAAAIBRAA7\" decoding=\"async\" width=\"344\" height=\"344\" data-src=\"https:\/\/www.showdowndisplays.eu\/wp-content\/uploads\/2024\/06\/OV_Icons_Errors-DPI.png\" alt=\"\" class=\"wp-image-37038 size-full lazyload\" data-srcset=\"https:\/\/www.showdowndisplays.eu\/wp-content\/uploads\/2024\/06\/OV_Icons_Errors-DPI.png 344w, https:\/\/www.showdowndisplays.eu\/wp-content\/uploads\/2024\/06\/OV_Icons_Errors-DPI-270x270.png 270w, https:\/\/www.showdowndisplays.eu\/wp-content\/uploads\/2024\/06\/OV_Icons_Errors-DPI-96x96.png 96w, https:\/\/www.showdowndisplays.eu\/wp-content\/uploads\/2024\/06\/OV_Icons_Errors-DPI-200x200.png 200w\" sizes=\"(max-width: 344px) 100vw, 344px\" \/><noscript><img decoding=\"async\" width=\"344\" height=\"344\" src=\"https:\/\/www.showdowndisplays.eu\/wp-content\/uploads\/2024\/06\/OV_Icons_Errors-DPI.png\" alt=\"\" class=\"wp-image-37038 size-full\" srcset=\"https:\/\/www.showdowndisplays.eu\/wp-content\/uploads\/2024\/06\/OV_Icons_Errors-DPI.png 344w, https:\/\/www.showdowndisplays.eu\/wp-content\/uploads\/2024\/06\/OV_Icons_Errors-DPI-270x270.png 270w, https:\/\/www.showdowndisplays.eu\/wp-content\/uploads\/2024\/06\/OV_Icons_Errors-DPI-96x96.png 96w, https:\/\/www.showdowndisplays.eu\/wp-content\/uploads\/2024\/06\/OV_Icons_Errors-DPI-200x200.png 200w\" sizes=\"(max-width: 344px) 100vw, 344px\" \/><\/noscript><\/figure><div class=\"wp-block-media-text__content\">\n<h3 class=\"wp-block-heading\">L\u2019immagine \u00e8 pixelata &gt; 150 DPI<\/h3>\n\n\n\n<p>I DPI della grafica caricata sono inferiori a 150. Una volta stampata, potrebbe sembrare pixelata. Per assicurare la migliore qualit\u00e0 di stampa con immagini nitide e chiare, si prega di modificare la grafica per soddisfare lo standard di 150 DPI. Se ti va bene ricevere comunque un\u2019immagine che potrebbe essere pixelata, puoi cliccare su \u2018Approva stampa\u2019.<\/p>\n<\/div><\/div>\n\n\n\n<div class=\"wp-block-media-text is-stacked-on-mobile is-vertically-aligned-center\" style=\"grid-template-columns:15% auto\"><figure class=\"wp-block-media-text__media\"><img data-aspectratio=\"344\/344\" src=\"data:image\/gif;base64,R0lGODlhAQABAIAAAAAAAP\/\/\/yH5BAEAAAAALAAAAAABAAEAAAIBRAA7\" decoding=\"async\" width=\"344\" height=\"344\" data-src=\"https:\/\/www.showdowndisplays.eu\/wp-content\/uploads\/2024\/06\/OV_Icons_Errors-CMYK.png\" alt=\"\" class=\"wp-image-37095 size-full lazyload\" data-srcset=\"https:\/\/www.showdowndisplays.eu\/wp-content\/uploads\/2024\/06\/OV_Icons_Errors-CMYK.png 344w, https:\/\/www.showdowndisplays.eu\/wp-content\/uploads\/2024\/06\/OV_Icons_Errors-CMYK-270x270.png 270w, https:\/\/www.showdowndisplays.eu\/wp-content\/uploads\/2024\/06\/OV_Icons_Errors-CMYK-96x96.png 96w, https:\/\/www.showdowndisplays.eu\/wp-content\/uploads\/2024\/06\/OV_Icons_Errors-CMYK-200x200.png 200w\" sizes=\"(max-width: 344px) 100vw, 344px\" \/><noscript><img decoding=\"async\" width=\"344\" height=\"344\" src=\"https:\/\/www.showdowndisplays.eu\/wp-content\/uploads\/2024\/06\/OV_Icons_Errors-CMYK.png\" alt=\"\" class=\"wp-image-37095 size-full\" srcset=\"https:\/\/www.showdowndisplays.eu\/wp-content\/uploads\/2024\/06\/OV_Icons_Errors-CMYK.png 344w, https:\/\/www.showdowndisplays.eu\/wp-content\/uploads\/2024\/06\/OV_Icons_Errors-CMYK-270x270.png 270w, https:\/\/www.showdowndisplays.eu\/wp-content\/uploads\/2024\/06\/OV_Icons_Errors-CMYK-96x96.png 96w, https:\/\/www.showdowndisplays.eu\/wp-content\/uploads\/2024\/06\/OV_Icons_Errors-CMYK-200x200.png 200w\" sizes=\"(max-width: 344px) 100vw, 344px\" \/><\/noscript><\/figure><div class=\"wp-block-media-text__content\">\n<h3 class=\"wp-block-heading\">Colori modificati<\/h3>\n\n\n\n<p>Le nostre stampanti utilizzano colori CMYK. Sembra che la grafica che hai caricato sia nei colori RGB (o un altro modello di colori). Il nostro sistema ha convertito automaticamente i colori RGB in CMYK. Ci\u00f2 pu\u00f2 comportare leggere variazioni dei colori una volta stampati. Se non ti preoccupa questa possibilit\u00e0, puoi cliccare su \u2018Approva Stampa\u2019. Se desideri essere certo che stampiamo i colori giusti, ti preghiamo di modificare la tua grafica con colori CMYK e di caricare un nuovo file di stampa.<\/p>\n<\/div><\/div>\n\n\n\n<div class=\"wp-block-media-text is-stacked-on-mobile is-vertically-aligned-center\" style=\"grid-template-columns:15% auto\"><figure class=\"wp-block-media-text__media\"><img data-aspectratio=\"344\/344\" src=\"data:image\/gif;base64,R0lGODlhAQABAIAAAAAAAP\/\/\/yH5BAEAAAAALAAAAAABAAEAAAIBRAA7\" decoding=\"async\" width=\"344\" height=\"344\" data-src=\"https:\/\/www.showdowndisplays.eu\/wp-content\/uploads\/2024\/06\/OV_Icons_Errors-Artwork_size_adapted.png\" alt=\"\" class=\"wp-image-37030 size-full lazyload\" data-srcset=\"https:\/\/www.showdowndisplays.eu\/wp-content\/uploads\/2024\/06\/OV_Icons_Errors-Artwork_size_adapted.png 344w, https:\/\/www.showdowndisplays.eu\/wp-content\/uploads\/2024\/06\/OV_Icons_Errors-Artwork_size_adapted-270x270.png 270w, https:\/\/www.showdowndisplays.eu\/wp-content\/uploads\/2024\/06\/OV_Icons_Errors-Artwork_size_adapted-96x96.png 96w, https:\/\/www.showdowndisplays.eu\/wp-content\/uploads\/2024\/06\/OV_Icons_Errors-Artwork_size_adapted-200x200.png 200w\" sizes=\"(max-width: 344px) 100vw, 344px\" \/><noscript><img decoding=\"async\" width=\"344\" height=\"344\" src=\"https:\/\/www.showdowndisplays.eu\/wp-content\/uploads\/2024\/06\/OV_Icons_Errors-Artwork_size_adapted.png\" alt=\"\" class=\"wp-image-37030 size-full\" srcset=\"https:\/\/www.showdowndisplays.eu\/wp-content\/uploads\/2024\/06\/OV_Icons_Errors-Artwork_size_adapted.png 344w, https:\/\/www.showdowndisplays.eu\/wp-content\/uploads\/2024\/06\/OV_Icons_Errors-Artwork_size_adapted-270x270.png 270w, https:\/\/www.showdowndisplays.eu\/wp-content\/uploads\/2024\/06\/OV_Icons_Errors-Artwork_size_adapted-96x96.png 96w, https:\/\/www.showdowndisplays.eu\/wp-content\/uploads\/2024\/06\/OV_Icons_Errors-Artwork_size_adapted-200x200.png 200w\" sizes=\"(max-width: 344px) 100vw, 344px\" \/><\/noscript><\/figure><div class=\"wp-block-media-text__content\">\n<h3 class=\"wp-block-heading\">Formato delle grafiche adattato<\/h3>\n\n\n\n<p>Il formato della grafica caricata \u00e8 diverso dal modello di stampa dell\u20191-2%. Il nostro software automatico di stampa ha regolato leggermente la dimensione per adattarla perfettamente al modello. Si prega di verificare per assicurarti che appaia ancora come desideri. Se sembra tutto a posto, puoi cliccare sul tasto \u2018Approva Stampa\u2019. Se non sei soddisfatto della leggera modifica, ti preghiamo di modificare la grafica di conseguenza e di caricare un nuovo file di stampa nel formato corretto.<\/p>\n<\/div><\/div>\n\n\n\n<div class=\"wp-block-media-text is-stacked-on-mobile is-vertically-aligned-center\" style=\"grid-template-columns:15% auto\"><figure class=\"wp-block-media-text__media\"><img data-aspectratio=\"344\/344\" src=\"data:image\/gif;base64,R0lGODlhAQABAIAAAAAAAP\/\/\/yH5BAEAAAAALAAAAAABAAEAAAIBRAA7\" decoding=\"async\" width=\"344\" height=\"344\" data-src=\"https:\/\/www.showdowndisplays.eu\/wp-content\/uploads\/2024\/06\/OV_Icons_Errors-Safe_Area-1.png\" alt=\"\" class=\"wp-image-37071 size-full lazyload\" data-srcset=\"https:\/\/www.showdowndisplays.eu\/wp-content\/uploads\/2024\/06\/OV_Icons_Errors-Safe_Area-1.png 344w, https:\/\/www.showdowndisplays.eu\/wp-content\/uploads\/2024\/06\/OV_Icons_Errors-Safe_Area-1-270x270.png 270w, https:\/\/www.showdowndisplays.eu\/wp-content\/uploads\/2024\/06\/OV_Icons_Errors-Safe_Area-1-96x96.png 96w, https:\/\/www.showdowndisplays.eu\/wp-content\/uploads\/2024\/06\/OV_Icons_Errors-Safe_Area-1-200x200.png 200w\" sizes=\"(max-width: 344px) 100vw, 344px\" \/><noscript><img decoding=\"async\" width=\"344\" height=\"344\" src=\"https:\/\/www.showdowndisplays.eu\/wp-content\/uploads\/2024\/06\/OV_Icons_Errors-Safe_Area-1.png\" alt=\"\" class=\"wp-image-37071 size-full\" srcset=\"https:\/\/www.showdowndisplays.eu\/wp-content\/uploads\/2024\/06\/OV_Icons_Errors-Safe_Area-1.png 344w, https:\/\/www.showdowndisplays.eu\/wp-content\/uploads\/2024\/06\/OV_Icons_Errors-Safe_Area-1-270x270.png 270w, https:\/\/www.showdowndisplays.eu\/wp-content\/uploads\/2024\/06\/OV_Icons_Errors-Safe_Area-1-96x96.png 96w, https:\/\/www.showdowndisplays.eu\/wp-content\/uploads\/2024\/06\/OV_Icons_Errors-Safe_Area-1-200x200.png 200w\" sizes=\"(max-width: 344px) 100vw, 344px\" \/><\/noscript><\/figure><div class=\"wp-block-media-text__content\">\n<h3 class=\"wp-block-heading\">Testo fuori dall&#8217;area di stampa<\/h3>\n\n\n\n<p>Durante la verifica manuale del nostro specialista di stampa, abbiamo notato che il testo si trova fuori dall&#8217;area di stampa. Ti preghiamo di verificare il modello di stampa per vedere qual \u00e8 l\u2019area di stampa. Se il testo \u00e8 fuori da tale area, non possiamo garantire che sar\u00e0 completamente visibile sul prodotto. Consigliamo di modificare la grafica e di caricare un nuovo file. Se era tua intenzione avere il testo fuori dall\u2019area di stampa, ti preghiamo di informare il nostro team di Assistenza Clienti che approvi la stampa.<\/p>\n<\/div><\/div>\n\n\n\n<div class=\"wp-block-media-text is-stacked-on-mobile is-vertically-aligned-center\" style=\"grid-template-columns:15% auto\"><figure class=\"wp-block-media-text__media\"><img data-aspectratio=\"344\/344\" src=\"data:image\/gif;base64,R0lGODlhAQABAIAAAAAAAP\/\/\/yH5BAEAAAAALAAAAAABAAEAAAIBRAA7\" decoding=\"async\" width=\"344\" height=\"344\" data-src=\"https:\/\/www.showdowndisplays.eu\/wp-content\/uploads\/2024\/06\/OV_Icons_Errors-Blurry.png\" alt=\"\" class=\"wp-image-37055 size-full lazyload\" data-srcset=\"https:\/\/www.showdowndisplays.eu\/wp-content\/uploads\/2024\/06\/OV_Icons_Errors-Blurry.png 344w, https:\/\/www.showdowndisplays.eu\/wp-content\/uploads\/2024\/06\/OV_Icons_Errors-Blurry-270x270.png 270w, https:\/\/www.showdowndisplays.eu\/wp-content\/uploads\/2024\/06\/OV_Icons_Errors-Blurry-96x96.png 96w, https:\/\/www.showdowndisplays.eu\/wp-content\/uploads\/2024\/06\/OV_Icons_Errors-Blurry-200x200.png 200w\" sizes=\"(max-width: 344px) 100vw, 344px\" \/><noscript><img decoding=\"async\" width=\"344\" height=\"344\" src=\"https:\/\/www.showdowndisplays.eu\/wp-content\/uploads\/2024\/06\/OV_Icons_Errors-Blurry.png\" alt=\"\" class=\"wp-image-37055 size-full\" srcset=\"https:\/\/www.showdowndisplays.eu\/wp-content\/uploads\/2024\/06\/OV_Icons_Errors-Blurry.png 344w, https:\/\/www.showdowndisplays.eu\/wp-content\/uploads\/2024\/06\/OV_Icons_Errors-Blurry-270x270.png 270w, https:\/\/www.showdowndisplays.eu\/wp-content\/uploads\/2024\/06\/OV_Icons_Errors-Blurry-96x96.png 96w, https:\/\/www.showdowndisplays.eu\/wp-content\/uploads\/2024\/06\/OV_Icons_Errors-Blurry-200x200.png 200w\" sizes=\"(max-width: 344px) 100vw, 344px\" \/><\/noscript><\/figure><div class=\"wp-block-media-text__content\">\n<h3 class=\"wp-block-heading\">L\u2019immagine \u00e8 sfocata<\/h3>\n\n\n\n<p>La grafica caricata \u00e8 sfocata, quindi il risultato potrebbe essere una stampa poco nitida. Puoi approvare la grafica attuale. Se non avevi intenzione di caricare un\u2019immagine sfocata, ti preghiamo di caricare un nuovo file di stampa.<\/p>\n<\/div><\/div>\n\n\n\n<div class=\"wp-block-media-text is-stacked-on-mobile is-vertically-aligned-center\" style=\"grid-template-columns:15% auto\"><figure class=\"wp-block-media-text__media\"><img data-aspectratio=\"344\/344\" src=\"data:image\/gif;base64,R0lGODlhAQABAIAAAAAAAP\/\/\/yH5BAEAAAAALAAAAAABAAEAAAIBRAA7\" decoding=\"async\" width=\"344\" height=\"344\" data-src=\"https:\/\/www.showdowndisplays.eu\/wp-content\/uploads\/2024\/07\/OV_Icons_Errors-Backside_copied.png\" alt=\"\" class=\"wp-image-38778 size-full lazyload\" data-srcset=\"https:\/\/www.showdowndisplays.eu\/wp-content\/uploads\/2024\/07\/OV_Icons_Errors-Backside_copied.png 344w, https:\/\/www.showdowndisplays.eu\/wp-content\/uploads\/2024\/07\/OV_Icons_Errors-Backside_copied-270x270.png 270w, https:\/\/www.showdowndisplays.eu\/wp-content\/uploads\/2024\/07\/OV_Icons_Errors-Backside_copied-96x96.png 96w, https:\/\/www.showdowndisplays.eu\/wp-content\/uploads\/2024\/07\/OV_Icons_Errors-Backside_copied-200x200.png 200w\" sizes=\"(max-width: 344px) 100vw, 344px\" \/><noscript><img decoding=\"async\" width=\"344\" height=\"344\" src=\"https:\/\/www.showdowndisplays.eu\/wp-content\/uploads\/2024\/07\/OV_Icons_Errors-Backside_copied.png\" alt=\"\" class=\"wp-image-38778 size-full\" srcset=\"https:\/\/www.showdowndisplays.eu\/wp-content\/uploads\/2024\/07\/OV_Icons_Errors-Backside_copied.png 344w, https:\/\/www.showdowndisplays.eu\/wp-content\/uploads\/2024\/07\/OV_Icons_Errors-Backside_copied-270x270.png 270w, https:\/\/www.showdowndisplays.eu\/wp-content\/uploads\/2024\/07\/OV_Icons_Errors-Backside_copied-96x96.png 96w, https:\/\/www.showdowndisplays.eu\/wp-content\/uploads\/2024\/07\/OV_Icons_Errors-Backside_copied-200x200.png 200w\" sizes=\"(max-width: 344px) 100vw, 344px\" \/><\/noscript><\/figure><div class=\"wp-block-media-text__content\">\n<h3 class=\"wp-block-heading\">Retro copiato<\/h3>\n\n\n\n<p>Quando ordini un prodotto di stampa fronte-retro, il nostro centro stampa necessita di 2 pagine in 1 file, per poter stampare un lato anteriore e un lato posteriore. Quando carichi solo 1 file di pagina, creeremo una copia di questa pagina per te. In questo modo stamperemo la stessa grafica sia per il lato anteriore che per quello posteriore. Se per te va bene, approva la prova di stampa. Se desideri qualcosa di diverso sulla stampa sul retro, assicurati di caricare 1 file che contiene 2 pagine. Una pagina per la stampa sul fronte e una pagina per la stampa sul retro del prodotto. Questo non \u00e8 valido per la Beach Flag Fronte-retro; dovrai comunque caricare un PDF che contenga due pagine per la Beach Flag fronte-retro.<\/p>\n<\/div><\/div>\n\n\n\n<div class=\"wp-block-media-text is-stacked-on-mobile is-vertically-aligned-center\" style=\"grid-template-columns:15% auto\"><figure class=\"wp-block-media-text__media\"><img data-aspectratio=\"344\/344\" src=\"data:image\/gif;base64,R0lGODlhAQABAIAAAAAAAP\/\/\/yH5BAEAAAAALAAAAAABAAEAAAIBRAA7\" decoding=\"async\" width=\"344\" height=\"344\" data-src=\"https:\/\/www.showdowndisplays.eu\/wp-content\/uploads\/2024\/06\/OV_Icons_Errors-Wrong_size.png\" alt=\"\" class=\"wp-image-37079 size-full lazyload\" data-srcset=\"https:\/\/www.showdowndisplays.eu\/wp-content\/uploads\/2024\/06\/OV_Icons_Errors-Wrong_size.png 344w, https:\/\/www.showdowndisplays.eu\/wp-content\/uploads\/2024\/06\/OV_Icons_Errors-Wrong_size-270x270.png 270w, https:\/\/www.showdowndisplays.eu\/wp-content\/uploads\/2024\/06\/OV_Icons_Errors-Wrong_size-96x96.png 96w, https:\/\/www.showdowndisplays.eu\/wp-content\/uploads\/2024\/06\/OV_Icons_Errors-Wrong_size-200x200.png 200w\" sizes=\"(max-width: 344px) 100vw, 344px\" \/><noscript><img decoding=\"async\" width=\"344\" height=\"344\" src=\"https:\/\/www.showdowndisplays.eu\/wp-content\/uploads\/2024\/06\/OV_Icons_Errors-Wrong_size.png\" alt=\"\" class=\"wp-image-37079 size-full\" srcset=\"https:\/\/www.showdowndisplays.eu\/wp-content\/uploads\/2024\/06\/OV_Icons_Errors-Wrong_size.png 344w, https:\/\/www.showdowndisplays.eu\/wp-content\/uploads\/2024\/06\/OV_Icons_Errors-Wrong_size-270x270.png 270w, https:\/\/www.showdowndisplays.eu\/wp-content\/uploads\/2024\/06\/OV_Icons_Errors-Wrong_size-96x96.png 96w, https:\/\/www.showdowndisplays.eu\/wp-content\/uploads\/2024\/06\/OV_Icons_Errors-Wrong_size-200x200.png 200w\" sizes=\"(max-width: 344px) 100vw, 344px\" \/><\/noscript><\/figure><div class=\"wp-block-media-text__content\">\n<h3 class=\"wp-block-heading\">Formato sbagliato<\/h3>\n\n\n\n<p>La grafica caricata sembra avere misure diverse rispetto al modello di stampa per questo prodotto. Di conseguenza, non possiamo adattare la grafica al modello di stampa. Ti preghiamo di correggere il modello di stampa per il tuo prodotto di stampa, modifica la tua grafica di conseguenza, e carica un nuovo file di stampa. La nuova grafica sar\u00e0 verificata di nuovo dal nostro sistema automatico.<\/p>\n<\/div><\/div>\n\n\n\n<div class=\"wp-block-media-text is-stacked-on-mobile is-vertically-aligned-center\" style=\"grid-template-columns:15% auto\"><figure class=\"wp-block-media-text__media\"><img data-aspectratio=\"344\/344\" src=\"data:image\/gif;base64,R0lGODlhAQABAIAAAAAAAP\/\/\/yH5BAEAAAAALAAAAAABAAEAAAIBRAA7\" decoding=\"async\" width=\"344\" height=\"344\" data-src=\"https:\/\/www.showdowndisplays.eu\/wp-content\/uploads\/2024\/06\/OV_Icons_Errors-Missing_bleed.png\" alt=\"\" class=\"wp-image-37087 size-full lazyload\" data-srcset=\"https:\/\/www.showdowndisplays.eu\/wp-content\/uploads\/2024\/06\/OV_Icons_Errors-Missing_bleed.png 344w, https:\/\/www.showdowndisplays.eu\/wp-content\/uploads\/2024\/06\/OV_Icons_Errors-Missing_bleed-270x270.png 270w, https:\/\/www.showdowndisplays.eu\/wp-content\/uploads\/2024\/06\/OV_Icons_Errors-Missing_bleed-96x96.png 96w, https:\/\/www.showdowndisplays.eu\/wp-content\/uploads\/2024\/06\/OV_Icons_Errors-Missing_bleed-200x200.png 200w\" sizes=\"(max-width: 344px) 100vw, 344px\" \/><noscript><img decoding=\"async\" width=\"344\" height=\"344\" src=\"https:\/\/www.showdowndisplays.eu\/wp-content\/uploads\/2024\/06\/OV_Icons_Errors-Missing_bleed.png\" alt=\"\" class=\"wp-image-37087 size-full\" srcset=\"https:\/\/www.showdowndisplays.eu\/wp-content\/uploads\/2024\/06\/OV_Icons_Errors-Missing_bleed.png 344w, https:\/\/www.showdowndisplays.eu\/wp-content\/uploads\/2024\/06\/OV_Icons_Errors-Missing_bleed-270x270.png 270w, https:\/\/www.showdowndisplays.eu\/wp-content\/uploads\/2024\/06\/OV_Icons_Errors-Missing_bleed-96x96.png 96w, https:\/\/www.showdowndisplays.eu\/wp-content\/uploads\/2024\/06\/OV_Icons_Errors-Missing_bleed-200x200.png 200w\" sizes=\"(max-width: 344px) 100vw, 344px\" \/><\/noscript><\/figure><div class=\"wp-block-media-text__content\">\n<h3 class=\"wp-block-heading\">Manca la sbordatura<\/h3>\n\n\n\n<p>Durante la verifica manuale del nostro specialista di stampa, abbiamo notato che manca la sbordatura. Lo sfondo deve essere esteso all\u2019area dei bordi come indicato nel modello. La sbordatura \u00e8 necessaria per assicurare che la stampa copra l\u2019intera area senza linee bianche alle estremit\u00e0. Se le estremit\u00e0 dovessero rimanere bianche, ti chiediamo gentilmente di includere uno strato bianco esteso ai bordi. Per assicurare che la tua stampa sia del colore corretto e completamente esteso ai bordi, ti preghiamo di modificare di conseguenza la tua grafica e di caricare un nuovo file di stampa.<\/p>\n<\/div><\/div>\n<\/div><\/div>\n","protected":false},"excerpt":{"rendered":"<p>L\u2019immagine \u00e8 pixelata &gt; 150 DPI I DPI della grafica caricata sono inferiori a 150. Una volta stampata, potrebbe sembrare&#8230;<\/p>\n","protected":false},"author":5,"featured_media":0,"parent":0,"menu_order":0,"comment_status":"closed","ping_status":"closed","template":"","meta":{"_acf_changed":false,"footnotes":""},"class_list":["post-37344","page","type-page","status-publish","hentry"],"acf":[],"_links":{"self":[{"href":"https:\/\/www.showdowndisplays.eu\/it\/wp-json\/wp\/v2\/pages\/37344","targetHints":{"allow":["GET"]}}],"collection":[{"href":"https:\/\/www.showdowndisplays.eu\/it\/wp-json\/wp\/v2\/pages"}],"about":[{"href":"https:\/\/www.showdowndisplays.eu\/it\/wp-json\/wp\/v2\/types\/page"}],"author":[{"embeddable":true,"href":"https:\/\/www.showdowndisplays.eu\/it\/wp-json\/wp\/v2\/users\/5"}],"replies":[{"embeddable":true,"href":"https:\/\/www.showdowndisplays.eu\/it\/wp-json\/wp\/v2\/comments?post=37344"}],"version-history":[{"count":3,"href":"https:\/\/www.showdowndisplays.eu\/it\/wp-json\/wp\/v2\/pages\/37344\/revisions"}],"predecessor-version":[{"id":39421,"href":"https:\/\/www.showdowndisplays.eu\/it\/wp-json\/wp\/v2\/pages\/37344\/revisions\/39421"}],"wp:attachment":[{"href":"https:\/\/www.showdowndisplays.eu\/it\/wp-json\/wp\/v2\/media?parent=37344"}],"curies":[{"name":"wp","href":"https:\/\/api.w.org\/{rel}","templated":true}]}}