{"id":27632,"date":"2023-04-20T08:52:43","date_gmt":"2023-04-20T08:52:43","guid":{"rendered":"https:\/\/www.showdowndisplays.eu\/?page_id=27632"},"modified":"2025-10-17T13:05:09","modified_gmt":"2025-10-17T13:05:09","slug":"automazione-e-facile-online","status":"publish","type":"page","link":"https:\/\/www.showdowndisplays.eu\/it\/marketing-support\/automazione-e-facile-online\/","title":{"rendered":"Caricamento semplice e automatizzato sul webshop"},"content":{"rendered":"\n<div class=\"wp-block-group block-white-background\"><div class=\"wp-block-group__inner-container is-layout-flow wp-block-group-is-layout-flow\">\n<div class=\"wp-block-group\"><div class=\"wp-block-group__inner-container is-layout-flow wp-block-group-is-layout-flow\">\n<h2 class=\"wp-block-heading\">Pacchetto dati dei prodotti<\/h2>\n\n\n\n<p>Sulla nostra piattaforma online per rivenditori potete scaricare tutte le informazioni sui prodotti di cui avete bisogno per aggiungerli facilmente al vostro sito web o shop online.Ma per semplificare al massimo le cose, \u00e8 possibile richiedere tutte le informazioni sui prodotti tramite il nostro Pacchetto dati dei prodotti.<\/p>\n\n\n\n<div class=\"wp-block-columns is-layout-flex wp-container-core-columns-is-layout-9d6595d7 wp-block-columns-is-layout-flex\">\n<div class=\"wp-block-column is-layout-flow wp-block-column-is-layout-flow\">\n<p>Il pacchetto dati dei prodotti contiene:<\/p>\n\n\n\n<ul class=\"wp-block-list\">\n<li>Dati dei prodotti dei nostri hardware, accessori e prodotti di stampa<\/li>\n\n\n\n<li>Codici SKU, EAN e le caratteristiche dei prodotti<\/li>\n\n\n\n<li>Testi neutrali sui prodotti commerciali<\/li>\n\n\n\n<li>Link alle foto dei prodotti, scaricabili dal server dedicato alle immagini<\/li>\n\n\n\n<li>Lista dei prezzi<\/li>\n<\/ul>\n\n\n\n<div class=\"wp-block-buttons is-layout-flex wp-block-buttons-is-layout-flex\">\n<div class=\"wp-block-button\"><a class=\"wp-block-button__link wp-element-button\" href=\"https:\/\/www.showdowndisplays.eu\/it\/request-product-data-package\/\" target=\"_blank\" rel=\"noreferrer noopener\">Ordinate il pacchetto dati dei prodotti<\/a><\/div>\n<\/div>\n<\/div>\n\n\n\n<div class=\"wp-block-column is-layout-flow wp-block-column-is-layout-flow\"><div class=\"wp-block-image\">\n<figure class=\"aligncenter size-large is-resized\"><img data-aspectratio=\"1024\/1024\" src=\"data:image\/gif;base64,R0lGODlhAQABAIAAAAAAAP\/\/\/yH5BAEAAAAALAAAAAABAAEAAAIBRAA7\" decoding=\"async\" width=\"1024\" height=\"1024\" data-src=\"https:\/\/www.showdowndisplays.eu\/wp-content\/uploads\/2021\/08\/download-1915753_1280-1024x1024.png\" alt=\"\" class=\"wp-image-13315 lazyload\" style=\"width:227px;height:227px\" data-srcset=\"https:\/\/www.showdowndisplays.eu\/wp-content\/uploads\/2021\/08\/download-1915753_1280-1024x1024.png 1024w, https:\/\/www.showdowndisplays.eu\/wp-content\/uploads\/2021\/08\/download-1915753_1280-270x270.png 270w, https:\/\/www.showdowndisplays.eu\/wp-content\/uploads\/2021\/08\/download-1915753_1280-768x768.png 768w, https:\/\/www.showdowndisplays.eu\/wp-content\/uploads\/2021\/08\/download-1915753_1280-380x380.png 380w, https:\/\/www.showdowndisplays.eu\/wp-content\/uploads\/2021\/08\/download-1915753_1280-96x96.png 96w, https:\/\/www.showdowndisplays.eu\/wp-content\/uploads\/2021\/08\/download-1915753_1280-200x200.png 200w, https:\/\/www.showdowndisplays.eu\/wp-content\/uploads\/2021\/08\/download-1915753_1280.png 1280w\" sizes=\"(max-width: 1024px) 100vw, 1024px\" \/><noscript><img decoding=\"async\" width=\"1024\" height=\"1024\" src=\"https:\/\/www.showdowndisplays.eu\/wp-content\/uploads\/2021\/08\/download-1915753_1280-1024x1024.png\" alt=\"\" class=\"wp-image-13315\" style=\"width:227px;height:227px\" srcset=\"https:\/\/www.showdowndisplays.eu\/wp-content\/uploads\/2021\/08\/download-1915753_1280-1024x1024.png 1024w, https:\/\/www.showdowndisplays.eu\/wp-content\/uploads\/2021\/08\/download-1915753_1280-270x270.png 270w, https:\/\/www.showdowndisplays.eu\/wp-content\/uploads\/2021\/08\/download-1915753_1280-768x768.png 768w, https:\/\/www.showdowndisplays.eu\/wp-content\/uploads\/2021\/08\/download-1915753_1280-380x380.png 380w, https:\/\/www.showdowndisplays.eu\/wp-content\/uploads\/2021\/08\/download-1915753_1280-96x96.png 96w, https:\/\/www.showdowndisplays.eu\/wp-content\/uploads\/2021\/08\/download-1915753_1280-200x200.png 200w, https:\/\/www.showdowndisplays.eu\/wp-content\/uploads\/2021\/08\/download-1915753_1280.png 1280w\" sizes=\"(max-width: 1024px) 100vw, 1024px\" \/><\/noscript><\/figure>\n<\/div>\n\n\n\n<\/div>\n<\/div>\n<\/div><\/div>\n\n\n\n\n<\/div><\/div>\n\n\n\n<div class=\"wp-block-group alignwide\"><div class=\"wp-block-group__inner-container is-layout-constrained wp-block-group-is-layout-constrained\">\n<div class=\"wp-block-group alignwide image-text-2\"><div class=\"wp-block-group__inner-container is-layout-constrained wp-block-group-is-layout-constrained\">\n<div class=\"wp-block-group alignwide block-white-background\"><div class=\"wp-block-group__inner-container is-layout-constrained wp-block-group-is-layout-constrained\">\n<h2 class=\"wp-block-heading\">Connessione API<\/h2>\n\n\n\n<p>Vorreste automatizzare e accelerare il processo di ordinazione? In questo caso abbiamo la soluzione ideale per voi! Vi proponiamo una soluzione &#8220;Order API&#8221; molto semplice, per collegare il vostro sistema ERP o il vostro webshop, al nostro. In tal modo possiamo gestire i vostri ordini molto pi\u00f9 rapidamente e potrete fornire ai vostri clienti aggiornamenti sull&#8217;ordine o sul tracking nel momento in cui spediremo l&#8217;ordine. \u00c8 semplice, non \u00e8 vero?<\/p>\n\n\n\n<div class=\"wp-block-media-text alignwide is-stacked-on-mobile\" style=\"grid-template-columns:42% auto\"><figure class=\"wp-block-media-text__media\"><img data-aspectratio=\"580\/387\" src=\"data:image\/gif;base64,R0lGODlhAQABAIAAAAAAAP\/\/\/yH5BAEAAAAALAAAAAABAAEAAAIBRAA7\" decoding=\"async\" width=\"580\" height=\"387\" data-src=\"https:\/\/www.showdowndisplays.eu\/wp-content\/uploads\/2023\/04\/API_Connection-1.jpg\" alt=\"\" class=\"wp-image-27607 size-full lazyload\" data-srcset=\"https:\/\/www.showdowndisplays.eu\/wp-content\/uploads\/2023\/04\/API_Connection-1.jpg 580w, https:\/\/www.showdowndisplays.eu\/wp-content\/uploads\/2023\/04\/API_Connection-1-405x270.jpg 405w, https:\/\/www.showdowndisplays.eu\/wp-content\/uploads\/2023\/04\/API_Connection-1-380x254.jpg 380w, https:\/\/www.showdowndisplays.eu\/wp-content\/uploads\/2023\/04\/API_Connection-1-96x64.jpg 96w, https:\/\/www.showdowndisplays.eu\/wp-content\/uploads\/2023\/04\/API_Connection-1-200x133.jpg 200w\" sizes=\"(max-width: 580px) 100vw, 580px\" \/><noscript><img decoding=\"async\" width=\"580\" height=\"387\" src=\"https:\/\/www.showdowndisplays.eu\/wp-content\/uploads\/2023\/04\/API_Connection-1.jpg\" alt=\"\" class=\"wp-image-27607 size-full\" srcset=\"https:\/\/www.showdowndisplays.eu\/wp-content\/uploads\/2023\/04\/API_Connection-1.jpg 580w, https:\/\/www.showdowndisplays.eu\/wp-content\/uploads\/2023\/04\/API_Connection-1-405x270.jpg 405w, https:\/\/www.showdowndisplays.eu\/wp-content\/uploads\/2023\/04\/API_Connection-1-380x254.jpg 380w, https:\/\/www.showdowndisplays.eu\/wp-content\/uploads\/2023\/04\/API_Connection-1-96x64.jpg 96w, https:\/\/www.showdowndisplays.eu\/wp-content\/uploads\/2023\/04\/API_Connection-1-200x133.jpg 200w\" sizes=\"(max-width: 580px) 100vw, 580px\" \/><\/noscript><\/figure><div class=\"wp-block-media-text__content\">\n<p>La nostra priorit\u00e0 \u00e8 quella di collaborare con un servizio di qualit\u00e0 e di essere un partner affidabile. Siamo la vostra destinazione ideale per un acquisto unico con spedizioni neutre direttamente al vostro cliente. Una connessione API direttamente collegata al vostro sistema ERP \u00e8 una delle possibilit\u00e0 che offriamo per facilitare, velocizzare e rendere fluido questo lavoro!&nbsp;<\/p>\n<\/div><\/div>\n\n\n\n\n\n\n\n<p><strong>Come funziona ?<\/strong><\/p>\n\n\n\n<ol class=\"wp-block-list\">\n<li>Spedite il vostro ordine attraverso la connessione API dal vostro sistema ERP o dal vostro sito web al nostro sistema ERP<\/li>\n\n\n\n<li>Processiamo l&#8217;ordine e lo spediamo. Siamo in grado di spedirlo in modo neutro direttamente al vostro cliente o al vostro magazzino<\/li>\n\n\n\n<li>Vi forniremo lo stato aggiornato dell&#8217;ordine e la sua tracciabilit\u00e0<\/li>\n\n\n\n<li>L&#8217;ordine viene consegnato a voi o al vostro cliente il pi\u00f9 rapidamente possibile<\/li>\n<\/ol>\n\n\n\n<p>Vorreste ricevere maggiori informazioni sul sistema API e le possibilit\u00e0 relative all&#8217;automatizzazione? Il vostro commerciale di riferimento sar\u00e0 lieto di discutere con voi di tali possibilit\u00e0!<\/p>\n\n\n\n<p><em>Per poter discutere dell&#8217;integrazione di una connessione API, il volume degli ordini deve essere di almeno 300 all&#8217;anno.<\/em><\/p>\n\n\n\n<div class=\"wp-block-buttons is-layout-flex wp-block-buttons-is-layout-flex\">\n<div class=\"wp-block-button\"><a class=\"wp-block-button__link wp-element-button\" href=\"mailto:quotation@showdowndisplays.eu\" target=\"_blank\" rel=\"noreferrer noopener\">Chiedete informazioni sulla connessione API<\/a><\/div>\n<\/div>\n<\/div><\/div>\n<\/div><\/div>\n<\/div><\/div>\n\n\n\n\n\n\n\n<div class=\"wp-block-media-text alignwide is-stacked-on-mobile\"><figure class=\"wp-block-media-text__media\"><\/figure><div class=\"wp-block-media-text__content\">\n\n<\/div><\/div>\n\n\n\n<div class=\"wp-block-media-text alignwide is-stacked-on-mobile\"><figure class=\"wp-block-media-text__media\"><\/figure><div class=\"wp-block-media-text__content\">\n\n<\/div><\/div>\n","protected":false},"excerpt":{"rendered":"<p>Pacchetto dati dei prodotti Sulla nostra piattaforma online per rivenditori potete scaricare tutte le informazioni sui prodotti di cui avete&#8230;<\/p>\n","protected":false},"author":5,"featured_media":0,"parent":21835,"menu_order":0,"comment_status":"closed","ping_status":"closed","template":"","meta":{"_acf_changed":false,"footnotes":""},"class_list":["post-27632","page","type-page","status-publish","hentry"],"acf":[],"_links":{"self":[{"href":"https:\/\/www.showdowndisplays.eu\/it\/wp-json\/wp\/v2\/pages\/27632","targetHints":{"allow":["GET"]}}],"collection":[{"href":"https:\/\/www.showdowndisplays.eu\/it\/wp-json\/wp\/v2\/pages"}],"about":[{"href":"https:\/\/www.showdowndisplays.eu\/it\/wp-json\/wp\/v2\/types\/page"}],"author":[{"embeddable":true,"href":"https:\/\/www.showdowndisplays.eu\/it\/wp-json\/wp\/v2\/users\/5"}],"replies":[{"embeddable":true,"href":"https:\/\/www.showdowndisplays.eu\/it\/wp-json\/wp\/v2\/comments?post=27632"}],"version-history":[{"count":6,"href":"https:\/\/www.showdowndisplays.eu\/it\/wp-json\/wp\/v2\/pages\/27632\/revisions"}],"predecessor-version":[{"id":49278,"href":"https:\/\/www.showdowndisplays.eu\/it\/wp-json\/wp\/v2\/pages\/27632\/revisions\/49278"}],"up":[{"embeddable":true,"href":"https:\/\/www.showdowndisplays.eu\/it\/wp-json\/wp\/v2\/pages\/21835"}],"wp:attachment":[{"href":"https:\/\/www.showdowndisplays.eu\/it\/wp-json\/wp\/v2\/media?parent=27632"}],"curies":[{"name":"wp","href":"https:\/\/api.w.org\/{rel}","templated":true}]}}