{"id":21863,"date":"2021-02-25T14:22:52","date_gmt":"2021-02-25T14:22:52","guid":{"rendered":"https:\/\/www.showdowndisplays.eu\/marketing-support\/product-photos-and-videos\/"},"modified":"2022-06-02T11:40:15","modified_gmt":"2022-06-02T11:40:15","slug":"product-photos-and-videos","status":"publish","type":"page","link":"https:\/\/www.showdowndisplays.eu\/it\/marketing-support\/product-photos-and-videos\/","title":{"rendered":"Foto e video dei prodotti"},"content":{"rendered":"\n<div class=\"wp-block-media-text alignwide is-stacked-on-mobile is-image-fill image-text-2\"><figure class=\"wp-block-media-text__media\" style=\"background-image:url(https:\/\/www.showdowndisplays.eu\/wp-content\/uploads\/2021\/08\/Product-images-3-2.png);background-position:50% 50%\"><img data-aspectratio=\"655\/682\" src=\"data:image\/gif;base64,R0lGODlhAQABAIAAAAAAAP\/\/\/yH5BAEAAAAALAAAAAABAAEAAAIBRAA7\" decoding=\"async\" width=\"655\" height=\"682\" data-src=\"https:\/\/www.showdowndisplays.eu\/wp-content\/uploads\/2021\/08\/Product-images-3-2.png\" alt=\"\" class=\"wp-image-13425 size-full lazyload\" data-srcset=\"https:\/\/www.showdowndisplays.eu\/wp-content\/uploads\/2021\/08\/Product-images-3-2.png 655w, https:\/\/www.showdowndisplays.eu\/wp-content\/uploads\/2021\/08\/Product-images-3-2-259x270.png 259w, https:\/\/www.showdowndisplays.eu\/wp-content\/uploads\/2021\/08\/Product-images-3-2-380x396.png 380w, https:\/\/www.showdowndisplays.eu\/wp-content\/uploads\/2021\/08\/Product-images-3-2-96x100.png 96w, https:\/\/www.showdowndisplays.eu\/wp-content\/uploads\/2021\/08\/Product-images-3-2-192x200.png 192w\" sizes=\"(max-width: 655px) 100vw, 655px\" \/><noscript><img decoding=\"async\" width=\"655\" height=\"682\" src=\"https:\/\/www.showdowndisplays.eu\/wp-content\/uploads\/2021\/08\/Product-images-3-2.png\" alt=\"\" class=\"wp-image-13425 size-full\" srcset=\"https:\/\/www.showdowndisplays.eu\/wp-content\/uploads\/2021\/08\/Product-images-3-2.png 655w, https:\/\/www.showdowndisplays.eu\/wp-content\/uploads\/2021\/08\/Product-images-3-2-259x270.png 259w, https:\/\/www.showdowndisplays.eu\/wp-content\/uploads\/2021\/08\/Product-images-3-2-380x396.png 380w, https:\/\/www.showdowndisplays.eu\/wp-content\/uploads\/2021\/08\/Product-images-3-2-96x100.png 96w, https:\/\/www.showdowndisplays.eu\/wp-content\/uploads\/2021\/08\/Product-images-3-2-192x200.png 192w\" sizes=\"(max-width: 655px) 100vw, 655px\" \/><\/noscript><\/figure><div class=\"wp-block-media-text__content\">\n<h2 class=\"wp-block-heading\">Foto dei prodotti<\/h2>\n\n\n\n<p>Un&#8217;immagine \u00e8 pi\u00f9 efficace di mille parole. Ecco perch\u00e9 disponiamo di una serie di foto neutre per ogni prodotto che potete utilizzare per le promozioni sulla vostra piattaforma.Potete trovarle sul nostro sito web sulla pagina del prodotto in questione, ma anche nella nostra banca di immagini. Con queste foto mostriamo una panoramica generale di ogni prodotto, ma ci concentriamo anche sui dettagli. Perch\u00e9 siamo coscienti che possono fare la differenza.<\/p>\n\n\n\n<p>Potete scaricare queste foto dei prodotti sul nostro server di immagini e metterle sul vostro sito web\/negozio web tramite il nostro <strong>Paccchetto Dati Prodotto<\/strong>. Richiedetelo pi\u00f9 in basso!<\/p>\n\n\n\n<div class=\"wp-block-buttons is-layout-flex wp-block-buttons-is-layout-flex\">\n<div class=\"wp-block-button\"><a class=\"wp-block-button__link\" href=\"mailto:orders@showdowndisplays.eu\">Richiedete il pacchetto di dati prodotto<\/a><\/div>\n<\/div>\n\n\n\n<div style=\"height:20px\" aria-hidden=\"true\" class=\"wp-block-spacer\"><\/div>\n<\/div><\/div>\n\n\n\n<div class=\"wp-block-columns block-white-background is-layout-flex wp-container-core-columns-is-layout-9d6595d7 wp-block-columns-is-layout-flex\">\n<div class=\"wp-block-column is-layout-flow wp-block-column-is-layout-flow\">\n<h2 class=\"wp-block-heading\">Video promozionali e didattici<\/h2>\n\n\n\n<p>Oltre alle nostre foto dei prodotti, siamo attualmente impegnati ad espandere la nostra collezione di video didattici e promozionali. I nostri video didattici mostrano l&#8217;installazione del prodotto, mentre i nostri video promozionali mostrano ci\u00f2 che il prodotto ha da offrire e come pu\u00f2 essere utilizzato.Affinch\u00e9 il prodotto sia messo in evidenza in modo migliore. Le possibilit\u00e0 sono infinite!<\/p>\n\n\n\n<div class=\"wp-block-buttons is-layout-flex wp-block-buttons-is-layout-flex\">\n<div class=\"wp-block-button\"><a class=\"wp-block-button__link\" href=\"https:\/\/www.showdowndisplays.eu\/it\/marketing-support\/instructional-videos\/\" target=\"_blank\" rel=\"noreferrer noopener\">Guardate i nostri video didattici e promozionali<\/a><\/div>\n<\/div>\n<\/div>\n\n\n\n<div class=\"wp-block-column is-layout-flow wp-block-column-is-layout-flow\">\n<figure class=\"wp-block-embed is-type-video is-provider-vimeo wp-block-embed-vimeo wp-embed-aspect-16-9 wp-has-aspect-ratio\"><div class=\"wp-block-embed__wrapper\">\n<iframe loading=\"lazy\" title=\"Kids Sanitisers\" src=\"https:\/\/player.vimeo.com\/video\/472185909?dnt=1&amp;app_id=122963\" width=\"500\" height=\"281\" frameborder=\"0\" allow=\"autoplay; fullscreen; picture-in-picture; clipboard-write\"><\/iframe>\n<\/div><\/figure>\n<\/div>\n<\/div>\n\n\n\n<div class=\"wp-block-media-text alignwide is-stacked-on-mobile is-image-fill image-text-2\"><figure class=\"wp-block-media-text__media\" style=\"background-image:url(https:\/\/www.showdowndisplays.eu\/wp-content\/uploads\/2021\/04\/SDE_banner_DISHOP_1_1200x700-1024x597.jpg);background-position:50% 50%\"><img data-aspectratio=\"1024\/597\" src=\"data:image\/gif;base64,R0lGODlhAQABAIAAAAAAAP\/\/\/yH5BAEAAAAALAAAAAABAAEAAAIBRAA7\" decoding=\"async\" width=\"1024\" height=\"597\" data-src=\"https:\/\/www.showdowndisplays.eu\/wp-content\/uploads\/2021\/04\/SDE_banner_DISHOP_1_1200x700-1024x597.jpg\" alt=\"\" class=\"wp-image-9194 size-full lazyload\" data-srcset=\"https:\/\/www.showdowndisplays.eu\/wp-content\/uploads\/2021\/04\/SDE_banner_DISHOP_1_1200x700-1024x597.jpg 1024w, https:\/\/www.showdowndisplays.eu\/wp-content\/uploads\/2021\/04\/SDE_banner_DISHOP_1_1200x700-463x270.jpg 463w, https:\/\/www.showdowndisplays.eu\/wp-content\/uploads\/2021\/04\/SDE_banner_DISHOP_1_1200x700-768x448.jpg 768w, https:\/\/www.showdowndisplays.eu\/wp-content\/uploads\/2021\/04\/SDE_banner_DISHOP_1_1200x700-380x222.jpg 380w, https:\/\/www.showdowndisplays.eu\/wp-content\/uploads\/2021\/04\/SDE_banner_DISHOP_1_1200x700-96x56.jpg 96w, https:\/\/www.showdowndisplays.eu\/wp-content\/uploads\/2021\/04\/SDE_banner_DISHOP_1_1200x700-200x117.jpg 200w, https:\/\/www.showdowndisplays.eu\/wp-content\/uploads\/2021\/04\/SDE_banner_DISHOP_1_1200x700.jpg 1200w\" sizes=\"(max-width: 1024px) 100vw, 1024px\" \/><noscript><img decoding=\"async\" width=\"1024\" height=\"597\" src=\"https:\/\/www.showdowndisplays.eu\/wp-content\/uploads\/2021\/04\/SDE_banner_DISHOP_1_1200x700-1024x597.jpg\" alt=\"\" class=\"wp-image-9194 size-full\" srcset=\"https:\/\/www.showdowndisplays.eu\/wp-content\/uploads\/2021\/04\/SDE_banner_DISHOP_1_1200x700-1024x597.jpg 1024w, https:\/\/www.showdowndisplays.eu\/wp-content\/uploads\/2021\/04\/SDE_banner_DISHOP_1_1200x700-463x270.jpg 463w, https:\/\/www.showdowndisplays.eu\/wp-content\/uploads\/2021\/04\/SDE_banner_DISHOP_1_1200x700-768x448.jpg 768w, https:\/\/www.showdowndisplays.eu\/wp-content\/uploads\/2021\/04\/SDE_banner_DISHOP_1_1200x700-380x222.jpg 380w, https:\/\/www.showdowndisplays.eu\/wp-content\/uploads\/2021\/04\/SDE_banner_DISHOP_1_1200x700-96x56.jpg 96w, https:\/\/www.showdowndisplays.eu\/wp-content\/uploads\/2021\/04\/SDE_banner_DISHOP_1_1200x700-200x117.jpg 200w, https:\/\/www.showdowndisplays.eu\/wp-content\/uploads\/2021\/04\/SDE_banner_DISHOP_1_1200x700.jpg 1200w\" sizes=\"(max-width: 1024px) 100vw, 1024px\" \/><\/noscript><\/figure><div class=\"wp-block-media-text__content\">\n<h2 class=\"wp-block-heading\">Immagini in alta risoluzione per la stampa<\/h2>\n\n\n\n<p>Le nostre foto dei prodotti sono disponibili in varie risoluzioni.Le foto che troverete sulla nostra piattaforma web sono perfettamente adatte all&#8217;uso online.Volete stampare le immagini, come ad esempio per un catalogo? Allora approfittate delle nostre immagini ad alta risoluzione per ottenere la migliore qualit\u00e0.<\/p>\n\n\n\n<div class=\"wp-block-buttons is-layout-flex wp-block-buttons-is-layout-flex\">\n<div class=\"wp-block-button\"><a class=\"wp-block-button__link\" href=\"mailto:marketing@showdowndisplays.eu\">Richiedete le nostre immagine ad alta risoluzione<\/a><\/div>\n<\/div>\n<\/div><\/div>\n\n\n\n<div style=\"height:20px\" aria-hidden=\"true\" class=\"wp-block-spacer\"><\/div>\n\n\n\n<h2 class=\"has-text-align-center wp-block-heading\">Pagine correlate<\/h2>\n\n\n    <div class=\"marketing\">\r\n                                <div class=\"marketing__item marketing__item--4\">\r\n\r\n                <div class=\"marketing__image\">\r\n                    <img data-aspectratio=\"380\/241\" decoding=\"async\" width=\"380\" height=\"241\" data-aspectratio=\"380\/241\" src=\"data:image\/gif;base64,R0lGODlhAQABAIAAAAAAAP\/\/\/yH5BAEAAAAALAAAAAABAAEAAAIBRAA7\" data-src=\"https:\/\/www.showdowndisplays.eu\/wp-content\/uploads\/2021\/01\/Your-own-catalogue-and-brochures-3-380x241.png\" class=\"attachment-about-us size-about-us lazyload\" alt=\" width\" data-srcset=\"https:\/\/www.showdowndisplays.eu\/wp-content\/uploads\/2021\/01\/Your-own-catalogue-and-brochures-3-380x241.png 380w, https:\/\/www.showdowndisplays.eu\/wp-content\/uploads\/2021\/01\/Your-own-catalogue-and-brochures-3-425x270.png 425w, https:\/\/www.showdowndisplays.eu\/wp-content\/uploads\/2021\/01\/Your-own-catalogue-and-brochures-3-1024x650.png 1024w, https:\/\/www.showdowndisplays.eu\/wp-content\/uploads\/2021\/01\/Your-own-catalogue-and-brochures-3-768x488.png 768w, https:\/\/www.showdowndisplays.eu\/wp-content\/uploads\/2021\/01\/Your-own-catalogue-and-brochures-3-1536x975.png 1536w, https:\/\/www.showdowndisplays.eu\/wp-content\/uploads\/2021\/01\/Your-own-catalogue-and-brochures-3-96x61.png 96w, https:\/\/www.showdowndisplays.eu\/wp-content\/uploads\/2021\/01\/Your-own-catalogue-and-brochures-3-200x127.png 200w, https:\/\/www.showdowndisplays.eu\/wp-content\/uploads\/2021\/01\/Your-own-catalogue-and-brochures-3.png 1575w\" sizes=\"(max-width: 380px) 100vw, 380px\" \/><noscript><img decoding=\"async\" width=\"380\" height=\"241\" data-aspectratio=\"380\/241\" src=\"data:image\/gif;base64,R0lGODlhAQABAIAAAAAAAP\/\/\/yH5BAEAAAAALAAAAAABAAEAAAIBRAA7\" data-src=\"https:\/\/www.showdowndisplays.eu\/wp-content\/uploads\/2021\/01\/Your-own-catalogue-and-brochures-3-380x241.png\" class=\"attachment-about-us size-about-us lazyload\" alt=\" width\" data-srcset=\"https:\/\/www.showdowndisplays.eu\/wp-content\/uploads\/2021\/01\/Your-own-catalogue-and-brochures-3-380x241.png 380w, https:\/\/www.showdowndisplays.eu\/wp-content\/uploads\/2021\/01\/Your-own-catalogue-and-brochures-3-425x270.png 425w, https:\/\/www.showdowndisplays.eu\/wp-content\/uploads\/2021\/01\/Your-own-catalogue-and-brochures-3-1024x650.png 1024w, https:\/\/www.showdowndisplays.eu\/wp-content\/uploads\/2021\/01\/Your-own-catalogue-and-brochures-3-768x488.png 768w, https:\/\/www.showdowndisplays.eu\/wp-content\/uploads\/2021\/01\/Your-own-catalogue-and-brochures-3-1536x975.png 1536w, https:\/\/www.showdowndisplays.eu\/wp-content\/uploads\/2021\/01\/Your-own-catalogue-and-brochures-3-96x61.png 96w, https:\/\/www.showdowndisplays.eu\/wp-content\/uploads\/2021\/01\/Your-own-catalogue-and-brochures-3-200x127.png 200w, https:\/\/www.showdowndisplays.eu\/wp-content\/uploads\/2021\/01\/Your-own-catalogue-and-brochures-3.png 1575w\" sizes=\"(max-width: 380px) 100vw, 380px\" \/><\/noscript>                <\/div>\r\n                <div class=\"marketing__content-wrapper global-style\">\r\n                                            <div class=\"marketing__title-wrapper\">\r\n                            <h3>Il vostro catalogo e i vostri opuscoli  <\/h3>\r\n                        <\/div>\r\n                                        <div class=\"marketing__content\">\r\n                                            <\/div>\r\n                <\/div>\r\n\r\n                                    <a href=\"https:\/\/www.showdowndisplays.eu\/marketing-support\/your-own-catalogue-and-brochures\/\"  class=\"marketing__read-more link-with-arrow link-with-arrow--blue\">Per saperne di pi\u00fa<\/a>\r\n                \r\n            <\/div>\r\n\r\n                                <div class=\"marketing__item marketing__item--4\">\r\n\r\n                <div class=\"marketing__image\">\r\n                    <img data-aspectratio=\"380\/238\" decoding=\"async\" width=\"380\" height=\"238\" data-aspectratio=\"380\/238\" src=\"data:image\/gif;base64,R0lGODlhAQABAIAAAAAAAP\/\/\/yH5BAEAAAAALAAAAAABAAEAAAIBRAA7\" data-src=\"https:\/\/www.showdowndisplays.eu\/wp-content\/uploads\/2021\/02\/20210113-Sample-box-4-380x238.jpg\" class=\"attachment-about-us size-about-us lazyload\" alt=\" width\" data-srcset=\"https:\/\/www.showdowndisplays.eu\/wp-content\/uploads\/2021\/02\/20210113-Sample-box-4-380x238.jpg 380w, https:\/\/www.showdowndisplays.eu\/wp-content\/uploads\/2021\/02\/20210113-Sample-box-4-431x270.jpg 431w, https:\/\/www.showdowndisplays.eu\/wp-content\/uploads\/2021\/02\/20210113-Sample-box-4-768x481.jpg 768w, https:\/\/www.showdowndisplays.eu\/wp-content\/uploads\/2021\/02\/20210113-Sample-box-4-96x60.jpg 96w, https:\/\/www.showdowndisplays.eu\/wp-content\/uploads\/2021\/02\/20210113-Sample-box-4-200x125.jpg 200w, https:\/\/www.showdowndisplays.eu\/wp-content\/uploads\/2021\/02\/20210113-Sample-box-4.jpg 896w\" sizes=\"(max-width: 380px) 100vw, 380px\" \/><noscript><img decoding=\"async\" width=\"380\" height=\"238\" data-aspectratio=\"380\/238\" src=\"data:image\/gif;base64,R0lGODlhAQABAIAAAAAAAP\/\/\/yH5BAEAAAAALAAAAAABAAEAAAIBRAA7\" data-src=\"https:\/\/www.showdowndisplays.eu\/wp-content\/uploads\/2021\/02\/20210113-Sample-box-4-380x238.jpg\" class=\"attachment-about-us size-about-us lazyload\" alt=\" width\" data-srcset=\"https:\/\/www.showdowndisplays.eu\/wp-content\/uploads\/2021\/02\/20210113-Sample-box-4-380x238.jpg 380w, https:\/\/www.showdowndisplays.eu\/wp-content\/uploads\/2021\/02\/20210113-Sample-box-4-431x270.jpg 431w, https:\/\/www.showdowndisplays.eu\/wp-content\/uploads\/2021\/02\/20210113-Sample-box-4-768x481.jpg 768w, https:\/\/www.showdowndisplays.eu\/wp-content\/uploads\/2021\/02\/20210113-Sample-box-4-96x60.jpg 96w, https:\/\/www.showdowndisplays.eu\/wp-content\/uploads\/2021\/02\/20210113-Sample-box-4-200x125.jpg 200w, https:\/\/www.showdowndisplays.eu\/wp-content\/uploads\/2021\/02\/20210113-Sample-box-4.jpg 896w\" sizes=\"(max-width: 380px) 100vw, 380px\" \/><\/noscript>                <\/div>\r\n                <div class=\"marketing__content-wrapper global-style\">\r\n                                            <div class=\"marketing__title-wrapper\">\r\n                            <h3>i vostri propri campioni <\/h3>\r\n                        <\/div>\r\n                                        <div class=\"marketing__content\">\r\n                                            <\/div>\r\n                <\/div>\r\n\r\n                                    <a href=\"https:\/\/www.showdowndisplays.eu\/marketing-support\/your-own-samples\/\"  class=\"marketing__read-more link-with-arrow link-with-arrow--blue\">Per saperne di pi\u00fa<\/a>\r\n                \r\n            <\/div>\r\n\r\n                                <div class=\"marketing__item marketing__item--4\">\r\n\r\n                <div class=\"marketing__image\">\r\n                    <img data-aspectratio=\"380\/238\" decoding=\"async\" width=\"380\" height=\"238\" data-aspectratio=\"380\/238\" src=\"data:image\/gif;base64,R0lGODlhAQABAIAAAAAAAP\/\/\/yH5BAEAAAAALAAAAAABAAEAAAIBRAA7\" data-src=\"https:\/\/www.showdowndisplays.eu\/wp-content\/uploads\/2021\/01\/Inspirational-content-2-380x238.png\" class=\"attachment-about-us size-about-us lazyload\" alt=\" width\" data-srcset=\"https:\/\/www.showdowndisplays.eu\/wp-content\/uploads\/2021\/01\/Inspirational-content-2-380x238.png 380w, https:\/\/www.showdowndisplays.eu\/wp-content\/uploads\/2021\/01\/Inspirational-content-2-432x270.png 432w, https:\/\/www.showdowndisplays.eu\/wp-content\/uploads\/2021\/01\/Inspirational-content-2-1024x640.png 1024w, https:\/\/www.showdowndisplays.eu\/wp-content\/uploads\/2021\/01\/Inspirational-content-2-768x480.png 768w, https:\/\/www.showdowndisplays.eu\/wp-content\/uploads\/2021\/01\/Inspirational-content-2-1536x960.png 1536w, https:\/\/www.showdowndisplays.eu\/wp-content\/uploads\/2021\/01\/Inspirational-content-2-96x60.png 96w, https:\/\/www.showdowndisplays.eu\/wp-content\/uploads\/2021\/01\/Inspirational-content-2-200x125.png 200w, https:\/\/www.showdowndisplays.eu\/wp-content\/uploads\/2021\/01\/Inspirational-content-2.png 1600w\" sizes=\"(max-width: 380px) 100vw, 380px\" \/><noscript><img decoding=\"async\" width=\"380\" height=\"238\" data-aspectratio=\"380\/238\" src=\"data:image\/gif;base64,R0lGODlhAQABAIAAAAAAAP\/\/\/yH5BAEAAAAALAAAAAABAAEAAAIBRAA7\" data-src=\"https:\/\/www.showdowndisplays.eu\/wp-content\/uploads\/2021\/01\/Inspirational-content-2-380x238.png\" class=\"attachment-about-us size-about-us lazyload\" alt=\" width\" data-srcset=\"https:\/\/www.showdowndisplays.eu\/wp-content\/uploads\/2021\/01\/Inspirational-content-2-380x238.png 380w, https:\/\/www.showdowndisplays.eu\/wp-content\/uploads\/2021\/01\/Inspirational-content-2-432x270.png 432w, https:\/\/www.showdowndisplays.eu\/wp-content\/uploads\/2021\/01\/Inspirational-content-2-1024x640.png 1024w, https:\/\/www.showdowndisplays.eu\/wp-content\/uploads\/2021\/01\/Inspirational-content-2-768x480.png 768w, https:\/\/www.showdowndisplays.eu\/wp-content\/uploads\/2021\/01\/Inspirational-content-2-1536x960.png 1536w, https:\/\/www.showdowndisplays.eu\/wp-content\/uploads\/2021\/01\/Inspirational-content-2-96x60.png 96w, https:\/\/www.showdowndisplays.eu\/wp-content\/uploads\/2021\/01\/Inspirational-content-2-200x125.png 200w, https:\/\/www.showdowndisplays.eu\/wp-content\/uploads\/2021\/01\/Inspirational-content-2.png 1600w\" sizes=\"(max-width: 380px) 100vw, 380px\" \/><\/noscript>                <\/div>\r\n                <div class=\"marketing__content-wrapper global-style\">\r\n                                            <div class=\"marketing__title-wrapper\">\r\n                            <h3>Contenuto di inspirazione<\/h3>\r\n                        <\/div>\r\n                                        <div class=\"marketing__content\">\r\n                                            <\/div>\r\n                <\/div>\r\n\r\n                                    <a href=\"https:\/\/www.showdowndisplays.eu\/marketing-support\/inspirational-content\/\"  class=\"marketing__read-more link-with-arrow link-with-arrow--blue\">Per saperne di pi\u00fa<\/a>\r\n                \r\n            <\/div>\r\n\r\n                                <div class=\"marketing__item marketing__item--4\">\r\n\r\n                <div class=\"marketing__image\">\r\n                    <img data-aspectratio=\"380\/238\" decoding=\"async\" width=\"380\" height=\"238\" data-aspectratio=\"380\/238\" src=\"data:image\/gif;base64,R0lGODlhAQABAIAAAAAAAP\/\/\/yH5BAEAAAAALAAAAAABAAEAAAIBRAA7\" data-src=\"https:\/\/www.showdowndisplays.eu\/wp-content\/uploads\/2021\/01\/Practical-Information-2-380x238.jpg\" class=\"attachment-about-us size-about-us lazyload\" alt=\" width\" data-srcset=\"https:\/\/www.showdowndisplays.eu\/wp-content\/uploads\/2021\/01\/Practical-Information-2-380x238.jpg 380w, https:\/\/www.showdowndisplays.eu\/wp-content\/uploads\/2021\/01\/Practical-Information-2-431x270.jpg 431w, https:\/\/www.showdowndisplays.eu\/wp-content\/uploads\/2021\/01\/Practical-Information-2-1024x641.jpg 1024w, https:\/\/www.showdowndisplays.eu\/wp-content\/uploads\/2021\/01\/Practical-Information-2-768x481.jpg 768w, https:\/\/www.showdowndisplays.eu\/wp-content\/uploads\/2021\/01\/Practical-Information-2-1536x962.jpg 1536w, https:\/\/www.showdowndisplays.eu\/wp-content\/uploads\/2021\/01\/Practical-Information-2-96x60.jpg 96w, https:\/\/www.showdowndisplays.eu\/wp-content\/uploads\/2021\/01\/Practical-Information-2-200x125.jpg 200w, https:\/\/www.showdowndisplays.eu\/wp-content\/uploads\/2021\/01\/Practical-Information-2.jpg 1600w\" sizes=\"(max-width: 380px) 100vw, 380px\" \/><noscript><img decoding=\"async\" width=\"380\" height=\"238\" data-aspectratio=\"380\/238\" src=\"data:image\/gif;base64,R0lGODlhAQABAIAAAAAAAP\/\/\/yH5BAEAAAAALAAAAAABAAEAAAIBRAA7\" data-src=\"https:\/\/www.showdowndisplays.eu\/wp-content\/uploads\/2021\/01\/Practical-Information-2-380x238.jpg\" class=\"attachment-about-us size-about-us lazyload\" alt=\" width\" data-srcset=\"https:\/\/www.showdowndisplays.eu\/wp-content\/uploads\/2021\/01\/Practical-Information-2-380x238.jpg 380w, https:\/\/www.showdowndisplays.eu\/wp-content\/uploads\/2021\/01\/Practical-Information-2-431x270.jpg 431w, https:\/\/www.showdowndisplays.eu\/wp-content\/uploads\/2021\/01\/Practical-Information-2-1024x641.jpg 1024w, https:\/\/www.showdowndisplays.eu\/wp-content\/uploads\/2021\/01\/Practical-Information-2-768x481.jpg 768w, https:\/\/www.showdowndisplays.eu\/wp-content\/uploads\/2021\/01\/Practical-Information-2-1536x962.jpg 1536w, https:\/\/www.showdowndisplays.eu\/wp-content\/uploads\/2021\/01\/Practical-Information-2-96x60.jpg 96w, https:\/\/www.showdowndisplays.eu\/wp-content\/uploads\/2021\/01\/Practical-Information-2-200x125.jpg 200w, https:\/\/www.showdowndisplays.eu\/wp-content\/uploads\/2021\/01\/Practical-Information-2.jpg 1600w\" sizes=\"(max-width: 380px) 100vw, 380px\" \/><\/noscript>                <\/div>\r\n                <div class=\"marketing__content-wrapper global-style\">\r\n                                            <div class=\"marketing__title-wrapper\">\r\n                            <h3>Informarzioni utili <\/h3>\r\n                        <\/div>\r\n                                        <div class=\"marketing__content\">\r\n                                            <\/div>\r\n                <\/div>\r\n\r\n                                    <a href=\"https:\/\/www.showdowndisplays.eu\/marketing-support\/practical-information\/\"  class=\"marketing__read-more link-with-arrow link-with-arrow--blue\">Per saperne di pi\u00fa<\/a>\r\n                \r\n            <\/div>\r\n\r\n            <\/div>\r\n","protected":false},"excerpt":{"rendered":"<p>Video promozionali e didattici Oltre alle nostre foto dei prodotti, siamo attualmente impegnati ad espandere la nostra collezione di video&#8230;<\/p>\n","protected":false},"author":3,"featured_media":0,"parent":21835,"menu_order":0,"comment_status":"closed","ping_status":"closed","template":"","meta":{"_acf_changed":false,"footnotes":""},"class_list":["post-21863","page","type-page","status-publish","hentry"],"acf":[],"_links":{"self":[{"href":"https:\/\/www.showdowndisplays.eu\/it\/wp-json\/wp\/v2\/pages\/21863","targetHints":{"allow":["GET"]}}],"collection":[{"href":"https:\/\/www.showdowndisplays.eu\/it\/wp-json\/wp\/v2\/pages"}],"about":[{"href":"https:\/\/www.showdowndisplays.eu\/it\/wp-json\/wp\/v2\/types\/page"}],"author":[{"embeddable":true,"href":"https:\/\/www.showdowndisplays.eu\/it\/wp-json\/wp\/v2\/users\/3"}],"replies":[{"embeddable":true,"href":"https:\/\/www.showdowndisplays.eu\/it\/wp-json\/wp\/v2\/comments?post=21863"}],"version-history":[{"count":12,"href":"https:\/\/www.showdowndisplays.eu\/it\/wp-json\/wp\/v2\/pages\/21863\/revisions"}],"predecessor-version":[{"id":21877,"href":"https:\/\/www.showdowndisplays.eu\/it\/wp-json\/wp\/v2\/pages\/21863\/revisions\/21877"}],"up":[{"embeddable":true,"href":"https:\/\/www.showdowndisplays.eu\/it\/wp-json\/wp\/v2\/pages\/21835"}],"wp:attachment":[{"href":"https:\/\/www.showdowndisplays.eu\/it\/wp-json\/wp\/v2\/media?parent=21863"}],"curies":[{"name":"wp","href":"https:\/\/api.w.org\/{rel}","templated":true}]}}