{"id":21857,"date":"2021-02-25T16:00:59","date_gmt":"2021-02-25T16:00:59","guid":{"rendered":"https:\/\/www.showdowndisplays.eu\/marketing-support\/practical-information\/"},"modified":"2023-04-21T09:17:01","modified_gmt":"2023-04-21T09:17:01","slug":"practical-information","status":"publish","type":"page","link":"https:\/\/www.showdowndisplays.eu\/it\/marketing-support\/practical-information\/","title":{"rendered":"Informarzioni utili"},"content":{"rendered":"\n<div class=\"wp-block-media-text alignwide is-stacked-on-mobile is-image-fill image-text-2\"><figure class=\"wp-block-media-text__media\" style=\"background-image:url(https:\/\/www.showdowndisplays.eu\/wp-content\/uploads\/2021\/04\/Visual-4-Gebruikershandleidingen-853x1024.jpg);background-position:49% 30%\"><img data-aspectratio=\"853\/1024\" src=\"data:image\/gif;base64,R0lGODlhAQABAIAAAAAAAP\/\/\/yH5BAEAAAAALAAAAAABAAEAAAIBRAA7\" decoding=\"async\" width=\"853\" height=\"1024\" data-src=\"https:\/\/www.showdowndisplays.eu\/wp-content\/uploads\/2021\/04\/Visual-4-Gebruikershandleidingen-853x1024.jpg\" alt=\"\" class=\"wp-image-9136 size-full lazyload\" data-srcset=\"https:\/\/www.showdowndisplays.eu\/wp-content\/uploads\/2021\/04\/Visual-4-Gebruikershandleidingen-853x1024.jpg 853w, https:\/\/www.showdowndisplays.eu\/wp-content\/uploads\/2021\/04\/Visual-4-Gebruikershandleidingen-225x270.jpg 225w, https:\/\/www.showdowndisplays.eu\/wp-content\/uploads\/2021\/04\/Visual-4-Gebruikershandleidingen-768x922.jpg 768w, https:\/\/www.showdowndisplays.eu\/wp-content\/uploads\/2021\/04\/Visual-4-Gebruikershandleidingen-367x440.jpg 367w, https:\/\/www.showdowndisplays.eu\/wp-content\/uploads\/2021\/04\/Visual-4-Gebruikershandleidingen-96x115.jpg 96w, https:\/\/www.showdowndisplays.eu\/wp-content\/uploads\/2021\/04\/Visual-4-Gebruikershandleidingen-167x200.jpg 167w, https:\/\/www.showdowndisplays.eu\/wp-content\/uploads\/2021\/04\/Visual-4-Gebruikershandleidingen.jpg 1000w\" sizes=\"(max-width: 853px) 100vw, 853px\" \/><noscript><img decoding=\"async\" width=\"853\" height=\"1024\" src=\"https:\/\/www.showdowndisplays.eu\/wp-content\/uploads\/2021\/04\/Visual-4-Gebruikershandleidingen-853x1024.jpg\" alt=\"\" class=\"wp-image-9136 size-full\" srcset=\"https:\/\/www.showdowndisplays.eu\/wp-content\/uploads\/2021\/04\/Visual-4-Gebruikershandleidingen-853x1024.jpg 853w, https:\/\/www.showdowndisplays.eu\/wp-content\/uploads\/2021\/04\/Visual-4-Gebruikershandleidingen-225x270.jpg 225w, https:\/\/www.showdowndisplays.eu\/wp-content\/uploads\/2021\/04\/Visual-4-Gebruikershandleidingen-768x922.jpg 768w, https:\/\/www.showdowndisplays.eu\/wp-content\/uploads\/2021\/04\/Visual-4-Gebruikershandleidingen-367x440.jpg 367w, https:\/\/www.showdowndisplays.eu\/wp-content\/uploads\/2021\/04\/Visual-4-Gebruikershandleidingen-96x115.jpg 96w, https:\/\/www.showdowndisplays.eu\/wp-content\/uploads\/2021\/04\/Visual-4-Gebruikershandleidingen-167x200.jpg 167w, https:\/\/www.showdowndisplays.eu\/wp-content\/uploads\/2021\/04\/Visual-4-Gebruikershandleidingen.jpg 1000w\" sizes=\"(max-width: 853px) 100vw, 853px\" \/><\/noscript><\/figure><div class=\"wp-block-media-text__content\">\n<h2 class=\"wp-block-heading\">Manuale d&#8217;istruzioni<\/h2>\n\n\n\n<p>Molti dei nostri prodotti necessitano un certo tempo per essere installati. Certi si installano in poco tempo mentre altri richiedono un po&#8217; pi\u00fa di tempo.<\/p>\n\n\n\n<p>Per aiutare al meglio i vostri clienti, abbiamo preparato dei manuali di istruzioni per un gran numero di prodotti.Essi spiegano punto per punto come installare il prodotto con l&#8217;aiuto di foto o di illustrazioni. Perci\u00f2 l&#8217;installazione del prodotto \u00e8 un gioco da ragazzi!<\/p>\n<\/div><\/div>\n\n\n\n<div class=\"wp-block-media-text alignwide has-media-on-the-right is-stacked-on-mobile is-image-fill image-text-2\"><div class=\"wp-block-media-text__content\">\n<h2 class=\"wp-block-heading\">Schede dei prodotti<\/h2>\n\n\n\n<p>Vi piacerebbe trovare tutte le informazioni su un determinato prodotto in un unico documento? In questo caso potete usare le nostre schede dei prodotti. Ci troverete tutti i codici degli articoli insieme a tutte le informazioni utili : dal peso ai colori disponibili.<\/p>\n\n\n\n<p>Troverete anche disegni e foto del prodotto sulla scheda del prodotto. In questo modo potrete farvi un&#8217;idea completa delle caratteristiche esatte del prodotto.<\/p>\n\n\n\n<p>Le nostre schede dei prodotti si possono trovare sulla nostra piattaforma online presso il prodotto corrispondente. Manca una scheda per il vostro prodotto? Significa che ci stiamo lavorando.<\/p>\n<\/div><figure class=\"wp-block-media-text__media\" style=\"background-image:url(https:\/\/www.showdowndisplays.eu\/wp-content\/uploads\/2021\/02\/Product-sheet-3.png);background-position:4% 4%\"><img data-aspectratio=\"525\/584\" src=\"data:image\/gif;base64,R0lGODlhAQABAIAAAAAAAP\/\/\/yH5BAEAAAAALAAAAAABAAEAAAIBRAA7\" decoding=\"async\" width=\"525\" height=\"584\" data-src=\"https:\/\/www.showdowndisplays.eu\/wp-content\/uploads\/2021\/02\/Product-sheet-3.png\" alt=\"\" class=\"wp-image-8082 size-full lazyload\" data-srcset=\"https:\/\/www.showdowndisplays.eu\/wp-content\/uploads\/2021\/02\/Product-sheet-3.png 525w, https:\/\/www.showdowndisplays.eu\/wp-content\/uploads\/2021\/02\/Product-sheet-3-243x270.png 243w, https:\/\/www.showdowndisplays.eu\/wp-content\/uploads\/2021\/02\/Product-sheet-3-380x423.png 380w, https:\/\/www.showdowndisplays.eu\/wp-content\/uploads\/2021\/02\/Product-sheet-3-96x107.png 96w, https:\/\/www.showdowndisplays.eu\/wp-content\/uploads\/2021\/02\/Product-sheet-3-180x200.png 180w\" sizes=\"(max-width: 525px) 100vw, 525px\" \/><noscript><img decoding=\"async\" width=\"525\" height=\"584\" src=\"https:\/\/www.showdowndisplays.eu\/wp-content\/uploads\/2021\/02\/Product-sheet-3.png\" alt=\"\" class=\"wp-image-8082 size-full\" srcset=\"https:\/\/www.showdowndisplays.eu\/wp-content\/uploads\/2021\/02\/Product-sheet-3.png 525w, https:\/\/www.showdowndisplays.eu\/wp-content\/uploads\/2021\/02\/Product-sheet-3-243x270.png 243w, https:\/\/www.showdowndisplays.eu\/wp-content\/uploads\/2021\/02\/Product-sheet-3-380x423.png 380w, https:\/\/www.showdowndisplays.eu\/wp-content\/uploads\/2021\/02\/Product-sheet-3-96x107.png 96w, https:\/\/www.showdowndisplays.eu\/wp-content\/uploads\/2021\/02\/Product-sheet-3-180x200.png 180w\" sizes=\"(max-width: 525px) 100vw, 525px\" \/><\/noscript><\/figure><\/div>\n\n\n\n<div class=\"wp-block-media-text alignwide is-stacked-on-mobile is-image-fill image-text-2\"><figure class=\"wp-block-media-text__media\" style=\"background-image:url(https:\/\/www.showdowndisplays.eu\/wp-content\/uploads\/2021\/02\/Print-template-4-1.png);background-position:50% 50%\"><img data-aspectratio=\"650\/531\" src=\"data:image\/gif;base64,R0lGODlhAQABAIAAAAAAAP\/\/\/yH5BAEAAAAALAAAAAABAAEAAAIBRAA7\" decoding=\"async\" width=\"650\" height=\"531\" data-src=\"https:\/\/www.showdowndisplays.eu\/wp-content\/uploads\/2021\/02\/Print-template-4-1.png\" alt=\"\" class=\"wp-image-8052 size-full lazyload\" data-srcset=\"https:\/\/www.showdowndisplays.eu\/wp-content\/uploads\/2021\/02\/Print-template-4-1.png 650w, https:\/\/www.showdowndisplays.eu\/wp-content\/uploads\/2021\/02\/Print-template-4-1-331x270.png 331w, https:\/\/www.showdowndisplays.eu\/wp-content\/uploads\/2021\/02\/Print-template-4-1-380x310.png 380w, https:\/\/www.showdowndisplays.eu\/wp-content\/uploads\/2021\/02\/Print-template-4-1-96x78.png 96w, https:\/\/www.showdowndisplays.eu\/wp-content\/uploads\/2021\/02\/Print-template-4-1-200x163.png 200w\" sizes=\"(max-width: 650px) 100vw, 650px\" \/><noscript><img decoding=\"async\" width=\"650\" height=\"531\" src=\"https:\/\/www.showdowndisplays.eu\/wp-content\/uploads\/2021\/02\/Print-template-4-1.png\" alt=\"\" class=\"wp-image-8052 size-full\" srcset=\"https:\/\/www.showdowndisplays.eu\/wp-content\/uploads\/2021\/02\/Print-template-4-1.png 650w, https:\/\/www.showdowndisplays.eu\/wp-content\/uploads\/2021\/02\/Print-template-4-1-331x270.png 331w, https:\/\/www.showdowndisplays.eu\/wp-content\/uploads\/2021\/02\/Print-template-4-1-380x310.png 380w, https:\/\/www.showdowndisplays.eu\/wp-content\/uploads\/2021\/02\/Print-template-4-1-96x78.png 96w, https:\/\/www.showdowndisplays.eu\/wp-content\/uploads\/2021\/02\/Print-template-4-1-200x163.png 200w\" sizes=\"(max-width: 650px) 100vw, 650px\" \/><\/noscript><\/figure><div class=\"wp-block-media-text__content\">\n<h2 class=\"wp-block-heading\">Modelli di stampa<\/h2>\n\n\n\n<p>Molti dei nostri prodotti sono incompleti senza una grafica. \u00c8 per questo che siamo felici di occuparci della totalit\u00e0 del vostro prodotto: la stampa \u00e8 anche un servizio che proponiamo.Per assicurarvi che la vostra grafica abbia un ottimo aspetto, abbiamo creato dei modelli di stampa per tutti i prodotti con grafica.<\/p>\n\n\n\n<p>Questo modello vi permette di sapere esattamente in quale area dovrete posizionare i testi e i marchi in modo che il vostro messaggio riceva l&#8217;attenzione che merita.Questo modello vi permette di sapere esattamente in quale area dovrete posizionare i testi e i marchi in modo che il vostro messaggio riceva l&#8217;attenzione che merita.<\/p>\n\n\n\n<div style=\"height:25px\" aria-hidden=\"true\" class=\"wp-block-spacer\"><\/div>\n<\/div><\/div>\n","protected":false},"excerpt":{"rendered":"<p>Manuale d&#8217;istruzioni Molti dei nostri prodotti necessitano un certo tempo per essere installati. Certi si installano in poco tempo mentre&#8230;<\/p>\n","protected":false},"author":3,"featured_media":0,"parent":21835,"menu_order":0,"comment_status":"closed","ping_status":"closed","template":"","meta":{"_acf_changed":false,"footnotes":""},"class_list":["post-21857","page","type-page","status-publish","hentry"],"acf":[],"_links":{"self":[{"href":"https:\/\/www.showdowndisplays.eu\/it\/wp-json\/wp\/v2\/pages\/21857","targetHints":{"allow":["GET"]}}],"collection":[{"href":"https:\/\/www.showdowndisplays.eu\/it\/wp-json\/wp\/v2\/pages"}],"about":[{"href":"https:\/\/www.showdowndisplays.eu\/it\/wp-json\/wp\/v2\/types\/page"}],"author":[{"embeddable":true,"href":"https:\/\/www.showdowndisplays.eu\/it\/wp-json\/wp\/v2\/users\/3"}],"replies":[{"embeddable":true,"href":"https:\/\/www.showdowndisplays.eu\/it\/wp-json\/wp\/v2\/comments?post=21857"}],"version-history":[{"count":5,"href":"https:\/\/www.showdowndisplays.eu\/it\/wp-json\/wp\/v2\/pages\/21857\/revisions"}],"predecessor-version":[{"id":27761,"href":"https:\/\/www.showdowndisplays.eu\/it\/wp-json\/wp\/v2\/pages\/21857\/revisions\/27761"}],"up":[{"embeddable":true,"href":"https:\/\/www.showdowndisplays.eu\/it\/wp-json\/wp\/v2\/pages\/21835"}],"wp:attachment":[{"href":"https:\/\/www.showdowndisplays.eu\/it\/wp-json\/wp\/v2\/media?parent=21857"}],"curies":[{"name":"wp","href":"https:\/\/api.w.org\/{rel}","templated":true}]}}