{"id":21846,"date":"2020-11-18T12:38:19","date_gmt":"2020-11-18T12:38:19","guid":{"rendered":"https:\/\/www.showdowndisplays.eu\/marketing-support\/instructional-videos\/"},"modified":"2022-09-23T06:47:19","modified_gmt":"2022-09-23T06:47:19","slug":"instructional-videos","status":"publish","type":"page","link":"https:\/\/www.showdowndisplays.eu\/it\/marketing-support\/instructional-videos\/","title":{"rendered":"Video didattici"},"content":{"rendered":"\n<p class=\"block-white-background\">Il nostro obiettivo finale \u00e8 quello di essere il miglior partner per voi. Ci impegniamo a sostenere la vostra attivit\u00e0. Il nostro obiettivo finale \u00e8 quello di essere il miglior partner per voi. Ci impegniamo a sostenere la vostra attivit\u00e0. <br><br>Per la maggior parte dei nostri prodotti, sono stati creati video didattici con istruzioni passo-passo per garantire una installazione corretta del prodotto.Nel caso di alcuni prodotti che non hanno ancora un video, stiamo sviluppando del materiale nuovo.<br><br>I video sono neutri senza nessun marchio, il che significa che potete facilmente utilizzarli sulla vostra piattaforma come servizio per i vostri clienti. Una situazione vantaggiosa sia per voi che per i vostri clienti!<\/p>\n\n\n\n<div class=\"wp-block-buttons is-layout-flex wp-block-buttons-is-layout-flex\">\n<div class=\"wp-block-button\"><a class=\"wp-block-button__link\" href=\"https:\/\/www.showdowndisplays.eu\/marketing-support\/instructional-videos\/video-embed-codes\/\">Come inserire i video sulla vostra piattaforma<\/a><\/div>\n<\/div>\n\n\n\n\n","protected":false},"excerpt":{"rendered":"<p>Il nostro obiettivo finale \u00e8 quello di essere il miglior partner per voi. Ci impegniamo a sostenere la vostra attivit\u00e0&#8230;.<\/p>\n","protected":false},"author":3,"featured_media":0,"parent":21835,"menu_order":0,"comment_status":"closed","ping_status":"closed","template":"template-pages\/videos.php","meta":{"_acf_changed":false,"footnotes":""},"class_list":["post-21846","page","type-page","status-publish","hentry"],"acf":[],"_links":{"self":[{"href":"https:\/\/www.showdowndisplays.eu\/it\/wp-json\/wp\/v2\/pages\/21846","targetHints":{"allow":["GET"]}}],"collection":[{"href":"https:\/\/www.showdowndisplays.eu\/it\/wp-json\/wp\/v2\/pages"}],"about":[{"href":"https:\/\/www.showdowndisplays.eu\/it\/wp-json\/wp\/v2\/types\/page"}],"author":[{"embeddable":true,"href":"https:\/\/www.showdowndisplays.eu\/it\/wp-json\/wp\/v2\/users\/3"}],"replies":[{"embeddable":true,"href":"https:\/\/www.showdowndisplays.eu\/it\/wp-json\/wp\/v2\/comments?post=21846"}],"version-history":[{"count":5,"href":"https:\/\/www.showdowndisplays.eu\/it\/wp-json\/wp\/v2\/pages\/21846\/revisions"}],"predecessor-version":[{"id":25419,"href":"https:\/\/www.showdowndisplays.eu\/it\/wp-json\/wp\/v2\/pages\/21846\/revisions\/25419"}],"up":[{"embeddable":true,"href":"https:\/\/www.showdowndisplays.eu\/it\/wp-json\/wp\/v2\/pages\/21835"}],"wp:attachment":[{"href":"https:\/\/www.showdowndisplays.eu\/it\/wp-json\/wp\/v2\/media?parent=21846"}],"curies":[{"name":"wp","href":"https:\/\/api.w.org\/{rel}","templated":true}]}}