{"id":9331,"date":"2021-02-25T16:00:59","date_gmt":"2021-02-25T16:00:59","guid":{"rendered":"https:\/\/www.showdowndisplays.eu\/support-marketing\/praktische-informatie\/"},"modified":"2023-04-18T13:15:37","modified_gmt":"2023-04-18T13:15:37","slug":"informations-pratiques","status":"publish","type":"page","link":"https:\/\/www.showdowndisplays.eu\/fr\/support-marketing\/informations-pratiques\/","title":{"rendered":"Informations pratiques"},"content":{"rendered":"\n<div class=\"wp-block-media-text alignwide is-stacked-on-mobile is-image-fill image-text-2\"><figure class=\"wp-block-media-text__media\" style=\"background-image:url(https:\/\/www.showdowndisplays.eu\/wp-content\/uploads\/2021\/04\/Visual-4-Gebruikershandleidingen-853x1024.jpg);background-position:47% 33%\"><img data-aspectratio=\"853\/1024\" src=\"data:image\/gif;base64,R0lGODlhAQABAIAAAAAAAP\/\/\/yH5BAEAAAAALAAAAAABAAEAAAIBRAA7\" decoding=\"async\" width=\"853\" height=\"1024\" data-src=\"https:\/\/www.showdowndisplays.eu\/wp-content\/uploads\/2021\/04\/Visual-4-Gebruikershandleidingen-853x1024.jpg\" alt=\"\" class=\"wp-image-9136 size-full lazyload\" data-srcset=\"https:\/\/www.showdowndisplays.eu\/wp-content\/uploads\/2021\/04\/Visual-4-Gebruikershandleidingen-853x1024.jpg 853w, https:\/\/www.showdowndisplays.eu\/wp-content\/uploads\/2021\/04\/Visual-4-Gebruikershandleidingen-225x270.jpg 225w, https:\/\/www.showdowndisplays.eu\/wp-content\/uploads\/2021\/04\/Visual-4-Gebruikershandleidingen-768x922.jpg 768w, https:\/\/www.showdowndisplays.eu\/wp-content\/uploads\/2021\/04\/Visual-4-Gebruikershandleidingen-367x440.jpg 367w, https:\/\/www.showdowndisplays.eu\/wp-content\/uploads\/2021\/04\/Visual-4-Gebruikershandleidingen-96x115.jpg 96w, https:\/\/www.showdowndisplays.eu\/wp-content\/uploads\/2021\/04\/Visual-4-Gebruikershandleidingen-167x200.jpg 167w, https:\/\/www.showdowndisplays.eu\/wp-content\/uploads\/2021\/04\/Visual-4-Gebruikershandleidingen.jpg 1000w\" sizes=\"(max-width: 853px) 100vw, 853px\" \/><noscript><img decoding=\"async\" width=\"853\" height=\"1024\" src=\"https:\/\/www.showdowndisplays.eu\/wp-content\/uploads\/2021\/04\/Visual-4-Gebruikershandleidingen-853x1024.jpg\" alt=\"\" class=\"wp-image-9136 size-full\" srcset=\"https:\/\/www.showdowndisplays.eu\/wp-content\/uploads\/2021\/04\/Visual-4-Gebruikershandleidingen-853x1024.jpg 853w, https:\/\/www.showdowndisplays.eu\/wp-content\/uploads\/2021\/04\/Visual-4-Gebruikershandleidingen-225x270.jpg 225w, https:\/\/www.showdowndisplays.eu\/wp-content\/uploads\/2021\/04\/Visual-4-Gebruikershandleidingen-768x922.jpg 768w, https:\/\/www.showdowndisplays.eu\/wp-content\/uploads\/2021\/04\/Visual-4-Gebruikershandleidingen-367x440.jpg 367w, https:\/\/www.showdowndisplays.eu\/wp-content\/uploads\/2021\/04\/Visual-4-Gebruikershandleidingen-96x115.jpg 96w, https:\/\/www.showdowndisplays.eu\/wp-content\/uploads\/2021\/04\/Visual-4-Gebruikershandleidingen-167x200.jpg 167w, https:\/\/www.showdowndisplays.eu\/wp-content\/uploads\/2021\/04\/Visual-4-Gebruikershandleidingen.jpg 1000w\" sizes=\"(max-width: 853px) 100vw, 853px\" \/><\/noscript><\/figure><div class=\"wp-block-media-text__content\">\n<h2 class=\"wp-block-heading\">Manuels d\u2019utilisation<\/h2>\n\n\n\n<p>La plupart des produits de notre assortiment n\u00e9cessitent une certaine installation. Certains produits sont pr\u00eats en un rien de temps tandis que d\u2019autres n\u00e9cessitent un peu plus de temps.<\/p>\n\n\n\n<p>Afin d\u2019aider au mieux vos clients, nous avons r\u00e9dig\u00e9 des manuels d\u2019utilisation pour un grand nombre de produits. Ils expliquent, \u00e9tape par \u00e9tape, comment installer le produit \u00e0 l\u2019aide de photos ou de dessins. L\u2019installation du produit devient ainsi un jeu d\u2019enfant&nbsp;!<\/p>\n<\/div><\/div>\n\n\n\n<div class=\"wp-block-media-text alignwide has-media-on-the-right is-stacked-on-mobile is-image-fill image-text-2\"><div class=\"wp-block-media-text__content\">\n<h2 class=\"wp-block-heading\">Fiches produits<\/h2>\n\n\n\n<p>Vous souhaitez voir toutes les informations sur un produit donn\u00e9 r\u00e9unies dans un seul document&nbsp;? Vous pouvez alors utiliser nos fiches produits. Vous trouverez ici tous les codes d\u2019article du produit ainsi que toutes les informations n\u00e9cessaires sur le produit&nbsp;: du poids aux couleurs disponibles.<\/p>\n\n\n\n<p>Vous trouverez \u00e9galement des dessins et des photos du produit sur la fiche produit. De cette fa\u00e7on, vous obtenez une image compl\u00e8te des caract\u00e9ristiques exactes du produit.<\/p>\n\n\n\n<p>Nos fiches produits sont disponibles sur notre plateforme en ligne \u00e0 l\u2019adresse du produit correspondant. Il n\u2019y a pas encore de fiche produit pour votre produit&nbsp;? Cela signifie que nous sommes encore en train d\u2019y travailler.<\/p>\n<\/div><figure class=\"wp-block-media-text__media\" style=\"background-image:url(https:\/\/www.showdowndisplays.eu\/wp-content\/uploads\/2021\/02\/Product-sheet-3.png);background-position:4% 4%\"><img data-aspectratio=\"525\/584\" src=\"data:image\/gif;base64,R0lGODlhAQABAIAAAAAAAP\/\/\/yH5BAEAAAAALAAAAAABAAEAAAIBRAA7\" decoding=\"async\" width=\"525\" height=\"584\" data-src=\"https:\/\/www.showdowndisplays.eu\/wp-content\/uploads\/2021\/02\/Product-sheet-3.png\" alt=\"\" class=\"wp-image-8082 size-full lazyload\" data-srcset=\"https:\/\/www.showdowndisplays.eu\/wp-content\/uploads\/2021\/02\/Product-sheet-3.png 525w, https:\/\/www.showdowndisplays.eu\/wp-content\/uploads\/2021\/02\/Product-sheet-3-243x270.png 243w, https:\/\/www.showdowndisplays.eu\/wp-content\/uploads\/2021\/02\/Product-sheet-3-380x423.png 380w, https:\/\/www.showdowndisplays.eu\/wp-content\/uploads\/2021\/02\/Product-sheet-3-96x107.png 96w, https:\/\/www.showdowndisplays.eu\/wp-content\/uploads\/2021\/02\/Product-sheet-3-180x200.png 180w\" sizes=\"(max-width: 525px) 100vw, 525px\" \/><noscript><img decoding=\"async\" width=\"525\" height=\"584\" src=\"https:\/\/www.showdowndisplays.eu\/wp-content\/uploads\/2021\/02\/Product-sheet-3.png\" alt=\"\" class=\"wp-image-8082 size-full\" srcset=\"https:\/\/www.showdowndisplays.eu\/wp-content\/uploads\/2021\/02\/Product-sheet-3.png 525w, https:\/\/www.showdowndisplays.eu\/wp-content\/uploads\/2021\/02\/Product-sheet-3-243x270.png 243w, https:\/\/www.showdowndisplays.eu\/wp-content\/uploads\/2021\/02\/Product-sheet-3-380x423.png 380w, https:\/\/www.showdowndisplays.eu\/wp-content\/uploads\/2021\/02\/Product-sheet-3-96x107.png 96w, https:\/\/www.showdowndisplays.eu\/wp-content\/uploads\/2021\/02\/Product-sheet-3-180x200.png 180w\" sizes=\"(max-width: 525px) 100vw, 525px\" \/><\/noscript><\/figure><\/div>\n\n\n\n<div class=\"wp-block-media-text alignwide is-stacked-on-mobile is-image-fill image-text-2\"><figure class=\"wp-block-media-text__media\" style=\"background-image:url(https:\/\/www.showdowndisplays.eu\/wp-content\/uploads\/2021\/02\/Print-template-4-1.png);background-position:50% 50%\"><img data-aspectratio=\"650\/531\" src=\"data:image\/gif;base64,R0lGODlhAQABAIAAAAAAAP\/\/\/yH5BAEAAAAALAAAAAABAAEAAAIBRAA7\" decoding=\"async\" width=\"650\" height=\"531\" data-src=\"https:\/\/www.showdowndisplays.eu\/wp-content\/uploads\/2021\/02\/Print-template-4-1.png\" alt=\"\" class=\"wp-image-8052 size-full lazyload\" data-srcset=\"https:\/\/www.showdowndisplays.eu\/wp-content\/uploads\/2021\/02\/Print-template-4-1.png 650w, https:\/\/www.showdowndisplays.eu\/wp-content\/uploads\/2021\/02\/Print-template-4-1-331x270.png 331w, https:\/\/www.showdowndisplays.eu\/wp-content\/uploads\/2021\/02\/Print-template-4-1-380x310.png 380w, https:\/\/www.showdowndisplays.eu\/wp-content\/uploads\/2021\/02\/Print-template-4-1-96x78.png 96w, https:\/\/www.showdowndisplays.eu\/wp-content\/uploads\/2021\/02\/Print-template-4-1-200x163.png 200w\" sizes=\"(max-width: 650px) 100vw, 650px\" \/><noscript><img decoding=\"async\" width=\"650\" height=\"531\" src=\"https:\/\/www.showdowndisplays.eu\/wp-content\/uploads\/2021\/02\/Print-template-4-1.png\" alt=\"\" class=\"wp-image-8052 size-full\" srcset=\"https:\/\/www.showdowndisplays.eu\/wp-content\/uploads\/2021\/02\/Print-template-4-1.png 650w, https:\/\/www.showdowndisplays.eu\/wp-content\/uploads\/2021\/02\/Print-template-4-1-331x270.png 331w, https:\/\/www.showdowndisplays.eu\/wp-content\/uploads\/2021\/02\/Print-template-4-1-380x310.png 380w, https:\/\/www.showdowndisplays.eu\/wp-content\/uploads\/2021\/02\/Print-template-4-1-96x78.png 96w, https:\/\/www.showdowndisplays.eu\/wp-content\/uploads\/2021\/02\/Print-template-4-1-200x163.png 200w\" sizes=\"(max-width: 650px) 100vw, 650px\" \/><\/noscript><\/figure><div class=\"wp-block-media-text__content\">\n<h2 class=\"wp-block-heading\">Mod\u00e8les d\u2019impression<\/h2>\n\n\n\n<p>Beaucoup de nos produits ne sont pas complets sans un visuel. C\u2019est pourquoi nous sommes heureux de prendre en charge l\u2019ensemble de votre produit&nbsp;: l\u2019impression du visuel est \u00e9galement un service que nous proposons. Pour vous assurer que ce dernier aura une belle apparence, nous avons cr\u00e9\u00e9 des mod\u00e8les d\u2019impression pour tous les produits avec visuels.<\/p>\n\n\n\n<p>Sur ce mod\u00e8le, vous pouvez voir exactement dans quelle zone vous devez placer les textes et les logos afin que votre message re\u00e7oive l\u2019attention qu\u2019il m\u00e9rite. Ainsi, votre visuel sera exactement comme vous l\u2019aviez imagin\u00e9&nbsp;!<\/p>\n<\/div><\/div>\n\n\n\n<div style=\"height:20px\" aria-hidden=\"true\" class=\"wp-block-spacer\"><\/div>\n\n\n\n<h2 class=\"has-text-align-center wp-block-heading\">Pages li\u00e9es<\/h2>\n\n\n    <div class=\"marketing\">\r\n                                <div class=\"marketing__item marketing__item--4\">\r\n\r\n                <div class=\"marketing__image\">\r\n                    <img data-aspectratio=\"380\/238\" decoding=\"async\" width=\"380\" height=\"238\" data-aspectratio=\"380\/238\" src=\"data:image\/gif;base64,R0lGODlhAQABAIAAAAAAAP\/\/\/yH5BAEAAAAALAAAAAABAAEAAAIBRAA7\" data-src=\"https:\/\/www.showdowndisplays.eu\/wp-content\/uploads\/2021\/01\/Product-photos-and-videos-3-380x238.jpg\" class=\"attachment-about-us size-about-us lazyload\" alt=\" width\" data-srcset=\"https:\/\/www.showdowndisplays.eu\/wp-content\/uploads\/2021\/01\/Product-photos-and-videos-3-380x238.jpg 380w, https:\/\/www.showdowndisplays.eu\/wp-content\/uploads\/2021\/01\/Product-photos-and-videos-3-432x270.jpg 432w, https:\/\/www.showdowndisplays.eu\/wp-content\/uploads\/2021\/01\/Product-photos-and-videos-3-1024x640.jpg 1024w, https:\/\/www.showdowndisplays.eu\/wp-content\/uploads\/2021\/01\/Product-photos-and-videos-3-768x480.jpg 768w, https:\/\/www.showdowndisplays.eu\/wp-content\/uploads\/2021\/01\/Product-photos-and-videos-3-1536x960.jpg 1536w, https:\/\/www.showdowndisplays.eu\/wp-content\/uploads\/2021\/01\/Product-photos-and-videos-3-96x60.jpg 96w, https:\/\/www.showdowndisplays.eu\/wp-content\/uploads\/2021\/01\/Product-photos-and-videos-3-200x125.jpg 200w, https:\/\/www.showdowndisplays.eu\/wp-content\/uploads\/2021\/01\/Product-photos-and-videos-3.jpg 1600w\" sizes=\"(max-width: 380px) 100vw, 380px\" \/><noscript><img decoding=\"async\" width=\"380\" height=\"238\" data-aspectratio=\"380\/238\" src=\"data:image\/gif;base64,R0lGODlhAQABAIAAAAAAAP\/\/\/yH5BAEAAAAALAAAAAABAAEAAAIBRAA7\" data-src=\"https:\/\/www.showdowndisplays.eu\/wp-content\/uploads\/2021\/01\/Product-photos-and-videos-3-380x238.jpg\" class=\"attachment-about-us size-about-us lazyload\" alt=\" width\" data-srcset=\"https:\/\/www.showdowndisplays.eu\/wp-content\/uploads\/2021\/01\/Product-photos-and-videos-3-380x238.jpg 380w, https:\/\/www.showdowndisplays.eu\/wp-content\/uploads\/2021\/01\/Product-photos-and-videos-3-432x270.jpg 432w, https:\/\/www.showdowndisplays.eu\/wp-content\/uploads\/2021\/01\/Product-photos-and-videos-3-1024x640.jpg 1024w, https:\/\/www.showdowndisplays.eu\/wp-content\/uploads\/2021\/01\/Product-photos-and-videos-3-768x480.jpg 768w, https:\/\/www.showdowndisplays.eu\/wp-content\/uploads\/2021\/01\/Product-photos-and-videos-3-1536x960.jpg 1536w, https:\/\/www.showdowndisplays.eu\/wp-content\/uploads\/2021\/01\/Product-photos-and-videos-3-96x60.jpg 96w, https:\/\/www.showdowndisplays.eu\/wp-content\/uploads\/2021\/01\/Product-photos-and-videos-3-200x125.jpg 200w, https:\/\/www.showdowndisplays.eu\/wp-content\/uploads\/2021\/01\/Product-photos-and-videos-3.jpg 1600w\" sizes=\"(max-width: 380px) 100vw, 380px\" \/><\/noscript>                <\/div>\r\n                <div class=\"marketing__content-wrapper global-style\">\r\n                                            <div class=\"marketing__title-wrapper\">\r\n                            <h3>Photos et vid\u00e9os des produits<\/h3>\r\n                        <\/div>\r\n                                        <div class=\"marketing__content\">\r\n                                            <\/div>\r\n                <\/div>\r\n\r\n                                    <a href=\"https:\/\/www.showdowndisplays.eu\/fr\/support-marketing\/photos-et-videos-de-produits\/\"  class=\"marketing__read-more link-with-arrow link-with-arrow--blue\">En savoir plus<\/a>\r\n                \r\n            <\/div>\r\n\r\n                                <div class=\"marketing__item marketing__item--4\">\r\n\r\n                <div class=\"marketing__image\">\r\n                    <img data-aspectratio=\"380\/241\" decoding=\"async\" width=\"380\" height=\"241\" data-aspectratio=\"380\/241\" src=\"data:image\/gif;base64,R0lGODlhAQABAIAAAAAAAP\/\/\/yH5BAEAAAAALAAAAAABAAEAAAIBRAA7\" data-src=\"https:\/\/www.showdowndisplays.eu\/wp-content\/uploads\/2021\/01\/Your-own-catalogue-and-brochures-3-380x241.png\" class=\"attachment-about-us size-about-us lazyload\" alt=\" width\" data-srcset=\"https:\/\/www.showdowndisplays.eu\/wp-content\/uploads\/2021\/01\/Your-own-catalogue-and-brochures-3-380x241.png 380w, https:\/\/www.showdowndisplays.eu\/wp-content\/uploads\/2021\/01\/Your-own-catalogue-and-brochures-3-425x270.png 425w, https:\/\/www.showdowndisplays.eu\/wp-content\/uploads\/2021\/01\/Your-own-catalogue-and-brochures-3-1024x650.png 1024w, https:\/\/www.showdowndisplays.eu\/wp-content\/uploads\/2021\/01\/Your-own-catalogue-and-brochures-3-768x488.png 768w, https:\/\/www.showdowndisplays.eu\/wp-content\/uploads\/2021\/01\/Your-own-catalogue-and-brochures-3-1536x975.png 1536w, https:\/\/www.showdowndisplays.eu\/wp-content\/uploads\/2021\/01\/Your-own-catalogue-and-brochures-3-96x61.png 96w, https:\/\/www.showdowndisplays.eu\/wp-content\/uploads\/2021\/01\/Your-own-catalogue-and-brochures-3-200x127.png 200w, https:\/\/www.showdowndisplays.eu\/wp-content\/uploads\/2021\/01\/Your-own-catalogue-and-brochures-3.png 1575w\" sizes=\"(max-width: 380px) 100vw, 380px\" \/><noscript><img decoding=\"async\" width=\"380\" height=\"241\" data-aspectratio=\"380\/241\" src=\"data:image\/gif;base64,R0lGODlhAQABAIAAAAAAAP\/\/\/yH5BAEAAAAALAAAAAABAAEAAAIBRAA7\" data-src=\"https:\/\/www.showdowndisplays.eu\/wp-content\/uploads\/2021\/01\/Your-own-catalogue-and-brochures-3-380x241.png\" class=\"attachment-about-us size-about-us lazyload\" alt=\" width\" data-srcset=\"https:\/\/www.showdowndisplays.eu\/wp-content\/uploads\/2021\/01\/Your-own-catalogue-and-brochures-3-380x241.png 380w, https:\/\/www.showdowndisplays.eu\/wp-content\/uploads\/2021\/01\/Your-own-catalogue-and-brochures-3-425x270.png 425w, https:\/\/www.showdowndisplays.eu\/wp-content\/uploads\/2021\/01\/Your-own-catalogue-and-brochures-3-1024x650.png 1024w, https:\/\/www.showdowndisplays.eu\/wp-content\/uploads\/2021\/01\/Your-own-catalogue-and-brochures-3-768x488.png 768w, https:\/\/www.showdowndisplays.eu\/wp-content\/uploads\/2021\/01\/Your-own-catalogue-and-brochures-3-1536x975.png 1536w, https:\/\/www.showdowndisplays.eu\/wp-content\/uploads\/2021\/01\/Your-own-catalogue-and-brochures-3-96x61.png 96w, https:\/\/www.showdowndisplays.eu\/wp-content\/uploads\/2021\/01\/Your-own-catalogue-and-brochures-3-200x127.png 200w, https:\/\/www.showdowndisplays.eu\/wp-content\/uploads\/2021\/01\/Your-own-catalogue-and-brochures-3.png 1575w\" sizes=\"(max-width: 380px) 100vw, 380px\" \/><\/noscript>                <\/div>\r\n                <div class=\"marketing__content-wrapper global-style\">\r\n                                            <div class=\"marketing__title-wrapper\">\r\n                            <h3>Votre propre catalogue et vos brochures<\/h3>\r\n                        <\/div>\r\n                                        <div class=\"marketing__content\">\r\n                                            <\/div>\r\n                <\/div>\r\n\r\n                                    <a href=\"https:\/\/www.showdowndisplays.eu\/fr\/support-marketing\/votre-propre-catalogue-et-vos-brochures\/\"  class=\"marketing__read-more link-with-arrow link-with-arrow--blue\">En savoir plus<\/a>\r\n                \r\n            <\/div>\r\n\r\n                                <div class=\"marketing__item marketing__item--4\">\r\n\r\n                <div class=\"marketing__image\">\r\n                    <img data-aspectratio=\"380\/238\" decoding=\"async\" width=\"380\" height=\"238\" data-aspectratio=\"380\/238\" src=\"data:image\/gif;base64,R0lGODlhAQABAIAAAAAAAP\/\/\/yH5BAEAAAAALAAAAAABAAEAAAIBRAA7\" data-src=\"https:\/\/www.showdowndisplays.eu\/wp-content\/uploads\/2021\/02\/20210113-Sample-box-4-380x238.jpg\" class=\"attachment-about-us size-about-us lazyload\" alt=\" width\" data-srcset=\"https:\/\/www.showdowndisplays.eu\/wp-content\/uploads\/2021\/02\/20210113-Sample-box-4-380x238.jpg 380w, https:\/\/www.showdowndisplays.eu\/wp-content\/uploads\/2021\/02\/20210113-Sample-box-4-431x270.jpg 431w, https:\/\/www.showdowndisplays.eu\/wp-content\/uploads\/2021\/02\/20210113-Sample-box-4-768x481.jpg 768w, https:\/\/www.showdowndisplays.eu\/wp-content\/uploads\/2021\/02\/20210113-Sample-box-4-96x60.jpg 96w, https:\/\/www.showdowndisplays.eu\/wp-content\/uploads\/2021\/02\/20210113-Sample-box-4-200x125.jpg 200w, https:\/\/www.showdowndisplays.eu\/wp-content\/uploads\/2021\/02\/20210113-Sample-box-4.jpg 896w\" sizes=\"(max-width: 380px) 100vw, 380px\" \/><noscript><img decoding=\"async\" width=\"380\" height=\"238\" data-aspectratio=\"380\/238\" src=\"data:image\/gif;base64,R0lGODlhAQABAIAAAAAAAP\/\/\/yH5BAEAAAAALAAAAAABAAEAAAIBRAA7\" data-src=\"https:\/\/www.showdowndisplays.eu\/wp-content\/uploads\/2021\/02\/20210113-Sample-box-4-380x238.jpg\" class=\"attachment-about-us size-about-us lazyload\" alt=\" width\" data-srcset=\"https:\/\/www.showdowndisplays.eu\/wp-content\/uploads\/2021\/02\/20210113-Sample-box-4-380x238.jpg 380w, https:\/\/www.showdowndisplays.eu\/wp-content\/uploads\/2021\/02\/20210113-Sample-box-4-431x270.jpg 431w, https:\/\/www.showdowndisplays.eu\/wp-content\/uploads\/2021\/02\/20210113-Sample-box-4-768x481.jpg 768w, https:\/\/www.showdowndisplays.eu\/wp-content\/uploads\/2021\/02\/20210113-Sample-box-4-96x60.jpg 96w, https:\/\/www.showdowndisplays.eu\/wp-content\/uploads\/2021\/02\/20210113-Sample-box-4-200x125.jpg 200w, https:\/\/www.showdowndisplays.eu\/wp-content\/uploads\/2021\/02\/20210113-Sample-box-4.jpg 896w\" sizes=\"(max-width: 380px) 100vw, 380px\" \/><\/noscript>                <\/div>\r\n                <div class=\"marketing__content-wrapper global-style\">\r\n                                            <div class=\"marketing__title-wrapper\">\r\n                            <h3>Vos propres \u00e9chantillons<\/h3>\r\n                        <\/div>\r\n                                        <div class=\"marketing__content\">\r\n                                            <\/div>\r\n                <\/div>\r\n\r\n                                    <a href=\"https:\/\/www.showdowndisplays.eu\/fr\/support-marketing\/vos-propres-echantillons\/\"  class=\"marketing__read-more link-with-arrow link-with-arrow--blue\">En savoir plus<\/a>\r\n                \r\n            <\/div>\r\n\r\n                                <div class=\"marketing__item marketing__item--4\">\r\n\r\n                <div class=\"marketing__image\">\r\n                    <img data-aspectratio=\"380\/238\" decoding=\"async\" width=\"380\" height=\"238\" data-aspectratio=\"380\/238\" src=\"data:image\/gif;base64,R0lGODlhAQABAIAAAAAAAP\/\/\/yH5BAEAAAAALAAAAAABAAEAAAIBRAA7\" data-src=\"https:\/\/www.showdowndisplays.eu\/wp-content\/uploads\/2021\/01\/Inspirational-content-2-380x238.png\" class=\"attachment-about-us size-about-us lazyload\" alt=\" width\" data-srcset=\"https:\/\/www.showdowndisplays.eu\/wp-content\/uploads\/2021\/01\/Inspirational-content-2-380x238.png 380w, https:\/\/www.showdowndisplays.eu\/wp-content\/uploads\/2021\/01\/Inspirational-content-2-432x270.png 432w, https:\/\/www.showdowndisplays.eu\/wp-content\/uploads\/2021\/01\/Inspirational-content-2-1024x640.png 1024w, https:\/\/www.showdowndisplays.eu\/wp-content\/uploads\/2021\/01\/Inspirational-content-2-768x480.png 768w, https:\/\/www.showdowndisplays.eu\/wp-content\/uploads\/2021\/01\/Inspirational-content-2-1536x960.png 1536w, https:\/\/www.showdowndisplays.eu\/wp-content\/uploads\/2021\/01\/Inspirational-content-2-96x60.png 96w, https:\/\/www.showdowndisplays.eu\/wp-content\/uploads\/2021\/01\/Inspirational-content-2-200x125.png 200w, https:\/\/www.showdowndisplays.eu\/wp-content\/uploads\/2021\/01\/Inspirational-content-2.png 1600w\" sizes=\"(max-width: 380px) 100vw, 380px\" \/><noscript><img decoding=\"async\" width=\"380\" height=\"238\" data-aspectratio=\"380\/238\" src=\"data:image\/gif;base64,R0lGODlhAQABAIAAAAAAAP\/\/\/yH5BAEAAAAALAAAAAABAAEAAAIBRAA7\" data-src=\"https:\/\/www.showdowndisplays.eu\/wp-content\/uploads\/2021\/01\/Inspirational-content-2-380x238.png\" class=\"attachment-about-us size-about-us lazyload\" alt=\" width\" data-srcset=\"https:\/\/www.showdowndisplays.eu\/wp-content\/uploads\/2021\/01\/Inspirational-content-2-380x238.png 380w, https:\/\/www.showdowndisplays.eu\/wp-content\/uploads\/2021\/01\/Inspirational-content-2-432x270.png 432w, https:\/\/www.showdowndisplays.eu\/wp-content\/uploads\/2021\/01\/Inspirational-content-2-1024x640.png 1024w, https:\/\/www.showdowndisplays.eu\/wp-content\/uploads\/2021\/01\/Inspirational-content-2-768x480.png 768w, https:\/\/www.showdowndisplays.eu\/wp-content\/uploads\/2021\/01\/Inspirational-content-2-1536x960.png 1536w, https:\/\/www.showdowndisplays.eu\/wp-content\/uploads\/2021\/01\/Inspirational-content-2-96x60.png 96w, https:\/\/www.showdowndisplays.eu\/wp-content\/uploads\/2021\/01\/Inspirational-content-2-200x125.png 200w, https:\/\/www.showdowndisplays.eu\/wp-content\/uploads\/2021\/01\/Inspirational-content-2.png 1600w\" sizes=\"(max-width: 380px) 100vw, 380px\" \/><\/noscript>                <\/div>\r\n                <div class=\"marketing__content-wrapper global-style\">\r\n                                            <div class=\"marketing__title-wrapper\">\r\n                            <h3>Un contenu inspirant<\/h3>\r\n                        <\/div>\r\n                                        <div class=\"marketing__content\">\r\n                                            <\/div>\r\n                <\/div>\r\n\r\n                                    <a href=\"https:\/\/www.showdowndisplays.eu\/fr\/support-marketing\/un-contenu-inspirant\/\"  class=\"marketing__read-more link-with-arrow link-with-arrow--blue\">En savoir plus<\/a>\r\n                \r\n            <\/div>\r\n\r\n            <\/div>\r\n","protected":false},"excerpt":{"rendered":"<p>Manuels d\u2019utilisation La plupart des produits de notre assortiment n\u00e9cessitent une certaine installation. Certains produits sont pr\u00eats en un rien&#8230;<\/p>\n","protected":false},"author":3,"featured_media":0,"parent":5274,"menu_order":0,"comment_status":"closed","ping_status":"closed","template":"","meta":{"_acf_changed":false,"footnotes":""},"class_list":["post-9331","page","type-page","status-publish","hentry"],"acf":[],"_links":{"self":[{"href":"https:\/\/www.showdowndisplays.eu\/fr\/wp-json\/wp\/v2\/pages\/9331","targetHints":{"allow":["GET"]}}],"collection":[{"href":"https:\/\/www.showdowndisplays.eu\/fr\/wp-json\/wp\/v2\/pages"}],"about":[{"href":"https:\/\/www.showdowndisplays.eu\/fr\/wp-json\/wp\/v2\/types\/page"}],"author":[{"embeddable":true,"href":"https:\/\/www.showdowndisplays.eu\/fr\/wp-json\/wp\/v2\/users\/3"}],"replies":[{"embeddable":true,"href":"https:\/\/www.showdowndisplays.eu\/fr\/wp-json\/wp\/v2\/comments?post=9331"}],"version-history":[{"count":14,"href":"https:\/\/www.showdowndisplays.eu\/fr\/wp-json\/wp\/v2\/pages\/9331\/revisions"}],"predecessor-version":[{"id":27718,"href":"https:\/\/www.showdowndisplays.eu\/fr\/wp-json\/wp\/v2\/pages\/9331\/revisions\/27718"}],"up":[{"embeddable":true,"href":"https:\/\/www.showdowndisplays.eu\/fr\/wp-json\/wp\/v2\/pages\/5274"}],"wp:attachment":[{"href":"https:\/\/www.showdowndisplays.eu\/fr\/wp-json\/wp\/v2\/media?parent=9331"}],"curies":[{"name":"wp","href":"https:\/\/api.w.org\/{rel}","templated":true}]}}