{"id":9267,"date":"2021-02-25T15:05:10","date_gmt":"2021-02-25T15:05:10","guid":{"rendered":"https:\/\/www.showdowndisplays.eu\/support-marketing\/your-own-catalogue-and-brochures\/"},"modified":"2026-02-09T11:14:00","modified_gmt":"2026-02-09T11:14:00","slug":"votre-propre-catalogue-et-vos-brochures","status":"publish","type":"page","link":"https:\/\/www.showdowndisplays.eu\/fr\/support-marketing\/votre-propre-catalogue-et-vos-brochures\/","title":{"rendered":"Votre propre catalogue et vos brochures"},"content":{"rendered":"\n<div class=\"wp-block-media-text alignwide is-stacked-on-mobile is-image-fill-element image-text-2\"><figure class=\"wp-block-media-text__media\"><img data-aspectratio=\"1024\/1024\" src=\"data:image\/gif;base64,R0lGODlhAQABAIAAAAAAAP\/\/\/yH5BAEAAAAALAAAAAABAAEAAAIBRAA7\" decoding=\"async\" width=\"1024\" height=\"1024\" data-src=\"https:\/\/www.showdowndisplays.eu\/wp-content\/uploads\/2026\/02\/Mockup-laptop-neutral-catalogue-2026.2-1-1024x1024.jpg\" alt=\"Neutral Catalogue 2026\" class=\"wp-image-53132 size-full lazyload\" style=\"object-position:50% 50%\" data-srcset=\"https:\/\/www.showdowndisplays.eu\/wp-content\/uploads\/2026\/02\/Mockup-laptop-neutral-catalogue-2026.2-1-1024x1024.jpg 1024w, https:\/\/www.showdowndisplays.eu\/wp-content\/uploads\/2026\/02\/Mockup-laptop-neutral-catalogue-2026.2-1-270x270.jpg 270w, https:\/\/www.showdowndisplays.eu\/wp-content\/uploads\/2026\/02\/Mockup-laptop-neutral-catalogue-2026.2-1-768x768.jpg 768w, https:\/\/www.showdowndisplays.eu\/wp-content\/uploads\/2026\/02\/Mockup-laptop-neutral-catalogue-2026.2-1-1536x1536.jpg 1536w, https:\/\/www.showdowndisplays.eu\/wp-content\/uploads\/2026\/02\/Mockup-laptop-neutral-catalogue-2026.2-1-380x380.jpg 380w, https:\/\/www.showdowndisplays.eu\/wp-content\/uploads\/2026\/02\/Mockup-laptop-neutral-catalogue-2026.2-1-96x96.jpg 96w, https:\/\/www.showdowndisplays.eu\/wp-content\/uploads\/2026\/02\/Mockup-laptop-neutral-catalogue-2026.2-1-200x200.jpg 200w, https:\/\/www.showdowndisplays.eu\/wp-content\/uploads\/2026\/02\/Mockup-laptop-neutral-catalogue-2026.2-1.jpg 2048w\" sizes=\"(max-width: 1024px) 100vw, 1024px\" \/><noscript><img decoding=\"async\" width=\"1024\" height=\"1024\" src=\"https:\/\/www.showdowndisplays.eu\/wp-content\/uploads\/2026\/02\/Mockup-laptop-neutral-catalogue-2026.2-1-1024x1024.jpg\" alt=\"Neutral Catalogue 2026\" class=\"wp-image-53132 size-full\" style=\"object-position:50% 50%\" srcset=\"https:\/\/www.showdowndisplays.eu\/wp-content\/uploads\/2026\/02\/Mockup-laptop-neutral-catalogue-2026.2-1-1024x1024.jpg 1024w, https:\/\/www.showdowndisplays.eu\/wp-content\/uploads\/2026\/02\/Mockup-laptop-neutral-catalogue-2026.2-1-270x270.jpg 270w, https:\/\/www.showdowndisplays.eu\/wp-content\/uploads\/2026\/02\/Mockup-laptop-neutral-catalogue-2026.2-1-768x768.jpg 768w, https:\/\/www.showdowndisplays.eu\/wp-content\/uploads\/2026\/02\/Mockup-laptop-neutral-catalogue-2026.2-1-1536x1536.jpg 1536w, https:\/\/www.showdowndisplays.eu\/wp-content\/uploads\/2026\/02\/Mockup-laptop-neutral-catalogue-2026.2-1-380x380.jpg 380w, https:\/\/www.showdowndisplays.eu\/wp-content\/uploads\/2026\/02\/Mockup-laptop-neutral-catalogue-2026.2-1-96x96.jpg 96w, https:\/\/www.showdowndisplays.eu\/wp-content\/uploads\/2026\/02\/Mockup-laptop-neutral-catalogue-2026.2-1-200x200.jpg 200w, https:\/\/www.showdowndisplays.eu\/wp-content\/uploads\/2026\/02\/Mockup-laptop-neutral-catalogue-2026.2-1.jpg 2048w\" sizes=\"(max-width: 1024px) 100vw, 1024px\" \/><\/noscript><\/figure><div class=\"wp-block-media-text__content\">\n<h2 class=\"wp-block-heading\">Catalogue num\u00e9rique neutre<\/h2>\n\n\n\n<p>Chaque ann\u00e9e, nous pr\u00e9sentons un tout nouveau catalogue num\u00e9rique. Vous y trouverez toute notre gamme de produits, des images inspirantes et toutes les informations n\u00e9cessaires sur nos produits et services. <a href=\"https:\/\/online.flippingbook.com\/view\/156972821\/\" data-type=\"link\" data-id=\"https:\/\/online.flippingbook.com\/view\/156972821\/\" target=\"_blank\" rel=\"noopener\"><strong>Vous pouvez trouver notre plus r\u00e9cent catalogue num\u00e9rique ici<\/strong>.<\/a><\/p>\n\n\n\n<p>Nous sommes heureux de penser avec vous&nbsp;! C\u2019est pourquoi nous disposons \u00e9galement d\u2019un catalogue num\u00e9rique neutre dans le cadre de notre soutien marketing, sans le nom de notre entreprise ni sa marque.<\/p>\n\n\n\n<p>Ce catalogue num\u00e9rique est sp\u00e9cialement con\u00e7u pour vous&nbsp;! Partagez-le avec vos clients, mettez le catalogue sur votre site web ou montrez-le lors d\u2019un rendez-vous. Vous pouvez ainsi pr\u00e9senter votre gamme de produits d\u2019une mani\u00e8re attrayante et professionnelle.<\/p>\n\n\n\n<div class=\"wp-block-buttons is-layout-flex wp-block-buttons-is-layout-flex\">\n<div class=\"wp-block-button\"><a class=\"wp-block-button__link wp-element-button\" href=\"https:\/\/online.flippingbook.com\/view\/316258830\/\" target=\"_blank\" rel=\"noopener\">Consultez notre catalogue num\u00e9rique neutre<\/a><\/div>\n<\/div>\n\n\n\n<p>Fini d\u2019investir du temps et de l\u2019\u00e9nergie dans le d\u00e9veloppement de nouveaux supports marketing&nbsp;! Ils sont d\u00e9j\u00e0 cr\u00e9\u00e9s pour vous. C\u2019est ainsi que vous augmenterez vos ventes&nbsp;!<\/p>\n<\/div><\/div>\n\n\n\n<div class=\"wp-block-media-text alignwide has-media-on-the-right is-stacked-on-mobile is-image-fill-element image-text-2\"><div class=\"wp-block-media-text__content\">\n<h2 class=\"wp-block-heading\">Catalogue num\u00e9rique de la marque<\/h2>\n\n\n\n<p>Vous pouvez personnaliser le catalogue neutre en y ajoutant votre propre marque. Il est possible d\u2019y ajouter une couverture et une derni\u00e8re page avec votre propre logo et des couleurs qui vous feront sortir du lot.<\/p>\n\n\n\n<p>Ce que vous devez faire&nbsp;? Envoyez-nous vos recto et verso personnalis\u00e9s au format&nbsp;A4. Nous nous occupons du reste&nbsp;!<\/p>\n\n\n\n<p>Il est \u00e9galement possible de personnaliser l\u2019int\u00e9rieur du catalogue en fonction de vos souhaits et de vos besoins. Dans ce cas, nous vous enverrons notre fichier de travail afin que vous puissiez y ajouter votre propre touche. Merci de contacter notre \u00e9quipe de marketing pour discuter des possibilit\u00e9s.<\/p>\n\n\n\n<div class=\"wp-block-buttons is-layout-flex wp-block-buttons-is-layout-flex\">\n<div class=\"wp-block-button\"><a class=\"wp-block-button__link wp-element-button\" href=\"mailto:marketing@showdowndisplays.eu\">Demandez votre catalogue personnalis\u00e9<\/a><\/div>\n<\/div>\n<\/div><figure class=\"wp-block-media-text__media\"><img data-aspectratio=\"768\/1024\" src=\"data:image\/gif;base64,R0lGODlhAQABAIAAAAAAAP\/\/\/yH5BAEAAAAALAAAAAABAAEAAAIBRAA7\" decoding=\"async\" width=\"768\" height=\"1024\" data-src=\"https:\/\/www.showdowndisplays.eu\/wp-content\/uploads\/2021\/04\/Visual-2-Digitale-branded-catalogus-768x1024.jpg\" alt=\"\" class=\"wp-image-9128 size-full lazyload\" style=\"object-position:50% 76%\" data-srcset=\"https:\/\/www.showdowndisplays.eu\/wp-content\/uploads\/2021\/04\/Visual-2-Digitale-branded-catalogus-768x1024.jpg 768w, https:\/\/www.showdowndisplays.eu\/wp-content\/uploads\/2021\/04\/Visual-2-Digitale-branded-catalogus-203x270.jpg 203w, https:\/\/www.showdowndisplays.eu\/wp-content\/uploads\/2021\/04\/Visual-2-Digitale-branded-catalogus-330x440.jpg 330w, https:\/\/www.showdowndisplays.eu\/wp-content\/uploads\/2021\/04\/Visual-2-Digitale-branded-catalogus-96x128.jpg 96w, https:\/\/www.showdowndisplays.eu\/wp-content\/uploads\/2021\/04\/Visual-2-Digitale-branded-catalogus-150x200.jpg 150w, https:\/\/www.showdowndisplays.eu\/wp-content\/uploads\/2021\/04\/Visual-2-Digitale-branded-catalogus.jpg 900w\" sizes=\"(max-width: 768px) 100vw, 768px\" \/><noscript><img decoding=\"async\" width=\"768\" height=\"1024\" src=\"https:\/\/www.showdowndisplays.eu\/wp-content\/uploads\/2021\/04\/Visual-2-Digitale-branded-catalogus-768x1024.jpg\" alt=\"\" class=\"wp-image-9128 size-full\" style=\"object-position:50% 76%\" srcset=\"https:\/\/www.showdowndisplays.eu\/wp-content\/uploads\/2021\/04\/Visual-2-Digitale-branded-catalogus-768x1024.jpg 768w, https:\/\/www.showdowndisplays.eu\/wp-content\/uploads\/2021\/04\/Visual-2-Digitale-branded-catalogus-203x270.jpg 203w, https:\/\/www.showdowndisplays.eu\/wp-content\/uploads\/2021\/04\/Visual-2-Digitale-branded-catalogus-330x440.jpg 330w, https:\/\/www.showdowndisplays.eu\/wp-content\/uploads\/2021\/04\/Visual-2-Digitale-branded-catalogus-96x128.jpg 96w, https:\/\/www.showdowndisplays.eu\/wp-content\/uploads\/2021\/04\/Visual-2-Digitale-branded-catalogus-150x200.jpg 150w, https:\/\/www.showdowndisplays.eu\/wp-content\/uploads\/2021\/04\/Visual-2-Digitale-branded-catalogus.jpg 900w\" sizes=\"(max-width: 768px) 100vw, 768px\" \/><\/noscript><\/figure><\/div>\n\n\n\n\n\n\n\n<div class=\"wp-block-media-text alignwide is-stacked-on-mobile is-image-fill-element image-text-2\"><figure class=\"wp-block-media-text__media\"><img data-aspectratio=\"900\/606\" src=\"data:image\/gif;base64,R0lGODlhAQABAIAAAAAAAP\/\/\/yH5BAEAAAAALAAAAAABAAEAAAIBRAA7\" decoding=\"async\" width=\"900\" height=\"606\" data-src=\"https:\/\/www.showdowndisplays.eu\/wp-content\/uploads\/2022\/01\/SDE_market_flyers.jpg\" alt=\"\" class=\"wp-image-16911 size-full lazyload\" style=\"object-position:50% 50%\" data-srcset=\"https:\/\/www.showdowndisplays.eu\/wp-content\/uploads\/2022\/01\/SDE_market_flyers.jpg 900w, https:\/\/www.showdowndisplays.eu\/wp-content\/uploads\/2022\/01\/SDE_market_flyers-401x270.jpg 401w, https:\/\/www.showdowndisplays.eu\/wp-content\/uploads\/2022\/01\/SDE_market_flyers-768x517.jpg 768w, https:\/\/www.showdowndisplays.eu\/wp-content\/uploads\/2022\/01\/SDE_market_flyers-380x256.jpg 380w, https:\/\/www.showdowndisplays.eu\/wp-content\/uploads\/2022\/01\/SDE_market_flyers-96x65.jpg 96w, https:\/\/www.showdowndisplays.eu\/wp-content\/uploads\/2022\/01\/SDE_market_flyers-200x135.jpg 200w\" sizes=\"(max-width: 900px) 100vw, 900px\" \/><noscript><img decoding=\"async\" width=\"900\" height=\"606\" src=\"https:\/\/www.showdowndisplays.eu\/wp-content\/uploads\/2022\/01\/SDE_market_flyers.jpg\" alt=\"\" class=\"wp-image-16911 size-full\" style=\"object-position:50% 50%\" srcset=\"https:\/\/www.showdowndisplays.eu\/wp-content\/uploads\/2022\/01\/SDE_market_flyers.jpg 900w, https:\/\/www.showdowndisplays.eu\/wp-content\/uploads\/2022\/01\/SDE_market_flyers-401x270.jpg 401w, https:\/\/www.showdowndisplays.eu\/wp-content\/uploads\/2022\/01\/SDE_market_flyers-768x517.jpg 768w, https:\/\/www.showdowndisplays.eu\/wp-content\/uploads\/2022\/01\/SDE_market_flyers-380x256.jpg 380w, https:\/\/www.showdowndisplays.eu\/wp-content\/uploads\/2022\/01\/SDE_market_flyers-96x65.jpg 96w, https:\/\/www.showdowndisplays.eu\/wp-content\/uploads\/2022\/01\/SDE_market_flyers-200x135.jpg 200w\" sizes=\"(max-width: 900px) 100vw, 900px\" \/><\/noscript><\/figure><div class=\"wp-block-media-text__content\">\n<h2 class=\"wp-block-heading\">Des brochures num\u00e9riques neutres pour vos clients<\/h2>\n\n\n\n<p>En plus de notre catalogue neutre, nous disposons \u00e9galement de brochures neutres que vous pouvez partager avec vos clients. Diff\u00e9rents march\u00e9s et cas d\u2019utilisation sont ici couverts. \u00cates-vous curieux de savoir quels d\u00e9pliants nous avons, que vous pouvez partager avec vos clients?<\/p>\n\n\n\n<div class=\"wp-block-buttons is-layout-flex wp-block-buttons-is-layout-flex\">\n<div class=\"wp-block-button\"><a class=\"wp-block-button__link wp-element-button\" href=\"https:\/\/www.showdowndisplays.eu\/fr\/ressources\/\" target=\"_blank\" rel=\"noreferrer noopener\">D\u00e9couvrez nos d\u00e9pliants neutres<\/a><\/div>\n<\/div>\n\n\n\n<div style=\"height:75px\" aria-hidden=\"true\" class=\"wp-block-spacer\"><\/div>\n<\/div><\/div>\n\n\n\n<div style=\"height:20px\" aria-hidden=\"true\" class=\"wp-block-spacer\"><\/div>\n\n\n\n<h2 class=\"wp-block-heading has-text-align-center\">Pages li\u00e9es<\/h2>\n\n\n    <div class=\"marketing\">\r\n                                <div class=\"marketing__item marketing__item--4\">\r\n\r\n                <div class=\"marketing__image\">\r\n                    <img data-aspectratio=\"380\/238\" decoding=\"async\" width=\"380\" height=\"238\" data-aspectratio=\"380\/238\" src=\"data:image\/gif;base64,R0lGODlhAQABAIAAAAAAAP\/\/\/yH5BAEAAAAALAAAAAABAAEAAAIBRAA7\" data-src=\"https:\/\/www.showdowndisplays.eu\/wp-content\/uploads\/2021\/01\/Product-photos-and-videos-3-380x238.jpg\" class=\"attachment-about-us size-about-us lazyload\" alt=\" width\" data-srcset=\"https:\/\/www.showdowndisplays.eu\/wp-content\/uploads\/2021\/01\/Product-photos-and-videos-3-380x238.jpg 380w, https:\/\/www.showdowndisplays.eu\/wp-content\/uploads\/2021\/01\/Product-photos-and-videos-3-432x270.jpg 432w, https:\/\/www.showdowndisplays.eu\/wp-content\/uploads\/2021\/01\/Product-photos-and-videos-3-1024x640.jpg 1024w, https:\/\/www.showdowndisplays.eu\/wp-content\/uploads\/2021\/01\/Product-photos-and-videos-3-768x480.jpg 768w, https:\/\/www.showdowndisplays.eu\/wp-content\/uploads\/2021\/01\/Product-photos-and-videos-3-1536x960.jpg 1536w, https:\/\/www.showdowndisplays.eu\/wp-content\/uploads\/2021\/01\/Product-photos-and-videos-3-96x60.jpg 96w, https:\/\/www.showdowndisplays.eu\/wp-content\/uploads\/2021\/01\/Product-photos-and-videos-3-200x125.jpg 200w, https:\/\/www.showdowndisplays.eu\/wp-content\/uploads\/2021\/01\/Product-photos-and-videos-3.jpg 1600w\" sizes=\"(max-width: 380px) 100vw, 380px\" \/><noscript><img decoding=\"async\" width=\"380\" height=\"238\" data-aspectratio=\"380\/238\" src=\"data:image\/gif;base64,R0lGODlhAQABAIAAAAAAAP\/\/\/yH5BAEAAAAALAAAAAABAAEAAAIBRAA7\" data-src=\"https:\/\/www.showdowndisplays.eu\/wp-content\/uploads\/2021\/01\/Product-photos-and-videos-3-380x238.jpg\" class=\"attachment-about-us size-about-us lazyload\" alt=\" width\" data-srcset=\"https:\/\/www.showdowndisplays.eu\/wp-content\/uploads\/2021\/01\/Product-photos-and-videos-3-380x238.jpg 380w, https:\/\/www.showdowndisplays.eu\/wp-content\/uploads\/2021\/01\/Product-photos-and-videos-3-432x270.jpg 432w, https:\/\/www.showdowndisplays.eu\/wp-content\/uploads\/2021\/01\/Product-photos-and-videos-3-1024x640.jpg 1024w, https:\/\/www.showdowndisplays.eu\/wp-content\/uploads\/2021\/01\/Product-photos-and-videos-3-768x480.jpg 768w, https:\/\/www.showdowndisplays.eu\/wp-content\/uploads\/2021\/01\/Product-photos-and-videos-3-1536x960.jpg 1536w, https:\/\/www.showdowndisplays.eu\/wp-content\/uploads\/2021\/01\/Product-photos-and-videos-3-96x60.jpg 96w, https:\/\/www.showdowndisplays.eu\/wp-content\/uploads\/2021\/01\/Product-photos-and-videos-3-200x125.jpg 200w, https:\/\/www.showdowndisplays.eu\/wp-content\/uploads\/2021\/01\/Product-photos-and-videos-3.jpg 1600w\" sizes=\"(max-width: 380px) 100vw, 380px\" \/><\/noscript>                <\/div>\r\n                <div class=\"marketing__content-wrapper global-style\">\r\n                                            <div class=\"marketing__title-wrapper\">\r\n                            <h3>Photos et vid\u00e9os des produits<\/h3>\r\n                        <\/div>\r\n                                        <div class=\"marketing__content\">\r\n                                            <\/div>\r\n                <\/div>\r\n\r\n                                    <a href=\"https:\/\/www.showdowndisplays.eu\/fr\/support-marketing\/photos-et-videos-de-produits\/\" class=\"marketing__read-more link-with-arrow link-with-arrow--blue\">En savoir plus<\/a>\r\n                \r\n            <\/div>\r\n\r\n                                <div class=\"marketing__item marketing__item--4\">\r\n\r\n                <div class=\"marketing__image\">\r\n                    <img data-aspectratio=\"380\/238\" decoding=\"async\" width=\"380\" height=\"238\" data-aspectratio=\"380\/238\" src=\"data:image\/gif;base64,R0lGODlhAQABAIAAAAAAAP\/\/\/yH5BAEAAAAALAAAAAABAAEAAAIBRAA7\" data-src=\"https:\/\/www.showdowndisplays.eu\/wp-content\/uploads\/2021\/02\/20210113-Sample-box-4-380x238.jpg\" class=\"attachment-about-us size-about-us lazyload\" alt=\" width\" data-srcset=\"https:\/\/www.showdowndisplays.eu\/wp-content\/uploads\/2021\/02\/20210113-Sample-box-4-380x238.jpg 380w, https:\/\/www.showdowndisplays.eu\/wp-content\/uploads\/2021\/02\/20210113-Sample-box-4-431x270.jpg 431w, https:\/\/www.showdowndisplays.eu\/wp-content\/uploads\/2021\/02\/20210113-Sample-box-4-768x481.jpg 768w, https:\/\/www.showdowndisplays.eu\/wp-content\/uploads\/2021\/02\/20210113-Sample-box-4-96x60.jpg 96w, https:\/\/www.showdowndisplays.eu\/wp-content\/uploads\/2021\/02\/20210113-Sample-box-4-200x125.jpg 200w, https:\/\/www.showdowndisplays.eu\/wp-content\/uploads\/2021\/02\/20210113-Sample-box-4.jpg 896w\" sizes=\"(max-width: 380px) 100vw, 380px\" \/><noscript><img decoding=\"async\" width=\"380\" height=\"238\" data-aspectratio=\"380\/238\" src=\"data:image\/gif;base64,R0lGODlhAQABAIAAAAAAAP\/\/\/yH5BAEAAAAALAAAAAABAAEAAAIBRAA7\" data-src=\"https:\/\/www.showdowndisplays.eu\/wp-content\/uploads\/2021\/02\/20210113-Sample-box-4-380x238.jpg\" class=\"attachment-about-us size-about-us lazyload\" alt=\" width\" data-srcset=\"https:\/\/www.showdowndisplays.eu\/wp-content\/uploads\/2021\/02\/20210113-Sample-box-4-380x238.jpg 380w, https:\/\/www.showdowndisplays.eu\/wp-content\/uploads\/2021\/02\/20210113-Sample-box-4-431x270.jpg 431w, https:\/\/www.showdowndisplays.eu\/wp-content\/uploads\/2021\/02\/20210113-Sample-box-4-768x481.jpg 768w, https:\/\/www.showdowndisplays.eu\/wp-content\/uploads\/2021\/02\/20210113-Sample-box-4-96x60.jpg 96w, https:\/\/www.showdowndisplays.eu\/wp-content\/uploads\/2021\/02\/20210113-Sample-box-4-200x125.jpg 200w, https:\/\/www.showdowndisplays.eu\/wp-content\/uploads\/2021\/02\/20210113-Sample-box-4.jpg 896w\" sizes=\"(max-width: 380px) 100vw, 380px\" \/><\/noscript>                <\/div>\r\n                <div class=\"marketing__content-wrapper global-style\">\r\n                                            <div class=\"marketing__title-wrapper\">\r\n                            <h3>Vos propres \u00e9chantillons<\/h3>\r\n                        <\/div>\r\n                                        <div class=\"marketing__content\">\r\n                                            <\/div>\r\n                <\/div>\r\n\r\n                                    <a href=\"https:\/\/www.showdowndisplays.eu\/fr\/support-marketing\/vos-propres-echantillons\/\" class=\"marketing__read-more link-with-arrow link-with-arrow--blue\">En savoir plus<\/a>\r\n                \r\n            <\/div>\r\n\r\n                                <div class=\"marketing__item marketing__item--4\">\r\n\r\n                <div class=\"marketing__image\">\r\n                    <img data-aspectratio=\"380\/238\" decoding=\"async\" width=\"380\" height=\"238\" data-aspectratio=\"380\/238\" src=\"data:image\/gif;base64,R0lGODlhAQABAIAAAAAAAP\/\/\/yH5BAEAAAAALAAAAAABAAEAAAIBRAA7\" data-src=\"https:\/\/www.showdowndisplays.eu\/wp-content\/uploads\/2021\/01\/Inspirational-content-2-380x238.png\" class=\"attachment-about-us size-about-us lazyload\" alt=\" width\" data-srcset=\"https:\/\/www.showdowndisplays.eu\/wp-content\/uploads\/2021\/01\/Inspirational-content-2-380x238.png 380w, https:\/\/www.showdowndisplays.eu\/wp-content\/uploads\/2021\/01\/Inspirational-content-2-432x270.png 432w, https:\/\/www.showdowndisplays.eu\/wp-content\/uploads\/2021\/01\/Inspirational-content-2-1024x640.png 1024w, https:\/\/www.showdowndisplays.eu\/wp-content\/uploads\/2021\/01\/Inspirational-content-2-768x480.png 768w, https:\/\/www.showdowndisplays.eu\/wp-content\/uploads\/2021\/01\/Inspirational-content-2-1536x960.png 1536w, https:\/\/www.showdowndisplays.eu\/wp-content\/uploads\/2021\/01\/Inspirational-content-2-96x60.png 96w, https:\/\/www.showdowndisplays.eu\/wp-content\/uploads\/2021\/01\/Inspirational-content-2-200x125.png 200w, https:\/\/www.showdowndisplays.eu\/wp-content\/uploads\/2021\/01\/Inspirational-content-2.png 1600w\" sizes=\"(max-width: 380px) 100vw, 380px\" \/><noscript><img decoding=\"async\" width=\"380\" height=\"238\" data-aspectratio=\"380\/238\" src=\"data:image\/gif;base64,R0lGODlhAQABAIAAAAAAAP\/\/\/yH5BAEAAAAALAAAAAABAAEAAAIBRAA7\" data-src=\"https:\/\/www.showdowndisplays.eu\/wp-content\/uploads\/2021\/01\/Inspirational-content-2-380x238.png\" class=\"attachment-about-us size-about-us lazyload\" alt=\" width\" data-srcset=\"https:\/\/www.showdowndisplays.eu\/wp-content\/uploads\/2021\/01\/Inspirational-content-2-380x238.png 380w, https:\/\/www.showdowndisplays.eu\/wp-content\/uploads\/2021\/01\/Inspirational-content-2-432x270.png 432w, https:\/\/www.showdowndisplays.eu\/wp-content\/uploads\/2021\/01\/Inspirational-content-2-1024x640.png 1024w, https:\/\/www.showdowndisplays.eu\/wp-content\/uploads\/2021\/01\/Inspirational-content-2-768x480.png 768w, https:\/\/www.showdowndisplays.eu\/wp-content\/uploads\/2021\/01\/Inspirational-content-2-1536x960.png 1536w, https:\/\/www.showdowndisplays.eu\/wp-content\/uploads\/2021\/01\/Inspirational-content-2-96x60.png 96w, https:\/\/www.showdowndisplays.eu\/wp-content\/uploads\/2021\/01\/Inspirational-content-2-200x125.png 200w, https:\/\/www.showdowndisplays.eu\/wp-content\/uploads\/2021\/01\/Inspirational-content-2.png 1600w\" sizes=\"(max-width: 380px) 100vw, 380px\" \/><\/noscript>                <\/div>\r\n                <div class=\"marketing__content-wrapper global-style\">\r\n                                            <div class=\"marketing__title-wrapper\">\r\n                            <h3>Un contenu inspirant<\/h3>\r\n                        <\/div>\r\n                                        <div class=\"marketing__content\">\r\n                                            <\/div>\r\n                <\/div>\r\n\r\n                                    <a href=\"https:\/\/www.showdowndisplays.eu\/fr\/support-marketing\/un-contenu-inspirant\/\" class=\"marketing__read-more link-with-arrow link-with-arrow--blue\">En savoir plus<\/a>\r\n                \r\n            <\/div>\r\n\r\n                                <div class=\"marketing__item marketing__item--4\">\r\n\r\n                <div class=\"marketing__image\">\r\n                    <img data-aspectratio=\"380\/238\" decoding=\"async\" width=\"380\" height=\"238\" data-aspectratio=\"380\/238\" src=\"data:image\/gif;base64,R0lGODlhAQABAIAAAAAAAP\/\/\/yH5BAEAAAAALAAAAAABAAEAAAIBRAA7\" data-src=\"https:\/\/www.showdowndisplays.eu\/wp-content\/uploads\/2021\/01\/Practical-Information-2-380x238.jpg\" class=\"attachment-about-us size-about-us lazyload\" alt=\" width\" data-srcset=\"https:\/\/www.showdowndisplays.eu\/wp-content\/uploads\/2021\/01\/Practical-Information-2-380x238.jpg 380w, https:\/\/www.showdowndisplays.eu\/wp-content\/uploads\/2021\/01\/Practical-Information-2-431x270.jpg 431w, https:\/\/www.showdowndisplays.eu\/wp-content\/uploads\/2021\/01\/Practical-Information-2-1024x641.jpg 1024w, https:\/\/www.showdowndisplays.eu\/wp-content\/uploads\/2021\/01\/Practical-Information-2-768x481.jpg 768w, https:\/\/www.showdowndisplays.eu\/wp-content\/uploads\/2021\/01\/Practical-Information-2-1536x962.jpg 1536w, https:\/\/www.showdowndisplays.eu\/wp-content\/uploads\/2021\/01\/Practical-Information-2-96x60.jpg 96w, https:\/\/www.showdowndisplays.eu\/wp-content\/uploads\/2021\/01\/Practical-Information-2-200x125.jpg 200w, https:\/\/www.showdowndisplays.eu\/wp-content\/uploads\/2021\/01\/Practical-Information-2.jpg 1600w\" sizes=\"(max-width: 380px) 100vw, 380px\" \/><noscript><img decoding=\"async\" width=\"380\" height=\"238\" data-aspectratio=\"380\/238\" src=\"data:image\/gif;base64,R0lGODlhAQABAIAAAAAAAP\/\/\/yH5BAEAAAAALAAAAAABAAEAAAIBRAA7\" data-src=\"https:\/\/www.showdowndisplays.eu\/wp-content\/uploads\/2021\/01\/Practical-Information-2-380x238.jpg\" class=\"attachment-about-us size-about-us lazyload\" alt=\" width\" data-srcset=\"https:\/\/www.showdowndisplays.eu\/wp-content\/uploads\/2021\/01\/Practical-Information-2-380x238.jpg 380w, https:\/\/www.showdowndisplays.eu\/wp-content\/uploads\/2021\/01\/Practical-Information-2-431x270.jpg 431w, https:\/\/www.showdowndisplays.eu\/wp-content\/uploads\/2021\/01\/Practical-Information-2-1024x641.jpg 1024w, https:\/\/www.showdowndisplays.eu\/wp-content\/uploads\/2021\/01\/Practical-Information-2-768x481.jpg 768w, https:\/\/www.showdowndisplays.eu\/wp-content\/uploads\/2021\/01\/Practical-Information-2-1536x962.jpg 1536w, https:\/\/www.showdowndisplays.eu\/wp-content\/uploads\/2021\/01\/Practical-Information-2-96x60.jpg 96w, https:\/\/www.showdowndisplays.eu\/wp-content\/uploads\/2021\/01\/Practical-Information-2-200x125.jpg 200w, https:\/\/www.showdowndisplays.eu\/wp-content\/uploads\/2021\/01\/Practical-Information-2.jpg 1600w\" sizes=\"(max-width: 380px) 100vw, 380px\" \/><\/noscript>                <\/div>\r\n                <div class=\"marketing__content-wrapper global-style\">\r\n                                            <div class=\"marketing__title-wrapper\">\r\n                            <h3>Informations pratiques<\/h3>\r\n                        <\/div>\r\n                                        <div class=\"marketing__content\">\r\n                                            <\/div>\r\n                <\/div>\r\n\r\n                                    <a href=\"https:\/\/www.showdowndisplays.eu\/fr\/support-marketing\/informations-pratiques\/\" class=\"marketing__read-more link-with-arrow link-with-arrow--blue\">En savoir plus<\/a>\r\n                \r\n            <\/div>\r\n\r\n            <\/div>\r\n","protected":false},"excerpt":{"rendered":"<p>Pages li\u00e9es<\/p>\n","protected":false},"author":3,"featured_media":0,"parent":5274,"menu_order":0,"comment_status":"closed","ping_status":"closed","template":"","meta":{"_acf_changed":false,"footnotes":""},"class_list":["post-9267","page","type-page","status-publish","hentry"],"acf":[],"_links":{"self":[{"href":"https:\/\/www.showdowndisplays.eu\/fr\/wp-json\/wp\/v2\/pages\/9267","targetHints":{"allow":["GET"]}}],"collection":[{"href":"https:\/\/www.showdowndisplays.eu\/fr\/wp-json\/wp\/v2\/pages"}],"about":[{"href":"https:\/\/www.showdowndisplays.eu\/fr\/wp-json\/wp\/v2\/types\/page"}],"author":[{"embeddable":true,"href":"https:\/\/www.showdowndisplays.eu\/fr\/wp-json\/wp\/v2\/users\/3"}],"replies":[{"embeddable":true,"href":"https:\/\/www.showdowndisplays.eu\/fr\/wp-json\/wp\/v2\/comments?post=9267"}],"version-history":[{"count":21,"href":"https:\/\/www.showdowndisplays.eu\/fr\/wp-json\/wp\/v2\/pages\/9267\/revisions"}],"predecessor-version":[{"id":53174,"href":"https:\/\/www.showdowndisplays.eu\/fr\/wp-json\/wp\/v2\/pages\/9267\/revisions\/53174"}],"up":[{"embeddable":true,"href":"https:\/\/www.showdowndisplays.eu\/fr\/wp-json\/wp\/v2\/pages\/5274"}],"wp:attachment":[{"href":"https:\/\/www.showdowndisplays.eu\/fr\/wp-json\/wp\/v2\/media?parent=9267"}],"curies":[{"name":"wp","href":"https:\/\/api.w.org\/{rel}","templated":true}]}}