{"id":8222,"date":"2020-12-11T14:14:17","date_gmt":"2020-12-11T14:14:17","guid":{"rendered":"https:\/\/www.showdowndisplays.eu\/customisation\/"},"modified":"2021-08-24T09:10:18","modified_gmt":"2021-08-24T09:10:18","slug":"personnalisation","status":"publish","type":"page","link":"https:\/\/www.showdowndisplays.eu\/fr\/personnalisation\/","title":{"rendered":"Personnalisation"},"content":{"rendered":"\n<div class=\"wp-block-media-text alignwide has-media-on-the-right is-stacked-on-mobile is-image-fill image-text-2\" style=\"grid-template-columns:auto 53%\"><figure class=\"wp-block-media-text__media\" style=\"background-image:url(https:\/\/www.showdowndisplays.eu\/wp-content\/uploads\/2020\/12\/IMG_5923_edit_res-1024x683.jpg);background-position:50% 50%\"><img data-aspectratio=\"1024\/683\" src=\"data:image\/gif;base64,R0lGODlhAQABAIAAAAAAAP\/\/\/yH5BAEAAAAALAAAAAABAAEAAAIBRAA7\" decoding=\"async\" width=\"1024\" height=\"683\" data-src=\"https:\/\/www.showdowndisplays.eu\/wp-content\/uploads\/2020\/12\/IMG_5923_edit_res-1024x683.jpg\" alt=\"\" class=\"wp-image-5500 lazyload\" data-srcset=\"https:\/\/www.showdowndisplays.eu\/wp-content\/uploads\/2020\/12\/IMG_5923_edit_res-1024x683.jpg 1024w, https:\/\/www.showdowndisplays.eu\/wp-content\/uploads\/2020\/12\/IMG_5923_edit_res-405x270.jpg 405w, https:\/\/www.showdowndisplays.eu\/wp-content\/uploads\/2020\/12\/IMG_5923_edit_res-768x512.jpg 768w, https:\/\/www.showdowndisplays.eu\/wp-content\/uploads\/2020\/12\/IMG_5923_edit_res-380x253.jpg 380w, https:\/\/www.showdowndisplays.eu\/wp-content\/uploads\/2020\/12\/IMG_5923_edit_res-96x64.jpg 96w, https:\/\/www.showdowndisplays.eu\/wp-content\/uploads\/2020\/12\/IMG_5923_edit_res-200x133.jpg 200w, https:\/\/www.showdowndisplays.eu\/wp-content\/uploads\/2020\/12\/IMG_5923_edit_res.jpg 1296w\" sizes=\"(max-width: 1024px) 100vw, 1024px\" \/><noscript><img decoding=\"async\" width=\"1024\" height=\"683\" src=\"https:\/\/www.showdowndisplays.eu\/wp-content\/uploads\/2020\/12\/IMG_5923_edit_res-1024x683.jpg\" alt=\"\" class=\"wp-image-5500\" srcset=\"https:\/\/www.showdowndisplays.eu\/wp-content\/uploads\/2020\/12\/IMG_5923_edit_res-1024x683.jpg 1024w, https:\/\/www.showdowndisplays.eu\/wp-content\/uploads\/2020\/12\/IMG_5923_edit_res-405x270.jpg 405w, https:\/\/www.showdowndisplays.eu\/wp-content\/uploads\/2020\/12\/IMG_5923_edit_res-768x512.jpg 768w, https:\/\/www.showdowndisplays.eu\/wp-content\/uploads\/2020\/12\/IMG_5923_edit_res-380x253.jpg 380w, https:\/\/www.showdowndisplays.eu\/wp-content\/uploads\/2020\/12\/IMG_5923_edit_res-96x64.jpg 96w, https:\/\/www.showdowndisplays.eu\/wp-content\/uploads\/2020\/12\/IMG_5923_edit_res-200x133.jpg 200w, https:\/\/www.showdowndisplays.eu\/wp-content\/uploads\/2020\/12\/IMG_5923_edit_res.jpg 1296w\" sizes=\"(max-width: 1024px) 100vw, 1024px\" \/><\/noscript><\/figure><div class=\"wp-block-media-text__content\">\n<h2 class=\"wp-block-heading\">Osez \u00eatre diff\u00e9rent&nbsp;!<\/h2>\n\n\n\n<p>Soyez cr\u00e9atifs et laissez vos r\u00eaves devenir r\u00e9alit\u00e9. Pr\u00e9sentez une marque et des produits d\u2019une mani\u00e8re nouvelle, d\u00e9marquez-vous et osez \u00eatre diff\u00e9rent.<\/p>\n\n\n\n<p>La touche personnelle fait toute la diff\u00e9rence&nbsp;! M\u00eame si nous disposons de l\u2019une des plus grandes gammes de produits en Europe, avec plus de 6400 articles parmi lesquels choisir, nous sommes toujours heureux de discuter de vos besoins sp\u00e9cifiques pour une solution sur mesure. Vous \u00eates curieux de savoir comment nous proc\u00e9dons. Eh bien, comme \u00e7a&nbsp;!<\/p>\n<\/div><\/div>\n\n\n\n<div class=\"wp-block-columns columns-with-background is-layout-flex wp-container-core-columns-is-layout-9d6595d7 wp-block-columns-is-layout-flex\">\n<div class=\"wp-block-column is-layout-flow wp-block-column-is-layout-flow\">\n<div class=\"wp-block-image\"><figure class=\"aligncenter size-large is-resized\"><img data-aspectratio=\"132\/132\" src=\"data:image\/gif;base64,R0lGODlhAQABAIAAAAAAAP\/\/\/yH5BAEAAAAALAAAAAABAAEAAAIBRAA7\" decoding=\"async\" data-src=\"https:\/\/www.showdowndisplays.eu\/wp-content\/uploads\/2020\/12\/Request-2.png\" alt=\"\" class=\"wp-image-6013 lazyload\" width=\"132\" height=\"132\" data-srcset=\"https:\/\/www.showdowndisplays.eu\/wp-content\/uploads\/2020\/12\/Request-2.png 507w, https:\/\/www.showdowndisplays.eu\/wp-content\/uploads\/2020\/12\/Request-2-270x270.png 270w, https:\/\/www.showdowndisplays.eu\/wp-content\/uploads\/2020\/12\/Request-2-380x380.png 380w, https:\/\/www.showdowndisplays.eu\/wp-content\/uploads\/2020\/12\/Request-2-96x96.png 96w, https:\/\/www.showdowndisplays.eu\/wp-content\/uploads\/2020\/12\/Request-2-200x200.png 200w\" sizes=\"(max-width: 132px) 100vw, 132px\" \/><noscript><img decoding=\"async\" src=\"https:\/\/www.showdowndisplays.eu\/wp-content\/uploads\/2020\/12\/Request-2.png\" alt=\"\" class=\"wp-image-6013\" width=\"132\" height=\"132\" srcset=\"https:\/\/www.showdowndisplays.eu\/wp-content\/uploads\/2020\/12\/Request-2.png 507w, https:\/\/www.showdowndisplays.eu\/wp-content\/uploads\/2020\/12\/Request-2-270x270.png 270w, https:\/\/www.showdowndisplays.eu\/wp-content\/uploads\/2020\/12\/Request-2-380x380.png 380w, https:\/\/www.showdowndisplays.eu\/wp-content\/uploads\/2020\/12\/Request-2-96x96.png 96w, https:\/\/www.showdowndisplays.eu\/wp-content\/uploads\/2020\/12\/Request-2-200x200.png 200w\" sizes=\"(max-width: 132px) 100vw, 132px\" \/><\/noscript><\/figure><\/div>\n\n\n\n<h4 class=\"has-text-align-center wp-block-heading\">1. <strong><strong>Demande<\/strong><\/strong><\/h4>\n\n\n\n<p class=\"has-text-align-center\">Vous avez un souhait particulier et vous ne trouvez pas le produit appropri\u00e9 dans notre gamme. Par exemple, une couleur, une taille ou un design diff\u00e9rent. C\u2019est pourquoi vous pouvez nous contacter pour discuter des possibilit\u00e9s.<\/p>\n<\/div>\n\n\n\n<div class=\"wp-block-column is-layout-flow wp-block-column-is-layout-flow\">\n<div class=\"wp-block-image\"><figure class=\"aligncenter size-large is-resized\"><img data-aspectratio=\"132\/132\" src=\"data:image\/gif;base64,R0lGODlhAQABAIAAAAAAAP\/\/\/yH5BAEAAAAALAAAAAABAAEAAAIBRAA7\" decoding=\"async\" data-src=\"https:\/\/www.showdowndisplays.eu\/wp-content\/uploads\/2020\/12\/Consultation-1.png\" alt=\"\" class=\"wp-image-5976 lazyload\" width=\"132\" height=\"132\" data-srcset=\"https:\/\/www.showdowndisplays.eu\/wp-content\/uploads\/2020\/12\/Consultation-1.png 507w, https:\/\/www.showdowndisplays.eu\/wp-content\/uploads\/2020\/12\/Consultation-1-270x270.png 270w, https:\/\/www.showdowndisplays.eu\/wp-content\/uploads\/2020\/12\/Consultation-1-380x380.png 380w, https:\/\/www.showdowndisplays.eu\/wp-content\/uploads\/2020\/12\/Consultation-1-96x96.png 96w, https:\/\/www.showdowndisplays.eu\/wp-content\/uploads\/2020\/12\/Consultation-1-200x200.png 200w\" sizes=\"(max-width: 132px) 100vw, 132px\" \/><noscript><img decoding=\"async\" src=\"https:\/\/www.showdowndisplays.eu\/wp-content\/uploads\/2020\/12\/Consultation-1.png\" alt=\"\" class=\"wp-image-5976\" width=\"132\" height=\"132\" srcset=\"https:\/\/www.showdowndisplays.eu\/wp-content\/uploads\/2020\/12\/Consultation-1.png 507w, https:\/\/www.showdowndisplays.eu\/wp-content\/uploads\/2020\/12\/Consultation-1-270x270.png 270w, https:\/\/www.showdowndisplays.eu\/wp-content\/uploads\/2020\/12\/Consultation-1-380x380.png 380w, https:\/\/www.showdowndisplays.eu\/wp-content\/uploads\/2020\/12\/Consultation-1-96x96.png 96w, https:\/\/www.showdowndisplays.eu\/wp-content\/uploads\/2020\/12\/Consultation-1-200x200.png 200w\" sizes=\"(max-width: 132px) 100vw, 132px\" \/><\/noscript><\/figure><\/div>\n\n\n\n<h4 class=\"has-text-align-center wp-block-heading\"><strong><strong>2. R\u00e9union<\/strong><\/strong><\/h4>\n\n\n\n<p class=\"has-text-align-center\">Nous organisons une r\u00e9union au cours de laquelle nous nous concentrons sur vos souhaits et vos demandes de solution sur mesure. Nous voulons ainsi nous assurer que le produit final correspond \u00e0 la fois \u00e0 votre design et \u00e0 votre budget.<\/p>\n<\/div>\n\n\n\n<div class=\"wp-block-column is-layout-flow wp-block-column-is-layout-flow\">\n<div class=\"wp-block-image\"><figure class=\"aligncenter size-large is-resized\"><img data-aspectratio=\"132\/132\" src=\"data:image\/gif;base64,R0lGODlhAQABAIAAAAAAAP\/\/\/yH5BAEAAAAALAAAAAABAAEAAAIBRAA7\" decoding=\"async\" data-src=\"https:\/\/www.showdowndisplays.eu\/wp-content\/uploads\/2020\/12\/Manufacturing.png\" alt=\"\" class=\"wp-image-5983 lazyload\" width=\"132\" height=\"132\" data-srcset=\"https:\/\/www.showdowndisplays.eu\/wp-content\/uploads\/2020\/12\/Manufacturing.png 507w, https:\/\/www.showdowndisplays.eu\/wp-content\/uploads\/2020\/12\/Manufacturing-270x270.png 270w, https:\/\/www.showdowndisplays.eu\/wp-content\/uploads\/2020\/12\/Manufacturing-380x380.png 380w, https:\/\/www.showdowndisplays.eu\/wp-content\/uploads\/2020\/12\/Manufacturing-96x96.png 96w, https:\/\/www.showdowndisplays.eu\/wp-content\/uploads\/2020\/12\/Manufacturing-200x200.png 200w\" sizes=\"(max-width: 132px) 100vw, 132px\" \/><noscript><img decoding=\"async\" src=\"https:\/\/www.showdowndisplays.eu\/wp-content\/uploads\/2020\/12\/Manufacturing.png\" alt=\"\" class=\"wp-image-5983\" width=\"132\" height=\"132\" srcset=\"https:\/\/www.showdowndisplays.eu\/wp-content\/uploads\/2020\/12\/Manufacturing.png 507w, https:\/\/www.showdowndisplays.eu\/wp-content\/uploads\/2020\/12\/Manufacturing-270x270.png 270w, https:\/\/www.showdowndisplays.eu\/wp-content\/uploads\/2020\/12\/Manufacturing-380x380.png 380w, https:\/\/www.showdowndisplays.eu\/wp-content\/uploads\/2020\/12\/Manufacturing-96x96.png 96w, https:\/\/www.showdowndisplays.eu\/wp-content\/uploads\/2020\/12\/Manufacturing-200x200.png 200w\" sizes=\"(max-width: 132px) 100vw, 132px\" \/><\/noscript><\/figure><\/div>\n\n\n\n<h4 class=\"has-text-align-center wp-block-heading\">3. <strong><strong>Fabrication<\/strong><\/strong><\/h4>\n\n\n\n<p class=\"has-text-align-center\">Une fois notre proposition approuv\u00e9e, notre \u00e9quipe de d\u00e9veloppement, compos\u00e9e d\u2019ing\u00e9nieurs exp\u00e9riment\u00e9s, commencera \u00e0 fabriquer votre solution. Cette \u00e9tape se d\u00e9roule sur notre propre site de fabrication interne europ\u00e9en \u00e0 P\u0159estanov (CZ).<\/p>\n<\/div>\n<\/div>\n\n\n\n<div class=\"wp-block-media-text alignwide is-stacked-on-mobile is-image-fill image-text-2\" style=\"grid-template-columns:58% auto\"><figure class=\"wp-block-media-text__media\" style=\"background-image:url(https:\/\/www.showdowndisplays.eu\/wp-content\/uploads\/2020\/12\/IMG_5980_edit_res-1-1024x683.jpg);background-position:31% 31%\"><img data-aspectratio=\"1024\/683\" src=\"data:image\/gif;base64,R0lGODlhAQABAIAAAAAAAP\/\/\/yH5BAEAAAAALAAAAAABAAEAAAIBRAA7\" decoding=\"async\" width=\"1024\" height=\"683\" data-src=\"https:\/\/www.showdowndisplays.eu\/wp-content\/uploads\/2020\/12\/IMG_5980_edit_res-1-1024x683.jpg\" alt=\"\" class=\"wp-image-5842 lazyload\" data-srcset=\"https:\/\/www.showdowndisplays.eu\/wp-content\/uploads\/2020\/12\/IMG_5980_edit_res-1-1024x683.jpg 1024w, https:\/\/www.showdowndisplays.eu\/wp-content\/uploads\/2020\/12\/IMG_5980_edit_res-1-405x270.jpg 405w, https:\/\/www.showdowndisplays.eu\/wp-content\/uploads\/2020\/12\/IMG_5980_edit_res-1-768x512.jpg 768w, https:\/\/www.showdowndisplays.eu\/wp-content\/uploads\/2020\/12\/IMG_5980_edit_res-1-380x253.jpg 380w, https:\/\/www.showdowndisplays.eu\/wp-content\/uploads\/2020\/12\/IMG_5980_edit_res-1-96x64.jpg 96w, https:\/\/www.showdowndisplays.eu\/wp-content\/uploads\/2020\/12\/IMG_5980_edit_res-1-200x133.jpg 200w, https:\/\/www.showdowndisplays.eu\/wp-content\/uploads\/2020\/12\/IMG_5980_edit_res-1.jpg 1296w\" sizes=\"(max-width: 1024px) 100vw, 1024px\" \/><noscript><img decoding=\"async\" width=\"1024\" height=\"683\" src=\"https:\/\/www.showdowndisplays.eu\/wp-content\/uploads\/2020\/12\/IMG_5980_edit_res-1-1024x683.jpg\" alt=\"\" class=\"wp-image-5842\" srcset=\"https:\/\/www.showdowndisplays.eu\/wp-content\/uploads\/2020\/12\/IMG_5980_edit_res-1-1024x683.jpg 1024w, https:\/\/www.showdowndisplays.eu\/wp-content\/uploads\/2020\/12\/IMG_5980_edit_res-1-405x270.jpg 405w, https:\/\/www.showdowndisplays.eu\/wp-content\/uploads\/2020\/12\/IMG_5980_edit_res-1-768x512.jpg 768w, https:\/\/www.showdowndisplays.eu\/wp-content\/uploads\/2020\/12\/IMG_5980_edit_res-1-380x253.jpg 380w, https:\/\/www.showdowndisplays.eu\/wp-content\/uploads\/2020\/12\/IMG_5980_edit_res-1-96x64.jpg 96w, https:\/\/www.showdowndisplays.eu\/wp-content\/uploads\/2020\/12\/IMG_5980_edit_res-1-200x133.jpg 200w, https:\/\/www.showdowndisplays.eu\/wp-content\/uploads\/2020\/12\/IMG_5980_edit_res-1.jpg 1296w\" sizes=\"(max-width: 1024px) 100vw, 1024px\" \/><\/noscript><\/figure><div class=\"wp-block-media-text__content\">\n<h2 class=\"wp-block-heading\" id=\"block-78edcdf5-6649-4c2c-a830-368fe35a7072\">Nous ne sommes satisfait que si vous l&#8217;\u00eates \u00e9galement<\/h2>\n\n\n\n<p>Nous voulons ainsi obtenir le r\u00e9sultat souhait\u00e9 afin que vous puissiez profiter de votre nouvelle solution sur mesure.<\/p>\n\n\n\n<p>Vous avez une demande suppl\u00e9mentaire comme <strong>un envoi neutre, un emballage individuel, l\u2019affichage d\u2019une marque, des codes barres<\/strong> ou peut-\u00eatre autre chose&nbsp;? Tout est possible.<\/p>\n\n\n\n<p>Nous donnons la priorit\u00e9 \u00e0 votre satisfaction. Nous offrons l\u2019efficacit\u00e9, la fonctionnalit\u00e9, un design moderne et un d\u00e9lai de livraison rapide \u00e0 des prix tr\u00e8s abordables. Faites confiance \u00e0 nos \u00e9quipes de conception, de production et de vente pour r\u00e9pondre \u00e0 vos attentes \u00e9lev\u00e9es.<\/p>\n<\/div><\/div>\n\n\n\n<div style=\"height:20px\" aria-hidden=\"true\" class=\"wp-block-spacer\"><\/div>\n\n\n\r\n        <\/div>\r\n    <\/div>\r\n\r\n    <div id=\"team-text-image-block_602126a5901ef\" class=\"team-text-image\">\r\n        <div class=\"content content--smaller\">\r\n            <div class=\"team-text-image__text image-text--light global-style\">\r\n                <h2>Nous cr\u00e9ons votre solution<\/h2>\n\n\n            <\/div>\r\n                                    <\/div>\r\n    <\/div>\r\n\r\n    <div class=\"content content--smaller\">\r\n        <div class=\"global-style\">\r\n\r\n\r\n\n\n\n<div style=\"height:100px\" aria-hidden=\"true\" class=\"wp-block-spacer\"><\/div>\n\n\n\n<h2 class=\"has-text-align-center wp-block-heading\">Pages li\u00e9es<\/h2>\n\n\n    <div class=\"marketing\">\r\n                                <div class=\"marketing__item marketing__item--3\">\r\n\r\n                <div class=\"marketing__image\">\r\n                    <img data-aspectratio=\"380\/238\" decoding=\"async\" width=\"380\" height=\"238\" data-aspectratio=\"380\/238\" src=\"data:image\/gif;base64,R0lGODlhAQABAIAAAAAAAP\/\/\/yH5BAEAAAAALAAAAAABAAEAAAIBRAA7\" data-src=\"https:\/\/www.showdowndisplays.eu\/wp-content\/uploads\/2021\/08\/Partnership_related-pages-380x238.jpg\" class=\"attachment-about-us size-about-us lazyload\" alt=\"Showdown-marketingsupport\" data-srcset=\"https:\/\/www.showdowndisplays.eu\/wp-content\/uploads\/2021\/08\/Partnership_related-pages-380x238.jpg 380w, https:\/\/www.showdowndisplays.eu\/wp-content\/uploads\/2021\/08\/Partnership_related-pages-432x270.jpg 432w, https:\/\/www.showdowndisplays.eu\/wp-content\/uploads\/2021\/08\/Partnership_related-pages-768x480.jpg 768w, https:\/\/www.showdowndisplays.eu\/wp-content\/uploads\/2021\/08\/Partnership_related-pages-96x60.jpg 96w, https:\/\/www.showdowndisplays.eu\/wp-content\/uploads\/2021\/08\/Partnership_related-pages-200x125.jpg 200w, https:\/\/www.showdowndisplays.eu\/wp-content\/uploads\/2021\/08\/Partnership_related-pages.jpg 800w\" sizes=\"(max-width: 380px) 100vw, 380px\" \/><noscript><img decoding=\"async\" width=\"380\" height=\"238\" data-aspectratio=\"380\/238\" src=\"data:image\/gif;base64,R0lGODlhAQABAIAAAAAAAP\/\/\/yH5BAEAAAAALAAAAAABAAEAAAIBRAA7\" data-src=\"https:\/\/www.showdowndisplays.eu\/wp-content\/uploads\/2021\/08\/Partnership_related-pages-380x238.jpg\" class=\"attachment-about-us size-about-us lazyload\" alt=\"Showdown-marketingsupport\" data-srcset=\"https:\/\/www.showdowndisplays.eu\/wp-content\/uploads\/2021\/08\/Partnership_related-pages-380x238.jpg 380w, https:\/\/www.showdowndisplays.eu\/wp-content\/uploads\/2021\/08\/Partnership_related-pages-432x270.jpg 432w, https:\/\/www.showdowndisplays.eu\/wp-content\/uploads\/2021\/08\/Partnership_related-pages-768x480.jpg 768w, https:\/\/www.showdowndisplays.eu\/wp-content\/uploads\/2021\/08\/Partnership_related-pages-96x60.jpg 96w, https:\/\/www.showdowndisplays.eu\/wp-content\/uploads\/2021\/08\/Partnership_related-pages-200x125.jpg 200w, https:\/\/www.showdowndisplays.eu\/wp-content\/uploads\/2021\/08\/Partnership_related-pages.jpg 800w\" sizes=\"(max-width: 380px) 100vw, 380px\" \/><\/noscript>                <\/div>\r\n                <div class=\"marketing__content-wrapper global-style\">\r\n                                            <div class=\"marketing__title-wrapper\">\r\n                            <h3>Partenariat<\/h3>\r\n                        <\/div>\r\n                                        <div class=\"marketing__content\">\r\n                                            <\/div>\r\n                <\/div>\r\n\r\n                                    <a href=\"https:\/\/www.showdowndisplays.eu\/fr\/partenariat\/\"  class=\"marketing__read-more link-with-arrow link-with-arrow--blue\">En savoir plus<\/a>\r\n                \r\n            <\/div>\r\n\r\n                                <div class=\"marketing__item marketing__item--3\">\r\n\r\n                <div class=\"marketing__image\">\r\n                    <img data-aspectratio=\"380\/238\" decoding=\"async\" width=\"380\" height=\"238\" data-aspectratio=\"380\/238\" src=\"data:image\/gif;base64,R0lGODlhAQABAIAAAAAAAP\/\/\/yH5BAEAAAAALAAAAAABAAEAAAIBRAA7\" data-src=\"https:\/\/www.showdowndisplays.eu\/wp-content\/uploads\/2021\/01\/Product-photos-and-videos-3-380x238.jpg\" class=\"attachment-about-us size-about-us lazyload\" alt=\" width\" data-srcset=\"https:\/\/www.showdowndisplays.eu\/wp-content\/uploads\/2021\/01\/Product-photos-and-videos-3-380x238.jpg 380w, https:\/\/www.showdowndisplays.eu\/wp-content\/uploads\/2021\/01\/Product-photos-and-videos-3-432x270.jpg 432w, https:\/\/www.showdowndisplays.eu\/wp-content\/uploads\/2021\/01\/Product-photos-and-videos-3-1024x640.jpg 1024w, https:\/\/www.showdowndisplays.eu\/wp-content\/uploads\/2021\/01\/Product-photos-and-videos-3-768x480.jpg 768w, https:\/\/www.showdowndisplays.eu\/wp-content\/uploads\/2021\/01\/Product-photos-and-videos-3-1536x960.jpg 1536w, https:\/\/www.showdowndisplays.eu\/wp-content\/uploads\/2021\/01\/Product-photos-and-videos-3-96x60.jpg 96w, https:\/\/www.showdowndisplays.eu\/wp-content\/uploads\/2021\/01\/Product-photos-and-videos-3-200x125.jpg 200w, https:\/\/www.showdowndisplays.eu\/wp-content\/uploads\/2021\/01\/Product-photos-and-videos-3.jpg 1600w\" sizes=\"(max-width: 380px) 100vw, 380px\" \/><noscript><img decoding=\"async\" width=\"380\" height=\"238\" data-aspectratio=\"380\/238\" src=\"data:image\/gif;base64,R0lGODlhAQABAIAAAAAAAP\/\/\/yH5BAEAAAAALAAAAAABAAEAAAIBRAA7\" data-src=\"https:\/\/www.showdowndisplays.eu\/wp-content\/uploads\/2021\/01\/Product-photos-and-videos-3-380x238.jpg\" class=\"attachment-about-us size-about-us lazyload\" alt=\" width\" data-srcset=\"https:\/\/www.showdowndisplays.eu\/wp-content\/uploads\/2021\/01\/Product-photos-and-videos-3-380x238.jpg 380w, https:\/\/www.showdowndisplays.eu\/wp-content\/uploads\/2021\/01\/Product-photos-and-videos-3-432x270.jpg 432w, https:\/\/www.showdowndisplays.eu\/wp-content\/uploads\/2021\/01\/Product-photos-and-videos-3-1024x640.jpg 1024w, https:\/\/www.showdowndisplays.eu\/wp-content\/uploads\/2021\/01\/Product-photos-and-videos-3-768x480.jpg 768w, https:\/\/www.showdowndisplays.eu\/wp-content\/uploads\/2021\/01\/Product-photos-and-videos-3-1536x960.jpg 1536w, https:\/\/www.showdowndisplays.eu\/wp-content\/uploads\/2021\/01\/Product-photos-and-videos-3-96x60.jpg 96w, https:\/\/www.showdowndisplays.eu\/wp-content\/uploads\/2021\/01\/Product-photos-and-videos-3-200x125.jpg 200w, https:\/\/www.showdowndisplays.eu\/wp-content\/uploads\/2021\/01\/Product-photos-and-videos-3.jpg 1600w\" sizes=\"(max-width: 380px) 100vw, 380px\" \/><\/noscript>                <\/div>\r\n                <div class=\"marketing__content-wrapper global-style\">\r\n                                            <div class=\"marketing__title-wrapper\">\r\n                            <h3>Support marketing<\/h3>\r\n                        <\/div>\r\n                                        <div class=\"marketing__content\">\r\n                                            <\/div>\r\n                <\/div>\r\n\r\n                                    <a href=\"https:\/\/www.showdowndisplays.eu\/fr\/support-marketing\/\"  class=\"marketing__read-more link-with-arrow link-with-arrow--blue\">En savoir plus<\/a>\r\n                \r\n            <\/div>\r\n\r\n            <\/div>\r\n","protected":false},"excerpt":{"rendered":"<p>Osez \u00eatre diff\u00e9rent&nbsp;! Soyez cr\u00e9atifs et laissez vos r\u00eaves devenir r\u00e9alit\u00e9. Pr\u00e9sentez une marque et des produits d\u2019une mani\u00e8re nouvelle,&#8230;<\/p>\n","protected":false},"author":3,"featured_media":0,"parent":0,"menu_order":2,"comment_status":"closed","ping_status":"closed","template":"","meta":{"_acf_changed":false,"footnotes":""},"class_list":["post-8222","page","type-page","status-publish","hentry"],"acf":[],"_links":{"self":[{"href":"https:\/\/www.showdowndisplays.eu\/fr\/wp-json\/wp\/v2\/pages\/8222","targetHints":{"allow":["GET"]}}],"collection":[{"href":"https:\/\/www.showdowndisplays.eu\/fr\/wp-json\/wp\/v2\/pages"}],"about":[{"href":"https:\/\/www.showdowndisplays.eu\/fr\/wp-json\/wp\/v2\/types\/page"}],"author":[{"embeddable":true,"href":"https:\/\/www.showdowndisplays.eu\/fr\/wp-json\/wp\/v2\/users\/3"}],"replies":[{"embeddable":true,"href":"https:\/\/www.showdowndisplays.eu\/fr\/wp-json\/wp\/v2\/comments?post=8222"}],"version-history":[{"count":9,"href":"https:\/\/www.showdowndisplays.eu\/fr\/wp-json\/wp\/v2\/pages\/8222\/revisions"}],"predecessor-version":[{"id":13660,"href":"https:\/\/www.showdowndisplays.eu\/fr\/wp-json\/wp\/v2\/pages\/8222\/revisions\/13660"}],"wp:attachment":[{"href":"https:\/\/www.showdowndisplays.eu\/fr\/wp-json\/wp\/v2\/media?parent=8222"}],"curies":[{"name":"wp","href":"https:\/\/api.w.org\/{rel}","templated":true}]}}