{"id":54558,"date":"2026-03-09T08:42:32","date_gmt":"2026-03-09T08:42:32","guid":{"rendered":"https:\/\/www.showdowndisplays.eu\/product-data-package-brightbox-pro-flex\/"},"modified":"2026-03-12T13:03:05","modified_gmt":"2026-03-12T13:03:05","slug":"product-data-package-brightbox-pro-flex","status":"publish","type":"page","link":"https:\/\/www.showdowndisplays.eu\/fr\/product-data-package-brightbox-pro-flex\/","title":{"rendered":"Product Data Package Brightbox Pro Flex"},"content":{"rendered":"\n<div class=\"wp-block-columns is-layout-flex wp-container-core-columns-is-layout-9d6595d7 wp-block-columns-is-layout-flex\">\n<div class=\"wp-block-column is-layout-flow wp-block-column-is-layout-flow\">\n<h2 class=\"wp-block-heading\">Demande de Product Data Package pour Brightbox Pro Flex<\/h2>\n\n\n\n<div class=\"wpcf7 no-js\" id=\"wpcf7-f54550-o1\" lang=\"en-US\" dir=\"ltr\" data-wpcf7-id=\"54550\">\n<div class=\"screen-reader-response\"><p role=\"status\" aria-live=\"polite\" aria-atomic=\"true\"> <ul><\/ul><\/div>\n<form action=\"\/fr\/wp-json\/wp\/v2\/pages\/54558#wpcf7-f54550-o1\" method=\"post\" class=\"wpcf7-form init\" aria-label=\"Contact form\" novalidate=\"novalidate\" data-status=\"init\">\n<fieldset class=\"hidden-fields-container\"><input type=\"hidden\" name=\"_wpcf7\" value=\"54550\" \/><input type=\"hidden\" name=\"_wpcf7_version\" value=\"6.1.5\" \/><input type=\"hidden\" name=\"_wpcf7_locale\" value=\"en_US\" \/><input type=\"hidden\" name=\"_wpcf7_unit_tag\" value=\"wpcf7-f54550-o1\" \/><input type=\"hidden\" name=\"_wpcf7_container_post\" value=\"0\" \/><input type=\"hidden\" name=\"_wpcf7_posted_data_hash\" value=\"\" \/><input type=\"hidden\" name=\"_wpcf7_recaptcha_response\" value=\"\" \/>\n<\/fieldset>\n<div class=\"input-wrapper\">\n\t<p><label for=\"full-name\">Nom complet<\/label><br \/>\n<span class=\"wpcf7-form-control-wrap\" data-name=\"full-name\"><input size=\"40\" maxlength=\"400\" class=\"wpcf7-form-control wpcf7-text wpcf7-validates-as-required full-name\" id=\"full-name\" aria-required=\"true\" aria-invalid=\"false\" placeholder=\"John Doe\" value=\"\" type=\"text\" name=\"full-name\" \/><\/span>\n\t<\/p>\n<\/div>\n<div class=\"input-wrapper\">\n\t<p><label for=\"company\">Entreprise<\/label><br \/>\n<span class=\"wpcf7-form-control-wrap\" data-name=\"company\"><input size=\"40\" maxlength=\"400\" class=\"wpcf7-form-control wpcf7-text wpcf7-validates-as-required company\" id=\"company\" aria-required=\"true\" aria-invalid=\"false\" placeholder=\"Showdown Displays Europe\" value=\"\" type=\"text\" name=\"company\" \/><\/span>\n\t<\/p>\n<\/div>\n<div class=\"input-wrapper\">\n\t<p><label for=\"form-email\">E-mail<\/label><br \/>\n<span class=\"wpcf7-form-control-wrap\" data-name=\"email\"><input size=\"40\" maxlength=\"400\" class=\"wpcf7-form-control wpcf7-email wpcf7-validates-as-required wpcf7-text wpcf7-validates-as-email form-email\" id=\"form-email\" aria-required=\"true\" aria-invalid=\"false\" placeholder=\"john@doe.com\" value=\"\" type=\"email\" name=\"email\" \/><\/span>\n\t<\/p>\n<\/div>\n\n<div class=\"submit-wrapper\">\n\t<p><input class=\"wpcf7-form-control wpcf7-submit has-spinner button\" type=\"submit\" value=\"Confirmez\" \/>\n\t<\/p>\n<\/div><div class=\"wpcf7-response-output\" aria-hidden=\"true\"><\/div>\n<\/form>\n<\/div>\n\n<\/div>\n\n\n\n<div class=\"wp-block-column is-layout-flow wp-block-column-is-layout-flow\">\n<figure class=\"wp-block-image size-large image-no-margin\"><img data-aspectratio=\"1024\/683\" src=\"data:image\/gif;base64,R0lGODlhAQABAIAAAAAAAP\/\/\/yH5BAEAAAAALAAAAAABAAEAAAIBRAA7\" decoding=\"async\" width=\"1024\" height=\"683\" data-src=\"https:\/\/www.showdowndisplays.eu\/wp-content\/uploads\/2023\/04\/laptop-with-product_data_package-min-1-1024x683.jpg\" alt=\"\" class=\"wp-image-27671 lazyload\" data-srcset=\"https:\/\/www.showdowndisplays.eu\/wp-content\/uploads\/2023\/04\/laptop-with-product_data_package-min-1-1024x683.jpg 1024w, https:\/\/www.showdowndisplays.eu\/wp-content\/uploads\/2023\/04\/laptop-with-product_data_package-min-1-405x270.jpg 405w, https:\/\/www.showdowndisplays.eu\/wp-content\/uploads\/2023\/04\/laptop-with-product_data_package-min-1-768x512.jpg 768w, https:\/\/www.showdowndisplays.eu\/wp-content\/uploads\/2023\/04\/laptop-with-product_data_package-min-1-1536x1024.jpg 1536w, https:\/\/www.showdowndisplays.eu\/wp-content\/uploads\/2023\/04\/laptop-with-product_data_package-min-1-2048x1365.jpg 2048w, https:\/\/www.showdowndisplays.eu\/wp-content\/uploads\/2023\/04\/laptop-with-product_data_package-min-1-380x253.jpg 380w, https:\/\/www.showdowndisplays.eu\/wp-content\/uploads\/2023\/04\/laptop-with-product_data_package-min-1-96x64.jpg 96w, https:\/\/www.showdowndisplays.eu\/wp-content\/uploads\/2023\/04\/laptop-with-product_data_package-min-1-200x133.jpg 200w\" sizes=\"(max-width: 1024px) 100vw, 1024px\" \/><noscript><img decoding=\"async\" width=\"1024\" height=\"683\" src=\"https:\/\/www.showdowndisplays.eu\/wp-content\/uploads\/2023\/04\/laptop-with-product_data_package-min-1-1024x683.jpg\" alt=\"\" class=\"wp-image-27671\" srcset=\"https:\/\/www.showdowndisplays.eu\/wp-content\/uploads\/2023\/04\/laptop-with-product_data_package-min-1-1024x683.jpg 1024w, https:\/\/www.showdowndisplays.eu\/wp-content\/uploads\/2023\/04\/laptop-with-product_data_package-min-1-405x270.jpg 405w, https:\/\/www.showdowndisplays.eu\/wp-content\/uploads\/2023\/04\/laptop-with-product_data_package-min-1-768x512.jpg 768w, https:\/\/www.showdowndisplays.eu\/wp-content\/uploads\/2023\/04\/laptop-with-product_data_package-min-1-1536x1024.jpg 1536w, https:\/\/www.showdowndisplays.eu\/wp-content\/uploads\/2023\/04\/laptop-with-product_data_package-min-1-2048x1365.jpg 2048w, https:\/\/www.showdowndisplays.eu\/wp-content\/uploads\/2023\/04\/laptop-with-product_data_package-min-1-380x253.jpg 380w, https:\/\/www.showdowndisplays.eu\/wp-content\/uploads\/2023\/04\/laptop-with-product_data_package-min-1-96x64.jpg 96w, https:\/\/www.showdowndisplays.eu\/wp-content\/uploads\/2023\/04\/laptop-with-product_data_package-min-1-200x133.jpg 200w\" sizes=\"(max-width: 1024px) 100vw, 1024px\" \/><\/noscript><\/figure>\n<\/div>\n<\/div>\n\n\n\n<div class=\"wp-block-group block-white-background\"><div class=\"wp-block-group__inner-container is-layout-flow wp-block-group-is-layout-flow\">\n<div class=\"wp-block-columns is-layout-flex wp-container-core-columns-is-layout-9d6595d7 wp-block-columns-is-layout-flex\"><\/div>\n\n\n\n<h2 class=\"wp-block-heading\">\u00c0 PROPOS DE L&#8217;ENSEMBLE DES PACKAGE PRODUIT<\/h2>\n\n\n\n<h4 class=\"wp-block-heading\"><strong>Ce paquet de package produits contient :<\/strong><\/h4>\n\n\n\n<ul class=\"wp-block-list\">\n<li>Des donn\u00e9es sur nos produits, nos accessoires et nos impressions<\/li>\n\n\n\n<li>Les codes UGS, EAN et les sp\u00e9cifications des produits<\/li>\n\n\n\n<li>Des textes commerciaux neutres sur les produits, disponibles en anglais, allemand et en n\u00e9erlandais<\/li>\n\n\n\n<li>Des liens vers les images des produits, t\u00e9l\u00e9chargeables \u00e0 partir du serveur d\u2019images<\/li>\n\n\n\n<li>La liste de prix<\/li>\n<\/ul>\n\n\n\n<div class=\"wp-block-columns is-layout-flex wp-container-core-columns-is-layout-9d6595d7 wp-block-columns-is-layout-flex\">\n<div class=\"wp-block-column is-layout-flow wp-block-column-is-layout-flow\">\n<figure class=\"wp-block-image size-large\"><img data-aspectratio=\"1024\/1024\" src=\"data:image\/gif;base64,R0lGODlhAQABAIAAAAAAAP\/\/\/yH5BAEAAAAALAAAAAABAAEAAAIBRAA7\" decoding=\"async\" width=\"1024\" height=\"1024\" data-src=\"https:\/\/www.showdowndisplays.eu\/wp-content\/uploads\/2026\/03\/BBOXPFD_set_03_view01_INNOVATIVE_light_on-LR-1024x1024.jpg\" alt=\"BBOXPFD Set 03 View01 INNOVATIVE Light On LR\" class=\"wp-image-54705 lazyload\" data-srcset=\"https:\/\/www.showdowndisplays.eu\/wp-content\/uploads\/2026\/03\/BBOXPFD_set_03_view01_INNOVATIVE_light_on-LR-1024x1024.jpg 1024w, https:\/\/www.showdowndisplays.eu\/wp-content\/uploads\/2026\/03\/BBOXPFD_set_03_view01_INNOVATIVE_light_on-LR-270x270.jpg 270w, https:\/\/www.showdowndisplays.eu\/wp-content\/uploads\/2026\/03\/BBOXPFD_set_03_view01_INNOVATIVE_light_on-LR-768x768.jpg 768w, https:\/\/www.showdowndisplays.eu\/wp-content\/uploads\/2026\/03\/BBOXPFD_set_03_view01_INNOVATIVE_light_on-LR-1536x1536.jpg 1536w, https:\/\/www.showdowndisplays.eu\/wp-content\/uploads\/2026\/03\/BBOXPFD_set_03_view01_INNOVATIVE_light_on-LR-2048x2048.jpg 2048w, https:\/\/www.showdowndisplays.eu\/wp-content\/uploads\/2026\/03\/BBOXPFD_set_03_view01_INNOVATIVE_light_on-LR-380x380.jpg 380w, https:\/\/www.showdowndisplays.eu\/wp-content\/uploads\/2026\/03\/BBOXPFD_set_03_view01_INNOVATIVE_light_on-LR-96x96.jpg 96w, https:\/\/www.showdowndisplays.eu\/wp-content\/uploads\/2026\/03\/BBOXPFD_set_03_view01_INNOVATIVE_light_on-LR-200x200.jpg 200w\" sizes=\"(max-width: 1024px) 100vw, 1024px\" \/><noscript><img decoding=\"async\" width=\"1024\" height=\"1024\" src=\"https:\/\/www.showdowndisplays.eu\/wp-content\/uploads\/2026\/03\/BBOXPFD_set_03_view01_INNOVATIVE_light_on-LR-1024x1024.jpg\" alt=\"BBOXPFD Set 03 View01 INNOVATIVE Light On LR\" class=\"wp-image-54705\" srcset=\"https:\/\/www.showdowndisplays.eu\/wp-content\/uploads\/2026\/03\/BBOXPFD_set_03_view01_INNOVATIVE_light_on-LR-1024x1024.jpg 1024w, https:\/\/www.showdowndisplays.eu\/wp-content\/uploads\/2026\/03\/BBOXPFD_set_03_view01_INNOVATIVE_light_on-LR-270x270.jpg 270w, https:\/\/www.showdowndisplays.eu\/wp-content\/uploads\/2026\/03\/BBOXPFD_set_03_view01_INNOVATIVE_light_on-LR-768x768.jpg 768w, https:\/\/www.showdowndisplays.eu\/wp-content\/uploads\/2026\/03\/BBOXPFD_set_03_view01_INNOVATIVE_light_on-LR-1536x1536.jpg 1536w, https:\/\/www.showdowndisplays.eu\/wp-content\/uploads\/2026\/03\/BBOXPFD_set_03_view01_INNOVATIVE_light_on-LR-2048x2048.jpg 2048w, https:\/\/www.showdowndisplays.eu\/wp-content\/uploads\/2026\/03\/BBOXPFD_set_03_view01_INNOVATIVE_light_on-LR-380x380.jpg 380w, https:\/\/www.showdowndisplays.eu\/wp-content\/uploads\/2026\/03\/BBOXPFD_set_03_view01_INNOVATIVE_light_on-LR-96x96.jpg 96w, https:\/\/www.showdowndisplays.eu\/wp-content\/uploads\/2026\/03\/BBOXPFD_set_03_view01_INNOVATIVE_light_on-LR-200x200.jpg 200w\" sizes=\"(max-width: 1024px) 100vw, 1024px\" \/><\/noscript><\/figure>\n<\/div>\n\n\n\n<div class=\"wp-block-column is-layout-flow wp-block-column-is-layout-flow\">\n<figure class=\"wp-block-image size-large\"><img data-aspectratio=\"1024\/1024\" src=\"data:image\/gif;base64,R0lGODlhAQABAIAAAAAAAP\/\/\/yH5BAEAAAAALAAAAAABAAEAAAIBRAA7\" decoding=\"async\" width=\"1024\" height=\"1024\" data-src=\"https:\/\/www.showdowndisplays.eu\/wp-content\/uploads\/2026\/03\/BBOXPFD_set_02_view01_INNOVATIVE_light_on-LR-1024x1024.jpg\" alt=\"BBOXPFD Set 02 View01 INNOVATIVE Light On LR\" class=\"wp-image-54697 lazyload\" data-srcset=\"https:\/\/www.showdowndisplays.eu\/wp-content\/uploads\/2026\/03\/BBOXPFD_set_02_view01_INNOVATIVE_light_on-LR-1024x1024.jpg 1024w, https:\/\/www.showdowndisplays.eu\/wp-content\/uploads\/2026\/03\/BBOXPFD_set_02_view01_INNOVATIVE_light_on-LR-270x270.jpg 270w, https:\/\/www.showdowndisplays.eu\/wp-content\/uploads\/2026\/03\/BBOXPFD_set_02_view01_INNOVATIVE_light_on-LR-768x768.jpg 768w, https:\/\/www.showdowndisplays.eu\/wp-content\/uploads\/2026\/03\/BBOXPFD_set_02_view01_INNOVATIVE_light_on-LR-1536x1536.jpg 1536w, https:\/\/www.showdowndisplays.eu\/wp-content\/uploads\/2026\/03\/BBOXPFD_set_02_view01_INNOVATIVE_light_on-LR-2048x2048.jpg 2048w, https:\/\/www.showdowndisplays.eu\/wp-content\/uploads\/2026\/03\/BBOXPFD_set_02_view01_INNOVATIVE_light_on-LR-380x380.jpg 380w, https:\/\/www.showdowndisplays.eu\/wp-content\/uploads\/2026\/03\/BBOXPFD_set_02_view01_INNOVATIVE_light_on-LR-96x96.jpg 96w, https:\/\/www.showdowndisplays.eu\/wp-content\/uploads\/2026\/03\/BBOXPFD_set_02_view01_INNOVATIVE_light_on-LR-200x200.jpg 200w\" sizes=\"(max-width: 1024px) 100vw, 1024px\" \/><noscript><img decoding=\"async\" width=\"1024\" height=\"1024\" src=\"https:\/\/www.showdowndisplays.eu\/wp-content\/uploads\/2026\/03\/BBOXPFD_set_02_view01_INNOVATIVE_light_on-LR-1024x1024.jpg\" alt=\"BBOXPFD Set 02 View01 INNOVATIVE Light On LR\" class=\"wp-image-54697\" srcset=\"https:\/\/www.showdowndisplays.eu\/wp-content\/uploads\/2026\/03\/BBOXPFD_set_02_view01_INNOVATIVE_light_on-LR-1024x1024.jpg 1024w, https:\/\/www.showdowndisplays.eu\/wp-content\/uploads\/2026\/03\/BBOXPFD_set_02_view01_INNOVATIVE_light_on-LR-270x270.jpg 270w, https:\/\/www.showdowndisplays.eu\/wp-content\/uploads\/2026\/03\/BBOXPFD_set_02_view01_INNOVATIVE_light_on-LR-768x768.jpg 768w, https:\/\/www.showdowndisplays.eu\/wp-content\/uploads\/2026\/03\/BBOXPFD_set_02_view01_INNOVATIVE_light_on-LR-1536x1536.jpg 1536w, https:\/\/www.showdowndisplays.eu\/wp-content\/uploads\/2026\/03\/BBOXPFD_set_02_view01_INNOVATIVE_light_on-LR-2048x2048.jpg 2048w, https:\/\/www.showdowndisplays.eu\/wp-content\/uploads\/2026\/03\/BBOXPFD_set_02_view01_INNOVATIVE_light_on-LR-380x380.jpg 380w, https:\/\/www.showdowndisplays.eu\/wp-content\/uploads\/2026\/03\/BBOXPFD_set_02_view01_INNOVATIVE_light_on-LR-96x96.jpg 96w, https:\/\/www.showdowndisplays.eu\/wp-content\/uploads\/2026\/03\/BBOXPFD_set_02_view01_INNOVATIVE_light_on-LR-200x200.jpg 200w\" sizes=\"(max-width: 1024px) 100vw, 1024px\" \/><\/noscript><\/figure>\n<\/div>\n\n\n\n<div class=\"wp-block-column is-layout-flow wp-block-column-is-layout-flow\">\n<figure class=\"wp-block-image size-large\"><img data-aspectratio=\"1024\/1024\" src=\"data:image\/gif;base64,R0lGODlhAQABAIAAAAAAAP\/\/\/yH5BAEAAAAALAAAAAABAAEAAAIBRAA7\" decoding=\"async\" width=\"1024\" height=\"1024\" data-src=\"https:\/\/www.showdowndisplays.eu\/wp-content\/uploads\/2026\/03\/BBOXPFD_set_01_view01_INNOVATIVE_light_on-LR-1024x1024.jpg\" alt=\"BBOXPFD Set 01 View01 INNOVATIVE Light On LR\" class=\"wp-image-54689 lazyload\" data-srcset=\"https:\/\/www.showdowndisplays.eu\/wp-content\/uploads\/2026\/03\/BBOXPFD_set_01_view01_INNOVATIVE_light_on-LR-1024x1024.jpg 1024w, https:\/\/www.showdowndisplays.eu\/wp-content\/uploads\/2026\/03\/BBOXPFD_set_01_view01_INNOVATIVE_light_on-LR-270x270.jpg 270w, https:\/\/www.showdowndisplays.eu\/wp-content\/uploads\/2026\/03\/BBOXPFD_set_01_view01_INNOVATIVE_light_on-LR-768x768.jpg 768w, https:\/\/www.showdowndisplays.eu\/wp-content\/uploads\/2026\/03\/BBOXPFD_set_01_view01_INNOVATIVE_light_on-LR-1536x1536.jpg 1536w, https:\/\/www.showdowndisplays.eu\/wp-content\/uploads\/2026\/03\/BBOXPFD_set_01_view01_INNOVATIVE_light_on-LR-2048x2048.jpg 2048w, https:\/\/www.showdowndisplays.eu\/wp-content\/uploads\/2026\/03\/BBOXPFD_set_01_view01_INNOVATIVE_light_on-LR-380x380.jpg 380w, https:\/\/www.showdowndisplays.eu\/wp-content\/uploads\/2026\/03\/BBOXPFD_set_01_view01_INNOVATIVE_light_on-LR-96x96.jpg 96w, https:\/\/www.showdowndisplays.eu\/wp-content\/uploads\/2026\/03\/BBOXPFD_set_01_view01_INNOVATIVE_light_on-LR-200x200.jpg 200w\" sizes=\"(max-width: 1024px) 100vw, 1024px\" \/><noscript><img decoding=\"async\" width=\"1024\" height=\"1024\" src=\"https:\/\/www.showdowndisplays.eu\/wp-content\/uploads\/2026\/03\/BBOXPFD_set_01_view01_INNOVATIVE_light_on-LR-1024x1024.jpg\" alt=\"BBOXPFD Set 01 View01 INNOVATIVE Light On LR\" class=\"wp-image-54689\" srcset=\"https:\/\/www.showdowndisplays.eu\/wp-content\/uploads\/2026\/03\/BBOXPFD_set_01_view01_INNOVATIVE_light_on-LR-1024x1024.jpg 1024w, https:\/\/www.showdowndisplays.eu\/wp-content\/uploads\/2026\/03\/BBOXPFD_set_01_view01_INNOVATIVE_light_on-LR-270x270.jpg 270w, https:\/\/www.showdowndisplays.eu\/wp-content\/uploads\/2026\/03\/BBOXPFD_set_01_view01_INNOVATIVE_light_on-LR-768x768.jpg 768w, https:\/\/www.showdowndisplays.eu\/wp-content\/uploads\/2026\/03\/BBOXPFD_set_01_view01_INNOVATIVE_light_on-LR-1536x1536.jpg 1536w, https:\/\/www.showdowndisplays.eu\/wp-content\/uploads\/2026\/03\/BBOXPFD_set_01_view01_INNOVATIVE_light_on-LR-2048x2048.jpg 2048w, https:\/\/www.showdowndisplays.eu\/wp-content\/uploads\/2026\/03\/BBOXPFD_set_01_view01_INNOVATIVE_light_on-LR-380x380.jpg 380w, https:\/\/www.showdowndisplays.eu\/wp-content\/uploads\/2026\/03\/BBOXPFD_set_01_view01_INNOVATIVE_light_on-LR-96x96.jpg 96w, https:\/\/www.showdowndisplays.eu\/wp-content\/uploads\/2026\/03\/BBOXPFD_set_01_view01_INNOVATIVE_light_on-LR-200x200.jpg 200w\" sizes=\"(max-width: 1024px) 100vw, 1024px\" \/><\/noscript><\/figure>\n<\/div>\n<\/div>\n<\/div><\/div>\n","protected":false},"excerpt":{"rendered":"<p>Demande de Product Data Package pour Brightbox Pro Flex \u00c0 PROPOS DE L&#8217;ENSEMBLE DES PACKAGE PRODUIT Ce paquet de package&#8230;<\/p>\n","protected":false},"author":6,"featured_media":0,"parent":0,"menu_order":0,"comment_status":"closed","ping_status":"closed","template":"","meta":{"_acf_changed":false,"footnotes":""},"class_list":["post-54558","page","type-page","status-publish","hentry"],"acf":[],"_links":{"self":[{"href":"https:\/\/www.showdowndisplays.eu\/fr\/wp-json\/wp\/v2\/pages\/54558","targetHints":{"allow":["GET"]}}],"collection":[{"href":"https:\/\/www.showdowndisplays.eu\/fr\/wp-json\/wp\/v2\/pages"}],"about":[{"href":"https:\/\/www.showdowndisplays.eu\/fr\/wp-json\/wp\/v2\/types\/page"}],"author":[{"embeddable":true,"href":"https:\/\/www.showdowndisplays.eu\/fr\/wp-json\/wp\/v2\/users\/6"}],"replies":[{"embeddable":true,"href":"https:\/\/www.showdowndisplays.eu\/fr\/wp-json\/wp\/v2\/comments?post=54558"}],"version-history":[{"count":3,"href":"https:\/\/www.showdowndisplays.eu\/fr\/wp-json\/wp\/v2\/pages\/54558\/revisions"}],"predecessor-version":[{"id":54731,"href":"https:\/\/www.showdowndisplays.eu\/fr\/wp-json\/wp\/v2\/pages\/54558\/revisions\/54731"}],"wp:attachment":[{"href":"https:\/\/www.showdowndisplays.eu\/fr\/wp-json\/wp\/v2\/media?parent=54558"}],"curies":[{"name":"wp","href":"https:\/\/api.w.org\/{rel}","templated":true}]}}