{"id":5295,"date":"2020-11-20T14:42:55","date_gmt":"2020-11-20T14:42:55","guid":{"rendered":"https:\/\/www.showdowndisplays.eu\/video-embed-codes\/"},"modified":"2021-04-02T10:07:27","modified_gmt":"2021-04-02T10:07:27","slug":"video-embed-codes","status":"publish","type":"page","link":"https:\/\/www.showdowndisplays.eu\/fr\/support-marketing\/videos-dinstruction\/video-embed-codes\/","title":{"rendered":"Video Embed Codes"},"content":{"rendered":"\n<div class=\"wp-block-group block-white-background\"><div class=\"wp-block-group__inner-container is-layout-flow wp-block-group-is-layout-flow\">\n<h2 class=\"wp-block-heading\">Comment d\u00e9buter<\/h2>\n\n\n\n<p>Voici comment commencer. Nos nouveaux codes peuvent \u00eatre t\u00e9l\u00e9charg\u00e9s via le bouton ci-dessous et peuvent \u00e9galement \u00eatre trouv\u00e9s sur les pages produit de notre plate-forme de revendeur en ligne.<\/p>\n\n\n\n<div class=\"wp-block-buttons is-layout-flex wp-block-buttons-is-layout-flex\">\n<div class=\"wp-block-button\"><a class=\"wp-block-button__link\" href=\"mailto:marketing@showdowndisplays.eu\">Demandez la liste Excel pour int\u00e9grer les vid\u00e9os<\/a><\/div>\n<\/div>\n\n\n\n<p><strong>Demandez \u00e0 l\u2019administrateur de votre de site web d&#8217;ins\u00e9rer les nouveaux codes ou remplacez-les vous-m\u00eame par les nouveaux en proc\u00e9dent comme suit :<\/strong><\/p>\n\n\n\n<ol class=\"wp-block-list\"><li>D\u00e9couvrez les nouveaux codes vid\u00e9o<\/li><li>Copiez le code d&#8217;int\u00e9gration de la vid\u00e9o que vous souhaitez utiliser<\/li><li>Acc\u00e9dez \u00e0 la page web sur laquelle vous souhaitez afficher la vid\u00e9o<\/li><li>Ouvrez l&#8217;\u00e9diteur de code<\/li><li>Remplacer l&#8217;ancien code par le nouveau code<\/li><\/ol>\n\n\n\n<p>Vous avez termin\u00e9 !<\/p>\n<\/div><\/div>\n\n\n\n<div style=\"height:20px\" aria-hidden=\"true\" class=\"wp-block-spacer\"><\/div>\n\n\n\n<div class=\"wp-block-group block-white-background\"><div class=\"wp-block-group__inner-container is-layout-flow wp-block-group-is-layout-flow\">\n<h2 class=\"wp-block-heading\">Des questions&nbsp;? Faites-le-nous savoir&nbsp;!<\/h2>\n\n\n\n<p>Nous supposons que cela pourrait soulever quelques questions. Vous avez des difficult\u00e9s \u00e0 mettre en \u0153uvre les nouveaux codes ou peut-\u00eatre avez-vous une question sur ce service que nous offrons&nbsp;? Contactez l\u2019\u00e9quipe marketing de Showdown Displays Europe. Nous sommes pr\u00eats \u00e0 vous aider&nbsp;!<\/p>\n\n\n\n<div class=\"wp-block-buttons is-layout-flex wp-block-buttons-is-layout-flex\">\n<div class=\"wp-block-button\"><a class=\"wp-block-button__link has-white-color has-luminous-vivid-amber-background-color has-text-color has-background\" href=\"mailto:marketing@showdowndisplays.eu\">J\u2019ai une question<\/a><\/div>\n<\/div>\n<\/div><\/div>\n","protected":false},"excerpt":{"rendered":"<p>Comment d\u00e9buter Voici comment commencer. Nos nouveaux codes peuvent \u00eatre t\u00e9l\u00e9charg\u00e9s via le bouton ci-dessous et peuvent \u00e9galement \u00eatre trouv\u00e9s&#8230;<\/p>\n","protected":false},"author":3,"featured_media":0,"parent":5285,"menu_order":0,"comment_status":"closed","ping_status":"closed","template":"","meta":{"_acf_changed":false,"footnotes":""},"class_list":["post-5295","page","type-page","status-publish","hentry"],"acf":[],"_links":{"self":[{"href":"https:\/\/www.showdowndisplays.eu\/fr\/wp-json\/wp\/v2\/pages\/5295","targetHints":{"allow":["GET"]}}],"collection":[{"href":"https:\/\/www.showdowndisplays.eu\/fr\/wp-json\/wp\/v2\/pages"}],"about":[{"href":"https:\/\/www.showdowndisplays.eu\/fr\/wp-json\/wp\/v2\/types\/page"}],"author":[{"embeddable":true,"href":"https:\/\/www.showdowndisplays.eu\/fr\/wp-json\/wp\/v2\/users\/3"}],"replies":[{"embeddable":true,"href":"https:\/\/www.showdowndisplays.eu\/fr\/wp-json\/wp\/v2\/comments?post=5295"}],"version-history":[{"count":8,"href":"https:\/\/www.showdowndisplays.eu\/fr\/wp-json\/wp\/v2\/pages\/5295\/revisions"}],"predecessor-version":[{"id":9480,"href":"https:\/\/www.showdowndisplays.eu\/fr\/wp-json\/wp\/v2\/pages\/5295\/revisions\/9480"}],"up":[{"embeddable":true,"href":"https:\/\/www.showdowndisplays.eu\/fr\/wp-json\/wp\/v2\/pages\/5285"}],"wp:attachment":[{"href":"https:\/\/www.showdowndisplays.eu\/fr\/wp-json\/wp\/v2\/media?parent=5295"}],"curies":[{"name":"wp","href":"https:\/\/api.w.org\/{rel}","templated":true}]}}