{"id":5285,"date":"2020-11-18T12:38:19","date_gmt":"2020-11-18T12:38:19","guid":{"rendered":"https:\/\/www.showdowndisplays.eu\/marketing-support\/instructievideos\/"},"modified":"2022-09-23T06:44:02","modified_gmt":"2022-09-23T06:44:02","slug":"videos-dinstruction","status":"publish","type":"page","link":"https:\/\/www.showdowndisplays.eu\/fr\/support-marketing\/videos-dinstruction\/","title":{"rendered":"Vid\u00e9os d&#8217;instruction"},"content":{"rendered":"\n<p class=\"block-white-background\">Notre objectif ultime est d\u2019\u00eatre le meilleur partenaire pour vous. Nous nous engageons \u00e0 soutenir votre entreprise. Une mani\u00e8re d\u2019y parvenir est d\u2019offrir des ressources marketing cr\u00e9atives, telles que nos vid\u00e9os produits.<br><br>Nous avons cr\u00e9\u00e9 des vid\u00e9os d\u2019instructions \u00e9tape par \u00e9tape pour une grande quantit\u00e9 de nos produits afin de garantir une installation correcte du produit. Pour un certain nombre de produits qui n\u2019ont pas encore de vid\u00e9o, nous d\u00e9veloppons actuellement de nouveaux supports.<br><br>Les vid\u00e9os sont neutres, sans aucune marque, ce qui signifie que vous pouvez facilement les utiliser sur votre plate-forme comme un service pour vos clients. Une situation gagnante pour vous comme pour vos clients !<\/p>\n\n\n\n<div class=\"wp-block-buttons is-layout-flex wp-block-buttons-is-layout-flex\">\n<div class=\"wp-block-button\"><a class=\"wp-block-button__link has-white-color has-text-color\" href=\"https:\/\/www.showdowndisplays.eu\/fr\/video-embed-codes\/\">Voici comment vous placez les vid\u00e9os sur votre plateforme<\/a><\/div>\n<\/div>\n\n\n\n\n","protected":false},"excerpt":{"rendered":"<p>Notre objectif ultime est d\u2019\u00eatre le meilleur partenaire pour vous. Nous nous engageons \u00e0 soutenir votre entreprise. Une mani\u00e8re d\u2019y&#8230;<\/p>\n","protected":false},"author":3,"featured_media":0,"parent":5274,"menu_order":0,"comment_status":"closed","ping_status":"closed","template":"template-pages\/videos.php","meta":{"_acf_changed":false,"footnotes":""},"class_list":["post-5285","page","type-page","status-publish","hentry"],"acf":[],"_links":{"self":[{"href":"https:\/\/www.showdowndisplays.eu\/fr\/wp-json\/wp\/v2\/pages\/5285","targetHints":{"allow":["GET"]}}],"collection":[{"href":"https:\/\/www.showdowndisplays.eu\/fr\/wp-json\/wp\/v2\/pages"}],"about":[{"href":"https:\/\/www.showdowndisplays.eu\/fr\/wp-json\/wp\/v2\/types\/page"}],"author":[{"embeddable":true,"href":"https:\/\/www.showdowndisplays.eu\/fr\/wp-json\/wp\/v2\/users\/3"}],"replies":[{"embeddable":true,"href":"https:\/\/www.showdowndisplays.eu\/fr\/wp-json\/wp\/v2\/comments?post=5285"}],"version-history":[{"count":43,"href":"https:\/\/www.showdowndisplays.eu\/fr\/wp-json\/wp\/v2\/pages\/5285\/revisions"}],"predecessor-version":[{"id":25415,"href":"https:\/\/www.showdowndisplays.eu\/fr\/wp-json\/wp\/v2\/pages\/5285\/revisions\/25415"}],"up":[{"embeddable":true,"href":"https:\/\/www.showdowndisplays.eu\/fr\/wp-json\/wp\/v2\/pages\/5274"}],"wp:attachment":[{"href":"https:\/\/www.showdowndisplays.eu\/fr\/wp-json\/wp\/v2\/media?parent=5285"}],"curies":[{"name":"wp","href":"https:\/\/api.w.org\/{rel}","templated":true}]}}