{"id":5274,"date":"2020-11-19T14:59:13","date_gmt":"2020-11-19T14:59:13","guid":{"rendered":"https:\/\/www.showdowndisplays.eu\/marketing-support\/"},"modified":"2026-03-05T07:49:50","modified_gmt":"2026-03-05T07:49:50","slug":"support-marketing","status":"publish","type":"page","link":"https:\/\/www.showdowndisplays.eu\/fr\/support-marketing\/","title":{"rendered":"Support Marketing"},"content":{"rendered":"\n<p class=\"block-white-background\"><strong>Nous sommes l\u00e0 pour vous soutenir.<\/strong> Nous r\u00e9pondons \u00e0 tous vos besoins pour promouvoir nos produits aupr\u00e8s de vos clients et vous aider \u00e0 vendre. En tant que client, vous avez acc\u00e8s \u00e0 divers outils et services qui vous aident \u00e0 optimiser vos ventes. Inspirez-vous de nos id\u00e9es et suggestions d\u2019exemples pratiques cr\u00e9atifs et n\u2019h\u00e9sitez pas \u00e0 les r\u00e9utiliser pour votre propre marketing&nbsp;! Mais ce n\u2019est pas tout&nbsp;! Nous d\u00e9velopperons en permanence nos outils et services de marketing pour \u00eatre le meilleur partenaire pour vous.<br><br><strong>Faites-nous savoir comment nous pouvons vous aider encore davantage pour stimuler votre entreprise.<\/strong><\/p>\n","protected":false},"excerpt":{"rendered":"<p>Nous sommes l\u00e0 pour vous soutenir. Nous r\u00e9pondons \u00e0 tous vos besoins pour promouvoir nos produits aupr\u00e8s de vos clients&#8230;<\/p>\n","protected":false},"author":3,"featured_media":0,"parent":0,"menu_order":0,"comment_status":"closed","ping_status":"closed","template":"template-pages\/marketing-support.php","meta":{"_acf_changed":false,"footnotes":""},"class_list":["post-5274","page","type-page","status-publish","hentry"],"acf":[],"_links":{"self":[{"href":"https:\/\/www.showdowndisplays.eu\/fr\/wp-json\/wp\/v2\/pages\/5274","targetHints":{"allow":["GET"]}}],"collection":[{"href":"https:\/\/www.showdowndisplays.eu\/fr\/wp-json\/wp\/v2\/pages"}],"about":[{"href":"https:\/\/www.showdowndisplays.eu\/fr\/wp-json\/wp\/v2\/types\/page"}],"author":[{"embeddable":true,"href":"https:\/\/www.showdowndisplays.eu\/fr\/wp-json\/wp\/v2\/users\/3"}],"replies":[{"embeddable":true,"href":"https:\/\/www.showdowndisplays.eu\/fr\/wp-json\/wp\/v2\/comments?post=5274"}],"version-history":[{"count":85,"href":"https:\/\/www.showdowndisplays.eu\/fr\/wp-json\/wp\/v2\/pages\/5274\/revisions"}],"predecessor-version":[{"id":54473,"href":"https:\/\/www.showdowndisplays.eu\/fr\/wp-json\/wp\/v2\/pages\/5274\/revisions\/54473"}],"wp:attachment":[{"href":"https:\/\/www.showdowndisplays.eu\/fr\/wp-json\/wp\/v2\/media?parent=5274"}],"curies":[{"name":"wp","href":"https:\/\/api.w.org\/{rel}","templated":true}]}}