{"id":51689,"date":"2025-12-16T13:14:49","date_gmt":"2025-12-16T13:14:49","guid":{"rendered":"https:\/\/www.showdowndisplays.eu\/drop-shipment-service-voor-resellers\/"},"modified":"2026-04-01T09:26:33","modified_gmt":"2026-04-01T09:26:33","slug":"service-de-livraison-directe","status":"publish","type":"page","link":"https:\/\/www.showdowndisplays.eu\/fr\/service-de-livraison-directe\/","title":{"rendered":"SERVICE DE LIVRAISON DIRECTE"},"content":{"rendered":"\n<div class=\"wp-block-media-text alignwide has-media-on-the-right is-vertically-aligned-center is-image-fill-element is-stacked-on-mobile image-text-2\" style=\"grid-template-columns:auto 49%\"><div class=\"wp-block-media-text__content\">\n<h2 class=\"wp-block-heading\" id=\"block-78edcdf5-6649-4c2c-a830-368fe35a7072\">Livrez plus vite, sans frais suppl\u00e9mentaires<\/h2>\n\n\n\n<p>G\u00e9rez votre activit\u00e9 sans stock. Nous prenons en charge la production et exp\u00e9dions directement vos commandes \u00e0 vos clients partout en Europe, selon vos pr\u00e9f\u00e9rences. Notre service gratuit de livraison directe en marque blanche vous aide \u00e0 simplifier vos op\u00e9rations en r\u00e9duisant les d\u00e9lais de traitement, en acc\u00e9l\u00e9rant l\u2019exp\u00e9dition et en \u00e9liminant les risques financiers li\u00e9s \u00e0 la gestion de stock. <\/p>\n\n\n\n<p><em>&#8216;Concentrez-vous sur le d\u00e9veloppement de votre activit\u00e9, nous nous occupons du reste&#8217;<\/em><\/p>\n\n\n\n<p>Des d\u00e9lais \u00e0 respecter ? Gr\u00e2ce \u00e0 notre entrep\u00f4t europ\u00e9en et \u00e0 notre r\u00e9seau logistique fiable, vos commandes sont livr\u00e9es rapidement et en toute s\u00e9curit\u00e9 dans toute l\u2019Europe.<\/p>\n<\/div><figure class=\"wp-block-media-text__media\"><img data-aspectratio=\"900\/600\" src=\"data:image\/gif;base64,R0lGODlhAQABAIAAAAAAAP\/\/\/yH5BAEAAAAALAAAAAABAAEAAAIBRAA7\" decoding=\"async\" width=\"900\" height=\"600\" data-src=\"https:\/\/www.showdowndisplays.eu\/wp-content\/uploads\/2025\/09\/Dropshipment-1.jpg\" alt=\"\" class=\"wp-image-48018 size-full lazyload\" style=\"object-position:50% 50%\" data-srcset=\"https:\/\/www.showdowndisplays.eu\/wp-content\/uploads\/2025\/09\/Dropshipment-1.jpg 900w, https:\/\/www.showdowndisplays.eu\/wp-content\/uploads\/2025\/09\/Dropshipment-1-405x270.jpg 405w, https:\/\/www.showdowndisplays.eu\/wp-content\/uploads\/2025\/09\/Dropshipment-1-768x512.jpg 768w, https:\/\/www.showdowndisplays.eu\/wp-content\/uploads\/2025\/09\/Dropshipment-1-380x253.jpg 380w, https:\/\/www.showdowndisplays.eu\/wp-content\/uploads\/2025\/09\/Dropshipment-1-96x64.jpg 96w, https:\/\/www.showdowndisplays.eu\/wp-content\/uploads\/2025\/09\/Dropshipment-1-200x133.jpg 200w\" sizes=\"(max-width: 900px) 100vw, 900px\" \/><noscript><img decoding=\"async\" width=\"900\" height=\"600\" src=\"https:\/\/www.showdowndisplays.eu\/wp-content\/uploads\/2025\/09\/Dropshipment-1.jpg\" alt=\"\" class=\"wp-image-48018 size-full\" style=\"object-position:50% 50%\" srcset=\"https:\/\/www.showdowndisplays.eu\/wp-content\/uploads\/2025\/09\/Dropshipment-1.jpg 900w, https:\/\/www.showdowndisplays.eu\/wp-content\/uploads\/2025\/09\/Dropshipment-1-405x270.jpg 405w, https:\/\/www.showdowndisplays.eu\/wp-content\/uploads\/2025\/09\/Dropshipment-1-768x512.jpg 768w, https:\/\/www.showdowndisplays.eu\/wp-content\/uploads\/2025\/09\/Dropshipment-1-380x253.jpg 380w, https:\/\/www.showdowndisplays.eu\/wp-content\/uploads\/2025\/09\/Dropshipment-1-96x64.jpg 96w, https:\/\/www.showdowndisplays.eu\/wp-content\/uploads\/2025\/09\/Dropshipment-1-200x133.jpg 200w\" sizes=\"(max-width: 900px) 100vw, 900px\" \/><\/noscript><\/figure><\/div>\n\n\n\n<div style=\"height:20px\" aria-hidden=\"true\" class=\"wp-block-spacer\"><\/div>\n\n\n\n<h2 class=\"wp-block-heading has-text-align-center\">AVANTAGES DE LA LIVRAISON DIRECTE<\/h2>\n\n\n\n<div style=\"height:20px\" aria-hidden=\"true\" class=\"wp-block-spacer\"><\/div>\n\n\n    <div class=\"marketing\">\r\n                                <div class=\"marketing__item marketing__item--2\">\r\n\r\n                <div class=\"marketing__image\">\r\n                                    <\/div>\r\n                <div class=\"marketing__content-wrapper global-style\">\r\n                                        <div class=\"marketing__content\">\r\n                        <h4 style=\"text-align: center;\">1. Livraison directe en marque blanche gratuite<\/h4>\n<p style=\"text-align: center;\">Choisissez un bon de livraison <em>neutre ou personnalis\u00e9<\/em> lors de votre commande en ligne. \u00c0 noter : Conform\u00e9ment \u00e0 la r\u00e9glementation GSPR en vigueur, le nom de notre entreprise appara\u00eetra sur l\u2019emballage en tant que fabricant.<\/p>\n                    <\/div>\r\n                <\/div>\r\n\r\n                \r\n            <\/div>\r\n\r\n                                <div class=\"marketing__item marketing__item--2\">\r\n\r\n                <div class=\"marketing__image\">\r\n                                    <\/div>\r\n                <div class=\"marketing__content-wrapper global-style\">\r\n                                        <div class=\"marketing__content\">\r\n                        <h4 style=\"text-align: center;\">2. Tarifs transparents<\/h4>\n<p style=\"text-align: center;\">Nous distinguons clairement le prix du produit, le mode d\u2019exp\u00e9dition et les frais de livraison, <em>pour que vous sachiez toujours exactement ce que vous payez<\/em>. Les frais de livraison sont calcul\u00e9s en fonction de la valeur de la commande.<\/p>\n                    <\/div>\r\n                <\/div>\r\n\r\n                                    <a href=\"https:\/\/www.showdowndisplays.eu\/parcel-shipping-price-conditions\/?_gl=1*sqbrgb*_gcl_au*MTA5NjY1Mjc3Ni4xNzU0NTY2OTAw*_ga*MTgwMDIwMDE3OS4xNjkyMTc4OTY0*_ga_T04WK3HE04*czE3NjIxNzIzMTIkbzQ3MiRnMSR0MTc2MjE3NDgyNSRqNTUkbDAkaDA.\"  class=\"marketing__read-more link-with-arrow link-with-arrow--blue\">En savoir plus<\/a>\r\n                \r\n            <\/div>\r\n\r\n                                <div class=\"marketing__item marketing__item--2\">\r\n\r\n                <div class=\"marketing__image\">\r\n                                    <\/div>\r\n                <div class=\"marketing__content-wrapper global-style\">\r\n                                        <div class=\"marketing__content\">\r\n                        <h4 style=\"text-align: center;\">3. D\u00e9lais de production clairs<\/h4>\n<p style=\"text-align: center;\">Chaque page produit indique des d\u00e9lais de production pr\u00e9cis pour les articles imprim\u00e9s ou fabriqu\u00e9s, afin <em>de vous permettre de planifier vos commandes en toute s\u00e9r\u00e9nit\u00e9.<\/em><\/p>\n                    <\/div>\r\n                <\/div>\r\n\r\n                \r\n            <\/div>\r\n\r\n                                <div class=\"marketing__item marketing__item--2\">\r\n\r\n                <div class=\"marketing__image\">\r\n                                    <\/div>\r\n                <div class=\"marketing__content-wrapper global-style\">\r\n                                        <div class=\"marketing__content\">\r\n                        <h4 style=\"text-align: center;\">4. Suivi en temps r\u00e9el<\/h4>\n<p style=\"text-align: center;\"><em>Passez votre commande en ligne<\/em> et suivez-la directement depuis votre compte. Gr\u00e2ce aux mises \u00e0 jour en temps r\u00e9el, vous savez toujours o\u00f9 se trouve votre colis et quand il sera livr\u00e9.<\/p>\n                    <\/div>\r\n                <\/div>\r\n\r\n                \r\n            <\/div>\r\n\r\n                                <div class=\"marketing__item marketing__item--2\">\r\n\r\n                <div class=\"marketing__image\">\r\n                                    <\/div>\r\n                <div class=\"marketing__content-wrapper global-style\">\r\n                                        <div class=\"marketing__content\">\r\n                        <h4 style=\"text-align: center;\">5. Solutions de livraison sur mesure<\/h4>\n<p style=\"text-align: center;\">Besoin d\u2019une exp\u00e9dition sur palette, express ou sp\u00e9cialis\u00e9e ? Nous vous proposons des devis personnalis\u00e9s adapt\u00e9s \u00e0 <em>vos besoins logistiques sp\u00e9cifiques.<\/em><\/p>\n                    <\/div>\r\n                <\/div>\r\n\r\n                \r\n            <\/div>\r\n\r\n                                <div class=\"marketing__item marketing__item--2\">\r\n\r\n                <div class=\"marketing__image\">\r\n                                    <\/div>\r\n                <div class=\"marketing__content-wrapper global-style\">\r\n                                        <div class=\"marketing__content\">\r\n                        <h4 style=\"text-align: center;\">6. Adresses de livraison enregistr\u00e9es<\/h4>\n<p style=\"text-align: center;\">Gagnez du temps gr\u00e2ce au carnet d\u2019adresses de votre compte. <em>Enregistrez plusieurs adresses<\/em> de livraison pour exp\u00e9dier rapidement, \u00e0 tout moment.<\/p>\n\n                    <\/div>\r\n                <\/div>\r\n\r\n                \r\n            <\/div>\r\n\r\n            <\/div>\r\n\n\n\n<div style=\"height:80px\" aria-hidden=\"true\" class=\"wp-block-spacer\"><\/div>\n\n\n\n<p><strong><span style=\"text-decoration: underline;\">Clause de non-responsabilit\u00e9:<\/span><\/strong> <em>Passer une commande en ligne pour des produits standard comprend l\u2019emballage standard, l\u2019\u00e9tiquetage standard et la livraison standard \u00e0 l\u2019adresse unique indiqu\u00e9e dans le panier. Si vous avez besoin d\u2019un emballage diff\u00e9rent, d\u2019un \u00e9tiquetage personnalis\u00e9 au-del\u00e0 de nos options standard, ou d\u2019une livraison \u00e0 plusieurs adresses, veuillez contacter votre repr\u00e9sentant commercial afin de discuter des possibilit\u00e9s disponibles.<\/em><\/p>\n\n\n\n<div style=\"height:80px\" aria-hidden=\"true\" class=\"wp-block-spacer\"><\/div>\n\n\n\n<h2 class=\"wp-block-heading has-text-align-center\">Pages associ\u00e9es<\/h2>\n\n\n    <div class=\"marketing\">\r\n                                <div class=\"marketing__item marketing__item--3\">\r\n\r\n                <div class=\"marketing__image\">\r\n                    <img data-aspectratio=\"380\/238\" decoding=\"async\" width=\"380\" height=\"238\" data-aspectratio=\"380\/238\" src=\"data:image\/gif;base64,R0lGODlhAQABAIAAAAAAAP\/\/\/yH5BAEAAAAALAAAAAABAAEAAAIBRAA7\" data-src=\"https:\/\/www.showdowndisplays.eu\/wp-content\/uploads\/2021\/08\/Partnership_related-pages-380x238.jpg\" class=\"attachment-about-us size-about-us lazyload\" alt=\"Showdown-marketingsupport\" data-srcset=\"https:\/\/www.showdowndisplays.eu\/wp-content\/uploads\/2021\/08\/Partnership_related-pages-380x238.jpg 380w, https:\/\/www.showdowndisplays.eu\/wp-content\/uploads\/2021\/08\/Partnership_related-pages-432x270.jpg 432w, https:\/\/www.showdowndisplays.eu\/wp-content\/uploads\/2021\/08\/Partnership_related-pages-768x480.jpg 768w, https:\/\/www.showdowndisplays.eu\/wp-content\/uploads\/2021\/08\/Partnership_related-pages-96x60.jpg 96w, https:\/\/www.showdowndisplays.eu\/wp-content\/uploads\/2021\/08\/Partnership_related-pages-200x125.jpg 200w, https:\/\/www.showdowndisplays.eu\/wp-content\/uploads\/2021\/08\/Partnership_related-pages.jpg 800w\" sizes=\"(max-width: 380px) 100vw, 380px\" \/><noscript><img decoding=\"async\" width=\"380\" height=\"238\" data-aspectratio=\"380\/238\" src=\"data:image\/gif;base64,R0lGODlhAQABAIAAAAAAAP\/\/\/yH5BAEAAAAALAAAAAABAAEAAAIBRAA7\" data-src=\"https:\/\/www.showdowndisplays.eu\/wp-content\/uploads\/2021\/08\/Partnership_related-pages-380x238.jpg\" class=\"attachment-about-us size-about-us lazyload\" alt=\"Showdown-marketingsupport\" data-srcset=\"https:\/\/www.showdowndisplays.eu\/wp-content\/uploads\/2021\/08\/Partnership_related-pages-380x238.jpg 380w, https:\/\/www.showdowndisplays.eu\/wp-content\/uploads\/2021\/08\/Partnership_related-pages-432x270.jpg 432w, https:\/\/www.showdowndisplays.eu\/wp-content\/uploads\/2021\/08\/Partnership_related-pages-768x480.jpg 768w, https:\/\/www.showdowndisplays.eu\/wp-content\/uploads\/2021\/08\/Partnership_related-pages-96x60.jpg 96w, https:\/\/www.showdowndisplays.eu\/wp-content\/uploads\/2021\/08\/Partnership_related-pages-200x125.jpg 200w, https:\/\/www.showdowndisplays.eu\/wp-content\/uploads\/2021\/08\/Partnership_related-pages.jpg 800w\" sizes=\"(max-width: 380px) 100vw, 380px\" \/><\/noscript>                <\/div>\r\n                <div class=\"marketing__content-wrapper global-style\">\r\n                                            <div class=\"marketing__title-wrapper\">\r\n                            <h3>Partenariat<\/h3>\r\n                        <\/div>\r\n                                        <div class=\"marketing__content\">\r\n                                            <\/div>\r\n                <\/div>\r\n\r\n                                    <a href=\"https:\/\/www.showdowndisplays.eu\/partnership\/\"  class=\"marketing__read-more link-with-arrow link-with-arrow--blue\">En savoir plus<\/a>\r\n                \r\n            <\/div>\r\n\r\n                                <div class=\"marketing__item marketing__item--3\">\r\n\r\n                <div class=\"marketing__image\">\r\n                    <img data-aspectratio=\"380\/238\" decoding=\"async\" width=\"380\" height=\"238\" data-aspectratio=\"380\/238\" src=\"data:image\/gif;base64,R0lGODlhAQABAIAAAAAAAP\/\/\/yH5BAEAAAAALAAAAAABAAEAAAIBRAA7\" data-src=\"https:\/\/www.showdowndisplays.eu\/wp-content\/uploads\/2021\/01\/Product-photos-and-videos-3-380x238.jpg\" class=\"attachment-about-us size-about-us lazyload\" alt=\" width\" data-srcset=\"https:\/\/www.showdowndisplays.eu\/wp-content\/uploads\/2021\/01\/Product-photos-and-videos-3-380x238.jpg 380w, https:\/\/www.showdowndisplays.eu\/wp-content\/uploads\/2021\/01\/Product-photos-and-videos-3-432x270.jpg 432w, https:\/\/www.showdowndisplays.eu\/wp-content\/uploads\/2021\/01\/Product-photos-and-videos-3-1024x640.jpg 1024w, https:\/\/www.showdowndisplays.eu\/wp-content\/uploads\/2021\/01\/Product-photos-and-videos-3-768x480.jpg 768w, https:\/\/www.showdowndisplays.eu\/wp-content\/uploads\/2021\/01\/Product-photos-and-videos-3-1536x960.jpg 1536w, https:\/\/www.showdowndisplays.eu\/wp-content\/uploads\/2021\/01\/Product-photos-and-videos-3-96x60.jpg 96w, https:\/\/www.showdowndisplays.eu\/wp-content\/uploads\/2021\/01\/Product-photos-and-videos-3-200x125.jpg 200w, https:\/\/www.showdowndisplays.eu\/wp-content\/uploads\/2021\/01\/Product-photos-and-videos-3.jpg 1600w\" sizes=\"(max-width: 380px) 100vw, 380px\" \/><noscript><img decoding=\"async\" width=\"380\" height=\"238\" data-aspectratio=\"380\/238\" src=\"data:image\/gif;base64,R0lGODlhAQABAIAAAAAAAP\/\/\/yH5BAEAAAAALAAAAAABAAEAAAIBRAA7\" data-src=\"https:\/\/www.showdowndisplays.eu\/wp-content\/uploads\/2021\/01\/Product-photos-and-videos-3-380x238.jpg\" class=\"attachment-about-us size-about-us lazyload\" alt=\" width\" data-srcset=\"https:\/\/www.showdowndisplays.eu\/wp-content\/uploads\/2021\/01\/Product-photos-and-videos-3-380x238.jpg 380w, https:\/\/www.showdowndisplays.eu\/wp-content\/uploads\/2021\/01\/Product-photos-and-videos-3-432x270.jpg 432w, https:\/\/www.showdowndisplays.eu\/wp-content\/uploads\/2021\/01\/Product-photos-and-videos-3-1024x640.jpg 1024w, https:\/\/www.showdowndisplays.eu\/wp-content\/uploads\/2021\/01\/Product-photos-and-videos-3-768x480.jpg 768w, https:\/\/www.showdowndisplays.eu\/wp-content\/uploads\/2021\/01\/Product-photos-and-videos-3-1536x960.jpg 1536w, https:\/\/www.showdowndisplays.eu\/wp-content\/uploads\/2021\/01\/Product-photos-and-videos-3-96x60.jpg 96w, https:\/\/www.showdowndisplays.eu\/wp-content\/uploads\/2021\/01\/Product-photos-and-videos-3-200x125.jpg 200w, https:\/\/www.showdowndisplays.eu\/wp-content\/uploads\/2021\/01\/Product-photos-and-videos-3.jpg 1600w\" sizes=\"(max-width: 380px) 100vw, 380px\" \/><\/noscript>                <\/div>\r\n                <div class=\"marketing__content-wrapper global-style\">\r\n                                            <div class=\"marketing__title-wrapper\">\r\n                            <h3>Support marketing<\/h3>\r\n                        <\/div>\r\n                                        <div class=\"marketing__content\">\r\n                                            <\/div>\r\n                <\/div>\r\n\r\n                                    <a href=\"https:\/\/www.showdowndisplays.eu\/marketing-support\/\"  class=\"marketing__read-more link-with-arrow link-with-arrow--blue\">En savoir plus<\/a>\r\n                \r\n            <\/div>\r\n\r\n                                <div class=\"marketing__item marketing__item--3\">\r\n\r\n                <div class=\"marketing__image\">\r\n                    <img data-aspectratio=\"380\/253\" decoding=\"async\" width=\"380\" height=\"253\" data-aspectratio=\"380\/253\" src=\"data:image\/gif;base64,R0lGODlhAQABAIAAAAAAAP\/\/\/yH5BAEAAAAALAAAAAABAAEAAAIBRAA7\" data-src=\"https:\/\/www.showdowndisplays.eu\/wp-content\/uploads\/2021\/06\/Print-services_landscape_verkleind-380x253.jpg\" class=\"attachment-about-us size-about-us lazyload\" alt=\" width\" data-srcset=\"https:\/\/www.showdowndisplays.eu\/wp-content\/uploads\/2021\/06\/Print-services_landscape_verkleind-380x253.jpg 380w, https:\/\/www.showdowndisplays.eu\/wp-content\/uploads\/2021\/06\/Print-services_landscape_verkleind-405x270.jpg 405w, https:\/\/www.showdowndisplays.eu\/wp-content\/uploads\/2021\/06\/Print-services_landscape_verkleind-1024x683.jpg 1024w, https:\/\/www.showdowndisplays.eu\/wp-content\/uploads\/2021\/06\/Print-services_landscape_verkleind-768x512.jpg 768w, https:\/\/www.showdowndisplays.eu\/wp-content\/uploads\/2021\/06\/Print-services_landscape_verkleind-1536x1024.jpg 1536w, https:\/\/www.showdowndisplays.eu\/wp-content\/uploads\/2021\/06\/Print-services_landscape_verkleind-2048x1365.jpg 2048w, https:\/\/www.showdowndisplays.eu\/wp-content\/uploads\/2021\/06\/Print-services_landscape_verkleind-96x64.jpg 96w, https:\/\/www.showdowndisplays.eu\/wp-content\/uploads\/2021\/06\/Print-services_landscape_verkleind-200x133.jpg 200w\" sizes=\"(max-width: 380px) 100vw, 380px\" \/><noscript><img decoding=\"async\" width=\"380\" height=\"253\" data-aspectratio=\"380\/253\" src=\"data:image\/gif;base64,R0lGODlhAQABAIAAAAAAAP\/\/\/yH5BAEAAAAALAAAAAABAAEAAAIBRAA7\" data-src=\"https:\/\/www.showdowndisplays.eu\/wp-content\/uploads\/2021\/06\/Print-services_landscape_verkleind-380x253.jpg\" class=\"attachment-about-us size-about-us lazyload\" alt=\" width\" data-srcset=\"https:\/\/www.showdowndisplays.eu\/wp-content\/uploads\/2021\/06\/Print-services_landscape_verkleind-380x253.jpg 380w, https:\/\/www.showdowndisplays.eu\/wp-content\/uploads\/2021\/06\/Print-services_landscape_verkleind-405x270.jpg 405w, https:\/\/www.showdowndisplays.eu\/wp-content\/uploads\/2021\/06\/Print-services_landscape_verkleind-1024x683.jpg 1024w, https:\/\/www.showdowndisplays.eu\/wp-content\/uploads\/2021\/06\/Print-services_landscape_verkleind-768x512.jpg 768w, https:\/\/www.showdowndisplays.eu\/wp-content\/uploads\/2021\/06\/Print-services_landscape_verkleind-1536x1024.jpg 1536w, https:\/\/www.showdowndisplays.eu\/wp-content\/uploads\/2021\/06\/Print-services_landscape_verkleind-2048x1365.jpg 2048w, https:\/\/www.showdowndisplays.eu\/wp-content\/uploads\/2021\/06\/Print-services_landscape_verkleind-96x64.jpg 96w, https:\/\/www.showdowndisplays.eu\/wp-content\/uploads\/2021\/06\/Print-services_landscape_verkleind-200x133.jpg 200w\" sizes=\"(max-width: 380px) 100vw, 380px\" \/><\/noscript>                <\/div>\r\n                <div class=\"marketing__content-wrapper global-style\">\r\n                                            <div class=\"marketing__title-wrapper\">\r\n                            <h3>Services d\u2019impression<\/h3>\r\n                        <\/div>\r\n                                        <div class=\"marketing__content\">\r\n                                            <\/div>\r\n                <\/div>\r\n\r\n                                    <a href=\"https:\/\/www.showdowndisplays.eu\/services\/print-services-2\/\"  class=\"marketing__read-more link-with-arrow link-with-arrow--blue\">En savoir plus<\/a>\r\n                \r\n            <\/div>\r\n\r\n            <\/div>\r\n","protected":false},"excerpt":{"rendered":"<p>Livrez plus vite, sans frais suppl\u00e9mentaires G\u00e9rez votre activit\u00e9 sans stock. Nous prenons en charge la production et exp\u00e9dions directement&#8230;<\/p>\n","protected":false},"author":16,"featured_media":0,"parent":0,"menu_order":0,"comment_status":"closed","ping_status":"closed","template":"","meta":{"_acf_changed":false,"footnotes":""},"class_list":["post-51689","page","type-page","status-publish","hentry"],"acf":[],"_links":{"self":[{"href":"https:\/\/www.showdowndisplays.eu\/fr\/wp-json\/wp\/v2\/pages\/51689","targetHints":{"allow":["GET"]}}],"collection":[{"href":"https:\/\/www.showdowndisplays.eu\/fr\/wp-json\/wp\/v2\/pages"}],"about":[{"href":"https:\/\/www.showdowndisplays.eu\/fr\/wp-json\/wp\/v2\/types\/page"}],"author":[{"embeddable":true,"href":"https:\/\/www.showdowndisplays.eu\/fr\/wp-json\/wp\/v2\/users\/16"}],"replies":[{"embeddable":true,"href":"https:\/\/www.showdowndisplays.eu\/fr\/wp-json\/wp\/v2\/comments?post=51689"}],"version-history":[{"count":10,"href":"https:\/\/www.showdowndisplays.eu\/fr\/wp-json\/wp\/v2\/pages\/51689\/revisions"}],"predecessor-version":[{"id":55977,"href":"https:\/\/www.showdowndisplays.eu\/fr\/wp-json\/wp\/v2\/pages\/51689\/revisions\/55977"}],"wp:attachment":[{"href":"https:\/\/www.showdowndisplays.eu\/fr\/wp-json\/wp\/v2\/media?parent=51689"}],"curies":[{"name":"wp","href":"https:\/\/api.w.org\/{rel}","templated":true}]}}