{"id":47449,"date":"2025-07-31T10:06:11","date_gmt":"2025-07-31T10:06:11","guid":{"rendered":"https:\/\/www.showdowndisplays.eu\/?page_id=47449"},"modified":"2025-08-01T05:56:27","modified_gmt":"2025-08-01T05:56:27","slug":"frais-de-palette","status":"publish","type":"page","link":"https:\/\/www.showdowndisplays.eu\/fr\/frais-de-palette\/","title":{"rendered":"Frais de palette"},"content":{"rendered":"\n<p class=\"has-white-background-color has-background\"><strong>Pays participant au syst\u00e8me d\u2019\u00e9change EPAL <\/strong><br><em>Autriche, Belgique, R\u00e9publique tch\u00e8que, Allemagne, Luxembourg, Pays-Bas, Pologne et Slovaquie<\/em><br><br><strong>Palette Euro : <\/strong>Aucun frais de palette ne sera factur\u00e9<br><strong>Palette XL :<\/strong> Les palettes XL ne font pas partie du syst\u00e8me d\u2019\u00e9change EPAL. Des frais suppl\u00e9mentaires seront factur\u00e9s pour chaque palette XL. Les co\u00fbts varient entre 23,00 et 45,00 euros, selon la taille de la palette XL. Pour plus d\u2019informations, veuillez contacter votre commercial.<br><br>Tous les frais de palette seront ajout\u00e9s apr\u00e8s la confirmation de la commande.<br><\/p>\n\n\n\n<p class=\"has-white-background-color has-background\"><strong>Pays ne participant pas au syst\u00e8me d\u2019\u00e9change EPAL<\/strong> <br><em>Tous les autres pays non mentionn\u00e9s ci-dessus. <\/em><br><br><strong>Palette Euro : <\/strong>Des frais de 6,50 euros seront factur\u00e9s par palette Euro <br><strong>Palette XL :<\/strong> Des frais suppl\u00e9mentaires seront factur\u00e9s pour chaque palette XL. Les co\u00fbts varient entre 23,00 et 45,00 euros, selon la taille de la palette XL. Pour plus d\u2019informations, veuillez contacter votre commercial. <br><br>Tous les frais de palette seront ajout\u00e9s apr\u00e8s la confirmation de la commande. <\/p>\n\n\n\n<p class=\"has-text-align-center has-white-background-color has-background\"><a href=\"https:\/\/www.showdowndisplays.eu\/fr\/parcel-shipping-price-conditions\/\">Cliquez ici<\/a> pour consulter l\u2019aper\u00e7u des frais de livraison. <\/p>\n","protected":false},"excerpt":{"rendered":"<p>Pays participant au syst\u00e8me d\u2019\u00e9change EPAL Autriche, Belgique, R\u00e9publique tch\u00e8que, Allemagne, Luxembourg, Pays-Bas, Pologne et Slovaquie Palette Euro : Aucun&#8230;<\/p>\n","protected":false},"author":12,"featured_media":0,"parent":0,"menu_order":0,"comment_status":"closed","ping_status":"closed","template":"","meta":{"_acf_changed":false,"footnotes":""},"class_list":["post-47449","page","type-page","status-publish","hentry"],"acf":[],"_links":{"self":[{"href":"https:\/\/www.showdowndisplays.eu\/fr\/wp-json\/wp\/v2\/pages\/47449","targetHints":{"allow":["GET"]}}],"collection":[{"href":"https:\/\/www.showdowndisplays.eu\/fr\/wp-json\/wp\/v2\/pages"}],"about":[{"href":"https:\/\/www.showdowndisplays.eu\/fr\/wp-json\/wp\/v2\/types\/page"}],"author":[{"embeddable":true,"href":"https:\/\/www.showdowndisplays.eu\/fr\/wp-json\/wp\/v2\/users\/12"}],"replies":[{"embeddable":true,"href":"https:\/\/www.showdowndisplays.eu\/fr\/wp-json\/wp\/v2\/comments?post=47449"}],"version-history":[{"count":2,"href":"https:\/\/www.showdowndisplays.eu\/fr\/wp-json\/wp\/v2\/pages\/47449\/revisions"}],"predecessor-version":[{"id":47525,"href":"https:\/\/www.showdowndisplays.eu\/fr\/wp-json\/wp\/v2\/pages\/47449\/revisions\/47525"}],"wp:attachment":[{"href":"https:\/\/www.showdowndisplays.eu\/fr\/wp-json\/wp\/v2\/media?parent=47449"}],"curies":[{"name":"wp","href":"https:\/\/api.w.org\/{rel}","templated":true}]}}