{"id":37338,"date":"2024-06-24T12:56:06","date_gmt":"2024-06-24T12:56:06","guid":{"rendered":"https:\/\/www.showdowndisplays.eu\/print-symbols\/"},"modified":"2024-09-11T07:02:24","modified_gmt":"2024-09-11T07:02:24","slug":"print-symbols","status":"publish","type":"page","link":"https:\/\/www.showdowndisplays.eu\/fr\/print-symbols\/","title":{"rendered":"Symboles des impressions"},"content":{"rendered":"\n<div class=\"wp-block-group block-white-background\"><div class=\"wp-block-group__inner-container is-layout-constrained wp-block-group-is-layout-constrained\">\n<div class=\"wp-block-media-text is-stacked-on-mobile is-vertically-aligned-center\" style=\"grid-template-columns:15% auto\"><figure class=\"wp-block-media-text__media\"><img data-aspectratio=\"344\/344\" src=\"data:image\/gif;base64,R0lGODlhAQABAIAAAAAAAP\/\/\/yH5BAEAAAAALAAAAAABAAEAAAIBRAA7\" decoding=\"async\" width=\"344\" height=\"344\" data-src=\"https:\/\/www.showdowndisplays.eu\/wp-content\/uploads\/2024\/06\/OV_Icons_Errors-DPI.png\" alt=\"\" class=\"wp-image-37038 size-full lazyload\" data-srcset=\"https:\/\/www.showdowndisplays.eu\/wp-content\/uploads\/2024\/06\/OV_Icons_Errors-DPI.png 344w, https:\/\/www.showdowndisplays.eu\/wp-content\/uploads\/2024\/06\/OV_Icons_Errors-DPI-270x270.png 270w, https:\/\/www.showdowndisplays.eu\/wp-content\/uploads\/2024\/06\/OV_Icons_Errors-DPI-96x96.png 96w, https:\/\/www.showdowndisplays.eu\/wp-content\/uploads\/2024\/06\/OV_Icons_Errors-DPI-200x200.png 200w\" sizes=\"(max-width: 344px) 100vw, 344px\" \/><noscript><img decoding=\"async\" width=\"344\" height=\"344\" src=\"https:\/\/www.showdowndisplays.eu\/wp-content\/uploads\/2024\/06\/OV_Icons_Errors-DPI.png\" alt=\"\" class=\"wp-image-37038 size-full\" srcset=\"https:\/\/www.showdowndisplays.eu\/wp-content\/uploads\/2024\/06\/OV_Icons_Errors-DPI.png 344w, https:\/\/www.showdowndisplays.eu\/wp-content\/uploads\/2024\/06\/OV_Icons_Errors-DPI-270x270.png 270w, https:\/\/www.showdowndisplays.eu\/wp-content\/uploads\/2024\/06\/OV_Icons_Errors-DPI-96x96.png 96w, https:\/\/www.showdowndisplays.eu\/wp-content\/uploads\/2024\/06\/OV_Icons_Errors-DPI-200x200.png 200w\" sizes=\"(max-width: 344px) 100vw, 344px\" \/><\/noscript><\/figure><div class=\"wp-block-media-text__content\">\n<h3 class=\"wp-block-heading\">L&#8217;image est pixellis\u00e9e &gt; 150 DPI<\/h3>\n\n\n\n<p>La maquette t\u00e9l\u00e9charg\u00e9e a un DPI inf\u00e9rieur \u00e0 150. \u00c0 l&#8217;impression, le r\u00e9sultat risque d&#8217;\u00eatre pixellis\u00e9. Pour garantir une qualit\u00e9 optimale avec des images nettes et claires, veuillez ajuster votre maquette pour qu&#8217;elle r\u00e9ponde \u00e0 la norme de 150 DPI. Si vous acceptez de recevoir une impression potentiellement pixelis\u00e9e, vous pouvez cliquer sur &#8220;Approuver l&#8217;impression&#8221;.<\/p>\n<\/div><\/div>\n\n\n\n<div class=\"wp-block-media-text is-stacked-on-mobile is-vertically-aligned-center\" style=\"grid-template-columns:15% auto\"><figure class=\"wp-block-media-text__media\"><img data-aspectratio=\"344\/344\" src=\"data:image\/gif;base64,R0lGODlhAQABAIAAAAAAAP\/\/\/yH5BAEAAAAALAAAAAABAAEAAAIBRAA7\" decoding=\"async\" width=\"344\" height=\"344\" data-src=\"https:\/\/www.showdowndisplays.eu\/wp-content\/uploads\/2024\/06\/OV_Icons_Errors-CMYK.png\" alt=\"\" class=\"wp-image-37095 size-full lazyload\" data-srcset=\"https:\/\/www.showdowndisplays.eu\/wp-content\/uploads\/2024\/06\/OV_Icons_Errors-CMYK.png 344w, https:\/\/www.showdowndisplays.eu\/wp-content\/uploads\/2024\/06\/OV_Icons_Errors-CMYK-270x270.png 270w, https:\/\/www.showdowndisplays.eu\/wp-content\/uploads\/2024\/06\/OV_Icons_Errors-CMYK-96x96.png 96w, https:\/\/www.showdowndisplays.eu\/wp-content\/uploads\/2024\/06\/OV_Icons_Errors-CMYK-200x200.png 200w\" sizes=\"(max-width: 344px) 100vw, 344px\" \/><noscript><img decoding=\"async\" width=\"344\" height=\"344\" src=\"https:\/\/www.showdowndisplays.eu\/wp-content\/uploads\/2024\/06\/OV_Icons_Errors-CMYK.png\" alt=\"\" class=\"wp-image-37095 size-full\" srcset=\"https:\/\/www.showdowndisplays.eu\/wp-content\/uploads\/2024\/06\/OV_Icons_Errors-CMYK.png 344w, https:\/\/www.showdowndisplays.eu\/wp-content\/uploads\/2024\/06\/OV_Icons_Errors-CMYK-270x270.png 270w, https:\/\/www.showdowndisplays.eu\/wp-content\/uploads\/2024\/06\/OV_Icons_Errors-CMYK-96x96.png 96w, https:\/\/www.showdowndisplays.eu\/wp-content\/uploads\/2024\/06\/OV_Icons_Errors-CMYK-200x200.png 200w\" sizes=\"(max-width: 344px) 100vw, 344px\" \/><\/noscript><\/figure><div class=\"wp-block-media-text__content\">\n<h3 class=\"wp-block-heading\">Couleurs modifi\u00e9es<\/h3>\n\n\n\n<p>Nos imprimantes utilisent des couleurs CMYK. Il semble que votre maquette t\u00e9l\u00e9charg\u00e9e soit en couleurs RGB (ou dans un autre sch\u00e9ma de couleurs). Notre syst\u00e8me a automatiquement converti vos couleurs RGB en couleurs CMJN. Il peut en r\u00e9sulter de l\u00e9g\u00e8res variations de couleurs \u00e0 l&#8217;impression. Si cette possibilit\u00e9 vous convient, veuillez cliquer sur &#8220;Approuver l&#8217;impression&#8221;. Si vous souhaitez vous assurer que nous imprimons dans les bonnes couleurs, veuillez ajuster votre maquette aux couleurs CMJN et t\u00e9l\u00e9charger le nouveau fichier d&#8217;impression.<\/p>\n<\/div><\/div>\n\n\n\n<div class=\"wp-block-media-text is-stacked-on-mobile is-vertically-aligned-center\" style=\"grid-template-columns:15% auto\"><figure class=\"wp-block-media-text__media\"><img data-aspectratio=\"344\/344\" src=\"data:image\/gif;base64,R0lGODlhAQABAIAAAAAAAP\/\/\/yH5BAEAAAAALAAAAAABAAEAAAIBRAA7\" decoding=\"async\" width=\"344\" height=\"344\" data-src=\"https:\/\/www.showdowndisplays.eu\/wp-content\/uploads\/2024\/06\/OV_Icons_Errors-Artwork_size_adapted.png\" alt=\"\" class=\"wp-image-37030 size-full lazyload\" data-srcset=\"https:\/\/www.showdowndisplays.eu\/wp-content\/uploads\/2024\/06\/OV_Icons_Errors-Artwork_size_adapted.png 344w, https:\/\/www.showdowndisplays.eu\/wp-content\/uploads\/2024\/06\/OV_Icons_Errors-Artwork_size_adapted-270x270.png 270w, https:\/\/www.showdowndisplays.eu\/wp-content\/uploads\/2024\/06\/OV_Icons_Errors-Artwork_size_adapted-96x96.png 96w, https:\/\/www.showdowndisplays.eu\/wp-content\/uploads\/2024\/06\/OV_Icons_Errors-Artwork_size_adapted-200x200.png 200w\" sizes=\"(max-width: 344px) 100vw, 344px\" \/><noscript><img decoding=\"async\" width=\"344\" height=\"344\" src=\"https:\/\/www.showdowndisplays.eu\/wp-content\/uploads\/2024\/06\/OV_Icons_Errors-Artwork_size_adapted.png\" alt=\"\" class=\"wp-image-37030 size-full\" srcset=\"https:\/\/www.showdowndisplays.eu\/wp-content\/uploads\/2024\/06\/OV_Icons_Errors-Artwork_size_adapted.png 344w, https:\/\/www.showdowndisplays.eu\/wp-content\/uploads\/2024\/06\/OV_Icons_Errors-Artwork_size_adapted-270x270.png 270w, https:\/\/www.showdowndisplays.eu\/wp-content\/uploads\/2024\/06\/OV_Icons_Errors-Artwork_size_adapted-96x96.png 96w, https:\/\/www.showdowndisplays.eu\/wp-content\/uploads\/2024\/06\/OV_Icons_Errors-Artwork_size_adapted-200x200.png 200w\" sizes=\"(max-width: 344px) 100vw, 344px\" \/><\/noscript><\/figure><div class=\"wp-block-media-text__content\">\n<h3 class=\"wp-block-heading\">Taille de la maquette adapt\u00e9e<\/h3>\n\n\n\n<p>La taille de la maquette que vous avez t\u00e9l\u00e9charg\u00e9e diff\u00e8re de 1 \u00e0 2 % du mod\u00e8le d&#8217;impression. Notre logiciel d&#8217;impression automatique a l\u00e9g\u00e8rement ajust\u00e9 la taille pour qu&#8217;elle corresponde parfaitement au mod\u00e8le. Veuillez v\u00e9rifier que l&#8217;impression est conforme \u00e0 vos attentes. Si tout semble correct, vous pouvez cliquer sur le bouton &#8220;Approuver l&#8217;impression&#8221;. Si vous n&#8217;\u00eates pas satisfait de la l\u00e9g\u00e8re modification, veuillez ajuster votre maquette en cons\u00e9quence et t\u00e9l\u00e9charger un nouveau fichier d&#8217;impression \u00e0 la bonne taille.<\/p>\n<\/div><\/div>\n\n\n\n<div class=\"wp-block-media-text is-stacked-on-mobile is-vertically-aligned-center\" style=\"grid-template-columns:15% auto\"><figure class=\"wp-block-media-text__media\"><img data-aspectratio=\"344\/344\" src=\"data:image\/gif;base64,R0lGODlhAQABAIAAAAAAAP\/\/\/yH5BAEAAAAALAAAAAABAAEAAAIBRAA7\" decoding=\"async\" width=\"344\" height=\"344\" data-src=\"https:\/\/www.showdowndisplays.eu\/wp-content\/uploads\/2024\/06\/OV_Icons_Errors-Safe_Area-1.png\" alt=\"\" class=\"wp-image-37071 size-full lazyload\" data-srcset=\"https:\/\/www.showdowndisplays.eu\/wp-content\/uploads\/2024\/06\/OV_Icons_Errors-Safe_Area-1.png 344w, https:\/\/www.showdowndisplays.eu\/wp-content\/uploads\/2024\/06\/OV_Icons_Errors-Safe_Area-1-270x270.png 270w, https:\/\/www.showdowndisplays.eu\/wp-content\/uploads\/2024\/06\/OV_Icons_Errors-Safe_Area-1-96x96.png 96w, https:\/\/www.showdowndisplays.eu\/wp-content\/uploads\/2024\/06\/OV_Icons_Errors-Safe_Area-1-200x200.png 200w\" sizes=\"(max-width: 344px) 100vw, 344px\" \/><noscript><img decoding=\"async\" width=\"344\" height=\"344\" src=\"https:\/\/www.showdowndisplays.eu\/wp-content\/uploads\/2024\/06\/OV_Icons_Errors-Safe_Area-1.png\" alt=\"\" class=\"wp-image-37071 size-full\" srcset=\"https:\/\/www.showdowndisplays.eu\/wp-content\/uploads\/2024\/06\/OV_Icons_Errors-Safe_Area-1.png 344w, https:\/\/www.showdowndisplays.eu\/wp-content\/uploads\/2024\/06\/OV_Icons_Errors-Safe_Area-1-270x270.png 270w, https:\/\/www.showdowndisplays.eu\/wp-content\/uploads\/2024\/06\/OV_Icons_Errors-Safe_Area-1-96x96.png 96w, https:\/\/www.showdowndisplays.eu\/wp-content\/uploads\/2024\/06\/OV_Icons_Errors-Safe_Area-1-200x200.png 200w\" sizes=\"(max-width: 344px) 100vw, 344px\" \/><\/noscript><\/figure><div class=\"wp-block-media-text__content\">\n<h3 class=\"wp-block-heading\">Texte hors de la zone de s\u00e9curit\u00e9<\/h3>\n\n\n\n<p>Lors du contr\u00f4le manuel effectu\u00e9 par notre sp\u00e9cialiste de l&#8217;impression, nous avons remarqu\u00e9 que le texte se trouvait en dehors de la zone de s\u00e9curit\u00e9. Veuillez consulter le mod\u00e8le d&#8217;impression pour conna\u00eetre la zone de s\u00e9curit\u00e9. Si le texte se trouve en dehors de cette zone, nous ne pouvons pas garantir qu&#8217;il sera enti\u00e8rement visible sur le produit. Nous vous recommandons d&#8217;ajuster votre maquette et de t\u00e9l\u00e9charger un nouveau fichier. Si vous aviez l&#8217;intention de placer le texte en dehors de la zone de s\u00e9curit\u00e9, veuillez indiquer \u00e0 notre service client\u00e8le que vous approuvez l&#8217;\u00e9preuve d&#8217;impression.<\/p>\n<\/div><\/div>\n\n\n\n<div class=\"wp-block-media-text is-stacked-on-mobile is-vertically-aligned-center\" style=\"grid-template-columns:15% auto\"><figure class=\"wp-block-media-text__media\"><img data-aspectratio=\"344\/344\" src=\"data:image\/gif;base64,R0lGODlhAQABAIAAAAAAAP\/\/\/yH5BAEAAAAALAAAAAABAAEAAAIBRAA7\" decoding=\"async\" width=\"344\" height=\"344\" data-src=\"https:\/\/www.showdowndisplays.eu\/wp-content\/uploads\/2024\/07\/OV_Icons_Errors-Backside_copied.png\" alt=\"\" class=\"wp-image-38776 size-full lazyload\" data-srcset=\"https:\/\/www.showdowndisplays.eu\/wp-content\/uploads\/2024\/07\/OV_Icons_Errors-Backside_copied.png 344w, https:\/\/www.showdowndisplays.eu\/wp-content\/uploads\/2024\/07\/OV_Icons_Errors-Backside_copied-270x270.png 270w, https:\/\/www.showdowndisplays.eu\/wp-content\/uploads\/2024\/07\/OV_Icons_Errors-Backside_copied-96x96.png 96w, https:\/\/www.showdowndisplays.eu\/wp-content\/uploads\/2024\/07\/OV_Icons_Errors-Backside_copied-200x200.png 200w\" sizes=\"(max-width: 344px) 100vw, 344px\" \/><noscript><img decoding=\"async\" width=\"344\" height=\"344\" src=\"https:\/\/www.showdowndisplays.eu\/wp-content\/uploads\/2024\/07\/OV_Icons_Errors-Backside_copied.png\" alt=\"\" class=\"wp-image-38776 size-full\" srcset=\"https:\/\/www.showdowndisplays.eu\/wp-content\/uploads\/2024\/07\/OV_Icons_Errors-Backside_copied.png 344w, https:\/\/www.showdowndisplays.eu\/wp-content\/uploads\/2024\/07\/OV_Icons_Errors-Backside_copied-270x270.png 270w, https:\/\/www.showdowndisplays.eu\/wp-content\/uploads\/2024\/07\/OV_Icons_Errors-Backside_copied-96x96.png 96w, https:\/\/www.showdowndisplays.eu\/wp-content\/uploads\/2024\/07\/OV_Icons_Errors-Backside_copied-200x200.png 200w\" sizes=\"(max-width: 344px) 100vw, 344px\" \/><\/noscript><\/figure><div class=\"wp-block-media-text__content\">\n<h3 class=\"wp-block-heading\">Verso copi\u00e9<\/h3>\n\n\n\n<p>Lors de la commande d&#8217;un produit d&#8217;impression recto verso, notre centre d&#8217;impression a besoin de 2 pages dans 1 fichier, pour pouvoir imprimer un recto et un verso. Lorsque vous t\u00e9l\u00e9chargez un seul fichier d&#8217;une page, nous ferons une copie de cette page pour vous. De cette fa\u00e7on, nous imprimerons le m\u00eame graphique pour le recto et le verso. Si cela vous convient, veuillez approuver le bon \u00e0 tirer. Si vous souhaitez quelque chose de diff\u00e9rent au verso, assurez-vous de t\u00e9l\u00e9charger 1 fichier contenant 2 pages. Une page pour l&#8217;impression au recto et une page pour l&#8217;impression au verso du produit. Ceci n\u2019est pas valable pour le drapeau de plage recto verso ; vous devrez toujours t\u00e9l\u00e9charger un PDF contenant deux pages pour le drapeau de plage recto verso.<\/p>\n<\/div><\/div>\n\n\n\n<div class=\"wp-block-media-text is-stacked-on-mobile is-vertically-aligned-center\" style=\"grid-template-columns:15% auto\"><figure class=\"wp-block-media-text__media\"><img data-aspectratio=\"344\/344\" src=\"data:image\/gif;base64,R0lGODlhAQABAIAAAAAAAP\/\/\/yH5BAEAAAAALAAAAAABAAEAAAIBRAA7\" decoding=\"async\" width=\"344\" height=\"344\" data-src=\"https:\/\/www.showdowndisplays.eu\/wp-content\/uploads\/2024\/06\/OV_Icons_Errors-Wrong_size.png\" alt=\"\" class=\"wp-image-37079 size-full lazyload\" data-srcset=\"https:\/\/www.showdowndisplays.eu\/wp-content\/uploads\/2024\/06\/OV_Icons_Errors-Wrong_size.png 344w, https:\/\/www.showdowndisplays.eu\/wp-content\/uploads\/2024\/06\/OV_Icons_Errors-Wrong_size-270x270.png 270w, https:\/\/www.showdowndisplays.eu\/wp-content\/uploads\/2024\/06\/OV_Icons_Errors-Wrong_size-96x96.png 96w, https:\/\/www.showdowndisplays.eu\/wp-content\/uploads\/2024\/06\/OV_Icons_Errors-Wrong_size-200x200.png 200w\" sizes=\"(max-width: 344px) 100vw, 344px\" \/><noscript><img decoding=\"async\" width=\"344\" height=\"344\" src=\"https:\/\/www.showdowndisplays.eu\/wp-content\/uploads\/2024\/06\/OV_Icons_Errors-Wrong_size.png\" alt=\"\" class=\"wp-image-37079 size-full\" srcset=\"https:\/\/www.showdowndisplays.eu\/wp-content\/uploads\/2024\/06\/OV_Icons_Errors-Wrong_size.png 344w, https:\/\/www.showdowndisplays.eu\/wp-content\/uploads\/2024\/06\/OV_Icons_Errors-Wrong_size-270x270.png 270w, https:\/\/www.showdowndisplays.eu\/wp-content\/uploads\/2024\/06\/OV_Icons_Errors-Wrong_size-96x96.png 96w, https:\/\/www.showdowndisplays.eu\/wp-content\/uploads\/2024\/06\/OV_Icons_Errors-Wrong_size-200x200.png 200w\" sizes=\"(max-width: 344px) 100vw, 344px\" \/><\/noscript><\/figure><div class=\"wp-block-media-text__content\">\n<h3 class=\"wp-block-heading\">Taille incorrecte<\/h3>\n\n\n\n<p>La maquette t\u00e9l\u00e9charg\u00e9e semble avoir des dimensions diff\u00e9rentes de celles du mod\u00e8le d&#8217;impression pour ce produit. Par cons\u00e9quent, nous ne sommes pas en mesure d&#8217;ins\u00e9rer le graphic dans le mod\u00e8le d&#8217;impression. Veuillez t\u00e9l\u00e9charger le mod\u00e8le d&#8217;impression correspondant \u00e0 votre produit, adapter votre maquette en cons\u00e9quence et t\u00e9l\u00e9charger un nouveau fichier d&#8217;impression. Le nouveau fichier sera \u00e0 nouveau v\u00e9rifi\u00e9 par notre syst\u00e8me automatique.<\/p>\n<\/div><\/div>\n\n\n\n<div class=\"wp-block-media-text is-stacked-on-mobile is-vertically-aligned-center\" style=\"grid-template-columns:15% auto\"><figure class=\"wp-block-media-text__media\"><img data-aspectratio=\"344\/344\" src=\"data:image\/gif;base64,R0lGODlhAQABAIAAAAAAAP\/\/\/yH5BAEAAAAALAAAAAABAAEAAAIBRAA7\" decoding=\"async\" width=\"344\" height=\"344\" data-src=\"https:\/\/www.showdowndisplays.eu\/wp-content\/uploads\/2024\/06\/OV_Icons_Errors-Missing_bleed.png\" alt=\"\" class=\"wp-image-37087 size-full lazyload\" data-srcset=\"https:\/\/www.showdowndisplays.eu\/wp-content\/uploads\/2024\/06\/OV_Icons_Errors-Missing_bleed.png 344w, https:\/\/www.showdowndisplays.eu\/wp-content\/uploads\/2024\/06\/OV_Icons_Errors-Missing_bleed-270x270.png 270w, https:\/\/www.showdowndisplays.eu\/wp-content\/uploads\/2024\/06\/OV_Icons_Errors-Missing_bleed-96x96.png 96w, https:\/\/www.showdowndisplays.eu\/wp-content\/uploads\/2024\/06\/OV_Icons_Errors-Missing_bleed-200x200.png 200w\" sizes=\"(max-width: 344px) 100vw, 344px\" \/><noscript><img decoding=\"async\" width=\"344\" height=\"344\" src=\"https:\/\/www.showdowndisplays.eu\/wp-content\/uploads\/2024\/06\/OV_Icons_Errors-Missing_bleed.png\" alt=\"\" class=\"wp-image-37087 size-full\" srcset=\"https:\/\/www.showdowndisplays.eu\/wp-content\/uploads\/2024\/06\/OV_Icons_Errors-Missing_bleed.png 344w, https:\/\/www.showdowndisplays.eu\/wp-content\/uploads\/2024\/06\/OV_Icons_Errors-Missing_bleed-270x270.png 270w, https:\/\/www.showdowndisplays.eu\/wp-content\/uploads\/2024\/06\/OV_Icons_Errors-Missing_bleed-96x96.png 96w, https:\/\/www.showdowndisplays.eu\/wp-content\/uploads\/2024\/06\/OV_Icons_Errors-Missing_bleed-200x200.png 200w\" sizes=\"(max-width: 344px) 100vw, 344px\" \/><\/noscript><\/figure><div class=\"wp-block-media-text__content\">\n<h3 class=\"wp-block-heading\">Fond perdu<\/h3>\n\n\n\n<p>Lors du contr\u00f4le manuel effectu\u00e9 par notre sp\u00e9cialiste de l&#8217;impression, nous avons remarqu\u00e9 qu&#8217;il manquait le fond perdu. L&#8217;arri\u00e8re-plan doit s&#8217;\u00e9tendre enti\u00e8rement dans la zone de fond perdu, comme indiqu\u00e9 dans le mod\u00e8le. Le fond perdu est n\u00e9cessaire pour garantir que l&#8217;impression couvre la totalit\u00e9 de la surface sans aucune ligne blanche sur les bords. Si les bords doivent rester blancs, nous vous demandons d&#8217;inclure une couche blanche jusqu&#8217;au fond perdu. Pour vous assurer que votre impression est dans la bonne couleur et qu&#8217;elle s&#8217;\u00e9tend jusqu&#8217;au fond perdu, veuillez ajuster votre maquette en cons\u00e9quence et t\u00e9l\u00e9charger le nouveau fichier d&#8217;impression.<\/p>\n<\/div><\/div>\n<\/div><\/div>\n","protected":false},"excerpt":{"rendered":"<p>L&#8217;image est pixellis\u00e9e &gt; 150 DPI La maquette t\u00e9l\u00e9charg\u00e9e a un DPI inf\u00e9rieur \u00e0 150. \u00c0 l&#8217;impression, le r\u00e9sultat risque&#8230;<\/p>\n","protected":false},"author":5,"featured_media":0,"parent":0,"menu_order":0,"comment_status":"closed","ping_status":"closed","template":"","meta":{"_acf_changed":false,"footnotes":""},"class_list":["post-37338","page","type-page","status-publish","hentry"],"acf":[],"_links":{"self":[{"href":"https:\/\/www.showdowndisplays.eu\/fr\/wp-json\/wp\/v2\/pages\/37338","targetHints":{"allow":["GET"]}}],"collection":[{"href":"https:\/\/www.showdowndisplays.eu\/fr\/wp-json\/wp\/v2\/pages"}],"about":[{"href":"https:\/\/www.showdowndisplays.eu\/fr\/wp-json\/wp\/v2\/types\/page"}],"author":[{"embeddable":true,"href":"https:\/\/www.showdowndisplays.eu\/fr\/wp-json\/wp\/v2\/users\/5"}],"replies":[{"embeddable":true,"href":"https:\/\/www.showdowndisplays.eu\/fr\/wp-json\/wp\/v2\/comments?post=37338"}],"version-history":[{"count":4,"href":"https:\/\/www.showdowndisplays.eu\/fr\/wp-json\/wp\/v2\/pages\/37338\/revisions"}],"predecessor-version":[{"id":39419,"href":"https:\/\/www.showdowndisplays.eu\/fr\/wp-json\/wp\/v2\/pages\/37338\/revisions\/39419"}],"wp:attachment":[{"href":"https:\/\/www.showdowndisplays.eu\/fr\/wp-json\/wp\/v2\/media?parent=37338"}],"curies":[{"name":"wp","href":"https:\/\/api.w.org\/{rel}","templated":true}]}}