{"id":35136,"date":"2024-04-26T12:01:42","date_gmt":"2024-04-26T12:01:42","guid":{"rendered":"https:\/\/www.showdowndisplays.eu\/?page_id=35136"},"modified":"2025-07-07T07:29:50","modified_gmt":"2025-07-07T07:29:50","slug":"impression-par-sublimation-thermique","status":"publish","type":"page","link":"https:\/\/www.showdowndisplays.eu\/fr\/services-dimpression\/impression-par-sublimation-thermique\/","title":{"rendered":"Impression par sublimation thermique"},"content":{"rendered":"\n<div class=\"wp-block-media-text alignwide has-media-on-the-right is-stacked-on-mobile is-image-fill-element image-text-2\" style=\"grid-template-columns:auto 52%\"><div class=\"wp-block-media-text__content\">\n<h2 class=\"wp-block-heading\">Impression par sublimation thermique<\/h2>\n\n\n\n<p>L\u2019impression par sublimation thermique est utilis\u00e9e pour les impressions sur tissu o\u00f9 l\u2019encre se sublime dans les fibres du tissu apr\u00e8s que celui-ci ait \u00e9t\u00e9 press\u00e9 dans la presse \u00e0 chaud. L\u2019impression par sublimation thermique peut se faire par impression directe ou par transfer.<\/p>\n\n\n\n<p>Les imprimantes directes impriment directement sur le tissu. Le tissu est ensuite press\u00e9 dans la presse \u00e0 chaud et l\u2019encre se sublime \u00e0 l\u2019int\u00e9rieur des fibres. Les imprimantes \u00e0 transfer utilisent du papier transfert et impriment une image miroir. Le papier est ensuite press\u00e9 sur le tissu dans la presse \u00e0 chaud et l\u2019image est transf\u00e9r\u00e9e sur le tissu.<\/p>\n\n\n\n<p>La plupart des mat\u00e9riaux d\u2019impression par sublimation thermique sont class\u00e9s B1. De plus, l\u2019impact \u00e9cologique est minime, car l\u2019encre est \u00e0 base d\u2019eau et tous les supports d\u2019impression sont des tissus \u00e0 base de polyester. Notre centre d\u2019impression peut prendre en charge des visuels d\u2019une largeur allant jusqu\u2019\u00e0 3200&nbsp;mm.<\/p>\n\n\n\n<p><strong>Mat\u00e9riaux d&#8217;impression \u00e9cologique<\/strong><br>&#8220;Viser un impact positif sur la soci\u00e9t\u00e9 et l&#8217;environnement&#8221;. C\u2019est notre objectif ! En tant que producteur et imprimeur sur mat\u00e9riaux et fournisseur d\u2019un ensemble complet pour vous et vos clients, nous recherchons comment nous pouvons toujours nous am\u00e9liorer. C\u2019est pour cela que nous proposons l\u2019impression \u00c9co !<\/p>\n\n\n\n<div style=\"height:100px\" aria-hidden=\"true\" class=\"wp-block-spacer\"><\/div>\n<\/div><figure class=\"wp-block-media-text__media\"><img data-aspectratio=\"767\/1024\" src=\"data:image\/gif;base64,R0lGODlhAQABAIAAAAAAAP\/\/\/yH5BAEAAAAALAAAAAABAAEAAAIBRAA7\" decoding=\"async\" width=\"767\" height=\"1024\" data-src=\"https:\/\/www.showdowndisplays.eu\/wp-content\/uploads\/2021\/07\/Printer-collage-767x1024.png\" alt=\"\" class=\"wp-image-13032 size-full lazyload\" style=\"object-position:50% 50%\" data-srcset=\"https:\/\/www.showdowndisplays.eu\/wp-content\/uploads\/2021\/07\/Printer-collage-767x1024.png 767w, https:\/\/www.showdowndisplays.eu\/wp-content\/uploads\/2021\/07\/Printer-collage-202x270.png 202w, https:\/\/www.showdowndisplays.eu\/wp-content\/uploads\/2021\/07\/Printer-collage-768x1025.png 768w, https:\/\/www.showdowndisplays.eu\/wp-content\/uploads\/2021\/07\/Printer-collage-330x440.png 330w, https:\/\/www.showdowndisplays.eu\/wp-content\/uploads\/2021\/07\/Printer-collage-96x128.png 96w, https:\/\/www.showdowndisplays.eu\/wp-content\/uploads\/2021\/07\/Printer-collage-150x200.png 150w, https:\/\/www.showdowndisplays.eu\/wp-content\/uploads\/2021\/07\/Printer-collage-342x456.png 342w, https:\/\/www.showdowndisplays.eu\/wp-content\/uploads\/2021\/07\/Printer-collage.png 1080w\" sizes=\"(max-width: 767px) 100vw, 767px\" \/><noscript><img decoding=\"async\" width=\"767\" height=\"1024\" src=\"https:\/\/www.showdowndisplays.eu\/wp-content\/uploads\/2021\/07\/Printer-collage-767x1024.png\" alt=\"\" class=\"wp-image-13032 size-full\" style=\"object-position:50% 50%\" srcset=\"https:\/\/www.showdowndisplays.eu\/wp-content\/uploads\/2021\/07\/Printer-collage-767x1024.png 767w, https:\/\/www.showdowndisplays.eu\/wp-content\/uploads\/2021\/07\/Printer-collage-202x270.png 202w, https:\/\/www.showdowndisplays.eu\/wp-content\/uploads\/2021\/07\/Printer-collage-768x1025.png 768w, https:\/\/www.showdowndisplays.eu\/wp-content\/uploads\/2021\/07\/Printer-collage-330x440.png 330w, https:\/\/www.showdowndisplays.eu\/wp-content\/uploads\/2021\/07\/Printer-collage-96x128.png 96w, https:\/\/www.showdowndisplays.eu\/wp-content\/uploads\/2021\/07\/Printer-collage-150x200.png 150w, https:\/\/www.showdowndisplays.eu\/wp-content\/uploads\/2021\/07\/Printer-collage-342x456.png 342w, https:\/\/www.showdowndisplays.eu\/wp-content\/uploads\/2021\/07\/Printer-collage.png 1080w\" sizes=\"(max-width: 767px) 100vw, 767px\" \/><\/noscript><\/figure><\/div>\n\n\n\n<h2 class=\"wp-block-heading has-text-align-center\">Imprim\u00e9s par<\/h2>\n\n\n\r\n\r\n    <div class=\"quick-products-wrapper\">\r\n        <div id=\"quick-productsblock_473c4528a9fc012c2efe67eb8237801a\" class=\"quick-products\">\r\n                                                                <a href=\"https:\/\/www.showdowndisplays.eu\/fr\/decouvrez-nos-imprimantes-et-nos-outils-de-decoupe\/\" class=\"quick-products__item\">\r\n                        <span class=\"quick-products__image\">\r\n                            <img data-aspectratio=\"800\/501\" decoding=\"async\" width=\"800\" height=\"501\" data-aspectratio=\"800\/501\" src=\"data:image\/gif;base64,R0lGODlhAQABAIAAAAAAAP\/\/\/yH5BAEAAAAALAAAAAABAAEAAAIBRAA7\" data-src=\"https:\/\/www.showdowndisplays.eu\/wp-content\/uploads\/2021\/04\/HP-STITCH-S500.png\" class=\"attachment-full size-full lazyload\" alt=\" width\" data-srcset=\"https:\/\/www.showdowndisplays.eu\/wp-content\/uploads\/2021\/04\/HP-STITCH-S500.png 800w, https:\/\/www.showdowndisplays.eu\/wp-content\/uploads\/2021\/04\/HP-STITCH-S500-431x270.png 431w, https:\/\/www.showdowndisplays.eu\/wp-content\/uploads\/2021\/04\/HP-STITCH-S500-768x481.png 768w, https:\/\/www.showdowndisplays.eu\/wp-content\/uploads\/2021\/04\/HP-STITCH-S500-380x238.png 380w, https:\/\/www.showdowndisplays.eu\/wp-content\/uploads\/2021\/04\/HP-STITCH-S500-96x60.png 96w, https:\/\/www.showdowndisplays.eu\/wp-content\/uploads\/2021\/04\/HP-STITCH-S500-200x125.png 200w\" sizes=\"(max-width: 800px) 100vw, 800px\" \/><noscript><img decoding=\"async\" width=\"800\" height=\"501\" data-aspectratio=\"800\/501\" src=\"data:image\/gif;base64,R0lGODlhAQABAIAAAAAAAP\/\/\/yH5BAEAAAAALAAAAAABAAEAAAIBRAA7\" data-src=\"https:\/\/www.showdowndisplays.eu\/wp-content\/uploads\/2021\/04\/HP-STITCH-S500.png\" class=\"attachment-full size-full lazyload\" alt=\" width\" data-srcset=\"https:\/\/www.showdowndisplays.eu\/wp-content\/uploads\/2021\/04\/HP-STITCH-S500.png 800w, https:\/\/www.showdowndisplays.eu\/wp-content\/uploads\/2021\/04\/HP-STITCH-S500-431x270.png 431w, https:\/\/www.showdowndisplays.eu\/wp-content\/uploads\/2021\/04\/HP-STITCH-S500-768x481.png 768w, https:\/\/www.showdowndisplays.eu\/wp-content\/uploads\/2021\/04\/HP-STITCH-S500-380x238.png 380w, https:\/\/www.showdowndisplays.eu\/wp-content\/uploads\/2021\/04\/HP-STITCH-S500-96x60.png 96w, https:\/\/www.showdowndisplays.eu\/wp-content\/uploads\/2021\/04\/HP-STITCH-S500-200x125.png 200w\" sizes=\"(max-width: 800px) 100vw, 800px\" \/><\/noscript>                        <\/span>\r\n                        <span class=\"quick-products__title\">HP STITCH S500<\/span>\r\n                    <\/a>\r\n                                                                                <a href=\"https:\/\/www.showdowndisplays.eu\/fr\/decouvrez-nos-imprimantes-et-nos-outils-de-decoupe\/\" class=\"quick-products__item\">\r\n                        <span class=\"quick-products__image\">\r\n                            <img data-aspectratio=\"400\/250\" decoding=\"async\" width=\"400\" height=\"250\" data-aspectratio=\"400\/250\" src=\"data:image\/gif;base64,R0lGODlhAQABAIAAAAAAAP\/\/\/yH5BAEAAAAALAAAAAABAAEAAAIBRAA7\" data-src=\"https:\/\/www.showdowndisplays.eu\/wp-content\/uploads\/2021\/04\/HP-STITCH-S1000-3.jpg\" class=\"attachment-full size-full lazyload\" alt=\" width\" data-srcset=\"https:\/\/www.showdowndisplays.eu\/wp-content\/uploads\/2021\/04\/HP-STITCH-S1000-3.jpg 400w, https:\/\/www.showdowndisplays.eu\/wp-content\/uploads\/2021\/04\/HP-STITCH-S1000-3-380x238.jpg 380w, https:\/\/www.showdowndisplays.eu\/wp-content\/uploads\/2021\/04\/HP-STITCH-S1000-3-96x60.jpg 96w, https:\/\/www.showdowndisplays.eu\/wp-content\/uploads\/2021\/04\/HP-STITCH-S1000-3-200x125.jpg 200w\" sizes=\"(max-width: 400px) 100vw, 400px\" \/><noscript><img decoding=\"async\" width=\"400\" height=\"250\" data-aspectratio=\"400\/250\" src=\"data:image\/gif;base64,R0lGODlhAQABAIAAAAAAAP\/\/\/yH5BAEAAAAALAAAAAABAAEAAAIBRAA7\" data-src=\"https:\/\/www.showdowndisplays.eu\/wp-content\/uploads\/2021\/04\/HP-STITCH-S1000-3.jpg\" class=\"attachment-full size-full lazyload\" alt=\" width\" data-srcset=\"https:\/\/www.showdowndisplays.eu\/wp-content\/uploads\/2021\/04\/HP-STITCH-S1000-3.jpg 400w, https:\/\/www.showdowndisplays.eu\/wp-content\/uploads\/2021\/04\/HP-STITCH-S1000-3-380x238.jpg 380w, https:\/\/www.showdowndisplays.eu\/wp-content\/uploads\/2021\/04\/HP-STITCH-S1000-3-96x60.jpg 96w, https:\/\/www.showdowndisplays.eu\/wp-content\/uploads\/2021\/04\/HP-STITCH-S1000-3-200x125.jpg 200w\" sizes=\"(max-width: 400px) 100vw, 400px\" \/><\/noscript>                        <\/span>\r\n                        <span class=\"quick-products__title\">HP STITCH S1000<\/span>\r\n                    <\/a>\r\n                                                        <a href=\"https:\/\/www.showdowndisplays.eu\/fr\/decouvrez-nos-imprimantes-et-nos-outils-de-decoupe\/\"  class=\"quick-products__view-all\">\r\n                    <span>En savoir plus<\/span>\r\n                <\/a>\r\n                    <\/div>\r\n    <\/div>\r\n\r\n\n\n    <div class=\"marketing\">\r\n                                <div class=\"marketing__item marketing__item--2\">\r\n\r\n                <div class=\"marketing__image\">\r\n                                    <\/div>\r\n                <div class=\"marketing__content-wrapper global-style\">\r\n                                        <div class=\"marketing__content\">\r\n                        <h4>Le plus souvent utilis\u00e9 pour<\/h4>\n<ul class=\"wp-block-list\">\n<li>Murs d&#8217;image Zipper<\/li>\n<li>Comptoirs d&#8217;accueil<\/li>\n<li>Nappes Publicitaire et Chemins de Table<\/li>\n<li>Pop-Up Impress<\/li>\n<li>Drapeaux<\/li>\n<li>Tentes<\/li>\n<li>Produits SEG<\/li>\n<\/ul>\n                    <\/div>\r\n                <\/div>\r\n\r\n                \r\n            <\/div>\r\n\r\n                                <div class=\"marketing__item marketing__item--2\">\r\n\r\n                <div class=\"marketing__image\">\r\n                                    <\/div>\r\n                <div class=\"marketing__content-wrapper global-style\">\r\n                                        <div class=\"marketing__content\">\r\n                        <h4>Support d\u2019impression appropri\u00e9<\/h4>\n<ul class=\"wp-block-list\">\n<li>Flag (Direct) 100% PES 110 g\/m<sup>2<\/sup><\/li>\n<li>Silverback (Direct) 100% PES 120 g\/m<sup>2<\/sup><\/li>\n<li>Soft Knit 100% PES 230 g\/m<sup>2<\/sup><\/li>\n<li>Starlight 100% PES 180 g\/m<sup>2<\/sup><\/li>\n<li>Samba 100% PES 195 g\/m<sup>2<\/sup><\/li>\n<li>Poplin 100% PES 170 g\/m<sup>2<\/sup><\/li>\n<li>Double Stretch 100% PES 280 g\/m<sup>2<\/sup><\/li>\n<li>Lumina 100% PES 190g\/m<sup>2<\/sup><\/li>\n<li>Full Colour 100% PCT Polyester 280 g\/m<sup>2<\/sup><\/li>\n<li>Wind Green (ECO) 100% rPET 110 g\/m<sup>2<\/sup><\/li>\n<li>Expandable Green (ECO) 100% rPET 200 g\/m<sup>2<\/sup><\/li>\n<\/ul>\n<p>Vous trouverez tout ce que vous devez savoir sur nos mat\u00e9riaux d&#8217;impression dans <a href=\"https:\/\/www.showdowndisplays.eu\/wp-content\/uploads\/2025\/07\/Print-overview-2025-4.pdf\" target=\"_blank\" rel=\"noopener\">cette fiche de pr\u00e9sentation<\/a>.<\/p>\n                    <\/div>\r\n                <\/div>\r\n\r\n                \r\n            <\/div>\r\n\r\n            <\/div>\r\n\n\n\n<div style=\"height:36px\" aria-hidden=\"true\" class=\"wp-block-spacer\"><\/div>\n\n\n\n<div style=\"height:74px\" aria-hidden=\"true\" class=\"wp-block-spacer\"><\/div>\n\n\n\n<h2 class=\"wp-block-heading has-text-align-center\">Pages li\u00e9es<\/h2>\n\n\n    <div class=\"marketing\">\r\n                                <div class=\"marketing__item marketing__item--4\">\r\n\r\n                <div class=\"marketing__image\">\r\n                    <img data-aspectratio=\"380\/238\" decoding=\"async\" width=\"380\" height=\"238\" data-aspectratio=\"380\/238\" src=\"data:image\/gif;base64,R0lGODlhAQABAIAAAAAAAP\/\/\/yH5BAEAAAAALAAAAAABAAEAAAIBRAA7\" data-src=\"https:\/\/www.showdowndisplays.eu\/wp-content\/uploads\/2021\/08\/Print-services_related-pages-380x238.jpg\" class=\"attachment-about-us size-about-us lazyload\" alt=\" width\" data-srcset=\"https:\/\/www.showdowndisplays.eu\/wp-content\/uploads\/2021\/08\/Print-services_related-pages-380x238.jpg 380w, https:\/\/www.showdowndisplays.eu\/wp-content\/uploads\/2021\/08\/Print-services_related-pages-432x270.jpg 432w, https:\/\/www.showdowndisplays.eu\/wp-content\/uploads\/2021\/08\/Print-services_related-pages-768x480.jpg 768w, https:\/\/www.showdowndisplays.eu\/wp-content\/uploads\/2021\/08\/Print-services_related-pages-96x60.jpg 96w, https:\/\/www.showdowndisplays.eu\/wp-content\/uploads\/2021\/08\/Print-services_related-pages-200x125.jpg 200w, https:\/\/www.showdowndisplays.eu\/wp-content\/uploads\/2021\/08\/Print-services_related-pages.jpg 800w\" sizes=\"(max-width: 380px) 100vw, 380px\" \/><noscript><img decoding=\"async\" width=\"380\" height=\"238\" data-aspectratio=\"380\/238\" src=\"data:image\/gif;base64,R0lGODlhAQABAIAAAAAAAP\/\/\/yH5BAEAAAAALAAAAAABAAEAAAIBRAA7\" data-src=\"https:\/\/www.showdowndisplays.eu\/wp-content\/uploads\/2021\/08\/Print-services_related-pages-380x238.jpg\" class=\"attachment-about-us size-about-us lazyload\" alt=\" width\" data-srcset=\"https:\/\/www.showdowndisplays.eu\/wp-content\/uploads\/2021\/08\/Print-services_related-pages-380x238.jpg 380w, https:\/\/www.showdowndisplays.eu\/wp-content\/uploads\/2021\/08\/Print-services_related-pages-432x270.jpg 432w, https:\/\/www.showdowndisplays.eu\/wp-content\/uploads\/2021\/08\/Print-services_related-pages-768x480.jpg 768w, https:\/\/www.showdowndisplays.eu\/wp-content\/uploads\/2021\/08\/Print-services_related-pages-96x60.jpg 96w, https:\/\/www.showdowndisplays.eu\/wp-content\/uploads\/2021\/08\/Print-services_related-pages-200x125.jpg 200w, https:\/\/www.showdowndisplays.eu\/wp-content\/uploads\/2021\/08\/Print-services_related-pages.jpg 800w\" sizes=\"(max-width: 380px) 100vw, 380px\" \/><\/noscript>                <\/div>\r\n                <div class=\"marketing__content-wrapper global-style\">\r\n                                            <div class=\"marketing__title-wrapper\">\r\n                            <h3>Services d\u2019impression<\/h3>\r\n                        <\/div>\r\n                                        <div class=\"marketing__content\">\r\n                                            <\/div>\r\n                <\/div>\r\n\r\n                                    <a href=\"https:\/\/www.showdowndisplays.eu\/fr\/services-dimpression\/\"  class=\"marketing__read-more link-with-arrow link-with-arrow--blue\">En savoir plus<\/a>\r\n                \r\n            <\/div>\r\n\r\n                                <div class=\"marketing__item marketing__item--4\">\r\n\r\n                <div class=\"marketing__image\">\r\n                    <img data-aspectratio=\"380\/238\" decoding=\"async\" width=\"380\" height=\"238\" data-aspectratio=\"380\/238\" src=\"data:image\/gif;base64,R0lGODlhAQABAIAAAAAAAP\/\/\/yH5BAEAAAAALAAAAAABAAEAAAIBRAA7\" data-src=\"https:\/\/www.showdowndisplays.eu\/wp-content\/uploads\/2024\/04\/VR5D-E-angle_380x238.png\" class=\"attachment-about-us size-about-us lazyload\" alt=\" width\" data-srcset=\"https:\/\/www.showdowndisplays.eu\/wp-content\/uploads\/2024\/04\/VR5D-E-angle_380x238.png 380w, https:\/\/www.showdowndisplays.eu\/wp-content\/uploads\/2024\/04\/VR5D-E-angle_380x238-96x60.png 96w, https:\/\/www.showdowndisplays.eu\/wp-content\/uploads\/2024\/04\/VR5D-E-angle_380x238-200x125.png 200w\" sizes=\"(max-width: 380px) 100vw, 380px\" \/><noscript><img decoding=\"async\" width=\"380\" height=\"238\" data-aspectratio=\"380\/238\" src=\"data:image\/gif;base64,R0lGODlhAQABAIAAAAAAAP\/\/\/yH5BAEAAAAALAAAAAABAAEAAAIBRAA7\" data-src=\"https:\/\/www.showdowndisplays.eu\/wp-content\/uploads\/2024\/04\/VR5D-E-angle_380x238.png\" class=\"attachment-about-us size-about-us lazyload\" alt=\" width\" data-srcset=\"https:\/\/www.showdowndisplays.eu\/wp-content\/uploads\/2024\/04\/VR5D-E-angle_380x238.png 380w, https:\/\/www.showdowndisplays.eu\/wp-content\/uploads\/2024\/04\/VR5D-E-angle_380x238-96x60.png 96w, https:\/\/www.showdowndisplays.eu\/wp-content\/uploads\/2024\/04\/VR5D-E-angle_380x238-200x125.png 200w\" sizes=\"(max-width: 380px) 100vw, 380px\" \/><\/noscript>                <\/div>\r\n                <div class=\"marketing__content-wrapper global-style\">\r\n                                            <div class=\"marketing__title-wrapper\">\r\n                            <h3>D\u00e9couvrez nos imprimantes<\/h3>\r\n                        <\/div>\r\n                                        <div class=\"marketing__content\">\r\n                                            <\/div>\r\n                <\/div>\r\n\r\n                                    <a href=\"https:\/\/www.showdowndisplays.eu\/fr\/decouvrez-nos-imprimantes-et-nos-outils-de-decoupe\/\"  class=\"marketing__read-more link-with-arrow link-with-arrow--blue\">En savoir plus<\/a>\r\n                \r\n            <\/div>\r\n\r\n                                <div class=\"marketing__item marketing__item--4\">\r\n\r\n                <div class=\"marketing__image\">\r\n                    <img data-aspectratio=\"380\/238\" decoding=\"async\" width=\"380\" height=\"238\" data-aspectratio=\"380\/238\" src=\"data:image\/gif;base64,R0lGODlhAQABAIAAAAAAAP\/\/\/yH5BAEAAAAALAAAAAABAAEAAAIBRAA7\" data-src=\"https:\/\/www.showdowndisplays.eu\/wp-content\/uploads\/2021\/07\/Print-template-grijze-achtergrond-380x238.png\" class=\"attachment-about-us size-about-us lazyload\" alt=\" width\" data-srcset=\"https:\/\/www.showdowndisplays.eu\/wp-content\/uploads\/2021\/07\/Print-template-grijze-achtergrond-380x238.png 380w, https:\/\/www.showdowndisplays.eu\/wp-content\/uploads\/2021\/07\/Print-template-grijze-achtergrond-432x270.png 432w, https:\/\/www.showdowndisplays.eu\/wp-content\/uploads\/2021\/07\/Print-template-grijze-achtergrond-768x480.png 768w, https:\/\/www.showdowndisplays.eu\/wp-content\/uploads\/2021\/07\/Print-template-grijze-achtergrond-96x60.png 96w, https:\/\/www.showdowndisplays.eu\/wp-content\/uploads\/2021\/07\/Print-template-grijze-achtergrond-200x125.png 200w, https:\/\/www.showdowndisplays.eu\/wp-content\/uploads\/2021\/07\/Print-template-grijze-achtergrond.png 800w\" sizes=\"(max-width: 380px) 100vw, 380px\" \/><noscript><img decoding=\"async\" width=\"380\" height=\"238\" data-aspectratio=\"380\/238\" src=\"data:image\/gif;base64,R0lGODlhAQABAIAAAAAAAP\/\/\/yH5BAEAAAAALAAAAAABAAEAAAIBRAA7\" data-src=\"https:\/\/www.showdowndisplays.eu\/wp-content\/uploads\/2021\/07\/Print-template-grijze-achtergrond-380x238.png\" class=\"attachment-about-us size-about-us lazyload\" alt=\" width\" data-srcset=\"https:\/\/www.showdowndisplays.eu\/wp-content\/uploads\/2021\/07\/Print-template-grijze-achtergrond-380x238.png 380w, https:\/\/www.showdowndisplays.eu\/wp-content\/uploads\/2021\/07\/Print-template-grijze-achtergrond-432x270.png 432w, https:\/\/www.showdowndisplays.eu\/wp-content\/uploads\/2021\/07\/Print-template-grijze-achtergrond-768x480.png 768w, https:\/\/www.showdowndisplays.eu\/wp-content\/uploads\/2021\/07\/Print-template-grijze-achtergrond-96x60.png 96w, https:\/\/www.showdowndisplays.eu\/wp-content\/uploads\/2021\/07\/Print-template-grijze-achtergrond-200x125.png 200w, https:\/\/www.showdowndisplays.eu\/wp-content\/uploads\/2021\/07\/Print-template-grijze-achtergrond.png 800w\" sizes=\"(max-width: 380px) 100vw, 380px\" \/><\/noscript>                <\/div>\r\n                <div class=\"marketing__content-wrapper global-style\">\r\n                                            <div class=\"marketing__title-wrapper\">\r\n                            <h3>Mod\u00e8les d\u2019impression<\/h3>\r\n                        <\/div>\r\n                                        <div class=\"marketing__content\">\r\n                                            <\/div>\r\n                <\/div>\r\n\r\n                                    <a href=\"https:\/\/www.showdowndisplays.eu\/fr\/support-marketing\/informations-pratiques\/\"  class=\"marketing__read-more link-with-arrow link-with-arrow--blue\">En savoir plus<\/a>\r\n                \r\n            <\/div>\r\n\r\n                                <div class=\"marketing__item marketing__item--4\">\r\n\r\n                <div class=\"marketing__image\">\r\n                    <img data-aspectratio=\"380\/238\" decoding=\"async\" width=\"380\" height=\"238\" data-aspectratio=\"380\/238\" src=\"data:image\/gif;base64,R0lGODlhAQABAIAAAAAAAP\/\/\/yH5BAEAAAAALAAAAAABAAEAAAIBRAA7\" data-src=\"https:\/\/www.showdowndisplays.eu\/wp-content\/uploads\/2021\/07\/Sample-box-verkleind-380x238.png\" class=\"attachment-about-us size-about-us lazyload\" alt=\" width\" data-srcset=\"https:\/\/www.showdowndisplays.eu\/wp-content\/uploads\/2021\/07\/Sample-box-verkleind-380x238.png 380w, https:\/\/www.showdowndisplays.eu\/wp-content\/uploads\/2021\/07\/Sample-box-verkleind-432x270.png 432w, https:\/\/www.showdowndisplays.eu\/wp-content\/uploads\/2021\/07\/Sample-box-verkleind-768x480.png 768w, https:\/\/www.showdowndisplays.eu\/wp-content\/uploads\/2021\/07\/Sample-box-verkleind-96x60.png 96w, https:\/\/www.showdowndisplays.eu\/wp-content\/uploads\/2021\/07\/Sample-box-verkleind-200x125.png 200w, https:\/\/www.showdowndisplays.eu\/wp-content\/uploads\/2021\/07\/Sample-box-verkleind.png 800w\" sizes=\"(max-width: 380px) 100vw, 380px\" \/><noscript><img decoding=\"async\" width=\"380\" height=\"238\" data-aspectratio=\"380\/238\" src=\"data:image\/gif;base64,R0lGODlhAQABAIAAAAAAAP\/\/\/yH5BAEAAAAALAAAAAABAAEAAAIBRAA7\" data-src=\"https:\/\/www.showdowndisplays.eu\/wp-content\/uploads\/2021\/07\/Sample-box-verkleind-380x238.png\" class=\"attachment-about-us size-about-us lazyload\" alt=\" width\" data-srcset=\"https:\/\/www.showdowndisplays.eu\/wp-content\/uploads\/2021\/07\/Sample-box-verkleind-380x238.png 380w, https:\/\/www.showdowndisplays.eu\/wp-content\/uploads\/2021\/07\/Sample-box-verkleind-432x270.png 432w, https:\/\/www.showdowndisplays.eu\/wp-content\/uploads\/2021\/07\/Sample-box-verkleind-768x480.png 768w, https:\/\/www.showdowndisplays.eu\/wp-content\/uploads\/2021\/07\/Sample-box-verkleind-96x60.png 96w, https:\/\/www.showdowndisplays.eu\/wp-content\/uploads\/2021\/07\/Sample-box-verkleind-200x125.png 200w, https:\/\/www.showdowndisplays.eu\/wp-content\/uploads\/2021\/07\/Sample-box-verkleind.png 800w\" sizes=\"(max-width: 380px) 100vw, 380px\" \/><\/noscript>                <\/div>\r\n                <div class=\"marketing__content-wrapper global-style\">\r\n                                            <div class=\"marketing__title-wrapper\">\r\n                            <h3>Print sample box<\/h3>\r\n                        <\/div>\r\n                                        <div class=\"marketing__content\">\r\n                                            <\/div>\r\n                <\/div>\r\n\r\n                                    <a href=\"https:\/\/www.showdowndisplays.eu\/fr\/support-marketing\/vos-propres-echantillons\/\"  class=\"marketing__read-more link-with-arrow link-with-arrow--blue\">En savoir plus<\/a>\r\n                \r\n            <\/div>\r\n\r\n            <\/div>\r\n","protected":false},"excerpt":{"rendered":"<p>Imprim\u00e9s par Pages li\u00e9es<\/p>\n","protected":false},"author":5,"featured_media":0,"parent":14360,"menu_order":1,"comment_status":"closed","ping_status":"closed","template":"","meta":{"_acf_changed":false,"footnotes":""},"class_list":["post-35136","page","type-page","status-publish","hentry"],"acf":[],"_links":{"self":[{"href":"https:\/\/www.showdowndisplays.eu\/fr\/wp-json\/wp\/v2\/pages\/35136","targetHints":{"allow":["GET"]}}],"collection":[{"href":"https:\/\/www.showdowndisplays.eu\/fr\/wp-json\/wp\/v2\/pages"}],"about":[{"href":"https:\/\/www.showdowndisplays.eu\/fr\/wp-json\/wp\/v2\/types\/page"}],"author":[{"embeddable":true,"href":"https:\/\/www.showdowndisplays.eu\/fr\/wp-json\/wp\/v2\/users\/5"}],"replies":[{"embeddable":true,"href":"https:\/\/www.showdowndisplays.eu\/fr\/wp-json\/wp\/v2\/comments?post=35136"}],"version-history":[{"count":8,"href":"https:\/\/www.showdowndisplays.eu\/fr\/wp-json\/wp\/v2\/pages\/35136\/revisions"}],"predecessor-version":[{"id":46889,"href":"https:\/\/www.showdowndisplays.eu\/fr\/wp-json\/wp\/v2\/pages\/35136\/revisions\/46889"}],"up":[{"embeddable":true,"href":"https:\/\/www.showdowndisplays.eu\/fr\/wp-json\/wp\/v2\/pages\/14360"}],"wp:attachment":[{"href":"https:\/\/www.showdowndisplays.eu\/fr\/wp-json\/wp\/v2\/media?parent=35136"}],"curies":[{"name":"wp","href":"https:\/\/api.w.org\/{rel}","templated":true}]}}