{"id":34152,"date":"2024-03-14T11:16:57","date_gmt":"2024-03-14T11:16:57","guid":{"rendered":"https:\/\/www.showdowndisplays.eu\/?page_id=34152"},"modified":"2026-02-16T13:12:12","modified_gmt":"2026-02-16T13:12:12","slug":"paquet-de-donnees-produits","status":"publish","type":"page","link":"https:\/\/www.showdowndisplays.eu\/fr\/paquet-de-donnees-produits\/","title":{"rendered":"Paquet de donn\u00e9es produits"},"content":{"rendered":"\n<div class=\"wp-block-columns is-layout-flex wp-container-core-columns-is-layout-9d6595d7 wp-block-columns-is-layout-flex\">\n<div class=\"wp-block-column is-layout-flow wp-block-column-is-layout-flow\">\n<h2 class=\"wp-block-heading\">Demande de paquet donn\u00e9es produit pour tous les pr\u00e9sentoirs promotionnels<\/h2>\n\n\n\n<div class=\"wpcf7 no-js\" id=\"wpcf7-f49729-o1\" lang=\"en-US\" dir=\"ltr\" data-wpcf7-id=\"49729\">\n<div class=\"screen-reader-response\"><p role=\"status\" aria-live=\"polite\" aria-atomic=\"true\"> <ul><\/ul><\/div>\n<form action=\"\/fr\/wp-json\/wp\/v2\/pages\/34152#wpcf7-f49729-o1\" method=\"post\" class=\"wpcf7-form init\" aria-label=\"Contact form\" novalidate=\"novalidate\" data-status=\"init\">\n<fieldset class=\"hidden-fields-container\"><input type=\"hidden\" name=\"_wpcf7\" value=\"49729\" \/><input type=\"hidden\" name=\"_wpcf7_version\" value=\"6.1.5\" \/><input type=\"hidden\" name=\"_wpcf7_locale\" value=\"en_US\" \/><input type=\"hidden\" name=\"_wpcf7_unit_tag\" value=\"wpcf7-f49729-o1\" \/><input type=\"hidden\" name=\"_wpcf7_container_post\" value=\"0\" \/><input type=\"hidden\" name=\"_wpcf7_posted_data_hash\" value=\"\" \/><input type=\"hidden\" name=\"_wpcf7_recaptcha_response\" value=\"\" \/>\n<\/fieldset>\n<div class=\"input-wrapper\">\n\t<p><label for=\"full-name\">Nom complet<\/label><br \/>\n<span class=\"wpcf7-form-control-wrap\" data-name=\"full-name\"><input size=\"40\" maxlength=\"400\" class=\"wpcf7-form-control wpcf7-text wpcf7-validates-as-required full-name\" id=\"full-name\" aria-required=\"true\" aria-invalid=\"false\" placeholder=\"John Doe\" value=\"\" type=\"text\" name=\"full-name\" \/><\/span>\n\t<\/p>\n<\/div>\n<div class=\"input-wrapper\">\n\t<p><label for=\"company\">Entreprise<\/label><br \/>\n<span class=\"wpcf7-form-control-wrap\" data-name=\"company\"><input size=\"40\" maxlength=\"400\" class=\"wpcf7-form-control wpcf7-text wpcf7-validates-as-required company\" id=\"company\" aria-required=\"true\" aria-invalid=\"false\" placeholder=\"Showdown Displays Europe\" value=\"\" type=\"text\" name=\"company\" \/><\/span>\n\t<\/p>\n<\/div>\n<div class=\"input-wrapper\">\n\t<p><label for=\"form-email\">E-mail<\/label><br \/>\n<span class=\"wpcf7-form-control-wrap\" data-name=\"email\"><input size=\"40\" maxlength=\"400\" class=\"wpcf7-form-control wpcf7-email wpcf7-validates-as-required wpcf7-text wpcf7-validates-as-email form-email\" id=\"form-email\" aria-required=\"true\" aria-invalid=\"false\" placeholder=\"john@doe.com\" value=\"\" type=\"email\" name=\"email\" \/><\/span>\n\t<\/p>\n\t<div class=\"input-wrapper\">\n\t\t<div class=\"input-wrapper__title\">\n\t\t\t<p>Choisir des cat\u00e9gories:\n\t\t\t<\/p>\n\t\t<\/div>\n\t\t<p><span class=\"wpcf7-form-control-wrap\" data-name=\"categories\"><span class=\"wpcf7-form-control wpcf7-checkbox\"><span class=\"wpcf7-list-item first\"><label><input type=\"checkbox\" name=\"categories[]\" value=\"Tous les produits\" \/><span class=\"wpcf7-list-item-label\">Tous les produits<\/span><\/label><\/span><span class=\"wpcf7-list-item\"><label><input type=\"checkbox\" name=\"categories[]\" value=\"Nouveaux produits\" \/><span class=\"wpcf7-list-item-label\">Nouveaux produits<\/span><\/label><\/span><span class=\"wpcf7-list-item last\"><label><input type=\"checkbox\" name=\"categories[]\" value=\"Produits discontinu\u00e9s\" \/><span class=\"wpcf7-list-item-label\">Produits discontinu\u00e9s<\/span><\/label><\/span><\/span><\/span>\n\t\t<\/p>\n\t<\/div>\n\n\t<div class=\"submit-wrapper\">\n\t\t<p><input class=\"wpcf7-form-control wpcf7-submit has-spinner button\" type=\"submit\" value=\"Confirmez\" \/>\n\t\t<\/p>\n\t<\/div>\n<\/div><div class=\"wpcf7-response-output\" aria-hidden=\"true\"><\/div>\n<\/form>\n<\/div>\n\n<\/div>\n\n\n\n<div class=\"wp-block-column is-layout-flow wp-block-column-is-layout-flow\">\n<figure class=\"wp-block-image size-large image-no-margin\"><img data-aspectratio=\"1024\/683\" src=\"data:image\/gif;base64,R0lGODlhAQABAIAAAAAAAP\/\/\/yH5BAEAAAAALAAAAAABAAEAAAIBRAA7\" decoding=\"async\" width=\"1024\" height=\"683\" data-src=\"https:\/\/www.showdowndisplays.eu\/wp-content\/uploads\/2023\/04\/laptop-with-product_data_package-min-1-1024x683.jpg\" alt=\"\" class=\"wp-image-27671 lazyload\" data-srcset=\"https:\/\/www.showdowndisplays.eu\/wp-content\/uploads\/2023\/04\/laptop-with-product_data_package-min-1-1024x683.jpg 1024w, https:\/\/www.showdowndisplays.eu\/wp-content\/uploads\/2023\/04\/laptop-with-product_data_package-min-1-405x270.jpg 405w, https:\/\/www.showdowndisplays.eu\/wp-content\/uploads\/2023\/04\/laptop-with-product_data_package-min-1-768x512.jpg 768w, https:\/\/www.showdowndisplays.eu\/wp-content\/uploads\/2023\/04\/laptop-with-product_data_package-min-1-1536x1024.jpg 1536w, https:\/\/www.showdowndisplays.eu\/wp-content\/uploads\/2023\/04\/laptop-with-product_data_package-min-1-2048x1365.jpg 2048w, https:\/\/www.showdowndisplays.eu\/wp-content\/uploads\/2023\/04\/laptop-with-product_data_package-min-1-380x253.jpg 380w, https:\/\/www.showdowndisplays.eu\/wp-content\/uploads\/2023\/04\/laptop-with-product_data_package-min-1-96x64.jpg 96w, https:\/\/www.showdowndisplays.eu\/wp-content\/uploads\/2023\/04\/laptop-with-product_data_package-min-1-200x133.jpg 200w\" sizes=\"(max-width: 1024px) 100vw, 1024px\" \/><noscript><img decoding=\"async\" width=\"1024\" height=\"683\" src=\"https:\/\/www.showdowndisplays.eu\/wp-content\/uploads\/2023\/04\/laptop-with-product_data_package-min-1-1024x683.jpg\" alt=\"\" class=\"wp-image-27671\" srcset=\"https:\/\/www.showdowndisplays.eu\/wp-content\/uploads\/2023\/04\/laptop-with-product_data_package-min-1-1024x683.jpg 1024w, https:\/\/www.showdowndisplays.eu\/wp-content\/uploads\/2023\/04\/laptop-with-product_data_package-min-1-405x270.jpg 405w, https:\/\/www.showdowndisplays.eu\/wp-content\/uploads\/2023\/04\/laptop-with-product_data_package-min-1-768x512.jpg 768w, https:\/\/www.showdowndisplays.eu\/wp-content\/uploads\/2023\/04\/laptop-with-product_data_package-min-1-1536x1024.jpg 1536w, https:\/\/www.showdowndisplays.eu\/wp-content\/uploads\/2023\/04\/laptop-with-product_data_package-min-1-2048x1365.jpg 2048w, https:\/\/www.showdowndisplays.eu\/wp-content\/uploads\/2023\/04\/laptop-with-product_data_package-min-1-380x253.jpg 380w, https:\/\/www.showdowndisplays.eu\/wp-content\/uploads\/2023\/04\/laptop-with-product_data_package-min-1-96x64.jpg 96w, https:\/\/www.showdowndisplays.eu\/wp-content\/uploads\/2023\/04\/laptop-with-product_data_package-min-1-200x133.jpg 200w\" sizes=\"(max-width: 1024px) 100vw, 1024px\" \/><\/noscript><\/figure>\n<\/div>\n<\/div>\n\n\n\n<div class=\"wp-block-group block-white-background\"><div class=\"wp-block-group__inner-container is-layout-flow wp-block-group-is-layout-flow\">\n<div class=\"wp-block-columns is-layout-flex wp-container-core-columns-is-layout-9d6595d7 wp-block-columns-is-layout-flex\"><\/div>\n\n\n\n<h2 class=\"wp-block-heading\">\u00c0 PROPOS DE L&#8217;ENSEMBLE DES DONN\u00c9ES PRODUIT<\/h2>\n\n\n\n<p><strong>Ce paquet de donn\u00e9es produits contient :<\/strong><\/p>\n\n\n\n<ul class=\"wp-block-list\">\n<li>Des donn\u00e9es sur nos produits, nos accessoires et nos impressions<\/li>\n\n\n\n<li>Les codes UGS, EAN et les sp\u00e9cifications des produits<\/li>\n\n\n\n<li>Des textes commerciaux neutres sur les produits, disponibles en fran\u00e7ais, allemand, anglais et en n\u00e9erlandais<\/li>\n\n\n\n<li>Des liens vers les images des produits, t\u00e9l\u00e9chargeables \u00e0 partir du serveur d\u2019images<\/li>\n\n\n\n<li>La liste de prix<\/li>\n<\/ul>\n\n\n<div class=\"wp-block-image\">\n<figure class=\"aligncenter size-full is-resized\"><img data-aspectratio=\"600\/200\" src=\"data:image\/gif;base64,R0lGODlhAQABAIAAAAAAAP\/\/\/yH5BAEAAAAALAAAAAABAAEAAAIBRAA7\" decoding=\"async\" width=\"600\" height=\"200\" data-src=\"https:\/\/www.showdowndisplays.eu\/wp-content\/uploads\/2026\/02\/NP2026.2-1.png\" alt=\"New product s2026\" class=\"wp-image-53562 lazyload\" style=\"width:800px\" data-srcset=\"https:\/\/www.showdowndisplays.eu\/wp-content\/uploads\/2026\/02\/NP2026.2-1.png 600w, https:\/\/www.showdowndisplays.eu\/wp-content\/uploads\/2026\/02\/NP2026.2-1-560x187.png 560w, https:\/\/www.showdowndisplays.eu\/wp-content\/uploads\/2026\/02\/NP2026.2-1-380x127.png 380w, https:\/\/www.showdowndisplays.eu\/wp-content\/uploads\/2026\/02\/NP2026.2-1-96x32.png 96w, https:\/\/www.showdowndisplays.eu\/wp-content\/uploads\/2026\/02\/NP2026.2-1-200x67.png 200w\" sizes=\"(max-width: 600px) 100vw, 600px\" \/><noscript><img decoding=\"async\" width=\"600\" height=\"200\" src=\"https:\/\/www.showdowndisplays.eu\/wp-content\/uploads\/2026\/02\/NP2026.2-1.png\" alt=\"New product s2026\" class=\"wp-image-53562\" style=\"width:800px\" srcset=\"https:\/\/www.showdowndisplays.eu\/wp-content\/uploads\/2026\/02\/NP2026.2-1.png 600w, https:\/\/www.showdowndisplays.eu\/wp-content\/uploads\/2026\/02\/NP2026.2-1-560x187.png 560w, https:\/\/www.showdowndisplays.eu\/wp-content\/uploads\/2026\/02\/NP2026.2-1-380x127.png 380w, https:\/\/www.showdowndisplays.eu\/wp-content\/uploads\/2026\/02\/NP2026.2-1-96x32.png 96w, https:\/\/www.showdowndisplays.eu\/wp-content\/uploads\/2026\/02\/NP2026.2-1-200x67.png 200w\" sizes=\"(max-width: 600px) 100vw, 600px\" \/><\/noscript><\/figure>\n<\/div><\/div><\/div>\n","protected":false},"excerpt":{"rendered":"<p>Demande de paquet donn\u00e9es produit pour tous les pr\u00e9sentoirs promotionnels \u00c0 PROPOS DE L&#8217;ENSEMBLE DES DONN\u00c9ES PRODUIT Ce paquet de&#8230;<\/p>\n","protected":false},"author":6,"featured_media":0,"parent":0,"menu_order":0,"comment_status":"closed","ping_status":"closed","template":"","meta":{"_acf_changed":false,"footnotes":""},"class_list":["post-34152","page","type-page","status-publish","hentry"],"acf":[],"_links":{"self":[{"href":"https:\/\/www.showdowndisplays.eu\/fr\/wp-json\/wp\/v2\/pages\/34152","targetHints":{"allow":["GET"]}}],"collection":[{"href":"https:\/\/www.showdowndisplays.eu\/fr\/wp-json\/wp\/v2\/pages"}],"about":[{"href":"https:\/\/www.showdowndisplays.eu\/fr\/wp-json\/wp\/v2\/types\/page"}],"author":[{"embeddable":true,"href":"https:\/\/www.showdowndisplays.eu\/fr\/wp-json\/wp\/v2\/users\/6"}],"replies":[{"embeddable":true,"href":"https:\/\/www.showdowndisplays.eu\/fr\/wp-json\/wp\/v2\/comments?post=34152"}],"version-history":[{"count":5,"href":"https:\/\/www.showdowndisplays.eu\/fr\/wp-json\/wp\/v2\/pages\/34152\/revisions"}],"predecessor-version":[{"id":53575,"href":"https:\/\/www.showdowndisplays.eu\/fr\/wp-json\/wp\/v2\/pages\/34152\/revisions\/53575"}],"wp:attachment":[{"href":"https:\/\/www.showdowndisplays.eu\/fr\/wp-json\/wp\/v2\/media?parent=34152"}],"curies":[{"name":"wp","href":"https:\/\/api.w.org\/{rel}","templated":true}]}}