{"id":27631,"date":"2023-04-18T13:14:42","date_gmt":"2023-04-18T13:14:42","guid":{"rendered":"https:\/\/www.showdowndisplays.eu\/?page_id=27631"},"modified":"2025-10-17T12:11:16","modified_gmt":"2025-10-17T12:11:16","slug":"automatisation-et-facilement-en-ligne","status":"publish","type":"page","link":"https:\/\/www.showdowndisplays.eu\/fr\/support-marketing\/automatisation-et-facilement-en-ligne\/","title":{"rendered":"Automatisation et facilement en ligne"},"content":{"rendered":"\n<div class=\"wp-block-group block-white-background\"><div class=\"wp-block-group__inner-container is-layout-flow wp-block-group-is-layout-flow\">\n<div class=\"wp-block-group\"><div class=\"wp-block-group__inner-container is-layout-flow wp-block-group-is-layout-flow\">\n<h2 class=\"wp-block-heading\">Paquet de donn\u00e9es produits<\/h2>\n\n\n\n<p>Sur notre plate-forme pour revendeurs en ligne, vous pouvez t\u00e9l\u00e9charger toutes les informations sur les produits dont vous avez besoin pour ajouter facilement des produits \u00e0 votre site web ou \u00e0 votre boutique en ligne. Pour vous simplifier encore davantage la t\u00e2che, vous pouvez \u00e9galement demander toutes les informations sur les produits via notre paquet de donn\u00e9es produits.<\/p>\n\n\n\n<div class=\"wp-block-columns is-layout-flex wp-container-core-columns-is-layout-9d6595d7 wp-block-columns-is-layout-flex\">\n<div class=\"wp-block-column is-layout-flow wp-block-column-is-layout-flow\">\n<p>Ce paquet de donn\u00e9es produits contient :<\/p>\n\n\n\n<ul class=\"wp-block-list\">\n<li>Des donn\u00e9es sur nos produits, nos accessoires et nos impressions<\/li>\n\n\n\n<li>Les codes UGS, EAN et les sp\u00e9cifications des produits<\/li>\n\n\n\n<li>Des textes commerciaux neutres sur les produits, disponibles en anglais, allemand et en n\u00e9erlandais<\/li>\n\n\n\n<li>Des liens vers les images des produits, t\u00e9l\u00e9chargeables \u00e0 partir du serveur d\u2019images<\/li>\n\n\n\n<li>La liste de prix<\/li>\n<\/ul>\n\n\n\n<div class=\"wp-block-buttons is-layout-flex wp-block-buttons-is-layout-flex\">\n<div class=\"wp-block-button\"><a class=\"wp-block-button__link wp-element-button\" href=\"https:\/\/www.showdowndisplays.eu\/fr\/request-product-data-package\/\" target=\"_blank\" rel=\"noreferrer noopener\">Demandez le paquet de donn\u00e9es produits<\/a><\/div>\n<\/div>\n<\/div>\n\n\n\n<div class=\"wp-block-column is-layout-flow wp-block-column-is-layout-flow\"><div class=\"wp-block-image\">\n<figure class=\"aligncenter size-large is-resized\"><img data-aspectratio=\"1024\/1024\" src=\"data:image\/gif;base64,R0lGODlhAQABAIAAAAAAAP\/\/\/yH5BAEAAAAALAAAAAABAAEAAAIBRAA7\" decoding=\"async\" width=\"1024\" height=\"1024\" data-src=\"https:\/\/www.showdowndisplays.eu\/wp-content\/uploads\/2021\/08\/download-1915753_1280-1024x1024.png\" alt=\"\" class=\"wp-image-13315 lazyload\" style=\"width:227px;height:227px\" data-srcset=\"https:\/\/www.showdowndisplays.eu\/wp-content\/uploads\/2021\/08\/download-1915753_1280-1024x1024.png 1024w, https:\/\/www.showdowndisplays.eu\/wp-content\/uploads\/2021\/08\/download-1915753_1280-270x270.png 270w, https:\/\/www.showdowndisplays.eu\/wp-content\/uploads\/2021\/08\/download-1915753_1280-768x768.png 768w, https:\/\/www.showdowndisplays.eu\/wp-content\/uploads\/2021\/08\/download-1915753_1280-380x380.png 380w, https:\/\/www.showdowndisplays.eu\/wp-content\/uploads\/2021\/08\/download-1915753_1280-96x96.png 96w, https:\/\/www.showdowndisplays.eu\/wp-content\/uploads\/2021\/08\/download-1915753_1280-200x200.png 200w, https:\/\/www.showdowndisplays.eu\/wp-content\/uploads\/2021\/08\/download-1915753_1280.png 1280w\" sizes=\"(max-width: 1024px) 100vw, 1024px\" \/><noscript><img decoding=\"async\" width=\"1024\" height=\"1024\" src=\"https:\/\/www.showdowndisplays.eu\/wp-content\/uploads\/2021\/08\/download-1915753_1280-1024x1024.png\" alt=\"\" class=\"wp-image-13315\" style=\"width:227px;height:227px\" srcset=\"https:\/\/www.showdowndisplays.eu\/wp-content\/uploads\/2021\/08\/download-1915753_1280-1024x1024.png 1024w, https:\/\/www.showdowndisplays.eu\/wp-content\/uploads\/2021\/08\/download-1915753_1280-270x270.png 270w, https:\/\/www.showdowndisplays.eu\/wp-content\/uploads\/2021\/08\/download-1915753_1280-768x768.png 768w, https:\/\/www.showdowndisplays.eu\/wp-content\/uploads\/2021\/08\/download-1915753_1280-380x380.png 380w, https:\/\/www.showdowndisplays.eu\/wp-content\/uploads\/2021\/08\/download-1915753_1280-96x96.png 96w, https:\/\/www.showdowndisplays.eu\/wp-content\/uploads\/2021\/08\/download-1915753_1280-200x200.png 200w, https:\/\/www.showdowndisplays.eu\/wp-content\/uploads\/2021\/08\/download-1915753_1280.png 1280w\" sizes=\"(max-width: 1024px) 100vw, 1024px\" \/><\/noscript><\/figure>\n<\/div>\n\n\n\n<\/div>\n<\/div>\n<\/div><\/div>\n\n\n\n\n<\/div><\/div>\n\n\n\n<div class=\"wp-block-group alignwide\"><div class=\"wp-block-group__inner-container is-layout-constrained wp-block-group-is-layout-constrained\">\n<div class=\"wp-block-group alignwide image-text-2\"><div class=\"wp-block-group__inner-container is-layout-constrained wp-block-group-is-layout-constrained\">\n<div class=\"wp-block-group alignwide block-white-background\"><div class=\"wp-block-group__inner-container is-layout-constrained wp-block-group-is-layout-constrained\">\n<h2 class=\"wp-block-heading\">Connection API<\/h2>\n\n\n\n<p>Souhaitez-vous automatiser et acc\u00e9l\u00e9rer votre processus de commande ? Alors, nous avons une excellente solution pour vous ! Nous vous proposons une &#8220;solution API de commande&#8221; tr\u00e8s simple, pour connecter votre syst\u00e8me ERP ou votre boutique en ligne au n\u00f4tre. Ainsi, nous pouvons traiter vos commandes beaucoup plus rapidement et vous pourrez informer votre client de l&#8217;\u00e9tat de sa commande ou de son suivi d\u00e8s que nous l&#8217;aurons exp\u00e9di\u00e9e. Rien de plus simple, n&#8217;est-ce pas ?<\/p>\n\n\n\n<div class=\"wp-block-media-text alignwide is-stacked-on-mobile\" style=\"grid-template-columns:42% auto\"><figure class=\"wp-block-media-text__media\"><img data-aspectratio=\"580\/387\" src=\"data:image\/gif;base64,R0lGODlhAQABAIAAAAAAAP\/\/\/yH5BAEAAAAALAAAAAABAAEAAAIBRAA7\" decoding=\"async\" width=\"580\" height=\"387\" data-src=\"https:\/\/www.showdowndisplays.eu\/wp-content\/uploads\/2023\/04\/API_Connection-1.jpg\" alt=\"\" class=\"wp-image-27607 size-full lazyload\" data-srcset=\"https:\/\/www.showdowndisplays.eu\/wp-content\/uploads\/2023\/04\/API_Connection-1.jpg 580w, https:\/\/www.showdowndisplays.eu\/wp-content\/uploads\/2023\/04\/API_Connection-1-405x270.jpg 405w, https:\/\/www.showdowndisplays.eu\/wp-content\/uploads\/2023\/04\/API_Connection-1-380x254.jpg 380w, https:\/\/www.showdowndisplays.eu\/wp-content\/uploads\/2023\/04\/API_Connection-1-96x64.jpg 96w, https:\/\/www.showdowndisplays.eu\/wp-content\/uploads\/2023\/04\/API_Connection-1-200x133.jpg 200w\" sizes=\"(max-width: 580px) 100vw, 580px\" \/><noscript><img decoding=\"async\" width=\"580\" height=\"387\" src=\"https:\/\/www.showdowndisplays.eu\/wp-content\/uploads\/2023\/04\/API_Connection-1.jpg\" alt=\"\" class=\"wp-image-27607 size-full\" srcset=\"https:\/\/www.showdowndisplays.eu\/wp-content\/uploads\/2023\/04\/API_Connection-1.jpg 580w, https:\/\/www.showdowndisplays.eu\/wp-content\/uploads\/2023\/04\/API_Connection-1-405x270.jpg 405w, https:\/\/www.showdowndisplays.eu\/wp-content\/uploads\/2023\/04\/API_Connection-1-380x254.jpg 380w, https:\/\/www.showdowndisplays.eu\/wp-content\/uploads\/2023\/04\/API_Connection-1-96x64.jpg 96w, https:\/\/www.showdowndisplays.eu\/wp-content\/uploads\/2023\/04\/API_Connection-1-200x133.jpg 200w\" sizes=\"(max-width: 580px) 100vw, 580px\" \/><\/noscript><\/figure><div class=\"wp-block-media-text__content\">\n<p>Notre priorit\u00e9 absolue est de nous associer \u00e0 un service de qualit\u00e9 et d&#8217;\u00eatre un partenaire fiable. Nous sommes le partenaire id\u00e9al en mati\u00e8re de &#8221; guichet unique &#8220;, avec des livraisons directes et neutres \u00e0 vos clients. En outre, une connexion API directement reli\u00e9e \u00e0 votre syst\u00e8me ERP est l&#8217;une des possibilit\u00e9s que nous offrons pour que cette t\u00e2che soit simple, rapide et fluide !<\/p>\n<\/div><\/div>\n\n\n\n\n\n\n\n<p><strong>Comment \u00e7a marche ?<\/strong><\/p>\n\n\n\n<ol class=\"wp-block-list\">\n<li>Envoyer votre commande \u00e0 travers la connexion API de votre syst\u00e8me ERP ou de votre site web \u00e0 notre syst\u00e8me ERP.<\/li>\n\n\n\n<li>Nous traitons votre commande et l&#8217;exp\u00e9dions. Nous pouvons l&#8217;exp\u00e9dier directement \u00e0 votre client ou \u00e0 votre entrep\u00f4t, en toute neutralit\u00e9.<\/li>\n\n\n\n<li>Nous vous informerons de l&#8217;\u00e9tat de votre commande et de son suivi.<\/li>\n\n\n\n<li>Vous ou bien votre client recevrez la commande dans les plus brefs d\u00e9lais.<\/li>\n<\/ol>\n\n\n\n<p>Aimeriez-vous en savoir plus sur l&#8217;API et ses possibilit\u00e9s d&#8217;automatisation ? Votre conseiller commercial sera ravi d&#8217;en discuter avec vous !<\/p>\n\n\n\n<p><em>Pour que nous envisagions la possibilit\u00e9 d&#8217;int\u00e9grer une connexion API, le volume de commandes doit \u00eatre d&#8217;au moins 300 par an.<\/em><\/p>\n\n\n\n<div class=\"wp-block-buttons is-layout-flex wp-block-buttons-is-layout-flex\">\n<div class=\"wp-block-button\"><a class=\"wp-block-button__link wp-element-button\" href=\"mailto:quotation@showdowndisplays.eu\" target=\"_blank\" rel=\"noreferrer noopener\">Demande de renseignements sur la connexion API<\/a><\/div>\n<\/div>\n<\/div><\/div>\n<\/div><\/div>\n<\/div><\/div>\n\n\n\n\n\n\n\n<div class=\"wp-block-media-text alignwide is-stacked-on-mobile\"><figure class=\"wp-block-media-text__media\"><\/figure><div class=\"wp-block-media-text__content\">\n\n<\/div><\/div>\n\n\n\n<div class=\"wp-block-media-text alignwide is-stacked-on-mobile\"><figure class=\"wp-block-media-text__media\"><\/figure><div class=\"wp-block-media-text__content\">\n\n<\/div><\/div>\n","protected":false},"excerpt":{"rendered":"<p>Paquet de donn\u00e9es produits Sur notre plate-forme pour revendeurs en ligne, vous pouvez t\u00e9l\u00e9charger toutes les informations sur les produits&#8230;<\/p>\n","protected":false},"author":5,"featured_media":0,"parent":5274,"menu_order":0,"comment_status":"closed","ping_status":"closed","template":"","meta":{"_acf_changed":false,"footnotes":""},"class_list":["post-27631","page","type-page","status-publish","hentry"],"acf":[],"_links":{"self":[{"href":"https:\/\/www.showdowndisplays.eu\/fr\/wp-json\/wp\/v2\/pages\/27631","targetHints":{"allow":["GET"]}}],"collection":[{"href":"https:\/\/www.showdowndisplays.eu\/fr\/wp-json\/wp\/v2\/pages"}],"about":[{"href":"https:\/\/www.showdowndisplays.eu\/fr\/wp-json\/wp\/v2\/types\/page"}],"author":[{"embeddable":true,"href":"https:\/\/www.showdowndisplays.eu\/fr\/wp-json\/wp\/v2\/users\/5"}],"replies":[{"embeddable":true,"href":"https:\/\/www.showdowndisplays.eu\/fr\/wp-json\/wp\/v2\/comments?post=27631"}],"version-history":[{"count":6,"href":"https:\/\/www.showdowndisplays.eu\/fr\/wp-json\/wp\/v2\/pages\/27631\/revisions"}],"predecessor-version":[{"id":49252,"href":"https:\/\/www.showdowndisplays.eu\/fr\/wp-json\/wp\/v2\/pages\/27631\/revisions\/49252"}],"up":[{"embeddable":true,"href":"https:\/\/www.showdowndisplays.eu\/fr\/wp-json\/wp\/v2\/pages\/5274"}],"wp:attachment":[{"href":"https:\/\/www.showdowndisplays.eu\/fr\/wp-json\/wp\/v2\/media?parent=27631"}],"curies":[{"name":"wp","href":"https:\/\/api.w.org\/{rel}","templated":true}]}}