{"id":26562,"date":"2021-01-15T15:29:15","date_gmt":"2021-01-15T15:29:15","guid":{"rendered":"https:\/\/www.showdowndisplays.eu\/parcel-shipping-price-conditions\/"},"modified":"2026-04-01T06:52:01","modified_gmt":"2026-04-01T06:52:01","slug":"parcel-shipping-price-conditions","status":"publish","type":"page","link":"https:\/\/www.showdowndisplays.eu\/fr\/parcel-shipping-price-conditions\/","title":{"rendered":"Parcel shipping price conditions"},"content":{"rendered":"\n<h2 class=\"wp-block-heading\">Aper\u00e7u des tarifs relatifs aux envois de colis par pays \u00e0 partir du 1 Avril 2026<\/h2>\n\n\n\n<style>\ntable.GeneratedTable {\n  width: 100%;\n  background-color: #ffffff;\n  border-collapse: collapse;\n  border-width: 2px;\n  border-color: #4b6ea5;\n  border-style: solid;\n  color: #000000;\n}\n\ntable.GeneratedTable td, table.GeneratedTable th {\n  border-width: 2px;\n  border-color: #4b6ea5;\n  border-style: solid;\n  padding: 3px;\n}\n\ntable.GeneratedTable thead {\n  background-color: #4b6ea5;\n}\n<\/style>\n\n<table class=\"GeneratedTable\">\n  <thead>\n    <tr>\n      <th>Pays<\/th>\n      <th>\u20ac 0,- to 250,-<\/th>\n      <th>\u20ac 250,01 to 500,- <\/th>\n      <th>\u20ac 500,01 to 750,- <\/th>\n      <th>\u20ac 750,01 to 1000,- <\/th>\n      <th>Surcharge 1: envoi hors norme*<\/th>\n      <th>Surcharge 2: exp\u00e9dition palette*<\/th>\n      <th>Surcharge 3: exp\u00e9dition palette XL*<\/th>\n    <\/tr>\n  <\/thead>\n  <tbody>\n    <tr>\n      <td>Allemagne<\/td>\n      <td>\u20ac 10,07<\/td>\n      <td>\u20ac 16,11<\/td>\n      <td>\u20ac 30,21<\/td>\n      <td>\u20ac 60,42<\/td>\n      <td>\u20ac 37,00<\/td>\n      <td>\u20ac 77,00<\/td>\n      <td>\u20ac 152,00<\/td>\n    <\/tr>\n    <tr>\n      <td>Autriche<\/td>\n      <td>\u20ac 10,49<\/td>\n      <td>\u20ac 16,78<\/td>\n      <td>\u20ac 31,47<\/td>\n      <td>\u20ac 62,94<\/td>\n      <td>\u20ac 32,00<\/td>\n      <td>\u20ac 94,00<\/td>\n      <td>\u20ac 223,00<\/td>\n    <\/tr>\n    <tr>\n      <td>Belgique<\/td>\n      <td>\u20ac 12,61<\/td>\n      <td>\u20ac 20,18<\/td>\n      <td>\u20ac 37,83<\/td>\n      <td>\u20ac 75,66<\/td>\n      <td>\u20ac 32,00<\/td>\n      <td>\u20ac 105,00<\/td>\n      <td>\u20ac 187,00<\/td>\n    <\/tr>\n    <tr>\n      <td>Croatie<\/td>\n      <td>\u20ac 15,90<\/td>\n      <td>\u20ac 25,44<\/td>\n      <td>\u20ac 47,70<\/td>\n      <td>\u20ac 95,40<\/td>\n      <td>\u20ac 48,00<\/td>\n      <td>\u20ac 165,00<\/td>\n      <td>\u20ac 476,00<\/td>\n    <\/tr>\n    <tr>\n      <td>Danemark<\/td>\n      <td>\u20ac 11,13<\/td>\n      <td>\u20ac 17,81<\/td>\n      <td>\u20ac 33,39<\/td>\n      <td>\u20ac 66,78<\/td>\n      <td>\u20ac 41,00<\/td>\n      <td>\u20ac 132,00<\/td>\n      <td>\u20ac 455,00<\/td>\n    <\/tr>\n    <tr>\n      <td>Espagne<\/td>\n      <td>\u20ac 15,90<\/td>\n      <td>\u20ac 25,44<\/td>\n      <td>\u20ac 47,70<\/td>\n      <td>\u20ac 95,40<\/td>\n      <td>\u20ac 48,00<\/td>\n      <td>\u20ac 143,00<\/td>\n      <td>\u20ac 485,00<\/td>\n    <\/tr>\n    <tr>\n      <td>Estonie<\/td>\n      <td>\u20ac 26,50<\/td>\n      <td>\u20ac 42,40<\/td>\n      <td>\u20ac 79,50<\/td>\n      <td>\u20ac 159,00<\/td>\n      <td>\u20ac 48,00<\/td>\n      <td>\u20ac 187,00<\/td>\n      <td>\u20ac 455,00<\/td>\n    <\/tr>\n    <tr>\n      <td>Finlande<\/td>\n      <td>\u20ac 18,97<\/td>\n      <td>\u20ac 30,35<\/td>\n      <td>\u20ac 56,91<\/td>\n      <td>\u20ac 113,82<\/td>\n      <td>\u20ac 52,00<\/td>\n      <td>\u20ac 209,00<\/td>\n      <td>\u20ac 733,00<\/td>\n    <\/tr>\n    <tr>\n      <td>France<\/td>\n      <td>\u20ac 13,67<\/td>\n      <td>\u20ac 21,87<\/td>\n      <td>\u20ac 41,01<\/td>\n      <td>\u20ac 82,02<\/td>\n      <td>\u20ac 43,00<\/td>\n      <td>\u20ac 154,00<\/td>\n      <td>\u20ac 319,00<\/td>\n    <\/tr>\n    <tr>\n      <td>Grande Bretagne<\/td>\n      <td>\u20ac 22,26<\/td>\n      <td>\u20ac 35,62<\/td>\n      <td>\u20ac 66,78<\/td>\n      <td>\u20ac 133,56<\/td>\n      <td>\u20ac 84,00<\/td>\n      <td>\u20ac 231,00<\/td>\n      <td>\u20ac 721,00<\/td>\n    <\/tr>\n    <tr>\n      <td>Gr\u00e8ce<\/td>\n      <td>\u20ac 21,09<\/td>\n      <td>\u20ac 33,74<\/td>\n      <td>\u20ac 63,27<\/td>\n      <td>\u20ac 126,54<\/td>\n      <td>\u20ac 84,00<\/td>\n      <td>\u20ac 176,00<\/td>\n      <td>\u20ac 469,00<\/td>\n    <\/tr>\n    <tr>\n      <td>Hongrie<\/td>\n      <td>\u20ac 11,13<\/td>\n      <td>\u20ac 17,81<\/td>\n      <td>\u20ac 33,39<\/td>\n      <td>\u20ac 66,78<\/td>\n      <td>\u20ac 37,00<\/td>\n      <td>\u20ac 110,00<\/td>\n      <td>\u20ac 381,00<\/td>\n    <\/tr>\n    <tr>\n      <td>Irlande<\/td>\n      <td>\u20ac 21,20<\/td>\n      <td>\u20ac 33,92<\/td>\n      <td>\u20ac 63,60<\/td>\n      <td>\u20ac 127,20<\/td>\n      <td>\u20ac 48,00<\/td>\n      <td>\u20ac 264,00<\/td>\n      <td>\u20ac 719,00<\/td>\n    <\/tr>\n    <tr>\n      <td>Italie<\/td>\n      <td>\u20ac 10,59<\/td>\n      <td>\u20ac 16,94<\/td>\n      <td>\u20ac 31,77<\/td>\n      <td>\u20ac 63,54<\/td>\n      <td>\u20ac 41,00<\/td>\n      <td>\u20ac 154,00<\/td>\n      <td>\u20ac 325,00<\/td>\n    <\/tr>\n    <tr>\n      <td>Lettonie<\/td>\n      <td>\u20ac 21,09<\/td>\n      <td>\u20ac 33,74<\/td>\n      <td>\u20ac 63,27<\/td>\n      <td>\u20ac 126,54<\/td>\n      <td>\u20ac 45,00<\/td>\n      <td>\u20ac 187,00<\/td>\n      <td>\u20ac 455,00<\/td>\n    <\/tr>\n    <tr>\n      <td>Liechtenstein<\/td>\n      <td>\u20ac 28,62<\/td>\n      <td>\u20ac 45,79<\/td>\n      <td>\u20ac 85,86<\/td>\n      <td>\u20ac 171,72<\/td>\n      <td>\u20ac 78,00<\/td>\n      <td>\u20ac 105,00<\/td>\n      <td>\u20ac 223,00<\/td>\n    <\/tr>\n    <tr>\n      <td>Lituanie<\/td>\n      <td>\u20ac 21,09<\/td>\n      <td>\u20ac 33,74<\/td>\n      <td>\u20ac 63,27<\/td>\n      <td>\u20ac 126,54<\/td>\n      <td>\u20ac 45,00<\/td>\n      <td>\u20ac 187,00<\/td>\n      <td>\u20ac 455,00<\/td>\n    <\/tr>\n    <tr>\n      <td>Luxembourg<\/td>\n      <td>\u20ac 15,90<\/td>\n      <td>\u20ac 25,44<\/td>\n      <td>\u20ac 47,70<\/td>\n      <td>\u20ac 95,40<\/td>\n      <td>\u20ac 41,00<\/td>\n      <td>\u20ac 105,00<\/td>\n      <td>\u20ac 354,00<\/td>\n    <\/tr>\n    <tr>\n      <td>Norv\u00e8ge<\/td>\n      <td>\u20ac 37,10<\/td>\n      <td>\u20ac 59,36<\/td>\n      <td>\u20ac 111,30<\/td>\n      <td>\u20ac 222,60<\/td>\n      <td>\u20ac 78,00<\/td>\n      <td>\u20ac 209,00<\/td>\n      <td>\u20ac 756,00<\/td>\n    <\/tr>\n    <tr>\n      <td>Pays-Bas<\/td>\n      <td>\u20ac 9,43<\/td>\n      <td>\u20ac 15,09<\/td>\n      <td>\u20ac 28,29<\/td>\n      <td>\u20ac 56,58<\/td>\n      <td>\u20ac 39,00<\/td>\n      <td>\u20ac 105,00<\/td>\n      <td>\u20ac 182,00<\/td>\n    <\/tr>\n    <tr>\n      <td>Pologne<\/td>\n      <td>\u20ac 10,49<\/td>\n      <td>\u20ac 16,78<\/td>\n      <td>\u20ac 31,47<\/td>\n      <td>\u20ac 62,94<\/td>\n      <td>\u20ac 34,00<\/td>\n      <td>\u20ac 77,00<\/td>\n      <td>\u20ac 221,00<\/td>\n    <\/tr>\n    <tr>\n      <td>Portugal<\/td>\n      <td>\u20ac 17,91<\/td>\n      <td>\u20ac 28,66<\/td>\n      <td>\u20ac 53,73<\/td>\n      <td>\u20ac 107,46<\/td>\n      <td>\u20ac 48,00<\/td>\n      <td>\u20ac 187,00<\/td>\n      <td>\u20ac 616,00<\/td>\n    <\/tr>\n    <tr>\n      <td>R\u00e9publique Tch\u00e8que<\/td>\n      <td>\u20ac 8,37<\/td>\n      <td>\u20ac 13,39<\/td>\n      <td>\u20ac 25,11<\/td>\n      <td>\u20ac 50,22<\/td>\n      <td>\u20ac 34,00<\/td>\n      <td>\u20ac 44,00<\/td>\n      <td>\u20ac 106,00<\/td>\n    <\/tr>\n<tr>\n      <td>Roumanie<\/td>\n      <td>\u20ac 13,78<\/td>\n      <td>\u20ac 22,05<\/td>\n      <td>\u20ac 41,34<\/td>\n      <td>\u20ac 82,68<\/td>\n      <td>\u20ac 45,00<\/td>\n      <td>\u20ac 132,00<\/td>\n      <td>\u20ac 485,00<\/td>\n    <\/tr>\n    <tr>\n      <td>Slov\u00e9nie<\/td>\n      <td>\u20ac 13,78<\/td>\n      <td>\u20ac 22,05<\/td>\n      <td>\u20ac 41,34<\/td>\n      <td>\u20ac 82,68<\/td>\n      <td>\u20ac 45,00<\/td>\n      <td>\u20ac 132,00<\/td>\n      <td>\u20ac 381,00<\/td>\n    <\/tr>\n    <tr>\n      <td>Slowakie<\/td>\n      <td>\u20ac 10,59<\/td>\n      <td>\u20ac 16,94<\/td>\n      <td>\u20ac 31,77<\/td>\n      <td>\u20ac 63,54<\/td>\n      <td>\u20ac 31,00<\/td>\n      <td>\u20ac 94,00<\/td>\n      <td>\u20ac 184,00<\/td>\n    <\/tr>\n    <tr>\n      <td>Su\u00e8de<\/td>\n      <td>\u20ac 19,08<\/td>\n      <td>\u20ac 30,53<\/td>\n      <td>\u20ac 57,24<\/td>\n      <td>\u20ac 114,48<\/td>\n      <td>\u20ac 43,00<\/td>\n      <td>\u20ac 209,00<\/td>\n      <td>\u20ac 591,00<\/td>\n    <\/tr>   \n <tr>\n      <td>Suisse<\/td>\n      <td>\u20ac 26,50<\/td>\n      <td>\u20ac 42,40<\/td>\n      <td>\u20ac 79,50<\/td>\n      <td>\u20ac 159,00<\/td>\n      <td>\u20ac 78,00<\/td>\n      <td>\u20ac 176,00<\/td>\n      <td>\u20ac 436,00<\/td>\n    <\/tr>\n  <\/tbody>\n<\/table>\n\n\n\n<p>Tous les prix sont hors TVA<\/p>\n\n\n\n<blockquote class=\"wp-block-quote is-layout-flow wp-block-quote-is-layout-flow\">\n<p><em>*Les frais de livraison standard s&#8217;appliquent \u00e0 toutes les commandes pass\u00e9es chez Showdown Displays Europe.<br>Les frais pour envois surdimensionn\u00e9s (suppl\u00e9ments 1-2-3) indiqu\u00e9s ci-dessus s&#8217;appliquent uniquement aux commandes pass\u00e9es via la boutique en ligne.&nbsp;<\/em><\/p>\n<\/blockquote>\n\n\n\n\n\n\n\n<blockquote class=\"wp-block-quote is-layout-flow wp-block-quote-is-layout-flow\">\n<p><em>Si exp\u00e9di\u00e9 sur palette EU ou XL, <a href=\"https:\/\/www.showdowndisplays.eu\/fr\/frais-de-palette\/\">le co\u00fbt par palette<\/a> sera ajout\u00e9 apr\u00e8s la confirmation.&nbsp; Si vous souhaitez conna\u00eetre \u00e0 l&#8217;avance le co\u00fbt des palettes, veuillez contacter votre vendeur.<\/em><\/p>\n<\/blockquote>\n\n\n\n\n\n\n\n<h2 class=\"wp-block-heading\">Conditions par taille du colis<\/h2>\n\n\n\n\n\n\n\n<h4 class=\"wp-block-heading\">Dimensions maximales pour l&#8217;envoi de colis standards&nbsp;<\/h4>\n\n\n\n<style>\ntable.GeneratedTable {\n  width: 100%;\n  background-color: #ffffff;\n  border-collapse: collapse;\n  border-width: 2px;\n  border-color: #4b6ea5;\n  border-style: solid;\n  color: #000000;\n}\n\ntable.GeneratedTable td, table.GeneratedTable th {\n  border-width: 2px;\n  border-color: #4b6ea5;\n  border-style: solid;\n  padding: 3px;\n}\n\ntable.GeneratedTable thead {\n  background-color: #4b6ea5;\n}\n<\/style>\n\n<table class=\"GeneratedTable\">\n  <thead>\n    <tr>\n      <th>Compagnie de transport <\/th>\n      <th>Colis standard<\/th>\n      <th>Colis surdimensionn\u00e9<\/th>\n      <th>Colis tr\u00e8s surdimensionn\u00e9 <\/th>\n    <\/tr>\n  <\/thead>\n  <tbody>\n    <tr>\n      <td>Poids maximum (KG)<\/td>\n      <td><31,5<\/td>\n      <td>70<\/td>\n      <td>> 70<\/td>\n    <\/tr>\n    <tr>\n      <td>C\u00f4t\u00e9 le plus long (cm)<\/td>\n      <td>< 150<\/td>\n      <td>< 274<\/td>\n      <td>> 274<\/td>\n    <\/tr>\n    <tr>\n      <td>Max. langeur 1 (cm)<\/td>\n      <td>80<\/td>\n      <td>80<\/td>\n      <td>> 80<\/td>\n    <\/tr>\n    <tr>\n      <td>Max. langeur 2 (cm)<\/td>\n      <td>80<\/td>\n      <td>80<\/td>\n      <td>> 80<\/td>\n    <\/tr>\n    <tr>\n      <td>Circonf\u00e9rence (Girth)<\/td>\n      <td>330<\/td>\n      <td>400<\/td>\n      <td>> 400<\/td>\n    <\/tr>\n  <\/tbody>\n<\/table>\n\n\n\n\n\n\n\n\n\n\n\n<h4 class=\"wp-block-heading\"><\/h4>\n\n\n\n<div style=\"height:20px\" aria-hidden=\"true\" class=\"wp-block-spacer\"><\/div>\n\n\n\n<div style=\"height:20px\" aria-hidden=\"true\" class=\"wp-block-spacer\"><\/div>\n\n\n\n<h4 class=\"wp-block-heading\"><\/h4>\n","protected":false},"excerpt":{"rendered":"<p>Aper\u00e7u des tarifs relatifs aux envois de colis par pays \u00e0 partir du 1 Avril 2026 Pays \u20ac 0,- to&#8230;<\/p>\n","protected":false},"author":3,"featured_media":0,"parent":0,"menu_order":0,"comment_status":"closed","ping_status":"closed","template":"","meta":{"_acf_changed":false,"footnotes":""},"class_list":["post-26562","page","type-page","status-publish","hentry"],"acf":[],"_links":{"self":[{"href":"https:\/\/www.showdowndisplays.eu\/fr\/wp-json\/wp\/v2\/pages\/26562","targetHints":{"allow":["GET"]}}],"collection":[{"href":"https:\/\/www.showdowndisplays.eu\/fr\/wp-json\/wp\/v2\/pages"}],"about":[{"href":"https:\/\/www.showdowndisplays.eu\/fr\/wp-json\/wp\/v2\/types\/page"}],"author":[{"embeddable":true,"href":"https:\/\/www.showdowndisplays.eu\/fr\/wp-json\/wp\/v2\/users\/3"}],"replies":[{"embeddable":true,"href":"https:\/\/www.showdowndisplays.eu\/fr\/wp-json\/wp\/v2\/comments?post=26562"}],"version-history":[{"count":49,"href":"https:\/\/www.showdowndisplays.eu\/fr\/wp-json\/wp\/v2\/pages\/26562\/revisions"}],"predecessor-version":[{"id":55948,"href":"https:\/\/www.showdowndisplays.eu\/fr\/wp-json\/wp\/v2\/pages\/26562\/revisions\/55948"}],"wp:attachment":[{"href":"https:\/\/www.showdowndisplays.eu\/fr\/wp-json\/wp\/v2\/media?parent=26562"}],"curies":[{"name":"wp","href":"https:\/\/api.w.org\/{rel}","templated":true}]}}