{"id":22532,"date":"2022-07-11T09:40:45","date_gmt":"2022-07-11T09:40:45","guid":{"rendered":"https:\/\/www.showdowndisplays.eu\/?page_id=22532"},"modified":"2026-04-15T07:19:39","modified_gmt":"2026-04-15T07:19:39","slug":"service-de-visualisation-graphique","status":"publish","type":"page","link":"https:\/\/www.showdowndisplays.eu\/fr\/support-marketing\/un-contenu-inspirant\/service-de-visualisation-graphique\/","title":{"rendered":"Service de visualisation graphique"},"content":{"rendered":"\n<div class=\"wp-block-group block-white-background\"><div class=\"wp-block-group__inner-container is-layout-flow wp-block-group-is-layout-flow\">\n<h2 class=\"wp-block-heading\">Comment recevoir une visualisation graphique ?<\/h2>\n\n\n\n<p>Nous vous assistons dans votre processus de vente avec une visualisation de l&#8217;ensemble du produit que vous souhaitez vendre \u00e0 votre client. Imaginez un visuel ou un produit avec un visuel. Cette visualisation donnera \u00e0 vos clients une id\u00e9e claire de ce \u00e0 quoi ressemble leur produit.<\/p>\n\n\n\n<div class=\"wp-block-media-text alignwide has-media-on-the-right is-stacked-on-mobile\"><div class=\"wp-block-media-text__content\">\n<p>Comment recevoir une visualisation graphique ?<strong><mark style=\"background-color:rgba(0, 0, 0, 0);color:#5a7daf\" class=\"has-inline-color\">T\u00e9l\u00e9chargez le mod\u00e8le d&#8217;impression<\/mark><\/strong>, cr\u00e9ez le design demand\u00e9 par votre client dans ce mod\u00e8le et envoyez ce mod\u00e8le d&#8217;impression \u00e0 votre contact commercial. Informez-le du produit que vous souhaitez voir en visualisation graphique. Pour le moment, ce service n&#8217;est disponible que pour la <a href=\"https:\/\/shop.showdowndisplays.eu\/outdoor\/outdoor-flags\" target=\"_blank\" rel=\"noreferrer noopener\">Drapeaux<\/a>, <a href=\"https:\/\/shop.showdowndisplays.eu\/table-cover-standing-round\" data-type=\"link\" data-id=\"https:\/\/shop.showdowndisplays.eu\/table-cover-standing-round\" target=\"_blank\" rel=\"noreferrer noopener\">Housse pour mange debout<\/a>, <a href=\"https:\/\/shop.showdowndisplays.eu\/horeca-umbrella-slide-surslide200bl\" target=\"_blank\" data-type=\"link\" data-id=\"https:\/\/shop.showdowndisplays.eu\/horeca-umbrella-slide-surslide200bl\" rel=\"noreferrer noopener\">Horeca Umbrella Slide<\/a>, <a href=\"https:\/\/shop.showdowndisplays.eu\/tent-steel?path_id=211\" target=\"_blank\" rel=\"noreferrer noopener\">Tent Steel<\/a> et la <a href=\"https:\/\/shop.showdowndisplays.eu\/tent-alu-with-canopy?path_id=211\" target=\"_blank\" rel=\"noreferrer noopener\">Tent Alu<\/a>, comprenant toutes les options de parois. Nous ferons une reproduction de votre visuel sur le produit et vous la renverrons. Ainsi, vous pourrez facilement convaincre votre client d&#8217;acheter ce produit avec le visuel !<\/p>\n\n\n\n<div style=\"height:24px\" aria-hidden=\"true\" class=\"wp-block-spacer\"><\/div>\n\n\n\n<div class=\"wp-block-buttons is-layout-flex wp-block-buttons-is-layout-flex\">\n<div class=\"wp-block-button\"><a class=\"wp-block-button__link wp-element-button\" href=\"mailto:marketing@showdowndisplays.eu\">Demandez une visualisation graphique gratuite<\/a><\/div>\n<\/div>\n<\/div><figure class=\"wp-block-media-text__media\"><img data-aspectratio=\"450\/288\" src=\"data:image\/gif;base64,R0lGODlhAQABAIAAAAAAAP\/\/\/yH5BAEAAAAALAAAAAABAAEAAAIBRAA7\" decoding=\"async\" width=\"450\" height=\"288\" data-src=\"https:\/\/www.showdowndisplays.eu\/wp-content\/uploads\/2022\/07\/Graphic_Visualisation_Service_Example-FR.gif\" alt=\"\" class=\"wp-image-23134 size-full lazyload\"\/><noscript><img decoding=\"async\" width=\"450\" height=\"288\" src=\"https:\/\/www.showdowndisplays.eu\/wp-content\/uploads\/2022\/07\/Graphic_Visualisation_Service_Example-FR.gif\" alt=\"\" class=\"wp-image-23134 size-full\"\/><\/noscript><\/figure><\/div>\n\n\n\n<p><strong>Note :<\/strong> La visualisation graphique est une repr\u00e9sentation du visuel de votre produit. Les donn\u00e9es d&#8217;impression t\u00e9l\u00e9charg\u00e9es lors de la commande sont utilis\u00e9es dans le processus de production et NON dans la visualisation graphique.<\/p>\n<\/div><\/div>\n","protected":false},"excerpt":{"rendered":"<p>Comment recevoir une visualisation graphique ? Nous vous assistons dans votre processus de vente avec une visualisation de l&#8217;ensemble du&#8230;<\/p>\n","protected":false},"author":14,"featured_media":0,"parent":9312,"menu_order":0,"comment_status":"closed","ping_status":"closed","template":"","meta":{"_acf_changed":false,"footnotes":""},"class_list":["post-22532","page","type-page","status-publish","hentry"],"acf":[],"_links":{"self":[{"href":"https:\/\/www.showdowndisplays.eu\/fr\/wp-json\/wp\/v2\/pages\/22532","targetHints":{"allow":["GET"]}}],"collection":[{"href":"https:\/\/www.showdowndisplays.eu\/fr\/wp-json\/wp\/v2\/pages"}],"about":[{"href":"https:\/\/www.showdowndisplays.eu\/fr\/wp-json\/wp\/v2\/types\/page"}],"author":[{"embeddable":true,"href":"https:\/\/www.showdowndisplays.eu\/fr\/wp-json\/wp\/v2\/users\/14"}],"replies":[{"embeddable":true,"href":"https:\/\/www.showdowndisplays.eu\/fr\/wp-json\/wp\/v2\/comments?post=22532"}],"version-history":[{"count":7,"href":"https:\/\/www.showdowndisplays.eu\/fr\/wp-json\/wp\/v2\/pages\/22532\/revisions"}],"predecessor-version":[{"id":56017,"href":"https:\/\/www.showdowndisplays.eu\/fr\/wp-json\/wp\/v2\/pages\/22532\/revisions\/56017"}],"up":[{"embeddable":true,"href":"https:\/\/www.showdowndisplays.eu\/fr\/wp-json\/wp\/v2\/pages\/9312"}],"wp:attachment":[{"href":"https:\/\/www.showdowndisplays.eu\/fr\/wp-json\/wp\/v2\/media?parent=22532"}],"curies":[{"name":"wp","href":"https:\/\/api.w.org\/{rel}","templated":true}]}}