{"id":1473,"date":"2020-05-27T11:43:27","date_gmt":"2020-05-27T11:43:27","guid":{"rendered":"https:\/\/www.showdowndisplays.eu\/vacancies\/"},"modified":"2023-06-01T13:36:11","modified_gmt":"2023-06-01T13:36:11","slug":"offres-demploi","status":"publish","type":"page","link":"https:\/\/www.showdowndisplays.eu\/fr\/offres-demploi\/","title":{"rendered":"Offres d&#8217;emploi"},"content":{"rendered":"\n\n\n\n\n<h2 class=\"wp-block-heading\"><strong><strong>Relevez votre d\u00e9fi aupr\u00e8s de Showdown Displays Europe<\/strong><\/strong><\/h2>\n\n\n\n<p>Showdown Displays Europe est en plein essor, nous recherchons donc toujours des coll\u00e8gues enthousiastes et motiv\u00e9s pour rejoindre notre \u00e9quipe. Ajoutez cette page \u00e0 vos favoris, et surveillez-la de pr\u00e8s pour d\u00e9couvrir les postes et les opportunit\u00e9s que nous vous r\u00e9servons !<\/p>\n\n\n\n<p><strong>Vous souhaitez rejoindre notre \u00e9quipe ?<\/strong><\/p>\n\n\n\n<p>L\u2019un de nos postes vacants vous passionne ? Vous ne trouvez pas votre nouveau d\u00e9fi dans nos postes vacants ? Ou vous avez une question ? Adresser votre question \u00e0 <a rel=\"noreferrer noopener\" href=\"mailto:talent@showdowndisplays.eu\" target=\"_blank\">talent@showdowndisplays.eu<\/a>.<\/p>\n\n\n\n<p>Vous ne trouvez pas votre nouveau d\u00e9fi dans nos postes vacants ? Vous pouvez toujours m&#8217;envoyer une candidature spontan\u00e9e. Je r\u00e9pondrai \u00e0 votre e-mail dans les plus brefs d\u00e9lais.<\/p>\n\n\n\n<p>Nous esp\u00e9rons avoir de vos nouvelles !<\/p>\n\n\n\n<h2 class=\"wp-block-heading\"><strong>Postes vacants<\/strong><\/h2>\n","protected":false},"excerpt":{"rendered":"<p>Relevez votre d\u00e9fi aupr\u00e8s de Showdown Displays Europe Showdown Displays Europe est en plein essor, nous recherchons donc toujours des&#8230;<\/p>\n","protected":false},"author":3,"featured_media":0,"parent":0,"menu_order":0,"comment_status":"closed","ping_status":"closed","template":"template-pages\/vacancies.php","meta":{"_acf_changed":false,"footnotes":""},"class_list":["post-1473","page","type-page","status-publish","hentry"],"acf":[],"_links":{"self":[{"href":"https:\/\/www.showdowndisplays.eu\/fr\/wp-json\/wp\/v2\/pages\/1473","targetHints":{"allow":["GET"]}}],"collection":[{"href":"https:\/\/www.showdowndisplays.eu\/fr\/wp-json\/wp\/v2\/pages"}],"about":[{"href":"https:\/\/www.showdowndisplays.eu\/fr\/wp-json\/wp\/v2\/types\/page"}],"author":[{"embeddable":true,"href":"https:\/\/www.showdowndisplays.eu\/fr\/wp-json\/wp\/v2\/users\/3"}],"replies":[{"embeddable":true,"href":"https:\/\/www.showdowndisplays.eu\/fr\/wp-json\/wp\/v2\/comments?post=1473"}],"version-history":[{"count":13,"href":"https:\/\/www.showdowndisplays.eu\/fr\/wp-json\/wp\/v2\/pages\/1473\/revisions"}],"predecessor-version":[{"id":28196,"href":"https:\/\/www.showdowndisplays.eu\/fr\/wp-json\/wp\/v2\/pages\/1473\/revisions\/28196"}],"wp:attachment":[{"href":"https:\/\/www.showdowndisplays.eu\/fr\/wp-json\/wp\/v2\/media?parent=1473"}],"curies":[{"name":"wp","href":"https:\/\/api.w.org\/{rel}","templated":true}]}}