{"id":1461,"date":"2020-05-27T11:43:52","date_gmt":"2020-05-27T11:43:52","guid":{"rendered":"https:\/\/www.showdowndisplays.eu\/partnership\/"},"modified":"2024-03-01T08:52:04","modified_gmt":"2024-03-01T08:52:04","slug":"partenariat","status":"publish","type":"page","link":"https:\/\/www.showdowndisplays.eu\/fr\/partenariat\/","title":{"rendered":"Partenariat"},"content":{"rendered":"\n<div class=\"wp-block-media-text alignwide has-media-on-the-right is-stacked-on-mobile is-image-fill image-text-2\" style=\"grid-template-columns:auto 53%\"><div class=\"wp-block-media-text__content\">\n<h2 class=\"wp-block-heading\"><strong>Devenons partenaires<\/strong>!<\/h2>\n\n\n\n<p>La collaboration favorise la croissance&nbsp;! Consid\u00e9rez-nous comme votre conseiller personnel, qui vous accompagne \u00e0 chaque \u00e9tape, comprend vos besoins et vous fournit les ressources n\u00e9cessaires \u00e0 la r\u00e9ussite de votre entreprise.<\/p>\n\n\n\n<p>Nous sommes votre point de contact centralis\u00e9 pour les panneaux promotionnels, les syst\u00e8mes d\u2019affichage, les points de vente et la communication visuelle. Nous pouvons vous fournir un produit complet et facile \u00e0 utiliser, comprenant \u00e0 la fois le mat\u00e9riel et les visuels.<\/p>\n\n\n\n<p>Nos produits de pointe, notre expertise en mati\u00e8re de fabrication, nos services d\u2019impression, nos ressources en marketing cr\u00e9atif, notre soutien logistique, notre service client\u00e8le, et bien plus encore sont \u00e0 votre disposition. Unissons nos forces et grandissons\u00a0!<\/p>\n\n\n\n<p><strong>Uniquement pour les revendeurs<\/strong><\/p>\n<\/div><figure class=\"wp-block-media-text__media\" style=\"background-image:url(https:\/\/www.showdowndisplays.eu\/wp-content\/uploads\/2022\/12\/IMG_4420_edit.jpg);background-position:57% 72%\"><img data-aspectratio=\"672\/400\" src=\"data:image\/gif;base64,R0lGODlhAQABAIAAAAAAAP\/\/\/yH5BAEAAAAALAAAAAABAAEAAAIBRAA7\" decoding=\"async\" width=\"672\" height=\"400\" data-src=\"https:\/\/www.showdowndisplays.eu\/wp-content\/uploads\/2022\/12\/IMG_4420_edit.jpg\" alt=\"\" class=\"wp-image-26025 size-full lazyload\" data-srcset=\"https:\/\/www.showdowndisplays.eu\/wp-content\/uploads\/2022\/12\/IMG_4420_edit.jpg 672w, https:\/\/www.showdowndisplays.eu\/wp-content\/uploads\/2022\/12\/IMG_4420_edit-454x270.jpg 454w, https:\/\/www.showdowndisplays.eu\/wp-content\/uploads\/2022\/12\/IMG_4420_edit-380x226.jpg 380w, https:\/\/www.showdowndisplays.eu\/wp-content\/uploads\/2022\/12\/IMG_4420_edit-96x57.jpg 96w, https:\/\/www.showdowndisplays.eu\/wp-content\/uploads\/2022\/12\/IMG_4420_edit-200x119.jpg 200w\" sizes=\"(max-width: 672px) 100vw, 672px\" \/><noscript><img decoding=\"async\" width=\"672\" height=\"400\" src=\"https:\/\/www.showdowndisplays.eu\/wp-content\/uploads\/2022\/12\/IMG_4420_edit.jpg\" alt=\"\" class=\"wp-image-26025 size-full\" srcset=\"https:\/\/www.showdowndisplays.eu\/wp-content\/uploads\/2022\/12\/IMG_4420_edit.jpg 672w, https:\/\/www.showdowndisplays.eu\/wp-content\/uploads\/2022\/12\/IMG_4420_edit-454x270.jpg 454w, https:\/\/www.showdowndisplays.eu\/wp-content\/uploads\/2022\/12\/IMG_4420_edit-380x226.jpg 380w, https:\/\/www.showdowndisplays.eu\/wp-content\/uploads\/2022\/12\/IMG_4420_edit-96x57.jpg 96w, https:\/\/www.showdowndisplays.eu\/wp-content\/uploads\/2022\/12\/IMG_4420_edit-200x119.jpg 200w\" sizes=\"(max-width: 672px) 100vw, 672px\" \/><\/noscript><\/figure><\/div>\n\n\n\n<h3 class=\"wp-block-heading\"><strong>Le bon produit au bon moment<\/strong><\/h3>\n\n\n\n<ol class=\"wp-block-list\">\n<li>Consultez-nous en qualit\u00e9 de partenaire cr\u00e9atif personnel ayant une connaissance et une expertise du produit, de la r\u00e9gion et du march\u00e9 pour discuter de nouvelles possibilit\u00e9s de vente<\/li>\n\n\n\n<li>Faites-nous confiance pour g\u00e9rer l\u2019ensemble du processus, de la production de votre solution \u00e0 la livraison neutre \u00e0 votre client<\/li>\n\n\n\n<li>D\u00e9couvrez et r\u00e9agissez aux tendances et aux \u00e9volutions gr\u00e2ce \u00e0 nos services internes de fabrication et d\u2019impression en Europe<\/li>\n\n\n\n<li>Profitez de notre assistance marketing pour dynamiser votre entreprise, dites-nous comment nous pouvons vous aider\u2009!<\/li>\n\n\n\n<li>Commandez quand et o\u00f9 cela vous convient, gr\u00e2ce \u00e0 notre plateforme de revendeurs en ligne<\/li>\n<\/ol>\n\n\n\n<div class=\"wp-block-buttons is-layout-flex wp-block-buttons-is-layout-flex\">\n<div class=\"wp-block-button\"><a class=\"wp-block-button__link wp-element-button\" href=\"https:\/\/shop.showdowndisplays.eu\/index.php?route=account\/register\" target=\"_blank\" rel=\"noreferrer noopener\">Cr\u00e9ez un compte<\/a><\/div>\n<\/div>\n\n\n\n<div class=\"wp-block-columns columns-with-background is-layout-flex wp-container-core-columns-is-layout-9d6595d7 wp-block-columns-is-layout-flex\">\n<div class=\"wp-block-column is-layout-flow wp-block-column-is-layout-flow\"><div class=\"wp-block-image\">\n<figure class=\"aligncenter size-large is-resized\"><img data-aspectratio=\"400\/400\" src=\"data:image\/gif;base64,R0lGODlhAQABAIAAAAAAAP\/\/\/yH5BAEAAAAALAAAAAABAAEAAAIBRAA7\" decoding=\"async\" width=\"400\" height=\"400\" data-src=\"https:\/\/www.showdowndisplays.eu\/wp-content\/uploads\/2021\/02\/Icon_1.png\" alt=\"\" class=\"wp-image-7149 lazyload\" style=\"width:90px;height:90px\" data-srcset=\"https:\/\/www.showdowndisplays.eu\/wp-content\/uploads\/2021\/02\/Icon_1.png 400w, https:\/\/www.showdowndisplays.eu\/wp-content\/uploads\/2021\/02\/Icon_1-270x270.png 270w, https:\/\/www.showdowndisplays.eu\/wp-content\/uploads\/2021\/02\/Icon_1-380x380.png 380w, https:\/\/www.showdowndisplays.eu\/wp-content\/uploads\/2021\/02\/Icon_1-96x96.png 96w, https:\/\/www.showdowndisplays.eu\/wp-content\/uploads\/2021\/02\/Icon_1-200x200.png 200w\" sizes=\"(max-width: 400px) 100vw, 400px\" \/><noscript><img decoding=\"async\" width=\"400\" height=\"400\" src=\"https:\/\/www.showdowndisplays.eu\/wp-content\/uploads\/2021\/02\/Icon_1.png\" alt=\"\" class=\"wp-image-7149\" style=\"width:90px;height:90px\" srcset=\"https:\/\/www.showdowndisplays.eu\/wp-content\/uploads\/2021\/02\/Icon_1.png 400w, https:\/\/www.showdowndisplays.eu\/wp-content\/uploads\/2021\/02\/Icon_1-270x270.png 270w, https:\/\/www.showdowndisplays.eu\/wp-content\/uploads\/2021\/02\/Icon_1-380x380.png 380w, https:\/\/www.showdowndisplays.eu\/wp-content\/uploads\/2021\/02\/Icon_1-96x96.png 96w, https:\/\/www.showdowndisplays.eu\/wp-content\/uploads\/2021\/02\/Icon_1-200x200.png 200w\" sizes=\"(max-width: 400px) 100vw, 400px\" \/><\/noscript><\/figure>\n<\/div>\n\n\n<h4 class=\"wp-block-heading has-text-align-center\">1. <strong>Inscription<\/strong><\/h4>\n\n\n\n<p class=\"has-text-align-center\">Enregistrez-vous. Remplissez tous les champs et envoyez votre demande d\u2019inscription.<\/p>\n\n\n\n<div style=\"height:20px\" aria-hidden=\"true\" class=\"wp-block-spacer\"><\/div>\n\n\n\n<div class=\"wp-block-buttons is-content-justification-center is-layout-flex wp-container-core-buttons-is-layout-16018d1d wp-block-buttons-is-layout-flex\">\n<div class=\"wp-block-button\"><a class=\"wp-block-button__link has-black-color has-luminous-vivid-amber-background-color has-text-color has-background wp-element-button\" href=\"https:\/\/shop.showdowndisplays.eu\/index.php?route=account\/register\" target=\"_blank\" rel=\"noreferrer noopener\">S\u2019inscrire<\/a><\/div>\n<\/div>\n<\/div>\n\n\n\n<div class=\"wp-block-column is-layout-flow wp-block-column-is-layout-flow\"><div class=\"wp-block-image\">\n<figure class=\"aligncenter size-large is-resized\"><img data-aspectratio=\"400\/400\" src=\"data:image\/gif;base64,R0lGODlhAQABAIAAAAAAAP\/\/\/yH5BAEAAAAALAAAAAABAAEAAAIBRAA7\" decoding=\"async\" width=\"400\" height=\"400\" data-src=\"https:\/\/www.showdowndisplays.eu\/wp-content\/uploads\/2021\/02\/Icon_2.png\" alt=\"\" class=\"wp-image-7156 lazyload\" style=\"width:90px;height:90px\" data-srcset=\"https:\/\/www.showdowndisplays.eu\/wp-content\/uploads\/2021\/02\/Icon_2.png 400w, https:\/\/www.showdowndisplays.eu\/wp-content\/uploads\/2021\/02\/Icon_2-270x270.png 270w, https:\/\/www.showdowndisplays.eu\/wp-content\/uploads\/2021\/02\/Icon_2-380x380.png 380w, https:\/\/www.showdowndisplays.eu\/wp-content\/uploads\/2021\/02\/Icon_2-96x96.png 96w, https:\/\/www.showdowndisplays.eu\/wp-content\/uploads\/2021\/02\/Icon_2-200x200.png 200w\" sizes=\"(max-width: 400px) 100vw, 400px\" \/><noscript><img decoding=\"async\" width=\"400\" height=\"400\" src=\"https:\/\/www.showdowndisplays.eu\/wp-content\/uploads\/2021\/02\/Icon_2.png\" alt=\"\" class=\"wp-image-7156\" style=\"width:90px;height:90px\" srcset=\"https:\/\/www.showdowndisplays.eu\/wp-content\/uploads\/2021\/02\/Icon_2.png 400w, https:\/\/www.showdowndisplays.eu\/wp-content\/uploads\/2021\/02\/Icon_2-270x270.png 270w, https:\/\/www.showdowndisplays.eu\/wp-content\/uploads\/2021\/02\/Icon_2-380x380.png 380w, https:\/\/www.showdowndisplays.eu\/wp-content\/uploads\/2021\/02\/Icon_2-96x96.png 96w, https:\/\/www.showdowndisplays.eu\/wp-content\/uploads\/2021\/02\/Icon_2-200x200.png 200w\" sizes=\"(max-width: 400px) 100vw, 400px\" \/><\/noscript><\/figure>\n<\/div>\n\n\n<h4 class=\"wp-block-heading has-text-align-center\">2. <strong>Validation du compte<\/strong><\/h4>\n\n\n\n<p class=\"has-text-align-center\">Votre demande sera transmise \u00e0 votre \u00e9quipe de vente personnelle. Nous examinerons votre demande et nous assurerons de disposer des informations correctes li\u00e9es \u00e0 votre profil.<\/p>\n<\/div>\n\n\n\n<div class=\"wp-block-column is-layout-flow wp-block-column-is-layout-flow\"><div class=\"wp-block-image\">\n<figure class=\"aligncenter size-large is-resized\"><img data-aspectratio=\"400\/400\" src=\"data:image\/gif;base64,R0lGODlhAQABAIAAAAAAAP\/\/\/yH5BAEAAAAALAAAAAABAAEAAAIBRAA7\" decoding=\"async\" width=\"400\" height=\"400\" data-src=\"https:\/\/www.showdowndisplays.eu\/wp-content\/uploads\/2021\/02\/Icon_3.png\" alt=\"\" class=\"wp-image-7163 lazyload\" style=\"width:90px;height:90px\" data-srcset=\"https:\/\/www.showdowndisplays.eu\/wp-content\/uploads\/2021\/02\/Icon_3.png 400w, https:\/\/www.showdowndisplays.eu\/wp-content\/uploads\/2021\/02\/Icon_3-270x270.png 270w, https:\/\/www.showdowndisplays.eu\/wp-content\/uploads\/2021\/02\/Icon_3-380x380.png 380w, https:\/\/www.showdowndisplays.eu\/wp-content\/uploads\/2021\/02\/Icon_3-96x96.png 96w, https:\/\/www.showdowndisplays.eu\/wp-content\/uploads\/2021\/02\/Icon_3-200x200.png 200w\" sizes=\"(max-width: 400px) 100vw, 400px\" \/><noscript><img decoding=\"async\" width=\"400\" height=\"400\" src=\"https:\/\/www.showdowndisplays.eu\/wp-content\/uploads\/2021\/02\/Icon_3.png\" alt=\"\" class=\"wp-image-7163\" style=\"width:90px;height:90px\" srcset=\"https:\/\/www.showdowndisplays.eu\/wp-content\/uploads\/2021\/02\/Icon_3.png 400w, https:\/\/www.showdowndisplays.eu\/wp-content\/uploads\/2021\/02\/Icon_3-270x270.png 270w, https:\/\/www.showdowndisplays.eu\/wp-content\/uploads\/2021\/02\/Icon_3-380x380.png 380w, https:\/\/www.showdowndisplays.eu\/wp-content\/uploads\/2021\/02\/Icon_3-96x96.png 96w, https:\/\/www.showdowndisplays.eu\/wp-content\/uploads\/2021\/02\/Icon_3-200x200.png 200w\" sizes=\"(max-width: 400px) 100vw, 400px\" \/><\/noscript><\/figure>\n<\/div>\n\n\n<h4 class=\"wp-block-heading has-text-align-center\"><strong>3. Confirmation<\/strong><\/h4>\n\n\n\n<p class=\"has-text-align-center\">Vous recevrez une confirmation que votre compte est sans erreur. Vous pouvez d\u00e9sormais consulter tous nos produits, voir les prix et v\u00e9rifier les informations sur les stocks, et t\u00e9l\u00e9charger des documents suppl\u00e9mentaires. Allons faire du shopping !<\/p>\n<\/div>\n<\/div>\n\n\n\n<div class=\"wp-block-media-text alignwide is-stacked-on-mobile is-image-fill image-text-2\" style=\"grid-template-columns:53% auto\"><figure class=\"wp-block-media-text__media\" style=\"background-image:url(https:\/\/www.showdowndisplays.eu\/wp-content\/uploads\/2021\/05\/Foto-website-marketing-materials.jpg);background-position:96% 53%\"><img data-aspectratio=\"1024\/768\" src=\"data:image\/gif;base64,R0lGODlhAQABAIAAAAAAAP\/\/\/yH5BAEAAAAALAAAAAABAAEAAAIBRAA7\" decoding=\"async\" width=\"1024\" height=\"768\" data-src=\"https:\/\/www.showdowndisplays.eu\/wp-content\/uploads\/2021\/05\/Foto-website-marketing-materials.jpg\" alt=\"\" class=\"wp-image-11171 size-full lazyload\" data-srcset=\"https:\/\/www.showdowndisplays.eu\/wp-content\/uploads\/2021\/05\/Foto-website-marketing-materials.jpg 1024w, https:\/\/www.showdowndisplays.eu\/wp-content\/uploads\/2021\/05\/Foto-website-marketing-materials-360x270.jpg 360w, https:\/\/www.showdowndisplays.eu\/wp-content\/uploads\/2021\/05\/Foto-website-marketing-materials-768x576.jpg 768w, https:\/\/www.showdowndisplays.eu\/wp-content\/uploads\/2021\/05\/Foto-website-marketing-materials-380x285.jpg 380w, https:\/\/www.showdowndisplays.eu\/wp-content\/uploads\/2021\/05\/Foto-website-marketing-materials-96x72.jpg 96w, https:\/\/www.showdowndisplays.eu\/wp-content\/uploads\/2021\/05\/Foto-website-marketing-materials-200x150.jpg 200w\" sizes=\"(max-width: 1024px) 100vw, 1024px\" \/><noscript><img decoding=\"async\" width=\"1024\" height=\"768\" src=\"https:\/\/www.showdowndisplays.eu\/wp-content\/uploads\/2021\/05\/Foto-website-marketing-materials.jpg\" alt=\"\" class=\"wp-image-11171 size-full\" srcset=\"https:\/\/www.showdowndisplays.eu\/wp-content\/uploads\/2021\/05\/Foto-website-marketing-materials.jpg 1024w, https:\/\/www.showdowndisplays.eu\/wp-content\/uploads\/2021\/05\/Foto-website-marketing-materials-360x270.jpg 360w, https:\/\/www.showdowndisplays.eu\/wp-content\/uploads\/2021\/05\/Foto-website-marketing-materials-768x576.jpg 768w, https:\/\/www.showdowndisplays.eu\/wp-content\/uploads\/2021\/05\/Foto-website-marketing-materials-380x285.jpg 380w, https:\/\/www.showdowndisplays.eu\/wp-content\/uploads\/2021\/05\/Foto-website-marketing-materials-96x72.jpg 96w, https:\/\/www.showdowndisplays.eu\/wp-content\/uploads\/2021\/05\/Foto-website-marketing-materials-200x150.jpg 200w\" sizes=\"(max-width: 1024px) 100vw, 1024px\" \/><\/noscript><\/figure><div class=\"wp-block-media-text__content\">\n<h3 class=\"wp-block-heading\"><strong><strong>Commandez o\u00f9 et quand vous le d\u00e9sirez<\/strong><\/strong><\/h3>\n\n\n\n<p>Notre plateforme en ligne vous permet de d\u00e9couvrir les produits et de passer vos commandes o\u00f9 et quand vous le souhaitez. La plateforme fournit toutes les informations dont vous avez besoin&nbsp;: notre assortiment complet, le stock disponible et la date d\u2019exp\u00e9dition estim\u00e9e en un seul coup d\u2019\u0153il.<\/p>\n\n\n\n<p>De plus, votre compte personnel vous permet d\u2019acc\u00e9der \u00e0 divers supports marketing tels que des photos de produits, des vid\u00e9os d\u2019instruction, des fiches de produits, des mod\u00e8les d\u2019impression, etc. D\u00e9couvrez-le par vous-m\u00eame&nbsp;!<\/p>\n\n\n\n<p>Vous avez des questions ou vous voulez savoir ce que nous pouvons faire l\u2019un pour l\u2019autre ? Appelez-nous au <a href=\"tel:+31 (0)85-0660330\">+31 (0)85-0660330<\/a> ou adressez-nous un email \u00e0 <a href=\"mailto:quotation@showdowndisplays.eu\">quotation@showdowndisplays.eu<\/a>. <\/p>\n<\/div><\/div>\n\n\n\n<div style=\"height:20px\" aria-hidden=\"true\" class=\"wp-block-spacer\"><\/div>\n\n\n\n<h2 class=\"wp-block-heading has-text-align-center\">Pages li\u00e9es<\/h2>\n\n\n    <div class=\"marketing\">\r\n                                <div class=\"marketing__item marketing__item--3\">\r\n\r\n                <div class=\"marketing__image\">\r\n                    <img data-aspectratio=\"380\/238\" decoding=\"async\" width=\"380\" height=\"238\" data-aspectratio=\"380\/238\" src=\"data:image\/gif;base64,R0lGODlhAQABAIAAAAAAAP\/\/\/yH5BAEAAAAALAAAAAABAAEAAAIBRAA7\" data-src=\"https:\/\/www.showdowndisplays.eu\/wp-content\/uploads\/2021\/08\/Customisation_Related-pages-380x238.jpg\" class=\"attachment-about-us size-about-us lazyload\" alt=\"Showdown-customisation\" data-srcset=\"https:\/\/www.showdowndisplays.eu\/wp-content\/uploads\/2021\/08\/Customisation_Related-pages-380x238.jpg 380w, https:\/\/www.showdowndisplays.eu\/wp-content\/uploads\/2021\/08\/Customisation_Related-pages-432x270.jpg 432w, https:\/\/www.showdowndisplays.eu\/wp-content\/uploads\/2021\/08\/Customisation_Related-pages-768x480.jpg 768w, https:\/\/www.showdowndisplays.eu\/wp-content\/uploads\/2021\/08\/Customisation_Related-pages-96x60.jpg 96w, https:\/\/www.showdowndisplays.eu\/wp-content\/uploads\/2021\/08\/Customisation_Related-pages-200x125.jpg 200w, https:\/\/www.showdowndisplays.eu\/wp-content\/uploads\/2021\/08\/Customisation_Related-pages.jpg 800w\" sizes=\"(max-width: 380px) 100vw, 380px\" \/><noscript><img decoding=\"async\" width=\"380\" height=\"238\" data-aspectratio=\"380\/238\" src=\"data:image\/gif;base64,R0lGODlhAQABAIAAAAAAAP\/\/\/yH5BAEAAAAALAAAAAABAAEAAAIBRAA7\" data-src=\"https:\/\/www.showdowndisplays.eu\/wp-content\/uploads\/2021\/08\/Customisation_Related-pages-380x238.jpg\" class=\"attachment-about-us size-about-us lazyload\" alt=\"Showdown-customisation\" data-srcset=\"https:\/\/www.showdowndisplays.eu\/wp-content\/uploads\/2021\/08\/Customisation_Related-pages-380x238.jpg 380w, https:\/\/www.showdowndisplays.eu\/wp-content\/uploads\/2021\/08\/Customisation_Related-pages-432x270.jpg 432w, https:\/\/www.showdowndisplays.eu\/wp-content\/uploads\/2021\/08\/Customisation_Related-pages-768x480.jpg 768w, https:\/\/www.showdowndisplays.eu\/wp-content\/uploads\/2021\/08\/Customisation_Related-pages-96x60.jpg 96w, https:\/\/www.showdowndisplays.eu\/wp-content\/uploads\/2021\/08\/Customisation_Related-pages-200x125.jpg 200w, https:\/\/www.showdowndisplays.eu\/wp-content\/uploads\/2021\/08\/Customisation_Related-pages.jpg 800w\" sizes=\"(max-width: 380px) 100vw, 380px\" \/><\/noscript>                <\/div>\r\n                <div class=\"marketing__content-wrapper global-style\">\r\n                                            <div class=\"marketing__title-wrapper\">\r\n                            <h3>Personnalisation<\/h3>\r\n                        <\/div>\r\n                                        <div class=\"marketing__content\">\r\n                                            <\/div>\r\n                <\/div>\r\n\r\n                                    <a href=\"https:\/\/www.showdowndisplays.eu\/fr\/personnalisation\/\"  class=\"marketing__read-more link-with-arrow link-with-arrow--blue\">En savoir plus<\/a>\r\n                \r\n            <\/div>\r\n\r\n                                <div class=\"marketing__item marketing__item--3\">\r\n\r\n                <div class=\"marketing__image\">\r\n                    <img data-aspectratio=\"380\/238\" decoding=\"async\" width=\"380\" height=\"238\" data-aspectratio=\"380\/238\" src=\"data:image\/gif;base64,R0lGODlhAQABAIAAAAAAAP\/\/\/yH5BAEAAAAALAAAAAABAAEAAAIBRAA7\" data-src=\"https:\/\/www.showdowndisplays.eu\/wp-content\/uploads\/2021\/01\/Product-photos-and-videos-3-380x238.jpg\" class=\"attachment-about-us size-about-us lazyload\" alt=\" width\" data-srcset=\"https:\/\/www.showdowndisplays.eu\/wp-content\/uploads\/2021\/01\/Product-photos-and-videos-3-380x238.jpg 380w, https:\/\/www.showdowndisplays.eu\/wp-content\/uploads\/2021\/01\/Product-photos-and-videos-3-432x270.jpg 432w, https:\/\/www.showdowndisplays.eu\/wp-content\/uploads\/2021\/01\/Product-photos-and-videos-3-1024x640.jpg 1024w, https:\/\/www.showdowndisplays.eu\/wp-content\/uploads\/2021\/01\/Product-photos-and-videos-3-768x480.jpg 768w, https:\/\/www.showdowndisplays.eu\/wp-content\/uploads\/2021\/01\/Product-photos-and-videos-3-1536x960.jpg 1536w, https:\/\/www.showdowndisplays.eu\/wp-content\/uploads\/2021\/01\/Product-photos-and-videos-3-96x60.jpg 96w, https:\/\/www.showdowndisplays.eu\/wp-content\/uploads\/2021\/01\/Product-photos-and-videos-3-200x125.jpg 200w, https:\/\/www.showdowndisplays.eu\/wp-content\/uploads\/2021\/01\/Product-photos-and-videos-3.jpg 1600w\" sizes=\"(max-width: 380px) 100vw, 380px\" \/><noscript><img decoding=\"async\" width=\"380\" height=\"238\" data-aspectratio=\"380\/238\" src=\"data:image\/gif;base64,R0lGODlhAQABAIAAAAAAAP\/\/\/yH5BAEAAAAALAAAAAABAAEAAAIBRAA7\" data-src=\"https:\/\/www.showdowndisplays.eu\/wp-content\/uploads\/2021\/01\/Product-photos-and-videos-3-380x238.jpg\" class=\"attachment-about-us size-about-us lazyload\" alt=\" width\" data-srcset=\"https:\/\/www.showdowndisplays.eu\/wp-content\/uploads\/2021\/01\/Product-photos-and-videos-3-380x238.jpg 380w, https:\/\/www.showdowndisplays.eu\/wp-content\/uploads\/2021\/01\/Product-photos-and-videos-3-432x270.jpg 432w, https:\/\/www.showdowndisplays.eu\/wp-content\/uploads\/2021\/01\/Product-photos-and-videos-3-1024x640.jpg 1024w, https:\/\/www.showdowndisplays.eu\/wp-content\/uploads\/2021\/01\/Product-photos-and-videos-3-768x480.jpg 768w, https:\/\/www.showdowndisplays.eu\/wp-content\/uploads\/2021\/01\/Product-photos-and-videos-3-1536x960.jpg 1536w, https:\/\/www.showdowndisplays.eu\/wp-content\/uploads\/2021\/01\/Product-photos-and-videos-3-96x60.jpg 96w, https:\/\/www.showdowndisplays.eu\/wp-content\/uploads\/2021\/01\/Product-photos-and-videos-3-200x125.jpg 200w, https:\/\/www.showdowndisplays.eu\/wp-content\/uploads\/2021\/01\/Product-photos-and-videos-3.jpg 1600w\" sizes=\"(max-width: 380px) 100vw, 380px\" \/><\/noscript>                <\/div>\r\n                <div class=\"marketing__content-wrapper global-style\">\r\n                                            <div class=\"marketing__title-wrapper\">\r\n                            <h3>Support marketing<\/h3>\r\n                        <\/div>\r\n                                        <div class=\"marketing__content\">\r\n                                            <\/div>\r\n                <\/div>\r\n\r\n                                    <a href=\"https:\/\/www.showdowndisplays.eu\/fr\/support-marketing\/\"  class=\"marketing__read-more link-with-arrow link-with-arrow--blue\">En savoir plus<\/a>\r\n                \r\n            <\/div>\r\n\r\n                                <div class=\"marketing__item marketing__item--3\">\r\n\r\n                <div class=\"marketing__image\">\r\n                    <img data-aspectratio=\"380\/238\" decoding=\"async\" width=\"380\" height=\"238\" data-aspectratio=\"380\/238\" src=\"data:image\/gif;base64,R0lGODlhAQABAIAAAAAAAP\/\/\/yH5BAEAAAAALAAAAAABAAEAAAIBRAA7\" data-src=\"https:\/\/www.showdowndisplays.eu\/wp-content\/uploads\/2022\/06\/MicrosoftTeams-image-74.jpg\" class=\"attachment-about-us size-about-us lazyload\" alt=\"Wind Turbines In Oiz Eolic Park. Basque Country\" data-srcset=\"https:\/\/www.showdowndisplays.eu\/wp-content\/uploads\/2022\/06\/MicrosoftTeams-image-74.jpg 380w, https:\/\/www.showdowndisplays.eu\/wp-content\/uploads\/2022\/06\/MicrosoftTeams-image-74-96x60.jpg 96w, https:\/\/www.showdowndisplays.eu\/wp-content\/uploads\/2022\/06\/MicrosoftTeams-image-74-200x125.jpg 200w\" sizes=\"(max-width: 380px) 100vw, 380px\" \/><noscript><img decoding=\"async\" width=\"380\" height=\"238\" data-aspectratio=\"380\/238\" src=\"data:image\/gif;base64,R0lGODlhAQABAIAAAAAAAP\/\/\/yH5BAEAAAAALAAAAAABAAEAAAIBRAA7\" data-src=\"https:\/\/www.showdowndisplays.eu\/wp-content\/uploads\/2022\/06\/MicrosoftTeams-image-74.jpg\" class=\"attachment-about-us size-about-us lazyload\" alt=\"Wind Turbines In Oiz Eolic Park. Basque Country\" data-srcset=\"https:\/\/www.showdowndisplays.eu\/wp-content\/uploads\/2022\/06\/MicrosoftTeams-image-74.jpg 380w, https:\/\/www.showdowndisplays.eu\/wp-content\/uploads\/2022\/06\/MicrosoftTeams-image-74-96x60.jpg 96w, https:\/\/www.showdowndisplays.eu\/wp-content\/uploads\/2022\/06\/MicrosoftTeams-image-74-200x125.jpg 200w\" sizes=\"(max-width: 380px) 100vw, 380px\" \/><\/noscript>                <\/div>\r\n                <div class=\"marketing__content-wrapper global-style\">\r\n                                            <div class=\"marketing__title-wrapper\">\r\n                            <h3>Responsabilit\u00e9 sociale de notre entreprise<\/h3>\r\n                        <\/div>\r\n                                        <div class=\"marketing__content\">\r\n                                            <\/div>\r\n                <\/div>\r\n\r\n                                    <a href=\"https:\/\/www.showdowndisplays.eu\/fr\/responsabilite-sociale-de-notre-entreprise\/\"  class=\"marketing__read-more link-with-arrow link-with-arrow--blue\">En savoir plus<\/a>\r\n                \r\n            <\/div>\r\n\r\n            <\/div>\r\n","protected":false},"excerpt":{"rendered":"<p>Devenons partenaires! La collaboration favorise la croissance&nbsp;! Consid\u00e9rez-nous comme votre conseiller personnel, qui vous accompagne \u00e0 chaque \u00e9tape, comprend vos&#8230;<\/p>\n","protected":false},"author":3,"featured_media":0,"parent":0,"menu_order":0,"comment_status":"closed","ping_status":"closed","template":"","meta":{"_acf_changed":false,"footnotes":""},"class_list":["post-1461","page","type-page","status-publish","hentry"],"acf":[],"_links":{"self":[{"href":"https:\/\/www.showdowndisplays.eu\/fr\/wp-json\/wp\/v2\/pages\/1461","targetHints":{"allow":["GET"]}}],"collection":[{"href":"https:\/\/www.showdowndisplays.eu\/fr\/wp-json\/wp\/v2\/pages"}],"about":[{"href":"https:\/\/www.showdowndisplays.eu\/fr\/wp-json\/wp\/v2\/types\/page"}],"author":[{"embeddable":true,"href":"https:\/\/www.showdowndisplays.eu\/fr\/wp-json\/wp\/v2\/users\/3"}],"replies":[{"embeddable":true,"href":"https:\/\/www.showdowndisplays.eu\/fr\/wp-json\/wp\/v2\/comments?post=1461"}],"version-history":[{"count":30,"href":"https:\/\/www.showdowndisplays.eu\/fr\/wp-json\/wp\/v2\/pages\/1461\/revisions"}],"predecessor-version":[{"id":33982,"href":"https:\/\/www.showdowndisplays.eu\/fr\/wp-json\/wp\/v2\/pages\/1461\/revisions\/33982"}],"wp:attachment":[{"href":"https:\/\/www.showdowndisplays.eu\/fr\/wp-json\/wp\/v2\/media?parent=1461"}],"curies":[{"name":"wp","href":"https:\/\/api.w.org\/{rel}","templated":true}]}}