{"id":12323,"date":"2021-04-30T12:56:55","date_gmt":"2021-04-30T12:56:55","guid":{"rendered":"https:\/\/www.showdowndisplays.eu\/services\/"},"modified":"2025-12-17T14:42:38","modified_gmt":"2025-12-17T14:42:38","slug":"services","status":"publish","type":"page","link":"https:\/\/www.showdowndisplays.eu\/fr\/services\/","title":{"rendered":"Services"},"content":{"rendered":"\n<div class=\"wp-block-group\"><div class=\"wp-block-group__inner-container is-layout-flow wp-block-group-is-layout-flow\">\n<h6 class=\"wp-block-heading has-text-align-center\"><a href=\"#print-services\">Services d\u2019impression<\/a>  \u2022  <a href=\"#drop-shipment\">Exp\u00e9dition directe<\/a>  \u2022  <a href=\"#marketing-support\">Support marketing<\/a>  \u2022  <a href=\"#customisation\">Personnalisation<\/a><\/h6>\n<\/div><\/div>\n\n\n\n<div style=\"height:30px\" aria-hidden=\"true\" class=\"wp-block-spacer\"><\/div>\n\n\n\n<div class=\"wp-block-media-text alignwide has-media-on-the-right is-stacked-on-mobile is-image-fill-element image-text-2\"><div class=\"wp-block-media-text__content\">\n<div style=\"height:20px\" aria-hidden=\"true\" class=\"wp-block-spacer\"><\/div>\n\n\n\n<h4 class=\"wp-block-heading\" id=\"print-services\">Services d\u2019impression<\/h4>\n\n\n\n<h2 class=\"wp-block-heading\">Un guichet unique pour votre produit pr\u00eat \u00e0 l\u2019emploi<\/h2>\n\n\n\n<p>Obtenez votre produit pr\u00eat \u00e0 l\u2019emploi aupr\u00e8s d\u2019un seul partenaire et \u00e0 un seul endroit&nbsp;! Gr\u00e2ce \u00e0 notre unit\u00e9 de production et d\u2019impression interne en R\u00e9publique tch\u00e8que, nous pouvons satisfaire vos besoins en mat\u00e9riel d\u2019affichage et en impression.<\/p>\n\n\n\n<div class=\"wp-block-buttons is-layout-flex wp-block-buttons-is-layout-flex\">\n<div class=\"wp-block-button\"><a class=\"wp-block-button__link wp-element-button\" href=\"https:\/\/www.showdowndisplays.eu\/fr\/services\/print-services-2\/\" target=\"_blank\" rel=\"noreferrer noopener\">D\u00e9couvrez nos services d\u2019impression<\/a><\/div>\n<\/div>\n\n\n\n<div style=\"height:20px\" aria-hidden=\"true\" class=\"wp-block-spacer\"><\/div>\n<\/div><figure class=\"wp-block-media-text__media\"><img data-aspectratio=\"1024\/683\" src=\"data:image\/gif;base64,R0lGODlhAQABAIAAAAAAAP\/\/\/yH5BAEAAAAALAAAAAABAAEAAAIBRAA7\" decoding=\"async\" width=\"1024\" height=\"683\" data-src=\"https:\/\/www.showdowndisplays.eu\/wp-content\/uploads\/2022\/07\/Print-services_landscape_up.jpg\" alt=\"\" class=\"wp-image-23957 size-full lazyload\" style=\"object-position:50% 50%\" data-srcset=\"https:\/\/www.showdowndisplays.eu\/wp-content\/uploads\/2022\/07\/Print-services_landscape_up.jpg 1024w, https:\/\/www.showdowndisplays.eu\/wp-content\/uploads\/2022\/07\/Print-services_landscape_up-405x270.jpg 405w, https:\/\/www.showdowndisplays.eu\/wp-content\/uploads\/2022\/07\/Print-services_landscape_up-768x512.jpg 768w, https:\/\/www.showdowndisplays.eu\/wp-content\/uploads\/2022\/07\/Print-services_landscape_up-380x253.jpg 380w, https:\/\/www.showdowndisplays.eu\/wp-content\/uploads\/2022\/07\/Print-services_landscape_up-96x64.jpg 96w, https:\/\/www.showdowndisplays.eu\/wp-content\/uploads\/2022\/07\/Print-services_landscape_up-200x133.jpg 200w\" sizes=\"(max-width: 1024px) 100vw, 1024px\" \/><noscript><img decoding=\"async\" width=\"1024\" height=\"683\" src=\"https:\/\/www.showdowndisplays.eu\/wp-content\/uploads\/2022\/07\/Print-services_landscape_up.jpg\" alt=\"\" class=\"wp-image-23957 size-full\" style=\"object-position:50% 50%\" srcset=\"https:\/\/www.showdowndisplays.eu\/wp-content\/uploads\/2022\/07\/Print-services_landscape_up.jpg 1024w, https:\/\/www.showdowndisplays.eu\/wp-content\/uploads\/2022\/07\/Print-services_landscape_up-405x270.jpg 405w, https:\/\/www.showdowndisplays.eu\/wp-content\/uploads\/2022\/07\/Print-services_landscape_up-768x512.jpg 768w, https:\/\/www.showdowndisplays.eu\/wp-content\/uploads\/2022\/07\/Print-services_landscape_up-380x253.jpg 380w, https:\/\/www.showdowndisplays.eu\/wp-content\/uploads\/2022\/07\/Print-services_landscape_up-96x64.jpg 96w, https:\/\/www.showdowndisplays.eu\/wp-content\/uploads\/2022\/07\/Print-services_landscape_up-200x133.jpg 200w\" sizes=\"(max-width: 1024px) 100vw, 1024px\" \/><\/noscript><\/figure><\/div>\n\n\n\n<div style=\"height:20px\" aria-hidden=\"true\" class=\"wp-block-spacer\"><\/div>\n\n\n\n<div class=\"wp-block-media-text alignwide is-stacked-on-mobile is-image-fill-element\"><figure class=\"wp-block-media-text__media\"><img data-aspectratio=\"1024\/683\" src=\"data:image\/gif;base64,R0lGODlhAQABAIAAAAAAAP\/\/\/yH5BAEAAAAALAAAAAABAAEAAAIBRAA7\" decoding=\"async\" width=\"1024\" height=\"683\" data-src=\"https:\/\/www.showdowndisplays.eu\/wp-content\/uploads\/2023\/01\/Dropshipment-3.jpg\" alt=\"\" class=\"wp-image-26154 size-full lazyload\" style=\"object-position:47% 50%\" data-srcset=\"https:\/\/www.showdowndisplays.eu\/wp-content\/uploads\/2023\/01\/Dropshipment-3.jpg 1024w, https:\/\/www.showdowndisplays.eu\/wp-content\/uploads\/2023\/01\/Dropshipment-3-405x270.jpg 405w, https:\/\/www.showdowndisplays.eu\/wp-content\/uploads\/2023\/01\/Dropshipment-3-768x512.jpg 768w, https:\/\/www.showdowndisplays.eu\/wp-content\/uploads\/2023\/01\/Dropshipment-3-380x253.jpg 380w, https:\/\/www.showdowndisplays.eu\/wp-content\/uploads\/2023\/01\/Dropshipment-3-96x64.jpg 96w, https:\/\/www.showdowndisplays.eu\/wp-content\/uploads\/2023\/01\/Dropshipment-3-200x133.jpg 200w\" sizes=\"(max-width: 1024px) 100vw, 1024px\" \/><noscript><img decoding=\"async\" width=\"1024\" height=\"683\" src=\"https:\/\/www.showdowndisplays.eu\/wp-content\/uploads\/2023\/01\/Dropshipment-3.jpg\" alt=\"\" class=\"wp-image-26154 size-full\" style=\"object-position:47% 50%\" srcset=\"https:\/\/www.showdowndisplays.eu\/wp-content\/uploads\/2023\/01\/Dropshipment-3.jpg 1024w, https:\/\/www.showdowndisplays.eu\/wp-content\/uploads\/2023\/01\/Dropshipment-3-405x270.jpg 405w, https:\/\/www.showdowndisplays.eu\/wp-content\/uploads\/2023\/01\/Dropshipment-3-768x512.jpg 768w, https:\/\/www.showdowndisplays.eu\/wp-content\/uploads\/2023\/01\/Dropshipment-3-380x253.jpg 380w, https:\/\/www.showdowndisplays.eu\/wp-content\/uploads\/2023\/01\/Dropshipment-3-96x64.jpg 96w, https:\/\/www.showdowndisplays.eu\/wp-content\/uploads\/2023\/01\/Dropshipment-3-200x133.jpg 200w\" sizes=\"(max-width: 1024px) 100vw, 1024px\" \/><\/noscript><\/figure><div class=\"wp-block-media-text__content\">\n<div style=\"height:20px\" aria-hidden=\"true\" class=\"wp-block-spacer\"><\/div>\n\n\n\n<h4 class=\"wp-block-heading\" id=\"drop-shipment\">Exp\u00e9dition directe<\/h4>\n\n\n\n<h2 class=\"wp-block-heading\">R\u00e9duisez les d\u00e9lais de livraison gr\u00e2ce \u00e0 l\u2019exp\u00e9dition directe<\/h2>\n\n\n\n<p>Servez vos clients encore plus rapidement en utilisant notre service de livraison directe. Nous envoyons directement votre commande \u00e0 votre client, sans intervention de votre part. Vous pouvez m\u00eame ajouter votre propre bordereau de livraison avec votre logo, si vous le souhaitez.<\/p>\n\n\n\n<div class=\"wp-block-buttons is-layout-flex wp-block-buttons-is-layout-flex\">\n<div class=\"wp-block-button\"><a class=\"wp-block-button__link wp-element-button\" href=\"https:\/\/www.showdowndisplays.eu\/fr\/drop-shipment-service-voor-resellers\/\">D\u00e9couvrez-en plus sur le dropshipping<\/a><\/div>\n<\/div>\n<\/div><\/div>\n\n\n\n<div style=\"height:20px\" aria-hidden=\"true\" class=\"wp-block-spacer\"><\/div>\n\n\n\n<div class=\"wp-block-media-text alignwide has-media-on-the-right is-stacked-on-mobile is-image-fill-element image-text-2\"><div class=\"wp-block-media-text__content\">\n<div style=\"height:20px\" aria-hidden=\"true\" class=\"wp-block-spacer\"><\/div>\n\n\n\n<h4 class=\"wp-block-heading\" id=\"marketing-support\">Support marketing<\/h4>\n\n\n\n<h2 class=\"wp-block-heading\">Permettez-nous de vous aider avec votre mat\u00e9riel de marketing<\/h2>\n\n\n\n<p>Nous vous fournissons tout ce dont vous avez besoin pour promouvoir nos produits aupr\u00e8s de vos clients et pour vous aider \u00e0 vendre. En tant que client, vous avez acc\u00e8s \u00e0 divers outils et services qui vous aident \u00e0 stimuler vos ventes.<\/p>\n\n\n\n<div class=\"wp-block-buttons is-layout-flex wp-block-buttons-is-layout-flex\">\n<div class=\"wp-block-button\"><a class=\"wp-block-button__link wp-element-button\" href=\"https:\/\/www.showdowndisplays.eu\/fr\/support-marketing\/\">D\u00e9couvrez notre assistance marketing<\/a><\/div>\n<\/div>\n\n\n\n<div style=\"height:20px\" aria-hidden=\"true\" class=\"wp-block-spacer\"><\/div>\n<\/div><figure class=\"wp-block-media-text__media\"><img data-aspectratio=\"1024\/591\" src=\"data:image\/gif;base64,R0lGODlhAQABAIAAAAAAAP\/\/\/yH5BAEAAAAALAAAAAABAAEAAAIBRAA7\" decoding=\"async\" width=\"1024\" height=\"591\" data-src=\"https:\/\/www.showdowndisplays.eu\/wp-content\/uploads\/2021\/06\/marketing-support-1024x591.jpg\" alt=\"\" class=\"wp-image-12108 size-full lazyload\" style=\"object-position:72% 48%\"\/><noscript><img decoding=\"async\" width=\"1024\" height=\"591\" src=\"https:\/\/www.showdowndisplays.eu\/wp-content\/uploads\/2021\/06\/marketing-support-1024x591.jpg\" alt=\"\" class=\"wp-image-12108 size-full\" style=\"object-position:72% 48%\"\/><\/noscript><\/figure><\/div>\n\n\n\n<div style=\"height:20px\" aria-hidden=\"true\" class=\"wp-block-spacer\"><\/div>\n\n\n\n<div class=\"wp-block-media-text alignwide is-stacked-on-mobile is-image-fill-element\" id=\"customisation\"><figure class=\"wp-block-media-text__media\"><img data-aspectratio=\"1024\/683\" src=\"data:image\/gif;base64,R0lGODlhAQABAIAAAAAAAP\/\/\/yH5BAEAAAAALAAAAAABAAEAAAIBRAA7\" decoding=\"async\" width=\"1024\" height=\"683\" data-src=\"https:\/\/www.showdowndisplays.eu\/wp-content\/uploads\/2020\/12\/IMG_5980_edit_res-1-1024x683.jpg\" alt=\"\" class=\"wp-image-5842 size-full lazyload\" style=\"object-position:50% 50%\" data-srcset=\"https:\/\/www.showdowndisplays.eu\/wp-content\/uploads\/2020\/12\/IMG_5980_edit_res-1-1024x683.jpg 1024w, https:\/\/www.showdowndisplays.eu\/wp-content\/uploads\/2020\/12\/IMG_5980_edit_res-1-405x270.jpg 405w, https:\/\/www.showdowndisplays.eu\/wp-content\/uploads\/2020\/12\/IMG_5980_edit_res-1-768x512.jpg 768w, https:\/\/www.showdowndisplays.eu\/wp-content\/uploads\/2020\/12\/IMG_5980_edit_res-1-380x253.jpg 380w, https:\/\/www.showdowndisplays.eu\/wp-content\/uploads\/2020\/12\/IMG_5980_edit_res-1-96x64.jpg 96w, https:\/\/www.showdowndisplays.eu\/wp-content\/uploads\/2020\/12\/IMG_5980_edit_res-1-200x133.jpg 200w, https:\/\/www.showdowndisplays.eu\/wp-content\/uploads\/2020\/12\/IMG_5980_edit_res-1.jpg 1296w\" sizes=\"(max-width: 1024px) 100vw, 1024px\" \/><noscript><img decoding=\"async\" width=\"1024\" height=\"683\" src=\"https:\/\/www.showdowndisplays.eu\/wp-content\/uploads\/2020\/12\/IMG_5980_edit_res-1-1024x683.jpg\" alt=\"\" class=\"wp-image-5842 size-full\" style=\"object-position:50% 50%\" srcset=\"https:\/\/www.showdowndisplays.eu\/wp-content\/uploads\/2020\/12\/IMG_5980_edit_res-1-1024x683.jpg 1024w, https:\/\/www.showdowndisplays.eu\/wp-content\/uploads\/2020\/12\/IMG_5980_edit_res-1-405x270.jpg 405w, https:\/\/www.showdowndisplays.eu\/wp-content\/uploads\/2020\/12\/IMG_5980_edit_res-1-768x512.jpg 768w, https:\/\/www.showdowndisplays.eu\/wp-content\/uploads\/2020\/12\/IMG_5980_edit_res-1-380x253.jpg 380w, https:\/\/www.showdowndisplays.eu\/wp-content\/uploads\/2020\/12\/IMG_5980_edit_res-1-96x64.jpg 96w, https:\/\/www.showdowndisplays.eu\/wp-content\/uploads\/2020\/12\/IMG_5980_edit_res-1-200x133.jpg 200w, https:\/\/www.showdowndisplays.eu\/wp-content\/uploads\/2020\/12\/IMG_5980_edit_res-1.jpg 1296w\" sizes=\"(max-width: 1024px) 100vw, 1024px\" \/><\/noscript><\/figure><div class=\"wp-block-media-text__content\">\n<div style=\"height:20px\" aria-hidden=\"true\" class=\"wp-block-spacer\"><\/div>\n\n\n\n<h4 class=\"wp-block-heading\" id=\"customisation\">Personnalisation<\/h4>\n\n\n\n<h2 class=\"wp-block-heading\">Osez \u00eatre diff\u00e9rent !<\/h2>\n\n\n\n<p>M\u00eame si nous disposons de l\u2019une des plus vastes gammes de produits en Europe, nous sommes toujours heureux de discuter de vos besoins sp\u00e9cifiques pour une solution sur mesure. Il est temps de sortir du lot&nbsp;!<\/p>\n\n\n\n<div class=\"wp-block-buttons is-layout-flex wp-block-buttons-is-layout-flex\">\n<div class=\"wp-block-button\"><a class=\"wp-block-button__link wp-element-button\" href=\"https:\/\/www.showdowndisplays.eu\/fr\/personnalisation\/\">D\u00e9couvrez-en davantage sur la personnalisation<\/a><\/div>\n<\/div>\n\n\n\n<div style=\"height:35px\" aria-hidden=\"true\" class=\"wp-block-spacer\"><\/div>\n<\/div><\/div>\n\n\n\n\n","protected":false},"excerpt":{"rendered":"<p>Services d\u2019impression \u2022 Exp\u00e9dition directe \u2022 Support marketing \u2022 Personnalisation<\/p>\n","protected":false},"author":3,"featured_media":0,"parent":0,"menu_order":1,"comment_status":"closed","ping_status":"closed","template":"","meta":{"_acf_changed":false,"footnotes":""},"class_list":["post-12323","page","type-page","status-publish","hentry"],"acf":[],"_links":{"self":[{"href":"https:\/\/www.showdowndisplays.eu\/fr\/wp-json\/wp\/v2\/pages\/12323","targetHints":{"allow":["GET"]}}],"collection":[{"href":"https:\/\/www.showdowndisplays.eu\/fr\/wp-json\/wp\/v2\/pages"}],"about":[{"href":"https:\/\/www.showdowndisplays.eu\/fr\/wp-json\/wp\/v2\/types\/page"}],"author":[{"embeddable":true,"href":"https:\/\/www.showdowndisplays.eu\/fr\/wp-json\/wp\/v2\/users\/3"}],"replies":[{"embeddable":true,"href":"https:\/\/www.showdowndisplays.eu\/fr\/wp-json\/wp\/v2\/comments?post=12323"}],"version-history":[{"count":11,"href":"https:\/\/www.showdowndisplays.eu\/fr\/wp-json\/wp\/v2\/pages\/12323\/revisions"}],"predecessor-version":[{"id":51890,"href":"https:\/\/www.showdowndisplays.eu\/fr\/wp-json\/wp\/v2\/pages\/12323\/revisions\/51890"}],"wp:attachment":[{"href":"https:\/\/www.showdowndisplays.eu\/fr\/wp-json\/wp\/v2\/media?parent=12323"}],"curies":[{"name":"wp","href":"https:\/\/api.w.org\/{rel}","templated":true}]}}