{"id":9336,"date":"2021-02-25T16:00:59","date_gmt":"2021-02-25T16:00:59","guid":{"rendered":"https:\/\/www.showdowndisplays.eu\/apoyo-en-marketing\/praktische-informatie\/"},"modified":"2023-04-20T08:58:50","modified_gmt":"2023-04-20T08:58:50","slug":"informacion-practica","status":"publish","type":"page","link":"https:\/\/www.showdowndisplays.eu\/es\/apoyo-en-marketing\/informacion-practica\/","title":{"rendered":"Informaci\u00f3n pr\u00e1ctica"},"content":{"rendered":"\n<div class=\"wp-block-media-text alignwide is-stacked-on-mobile is-image-fill image-text-2\"><figure class=\"wp-block-media-text__media\" style=\"background-image:url(https:\/\/www.showdowndisplays.eu\/wp-content\/uploads\/2021\/04\/Visual-4-Gebruikershandleidingen-853x1024.jpg);background-position:48% 37%\"><img data-aspectratio=\"853\/1024\" src=\"data:image\/gif;base64,R0lGODlhAQABAIAAAAAAAP\/\/\/yH5BAEAAAAALAAAAAABAAEAAAIBRAA7\" decoding=\"async\" width=\"853\" height=\"1024\" data-src=\"https:\/\/www.showdowndisplays.eu\/wp-content\/uploads\/2021\/04\/Visual-4-Gebruikershandleidingen-853x1024.jpg\" alt=\"\" class=\"wp-image-9136 size-full lazyload\" data-srcset=\"https:\/\/www.showdowndisplays.eu\/wp-content\/uploads\/2021\/04\/Visual-4-Gebruikershandleidingen-853x1024.jpg 853w, https:\/\/www.showdowndisplays.eu\/wp-content\/uploads\/2021\/04\/Visual-4-Gebruikershandleidingen-225x270.jpg 225w, https:\/\/www.showdowndisplays.eu\/wp-content\/uploads\/2021\/04\/Visual-4-Gebruikershandleidingen-768x922.jpg 768w, https:\/\/www.showdowndisplays.eu\/wp-content\/uploads\/2021\/04\/Visual-4-Gebruikershandleidingen-367x440.jpg 367w, https:\/\/www.showdowndisplays.eu\/wp-content\/uploads\/2021\/04\/Visual-4-Gebruikershandleidingen-96x115.jpg 96w, https:\/\/www.showdowndisplays.eu\/wp-content\/uploads\/2021\/04\/Visual-4-Gebruikershandleidingen-167x200.jpg 167w, https:\/\/www.showdowndisplays.eu\/wp-content\/uploads\/2021\/04\/Visual-4-Gebruikershandleidingen.jpg 1000w\" sizes=\"(max-width: 853px) 100vw, 853px\" \/><noscript><img decoding=\"async\" width=\"853\" height=\"1024\" src=\"https:\/\/www.showdowndisplays.eu\/wp-content\/uploads\/2021\/04\/Visual-4-Gebruikershandleidingen-853x1024.jpg\" alt=\"\" class=\"wp-image-9136 size-full\" srcset=\"https:\/\/www.showdowndisplays.eu\/wp-content\/uploads\/2021\/04\/Visual-4-Gebruikershandleidingen-853x1024.jpg 853w, https:\/\/www.showdowndisplays.eu\/wp-content\/uploads\/2021\/04\/Visual-4-Gebruikershandleidingen-225x270.jpg 225w, https:\/\/www.showdowndisplays.eu\/wp-content\/uploads\/2021\/04\/Visual-4-Gebruikershandleidingen-768x922.jpg 768w, https:\/\/www.showdowndisplays.eu\/wp-content\/uploads\/2021\/04\/Visual-4-Gebruikershandleidingen-367x440.jpg 367w, https:\/\/www.showdowndisplays.eu\/wp-content\/uploads\/2021\/04\/Visual-4-Gebruikershandleidingen-96x115.jpg 96w, https:\/\/www.showdowndisplays.eu\/wp-content\/uploads\/2021\/04\/Visual-4-Gebruikershandleidingen-167x200.jpg 167w, https:\/\/www.showdowndisplays.eu\/wp-content\/uploads\/2021\/04\/Visual-4-Gebruikershandleidingen.jpg 1000w\" sizes=\"(max-width: 853px) 100vw, 853px\" \/><\/noscript><\/figure><div class=\"wp-block-media-text__content\">\n<h2 class=\"wp-block-heading\">Manual de instrucciones<\/h2>\n\n\n\n<p>La mayor\u00eda de productos en nuestra selecci\u00f3n requiere alg\u00fan tipo de instalaci\u00f3n. Algunos productos se montan en cuesti\u00f3n de minutos, otros sin embargo pueden tardar un rato m\u00e1s.<\/p>\n\n\n\n<p>Para facilitar a sus clientes esta tarea lo m\u00e1ximo posible, hemos creado manuales de instrucciones para la mayor parte de nuestros productos. Las fotos e im\u00e1genes le ayudar\u00e1n a instalar su producto paso a paso. Y por eso la instalaci\u00f3n de productos es un pan comido.<\/p>\n<\/div><\/div>\n\n\n\n<div class=\"wp-block-media-text alignwide has-media-on-the-right is-stacked-on-mobile is-image-fill image-text-2\"><div class=\"wp-block-media-text__content\">\n<h2 class=\"wp-block-heading\">Fichas de producto<\/h2>\n\n\n\n<p>\u00bfLe gustar\u00eda poder encontrar toda la informaci\u00f3n sobre un producto dentro del mismo archivo? \u00bfEntonces por qu\u00e9 no usa nuestras fichas de producto? All\u00ed encontrar\u00e1 los c\u00f3digos de art\u00edculo de todos los productos juntos y toda la informaci\u00f3n relevante desde el peso hasta la paleta de colores disponible.<\/p>\n\n\n\n<p>Tambi\u00e9n encontrar\u00e1 all\u00ed las fotos e im\u00e1genes de producto. As\u00ed se puede hacer una idea completa de lo que cada producto realmente contiene.<\/p>\n\n\n\n<p>Nuestras fichas de producto est\u00e1n disponibles en nuestra plataforma online en el apartado del producto correspondiente. \u00bfAcaso no encuentra la ficha junto a su producto? Eso significa que todav\u00eda estamos trabajando en ello.<\/p>\n<\/div><figure class=\"wp-block-media-text__media\" style=\"background-image:url(https:\/\/www.showdowndisplays.eu\/wp-content\/uploads\/2021\/02\/Product-sheet-3.png);background-position:4% 4%\"><img data-aspectratio=\"525\/584\" src=\"data:image\/gif;base64,R0lGODlhAQABAIAAAAAAAP\/\/\/yH5BAEAAAAALAAAAAABAAEAAAIBRAA7\" decoding=\"async\" width=\"525\" height=\"584\" data-src=\"https:\/\/www.showdowndisplays.eu\/wp-content\/uploads\/2021\/02\/Product-sheet-3.png\" alt=\"\" class=\"wp-image-8082 size-full lazyload\" data-srcset=\"https:\/\/www.showdowndisplays.eu\/wp-content\/uploads\/2021\/02\/Product-sheet-3.png 525w, https:\/\/www.showdowndisplays.eu\/wp-content\/uploads\/2021\/02\/Product-sheet-3-243x270.png 243w, https:\/\/www.showdowndisplays.eu\/wp-content\/uploads\/2021\/02\/Product-sheet-3-380x423.png 380w, https:\/\/www.showdowndisplays.eu\/wp-content\/uploads\/2021\/02\/Product-sheet-3-96x107.png 96w, https:\/\/www.showdowndisplays.eu\/wp-content\/uploads\/2021\/02\/Product-sheet-3-180x200.png 180w\" sizes=\"(max-width: 525px) 100vw, 525px\" \/><noscript><img decoding=\"async\" width=\"525\" height=\"584\" src=\"https:\/\/www.showdowndisplays.eu\/wp-content\/uploads\/2021\/02\/Product-sheet-3.png\" alt=\"\" class=\"wp-image-8082 size-full\" srcset=\"https:\/\/www.showdowndisplays.eu\/wp-content\/uploads\/2021\/02\/Product-sheet-3.png 525w, https:\/\/www.showdowndisplays.eu\/wp-content\/uploads\/2021\/02\/Product-sheet-3-243x270.png 243w, https:\/\/www.showdowndisplays.eu\/wp-content\/uploads\/2021\/02\/Product-sheet-3-380x423.png 380w, https:\/\/www.showdowndisplays.eu\/wp-content\/uploads\/2021\/02\/Product-sheet-3-96x107.png 96w, https:\/\/www.showdowndisplays.eu\/wp-content\/uploads\/2021\/02\/Product-sheet-3-180x200.png 180w\" sizes=\"(max-width: 525px) 100vw, 525px\" \/><\/noscript><\/figure><\/div>\n\n\n\n<div class=\"wp-block-media-text alignwide is-stacked-on-mobile is-image-fill image-text-2\"><figure class=\"wp-block-media-text__media\" style=\"background-image:url(https:\/\/www.showdowndisplays.eu\/wp-content\/uploads\/2021\/02\/Print-template-4-1.png);background-position:50% 50%\"><img data-aspectratio=\"650\/531\" src=\"data:image\/gif;base64,R0lGODlhAQABAIAAAAAAAP\/\/\/yH5BAEAAAAALAAAAAABAAEAAAIBRAA7\" decoding=\"async\" width=\"650\" height=\"531\" data-src=\"https:\/\/www.showdowndisplays.eu\/wp-content\/uploads\/2021\/02\/Print-template-4-1.png\" alt=\"\" class=\"wp-image-8052 size-full lazyload\" data-srcset=\"https:\/\/www.showdowndisplays.eu\/wp-content\/uploads\/2021\/02\/Print-template-4-1.png 650w, https:\/\/www.showdowndisplays.eu\/wp-content\/uploads\/2021\/02\/Print-template-4-1-331x270.png 331w, https:\/\/www.showdowndisplays.eu\/wp-content\/uploads\/2021\/02\/Print-template-4-1-380x310.png 380w, https:\/\/www.showdowndisplays.eu\/wp-content\/uploads\/2021\/02\/Print-template-4-1-96x78.png 96w, https:\/\/www.showdowndisplays.eu\/wp-content\/uploads\/2021\/02\/Print-template-4-1-200x163.png 200w\" sizes=\"(max-width: 650px) 100vw, 650px\" \/><noscript><img decoding=\"async\" width=\"650\" height=\"531\" src=\"https:\/\/www.showdowndisplays.eu\/wp-content\/uploads\/2021\/02\/Print-template-4-1.png\" alt=\"\" class=\"wp-image-8052 size-full\" srcset=\"https:\/\/www.showdowndisplays.eu\/wp-content\/uploads\/2021\/02\/Print-template-4-1.png 650w, https:\/\/www.showdowndisplays.eu\/wp-content\/uploads\/2021\/02\/Print-template-4-1-331x270.png 331w, https:\/\/www.showdowndisplays.eu\/wp-content\/uploads\/2021\/02\/Print-template-4-1-380x310.png 380w, https:\/\/www.showdowndisplays.eu\/wp-content\/uploads\/2021\/02\/Print-template-4-1-96x78.png 96w, https:\/\/www.showdowndisplays.eu\/wp-content\/uploads\/2021\/02\/Print-template-4-1-200x163.png 200w\" sizes=\"(max-width: 650px) 100vw, 650px\" \/><\/noscript><\/figure><div class=\"wp-block-media-text__content\">\n<h2 class=\"wp-block-heading\">Plantillas de impresi\u00f3n<\/h2>\n\n\n\n<p>Muchos de los productos no se consideran completos sin la gr\u00e1fica. Por eso nos alegra poder proporcionarle el producto completo ya que tambi\u00e9n podemos encargarnos de la impresi\u00f3n. Para asegurarnos de que la gr\u00e1fica est\u00e9 perfecta, hemos creado plantillas de impresi\u00f3n para todos los productos que contienen una gr\u00e1fica.<\/p>\n\n\n\n<p>Gracias a estas plantillas podr\u00e1 ubicar exactamente su texto y su logotipo para que su gr\u00e1fica reciba la atenci\u00f3n que tanto se merece. \u00a1As\u00ed su gr\u00e1fica resultar\u00e1 id\u00e9ntica a la que se imaginaba!<\/p>\n\n\n\n<div style=\"height:50px\" aria-hidden=\"true\" class=\"wp-block-spacer\"><\/div>\n<\/div><\/div>\n\n\n\n<div style=\"height:20px\" aria-hidden=\"true\" class=\"wp-block-spacer\"><\/div>\n\n\n\n<h2 class=\"has-text-align-center wp-block-heading\">P\u00e1ginas relacionadas<\/h2>\n\n\n    <div class=\"marketing\">\r\n                                <div class=\"marketing__item marketing__item--4\">\r\n\r\n                <div class=\"marketing__image\">\r\n                    <img data-aspectratio=\"380\/238\" decoding=\"async\" width=\"380\" height=\"238\" data-aspectratio=\"380\/238\" src=\"data:image\/gif;base64,R0lGODlhAQABAIAAAAAAAP\/\/\/yH5BAEAAAAALAAAAAABAAEAAAIBRAA7\" data-src=\"https:\/\/www.showdowndisplays.eu\/wp-content\/uploads\/2021\/01\/Product-photos-and-videos-3-380x238.jpg\" class=\"attachment-about-us size-about-us lazyload\" alt=\" width\" data-srcset=\"https:\/\/www.showdowndisplays.eu\/wp-content\/uploads\/2021\/01\/Product-photos-and-videos-3-380x238.jpg 380w, https:\/\/www.showdowndisplays.eu\/wp-content\/uploads\/2021\/01\/Product-photos-and-videos-3-432x270.jpg 432w, https:\/\/www.showdowndisplays.eu\/wp-content\/uploads\/2021\/01\/Product-photos-and-videos-3-1024x640.jpg 1024w, https:\/\/www.showdowndisplays.eu\/wp-content\/uploads\/2021\/01\/Product-photos-and-videos-3-768x480.jpg 768w, https:\/\/www.showdowndisplays.eu\/wp-content\/uploads\/2021\/01\/Product-photos-and-videos-3-1536x960.jpg 1536w, https:\/\/www.showdowndisplays.eu\/wp-content\/uploads\/2021\/01\/Product-photos-and-videos-3-96x60.jpg 96w, https:\/\/www.showdowndisplays.eu\/wp-content\/uploads\/2021\/01\/Product-photos-and-videos-3-200x125.jpg 200w, https:\/\/www.showdowndisplays.eu\/wp-content\/uploads\/2021\/01\/Product-photos-and-videos-3.jpg 1600w\" sizes=\"(max-width: 380px) 100vw, 380px\" \/><noscript><img decoding=\"async\" width=\"380\" height=\"238\" data-aspectratio=\"380\/238\" src=\"data:image\/gif;base64,R0lGODlhAQABAIAAAAAAAP\/\/\/yH5BAEAAAAALAAAAAABAAEAAAIBRAA7\" data-src=\"https:\/\/www.showdowndisplays.eu\/wp-content\/uploads\/2021\/01\/Product-photos-and-videos-3-380x238.jpg\" class=\"attachment-about-us size-about-us lazyload\" alt=\" width\" data-srcset=\"https:\/\/www.showdowndisplays.eu\/wp-content\/uploads\/2021\/01\/Product-photos-and-videos-3-380x238.jpg 380w, https:\/\/www.showdowndisplays.eu\/wp-content\/uploads\/2021\/01\/Product-photos-and-videos-3-432x270.jpg 432w, https:\/\/www.showdowndisplays.eu\/wp-content\/uploads\/2021\/01\/Product-photos-and-videos-3-1024x640.jpg 1024w, https:\/\/www.showdowndisplays.eu\/wp-content\/uploads\/2021\/01\/Product-photos-and-videos-3-768x480.jpg 768w, https:\/\/www.showdowndisplays.eu\/wp-content\/uploads\/2021\/01\/Product-photos-and-videos-3-1536x960.jpg 1536w, https:\/\/www.showdowndisplays.eu\/wp-content\/uploads\/2021\/01\/Product-photos-and-videos-3-96x60.jpg 96w, https:\/\/www.showdowndisplays.eu\/wp-content\/uploads\/2021\/01\/Product-photos-and-videos-3-200x125.jpg 200w, https:\/\/www.showdowndisplays.eu\/wp-content\/uploads\/2021\/01\/Product-photos-and-videos-3.jpg 1600w\" sizes=\"(max-width: 380px) 100vw, 380px\" \/><\/noscript>                <\/div>\r\n                <div class=\"marketing__content-wrapper global-style\">\r\n                                            <div class=\"marketing__title-wrapper\">\r\n                            <h3>Fotos y videos de los productos<\/h3>\r\n                        <\/div>\r\n                                        <div class=\"marketing__content\">\r\n                                            <\/div>\r\n                <\/div>\r\n\r\n                                    <a href=\"https:\/\/www.showdowndisplays.eu\/es\/apoyo-en-marketing\/fotos-y-videos-de-productos\/\"  class=\"marketing__read-more link-with-arrow link-with-arrow--blue\">Le\u00e9r mas<\/a>\r\n                \r\n            <\/div>\r\n\r\n                                <div class=\"marketing__item marketing__item--4\">\r\n\r\n                <div class=\"marketing__image\">\r\n                    <img data-aspectratio=\"380\/241\" decoding=\"async\" width=\"380\" height=\"241\" data-aspectratio=\"380\/241\" src=\"data:image\/gif;base64,R0lGODlhAQABAIAAAAAAAP\/\/\/yH5BAEAAAAALAAAAAABAAEAAAIBRAA7\" data-src=\"https:\/\/www.showdowndisplays.eu\/wp-content\/uploads\/2021\/01\/Your-own-catalogue-and-brochures-3-380x241.png\" class=\"attachment-about-us size-about-us lazyload\" alt=\" width\" data-srcset=\"https:\/\/www.showdowndisplays.eu\/wp-content\/uploads\/2021\/01\/Your-own-catalogue-and-brochures-3-380x241.png 380w, https:\/\/www.showdowndisplays.eu\/wp-content\/uploads\/2021\/01\/Your-own-catalogue-and-brochures-3-425x270.png 425w, https:\/\/www.showdowndisplays.eu\/wp-content\/uploads\/2021\/01\/Your-own-catalogue-and-brochures-3-1024x650.png 1024w, https:\/\/www.showdowndisplays.eu\/wp-content\/uploads\/2021\/01\/Your-own-catalogue-and-brochures-3-768x488.png 768w, https:\/\/www.showdowndisplays.eu\/wp-content\/uploads\/2021\/01\/Your-own-catalogue-and-brochures-3-1536x975.png 1536w, https:\/\/www.showdowndisplays.eu\/wp-content\/uploads\/2021\/01\/Your-own-catalogue-and-brochures-3-96x61.png 96w, https:\/\/www.showdowndisplays.eu\/wp-content\/uploads\/2021\/01\/Your-own-catalogue-and-brochures-3-200x127.png 200w, https:\/\/www.showdowndisplays.eu\/wp-content\/uploads\/2021\/01\/Your-own-catalogue-and-brochures-3.png 1575w\" sizes=\"(max-width: 380px) 100vw, 380px\" \/><noscript><img decoding=\"async\" width=\"380\" height=\"241\" data-aspectratio=\"380\/241\" src=\"data:image\/gif;base64,R0lGODlhAQABAIAAAAAAAP\/\/\/yH5BAEAAAAALAAAAAABAAEAAAIBRAA7\" data-src=\"https:\/\/www.showdowndisplays.eu\/wp-content\/uploads\/2021\/01\/Your-own-catalogue-and-brochures-3-380x241.png\" class=\"attachment-about-us size-about-us lazyload\" alt=\" width\" data-srcset=\"https:\/\/www.showdowndisplays.eu\/wp-content\/uploads\/2021\/01\/Your-own-catalogue-and-brochures-3-380x241.png 380w, https:\/\/www.showdowndisplays.eu\/wp-content\/uploads\/2021\/01\/Your-own-catalogue-and-brochures-3-425x270.png 425w, https:\/\/www.showdowndisplays.eu\/wp-content\/uploads\/2021\/01\/Your-own-catalogue-and-brochures-3-1024x650.png 1024w, https:\/\/www.showdowndisplays.eu\/wp-content\/uploads\/2021\/01\/Your-own-catalogue-and-brochures-3-768x488.png 768w, https:\/\/www.showdowndisplays.eu\/wp-content\/uploads\/2021\/01\/Your-own-catalogue-and-brochures-3-1536x975.png 1536w, https:\/\/www.showdowndisplays.eu\/wp-content\/uploads\/2021\/01\/Your-own-catalogue-and-brochures-3-96x61.png 96w, https:\/\/www.showdowndisplays.eu\/wp-content\/uploads\/2021\/01\/Your-own-catalogue-and-brochures-3-200x127.png 200w, https:\/\/www.showdowndisplays.eu\/wp-content\/uploads\/2021\/01\/Your-own-catalogue-and-brochures-3.png 1575w\" sizes=\"(max-width: 380px) 100vw, 380px\" \/><\/noscript>                <\/div>\r\n                <div class=\"marketing__content-wrapper global-style\">\r\n                                            <div class=\"marketing__title-wrapper\">\r\n                            <h3>Su propio cat\u00e1logo y folletos<\/h3>\r\n                        <\/div>\r\n                                        <div class=\"marketing__content\">\r\n                                            <\/div>\r\n                <\/div>\r\n\r\n                                    <a href=\"https:\/\/www.showdowndisplays.eu\/es\/apoyo-en-marketing\/su-propio-catalogo-y-folletos\/\"  class=\"marketing__read-more link-with-arrow link-with-arrow--blue\">Le\u00e9r mas<\/a>\r\n                \r\n            <\/div>\r\n\r\n                                <div class=\"marketing__item marketing__item--4\">\r\n\r\n                <div class=\"marketing__image\">\r\n                    <img data-aspectratio=\"380\/238\" decoding=\"async\" width=\"380\" height=\"238\" data-aspectratio=\"380\/238\" src=\"data:image\/gif;base64,R0lGODlhAQABAIAAAAAAAP\/\/\/yH5BAEAAAAALAAAAAABAAEAAAIBRAA7\" data-src=\"https:\/\/www.showdowndisplays.eu\/wp-content\/uploads\/2021\/02\/20210113-Sample-box-4-380x238.jpg\" class=\"attachment-about-us size-about-us lazyload\" alt=\" width\" data-srcset=\"https:\/\/www.showdowndisplays.eu\/wp-content\/uploads\/2021\/02\/20210113-Sample-box-4-380x238.jpg 380w, https:\/\/www.showdowndisplays.eu\/wp-content\/uploads\/2021\/02\/20210113-Sample-box-4-431x270.jpg 431w, https:\/\/www.showdowndisplays.eu\/wp-content\/uploads\/2021\/02\/20210113-Sample-box-4-768x481.jpg 768w, https:\/\/www.showdowndisplays.eu\/wp-content\/uploads\/2021\/02\/20210113-Sample-box-4-96x60.jpg 96w, https:\/\/www.showdowndisplays.eu\/wp-content\/uploads\/2021\/02\/20210113-Sample-box-4-200x125.jpg 200w, https:\/\/www.showdowndisplays.eu\/wp-content\/uploads\/2021\/02\/20210113-Sample-box-4.jpg 896w\" sizes=\"(max-width: 380px) 100vw, 380px\" \/><noscript><img decoding=\"async\" width=\"380\" height=\"238\" data-aspectratio=\"380\/238\" src=\"data:image\/gif;base64,R0lGODlhAQABAIAAAAAAAP\/\/\/yH5BAEAAAAALAAAAAABAAEAAAIBRAA7\" data-src=\"https:\/\/www.showdowndisplays.eu\/wp-content\/uploads\/2021\/02\/20210113-Sample-box-4-380x238.jpg\" class=\"attachment-about-us size-about-us lazyload\" alt=\" width\" data-srcset=\"https:\/\/www.showdowndisplays.eu\/wp-content\/uploads\/2021\/02\/20210113-Sample-box-4-380x238.jpg 380w, https:\/\/www.showdowndisplays.eu\/wp-content\/uploads\/2021\/02\/20210113-Sample-box-4-431x270.jpg 431w, https:\/\/www.showdowndisplays.eu\/wp-content\/uploads\/2021\/02\/20210113-Sample-box-4-768x481.jpg 768w, https:\/\/www.showdowndisplays.eu\/wp-content\/uploads\/2021\/02\/20210113-Sample-box-4-96x60.jpg 96w, https:\/\/www.showdowndisplays.eu\/wp-content\/uploads\/2021\/02\/20210113-Sample-box-4-200x125.jpg 200w, https:\/\/www.showdowndisplays.eu\/wp-content\/uploads\/2021\/02\/20210113-Sample-box-4.jpg 896w\" sizes=\"(max-width: 380px) 100vw, 380px\" \/><\/noscript>                <\/div>\r\n                <div class=\"marketing__content-wrapper global-style\">\r\n                                            <div class=\"marketing__title-wrapper\">\r\n                            <h3>Sus propias muestras<\/h3>\r\n                        <\/div>\r\n                                        <div class=\"marketing__content\">\r\n                                            <\/div>\r\n                <\/div>\r\n\r\n                                    <a href=\"https:\/\/www.showdowndisplays.eu\/es\/apoyo-en-marketing\/sus-muestras-de-producto\/\"  class=\"marketing__read-more link-with-arrow link-with-arrow--blue\">Le\u00e9r mas<\/a>\r\n                \r\n            <\/div>\r\n\r\n                                <div class=\"marketing__item marketing__item--4\">\r\n\r\n                <div class=\"marketing__image\">\r\n                    <img data-aspectratio=\"380\/238\" decoding=\"async\" width=\"380\" height=\"238\" data-aspectratio=\"380\/238\" src=\"data:image\/gif;base64,R0lGODlhAQABAIAAAAAAAP\/\/\/yH5BAEAAAAALAAAAAABAAEAAAIBRAA7\" data-src=\"https:\/\/www.showdowndisplays.eu\/wp-content\/uploads\/2021\/01\/Inspirational-content-2-380x238.png\" class=\"attachment-about-us size-about-us lazyload\" alt=\" width\" data-srcset=\"https:\/\/www.showdowndisplays.eu\/wp-content\/uploads\/2021\/01\/Inspirational-content-2-380x238.png 380w, https:\/\/www.showdowndisplays.eu\/wp-content\/uploads\/2021\/01\/Inspirational-content-2-432x270.png 432w, https:\/\/www.showdowndisplays.eu\/wp-content\/uploads\/2021\/01\/Inspirational-content-2-1024x640.png 1024w, https:\/\/www.showdowndisplays.eu\/wp-content\/uploads\/2021\/01\/Inspirational-content-2-768x480.png 768w, https:\/\/www.showdowndisplays.eu\/wp-content\/uploads\/2021\/01\/Inspirational-content-2-1536x960.png 1536w, https:\/\/www.showdowndisplays.eu\/wp-content\/uploads\/2021\/01\/Inspirational-content-2-96x60.png 96w, https:\/\/www.showdowndisplays.eu\/wp-content\/uploads\/2021\/01\/Inspirational-content-2-200x125.png 200w, https:\/\/www.showdowndisplays.eu\/wp-content\/uploads\/2021\/01\/Inspirational-content-2.png 1600w\" sizes=\"(max-width: 380px) 100vw, 380px\" \/><noscript><img decoding=\"async\" width=\"380\" height=\"238\" data-aspectratio=\"380\/238\" src=\"data:image\/gif;base64,R0lGODlhAQABAIAAAAAAAP\/\/\/yH5BAEAAAAALAAAAAABAAEAAAIBRAA7\" data-src=\"https:\/\/www.showdowndisplays.eu\/wp-content\/uploads\/2021\/01\/Inspirational-content-2-380x238.png\" class=\"attachment-about-us size-about-us lazyload\" alt=\" width\" data-srcset=\"https:\/\/www.showdowndisplays.eu\/wp-content\/uploads\/2021\/01\/Inspirational-content-2-380x238.png 380w, https:\/\/www.showdowndisplays.eu\/wp-content\/uploads\/2021\/01\/Inspirational-content-2-432x270.png 432w, https:\/\/www.showdowndisplays.eu\/wp-content\/uploads\/2021\/01\/Inspirational-content-2-1024x640.png 1024w, https:\/\/www.showdowndisplays.eu\/wp-content\/uploads\/2021\/01\/Inspirational-content-2-768x480.png 768w, https:\/\/www.showdowndisplays.eu\/wp-content\/uploads\/2021\/01\/Inspirational-content-2-1536x960.png 1536w, https:\/\/www.showdowndisplays.eu\/wp-content\/uploads\/2021\/01\/Inspirational-content-2-96x60.png 96w, https:\/\/www.showdowndisplays.eu\/wp-content\/uploads\/2021\/01\/Inspirational-content-2-200x125.png 200w, https:\/\/www.showdowndisplays.eu\/wp-content\/uploads\/2021\/01\/Inspirational-content-2.png 1600w\" sizes=\"(max-width: 380px) 100vw, 380px\" \/><\/noscript>                <\/div>\r\n                <div class=\"marketing__content-wrapper global-style\">\r\n                                            <div class=\"marketing__title-wrapper\">\r\n                            <h3>Contenido inspirador<\/h3>\r\n                        <\/div>\r\n                                        <div class=\"marketing__content\">\r\n                                            <\/div>\r\n                <\/div>\r\n\r\n                                    <a href=\"https:\/\/www.showdowndisplays.eu\/es\/apoyo-en-marketing\/contenido-inspirador\/\"  class=\"marketing__read-more link-with-arrow link-with-arrow--blue\">Le\u00e9r mas<\/a>\r\n                \r\n            <\/div>\r\n\r\n            <\/div>\r\n","protected":false},"excerpt":{"rendered":"<p>Manual de instrucciones La mayor\u00eda de productos en nuestra selecci\u00f3n requiere alg\u00fan tipo de instalaci\u00f3n. Algunos productos se montan en&#8230;<\/p>\n","protected":false},"author":3,"featured_media":0,"parent":5277,"menu_order":0,"comment_status":"closed","ping_status":"closed","template":"","meta":{"_acf_changed":false,"footnotes":""},"class_list":["post-9336","page","type-page","status-publish","hentry"],"acf":[],"_links":{"self":[{"href":"https:\/\/www.showdowndisplays.eu\/es\/wp-json\/wp\/v2\/pages\/9336","targetHints":{"allow":["GET"]}}],"collection":[{"href":"https:\/\/www.showdowndisplays.eu\/es\/wp-json\/wp\/v2\/pages"}],"about":[{"href":"https:\/\/www.showdowndisplays.eu\/es\/wp-json\/wp\/v2\/types\/page"}],"author":[{"embeddable":true,"href":"https:\/\/www.showdowndisplays.eu\/es\/wp-json\/wp\/v2\/users\/3"}],"replies":[{"embeddable":true,"href":"https:\/\/www.showdowndisplays.eu\/es\/wp-json\/wp\/v2\/comments?post=9336"}],"version-history":[{"count":14,"href":"https:\/\/www.showdowndisplays.eu\/es\/wp-json\/wp\/v2\/pages\/9336\/revisions"}],"predecessor-version":[{"id":27747,"href":"https:\/\/www.showdowndisplays.eu\/es\/wp-json\/wp\/v2\/pages\/9336\/revisions\/27747"}],"up":[{"embeddable":true,"href":"https:\/\/www.showdowndisplays.eu\/es\/wp-json\/wp\/v2\/pages\/5277"}],"wp:attachment":[{"href":"https:\/\/www.showdowndisplays.eu\/es\/wp-json\/wp\/v2\/media?parent=9336"}],"curies":[{"name":"wp","href":"https:\/\/api.w.org\/{rel}","templated":true}]}}