{"id":9274,"date":"2021-02-25T15:05:10","date_gmt":"2021-02-25T15:05:10","guid":{"rendered":"https:\/\/www.showdowndisplays.eu\/apoyo-en-marketing\/your-own-catalogue-and-brochures\/"},"modified":"2026-02-09T11:14:10","modified_gmt":"2026-02-09T11:14:10","slug":"su-propio-catalogo-y-folletos","status":"publish","type":"page","link":"https:\/\/www.showdowndisplays.eu\/es\/apoyo-en-marketing\/su-propio-catalogo-y-folletos\/","title":{"rendered":"Su propio cat\u00e1logo y folletos"},"content":{"rendered":"\n<div class=\"wp-block-media-text alignwide is-stacked-on-mobile is-image-fill-element image-text-2\"><figure class=\"wp-block-media-text__media\"><img data-aspectratio=\"1024\/1024\" src=\"data:image\/gif;base64,R0lGODlhAQABAIAAAAAAAP\/\/\/yH5BAEAAAAALAAAAAABAAEAAAIBRAA7\" decoding=\"async\" width=\"1024\" height=\"1024\" data-src=\"https:\/\/www.showdowndisplays.eu\/wp-content\/uploads\/2026\/02\/Mockup-laptop-neutral-catalogue-2026.2-1-1024x1024.jpg\" alt=\"Neutral Catalogue 2026\" class=\"wp-image-53135 size-full lazyload\" style=\"object-position:50% 50%\" data-srcset=\"https:\/\/www.showdowndisplays.eu\/wp-content\/uploads\/2026\/02\/Mockup-laptop-neutral-catalogue-2026.2-1-1024x1024.jpg 1024w, https:\/\/www.showdowndisplays.eu\/wp-content\/uploads\/2026\/02\/Mockup-laptop-neutral-catalogue-2026.2-1-270x270.jpg 270w, https:\/\/www.showdowndisplays.eu\/wp-content\/uploads\/2026\/02\/Mockup-laptop-neutral-catalogue-2026.2-1-768x768.jpg 768w, https:\/\/www.showdowndisplays.eu\/wp-content\/uploads\/2026\/02\/Mockup-laptop-neutral-catalogue-2026.2-1-1536x1536.jpg 1536w, https:\/\/www.showdowndisplays.eu\/wp-content\/uploads\/2026\/02\/Mockup-laptop-neutral-catalogue-2026.2-1-380x380.jpg 380w, https:\/\/www.showdowndisplays.eu\/wp-content\/uploads\/2026\/02\/Mockup-laptop-neutral-catalogue-2026.2-1-96x96.jpg 96w, https:\/\/www.showdowndisplays.eu\/wp-content\/uploads\/2026\/02\/Mockup-laptop-neutral-catalogue-2026.2-1-200x200.jpg 200w, https:\/\/www.showdowndisplays.eu\/wp-content\/uploads\/2026\/02\/Mockup-laptop-neutral-catalogue-2026.2-1.jpg 2048w\" sizes=\"(max-width: 1024px) 100vw, 1024px\" \/><noscript><img decoding=\"async\" width=\"1024\" height=\"1024\" src=\"https:\/\/www.showdowndisplays.eu\/wp-content\/uploads\/2026\/02\/Mockup-laptop-neutral-catalogue-2026.2-1-1024x1024.jpg\" alt=\"Neutral Catalogue 2026\" class=\"wp-image-53135 size-full\" style=\"object-position:50% 50%\" srcset=\"https:\/\/www.showdowndisplays.eu\/wp-content\/uploads\/2026\/02\/Mockup-laptop-neutral-catalogue-2026.2-1-1024x1024.jpg 1024w, https:\/\/www.showdowndisplays.eu\/wp-content\/uploads\/2026\/02\/Mockup-laptop-neutral-catalogue-2026.2-1-270x270.jpg 270w, https:\/\/www.showdowndisplays.eu\/wp-content\/uploads\/2026\/02\/Mockup-laptop-neutral-catalogue-2026.2-1-768x768.jpg 768w, https:\/\/www.showdowndisplays.eu\/wp-content\/uploads\/2026\/02\/Mockup-laptop-neutral-catalogue-2026.2-1-1536x1536.jpg 1536w, https:\/\/www.showdowndisplays.eu\/wp-content\/uploads\/2026\/02\/Mockup-laptop-neutral-catalogue-2026.2-1-380x380.jpg 380w, https:\/\/www.showdowndisplays.eu\/wp-content\/uploads\/2026\/02\/Mockup-laptop-neutral-catalogue-2026.2-1-96x96.jpg 96w, https:\/\/www.showdowndisplays.eu\/wp-content\/uploads\/2026\/02\/Mockup-laptop-neutral-catalogue-2026.2-1-200x200.jpg 200w, https:\/\/www.showdowndisplays.eu\/wp-content\/uploads\/2026\/02\/Mockup-laptop-neutral-catalogue-2026.2-1.jpg 2048w\" sizes=\"(max-width: 1024px) 100vw, 1024px\" \/><\/noscript><\/figure><div class=\"wp-block-media-text__content\">\n<h2 class=\"wp-block-heading\">Cat\u00e1logo digital neutro<\/h2>\n\n\n\n<p>Cada a\u00f1o presentamos un cat\u00e1logo digital completamente nuevo. Incluyendo nuestra entera gama de productos, im\u00e1genes inspiradoras y toda la informaci\u00f3n necesaria sobre nuestros productos y nuestros servicios. <a href=\"https:\/\/online.flippingbook.com\/view\/156972821\/\" data-type=\"link\" data-id=\"https:\/\/online.flippingbook.com\/view\/156972821\/\" target=\"_blank\" rel=\"noopener\"><strong>Aqu\u00ed puede encontrar nuestro \u00faltimo cat\u00e1logo<\/strong>.<\/a><\/p>\n\n\n\n<p>\u00a1Nos gusta compartir ideas! Y por eso le ofrecemos un cat\u00e1logo digital neutro sin nuestro nombre ni branding, siendo su apoyo de marketing ofrecido por nuestra parte.<\/p>\n\n\n\n<p>\u00a1Este cat\u00e1logo digital est\u00e1 hecho especialmente para usted! Comp\u00e1rtalo con sus clientes, s\u00fabalo a su p\u00e1gina web o mu\u00e9strelo en una reuni\u00f3n. De esta manera puede presentar su gama de productos de manera atractiva y profesional.<\/p>\n\n\n\n<div class=\"wp-block-buttons is-layout-flex wp-block-buttons-is-layout-flex\">\n<div class=\"wp-block-button\"><a class=\"wp-block-button__link wp-element-button\" href=\"https:\/\/online.flippingbook.com\/view\/316258830\/\" target=\"_blank\" rel=\"noopener\">Ver nuestro cat\u00e1logo digital neutro<\/a><\/div>\n<\/div>\n\n\n\n<p>Eso significa que ya no tiene que invertir m\u00e1s tiempo y energ\u00eda desarrollando nuevo material de marketing, porque ya est\u00e1 listo para usted. \u00a1Esto es la manera de aumentar sus ventas!<\/p>\n<\/div><\/div>\n\n\n\n<div class=\"wp-block-media-text alignwide has-media-on-the-right is-stacked-on-mobile is-image-fill-element image-text-2\"><div class=\"wp-block-media-text__content\">\n<h2 class=\"wp-block-heading\">Cat\u00e1logo digital a medida<\/h2>\n\n\n\n<p>Puede hacer su cat\u00e1logo a\u00fan m\u00e1s especial a\u00f1adi\u00e9ndole su propio branding. La portada y la contraportada luciendo su logotipo y sus colores le har\u00e1n destacar entre la multitud.<\/p>\n\n\n\n<p>\u00bfQu\u00e9 tiene que hacer? Env\u00edenos su portada y contraportada personalizadas en formato A4. \u00a1Nos ocuparemos del resto!<\/p>\n\n\n\n<p>Si quiere, tambi\u00e9n es posible personalizar el contenido del cat\u00e1logo seg\u00fan sus deseos y sus necesidades. En este caso le enviaremos nuestro archivo de trabajo para que le pueda dar su toque personal. Por favor, p\u00f3ngase en contacto con nuestro equipo de marketing para consultar las opciones.<\/p>\n\n\n\n<div class=\"wp-block-buttons is-layout-flex wp-block-buttons-is-layout-flex\">\n<div class=\"wp-block-button\"><a class=\"wp-block-button__link wp-element-button\" href=\"mailto:marketing@showdowndisplays.eu\">Pida su cat\u00e1logo personalizado<\/a><\/div>\n<\/div>\n<\/div><figure class=\"wp-block-media-text__media\"><img data-aspectratio=\"768\/1024\" src=\"data:image\/gif;base64,R0lGODlhAQABAIAAAAAAAP\/\/\/yH5BAEAAAAALAAAAAABAAEAAAIBRAA7\" decoding=\"async\" width=\"768\" height=\"1024\" data-src=\"https:\/\/www.showdowndisplays.eu\/wp-content\/uploads\/2021\/04\/Visual-2-Digitale-branded-catalogus-768x1024.jpg\" alt=\"\" class=\"wp-image-9128 size-full lazyload\" style=\"object-position:49% 78%\" data-srcset=\"https:\/\/www.showdowndisplays.eu\/wp-content\/uploads\/2021\/04\/Visual-2-Digitale-branded-catalogus-768x1024.jpg 768w, https:\/\/www.showdowndisplays.eu\/wp-content\/uploads\/2021\/04\/Visual-2-Digitale-branded-catalogus-203x270.jpg 203w, https:\/\/www.showdowndisplays.eu\/wp-content\/uploads\/2021\/04\/Visual-2-Digitale-branded-catalogus-330x440.jpg 330w, https:\/\/www.showdowndisplays.eu\/wp-content\/uploads\/2021\/04\/Visual-2-Digitale-branded-catalogus-96x128.jpg 96w, https:\/\/www.showdowndisplays.eu\/wp-content\/uploads\/2021\/04\/Visual-2-Digitale-branded-catalogus-150x200.jpg 150w, https:\/\/www.showdowndisplays.eu\/wp-content\/uploads\/2021\/04\/Visual-2-Digitale-branded-catalogus.jpg 900w\" sizes=\"(max-width: 768px) 100vw, 768px\" \/><noscript><img decoding=\"async\" width=\"768\" height=\"1024\" src=\"https:\/\/www.showdowndisplays.eu\/wp-content\/uploads\/2021\/04\/Visual-2-Digitale-branded-catalogus-768x1024.jpg\" alt=\"\" class=\"wp-image-9128 size-full\" style=\"object-position:49% 78%\" srcset=\"https:\/\/www.showdowndisplays.eu\/wp-content\/uploads\/2021\/04\/Visual-2-Digitale-branded-catalogus-768x1024.jpg 768w, https:\/\/www.showdowndisplays.eu\/wp-content\/uploads\/2021\/04\/Visual-2-Digitale-branded-catalogus-203x270.jpg 203w, https:\/\/www.showdowndisplays.eu\/wp-content\/uploads\/2021\/04\/Visual-2-Digitale-branded-catalogus-330x440.jpg 330w, https:\/\/www.showdowndisplays.eu\/wp-content\/uploads\/2021\/04\/Visual-2-Digitale-branded-catalogus-96x128.jpg 96w, https:\/\/www.showdowndisplays.eu\/wp-content\/uploads\/2021\/04\/Visual-2-Digitale-branded-catalogus-150x200.jpg 150w, https:\/\/www.showdowndisplays.eu\/wp-content\/uploads\/2021\/04\/Visual-2-Digitale-branded-catalogus.jpg 900w\" sizes=\"(max-width: 768px) 100vw, 768px\" \/><\/noscript><\/figure><\/div>\n\n\n\n\n\n\n\n<div class=\"wp-block-media-text alignwide is-stacked-on-mobile is-image-fill-element image-text-2\"><figure class=\"wp-block-media-text__media\"><img data-aspectratio=\"900\/606\" src=\"data:image\/gif;base64,R0lGODlhAQABAIAAAAAAAP\/\/\/yH5BAEAAAAALAAAAAABAAEAAAIBRAA7\" decoding=\"async\" width=\"900\" height=\"606\" data-src=\"https:\/\/www.showdowndisplays.eu\/wp-content\/uploads\/2022\/01\/SDE_market_flyers.jpg\" alt=\"\" class=\"wp-image-16914 size-full lazyload\" style=\"object-position:50% 50%\" data-srcset=\"https:\/\/www.showdowndisplays.eu\/wp-content\/uploads\/2022\/01\/SDE_market_flyers.jpg 900w, https:\/\/www.showdowndisplays.eu\/wp-content\/uploads\/2022\/01\/SDE_market_flyers-401x270.jpg 401w, https:\/\/www.showdowndisplays.eu\/wp-content\/uploads\/2022\/01\/SDE_market_flyers-768x517.jpg 768w, https:\/\/www.showdowndisplays.eu\/wp-content\/uploads\/2022\/01\/SDE_market_flyers-380x256.jpg 380w, https:\/\/www.showdowndisplays.eu\/wp-content\/uploads\/2022\/01\/SDE_market_flyers-96x65.jpg 96w, https:\/\/www.showdowndisplays.eu\/wp-content\/uploads\/2022\/01\/SDE_market_flyers-200x135.jpg 200w\" sizes=\"(max-width: 900px) 100vw, 900px\" \/><noscript><img decoding=\"async\" width=\"900\" height=\"606\" src=\"https:\/\/www.showdowndisplays.eu\/wp-content\/uploads\/2022\/01\/SDE_market_flyers.jpg\" alt=\"\" class=\"wp-image-16914 size-full\" style=\"object-position:50% 50%\" srcset=\"https:\/\/www.showdowndisplays.eu\/wp-content\/uploads\/2022\/01\/SDE_market_flyers.jpg 900w, https:\/\/www.showdowndisplays.eu\/wp-content\/uploads\/2022\/01\/SDE_market_flyers-401x270.jpg 401w, https:\/\/www.showdowndisplays.eu\/wp-content\/uploads\/2022\/01\/SDE_market_flyers-768x517.jpg 768w, https:\/\/www.showdowndisplays.eu\/wp-content\/uploads\/2022\/01\/SDE_market_flyers-380x256.jpg 380w, https:\/\/www.showdowndisplays.eu\/wp-content\/uploads\/2022\/01\/SDE_market_flyers-96x65.jpg 96w, https:\/\/www.showdowndisplays.eu\/wp-content\/uploads\/2022\/01\/SDE_market_flyers-200x135.jpg 200w\" sizes=\"(max-width: 900px) 100vw, 900px\" \/><\/noscript><\/figure><div class=\"wp-block-media-text__content\">\n<h2 class=\"wp-block-heading\">Folletos digitales neutros para sus clientes<\/h2>\n\n\n\n<p>A parte de cat\u00e1logos neutros tambi\u00e9n le ofrecemos folletos neutros que puede compartir con sus clientes. Aqu\u00ed cubrimos diferentes mercados y opciones de uso. \u00bfTienes curiosidad por saber qu\u00e9 cat\u00e1logos tenemos para que puedas compartir con tus clientes?<\/p>\n\n\n\n<div class=\"wp-block-buttons is-layout-flex wp-block-buttons-is-layout-flex\">\n<div class=\"wp-block-button\"><a class=\"wp-block-button__link wp-element-button\" href=\"https:\/\/www.showdowndisplays.eu\/es\/recursos\/\" target=\"_blank\" rel=\"noreferrer noopener\">Ver nuestros folletos neutros<\/a><\/div>\n<\/div>\n<\/div><\/div>\n\n\n\n<div style=\"height:20px\" aria-hidden=\"true\" class=\"wp-block-spacer\"><\/div>\n\n\n\n<h2 class=\"wp-block-heading has-text-align-center\">P\u00e1ginas relacionadas<\/h2>\n\n\n    <div class=\"marketing\">\r\n                                <div class=\"marketing__item marketing__item--4\">\r\n\r\n                <div class=\"marketing__image\">\r\n                    <img data-aspectratio=\"380\/238\" decoding=\"async\" width=\"380\" height=\"238\" data-aspectratio=\"380\/238\" src=\"data:image\/gif;base64,R0lGODlhAQABAIAAAAAAAP\/\/\/yH5BAEAAAAALAAAAAABAAEAAAIBRAA7\" data-src=\"https:\/\/www.showdowndisplays.eu\/wp-content\/uploads\/2021\/01\/Product-photos-and-videos-3-380x238.jpg\" class=\"attachment-about-us size-about-us lazyload\" alt=\" width\" data-srcset=\"https:\/\/www.showdowndisplays.eu\/wp-content\/uploads\/2021\/01\/Product-photos-and-videos-3-380x238.jpg 380w, https:\/\/www.showdowndisplays.eu\/wp-content\/uploads\/2021\/01\/Product-photos-and-videos-3-432x270.jpg 432w, https:\/\/www.showdowndisplays.eu\/wp-content\/uploads\/2021\/01\/Product-photos-and-videos-3-1024x640.jpg 1024w, https:\/\/www.showdowndisplays.eu\/wp-content\/uploads\/2021\/01\/Product-photos-and-videos-3-768x480.jpg 768w, https:\/\/www.showdowndisplays.eu\/wp-content\/uploads\/2021\/01\/Product-photos-and-videos-3-1536x960.jpg 1536w, https:\/\/www.showdowndisplays.eu\/wp-content\/uploads\/2021\/01\/Product-photos-and-videos-3-96x60.jpg 96w, https:\/\/www.showdowndisplays.eu\/wp-content\/uploads\/2021\/01\/Product-photos-and-videos-3-200x125.jpg 200w, https:\/\/www.showdowndisplays.eu\/wp-content\/uploads\/2021\/01\/Product-photos-and-videos-3.jpg 1600w\" sizes=\"(max-width: 380px) 100vw, 380px\" \/><noscript><img decoding=\"async\" width=\"380\" height=\"238\" data-aspectratio=\"380\/238\" src=\"data:image\/gif;base64,R0lGODlhAQABAIAAAAAAAP\/\/\/yH5BAEAAAAALAAAAAABAAEAAAIBRAA7\" data-src=\"https:\/\/www.showdowndisplays.eu\/wp-content\/uploads\/2021\/01\/Product-photos-and-videos-3-380x238.jpg\" class=\"attachment-about-us size-about-us lazyload\" alt=\" width\" data-srcset=\"https:\/\/www.showdowndisplays.eu\/wp-content\/uploads\/2021\/01\/Product-photos-and-videos-3-380x238.jpg 380w, https:\/\/www.showdowndisplays.eu\/wp-content\/uploads\/2021\/01\/Product-photos-and-videos-3-432x270.jpg 432w, https:\/\/www.showdowndisplays.eu\/wp-content\/uploads\/2021\/01\/Product-photos-and-videos-3-1024x640.jpg 1024w, https:\/\/www.showdowndisplays.eu\/wp-content\/uploads\/2021\/01\/Product-photos-and-videos-3-768x480.jpg 768w, https:\/\/www.showdowndisplays.eu\/wp-content\/uploads\/2021\/01\/Product-photos-and-videos-3-1536x960.jpg 1536w, https:\/\/www.showdowndisplays.eu\/wp-content\/uploads\/2021\/01\/Product-photos-and-videos-3-96x60.jpg 96w, https:\/\/www.showdowndisplays.eu\/wp-content\/uploads\/2021\/01\/Product-photos-and-videos-3-200x125.jpg 200w, https:\/\/www.showdowndisplays.eu\/wp-content\/uploads\/2021\/01\/Product-photos-and-videos-3.jpg 1600w\" sizes=\"(max-width: 380px) 100vw, 380px\" \/><\/noscript>                <\/div>\r\n                <div class=\"marketing__content-wrapper global-style\">\r\n                                            <div class=\"marketing__title-wrapper\">\r\n                            <h3>Fotos y videos de los productos<\/h3>\r\n                        <\/div>\r\n                                        <div class=\"marketing__content\">\r\n                                            <\/div>\r\n                <\/div>\r\n\r\n                                    <a href=\"https:\/\/www.showdowndisplays.eu\/es\/apoyo-en-marketing\/fotos-y-videos-de-productos\/\" class=\"marketing__read-more link-with-arrow link-with-arrow--blue\">Le\u00e9r mas<\/a>\r\n                \r\n            <\/div>\r\n\r\n                                <div class=\"marketing__item marketing__item--4\">\r\n\r\n                <div class=\"marketing__image\">\r\n                    <img data-aspectratio=\"380\/238\" decoding=\"async\" width=\"380\" height=\"238\" data-aspectratio=\"380\/238\" src=\"data:image\/gif;base64,R0lGODlhAQABAIAAAAAAAP\/\/\/yH5BAEAAAAALAAAAAABAAEAAAIBRAA7\" data-src=\"https:\/\/www.showdowndisplays.eu\/wp-content\/uploads\/2021\/02\/20210113-Sample-box-4-380x238.jpg\" class=\"attachment-about-us size-about-us lazyload\" alt=\" width\" data-srcset=\"https:\/\/www.showdowndisplays.eu\/wp-content\/uploads\/2021\/02\/20210113-Sample-box-4-380x238.jpg 380w, https:\/\/www.showdowndisplays.eu\/wp-content\/uploads\/2021\/02\/20210113-Sample-box-4-431x270.jpg 431w, https:\/\/www.showdowndisplays.eu\/wp-content\/uploads\/2021\/02\/20210113-Sample-box-4-768x481.jpg 768w, https:\/\/www.showdowndisplays.eu\/wp-content\/uploads\/2021\/02\/20210113-Sample-box-4-96x60.jpg 96w, https:\/\/www.showdowndisplays.eu\/wp-content\/uploads\/2021\/02\/20210113-Sample-box-4-200x125.jpg 200w, https:\/\/www.showdowndisplays.eu\/wp-content\/uploads\/2021\/02\/20210113-Sample-box-4.jpg 896w\" sizes=\"(max-width: 380px) 100vw, 380px\" \/><noscript><img decoding=\"async\" width=\"380\" height=\"238\" data-aspectratio=\"380\/238\" src=\"data:image\/gif;base64,R0lGODlhAQABAIAAAAAAAP\/\/\/yH5BAEAAAAALAAAAAABAAEAAAIBRAA7\" data-src=\"https:\/\/www.showdowndisplays.eu\/wp-content\/uploads\/2021\/02\/20210113-Sample-box-4-380x238.jpg\" class=\"attachment-about-us size-about-us lazyload\" alt=\" width\" data-srcset=\"https:\/\/www.showdowndisplays.eu\/wp-content\/uploads\/2021\/02\/20210113-Sample-box-4-380x238.jpg 380w, https:\/\/www.showdowndisplays.eu\/wp-content\/uploads\/2021\/02\/20210113-Sample-box-4-431x270.jpg 431w, https:\/\/www.showdowndisplays.eu\/wp-content\/uploads\/2021\/02\/20210113-Sample-box-4-768x481.jpg 768w, https:\/\/www.showdowndisplays.eu\/wp-content\/uploads\/2021\/02\/20210113-Sample-box-4-96x60.jpg 96w, https:\/\/www.showdowndisplays.eu\/wp-content\/uploads\/2021\/02\/20210113-Sample-box-4-200x125.jpg 200w, https:\/\/www.showdowndisplays.eu\/wp-content\/uploads\/2021\/02\/20210113-Sample-box-4.jpg 896w\" sizes=\"(max-width: 380px) 100vw, 380px\" \/><\/noscript>                <\/div>\r\n                <div class=\"marketing__content-wrapper global-style\">\r\n                                            <div class=\"marketing__title-wrapper\">\r\n                            <h3>Sus propias muestras<\/h3>\r\n                        <\/div>\r\n                                        <div class=\"marketing__content\">\r\n                                            <\/div>\r\n                <\/div>\r\n\r\n                                    <a href=\"https:\/\/www.showdowndisplays.eu\/es\/apoyo-en-marketing\/sus-muestras-de-producto\/\" class=\"marketing__read-more link-with-arrow link-with-arrow--blue\">Le\u00e9r mas<\/a>\r\n                \r\n            <\/div>\r\n\r\n                                <div class=\"marketing__item marketing__item--4\">\r\n\r\n                <div class=\"marketing__image\">\r\n                    <img data-aspectratio=\"380\/238\" decoding=\"async\" width=\"380\" height=\"238\" data-aspectratio=\"380\/238\" src=\"data:image\/gif;base64,R0lGODlhAQABAIAAAAAAAP\/\/\/yH5BAEAAAAALAAAAAABAAEAAAIBRAA7\" data-src=\"https:\/\/www.showdowndisplays.eu\/wp-content\/uploads\/2021\/01\/Inspirational-content-2-380x238.png\" class=\"attachment-about-us size-about-us lazyload\" alt=\" width\" data-srcset=\"https:\/\/www.showdowndisplays.eu\/wp-content\/uploads\/2021\/01\/Inspirational-content-2-380x238.png 380w, https:\/\/www.showdowndisplays.eu\/wp-content\/uploads\/2021\/01\/Inspirational-content-2-432x270.png 432w, https:\/\/www.showdowndisplays.eu\/wp-content\/uploads\/2021\/01\/Inspirational-content-2-1024x640.png 1024w, https:\/\/www.showdowndisplays.eu\/wp-content\/uploads\/2021\/01\/Inspirational-content-2-768x480.png 768w, https:\/\/www.showdowndisplays.eu\/wp-content\/uploads\/2021\/01\/Inspirational-content-2-1536x960.png 1536w, https:\/\/www.showdowndisplays.eu\/wp-content\/uploads\/2021\/01\/Inspirational-content-2-96x60.png 96w, https:\/\/www.showdowndisplays.eu\/wp-content\/uploads\/2021\/01\/Inspirational-content-2-200x125.png 200w, https:\/\/www.showdowndisplays.eu\/wp-content\/uploads\/2021\/01\/Inspirational-content-2.png 1600w\" sizes=\"(max-width: 380px) 100vw, 380px\" \/><noscript><img decoding=\"async\" width=\"380\" height=\"238\" data-aspectratio=\"380\/238\" src=\"data:image\/gif;base64,R0lGODlhAQABAIAAAAAAAP\/\/\/yH5BAEAAAAALAAAAAABAAEAAAIBRAA7\" data-src=\"https:\/\/www.showdowndisplays.eu\/wp-content\/uploads\/2021\/01\/Inspirational-content-2-380x238.png\" class=\"attachment-about-us size-about-us lazyload\" alt=\" width\" data-srcset=\"https:\/\/www.showdowndisplays.eu\/wp-content\/uploads\/2021\/01\/Inspirational-content-2-380x238.png 380w, https:\/\/www.showdowndisplays.eu\/wp-content\/uploads\/2021\/01\/Inspirational-content-2-432x270.png 432w, https:\/\/www.showdowndisplays.eu\/wp-content\/uploads\/2021\/01\/Inspirational-content-2-1024x640.png 1024w, https:\/\/www.showdowndisplays.eu\/wp-content\/uploads\/2021\/01\/Inspirational-content-2-768x480.png 768w, https:\/\/www.showdowndisplays.eu\/wp-content\/uploads\/2021\/01\/Inspirational-content-2-1536x960.png 1536w, https:\/\/www.showdowndisplays.eu\/wp-content\/uploads\/2021\/01\/Inspirational-content-2-96x60.png 96w, https:\/\/www.showdowndisplays.eu\/wp-content\/uploads\/2021\/01\/Inspirational-content-2-200x125.png 200w, https:\/\/www.showdowndisplays.eu\/wp-content\/uploads\/2021\/01\/Inspirational-content-2.png 1600w\" sizes=\"(max-width: 380px) 100vw, 380px\" \/><\/noscript>                <\/div>\r\n                <div class=\"marketing__content-wrapper global-style\">\r\n                                            <div class=\"marketing__title-wrapper\">\r\n                            <h3>Contenido inspirador<\/h3>\r\n                        <\/div>\r\n                                        <div class=\"marketing__content\">\r\n                                            <\/div>\r\n                <\/div>\r\n\r\n                                    <a href=\"https:\/\/www.showdowndisplays.eu\/es\/apoyo-en-marketing\/contenido-inspirador\/\" class=\"marketing__read-more link-with-arrow link-with-arrow--blue\">Le\u00e9r mas<\/a>\r\n                \r\n            <\/div>\r\n\r\n                                <div class=\"marketing__item marketing__item--4\">\r\n\r\n                <div class=\"marketing__image\">\r\n                    <img data-aspectratio=\"380\/238\" decoding=\"async\" width=\"380\" height=\"238\" data-aspectratio=\"380\/238\" src=\"data:image\/gif;base64,R0lGODlhAQABAIAAAAAAAP\/\/\/yH5BAEAAAAALAAAAAABAAEAAAIBRAA7\" data-src=\"https:\/\/www.showdowndisplays.eu\/wp-content\/uploads\/2021\/01\/Practical-Information-2-380x238.jpg\" class=\"attachment-about-us size-about-us lazyload\" alt=\" width\" data-srcset=\"https:\/\/www.showdowndisplays.eu\/wp-content\/uploads\/2021\/01\/Practical-Information-2-380x238.jpg 380w, https:\/\/www.showdowndisplays.eu\/wp-content\/uploads\/2021\/01\/Practical-Information-2-431x270.jpg 431w, https:\/\/www.showdowndisplays.eu\/wp-content\/uploads\/2021\/01\/Practical-Information-2-1024x641.jpg 1024w, https:\/\/www.showdowndisplays.eu\/wp-content\/uploads\/2021\/01\/Practical-Information-2-768x481.jpg 768w, https:\/\/www.showdowndisplays.eu\/wp-content\/uploads\/2021\/01\/Practical-Information-2-1536x962.jpg 1536w, https:\/\/www.showdowndisplays.eu\/wp-content\/uploads\/2021\/01\/Practical-Information-2-96x60.jpg 96w, https:\/\/www.showdowndisplays.eu\/wp-content\/uploads\/2021\/01\/Practical-Information-2-200x125.jpg 200w, https:\/\/www.showdowndisplays.eu\/wp-content\/uploads\/2021\/01\/Practical-Information-2.jpg 1600w\" sizes=\"(max-width: 380px) 100vw, 380px\" \/><noscript><img decoding=\"async\" width=\"380\" height=\"238\" data-aspectratio=\"380\/238\" src=\"data:image\/gif;base64,R0lGODlhAQABAIAAAAAAAP\/\/\/yH5BAEAAAAALAAAAAABAAEAAAIBRAA7\" data-src=\"https:\/\/www.showdowndisplays.eu\/wp-content\/uploads\/2021\/01\/Practical-Information-2-380x238.jpg\" class=\"attachment-about-us size-about-us lazyload\" alt=\" width\" data-srcset=\"https:\/\/www.showdowndisplays.eu\/wp-content\/uploads\/2021\/01\/Practical-Information-2-380x238.jpg 380w, https:\/\/www.showdowndisplays.eu\/wp-content\/uploads\/2021\/01\/Practical-Information-2-431x270.jpg 431w, https:\/\/www.showdowndisplays.eu\/wp-content\/uploads\/2021\/01\/Practical-Information-2-1024x641.jpg 1024w, https:\/\/www.showdowndisplays.eu\/wp-content\/uploads\/2021\/01\/Practical-Information-2-768x481.jpg 768w, https:\/\/www.showdowndisplays.eu\/wp-content\/uploads\/2021\/01\/Practical-Information-2-1536x962.jpg 1536w, https:\/\/www.showdowndisplays.eu\/wp-content\/uploads\/2021\/01\/Practical-Information-2-96x60.jpg 96w, https:\/\/www.showdowndisplays.eu\/wp-content\/uploads\/2021\/01\/Practical-Information-2-200x125.jpg 200w, https:\/\/www.showdowndisplays.eu\/wp-content\/uploads\/2021\/01\/Practical-Information-2.jpg 1600w\" sizes=\"(max-width: 380px) 100vw, 380px\" \/><\/noscript>                <\/div>\r\n                <div class=\"marketing__content-wrapper global-style\">\r\n                                            <div class=\"marketing__title-wrapper\">\r\n                            <h3>Informaci\u00f3n pr\u00e1ctica<\/h3>\r\n                        <\/div>\r\n                                        <div class=\"marketing__content\">\r\n                                            <\/div>\r\n                <\/div>\r\n\r\n                                    <a href=\"https:\/\/www.showdowndisplays.eu\/es\/apoyo-en-marketing\/informacion-practica\/\" class=\"marketing__read-more link-with-arrow link-with-arrow--blue\">Le\u00e9r mas<\/a>\r\n                \r\n            <\/div>\r\n\r\n            <\/div>\r\n","protected":false},"excerpt":{"rendered":"<p>P\u00e1ginas relacionadas<\/p>\n","protected":false},"author":3,"featured_media":0,"parent":5277,"menu_order":0,"comment_status":"closed","ping_status":"closed","template":"","meta":{"_acf_changed":false,"footnotes":""},"class_list":["post-9274","page","type-page","status-publish","hentry"],"acf":[],"_links":{"self":[{"href":"https:\/\/www.showdowndisplays.eu\/es\/wp-json\/wp\/v2\/pages\/9274","targetHints":{"allow":["GET"]}}],"collection":[{"href":"https:\/\/www.showdowndisplays.eu\/es\/wp-json\/wp\/v2\/pages"}],"about":[{"href":"https:\/\/www.showdowndisplays.eu\/es\/wp-json\/wp\/v2\/types\/page"}],"author":[{"embeddable":true,"href":"https:\/\/www.showdowndisplays.eu\/es\/wp-json\/wp\/v2\/users\/3"}],"replies":[{"embeddable":true,"href":"https:\/\/www.showdowndisplays.eu\/es\/wp-json\/wp\/v2\/comments?post=9274"}],"version-history":[{"count":20,"href":"https:\/\/www.showdowndisplays.eu\/es\/wp-json\/wp\/v2\/pages\/9274\/revisions"}],"predecessor-version":[{"id":53157,"href":"https:\/\/www.showdowndisplays.eu\/es\/wp-json\/wp\/v2\/pages\/9274\/revisions\/53157"}],"up":[{"embeddable":true,"href":"https:\/\/www.showdowndisplays.eu\/es\/wp-json\/wp\/v2\/pages\/5277"}],"wp:attachment":[{"href":"https:\/\/www.showdowndisplays.eu\/es\/wp-json\/wp\/v2\/media?parent=9274"}],"curies":[{"name":"wp","href":"https:\/\/api.w.org\/{rel}","templated":true}]}}