{"id":8250,"date":"2020-12-11T14:14:17","date_gmt":"2020-12-11T14:14:17","guid":{"rendered":"https:\/\/www.showdowndisplays.eu\/customisation\/"},"modified":"2021-08-24T09:13:15","modified_gmt":"2021-08-24T09:13:15","slug":"personalizacion","status":"publish","type":"page","link":"https:\/\/www.showdowndisplays.eu\/es\/personalizacion\/","title":{"rendered":"Personalizaci\u00f3n"},"content":{"rendered":"\n<div class=\"wp-block-media-text alignwide has-media-on-the-right is-stacked-on-mobile is-image-fill image-text-2\" style=\"grid-template-columns:auto 53%\"><figure class=\"wp-block-media-text__media\" style=\"background-image:url(https:\/\/www.showdowndisplays.eu\/wp-content\/uploads\/2020\/12\/IMG_5923_edit_res-1024x683.jpg);background-position:50% 50%\"><img data-aspectratio=\"1024\/683\" src=\"data:image\/gif;base64,R0lGODlhAQABAIAAAAAAAP\/\/\/yH5BAEAAAAALAAAAAABAAEAAAIBRAA7\" decoding=\"async\" width=\"1024\" height=\"683\" data-src=\"https:\/\/www.showdowndisplays.eu\/wp-content\/uploads\/2020\/12\/IMG_5923_edit_res-1024x683.jpg\" alt=\"\" class=\"wp-image-5500 lazyload\" data-srcset=\"https:\/\/www.showdowndisplays.eu\/wp-content\/uploads\/2020\/12\/IMG_5923_edit_res-1024x683.jpg 1024w, https:\/\/www.showdowndisplays.eu\/wp-content\/uploads\/2020\/12\/IMG_5923_edit_res-405x270.jpg 405w, https:\/\/www.showdowndisplays.eu\/wp-content\/uploads\/2020\/12\/IMG_5923_edit_res-768x512.jpg 768w, https:\/\/www.showdowndisplays.eu\/wp-content\/uploads\/2020\/12\/IMG_5923_edit_res-380x253.jpg 380w, https:\/\/www.showdowndisplays.eu\/wp-content\/uploads\/2020\/12\/IMG_5923_edit_res-96x64.jpg 96w, https:\/\/www.showdowndisplays.eu\/wp-content\/uploads\/2020\/12\/IMG_5923_edit_res-200x133.jpg 200w, https:\/\/www.showdowndisplays.eu\/wp-content\/uploads\/2020\/12\/IMG_5923_edit_res.jpg 1296w\" sizes=\"(max-width: 1024px) 100vw, 1024px\" \/><noscript><img decoding=\"async\" width=\"1024\" height=\"683\" src=\"https:\/\/www.showdowndisplays.eu\/wp-content\/uploads\/2020\/12\/IMG_5923_edit_res-1024x683.jpg\" alt=\"\" class=\"wp-image-5500\" srcset=\"https:\/\/www.showdowndisplays.eu\/wp-content\/uploads\/2020\/12\/IMG_5923_edit_res-1024x683.jpg 1024w, https:\/\/www.showdowndisplays.eu\/wp-content\/uploads\/2020\/12\/IMG_5923_edit_res-405x270.jpg 405w, https:\/\/www.showdowndisplays.eu\/wp-content\/uploads\/2020\/12\/IMG_5923_edit_res-768x512.jpg 768w, https:\/\/www.showdowndisplays.eu\/wp-content\/uploads\/2020\/12\/IMG_5923_edit_res-380x253.jpg 380w, https:\/\/www.showdowndisplays.eu\/wp-content\/uploads\/2020\/12\/IMG_5923_edit_res-96x64.jpg 96w, https:\/\/www.showdowndisplays.eu\/wp-content\/uploads\/2020\/12\/IMG_5923_edit_res-200x133.jpg 200w, https:\/\/www.showdowndisplays.eu\/wp-content\/uploads\/2020\/12\/IMG_5923_edit_res.jpg 1296w\" sizes=\"(max-width: 1024px) 100vw, 1024px\" \/><\/noscript><\/figure><div class=\"wp-block-media-text__content\">\n<h2 class=\"wp-block-heading\">\u00a1Atr\u00e9vase a destacar!<\/h2>\n\n\n\n<p>Sea creativo y deje que sus sue\u00f1os se hagan realidad. Ense\u00f1e una marca y productos con un concepto diferente, destaque entre la multitud y atr\u00e9vase a ser diferente.<\/p>\n\n\n\n<p>\u00a1Un toque personal marca la diferencia! Aunque disponemos de uno de los portafolios m\u00e1s amplios de toda Europa y contamos con m\u00e1s de 6400 art\u00edculos a escoger, tambi\u00e9n estamos dispuestos a valorar sus necesidades espec\u00edficas para ofrecerle una soluci\u00f3n personalizada. \u00bfQuiere saber c\u00f3mo lo hacemos? Aqu\u00ed se lo presentamos:<\/p>\n<\/div><\/div>\n\n\n\n<div class=\"wp-block-columns columns-with-background is-layout-flex wp-container-core-columns-is-layout-9d6595d7 wp-block-columns-is-layout-flex\">\n<div class=\"wp-block-column is-layout-flow wp-block-column-is-layout-flow\">\n<div class=\"wp-block-image\"><figure class=\"aligncenter size-large is-resized\"><img data-aspectratio=\"132\/132\" src=\"data:image\/gif;base64,R0lGODlhAQABAIAAAAAAAP\/\/\/yH5BAEAAAAALAAAAAABAAEAAAIBRAA7\" decoding=\"async\" data-src=\"https:\/\/www.showdowndisplays.eu\/wp-content\/uploads\/2020\/12\/Request-2.png\" alt=\"\" class=\"wp-image-6013 lazyload\" width=\"132\" height=\"132\" data-srcset=\"https:\/\/www.showdowndisplays.eu\/wp-content\/uploads\/2020\/12\/Request-2.png 507w, https:\/\/www.showdowndisplays.eu\/wp-content\/uploads\/2020\/12\/Request-2-270x270.png 270w, https:\/\/www.showdowndisplays.eu\/wp-content\/uploads\/2020\/12\/Request-2-380x380.png 380w, https:\/\/www.showdowndisplays.eu\/wp-content\/uploads\/2020\/12\/Request-2-96x96.png 96w, https:\/\/www.showdowndisplays.eu\/wp-content\/uploads\/2020\/12\/Request-2-200x200.png 200w\" sizes=\"(max-width: 132px) 100vw, 132px\" \/><noscript><img decoding=\"async\" src=\"https:\/\/www.showdowndisplays.eu\/wp-content\/uploads\/2020\/12\/Request-2.png\" alt=\"\" class=\"wp-image-6013\" width=\"132\" height=\"132\" srcset=\"https:\/\/www.showdowndisplays.eu\/wp-content\/uploads\/2020\/12\/Request-2.png 507w, https:\/\/www.showdowndisplays.eu\/wp-content\/uploads\/2020\/12\/Request-2-270x270.png 270w, https:\/\/www.showdowndisplays.eu\/wp-content\/uploads\/2020\/12\/Request-2-380x380.png 380w, https:\/\/www.showdowndisplays.eu\/wp-content\/uploads\/2020\/12\/Request-2-96x96.png 96w, https:\/\/www.showdowndisplays.eu\/wp-content\/uploads\/2020\/12\/Request-2-200x200.png 200w\" sizes=\"(max-width: 132px) 100vw, 132px\" \/><\/noscript><\/figure><\/div>\n\n\n\n<h4 class=\"has-text-align-center wp-block-heading\">1. <strong><strong>Pedido<\/strong><\/strong><\/h4>\n\n\n\n<p class=\"has-text-align-center\">Tiene una necesidad especial que no se ajusta a ninguno de los productos de nuestro portafolio. Por ejemplo, necesitar\u00eda un producto de otro color, de otro tama\u00f1o o un dise\u00f1o diferente. Es el momento de ponerse en contacto con nosotros para que valoremos las opciones.<\/p>\n<\/div>\n\n\n\n<div class=\"wp-block-column is-layout-flow wp-block-column-is-layout-flow\">\n<div class=\"wp-block-image\"><figure class=\"aligncenter size-large is-resized\"><img data-aspectratio=\"132\/132\" src=\"data:image\/gif;base64,R0lGODlhAQABAIAAAAAAAP\/\/\/yH5BAEAAAAALAAAAAABAAEAAAIBRAA7\" decoding=\"async\" data-src=\"https:\/\/www.showdowndisplays.eu\/wp-content\/uploads\/2020\/12\/Consultation-1.png\" alt=\"\" class=\"wp-image-5976 lazyload\" width=\"132\" height=\"132\" data-srcset=\"https:\/\/www.showdowndisplays.eu\/wp-content\/uploads\/2020\/12\/Consultation-1.png 507w, https:\/\/www.showdowndisplays.eu\/wp-content\/uploads\/2020\/12\/Consultation-1-270x270.png 270w, https:\/\/www.showdowndisplays.eu\/wp-content\/uploads\/2020\/12\/Consultation-1-380x380.png 380w, https:\/\/www.showdowndisplays.eu\/wp-content\/uploads\/2020\/12\/Consultation-1-96x96.png 96w, https:\/\/www.showdowndisplays.eu\/wp-content\/uploads\/2020\/12\/Consultation-1-200x200.png 200w\" sizes=\"(max-width: 132px) 100vw, 132px\" \/><noscript><img decoding=\"async\" src=\"https:\/\/www.showdowndisplays.eu\/wp-content\/uploads\/2020\/12\/Consultation-1.png\" alt=\"\" class=\"wp-image-5976\" width=\"132\" height=\"132\" srcset=\"https:\/\/www.showdowndisplays.eu\/wp-content\/uploads\/2020\/12\/Consultation-1.png 507w, https:\/\/www.showdowndisplays.eu\/wp-content\/uploads\/2020\/12\/Consultation-1-270x270.png 270w, https:\/\/www.showdowndisplays.eu\/wp-content\/uploads\/2020\/12\/Consultation-1-380x380.png 380w, https:\/\/www.showdowndisplays.eu\/wp-content\/uploads\/2020\/12\/Consultation-1-96x96.png 96w, https:\/\/www.showdowndisplays.eu\/wp-content\/uploads\/2020\/12\/Consultation-1-200x200.png 200w\" sizes=\"(max-width: 132px) 100vw, 132px\" \/><\/noscript><\/figure><\/div>\n\n\n\n<h4 class=\"has-text-align-center wp-block-heading\">2. <strong><strong>Reuni\u00f3n<\/strong><\/strong><\/h4>\n\n\n\n<p class=\"has-text-align-center\">Agendamos una reuni\u00f3n con el objetivo de centrarnos en su solicitud y los requisitos que necesite para poder ofrecerle una soluci\u00f3n personalizada. De esta manera pretendemos conseguir que el producto final vaya alineado con el dise\u00f1o que desea y con su presupuesto.<\/p>\n<\/div>\n\n\n\n<div class=\"wp-block-column is-layout-flow wp-block-column-is-layout-flow\">\n<div class=\"wp-block-image\"><figure class=\"aligncenter size-large is-resized\"><img data-aspectratio=\"132\/132\" src=\"data:image\/gif;base64,R0lGODlhAQABAIAAAAAAAP\/\/\/yH5BAEAAAAALAAAAAABAAEAAAIBRAA7\" decoding=\"async\" data-src=\"https:\/\/www.showdowndisplays.eu\/wp-content\/uploads\/2020\/12\/Manufacturing.png\" alt=\"\" class=\"wp-image-5983 lazyload\" width=\"132\" height=\"132\" data-srcset=\"https:\/\/www.showdowndisplays.eu\/wp-content\/uploads\/2020\/12\/Manufacturing.png 507w, https:\/\/www.showdowndisplays.eu\/wp-content\/uploads\/2020\/12\/Manufacturing-270x270.png 270w, https:\/\/www.showdowndisplays.eu\/wp-content\/uploads\/2020\/12\/Manufacturing-380x380.png 380w, https:\/\/www.showdowndisplays.eu\/wp-content\/uploads\/2020\/12\/Manufacturing-96x96.png 96w, https:\/\/www.showdowndisplays.eu\/wp-content\/uploads\/2020\/12\/Manufacturing-200x200.png 200w\" sizes=\"(max-width: 132px) 100vw, 132px\" \/><noscript><img decoding=\"async\" src=\"https:\/\/www.showdowndisplays.eu\/wp-content\/uploads\/2020\/12\/Manufacturing.png\" alt=\"\" class=\"wp-image-5983\" width=\"132\" height=\"132\" srcset=\"https:\/\/www.showdowndisplays.eu\/wp-content\/uploads\/2020\/12\/Manufacturing.png 507w, https:\/\/www.showdowndisplays.eu\/wp-content\/uploads\/2020\/12\/Manufacturing-270x270.png 270w, https:\/\/www.showdowndisplays.eu\/wp-content\/uploads\/2020\/12\/Manufacturing-380x380.png 380w, https:\/\/www.showdowndisplays.eu\/wp-content\/uploads\/2020\/12\/Manufacturing-96x96.png 96w, https:\/\/www.showdowndisplays.eu\/wp-content\/uploads\/2020\/12\/Manufacturing-200x200.png 200w\" sizes=\"(max-width: 132px) 100vw, 132px\" \/><\/noscript><\/figure><\/div>\n\n\n\n<h4 class=\"has-text-align-center wp-block-heading\">3. <strong><strong>Fabricaci\u00f3n<\/strong><\/strong><\/h4>\n\n\n\n<p class=\"has-text-align-center\">Una vez aprobada su petici\u00f3n, nuestro departamento de desarrollo formado por un equipo de ingenieros con experiencia pondr\u00e1 en marcha la fabricaci\u00f3n de su producto personalizado. En Europa tenemos nuestra propia f\u00e1brica que se encuentra en P\u0159estanov (Rep. Checa).<\/p>\n<\/div>\n<\/div>\n\n\n\n<div class=\"wp-block-media-text alignwide is-stacked-on-mobile is-image-fill image-text-2\" style=\"grid-template-columns:58% auto\"><figure class=\"wp-block-media-text__media\" style=\"background-image:url(https:\/\/www.showdowndisplays.eu\/wp-content\/uploads\/2020\/12\/IMG_5980_edit_res-1-1024x683.jpg);background-position:31% 31%\"><img data-aspectratio=\"1024\/683\" src=\"data:image\/gif;base64,R0lGODlhAQABAIAAAAAAAP\/\/\/yH5BAEAAAAALAAAAAABAAEAAAIBRAA7\" decoding=\"async\" width=\"1024\" height=\"683\" data-src=\"https:\/\/www.showdowndisplays.eu\/wp-content\/uploads\/2020\/12\/IMG_5980_edit_res-1-1024x683.jpg\" alt=\"\" class=\"wp-image-5842 lazyload\" data-srcset=\"https:\/\/www.showdowndisplays.eu\/wp-content\/uploads\/2020\/12\/IMG_5980_edit_res-1-1024x683.jpg 1024w, https:\/\/www.showdowndisplays.eu\/wp-content\/uploads\/2020\/12\/IMG_5980_edit_res-1-405x270.jpg 405w, https:\/\/www.showdowndisplays.eu\/wp-content\/uploads\/2020\/12\/IMG_5980_edit_res-1-768x512.jpg 768w, https:\/\/www.showdowndisplays.eu\/wp-content\/uploads\/2020\/12\/IMG_5980_edit_res-1-380x253.jpg 380w, https:\/\/www.showdowndisplays.eu\/wp-content\/uploads\/2020\/12\/IMG_5980_edit_res-1-96x64.jpg 96w, https:\/\/www.showdowndisplays.eu\/wp-content\/uploads\/2020\/12\/IMG_5980_edit_res-1-200x133.jpg 200w, https:\/\/www.showdowndisplays.eu\/wp-content\/uploads\/2020\/12\/IMG_5980_edit_res-1.jpg 1296w\" sizes=\"(max-width: 1024px) 100vw, 1024px\" \/><noscript><img decoding=\"async\" width=\"1024\" height=\"683\" src=\"https:\/\/www.showdowndisplays.eu\/wp-content\/uploads\/2020\/12\/IMG_5980_edit_res-1-1024x683.jpg\" alt=\"\" class=\"wp-image-5842\" srcset=\"https:\/\/www.showdowndisplays.eu\/wp-content\/uploads\/2020\/12\/IMG_5980_edit_res-1-1024x683.jpg 1024w, https:\/\/www.showdowndisplays.eu\/wp-content\/uploads\/2020\/12\/IMG_5980_edit_res-1-405x270.jpg 405w, https:\/\/www.showdowndisplays.eu\/wp-content\/uploads\/2020\/12\/IMG_5980_edit_res-1-768x512.jpg 768w, https:\/\/www.showdowndisplays.eu\/wp-content\/uploads\/2020\/12\/IMG_5980_edit_res-1-380x253.jpg 380w, https:\/\/www.showdowndisplays.eu\/wp-content\/uploads\/2020\/12\/IMG_5980_edit_res-1-96x64.jpg 96w, https:\/\/www.showdowndisplays.eu\/wp-content\/uploads\/2020\/12\/IMG_5980_edit_res-1-200x133.jpg 200w, https:\/\/www.showdowndisplays.eu\/wp-content\/uploads\/2020\/12\/IMG_5980_edit_res-1.jpg 1296w\" sizes=\"(max-width: 1024px) 100vw, 1024px\" \/><\/noscript><\/figure><div class=\"wp-block-media-text__content\">\n<h2 class=\"wp-block-heading\" id=\"block-78edcdf5-6649-4c2c-a830-368fe35a7072\">S\u00f3lo cuando usted est\u00e1 satisfecho, nosotros tambi\u00e9n lo estamos<\/h2>\n\n\n\n<p>Con este procedimiento intentamos conseguir el resultado que deseado y que pueda disfrutar de su soluci\u00f3n personalizada.<\/p>\n\n\n\n<p>\u00bfTiene alguna petici\u00f3n m\u00e1s? \u00bfTal vez realizar un <strong>env\u00edo neutro, un embalaje individual, su branding, c\u00f3digo de barras<\/strong> u otra cosa? \u00a1Todo es posible!<\/p>\n\n\n\n<p>Su satisfacci\u00f3n es nuestra prioridad absoluta. Ofrecemos eficiencia, funcionalidad, dise\u00f1o moderno y plazos de entrega cortos a precios m\u00e1s que asequibles. Deposite su confianza en nuestro dise\u00f1o, nuestra producci\u00f3n y nuestros equipos de ventas para alcanzar sus altas expectativas.<\/p>\n<\/div><\/div>\n\n\n\n<div style=\"height:20px\" aria-hidden=\"true\" class=\"wp-block-spacer\"><\/div>\n\n\n\r\n        <\/div>\r\n    <\/div>\r\n\r\n    <div id=\"team-text-image-block_602126a5901ef\" class=\"team-text-image\">\r\n        <div class=\"content content--smaller\">\r\n            <div class=\"team-text-image__text image-text--light global-style\">\r\n                <h2>Creamos tu soluci\u00f3n<\/h2>\n\n\n            <\/div>\r\n                                    <\/div>\r\n    <\/div>\r\n\r\n    <div class=\"content content--smaller\">\r\n        <div class=\"global-style\">\r\n\r\n\r\n\n\n\n<div style=\"height:100px\" aria-hidden=\"true\" class=\"wp-block-spacer\"><\/div>\n\n\n\n<h2 class=\"has-text-align-center wp-block-heading\">P\u00e1ginas relacionadas<\/h2>\n\n\n    <div class=\"marketing\">\r\n                                <div class=\"marketing__item marketing__item--3\">\r\n\r\n                <div class=\"marketing__image\">\r\n                    <img data-aspectratio=\"380\/238\" decoding=\"async\" width=\"380\" height=\"238\" data-aspectratio=\"380\/238\" src=\"data:image\/gif;base64,R0lGODlhAQABAIAAAAAAAP\/\/\/yH5BAEAAAAALAAAAAABAAEAAAIBRAA7\" data-src=\"https:\/\/www.showdowndisplays.eu\/wp-content\/uploads\/2021\/08\/Partnership_related-pages-380x238.jpg\" class=\"attachment-about-us size-about-us lazyload\" alt=\"Showdown-marketingsupport\" data-srcset=\"https:\/\/www.showdowndisplays.eu\/wp-content\/uploads\/2021\/08\/Partnership_related-pages-380x238.jpg 380w, https:\/\/www.showdowndisplays.eu\/wp-content\/uploads\/2021\/08\/Partnership_related-pages-432x270.jpg 432w, https:\/\/www.showdowndisplays.eu\/wp-content\/uploads\/2021\/08\/Partnership_related-pages-768x480.jpg 768w, https:\/\/www.showdowndisplays.eu\/wp-content\/uploads\/2021\/08\/Partnership_related-pages-96x60.jpg 96w, https:\/\/www.showdowndisplays.eu\/wp-content\/uploads\/2021\/08\/Partnership_related-pages-200x125.jpg 200w, https:\/\/www.showdowndisplays.eu\/wp-content\/uploads\/2021\/08\/Partnership_related-pages.jpg 800w\" sizes=\"(max-width: 380px) 100vw, 380px\" \/><noscript><img decoding=\"async\" width=\"380\" height=\"238\" data-aspectratio=\"380\/238\" src=\"data:image\/gif;base64,R0lGODlhAQABAIAAAAAAAP\/\/\/yH5BAEAAAAALAAAAAABAAEAAAIBRAA7\" data-src=\"https:\/\/www.showdowndisplays.eu\/wp-content\/uploads\/2021\/08\/Partnership_related-pages-380x238.jpg\" class=\"attachment-about-us size-about-us lazyload\" alt=\"Showdown-marketingsupport\" data-srcset=\"https:\/\/www.showdowndisplays.eu\/wp-content\/uploads\/2021\/08\/Partnership_related-pages-380x238.jpg 380w, https:\/\/www.showdowndisplays.eu\/wp-content\/uploads\/2021\/08\/Partnership_related-pages-432x270.jpg 432w, https:\/\/www.showdowndisplays.eu\/wp-content\/uploads\/2021\/08\/Partnership_related-pages-768x480.jpg 768w, https:\/\/www.showdowndisplays.eu\/wp-content\/uploads\/2021\/08\/Partnership_related-pages-96x60.jpg 96w, https:\/\/www.showdowndisplays.eu\/wp-content\/uploads\/2021\/08\/Partnership_related-pages-200x125.jpg 200w, https:\/\/www.showdowndisplays.eu\/wp-content\/uploads\/2021\/08\/Partnership_related-pages.jpg 800w\" sizes=\"(max-width: 380px) 100vw, 380px\" \/><\/noscript>                <\/div>\r\n                <div class=\"marketing__content-wrapper global-style\">\r\n                                            <div class=\"marketing__title-wrapper\">\r\n                            <h3>Colaboraci\u00f3n<\/h3>\r\n                        <\/div>\r\n                                        <div class=\"marketing__content\">\r\n                                            <\/div>\r\n                <\/div>\r\n\r\n                                    <a href=\"https:\/\/www.showdowndisplays.eu\/es\/colaboracion\/\"  class=\"marketing__read-more link-with-arrow link-with-arrow--blue\">Le\u00e9r mas<\/a>\r\n                \r\n            <\/div>\r\n\r\n                                <div class=\"marketing__item marketing__item--3\">\r\n\r\n                <div class=\"marketing__image\">\r\n                    <img data-aspectratio=\"380\/238\" decoding=\"async\" width=\"380\" height=\"238\" data-aspectratio=\"380\/238\" src=\"data:image\/gif;base64,R0lGODlhAQABAIAAAAAAAP\/\/\/yH5BAEAAAAALAAAAAABAAEAAAIBRAA7\" data-src=\"https:\/\/www.showdowndisplays.eu\/wp-content\/uploads\/2021\/01\/Product-photos-and-videos-3-380x238.jpg\" class=\"attachment-about-us size-about-us lazyload\" alt=\" width\" data-srcset=\"https:\/\/www.showdowndisplays.eu\/wp-content\/uploads\/2021\/01\/Product-photos-and-videos-3-380x238.jpg 380w, https:\/\/www.showdowndisplays.eu\/wp-content\/uploads\/2021\/01\/Product-photos-and-videos-3-432x270.jpg 432w, https:\/\/www.showdowndisplays.eu\/wp-content\/uploads\/2021\/01\/Product-photos-and-videos-3-1024x640.jpg 1024w, https:\/\/www.showdowndisplays.eu\/wp-content\/uploads\/2021\/01\/Product-photos-and-videos-3-768x480.jpg 768w, https:\/\/www.showdowndisplays.eu\/wp-content\/uploads\/2021\/01\/Product-photos-and-videos-3-1536x960.jpg 1536w, https:\/\/www.showdowndisplays.eu\/wp-content\/uploads\/2021\/01\/Product-photos-and-videos-3-96x60.jpg 96w, https:\/\/www.showdowndisplays.eu\/wp-content\/uploads\/2021\/01\/Product-photos-and-videos-3-200x125.jpg 200w, https:\/\/www.showdowndisplays.eu\/wp-content\/uploads\/2021\/01\/Product-photos-and-videos-3.jpg 1600w\" sizes=\"(max-width: 380px) 100vw, 380px\" \/><noscript><img decoding=\"async\" width=\"380\" height=\"238\" data-aspectratio=\"380\/238\" src=\"data:image\/gif;base64,R0lGODlhAQABAIAAAAAAAP\/\/\/yH5BAEAAAAALAAAAAABAAEAAAIBRAA7\" data-src=\"https:\/\/www.showdowndisplays.eu\/wp-content\/uploads\/2021\/01\/Product-photos-and-videos-3-380x238.jpg\" class=\"attachment-about-us size-about-us lazyload\" alt=\" width\" data-srcset=\"https:\/\/www.showdowndisplays.eu\/wp-content\/uploads\/2021\/01\/Product-photos-and-videos-3-380x238.jpg 380w, https:\/\/www.showdowndisplays.eu\/wp-content\/uploads\/2021\/01\/Product-photos-and-videos-3-432x270.jpg 432w, https:\/\/www.showdowndisplays.eu\/wp-content\/uploads\/2021\/01\/Product-photos-and-videos-3-1024x640.jpg 1024w, https:\/\/www.showdowndisplays.eu\/wp-content\/uploads\/2021\/01\/Product-photos-and-videos-3-768x480.jpg 768w, https:\/\/www.showdowndisplays.eu\/wp-content\/uploads\/2021\/01\/Product-photos-and-videos-3-1536x960.jpg 1536w, https:\/\/www.showdowndisplays.eu\/wp-content\/uploads\/2021\/01\/Product-photos-and-videos-3-96x60.jpg 96w, https:\/\/www.showdowndisplays.eu\/wp-content\/uploads\/2021\/01\/Product-photos-and-videos-3-200x125.jpg 200w, https:\/\/www.showdowndisplays.eu\/wp-content\/uploads\/2021\/01\/Product-photos-and-videos-3.jpg 1600w\" sizes=\"(max-width: 380px) 100vw, 380px\" \/><\/noscript>                <\/div>\r\n                <div class=\"marketing__content-wrapper global-style\">\r\n                                            <div class=\"marketing__title-wrapper\">\r\n                            <h3>Apoyo en marketing<\/h3>\r\n                        <\/div>\r\n                                        <div class=\"marketing__content\">\r\n                                            <\/div>\r\n                <\/div>\r\n\r\n                                    <a href=\"https:\/\/www.showdowndisplays.eu\/es\/apoyo-en-marketing\/\"  class=\"marketing__read-more link-with-arrow link-with-arrow--blue\">Le\u00e9r mas<\/a>\r\n                \r\n            <\/div>\r\n\r\n            <\/div>\r\n","protected":false},"excerpt":{"rendered":"<p>\u00a1Atr\u00e9vase a destacar! Sea creativo y deje que sus sue\u00f1os se hagan realidad. Ense\u00f1e una marca y productos con un&#8230;<\/p>\n","protected":false},"author":3,"featured_media":0,"parent":0,"menu_order":2,"comment_status":"closed","ping_status":"closed","template":"","meta":{"_acf_changed":false,"footnotes":""},"class_list":["post-8250","page","type-page","status-publish","hentry"],"acf":[],"_links":{"self":[{"href":"https:\/\/www.showdowndisplays.eu\/es\/wp-json\/wp\/v2\/pages\/8250","targetHints":{"allow":["GET"]}}],"collection":[{"href":"https:\/\/www.showdowndisplays.eu\/es\/wp-json\/wp\/v2\/pages"}],"about":[{"href":"https:\/\/www.showdowndisplays.eu\/es\/wp-json\/wp\/v2\/types\/page"}],"author":[{"embeddable":true,"href":"https:\/\/www.showdowndisplays.eu\/es\/wp-json\/wp\/v2\/users\/3"}],"replies":[{"embeddable":true,"href":"https:\/\/www.showdowndisplays.eu\/es\/wp-json\/wp\/v2\/comments?post=8250"}],"version-history":[{"count":8,"href":"https:\/\/www.showdowndisplays.eu\/es\/wp-json\/wp\/v2\/pages\/8250\/revisions"}],"predecessor-version":[{"id":13665,"href":"https:\/\/www.showdowndisplays.eu\/es\/wp-json\/wp\/v2\/pages\/8250\/revisions\/13665"}],"wp:attachment":[{"href":"https:\/\/www.showdowndisplays.eu\/es\/wp-json\/wp\/v2\/media?parent=8250"}],"curies":[{"name":"wp","href":"https:\/\/api.w.org\/{rel}","templated":true}]}}