{"id":5417,"date":"2020-11-20T14:42:55","date_gmt":"2020-11-20T14:42:55","guid":{"rendered":"https:\/\/www.showdowndisplays.eu\/video-embed-codes\/"},"modified":"2021-04-02T10:09:39","modified_gmt":"2021-04-02T10:09:39","slug":"video-embed-codes","status":"publish","type":"page","link":"https:\/\/www.showdowndisplays.eu\/es\/apoyo-en-marketing\/videos-instructivos\/video-embed-codes\/","title":{"rendered":"Video Embed Codes"},"content":{"rendered":"\n<div class=\"wp-block-group block-white-background\"><div class=\"wp-block-group__inner-container is-layout-flow wp-block-group-is-layout-flow\">\n<h2 class=\"wp-block-heading\">\u00bfC\u00f3mo empezar?<\/h2>\n\n\n\n<p>Deber\u00eda seguir los siguientes pasos: Los c\u00f3digos nuevos est\u00e1n disponibles para su descarga a trav\u00e9s del bot\u00f3n debajo y tambi\u00e9n se pueden encontrar en nuestra plataforma Online Reseller Platform.<\/p>\n\n\n\n<div class=\"wp-block-buttons is-layout-flex wp-block-buttons-is-layout-flex\">\n<div class=\"wp-block-button\"><a class=\"wp-block-button__link\" href=\"mailto:marketing@showdowndisplays.eu\">Solicite el listado Excel con c\u00f3digos de videos<\/a><\/div>\n<\/div>\n\n\n\n<p><strong>P\u00eddale a su administrador de la p\u00e1gina web que inserte nuevos c\u00f3digos o sustituya los c\u00f3digos usted mismo siguiendo estos pasos:<\/strong><\/p>\n\n\n\n<ol class=\"wp-block-list\"><li>Coja nuestro resumen con los nuevos c\u00f3digos de videos.<\/li><li>Copie el c\u00f3digo de incrustaci\u00f3n del v\u00eddeo que le gustar\u00eda utilizar.<\/li><li>Vaya al sitio web en el que desea visualizar el v\u00eddeo.<\/li><li>Abra el editor del c\u00f3digo.<\/li><li>Sustituya el c\u00f3digo antiguo por el c\u00f3digo nuevo.<\/li><\/ol>\n\n\n\n<p>\u00a1Y ya est\u00e1!<\/p>\n<\/div><\/div>\n\n\n\n<div style=\"height:20px\" aria-hidden=\"true\" class=\"wp-block-spacer\"><\/div>\n\n\n\n<div class=\"wp-block-group block-white-background\"><div class=\"wp-block-group__inner-container is-layout-flow wp-block-group-is-layout-flow\">\n<h2 class=\"wp-block-heading\">\u00bfTiene alguna pregunta? \u00a1H\u00e1ganos saber!<\/h2>\n\n\n\n<p>Entendemos que pueden surgir preguntas. \u00bfHa encontrado problemas a la hora de implementar los c\u00f3digos o a lo mejor tiene alguna pregunta sobre este servicio que le ofrecemos? \u00a1Por favor, no dude en contactar con el equipo de marketing de Showdown Displays Europe, estamos listos para ayudarle!<\/p>\n\n\n\n<div class=\"wp-block-buttons is-layout-flex wp-block-buttons-is-layout-flex\">\n<div class=\"wp-block-button\"><a class=\"wp-block-button__link has-white-color has-luminous-vivid-amber-background-color has-text-color has-background\" href=\"mailto:marketing@showdowndisplays.eu\">Tengo una pregunta<\/a><\/div>\n<\/div>\n<\/div><\/div>\n","protected":false},"excerpt":{"rendered":"<p>\u00bfC\u00f3mo empezar? Deber\u00eda seguir los siguientes pasos: Los c\u00f3digos nuevos est\u00e1n disponibles para su descarga a trav\u00e9s del bot\u00f3n debajo&#8230;<\/p>\n","protected":false},"author":3,"featured_media":0,"parent":5288,"menu_order":0,"comment_status":"closed","ping_status":"closed","template":"","meta":{"_acf_changed":false,"footnotes":""},"class_list":["post-5417","page","type-page","status-publish","hentry"],"acf":[],"_links":{"self":[{"href":"https:\/\/www.showdowndisplays.eu\/es\/wp-json\/wp\/v2\/pages\/5417","targetHints":{"allow":["GET"]}}],"collection":[{"href":"https:\/\/www.showdowndisplays.eu\/es\/wp-json\/wp\/v2\/pages"}],"about":[{"href":"https:\/\/www.showdowndisplays.eu\/es\/wp-json\/wp\/v2\/types\/page"}],"author":[{"embeddable":true,"href":"https:\/\/www.showdowndisplays.eu\/es\/wp-json\/wp\/v2\/users\/3"}],"replies":[{"embeddable":true,"href":"https:\/\/www.showdowndisplays.eu\/es\/wp-json\/wp\/v2\/comments?post=5417"}],"version-history":[{"count":6,"href":"https:\/\/www.showdowndisplays.eu\/es\/wp-json\/wp\/v2\/pages\/5417\/revisions"}],"predecessor-version":[{"id":9483,"href":"https:\/\/www.showdowndisplays.eu\/es\/wp-json\/wp\/v2\/pages\/5417\/revisions\/9483"}],"up":[{"embeddable":true,"href":"https:\/\/www.showdowndisplays.eu\/es\/wp-json\/wp\/v2\/pages\/5288"}],"wp:attachment":[{"href":"https:\/\/www.showdowndisplays.eu\/es\/wp-json\/wp\/v2\/media?parent=5417"}],"curies":[{"name":"wp","href":"https:\/\/api.w.org\/{rel}","templated":true}]}}