{"id":5288,"date":"2020-11-18T12:38:19","date_gmt":"2020-11-18T12:38:19","guid":{"rendered":"https:\/\/www.showdowndisplays.eu\/marketing-support\/instructievideos\/"},"modified":"2022-09-23T06:40:25","modified_gmt":"2022-09-23T06:40:25","slug":"videos-instructivos","status":"publish","type":"page","link":"https:\/\/www.showdowndisplays.eu\/es\/apoyo-en-marketing\/videos-instructivos\/","title":{"rendered":"Videos Instructivos"},"content":{"rendered":"\n<p class=\"block-white-background\">Nuestro objetivo fundamental es convertirnos en su mejor socio. Nuestra dedicaci\u00f3n es fomentar su negocio. Una de las formas de conseguirlo es facilitando unos recursos de marketing creativos, tales como nuestros videos sobre productos.<br><br>Hemos preparado videos con instrucciones detalladas para asegurar la instalaci\u00f3n correcta de la gran parte de nuestros productos. Adem\u00e1s, estamos desarrollando un nuevo material para los productos que no dispon\u00edan de sus videos hasta ahora.<br><br>Los videos son neutros, sin ning\u00fan tipo de branding as\u00ed que puede utilizarlos en su plataforma usted mismo o puede ofrecerlos\u200b como un servicio para sus clientes. \u00a1Es beneficioso para usted y para sus clientes tambi\u00e9n!<\/p>\n\n\n\n<div class=\"wp-block-buttons is-layout-flex wp-block-buttons-is-layout-flex\">\n<div class=\"wp-block-button\"><a class=\"wp-block-button__link has-white-color has-text-color\" href=\"https:\/\/www.showdowndisplays.eu\/es\/video-embed-codes\/\">As\u00ed es como se colocan los v\u00eddeos en su plataforma<\/a><\/div>\n<\/div>\n\n\n\n\n","protected":false},"excerpt":{"rendered":"<p>Nuestro objetivo fundamental es convertirnos en su mejor socio. Nuestra dedicaci\u00f3n es fomentar su negocio. Una de las formas de&#8230;<\/p>\n","protected":false},"author":3,"featured_media":0,"parent":5277,"menu_order":0,"comment_status":"closed","ping_status":"closed","template":"template-pages\/videos.php","meta":{"_acf_changed":false,"footnotes":""},"class_list":["post-5288","page","type-page","status-publish","hentry"],"acf":[],"_links":{"self":[{"href":"https:\/\/www.showdowndisplays.eu\/es\/wp-json\/wp\/v2\/pages\/5288","targetHints":{"allow":["GET"]}}],"collection":[{"href":"https:\/\/www.showdowndisplays.eu\/es\/wp-json\/wp\/v2\/pages"}],"about":[{"href":"https:\/\/www.showdowndisplays.eu\/es\/wp-json\/wp\/v2\/types\/page"}],"author":[{"embeddable":true,"href":"https:\/\/www.showdowndisplays.eu\/es\/wp-json\/wp\/v2\/users\/3"}],"replies":[{"embeddable":true,"href":"https:\/\/www.showdowndisplays.eu\/es\/wp-json\/wp\/v2\/comments?post=5288"}],"version-history":[{"count":44,"href":"https:\/\/www.showdowndisplays.eu\/es\/wp-json\/wp\/v2\/pages\/5288\/revisions"}],"predecessor-version":[{"id":25412,"href":"https:\/\/www.showdowndisplays.eu\/es\/wp-json\/wp\/v2\/pages\/5288\/revisions\/25412"}],"up":[{"embeddable":true,"href":"https:\/\/www.showdowndisplays.eu\/es\/wp-json\/wp\/v2\/pages\/5277"}],"wp:attachment":[{"href":"https:\/\/www.showdowndisplays.eu\/es\/wp-json\/wp\/v2\/media?parent=5288"}],"curies":[{"name":"wp","href":"https:\/\/api.w.org\/{rel}","templated":true}]}}