{"id":5277,"date":"2020-11-19T14:59:13","date_gmt":"2020-11-19T14:59:13","guid":{"rendered":"https:\/\/www.showdowndisplays.eu\/marketing-support\/"},"modified":"2026-03-04T10:11:05","modified_gmt":"2026-03-04T10:11:05","slug":"apoyo-en-marketing","status":"publish","type":"page","link":"https:\/\/www.showdowndisplays.eu\/es\/apoyo-en-marketing\/","title":{"rendered":"Apoyo en Marketing"},"content":{"rendered":"\n<p class=\"block-white-background\"><strong>Estamos aqu\u00ed para usted.<\/strong> Le facilitaremos todo lo que necesita para promocionar nuestros productos a sus clientes y le ayudaremos a venderlos. Siendo nuestro cliente dispone de acceso a varias herramientas y servicios para optimizar sus ventas. \u00a1Insp\u00edrese gracias a nuestras ideas y sugerencias de ejemplos pr\u00e1cticos y creativos y no dude en emplearlos en su propio marketing! \u00a1Y eso no es todo! Siendo su mejor socio seguiremos ampliando nuestras herramientas y servicios de marketing.<br><br><strong>D\u00edganos, como podemos ayudarle para fomentar su negocio a\u00fan m\u00e1s.<\/strong><\/p>\n","protected":false},"excerpt":{"rendered":"<p>Estamos aqu\u00ed para usted. Le facilitaremos todo lo que necesita para promocionar nuestros productos a sus clientes y le ayudaremos&#8230;<\/p>\n","protected":false},"author":3,"featured_media":0,"parent":0,"menu_order":0,"comment_status":"closed","ping_status":"closed","template":"template-pages\/marketing-support.php","meta":{"_acf_changed":false,"footnotes":""},"class_list":["post-5277","page","type-page","status-publish","hentry"],"acf":[],"_links":{"self":[{"href":"https:\/\/www.showdowndisplays.eu\/es\/wp-json\/wp\/v2\/pages\/5277","targetHints":{"allow":["GET"]}}],"collection":[{"href":"https:\/\/www.showdowndisplays.eu\/es\/wp-json\/wp\/v2\/pages"}],"about":[{"href":"https:\/\/www.showdowndisplays.eu\/es\/wp-json\/wp\/v2\/types\/page"}],"author":[{"embeddable":true,"href":"https:\/\/www.showdowndisplays.eu\/es\/wp-json\/wp\/v2\/users\/3"}],"replies":[{"embeddable":true,"href":"https:\/\/www.showdowndisplays.eu\/es\/wp-json\/wp\/v2\/comments?post=5277"}],"version-history":[{"count":81,"href":"https:\/\/www.showdowndisplays.eu\/es\/wp-json\/wp\/v2\/pages\/5277\/revisions"}],"predecessor-version":[{"id":54456,"href":"https:\/\/www.showdowndisplays.eu\/es\/wp-json\/wp\/v2\/pages\/5277\/revisions\/54456"}],"wp:attachment":[{"href":"https:\/\/www.showdowndisplays.eu\/es\/wp-json\/wp\/v2\/media?parent=5277"}],"curies":[{"name":"wp","href":"https:\/\/api.w.org\/{rel}","templated":true}]}}