{"id":47453,"date":"2025-07-31T10:06:41","date_gmt":"2025-07-31T10:06:41","guid":{"rendered":"https:\/\/www.showdowndisplays.eu\/?page_id=47453"},"modified":"2025-08-01T05:55:57","modified_gmt":"2025-08-01T05:55:57","slug":"costos-de-palets","status":"publish","type":"page","link":"https:\/\/www.showdowndisplays.eu\/es\/costos-de-palets\/","title":{"rendered":"Costos de palets"},"content":{"rendered":"\n<p class=\"has-white-background-color has-background\"><strong>Pa\u00edses dentro del sistema de intercambio EPAL<\/strong> <br><em>Austria, B\u00e9lgica, Rep\u00fablica Checa, Alemania, Luxemburgo, Pa\u00edses Bajos, Polonia y Eslovaquia<\/em><br><br><strong>Palet Euro: <\/strong>No se calcular\u00e1n costes por palet.<br><strong>Palet XL:<\/strong> Los palets XL no entran dentro del sistema de intercambio EPAL. Se aplicar\u00e1 un cargo adicional por cada palet XL. Los costes var\u00edan entre 23,00 y 45,00 euros, dependiendo del tama\u00f1o del palet XL. Para m\u00e1s informaci\u00f3n, por favor consulte con su representante de ventas.<br><br>Todos los costes por palet se a\u00f1adir\u00e1n despu\u00e9s de la confirmaci\u00f3n del pedido. <sub>\u00a0<\/sub><\/p>\n\n\n\n<p class=\"has-white-background-color has-background\"><strong>Pa\u00edses fuera del sistema de intercambio EPAL <\/strong><br><em>Todos los dem\u00e1s pa\u00edses no mencionados anteriormente. <\/em><br><br><strong>Palet Euro: <\/strong>Se calcular\u00e1n 6,50 euros por cada palet EPAL.<br><strong>Palet XL: <\/strong>Se aplicar\u00e1 un cargo adicional por cada palet XL. Los costes var\u00edan entre 23,00 y 45,00 euros, dependiendo del tama\u00f1o del palet XL. Para m\u00e1s informaci\u00f3n, por favor consulte con su representante de ventas.<br><br>Todos los costes por palet se a\u00f1adir\u00e1n despu\u00e9s de la confirmaci\u00f3n del pedido.<\/p>\n\n\n\n<p class=\"has-text-align-center has-white-background-color has-background\">Haga <a href=\"https:\/\/www.showdowndisplays.eu\/es\/parcel-shipping-price-conditions\/\">clic aqu\u00ed<\/a> para ver el resumen de los costes de env\u00edo. <\/p>\n\n\n\n\n","protected":false},"excerpt":{"rendered":"<p>Pa\u00edses dentro del sistema de intercambio EPAL Austria, B\u00e9lgica, Rep\u00fablica Checa, Alemania, Luxemburgo, Pa\u00edses Bajos, Polonia y Eslovaquia Palet Euro:&#8230;<\/p>\n","protected":false},"author":12,"featured_media":0,"parent":0,"menu_order":0,"comment_status":"closed","ping_status":"closed","template":"","meta":{"_acf_changed":false,"footnotes":""},"class_list":["post-47453","page","type-page","status-publish","hentry"],"acf":[],"_links":{"self":[{"href":"https:\/\/www.showdowndisplays.eu\/es\/wp-json\/wp\/v2\/pages\/47453","targetHints":{"allow":["GET"]}}],"collection":[{"href":"https:\/\/www.showdowndisplays.eu\/es\/wp-json\/wp\/v2\/pages"}],"about":[{"href":"https:\/\/www.showdowndisplays.eu\/es\/wp-json\/wp\/v2\/types\/page"}],"author":[{"embeddable":true,"href":"https:\/\/www.showdowndisplays.eu\/es\/wp-json\/wp\/v2\/users\/12"}],"replies":[{"embeddable":true,"href":"https:\/\/www.showdowndisplays.eu\/es\/wp-json\/wp\/v2\/comments?post=47453"}],"version-history":[{"count":3,"href":"https:\/\/www.showdowndisplays.eu\/es\/wp-json\/wp\/v2\/pages\/47453\/revisions"}],"predecessor-version":[{"id":47524,"href":"https:\/\/www.showdowndisplays.eu\/es\/wp-json\/wp\/v2\/pages\/47453\/revisions\/47524"}],"wp:attachment":[{"href":"https:\/\/www.showdowndisplays.eu\/es\/wp-json\/wp\/v2\/media?parent=47453"}],"curies":[{"name":"wp","href":"https:\/\/api.w.org\/{rel}","templated":true}]}}