{"id":35157,"date":"2024-04-26T12:30:51","date_gmt":"2024-04-26T12:30:51","guid":{"rendered":"https:\/\/www.showdowndisplays.eu\/?page_id=35157"},"modified":"2025-07-07T07:39:39","modified_gmt":"2025-07-07T07:39:39","slug":"impresion-en-latex","status":"publish","type":"page","link":"https:\/\/www.showdowndisplays.eu\/es\/servicio-de-impresion\/impresion-en-latex\/","title":{"rendered":"Impresi\u00f3n en l\u00e1tex"},"content":{"rendered":"\n<div class=\"wp-block-media-text alignwide has-media-on-the-right is-stacked-on-mobile is-image-fill-element image-text-2\"><div class=\"wp-block-media-text__content\">\n<h2 class=\"wp-block-heading\">Impresi\u00f3n en l\u00e1tex<\/h2>\n\n\n\n<p>Impresi\u00f3n en l\u00e1tex es una tecnolog\u00eda de impresi\u00f3n de alta calidad relativamente nueva. Utiliza las tintas con base de agua y ofrece una gran calidad de impresi\u00f3n y de colores, adem\u00e1s es un proceso de fabricaci\u00f3n r\u00e1pido. La tinta crea una capa de pl\u00e1stico encima del medio de impresi\u00f3n. De esta forma se consigue un resultado muy estable e impermeable.<\/p>\n\n\n\n<p>Impresi\u00f3n en l\u00e1tex representa una manera de imprimir m\u00e1s ecol\u00f3gica en comparaci\u00f3n con las impresoras UV convencionales. Dependiendo de qu\u00e9 material de impresi\u00f3n se trata posee la certificaci\u00f3n ign\u00edfuga y es apto para el uso en el exterior. En nuestras instalaciones tenemos la capacidad de fabricar las gr\u00e1ficas hasta 1600 mm de ancho.<\/p>\n\n\n\n<p><strong>Eco Materiales de Impresi\u00f3n<\/strong><br>&#8220;Aspirar a un impacto positivo en la sociedad y el medio ambiente&#8221;. \u00a1Eso es nuestro objetivo! Siendo el fabricante y proveedor de materiales impresos que le suministra el paquete completo a usted y a sus clientes, es importante detectar donde podemos mejorar. \u00a1Por eso le ofrecemos impresiones ecol\u00f3gicas!<\/p>\n<\/div><figure class=\"wp-block-media-text__media\"><img data-aspectratio=\"853\/568\" src=\"data:image\/gif;base64,R0lGODlhAQABAIAAAAAAAP\/\/\/yH5BAEAAAAALAAAAAABAAEAAAIBRAA7\" decoding=\"async\" width=\"853\" height=\"568\" data-src=\"https:\/\/www.showdowndisplays.eu\/wp-content\/uploads\/2021\/07\/Latex-printer-2.jpg\" alt=\"\" class=\"wp-image-13212 size-full lazyload\" style=\"object-position:0% 51%\" data-srcset=\"https:\/\/www.showdowndisplays.eu\/wp-content\/uploads\/2021\/07\/Latex-printer-2.jpg 853w, https:\/\/www.showdowndisplays.eu\/wp-content\/uploads\/2021\/07\/Latex-printer-2-405x270.jpg 405w, https:\/\/www.showdowndisplays.eu\/wp-content\/uploads\/2021\/07\/Latex-printer-2-768x511.jpg 768w, https:\/\/www.showdowndisplays.eu\/wp-content\/uploads\/2021\/07\/Latex-printer-2-380x253.jpg 380w, https:\/\/www.showdowndisplays.eu\/wp-content\/uploads\/2021\/07\/Latex-printer-2-96x64.jpg 96w, https:\/\/www.showdowndisplays.eu\/wp-content\/uploads\/2021\/07\/Latex-printer-2-200x133.jpg 200w\" sizes=\"(max-width: 853px) 100vw, 853px\" \/><noscript><img decoding=\"async\" width=\"853\" height=\"568\" src=\"https:\/\/www.showdowndisplays.eu\/wp-content\/uploads\/2021\/07\/Latex-printer-2.jpg\" alt=\"\" class=\"wp-image-13212 size-full\" style=\"object-position:0% 51%\" srcset=\"https:\/\/www.showdowndisplays.eu\/wp-content\/uploads\/2021\/07\/Latex-printer-2.jpg 853w, https:\/\/www.showdowndisplays.eu\/wp-content\/uploads\/2021\/07\/Latex-printer-2-405x270.jpg 405w, https:\/\/www.showdowndisplays.eu\/wp-content\/uploads\/2021\/07\/Latex-printer-2-768x511.jpg 768w, https:\/\/www.showdowndisplays.eu\/wp-content\/uploads\/2021\/07\/Latex-printer-2-380x253.jpg 380w, https:\/\/www.showdowndisplays.eu\/wp-content\/uploads\/2021\/07\/Latex-printer-2-96x64.jpg 96w, https:\/\/www.showdowndisplays.eu\/wp-content\/uploads\/2021\/07\/Latex-printer-2-200x133.jpg 200w\" sizes=\"(max-width: 853px) 100vw, 853px\" \/><\/noscript><\/figure><\/div>\n\n\n\n<h2 class=\"wp-block-heading has-text-align-center\">Imprimido por<\/h2>\n\n\n\r\n\r\n    <div class=\"quick-products-wrapper\">\r\n        <div id=\"quick-productsblock_7ad465f72478d5af8ffe653e54c34023\" class=\"quick-products\">\r\n                                                                <a href=\"https:\/\/www.showdowndisplays.eu\/es\/servicio-de-impresion\/conozca-a-nuestras-impresoras-y-cortadoras\/\" class=\"quick-products__item\">\r\n                        <span class=\"quick-products__image\">\r\n                            <img data-aspectratio=\"800\/508\" decoding=\"async\" width=\"800\" height=\"508\" data-aspectratio=\"800\/508\" src=\"data:image\/gif;base64,R0lGODlhAQABAIAAAAAAAP\/\/\/yH5BAEAAAAALAAAAAABAAEAAAIBRAA7\" data-src=\"https:\/\/www.showdowndisplays.eu\/wp-content\/uploads\/2021\/04\/HP-Latex-570-printer-2.jpg\" class=\"attachment-full size-full lazyload\" alt=\" width\" data-srcset=\"https:\/\/www.showdowndisplays.eu\/wp-content\/uploads\/2021\/04\/HP-Latex-570-printer-2.jpg 800w, https:\/\/www.showdowndisplays.eu\/wp-content\/uploads\/2021\/04\/HP-Latex-570-printer-2-425x270.jpg 425w, https:\/\/www.showdowndisplays.eu\/wp-content\/uploads\/2021\/04\/HP-Latex-570-printer-2-768x488.jpg 768w, https:\/\/www.showdowndisplays.eu\/wp-content\/uploads\/2021\/04\/HP-Latex-570-printer-2-380x241.jpg 380w, https:\/\/www.showdowndisplays.eu\/wp-content\/uploads\/2021\/04\/HP-Latex-570-printer-2-96x61.jpg 96w, https:\/\/www.showdowndisplays.eu\/wp-content\/uploads\/2021\/04\/HP-Latex-570-printer-2-200x127.jpg 200w\" sizes=\"(max-width: 800px) 100vw, 800px\" \/><noscript><img decoding=\"async\" width=\"800\" height=\"508\" data-aspectratio=\"800\/508\" src=\"data:image\/gif;base64,R0lGODlhAQABAIAAAAAAAP\/\/\/yH5BAEAAAAALAAAAAABAAEAAAIBRAA7\" data-src=\"https:\/\/www.showdowndisplays.eu\/wp-content\/uploads\/2021\/04\/HP-Latex-570-printer-2.jpg\" class=\"attachment-full size-full lazyload\" alt=\" width\" data-srcset=\"https:\/\/www.showdowndisplays.eu\/wp-content\/uploads\/2021\/04\/HP-Latex-570-printer-2.jpg 800w, https:\/\/www.showdowndisplays.eu\/wp-content\/uploads\/2021\/04\/HP-Latex-570-printer-2-425x270.jpg 425w, https:\/\/www.showdowndisplays.eu\/wp-content\/uploads\/2021\/04\/HP-Latex-570-printer-2-768x488.jpg 768w, https:\/\/www.showdowndisplays.eu\/wp-content\/uploads\/2021\/04\/HP-Latex-570-printer-2-380x241.jpg 380w, https:\/\/www.showdowndisplays.eu\/wp-content\/uploads\/2021\/04\/HP-Latex-570-printer-2-96x61.jpg 96w, https:\/\/www.showdowndisplays.eu\/wp-content\/uploads\/2021\/04\/HP-Latex-570-printer-2-200x127.jpg 200w\" sizes=\"(max-width: 800px) 100vw, 800px\" \/><\/noscript>                        <\/span>\r\n                        <span class=\"quick-products__title\">HP LATEX 570<\/span>\r\n                    <\/a>\r\n                                                        <a href=\"https:\/\/www.showdowndisplays.eu\/es\/servicio-de-impresion\/conozca-a-nuestras-impresoras-y-cortadoras\/\"  class=\"quick-products__view-all\">\r\n                    <span>Leer m\u00e1s<\/span>\r\n                <\/a>\r\n                    <\/div>\r\n    <\/div>\r\n\r\n\n\n    <div class=\"marketing\">\r\n                                <div class=\"marketing__item marketing__item--2\">\r\n\r\n                <div class=\"marketing__image\">\r\n                                    <\/div>\r\n                <div class=\"marketing__content-wrapper global-style\">\r\n                                        <div class=\"marketing__content\">\r\n                        <h4>Mayormente usado para<\/h4>\n<ul class=\"wp-block-list\">\n<li>P\u00f3sters<\/li>\n<li>Roll-Banners<\/li>\n<li>Marcos de poster<\/li>\n<li>Marco LED<\/li>\n<li>Pegatinas (l\u00e1mina adhesiva)<\/li>\n<li>Mostrador Professional &amp; Magnetic<\/li>\n<\/ul>\n                    <\/div>\r\n                <\/div>\r\n\r\n                \r\n            <\/div>\r\n\r\n                                <div class=\"marketing__item marketing__item--2\">\r\n\r\n                <div class=\"marketing__image\">\r\n                                    <\/div>\r\n                <div class=\"marketing__content-wrapper global-style\">\r\n                                        <div class=\"marketing__content\">\r\n                        <h4>Materiales de impresi\u00f3n aptos<\/h4>\n<ul class=\"wp-block-list\">\n<li>Premium Poster Paper (Sin PVC) 135 g\/m<sup>2<\/sup><\/li>\n<li>Poster Backlit 285 g\/m<sup>2<\/sup><\/li>\n<li>Adhesive Foil 140 g\/m<sup>2<\/sup><\/li>\n<li>Symbio Banner PVC 510 g\/m<sup>2<\/sup><\/li>\n<li>Standard Multi Layer Material Banner 220 g\/m<sup>2<\/sup><\/li>\n<li>Polyester Greyback (Sin PVC) 270 g\/m<sup>2<\/sup><\/li>\n<li>Opaque Fabric (Sin PVC) 100% PES 265 g\/m<sup>2<\/sup><\/li>\n<li>Solid Flex (Sin PVC) 415 g\/m2<\/li>\n<\/ul>\n<p>Encuentre todo lo que necesita saber sobre nuestros materiales de impresi\u00f3n en <a href=\"https:\/\/www.showdowndisplays.eu\/wp-content\/uploads\/2025\/07\/Print-overview-2025-4.pdf\" target=\"_blank\" rel=\"noopener\">esta hoja de resumen<\/a>.<\/p>\n                    <\/div>\r\n                <\/div>\r\n\r\n                \r\n            <\/div>\r\n\r\n            <\/div>\r\n\n\n\n<div style=\"height:59px\" aria-hidden=\"true\" class=\"wp-block-spacer\"><\/div>\n\n\n\n<h2 class=\"wp-block-heading has-text-align-center\">P\u00e1ginas relacionadas<\/h2>\n\n\n    <div class=\"marketing\">\r\n                                <div class=\"marketing__item marketing__item--4\">\r\n\r\n                <div class=\"marketing__image\">\r\n                    <img data-aspectratio=\"380\/238\" decoding=\"async\" width=\"380\" height=\"238\" data-aspectratio=\"380\/238\" src=\"data:image\/gif;base64,R0lGODlhAQABAIAAAAAAAP\/\/\/yH5BAEAAAAALAAAAAABAAEAAAIBRAA7\" data-src=\"https:\/\/www.showdowndisplays.eu\/wp-content\/uploads\/2021\/08\/Print-services_related-pages-380x238.jpg\" class=\"attachment-about-us size-about-us lazyload\" alt=\" width\" data-srcset=\"https:\/\/www.showdowndisplays.eu\/wp-content\/uploads\/2021\/08\/Print-services_related-pages-380x238.jpg 380w, https:\/\/www.showdowndisplays.eu\/wp-content\/uploads\/2021\/08\/Print-services_related-pages-432x270.jpg 432w, https:\/\/www.showdowndisplays.eu\/wp-content\/uploads\/2021\/08\/Print-services_related-pages-768x480.jpg 768w, https:\/\/www.showdowndisplays.eu\/wp-content\/uploads\/2021\/08\/Print-services_related-pages-96x60.jpg 96w, https:\/\/www.showdowndisplays.eu\/wp-content\/uploads\/2021\/08\/Print-services_related-pages-200x125.jpg 200w, https:\/\/www.showdowndisplays.eu\/wp-content\/uploads\/2021\/08\/Print-services_related-pages.jpg 800w\" sizes=\"(max-width: 380px) 100vw, 380px\" \/><noscript><img decoding=\"async\" width=\"380\" height=\"238\" data-aspectratio=\"380\/238\" src=\"data:image\/gif;base64,R0lGODlhAQABAIAAAAAAAP\/\/\/yH5BAEAAAAALAAAAAABAAEAAAIBRAA7\" data-src=\"https:\/\/www.showdowndisplays.eu\/wp-content\/uploads\/2021\/08\/Print-services_related-pages-380x238.jpg\" class=\"attachment-about-us size-about-us lazyload\" alt=\" width\" data-srcset=\"https:\/\/www.showdowndisplays.eu\/wp-content\/uploads\/2021\/08\/Print-services_related-pages-380x238.jpg 380w, https:\/\/www.showdowndisplays.eu\/wp-content\/uploads\/2021\/08\/Print-services_related-pages-432x270.jpg 432w, https:\/\/www.showdowndisplays.eu\/wp-content\/uploads\/2021\/08\/Print-services_related-pages-768x480.jpg 768w, https:\/\/www.showdowndisplays.eu\/wp-content\/uploads\/2021\/08\/Print-services_related-pages-96x60.jpg 96w, https:\/\/www.showdowndisplays.eu\/wp-content\/uploads\/2021\/08\/Print-services_related-pages-200x125.jpg 200w, https:\/\/www.showdowndisplays.eu\/wp-content\/uploads\/2021\/08\/Print-services_related-pages.jpg 800w\" sizes=\"(max-width: 380px) 100vw, 380px\" \/><\/noscript>                <\/div>\r\n                <div class=\"marketing__content-wrapper global-style\">\r\n                                            <div class=\"marketing__title-wrapper\">\r\n                            <h3>Servicio de impresi\u00f3n<\/h3>\r\n                        <\/div>\r\n                                        <div class=\"marketing__content\">\r\n                                            <\/div>\r\n                <\/div>\r\n\r\n                                    <a href=\"https:\/\/www.showdowndisplays.eu\/es\/servicio-de-impresion\/\"  class=\"marketing__read-more link-with-arrow link-with-arrow--blue\">Leer m\u00e1s<\/a>\r\n                \r\n            <\/div>\r\n\r\n                                <div class=\"marketing__item marketing__item--4\">\r\n\r\n                <div class=\"marketing__image\">\r\n                    <img data-aspectratio=\"380\/238\" decoding=\"async\" width=\"380\" height=\"238\" data-aspectratio=\"380\/238\" src=\"data:image\/gif;base64,R0lGODlhAQABAIAAAAAAAP\/\/\/yH5BAEAAAAALAAAAAABAAEAAAIBRAA7\" data-src=\"https:\/\/www.showdowndisplays.eu\/wp-content\/uploads\/2024\/04\/VR5D-E-angle_380x238.png\" class=\"attachment-about-us size-about-us lazyload\" alt=\" width\" data-srcset=\"https:\/\/www.showdowndisplays.eu\/wp-content\/uploads\/2024\/04\/VR5D-E-angle_380x238.png 380w, https:\/\/www.showdowndisplays.eu\/wp-content\/uploads\/2024\/04\/VR5D-E-angle_380x238-96x60.png 96w, https:\/\/www.showdowndisplays.eu\/wp-content\/uploads\/2024\/04\/VR5D-E-angle_380x238-200x125.png 200w\" sizes=\"(max-width: 380px) 100vw, 380px\" \/><noscript><img decoding=\"async\" width=\"380\" height=\"238\" data-aspectratio=\"380\/238\" src=\"data:image\/gif;base64,R0lGODlhAQABAIAAAAAAAP\/\/\/yH5BAEAAAAALAAAAAABAAEAAAIBRAA7\" data-src=\"https:\/\/www.showdowndisplays.eu\/wp-content\/uploads\/2024\/04\/VR5D-E-angle_380x238.png\" class=\"attachment-about-us size-about-us lazyload\" alt=\" width\" data-srcset=\"https:\/\/www.showdowndisplays.eu\/wp-content\/uploads\/2024\/04\/VR5D-E-angle_380x238.png 380w, https:\/\/www.showdowndisplays.eu\/wp-content\/uploads\/2024\/04\/VR5D-E-angle_380x238-96x60.png 96w, https:\/\/www.showdowndisplays.eu\/wp-content\/uploads\/2024\/04\/VR5D-E-angle_380x238-200x125.png 200w\" sizes=\"(max-width: 380px) 100vw, 380px\" \/><\/noscript>                <\/div>\r\n                <div class=\"marketing__content-wrapper global-style\">\r\n                                            <div class=\"marketing__title-wrapper\">\r\n                            <h3>Conozca a nuestras impresoras<\/h3>\r\n                        <\/div>\r\n                                        <div class=\"marketing__content\">\r\n                                            <\/div>\r\n                <\/div>\r\n\r\n                                    <a href=\"https:\/\/www.showdowndisplays.eu\/es\/servicio-de-impresion\/conozca-a-nuestras-impresoras-y-cortadoras\/\"  class=\"marketing__read-more link-with-arrow link-with-arrow--blue\">Leer m\u00e1s<\/a>\r\n                \r\n            <\/div>\r\n\r\n                                <div class=\"marketing__item marketing__item--4\">\r\n\r\n                <div class=\"marketing__image\">\r\n                    <img data-aspectratio=\"380\/238\" decoding=\"async\" width=\"380\" height=\"238\" data-aspectratio=\"380\/238\" src=\"data:image\/gif;base64,R0lGODlhAQABAIAAAAAAAP\/\/\/yH5BAEAAAAALAAAAAABAAEAAAIBRAA7\" data-src=\"https:\/\/www.showdowndisplays.eu\/wp-content\/uploads\/2021\/07\/Print-template-grijze-achtergrond-380x238.png\" class=\"attachment-about-us size-about-us lazyload\" alt=\" width\" data-srcset=\"https:\/\/www.showdowndisplays.eu\/wp-content\/uploads\/2021\/07\/Print-template-grijze-achtergrond-380x238.png 380w, https:\/\/www.showdowndisplays.eu\/wp-content\/uploads\/2021\/07\/Print-template-grijze-achtergrond-432x270.png 432w, https:\/\/www.showdowndisplays.eu\/wp-content\/uploads\/2021\/07\/Print-template-grijze-achtergrond-768x480.png 768w, https:\/\/www.showdowndisplays.eu\/wp-content\/uploads\/2021\/07\/Print-template-grijze-achtergrond-96x60.png 96w, https:\/\/www.showdowndisplays.eu\/wp-content\/uploads\/2021\/07\/Print-template-grijze-achtergrond-200x125.png 200w, https:\/\/www.showdowndisplays.eu\/wp-content\/uploads\/2021\/07\/Print-template-grijze-achtergrond.png 800w\" sizes=\"(max-width: 380px) 100vw, 380px\" \/><noscript><img decoding=\"async\" width=\"380\" height=\"238\" data-aspectratio=\"380\/238\" src=\"data:image\/gif;base64,R0lGODlhAQABAIAAAAAAAP\/\/\/yH5BAEAAAAALAAAAAABAAEAAAIBRAA7\" data-src=\"https:\/\/www.showdowndisplays.eu\/wp-content\/uploads\/2021\/07\/Print-template-grijze-achtergrond-380x238.png\" class=\"attachment-about-us size-about-us lazyload\" alt=\" width\" data-srcset=\"https:\/\/www.showdowndisplays.eu\/wp-content\/uploads\/2021\/07\/Print-template-grijze-achtergrond-380x238.png 380w, https:\/\/www.showdowndisplays.eu\/wp-content\/uploads\/2021\/07\/Print-template-grijze-achtergrond-432x270.png 432w, https:\/\/www.showdowndisplays.eu\/wp-content\/uploads\/2021\/07\/Print-template-grijze-achtergrond-768x480.png 768w, https:\/\/www.showdowndisplays.eu\/wp-content\/uploads\/2021\/07\/Print-template-grijze-achtergrond-96x60.png 96w, https:\/\/www.showdowndisplays.eu\/wp-content\/uploads\/2021\/07\/Print-template-grijze-achtergrond-200x125.png 200w, https:\/\/www.showdowndisplays.eu\/wp-content\/uploads\/2021\/07\/Print-template-grijze-achtergrond.png 800w\" sizes=\"(max-width: 380px) 100vw, 380px\" \/><\/noscript>                <\/div>\r\n                <div class=\"marketing__content-wrapper global-style\">\r\n                                            <div class=\"marketing__title-wrapper\">\r\n                            <h3>Plantillas de impresi\u00f3n<\/h3>\r\n                        <\/div>\r\n                                        <div class=\"marketing__content\">\r\n                                            <\/div>\r\n                <\/div>\r\n\r\n                                    <a href=\"https:\/\/www.showdowndisplays.eu\/es\/apoyo-en-marketing\/informacion-practica\/\"  class=\"marketing__read-more link-with-arrow link-with-arrow--blue\">Leer m\u00e1s<\/a>\r\n                \r\n            <\/div>\r\n\r\n                                <div class=\"marketing__item marketing__item--4\">\r\n\r\n                <div class=\"marketing__image\">\r\n                    <img data-aspectratio=\"380\/238\" decoding=\"async\" width=\"380\" height=\"238\" data-aspectratio=\"380\/238\" src=\"data:image\/gif;base64,R0lGODlhAQABAIAAAAAAAP\/\/\/yH5BAEAAAAALAAAAAABAAEAAAIBRAA7\" data-src=\"https:\/\/www.showdowndisplays.eu\/wp-content\/uploads\/2021\/07\/Sample-box-verkleind-380x238.png\" class=\"attachment-about-us size-about-us lazyload\" alt=\" width\" data-srcset=\"https:\/\/www.showdowndisplays.eu\/wp-content\/uploads\/2021\/07\/Sample-box-verkleind-380x238.png 380w, https:\/\/www.showdowndisplays.eu\/wp-content\/uploads\/2021\/07\/Sample-box-verkleind-432x270.png 432w, https:\/\/www.showdowndisplays.eu\/wp-content\/uploads\/2021\/07\/Sample-box-verkleind-768x480.png 768w, https:\/\/www.showdowndisplays.eu\/wp-content\/uploads\/2021\/07\/Sample-box-verkleind-96x60.png 96w, https:\/\/www.showdowndisplays.eu\/wp-content\/uploads\/2021\/07\/Sample-box-verkleind-200x125.png 200w, https:\/\/www.showdowndisplays.eu\/wp-content\/uploads\/2021\/07\/Sample-box-verkleind.png 800w\" sizes=\"(max-width: 380px) 100vw, 380px\" \/><noscript><img decoding=\"async\" width=\"380\" height=\"238\" data-aspectratio=\"380\/238\" src=\"data:image\/gif;base64,R0lGODlhAQABAIAAAAAAAP\/\/\/yH5BAEAAAAALAAAAAABAAEAAAIBRAA7\" data-src=\"https:\/\/www.showdowndisplays.eu\/wp-content\/uploads\/2021\/07\/Sample-box-verkleind-380x238.png\" class=\"attachment-about-us size-about-us lazyload\" alt=\" width\" data-srcset=\"https:\/\/www.showdowndisplays.eu\/wp-content\/uploads\/2021\/07\/Sample-box-verkleind-380x238.png 380w, https:\/\/www.showdowndisplays.eu\/wp-content\/uploads\/2021\/07\/Sample-box-verkleind-432x270.png 432w, https:\/\/www.showdowndisplays.eu\/wp-content\/uploads\/2021\/07\/Sample-box-verkleind-768x480.png 768w, https:\/\/www.showdowndisplays.eu\/wp-content\/uploads\/2021\/07\/Sample-box-verkleind-96x60.png 96w, https:\/\/www.showdowndisplays.eu\/wp-content\/uploads\/2021\/07\/Sample-box-verkleind-200x125.png 200w, https:\/\/www.showdowndisplays.eu\/wp-content\/uploads\/2021\/07\/Sample-box-verkleind.png 800w\" sizes=\"(max-width: 380px) 100vw, 380px\" \/><\/noscript>                <\/div>\r\n                <div class=\"marketing__content-wrapper global-style\">\r\n                                            <div class=\"marketing__title-wrapper\">\r\n                            <h3>Print sample box<\/h3>\r\n                        <\/div>\r\n                                        <div class=\"marketing__content\">\r\n                                            <\/div>\r\n                <\/div>\r\n\r\n                                    <a href=\"https:\/\/www.showdowndisplays.eu\/es\/apoyo-en-marketing\/sus-muestras-de-producto\/\"  class=\"marketing__read-more link-with-arrow link-with-arrow--blue\">Leer m\u00e1s<\/a>\r\n                \r\n            <\/div>\r\n\r\n            <\/div>\r\n","protected":false},"excerpt":{"rendered":"<p>Impresi\u00f3n en l\u00e1tex Impresi\u00f3n en l\u00e1tex es una tecnolog\u00eda de impresi\u00f3n de alta calidad relativamente nueva. Utiliza las tintas con&#8230;<\/p>\n","protected":false},"author":5,"featured_media":0,"parent":14443,"menu_order":1,"comment_status":"closed","ping_status":"closed","template":"","meta":{"_acf_changed":false,"footnotes":""},"class_list":["post-35157","page","type-page","status-publish","hentry"],"acf":[],"_links":{"self":[{"href":"https:\/\/www.showdowndisplays.eu\/es\/wp-json\/wp\/v2\/pages\/35157","targetHints":{"allow":["GET"]}}],"collection":[{"href":"https:\/\/www.showdowndisplays.eu\/es\/wp-json\/wp\/v2\/pages"}],"about":[{"href":"https:\/\/www.showdowndisplays.eu\/es\/wp-json\/wp\/v2\/types\/page"}],"author":[{"embeddable":true,"href":"https:\/\/www.showdowndisplays.eu\/es\/wp-json\/wp\/v2\/users\/5"}],"replies":[{"embeddable":true,"href":"https:\/\/www.showdowndisplays.eu\/es\/wp-json\/wp\/v2\/comments?post=35157"}],"version-history":[{"count":9,"href":"https:\/\/www.showdowndisplays.eu\/es\/wp-json\/wp\/v2\/pages\/35157\/revisions"}],"predecessor-version":[{"id":46910,"href":"https:\/\/www.showdowndisplays.eu\/es\/wp-json\/wp\/v2\/pages\/35157\/revisions\/46910"}],"up":[{"embeddable":true,"href":"https:\/\/www.showdowndisplays.eu\/es\/wp-json\/wp\/v2\/pages\/14443"}],"wp:attachment":[{"href":"https:\/\/www.showdowndisplays.eu\/es\/wp-json\/wp\/v2\/media?parent=35157"}],"curies":[{"name":"wp","href":"https:\/\/api.w.org\/{rel}","templated":true}]}}