{"id":27541,"date":"2025-10-17T13:04:39","date_gmt":"2025-10-17T13:04:39","guid":{"rendered":"https:\/\/www.showdowndisplays.eu\/?page_id=27541"},"modified":"2025-10-17T13:04:39","modified_gmt":"2025-10-17T13:04:39","slug":"automatisation-and-webshop-upload","status":"publish","type":"page","link":"https:\/\/www.showdowndisplays.eu\/es\/apoyo-en-marketing\/automatisation-and-webshop-upload\/","title":{"rendered":"Automatizaci\u00f3n y f\u00e1cil en l\u00ednea"},"content":{"rendered":"\n<div class=\"wp-block-group block-white-background\"><div class=\"wp-block-group__inner-container is-layout-flow wp-block-group-is-layout-flow\">\n<div class=\"wp-block-group\"><div class=\"wp-block-group__inner-container is-layout-flow wp-block-group-is-layout-flow\">\n<h2 class=\"wp-block-heading\">Paquete de datos de producto<\/h2>\n\n\n\n<p>Desde nuestra Online Reseller Platform puede descargar toda la informaci\u00f3n sobre los productos para poder a\u00f1adirla f\u00e1cilmente a su p\u00e1gina web o tienda online. Pero para facilitarle este proceso a\u00fan m\u00e1s puede solicitar toda la informaci\u00f3n a trav\u00e9s del Paquete de datos de producto.<\/p>\n\n\n\n<div class=\"wp-block-columns is-layout-flex wp-container-core-columns-is-layout-9d6595d7 wp-block-columns-is-layout-flex\">\n<div class=\"wp-block-column is-layout-flow wp-block-column-is-layout-flow\">\n<p>El Paquete de datos de producto contiene:<\/p>\n\n\n\n<ul class=\"wp-block-list\">\n<li>Datos de producto de nuestro hardware, los accesorios y los productos de impresi\u00f3n<\/li>\n\n\n\n<li>Los c\u00f3digos SKU y EAN y las especificaciones del producto<\/li>\n\n\n\n<li>Los textos comerciales neutros sobre el producto disponibles en ingl\u00e9s, alem\u00e1n y holand\u00e9s<\/li>\n\n\n\n<li>Enlaces de las im\u00e1genes de productos que se pueden descargar de nuestra base de im\u00e1genes<\/li>\n\n\n\n<li>El listado de precios<\/li>\n<\/ul>\n\n\n\n<div class=\"wp-block-buttons is-layout-flex wp-block-buttons-is-layout-flex\">\n<div class=\"wp-block-button\"><a class=\"wp-block-button__link wp-element-button\" href=\"https:\/\/www.showdowndisplays.eu\/es\/request-product-data-package\/\" target=\"_blank\" rel=\"noreferrer noopener\">Pedir el Paquete de datos de producto<\/a><\/div>\n<\/div>\n<\/div>\n\n\n\n<div class=\"wp-block-column is-layout-flow wp-block-column-is-layout-flow\"><div class=\"wp-block-image\">\n<figure class=\"aligncenter size-large is-resized\"><img data-aspectratio=\"1024\/1024\" src=\"data:image\/gif;base64,R0lGODlhAQABAIAAAAAAAP\/\/\/yH5BAEAAAAALAAAAAABAAEAAAIBRAA7\" decoding=\"async\" width=\"1024\" height=\"1024\" data-src=\"https:\/\/www.showdowndisplays.eu\/wp-content\/uploads\/2021\/08\/download-1915753_1280-1024x1024.png\" alt=\"\" class=\"wp-image-13315 lazyload\" style=\"width:227px;height:227px\" data-srcset=\"https:\/\/www.showdowndisplays.eu\/wp-content\/uploads\/2021\/08\/download-1915753_1280-1024x1024.png 1024w, https:\/\/www.showdowndisplays.eu\/wp-content\/uploads\/2021\/08\/download-1915753_1280-270x270.png 270w, https:\/\/www.showdowndisplays.eu\/wp-content\/uploads\/2021\/08\/download-1915753_1280-768x768.png 768w, https:\/\/www.showdowndisplays.eu\/wp-content\/uploads\/2021\/08\/download-1915753_1280-380x380.png 380w, https:\/\/www.showdowndisplays.eu\/wp-content\/uploads\/2021\/08\/download-1915753_1280-96x96.png 96w, https:\/\/www.showdowndisplays.eu\/wp-content\/uploads\/2021\/08\/download-1915753_1280-200x200.png 200w, https:\/\/www.showdowndisplays.eu\/wp-content\/uploads\/2021\/08\/download-1915753_1280.png 1280w\" sizes=\"(max-width: 1024px) 100vw, 1024px\" \/><noscript><img decoding=\"async\" width=\"1024\" height=\"1024\" src=\"https:\/\/www.showdowndisplays.eu\/wp-content\/uploads\/2021\/08\/download-1915753_1280-1024x1024.png\" alt=\"\" class=\"wp-image-13315\" style=\"width:227px;height:227px\" srcset=\"https:\/\/www.showdowndisplays.eu\/wp-content\/uploads\/2021\/08\/download-1915753_1280-1024x1024.png 1024w, https:\/\/www.showdowndisplays.eu\/wp-content\/uploads\/2021\/08\/download-1915753_1280-270x270.png 270w, https:\/\/www.showdowndisplays.eu\/wp-content\/uploads\/2021\/08\/download-1915753_1280-768x768.png 768w, https:\/\/www.showdowndisplays.eu\/wp-content\/uploads\/2021\/08\/download-1915753_1280-380x380.png 380w, https:\/\/www.showdowndisplays.eu\/wp-content\/uploads\/2021\/08\/download-1915753_1280-96x96.png 96w, https:\/\/www.showdowndisplays.eu\/wp-content\/uploads\/2021\/08\/download-1915753_1280-200x200.png 200w, https:\/\/www.showdowndisplays.eu\/wp-content\/uploads\/2021\/08\/download-1915753_1280.png 1280w\" sizes=\"(max-width: 1024px) 100vw, 1024px\" \/><\/noscript><\/figure>\n<\/div>\n\n\n\n<\/div>\n<\/div>\n<\/div><\/div>\n\n\n\n\n<\/div><\/div>\n\n\n\n<div class=\"wp-block-group alignwide\"><div class=\"wp-block-group__inner-container is-layout-constrained wp-block-group-is-layout-constrained\">\n<div class=\"wp-block-group alignwide image-text-2\"><div class=\"wp-block-group__inner-container is-layout-constrained wp-block-group-is-layout-constrained\">\n<div class=\"wp-block-group alignwide block-white-background\"><div class=\"wp-block-group__inner-container is-layout-constrained wp-block-group-is-layout-constrained\">\n<h2 class=\"wp-block-heading\">Conexi\u00f3n API<\/h2>\n\n\n\n<p>\u00bfLe gustar\u00eda automatizar y acelerar su proceso de pedido? Entonces tenemos una gran soluci\u00f3n para usted. Le ofrecemos una &#8220;soluci\u00f3n API de pedidos&#8221; muy sencilla para conectar su sistema ERP o tienda web a nuestro sistema ERP. De esta forma podemos gestionar sus pedidos mucho m\u00e1s r\u00e1pido, y usted puede proporcionar a su cliente una actualizaci\u00f3n sobre el pedido o el seguimiento tan pronto como enviemos el pedido. F\u00e1cil, \u00bfverdad?&nbsp;<\/p>\n\n\n\n<div class=\"wp-block-media-text alignwide is-stacked-on-mobile\" style=\"grid-template-columns:42% auto\"><figure class=\"wp-block-media-text__media\"><img data-aspectratio=\"580\/387\" src=\"data:image\/gif;base64,R0lGODlhAQABAIAAAAAAAP\/\/\/yH5BAEAAAAALAAAAAABAAEAAAIBRAA7\" decoding=\"async\" width=\"580\" height=\"387\" data-src=\"https:\/\/www.showdowndisplays.eu\/wp-content\/uploads\/2023\/04\/API_Connection-1.jpg\" alt=\"\" class=\"wp-image-27607 size-full lazyload\" data-srcset=\"https:\/\/www.showdowndisplays.eu\/wp-content\/uploads\/2023\/04\/API_Connection-1.jpg 580w, https:\/\/www.showdowndisplays.eu\/wp-content\/uploads\/2023\/04\/API_Connection-1-405x270.jpg 405w, https:\/\/www.showdowndisplays.eu\/wp-content\/uploads\/2023\/04\/API_Connection-1-380x254.jpg 380w, https:\/\/www.showdowndisplays.eu\/wp-content\/uploads\/2023\/04\/API_Connection-1-96x64.jpg 96w, https:\/\/www.showdowndisplays.eu\/wp-content\/uploads\/2023\/04\/API_Connection-1-200x133.jpg 200w\" sizes=\"(max-width: 580px) 100vw, 580px\" \/><noscript><img decoding=\"async\" width=\"580\" height=\"387\" src=\"https:\/\/www.showdowndisplays.eu\/wp-content\/uploads\/2023\/04\/API_Connection-1.jpg\" alt=\"\" class=\"wp-image-27607 size-full\" srcset=\"https:\/\/www.showdowndisplays.eu\/wp-content\/uploads\/2023\/04\/API_Connection-1.jpg 580w, https:\/\/www.showdowndisplays.eu\/wp-content\/uploads\/2023\/04\/API_Connection-1-405x270.jpg 405w, https:\/\/www.showdowndisplays.eu\/wp-content\/uploads\/2023\/04\/API_Connection-1-380x254.jpg 380w, https:\/\/www.showdowndisplays.eu\/wp-content\/uploads\/2023\/04\/API_Connection-1-96x64.jpg 96w, https:\/\/www.showdowndisplays.eu\/wp-content\/uploads\/2023\/04\/API_Connection-1-200x133.jpg 200w\" sizes=\"(max-width: 580px) 100vw, 580px\" \/><\/noscript><\/figure><div class=\"wp-block-media-text__content\">\n<p>Nuestra m\u00e1xima prioridad es ofrecer un servicio extraordinario y ser un socio fiable. Somos su destino ideal para realizar compras en un solo lugar con env\u00edos directos neutrales a su cliente. Y disponer de una conexi\u00f3n API directamente conectada a su sistema ERP es una de las posibilidades que ofrecemos para que este trabajo sea f\u00e1cil, r\u00e1pido y sin complicaciones.<\/p>\n<\/div><\/div>\n\n\n\n\n\n\n\n<p><strong>\u00bfC\u00f3mo funciona?<\/strong><\/p>\n\n\n\n<ol class=\"wp-block-list\">\n<li>Env\u00ede su pedido a trav\u00e9s de la conexi\u00f3n API desde su sistema ERP o sitio web a nuestro sistema ERP.<\/li>\n\n\n\n<li>Nosotros procesamos su pedido y lo enviamos. Podemos enviarlo de forma neutral directamente a su cliente o a su almac\u00e9n<\/li>\n\n\n\n<li>Recibir\u00e1 de nosotros el estado actualizado del pedido y su seguimiento<\/li>\n\n\n\n<li>Usted o su cliente reciben el pedido lo antes posible<\/li>\n<\/ol>\n\n\n\n<p>\u00bfDesea recibir m\u00e1s informaci\u00f3n sobre la API y las posibilidades de automatizaci\u00f3n? Su persona de contacto experta en ventas estar\u00e1 encantada de hablar con usted sobre las posibilidades.<\/p>\n\n\n\n<p><em>Para poder discutir las posibilidades de integrar una conexi\u00f3n API, el volumen de pedidos tiene que ser como m\u00ednimo de 300 pedidos al a\u00f1o.<\/em><\/p>\n\n\n\n<div class=\"wp-block-buttons is-layout-flex wp-block-buttons-is-layout-flex\">\n<div class=\"wp-block-button\"><a class=\"wp-block-button__link wp-element-button\" href=\"mailto:quotation@showdowndisplays.eu\" target=\"_blank\" rel=\"noreferrer noopener\">Solicitar informaci\u00f3n sobre la conexi\u00f3n API<\/a><\/div>\n<\/div>\n<\/div><\/div>\n<\/div><\/div>\n<\/div><\/div>\n\n\n\n\n\n\n\n<div class=\"wp-block-media-text alignwide is-stacked-on-mobile\"><figure class=\"wp-block-media-text__media\"><\/figure><div class=\"wp-block-media-text__content\">\n\n<\/div><\/div>\n\n\n\n<div class=\"wp-block-media-text alignwide is-stacked-on-mobile\"><figure class=\"wp-block-media-text__media\"><\/figure><div class=\"wp-block-media-text__content\">\n\n<\/div><\/div>\n","protected":false},"excerpt":{"rendered":"<p>Paquete de datos de producto Desde nuestra Online Reseller Platform puede descargar toda la informaci\u00f3n sobre los productos para poder&#8230;<\/p>\n","protected":false},"author":5,"featured_media":0,"parent":5277,"menu_order":0,"comment_status":"closed","ping_status":"closed","template":"","meta":{"_acf_changed":false,"footnotes":""},"class_list":["post-27541","page","type-page","status-publish","hentry"],"acf":[],"_links":{"self":[{"href":"https:\/\/www.showdowndisplays.eu\/es\/wp-json\/wp\/v2\/pages\/27541","targetHints":{"allow":["GET"]}}],"collection":[{"href":"https:\/\/www.showdowndisplays.eu\/es\/wp-json\/wp\/v2\/pages"}],"about":[{"href":"https:\/\/www.showdowndisplays.eu\/es\/wp-json\/wp\/v2\/types\/page"}],"author":[{"embeddable":true,"href":"https:\/\/www.showdowndisplays.eu\/es\/wp-json\/wp\/v2\/users\/5"}],"replies":[{"embeddable":true,"href":"https:\/\/www.showdowndisplays.eu\/es\/wp-json\/wp\/v2\/comments?post=27541"}],"version-history":[{"count":2,"href":"https:\/\/www.showdowndisplays.eu\/es\/wp-json\/wp\/v2\/pages\/27541\/revisions"}],"predecessor-version":[{"id":49277,"href":"https:\/\/www.showdowndisplays.eu\/es\/wp-json\/wp\/v2\/pages\/27541\/revisions\/49277"}],"up":[{"embeddable":true,"href":"https:\/\/www.showdowndisplays.eu\/es\/wp-json\/wp\/v2\/pages\/5277"}],"wp:attachment":[{"href":"https:\/\/www.showdowndisplays.eu\/es\/wp-json\/wp\/v2\/media?parent=27541"}],"curies":[{"name":"wp","href":"https:\/\/api.w.org\/{rel}","templated":true}]}}